{"id":10342,"date":"2025-01-13T16:06:22","date_gmt":"2025-01-13T15:06:22","guid":{"rendered":"https:\/\/sapport.ppdevplayground.com\/?page_id=10342"},"modified":"2025-12-22T13:06:26","modified_gmt":"2025-12-22T12:06:26","slug":"tahrig-u-workshops-li-gejjin","status":"publish","type":"page","link":"https:\/\/sapport.gov.mt\/mt\/tahrig-u-workshops-li-gejjin\/","title":{"rendered":"Ta\u0127ri\u0121 u Workshops li \u0121ejjin"},"content":{"rendered":"<div class=\"banner align\">\n    <div id=\"banner-block_1c23710bf704a937ccc3078c1b1a170b\" class=\"block-banner\">\n\n\t    <div class=\"blend-mode multiply\">\n\t\t\n                        <div class=\"img inline-bg-image lazyload\" role=\"img\" aria-label=\"Team Building workshop\" style=\"background-image:inherit;\" data-bg-image=\"url(https:\/\/sapport.gov.mt\/wp-content\/uploads\/2025\/01\/SIL-Team-Building-064-scaled-e1736779560729.jpg)\"><\/div>\n\n            <div class=\"inner content\">\n\n                \n                <p class=\"breadcrumbs\"><span><span><a href=\"https:\/\/sapport.gov.mt\/mt\/\">Pa\u0121na<\/a><\/span><\/span><\/p>\n                <h1 class=\"h1 white\">Ta\u0127ri\u0121 u Workshops li \u0121ejjin<\/h1>\n                \n                                \n                                \n            <\/div>\n\n\t\t    <\/div>\n\t\n<\/div><\/div>\n\n<div class=\"tabs align\">\n    <div id=\"tabs-block_0e6cd3f02f97178b148f732f9bcc1215\" class=\"block-tabs\">\n    <div class=\"inner np flex-columns stretch\">\n\n        <div class=\"col-35 left-side\">\n\n            \n                        <ul id=\"tabs-nav\" class=\"tabs-nav\">\n                \n                    <li class=\"tab-title\">\n                        <a id=\"tari-u-workshops\" href=\"#tabs-content\" data-tab=\"#tab1\" class=\"tab-nav\">\n\n                                                                                        <img decoding=\"async\" class=\"tab-icon lazyload\" data-src=\"https:\/\/sapport.gov.mt\/wp-content\/uploads\/2022\/11\/Tenders-icon.svg\" alt=\"Folders icon\" src=\"data:image\/svg+xml;base64,PHN2ZyB3aWR0aD0iMSIgaGVpZ2h0PSIxIiB4bWxucz0iaHR0cDovL3d3dy53My5vcmcvMjAwMC9zdmciPjwvc3ZnPg==\" \/><span class=\"tab-title-text\">Ta\u0127ri\u0121 u Workshops<\/span>\n                        <\/a>\n                    <\/li>\n            \n                            <\/ul>\n            \n        <\/div>\n\n        <div class=\"col-65 right-side\">\n\n            \n                        <div id=\"tabs-content\" class=\"tabs-content\">\n                \n                <div id=\"tab1\" class=\"tab-content\">\n                \n                                                                    <div class=\"inner-section\">\n\n                            <h2 class=\"h4 nun blue\">Ta\u0127ri\u0121 u Workshops<\/h2>\n                            \n                            \n                            \n                            \n                            \n                                                        <div class=\"rows\">\n                                                                <div class=\"row flex-columns\">\n\n                                    <div class=\"text col-70\">Workshops g\u0127all-Missirijiet – 2026<\/div>\n\n                                    \n                                                                                                                <a class=\"link red col-30\" aria-label=\"Workshops g\u0127all-Missirijiet - 2026\" title=\"Workshops g\u0127all-Missirijiet - 2026\" href=\"https:\/\/sapport.gov.mt\/mt\/workshops-u-gruppi-ta-sostenn\/workshops-ghall-missirijiet\/\" target=\"\">Aktar informazzjoni <span class=\"corner-arrow right\"><\/span><\/a>\n                                    \n                                    \n                                                                        \n                                    \n                                                                        \n                                <\/div>\n                                                                <div class=\"row flex-columns\">\n\n                                    <div class=\"text col-70\">Gruppi ta\u2019 sostenn g\u0127all-persuni b\u2019acquired disability – 2026<\/div>\n\n                                    \n                                                                                                                <a class=\"link red col-30\" aria-label=\"Gruppi ta\u2019 sostenn g\u0127all-persuni b\u2019acquired disability - 2026\" title=\"Gruppi ta\u2019 sostenn g\u0127all-persuni b\u2019acquired disability - 2026\" href=\"https:\/\/sapport.gov.mt\/mt\/workshops-u-gruppi-ta-sostenn\/gruppi-ta-sostenn-ghall-persuni-bacquired-disability\/\" target=\"\">Aktar informazzjoni <span class=\"corner-arrow right\"><\/span><\/a>\n                                    \n                                    \n                                                                        \n                                    \n                                                                        \n                                <\/div>\n                                                            <\/div>\n                                                    <\/div>\n                                            \n                                        \n                    \n\n                                    \n                <\/div>\n\n                            <\/div>\n\n        <\/div>\n<\/div>\n<\/div>","protected":false},"excerpt":{"rendered":"","protected":false},"author":3,"featured_media":0,"parent":0,"menu_order":0,"comment_status":"closed","ping_status":"closed","template":"","meta":{"_acf_changed":false,"inline_featured_image":false,"footnotes":""},"categories":[],"class_list":["post-10342","page","type-page","status-publish","hentry"],"acf":[],"yoast_head":"<!-- This site is optimized with the Yoast SEO plugin v27.3 - https:\/\/yoast.com\/product\/yoast-seo-wordpress\/ -->\n<title>Ta\u0127ri\u0121 u Workshops li \u0121ejjin - Agenzija Sapport<\/title>\n<meta name=\"description\" content=\"Ing\u0127aqad mag\u0127na g\u0127al ta\u0127ri\u0121 u workshops li \u0121ejjin\" \/>\n<meta name=\"robots\" content=\"index, follow, max-snippet:-1, max-image-preview:large, max-video-preview:-1\" \/>\n<link rel=\"canonical\" href=\"https:\/\/sapport.gov.mt\/mt\/tahrig-u-workshops-li-gejjin\/\" \/>\n<meta property=\"og:locale\" content=\"mt_MT\" \/>\n<meta property=\"og:type\" content=\"article\" \/>\n<meta property=\"og:title\" content=\"Ta\u0127ri\u0121 u Workshops li \u0121ejjin - Agenzija Sapport\" \/>\n<meta property=\"og:description\" content=\"Ing\u0127aqad mag\u0127na g\u0127al ta\u0127ri\u0121 u workshops li \u0121ejjin\" \/>\n<meta property=\"og:url\" content=\"https:\/\/sapport.gov.mt\/mt\/tahrig-u-workshops-li-gejjin\/\" \/>\n<meta property=\"og:site_name\" content=\"Agenzija Sapport\" \/>\n<meta property=\"article:modified_time\" content=\"2025-12-22T12:06:26+00:00\" \/>\n<meta name=\"twitter:card\" content=\"summary_large_image\" \/>\n<meta name=\"twitter:label1\" content=\"Est. reading time\" \/>\n\t<meta name=\"twitter:data1\" content=\"1 minute\" \/>\n<script type=\"application\/ld+json\" class=\"yoast-schema-graph\">{\"@context\":\"https:\\\/\\\/schema.org\",\"@graph\":[{\"@type\":\"WebPage\",\"@id\":\"https:\\\/\\\/sapport.gov.mt\\\/mt\\\/tahrig-u-workshops-li-gejjin\\\/\",\"url\":\"https:\\\/\\\/sapport.gov.mt\\\/mt\\\/tahrig-u-workshops-li-gejjin\\\/\",\"name\":\"Ta\u0127ri\u0121 u Workshops li \u0121ejjin - Agenzija Sapport\",\"isPartOf\":{\"@id\":\"https:\\\/\\\/sapport.gov.mt\\\/mt\\\/#website\"},\"datePublished\":\"2025-01-13T15:06:22+00:00\",\"dateModified\":\"2025-12-22T12:06:26+00:00\",\"description\":\"Ing\u0127aqad mag\u0127na g\u0127al ta\u0127ri\u0121 u workshops li \u0121ejjin\",\"breadcrumb\":{\"@id\":\"https:\\\/\\\/sapport.gov.mt\\\/mt\\\/tahrig-u-workshops-li-gejjin\\\/#breadcrumb\"},\"inLanguage\":\"mt-MT\",\"potentialAction\":[{\"@type\":\"ReadAction\",\"target\":[\"https:\\\/\\\/sapport.gov.mt\\\/mt\\\/tahrig-u-workshops-li-gejjin\\\/\"]}]},{\"@type\":\"BreadcrumbList\",\"@id\":\"https:\\\/\\\/sapport.gov.mt\\\/mt\\\/tahrig-u-workshops-li-gejjin\\\/#breadcrumb\",\"itemListElement\":[{\"@type\":\"ListItem\",\"position\":1,\"name\":\"Pa\u0121na\",\"item\":\"https:\\\/\\\/sapport.gov.mt\\\/mt\\\/\"},{\"@type\":\"ListItem\",\"position\":2,\"name\":\"Ta\u0127ri\u0121 u Workshops li \u0121ejjin\"}]},{\"@type\":\"WebSite\",\"@id\":\"https:\\\/\\\/sapport.gov.mt\\\/mt\\\/#website\",\"url\":\"https:\\\/\\\/sapport.gov.mt\\\/mt\\\/\",\"name\":\"Agenzija Sapport\",\"description\":\"Providing Professional And Innovative Services To Enhance The Quality Of Life Of Persons With Disabilities\",\"publisher\":{\"@id\":\"https:\\\/\\\/sapport.gov.mt\\\/mt\\\/#organization\"},\"potentialAction\":[{\"@type\":\"SearchAction\",\"target\":{\"@type\":\"EntryPoint\",\"urlTemplate\":\"https:\\\/\\\/sapport.gov.mt\\\/mt\\\/?s={search_term_string}\"},\"query-input\":{\"@type\":\"PropertyValueSpecification\",\"valueRequired\":true,\"valueName\":\"search_term_string\"}}],\"inLanguage\":\"mt-MT\"},{\"@type\":\"Organization\",\"@id\":\"https:\\\/\\\/sapport.gov.mt\\\/mt\\\/#organization\",\"name\":\"A\u0121enzija Sapport\",\"alternateName\":\"Sapport Agency\",\"url\":\"https:\\\/\\\/sapport.gov.mt\\\/mt\\\/\",\"logo\":{\"@type\":\"ImageObject\",\"inLanguage\":\"mt-MT\",\"@id\":\"https:\\\/\\\/sapport.gov.mt\\\/mt\\\/#\\\/schema\\\/logo\\\/image\\\/\",\"url\":\"https:\\\/\\\/sapport.ppdevplayground.com\\\/wp-content\\\/uploads\\\/2022\\\/11\\\/site-logo.png\",\"contentUrl\":\"https:\\\/\\\/sapport.ppdevplayground.com\\\/wp-content\\\/uploads\\\/2022\\\/11\\\/site-logo.png\",\"width\":320,\"height\":178,\"caption\":\"A\u0121enzija Sapport\"},\"image\":{\"@id\":\"https:\\\/\\\/sapport.gov.mt\\\/mt\\\/#\\\/schema\\\/logo\\\/image\\\/\"}}]}<\/script>\n<!-- \/ Yoast SEO plugin. -->","yoast_head_json":{"title":"Ta\u0127ri\u0121 u Workshops li \u0121ejjin - Agenzija Sapport","description":"Ing\u0127aqad mag\u0127na g\u0127al ta\u0127ri\u0121 u workshops li \u0121ejjin","robots":{"index":"index","follow":"follow","max-snippet":"max-snippet:-1","max-image-preview":"max-image-preview:large","max-video-preview":"max-video-preview:-1"},"canonical":"https:\/\/sapport.gov.mt\/mt\/tahrig-u-workshops-li-gejjin\/","og_locale":"mt_MT","og_type":"article","og_title":"Ta\u0127ri\u0121 u Workshops li \u0121ejjin - Agenzija Sapport","og_description":"Ing\u0127aqad mag\u0127na g\u0127al ta\u0127ri\u0121 u workshops li \u0121ejjin","og_url":"https:\/\/sapport.gov.mt\/mt\/tahrig-u-workshops-li-gejjin\/","og_site_name":"Agenzija Sapport","article_modified_time":"2025-12-22T12:06:26+00:00","twitter_card":"summary_large_image","twitter_misc":{"Est. reading time":"1 minute"},"schema":{"@context":"https:\/\/schema.org","@graph":[{"@type":"WebPage","@id":"https:\/\/sapport.gov.mt\/mt\/tahrig-u-workshops-li-gejjin\/","url":"https:\/\/sapport.gov.mt\/mt\/tahrig-u-workshops-li-gejjin\/","name":"Ta\u0127ri\u0121 u Workshops li \u0121ejjin - Agenzija Sapport","isPartOf":{"@id":"https:\/\/sapport.gov.mt\/mt\/#website"},"datePublished":"2025-01-13T15:06:22+00:00","dateModified":"2025-12-22T12:06:26+00:00","description":"Ing\u0127aqad mag\u0127na g\u0127al ta\u0127ri\u0121 u workshops li \u0121ejjin","breadcrumb":{"@id":"https:\/\/sapport.gov.mt\/mt\/tahrig-u-workshops-li-gejjin\/#breadcrumb"},"inLanguage":"mt-MT","potentialAction":[{"@type":"ReadAction","target":["https:\/\/sapport.gov.mt\/mt\/tahrig-u-workshops-li-gejjin\/"]}]},{"@type":"BreadcrumbList","@id":"https:\/\/sapport.gov.mt\/mt\/tahrig-u-workshops-li-gejjin\/#breadcrumb","itemListElement":[{"@type":"ListItem","position":1,"name":"Pa\u0121na","item":"https:\/\/sapport.gov.mt\/mt\/"},{"@type":"ListItem","position":2,"name":"Ta\u0127ri\u0121 u Workshops li \u0121ejjin"}]},{"@type":"WebSite","@id":"https:\/\/sapport.gov.mt\/mt\/#website","url":"https:\/\/sapport.gov.mt\/mt\/","name":"Agenzija Sapport","description":"Providing Professional And Innovative Services To Enhance The Quality Of Life Of Persons With Disabilities","publisher":{"@id":"https:\/\/sapport.gov.mt\/mt\/#organization"},"potentialAction":[{"@type":"SearchAction","target":{"@type":"EntryPoint","urlTemplate":"https:\/\/sapport.gov.mt\/mt\/?s={search_term_string}"},"query-input":{"@type":"PropertyValueSpecification","valueRequired":true,"valueName":"search_term_string"}}],"inLanguage":"mt-MT"},{"@type":"Organization","@id":"https:\/\/sapport.gov.mt\/mt\/#organization","name":"A\u0121enzija Sapport","alternateName":"Sapport Agency","url":"https:\/\/sapport.gov.mt\/mt\/","logo":{"@type":"ImageObject","inLanguage":"mt-MT","@id":"https:\/\/sapport.gov.mt\/mt\/#\/schema\/logo\/image\/","url":"https:\/\/sapport.ppdevplayground.com\/wp-content\/uploads\/2022\/11\/site-logo.png","contentUrl":"https:\/\/sapport.ppdevplayground.com\/wp-content\/uploads\/2022\/11\/site-logo.png","width":320,"height":178,"caption":"A\u0121enzija Sapport"},"image":{"@id":"https:\/\/sapport.gov.mt\/mt\/#\/schema\/logo\/image\/"}}]}},"_links":{"self":[{"href":"https:\/\/sapport.gov.mt\/mt\/wp-json\/wp\/v2\/pages\/10342","targetHints":{"allow":["GET"]}}],"collection":[{"href":"https:\/\/sapport.gov.mt\/mt\/wp-json\/wp\/v2\/pages"}],"about":[{"href":"https:\/\/sapport.gov.mt\/mt\/wp-json\/wp\/v2\/types\/page"}],"author":[{"embeddable":true,"href":"https:\/\/sapport.gov.mt\/mt\/wp-json\/wp\/v2\/users\/3"}],"replies":[{"embeddable":true,"href":"https:\/\/sapport.gov.mt\/mt\/wp-json\/wp\/v2\/comments?post=10342"}],"version-history":[{"count":12,"href":"https:\/\/sapport.gov.mt\/mt\/wp-json\/wp\/v2\/pages\/10342\/revisions"}],"predecessor-version":[{"id":13165,"href":"https:\/\/sapport.gov.mt\/mt\/wp-json\/wp\/v2\/pages\/10342\/revisions\/13165"}],"wp:attachment":[{"href":"https:\/\/sapport.gov.mt\/mt\/wp-json\/wp\/v2\/media?parent=10342"}],"wp:term":[{"taxonomy":"category","embeddable":true,"href":"https:\/\/sapport.gov.mt\/mt\/wp-json\/wp\/v2\/categories?post=10342"}],"curies":[{"name":"wp","href":"https:\/\/api.w.org\/{rel}","templated":true}]}}