{"id":10565,"date":"2025-02-04T11:30:35","date_gmt":"2025-02-04T10:30:35","guid":{"rendered":"https:\/\/sapport.ppdevplayground.com\/?page_id=10565"},"modified":"2025-09-11T15:55:34","modified_gmt":"2025-09-11T13:55:34","slug":"intake-team","status":"publish","type":"page","link":"https:\/\/sapport.gov.mt\/mt\/servizzi\/intake-team\/","title":{"rendered":"Intake Team"},"content":{"rendered":"<div class=\"tabs-text align\">\n    <div id=\"tabs-text-block_cbe505065be687da86c5b5029a2a85c6\" class=\"block-tabs-text\">\n\n    <div class=\"blend-mode luminosity\">\n                <div class=\"img inline-bg-image lazyload\" role=\"img\" aria-label=\"Social worker speaking to a service user \" style=\"background-image:inherit;\" data-bg-image=\"url(https:\/\/sapport.gov.mt\/wp-content\/uploads\/2025\/02\/1aa89808-9e9a-4bd9-aebf-551a2c92c02d.jpg)\"><\/div>\n    <\/div>\n\n    <div class=\"inner np flex-columns stretch\">\n        <div class=\"col-35 left-side\">\n\n            \n            <p class=\"breadcrumbs\"><span><span><a href=\"https:\/\/sapport.gov.mt\/mt\/\">Pa\u0121na<\/a><\/span><\/span><\/p>\n            <h1 class=\"h1 white\">Intake Team<\/h1>\n\n            \n                        <ul id=\"tabs-nav\" class=\"tabs-nav\">\n                \n                    <li class=\"tab-title\">\n                        <a id=\"arsa-enerali\" href=\"#tabs-content\" data-tab=\"#tab1\" class=\"tab-nav\">\u0126arsa \u0120enerali<\/a>\n                    <\/li>\n            \n                \n                    <li class=\"tab-title\">\n                        <a id=\"eliibilit\" href=\"#tabs-content\" data-tab=\"#tab2\" class=\"tab-nav\">Eli\u0121ibilit\u00e0<\/a>\n                    <\/li>\n            \n                \n                    <li class=\"tab-title\">\n                        <a id=\"riferimenti\" href=\"#tabs-content\" data-tab=\"#tab3\" class=\"tab-nav\">Riferimenti<\/a>\n                    <\/li>\n            \n                            <\/ul>\n                    <\/div>\n\n        <div class=\"col-65 right-side\">\n            \n                        <div id=\"tabs-content\" class=\"tabs-content\">\n                                <div id=\"tab1\" class=\"tab-content\">\n                    <h2 class=\"h4\">\u0126arsa \u0120enerali<\/h2>\n                    <div class=\"post-content\"><p>It-tim tal-Intake huwa l-ewwel punt ta\u2019 kuntatt g\u0127al kull min jixtieq jitlob servizzi offruti fi \u0127dan A\u0121enzija Sapport. L-Intake huwa l-pro\u010bess inizjali tat-twassil tas-servizzi fi \u0127dan A\u0121enzija Sapport. Ir-rwol tas-servizz huwa li jappo\u0121\u0121ja lill-utenti prospettivi tas-servizzi u lill-qraba tag\u0127hom jew dawk li jie\u0127du \u0127siebhom biex jidentifikaw il-\u0127ti\u0121ijiet, jiddefinixxu l-g\u0127anijiet li jixtiequ jiksbu, u jikkunsidraw is-servizzi interni u esterni differenti disponibbli, li jistg\u0127u jkunu xierqa biex jg\u0127inuhom jil\u0127qu dawn il-\u0127ti\u0121ijiet u jiksbu l-g\u0127anijiet imsemmija.<\/p>\n<\/div>\n\n                                            \n                <\/div>\n                                <div id=\"tab2\" class=\"tab-content\">\n                    <h2 class=\"h4\">Eli\u0121ibilit\u00e0<\/h2>\n                    <div class=\"post-content\"><p>Matul il-kuntatt inizjali, it-tim ji\u017cgura li l-utent prospettiv tas-servizzi jissodisfa l-kriterji tal-eli\u0121ibilit\u00e0 tas-servizzi tal-A\u0121enzija, ji\u0121ifieri li:<\/p>\n<ul>\n<li>ikun hemm dijanjosi ta\u2019 di\u017cabilit\u00e0;<\/li>\n<li>l-et\u00e0 tal-utent tas-servizzi tkun bejn 0 u 60 sena;<\/li>\n<li>l-utent tas-servizzi jag\u0127ti l-kunsens tieg\u0127u biex jir\u010bievi l-appo\u0121\u0121.<\/li>\n<\/ul>\n<p>&nbsp;<\/p>\n<p>It-tim tal-Intake i\u017comm mal-valuri tal-A\u0121enzija u ja\u010b\u010berta li l-kapa\u010bit\u00e0 tal-utent tas-servizzi li jiddetermina xi triq se jie\u0127u, ti\u0121i pprattikata mill-fa\u017cijiet inizjali tat-twassil tas-servizz billi jie\u0127u l-fehmiet tal-utent dwar il-\u0127ti\u0121ijiet u l-g\u0127anijiet u jinkludih fil-formulazzjoni tal-pjan ta\u2019 azzjoni. Dan isir permezz ta\u2019 kuntatt stabbilit bejn il-professjonist tal-Intake u l-utent tas-servizzi, il-familja tal-utent, u professjonisti o\u0127ra involuti. Dan il-kuntatt jinkludi \u017cjarat wi\u010b\u010b imb wi\u010b\u010b, b\u0127al \u017cjarat fid-dar u interventi o\u0127ra meqjusa me\u0127tie\u0121a skont is-sitwazzjoni tal-utent tas-servizzi. Permezz ta\u2019 \u017cjarat b\u0127al dawn, il-professjonist tal-Intake jkun jista\u2019 ji\u0121bor l-informazzjoni me\u0127tie\u0121a biex jappo\u0121\u0121ja lill-utent tas-servizzi, li mbag\u0127ad jista\u2019 jkollu l-opportunit\u00e0 li jifhem a\u0127jar kwalunkwe servizz li hemm g\u0127ad-dispo\u017cizzjoni tieg\u0127u.<\/p>\n<\/div>\n\n                                            \n                <\/div>\n                                <div id=\"tab3\" class=\"tab-content\">\n                    <h2 class=\"h4\">Riferimenti<\/h2>\n                    <div class=\"post-content\"><p>It-tim tal-Intake li jir\u010bievi l-ka\u017cijiet \u0121odda jippro\u010bessa l-ka\u017cijiet kollha li jaslu minn servizzi prospettivi, il-familji u professjonisti o\u0127ra li je\u0127tie\u0121u kwalunkwe servizz fl-A\u0121enzija. Il-ka\u017cijiet kollha li jid\u0127lu ji\u0121u assessjati bir-reqqa mill-mexxejja tat-tim, li jidentifikaw liema servizz\/i l-individwu jista\u2019 jibbenifika minnu skont il-b\u017connijiet, interessi u x-xewqat tal-individwu.<\/p>\n<p>&nbsp;<\/p>\n<p>Il-pro\u010bess tal-intake jintemm billi jitfassal pjan bejn il-professjonist, it-tim tal-Intake u l-utent prospettiv tas-servizzi dwar kif jistg\u0127u ji\u0121u a\u010b\u010bessati s-servizzi mixtieqa biex jintla\u0127qu l-g\u0127anijiet maqbula. Il-professjonisti mbag\u0127ad ja\u0127dmu fuq ir-riferimenti me\u0127tie\u0121a u jwasslu lill-utent tas-servizzi g\u0127al servizzi o\u0127ra, kemm interni kif ukoll esterni, biex jappo\u0121\u0121jaw il-\u0127ti\u0121ijiet tag\u0127hom b\u2019mod effettiv.<\/p>\n<p>&nbsp;<\/p>\n<p><a href=\"https:\/\/sapport.gov.mt\/mt\/mistoqsijiet-frekwenti#intake-team\">Ag\u0127fas fuq din il-\u0127olqa g\u0127all-Mistoqsijiet Frekwenti (FAQs) dwar dan is-servizz<\/a><\/p>\n<\/div>\n\n                                            \n                <\/div>\n                            <\/div>\n                    \n        <\/div>\n\n    <\/div>\n<\/div><\/div>","protected":false},"excerpt":{"rendered":"<p>It-tim tal-Intake huwa l-ewwel punt ta\u2019 kuntatt g\u0127al kull min jixtieq jitlob servizzi offruti fi \u0127dan A\u0121enzija Sapport.<\/p>\n","protected":false},"author":3,"featured_media":10568,"parent":2105,"menu_order":3,"comment_status":"closed","ping_status":"closed","template":"","meta":{"_acf_changed":false,"inline_featured_image":false,"footnotes":""},"categories":[45],"class_list":["post-10565","page","type-page","status-publish","has-post-thumbnail","hentry","category-services-mt"],"acf":[],"yoast_head":"<!-- This site is optimized with the Yoast SEO plugin v27.4 - https:\/\/yoast.com\/product\/yoast-seo-wordpress\/ -->\n<title>Intake Team - Agenzija Sapport<\/title>\n<meta name=\"description\" content=\"It-tim tal-Intake huwa l-ewwel punt ta\u2019 kuntatt g\u0127al kull min jixtieq jitlob servizzi offruti fi \u0127dan A\u0121enzija Sapport.\" \/>\n<meta name=\"robots\" content=\"index, follow, max-snippet:-1, max-image-preview:large, max-video-preview:-1\" \/>\n<link rel=\"canonical\" href=\"https:\/\/sapport.gov.mt\/mt\/servizzi\/intake-team\/\" \/>\n<meta property=\"og:locale\" content=\"mt_MT\" \/>\n<meta property=\"og:type\" content=\"article\" \/>\n<meta property=\"og:title\" content=\"Intake Team - Agenzija Sapport\" \/>\n<meta property=\"og:description\" content=\"It-tim tal-Intake huwa l-ewwel punt ta\u2019 kuntatt g\u0127al kull min jixtieq jitlob servizzi offruti fi \u0127dan A\u0121enzija Sapport.\" \/>\n<meta property=\"og:url\" content=\"https:\/\/sapport.gov.mt\/mt\/servizzi\/intake-team\/\" \/>\n<meta property=\"og:site_name\" content=\"Agenzija Sapport\" \/>\n<meta property=\"article:modified_time\" content=\"2025-09-11T13:55:34+00:00\" \/>\n<meta property=\"og:image\" content=\"https:\/\/sapport.gov.mt\/wp-content\/uploads\/2025\/02\/1aa89808-9e9a-4bd9-aebf-551a2c92c02d.jpg\" \/>\n\t<meta property=\"og:image:width\" content=\"641\" \/>\n\t<meta property=\"og:image:height\" content=\"659\" \/>\n\t<meta property=\"og:image:type\" content=\"image\/jpeg\" \/>\n<meta name=\"twitter:card\" content=\"summary_large_image\" \/>\n<meta name=\"twitter:label1\" content=\"Est. reading time\" \/>\n\t<meta name=\"twitter:data1\" content=\"2 minutes\" \/>\n<script type=\"application\/ld+json\" class=\"yoast-schema-graph\">{\"@context\":\"https:\\\/\\\/schema.org\",\"@graph\":[{\"@type\":\"WebPage\",\"@id\":\"https:\\\/\\\/sapport.gov.mt\\\/mt\\\/servizzi\\\/intake-team\\\/\",\"url\":\"https:\\\/\\\/sapport.gov.mt\\\/mt\\\/servizzi\\\/intake-team\\\/\",\"name\":\"Intake Team - Agenzija Sapport\",\"isPartOf\":{\"@id\":\"https:\\\/\\\/sapport.gov.mt\\\/mt\\\/#website\"},\"primaryImageOfPage\":{\"@id\":\"https:\\\/\\\/sapport.gov.mt\\\/mt\\\/servizzi\\\/intake-team\\\/#primaryimage\"},\"image\":{\"@id\":\"https:\\\/\\\/sapport.gov.mt\\\/mt\\\/servizzi\\\/intake-team\\\/#primaryimage\"},\"thumbnailUrl\":\"https:\\\/\\\/sapport.gov.mt\\\/wp-content\\\/uploads\\\/2025\\\/02\\\/1aa89808-9e9a-4bd9-aebf-551a2c92c02d.jpg\",\"datePublished\":\"2025-02-04T10:30:35+00:00\",\"dateModified\":\"2025-09-11T13:55:34+00:00\",\"description\":\"It-tim tal-Intake huwa l-ewwel punt ta\u2019 kuntatt g\u0127al kull min jixtieq jitlob servizzi offruti fi \u0127dan A\u0121enzija Sapport.\",\"breadcrumb\":{\"@id\":\"https:\\\/\\\/sapport.gov.mt\\\/mt\\\/servizzi\\\/intake-team\\\/#breadcrumb\"},\"inLanguage\":\"mt-MT\",\"potentialAction\":[{\"@type\":\"ReadAction\",\"target\":[\"https:\\\/\\\/sapport.gov.mt\\\/mt\\\/servizzi\\\/intake-team\\\/\"]}]},{\"@type\":\"ImageObject\",\"inLanguage\":\"mt-MT\",\"@id\":\"https:\\\/\\\/sapport.gov.mt\\\/mt\\\/servizzi\\\/intake-team\\\/#primaryimage\",\"url\":\"https:\\\/\\\/sapport.gov.mt\\\/wp-content\\\/uploads\\\/2025\\\/02\\\/1aa89808-9e9a-4bd9-aebf-551a2c92c02d.jpg\",\"contentUrl\":\"https:\\\/\\\/sapport.gov.mt\\\/wp-content\\\/uploads\\\/2025\\\/02\\\/1aa89808-9e9a-4bd9-aebf-551a2c92c02d.jpg\",\"width\":641,\"height\":659,\"caption\":\"Social worker speaking to a service user\"},{\"@type\":\"BreadcrumbList\",\"@id\":\"https:\\\/\\\/sapport.gov.mt\\\/mt\\\/servizzi\\\/intake-team\\\/#breadcrumb\",\"itemListElement\":[{\"@type\":\"ListItem\",\"position\":1,\"name\":\"Pa\u0121na\",\"item\":\"https:\\\/\\\/sapport.gov.mt\\\/mt\\\/\"},{\"@type\":\"ListItem\",\"position\":2,\"name\":\"Servizzi\",\"item\":\"https:\\\/\\\/sapport.gov.mt\\\/mt\\\/servizzi\\\/\"},{\"@type\":\"ListItem\",\"position\":3,\"name\":\"Intake Team\"}]},{\"@type\":\"WebSite\",\"@id\":\"https:\\\/\\\/sapport.gov.mt\\\/mt\\\/#website\",\"url\":\"https:\\\/\\\/sapport.gov.mt\\\/mt\\\/\",\"name\":\"Agenzija Sapport\",\"description\":\"Providing Professional And Innovative Services To Enhance The Quality Of Life Of Persons With Disabilities\",\"publisher\":{\"@id\":\"https:\\\/\\\/sapport.gov.mt\\\/mt\\\/#organization\"},\"potentialAction\":[{\"@type\":\"SearchAction\",\"target\":{\"@type\":\"EntryPoint\",\"urlTemplate\":\"https:\\\/\\\/sapport.gov.mt\\\/mt\\\/?s={search_term_string}\"},\"query-input\":{\"@type\":\"PropertyValueSpecification\",\"valueRequired\":true,\"valueName\":\"search_term_string\"}}],\"inLanguage\":\"mt-MT\"},{\"@type\":\"Organization\",\"@id\":\"https:\\\/\\\/sapport.gov.mt\\\/mt\\\/#organization\",\"name\":\"A\u0121enzija Sapport\",\"alternateName\":\"Sapport Agency\",\"url\":\"https:\\\/\\\/sapport.gov.mt\\\/mt\\\/\",\"logo\":{\"@type\":\"ImageObject\",\"inLanguage\":\"mt-MT\",\"@id\":\"https:\\\/\\\/sapport.gov.mt\\\/mt\\\/#\\\/schema\\\/logo\\\/image\\\/\",\"url\":\"https:\\\/\\\/sapport.ppdevplayground.com\\\/wp-content\\\/uploads\\\/2022\\\/11\\\/site-logo.png\",\"contentUrl\":\"https:\\\/\\\/sapport.ppdevplayground.com\\\/wp-content\\\/uploads\\\/2022\\\/11\\\/site-logo.png\",\"width\":320,\"height\":178,\"caption\":\"A\u0121enzija Sapport\"},\"image\":{\"@id\":\"https:\\\/\\\/sapport.gov.mt\\\/mt\\\/#\\\/schema\\\/logo\\\/image\\\/\"}}]}<\/script>\n<!-- \/ Yoast SEO plugin. -->","yoast_head_json":{"title":"Intake Team - Agenzija Sapport","description":"It-tim tal-Intake huwa l-ewwel punt ta\u2019 kuntatt g\u0127al kull min jixtieq jitlob servizzi offruti fi \u0127dan A\u0121enzija Sapport.","robots":{"index":"index","follow":"follow","max-snippet":"max-snippet:-1","max-image-preview":"max-image-preview:large","max-video-preview":"max-video-preview:-1"},"canonical":"https:\/\/sapport.gov.mt\/mt\/servizzi\/intake-team\/","og_locale":"mt_MT","og_type":"article","og_title":"Intake Team - Agenzija Sapport","og_description":"It-tim tal-Intake huwa l-ewwel punt ta\u2019 kuntatt g\u0127al kull min jixtieq jitlob servizzi offruti fi \u0127dan A\u0121enzija Sapport.","og_url":"https:\/\/sapport.gov.mt\/mt\/servizzi\/intake-team\/","og_site_name":"Agenzija Sapport","article_modified_time":"2025-09-11T13:55:34+00:00","og_image":[{"width":641,"height":659,"url":"https:\/\/sapport.gov.mt\/wp-content\/uploads\/2025\/02\/1aa89808-9e9a-4bd9-aebf-551a2c92c02d.jpg","type":"image\/jpeg"}],"twitter_card":"summary_large_image","twitter_misc":{"Est. reading time":"2 minutes"},"schema":{"@context":"https:\/\/schema.org","@graph":[{"@type":"WebPage","@id":"https:\/\/sapport.gov.mt\/mt\/servizzi\/intake-team\/","url":"https:\/\/sapport.gov.mt\/mt\/servizzi\/intake-team\/","name":"Intake Team - Agenzija Sapport","isPartOf":{"@id":"https:\/\/sapport.gov.mt\/mt\/#website"},"primaryImageOfPage":{"@id":"https:\/\/sapport.gov.mt\/mt\/servizzi\/intake-team\/#primaryimage"},"image":{"@id":"https:\/\/sapport.gov.mt\/mt\/servizzi\/intake-team\/#primaryimage"},"thumbnailUrl":"https:\/\/sapport.gov.mt\/wp-content\/uploads\/2025\/02\/1aa89808-9e9a-4bd9-aebf-551a2c92c02d.jpg","datePublished":"2025-02-04T10:30:35+00:00","dateModified":"2025-09-11T13:55:34+00:00","description":"It-tim tal-Intake huwa l-ewwel punt ta\u2019 kuntatt g\u0127al kull min jixtieq jitlob servizzi offruti fi \u0127dan A\u0121enzija Sapport.","breadcrumb":{"@id":"https:\/\/sapport.gov.mt\/mt\/servizzi\/intake-team\/#breadcrumb"},"inLanguage":"mt-MT","potentialAction":[{"@type":"ReadAction","target":["https:\/\/sapport.gov.mt\/mt\/servizzi\/intake-team\/"]}]},{"@type":"ImageObject","inLanguage":"mt-MT","@id":"https:\/\/sapport.gov.mt\/mt\/servizzi\/intake-team\/#primaryimage","url":"https:\/\/sapport.gov.mt\/wp-content\/uploads\/2025\/02\/1aa89808-9e9a-4bd9-aebf-551a2c92c02d.jpg","contentUrl":"https:\/\/sapport.gov.mt\/wp-content\/uploads\/2025\/02\/1aa89808-9e9a-4bd9-aebf-551a2c92c02d.jpg","width":641,"height":659,"caption":"Social worker speaking to a service user"},{"@type":"BreadcrumbList","@id":"https:\/\/sapport.gov.mt\/mt\/servizzi\/intake-team\/#breadcrumb","itemListElement":[{"@type":"ListItem","position":1,"name":"Pa\u0121na","item":"https:\/\/sapport.gov.mt\/mt\/"},{"@type":"ListItem","position":2,"name":"Servizzi","item":"https:\/\/sapport.gov.mt\/mt\/servizzi\/"},{"@type":"ListItem","position":3,"name":"Intake Team"}]},{"@type":"WebSite","@id":"https:\/\/sapport.gov.mt\/mt\/#website","url":"https:\/\/sapport.gov.mt\/mt\/","name":"Agenzija Sapport","description":"Providing Professional And Innovative Services To Enhance The Quality Of Life Of Persons With Disabilities","publisher":{"@id":"https:\/\/sapport.gov.mt\/mt\/#organization"},"potentialAction":[{"@type":"SearchAction","target":{"@type":"EntryPoint","urlTemplate":"https:\/\/sapport.gov.mt\/mt\/?s={search_term_string}"},"query-input":{"@type":"PropertyValueSpecification","valueRequired":true,"valueName":"search_term_string"}}],"inLanguage":"mt-MT"},{"@type":"Organization","@id":"https:\/\/sapport.gov.mt\/mt\/#organization","name":"A\u0121enzija Sapport","alternateName":"Sapport Agency","url":"https:\/\/sapport.gov.mt\/mt\/","logo":{"@type":"ImageObject","inLanguage":"mt-MT","@id":"https:\/\/sapport.gov.mt\/mt\/#\/schema\/logo\/image\/","url":"https:\/\/sapport.ppdevplayground.com\/wp-content\/uploads\/2022\/11\/site-logo.png","contentUrl":"https:\/\/sapport.ppdevplayground.com\/wp-content\/uploads\/2022\/11\/site-logo.png","width":320,"height":178,"caption":"A\u0121enzija Sapport"},"image":{"@id":"https:\/\/sapport.gov.mt\/mt\/#\/schema\/logo\/image\/"}}]}},"_links":{"self":[{"href":"https:\/\/sapport.gov.mt\/mt\/wp-json\/wp\/v2\/pages\/10565","targetHints":{"allow":["GET"]}}],"collection":[{"href":"https:\/\/sapport.gov.mt\/mt\/wp-json\/wp\/v2\/pages"}],"about":[{"href":"https:\/\/sapport.gov.mt\/mt\/wp-json\/wp\/v2\/types\/page"}],"author":[{"embeddable":true,"href":"https:\/\/sapport.gov.mt\/mt\/wp-json\/wp\/v2\/users\/3"}],"replies":[{"embeddable":true,"href":"https:\/\/sapport.gov.mt\/mt\/wp-json\/wp\/v2\/comments?post=10565"}],"version-history":[{"count":3,"href":"https:\/\/sapport.gov.mt\/mt\/wp-json\/wp\/v2\/pages\/10565\/revisions"}],"predecessor-version":[{"id":12017,"href":"https:\/\/sapport.gov.mt\/mt\/wp-json\/wp\/v2\/pages\/10565\/revisions\/12017"}],"up":[{"embeddable":true,"href":"https:\/\/sapport.gov.mt\/mt\/wp-json\/wp\/v2\/pages\/2105"}],"wp:featuredmedia":[{"embeddable":true,"href":"https:\/\/sapport.gov.mt\/mt\/wp-json\/wp\/v2\/media\/10568"}],"wp:attachment":[{"href":"https:\/\/sapport.gov.mt\/mt\/wp-json\/wp\/v2\/media?parent=10565"}],"wp:term":[{"taxonomy":"category","embeddable":true,"href":"https:\/\/sapport.gov.mt\/mt\/wp-json\/wp\/v2\/categories?post=10565"}],"curies":[{"name":"wp","href":"https:\/\/api.w.org\/{rel}","templated":true}]}}