{"id":11252,"date":"2025-05-20T11:19:11","date_gmt":"2025-05-20T09:19:11","guid":{"rendered":"https:\/\/sapport.gov.mt\/?page_id=11252"},"modified":"2026-04-01T08:03:27","modified_gmt":"2026-04-01T06:03:27","slug":"blue-badge","status":"publish","type":"page","link":"https:\/\/sapport.gov.mt\/mt\/servizzi\/blue-badge\/","title":{"rendered":"Blue Badge"},"content":{"rendered":"<div class=\"tabs-text align\">\n    <div id=\"tabs-text-block_86dc6dc72868bdb1ba651beb903b58f3\" class=\"block-tabs-text\">\n\n    <div class=\"blend-mode luminosity\">\n                <div class=\"img inline-bg-image lazyload\" role=\"img\" aria-label=\"Wheelchair icon\" style=\"background-image:inherit;\" data-bg-image=\"url(https:\/\/sapport.gov.mt\/wp-content\/uploads\/2025\/05\/Website-service-tab-01.jpg)\"><\/div>\n    <\/div>\n\n    <div class=\"inner np flex-columns stretch\">\n        <div class=\"col-35 left-side\">\n\n            \n            <p class=\"breadcrumbs\"><span><span><a href=\"https:\/\/sapport.gov.mt\/mt\/\">Pa\u0121na<\/a><\/span><\/span><\/p>\n            <h1 class=\"h1 white\">Blue Badge<\/h1>\n\n            \n                        <ul id=\"tabs-nav\" class=\"tabs-nav\">\n                \n                    <li class=\"tab-title\">\n                        <a id=\"arsa-enerali\" href=\"#tabs-content\" data-tab=\"#tab1\" class=\"tab-nav\">\u0126arsa \u0120enerali<\/a>\n                    <\/li>\n            \n                \n                    <li class=\"tab-title\">\n                        <a id=\"dokumenti-metiea\" href=\"#tabs-content\" data-tab=\"#tab2\" class=\"tab-nav\">DOKUMENTI ME\u0126TIE\u0120A<\/a>\n                    <\/li>\n            \n                \n                    <li class=\"tab-title\">\n                        <a id=\"eliibilit\" href=\"#tabs-content\" data-tab=\"#tab3\" class=\"tab-nav\">Eli\u0121ibilit\u00e0<\/a>\n                    <\/li>\n            \n                \n                    <li class=\"tab-title\">\n                        <a id=\"blue-badges-imkagbrin-mitlufin-u-tterminati\" href=\"#tabs-content\" data-tab=\"#tab4\" class=\"tab-nav\">Blue Badges Imkag\u0127brin, Mitlufin u Tterminati<\/a>\n                    <\/li>\n            \n                \n                    <li class=\"tab-title\">\n                        <a id=\"avvii-importanti\" href=\"#tabs-content\" data-tab=\"#tab5\" class=\"tab-nav\">Avvi\u017ci importanti<\/a>\n                    <\/li>\n            \n                \n                    <li class=\"tab-title\">\n                        <a id=\"kif-gandek-tapplika\" href=\"#tabs-content\" data-tab=\"#tab6\" class=\"tab-nav\">KIF G\u0126ANDEK TAPPLIKA<\/a>\n                    <\/li>\n            \n                            <\/ul>\n                    <\/div>\n\n        <div class=\"col-65 right-side\">\n            \n                        <div id=\"tabs-content\" class=\"tabs-content\">\n                                <div id=\"tab1\" class=\"tab-content\">\n                    <h2 class=\"h4\">\u0126arsa \u0120enerali<\/h2>\n                    <div class=\"post-content\"><p>Il-Blue Badge hija dokument legali.<\/p>\n<p>&nbsp;<\/p>\n<p>Il-Blue Badge tippermetti lis-sidien tag\u0127ha jipparkjaw il-vettura li jkunu qeg\u0127din fiha f\u2019postijiet ta\u2019 parke\u0121\u0121 komunali riservat g\u0127al dawk li g\u0127andhom Blue Badge, bid-dokument tal-Blue Badge mpo\u0121\u0121i b\u2019mod prominenti mal-windscreen.<\/p>\n<p>&nbsp;<\/p>\n<p>Id-dokument tal-Blue Badge jin\u0127are\u0121 minn A\u0121enzija Sapport g\u0127all-applikanti eli\u0121ibbli.<\/p>\n<p>&nbsp;<\/p>\n<p>Id-dokument tal-Blue Badge huwa \u0121eneralment a\u010b\u010bettat ukoll fil-pajji\u017ci tal-Unjoni Ewropea kif ukoll l-Awstralja, il-Kanada, il-\u0120appun, il-Korea ta\u2019 Isfel, New Zealand, ir-Renju Unit u l-Istati Uniti.<\/p>\n<p>&nbsp;<\/p>\n<p>&nbsp;<\/p>\n<p>&nbsp;<\/p>\n<h4 class=\"h4 red\">\u0126inijiet tal-Ftu\u0127<\/h4>\n<div class=\"post-content\">\n<p>&nbsp;<\/p>\n<p><strong>Mit-Tnejn sal-\u0120img\u0127a: 08:00 \u2013 15:30<\/strong><\/p>\n<p>Is-Sibt, il-\u0126add u l-Festi Pubbli\u010bi: Mhux disponibbli<\/p>\n<p>Indirizz: A\u0121enzija Sapport, Triq Patri \u0120wann Azzopardi, Santa Venera SVR 1614<\/p>\n<p><a href=\"https:\/\/goo.gl\/maps\/wCsfxSyYjTu4vQEh7\" target=\"_blank\" rel=\"noopener\">G\u0127al direzzjonijiet ag\u0127fas fuq din il-\u0127olqa<\/a>.<\/p>\n<p>&nbsp;<\/p>\n<p>G\u0127al aktar informazzjoni dwar din l-iskema, wie\u0127ed g\u0127andu jibg\u0127at email fuq\u00a0<a href=\"mailto:accessibility.sapport@gov.mt\">accessibility.sapport@gov.mt<\/a>.<\/p>\n<\/div>\n<\/div>\n\n                                            \n                <\/div>\n                                <div id=\"tab2\" class=\"tab-content\">\n                    <h2 class=\"h4\">Dokumenti Me\u0127tie\u0121a<\/h2>\n                    <div class=\"post-content\"><p><strong>Applikazzjoni \u0121dida g\u0127all-Blue Badge<\/strong><strong>:<\/strong><\/p>\n<ul>\n<li>Formola ta\u2019 Applikazzjoni. Din g\u0127andha tkun iffirmata mill-applikant jew mill-gwardjan legali tag\u0127hom, skont kif applikabbli.<\/li>\n<li>Formola ta\u2019 \u010aertifikat Mediku. Din trid ti\u0121i ffirmata, ittimbrata datata mhux iktar tard minn sena mid-data ta\u2019 sottomissjoni.<\/li>\n<li>Ritratt tal-passaport (40mm X 30mm) wie\u0127ed (1) ri\u010benti, bil-kulur u ta\u2019 kwalit\u00e0 tajba tal-persuna b\u2019di\u017cabilit\u00e0<\/li>\n<li>\u20ac11.50 \u0127las amministrattiv. G\u0127andu jing\u0127ata l-ammont e\u017catt jekk tissottometti applikazzjoni personalment. Il-karti tal-kreditu huma a\u010b\u010bettati. \u010aekkijiet mhumiex a\u010b\u010bettati. Pagamenti bi flus kontanti ma ji\u0121ux a\u010b\u010bettati bil-posta.<\/li>\n<\/ul>\n<p>&nbsp;<\/p>\n<p><strong>Ti\u0121did tal-Blue Badge<\/strong><strong>:<\/strong><\/p>\n<ul>\n<li>Formola ta\u2019 Applikazzjoni. Din g\u0127andha tkun iffirmata mill-applikant jew mill-gwardjan legali tag\u0127hom, skont kif applikabbli.<\/li>\n<li>Formola ta\u2019 \u010aertifikat Mediku. Din trid ti\u0121i ffirmata, ittimbrata u datata mhux iktar tard minn sena mid-data ta\u2019 sottomissjoni.<\/li>\n<li>Ritratt tal-passaport (40mm X 30mm) wie\u0127ed (1) ri\u010benti, bil-kulur u ta\u2019 kwalit\u00e0 tajba tal-persuna b\u2019di\u017cabilit\u00e0.<\/li>\n<\/ul>\n<p>&nbsp;<\/p>\n<p>M\u2019hemm l-ebda \u0127las g\u0127all-applikazzjoni g\u0127at-ti\u0121did tal-Blue Badge.<\/p>\n<\/div>\n\n                                            \n                <\/div>\n                                <div id=\"tab3\" class=\"tab-content\">\n                    <h2 class=\"h4\">Eli\u0121ibilit\u00e0<\/h2>\n                    <div class=\"post-content\"><p>\u200bPersuni li huma intitolati g\u0127al Karta Ewropea tad-Di\u017cabilit\u00e0, ma\u0127ru\u0121a minn A\u0121enzija Sapport, li ju\u017caw u\/jew isuqu vettura bil-mutur fuq ba\u017ci regolari, u li g\u0127andhom:<\/p>\n<p>\u200b<\/p>\n<ul>\n<li>nuqqas\u00a0 ta\u2019\u00a0 dawl\u00a0 b\u2019mod\u00a0 permanenti\u00a0 li jirri\u017culta\u00a0 f\u2019akutezza\u00a0 vi\u017cwali\u00a0 li\u00a0 ma\u00a0 te\u010b\u010bedix\u00a0 6\/60\u00a0 fl-g\u0127ajn it-tajba b\u2019korretezza, jew b\u2019limitu fil-qasam ta\u2019 vi\u017cwal li huwa inqas minn angolu ta\u2019 20\u00b0 (vi\u017cjoni ta\u2019 mina);<\/li>\n<li>nuqqas\u00a0 qawwi\u00a0 fi\u017c-\u017cew\u0121\u00a0 dirg\u0127ajn,\u00a0 li regolarment isuqu vettura bil-mutur i\u017cda ma jistg\u0127ux idawru\u00a0 l-isteering\u00a0\u00a0\u00a0 wheel\u00a0 ta\u2019\u00a0 vettura\u00a0 bil-mutur b\u2019idejhom ukoll jekk dak l-isteering hu ffittjat b\u2019pum;.<\/li>\n<li>nuqqas\u00a0 fi\u017ciku\u00a0 permanenti\u00a0 u sostanzjali\u00a0 li\u00a0 jirri\u017culta\u00a0 fl-inabilit\u00e0\u00a0 li\u00a0 jimxu\u00a0 jew diffikult\u00e0 kbira biex jimxu jew li b\u0127ala ri\u017cultat l-isforz ta\u2019\u00a0 mixi\u00a0 jista\u2019\u00a0 jkun\u00a0 ta\u2019\u00a0 periklu g\u0127al \u0127ajjithom;.<\/li>\n<li>nuqqas\u00a0 qawwi\u00a0 u\u00a0 permanenti\u00a0 fis-sa\u0127\u0127a mentali\u00a0 u\u00a0 bi\u00a0 problemi\u00a0 qawwija\u00a0 ta\u2019\u00a0 m\u0121iba\u00a0 u\u00a0 li g\u0127andhom\u00a0 b\u017conn\u00a0 l-g\u0127ajnuna\u00a0 u\u00a0 supervi\u017cjoni\u00a0 b\u2019mod frekwenti\u00a0 matul\u00a0 il-jum\u00a0 kif\u00a0 ukoll\u00a0 matul\u00a0 il-lejl.<\/li>\n<\/ul>\n<p>&nbsp;<\/p>\n<p>Il-kriterji ta\u2019 eli\u0121ibilit\u00e0 huma spe\u010bifikati fl-Att biex jipprovdi g\u0127al Kon\u010bessjonijiet ta\u2019 Parke\u0121\u0121jar g\u0127al Persuni b\u2019Di\u017cabilit\u00e0 (Kap. 560).<\/p>\n<\/div>\n\n                                            \n                <\/div>\n                                <div id=\"tab4\" class=\"tab-content\">\n                    <h2 class=\"h4\">Blue Badges Imkag\u0127brin, Mitlufin u Tterminati<\/h2>\n                    <div class=\"post-content\"><h4 class=\"h4 red\">Blue Badges Imkag\u0127brin<\/h4>\n<div class=\"post-content\">\n<p>Jekk l-informazzjoni fuq il-Blue Badge ma tkunx g\u0127adha tista\u2019 tinqara, id-detentur g\u0127andu jikkuntattja lil A\u0121enzija Sapport u jitlob li l-Blue Badge ti\u0121i sostitwita.<\/p>\n<\/div>\n<p>&nbsp;<\/p>\n<p>&nbsp;<\/p>\n<p>&nbsp;<\/p>\n<h4 class=\"h4 red\">Blue Badges Mitlufin<\/h4>\n<div class=\"post-content\">\n<p>Min jitlef id-dokument tal-Blue Badge g\u0127andu jag\u0127mel rapport lill-Pulizija jew jie\u0127u affidavit ma\u0127luf u jissottomettih lil A\u0121enzija Sapport sabiex jin\u0127are\u0121 dokument \u0121did.<\/p>\n<\/div>\n<p>&nbsp;<\/p>\n<p>&nbsp;<\/p>\n<h4 class=\"h4 red\">Terminazzjoni<\/h4>\n<div class=\"post-content\">\n<p>Il-Blue Badge hu dokument legali u g\u0127alhekk, fil-ka\u017c tal-mewt tad-detentur, A\u0121enzija Sapport trid ti\u0121i infurmata u l-Blue Badge g\u0127andha ting\u0127ata lura immedjatament.<\/p>\n<p>&nbsp;<\/p>\n<p><strong>U\u017cu ta\u2019 Blue Badge wara d-data tal-iskadenza tag\u0127ha hu illegali. Blue Badge skaduta g\u0127andha ti\u0121i ritornata lil A\u0121enzija Sapport immedjatament.<\/strong><\/p>\n<p>&nbsp;<\/p>\n<p><strong>Jekk il-Blue Badge ma ti\u0121ix irritornata, A\u0121enzija Sapport u t-Taqsima tal-Infurzar tal-Kummissjoni g\u0127ad-Drittijiet ta\u2019 Persuni b\u2019Di\u017cabilit\u00e0 (CRPD) jikkollaboraw biex jitolbu lil-Kummissarju tal-Pulizija biex ji\u0121borha.<\/strong><\/p>\n<\/div>\n<\/div>\n\n                                            \n                <\/div>\n                                <div id=\"tab5\" class=\"tab-content\">\n                    <h2 class=\"h4\">Avvi\u017ci importanti<\/h2>\n                    <div class=\"post-content\"><p>Is-sid tal-Blue Badge m\u2019g\u0127andu qatt jag\u0127ti d-dokument lill-\u0127bieb jew lill-familjari biex ikunu jistg\u0127u jibbenefikaw mill-kon\u010bessjonijiet tal-parke\u0121\u0121.<\/p>\n<p>&nbsp;<\/p>\n<p>Wie\u0127ed m\u2019g\u0127andu qatt jag\u0127mel kopji tal-Blue Badge jew ibiddel id-dettalji fuq tali dokument.<\/p>\n<p>&nbsp;<\/p>\n<pre id=\"tw-target-text\" class=\"tw-data-text tw-text-large tw-ta\" dir=\"ltr\" data-placeholder=\"Translation\" aria-label=\"Translated text\" data-ved=\"2ahUKEwiV-Y_6jKuFAxVkxgIHHRfDA4sQ3ewLegQIBRAU\"><span class=\"Y2IQFc\" lang=\"mt\">L-ebda noti jew dokumenti temporanji ma jin\u0127ar\u0121u waqt li applikazzjoni tkun qed ti\u0121i ppro\u010bessata biex jintu\u017caw minflok id-dokumenti uffi\u010bjali.<\/span><\/pre>\n<\/div>\n\n                                            \n                <\/div>\n                                <div id=\"tab6\" class=\"tab-content\">\n                    <h2 class=\"h4\">Kif G\u0127andek Tapplika<\/h2>\n                    <div class=\"post-content\"><p>Dawk interessati li japplikaw g\u0127all-Blue Badge jistg\u0127u jissottomettu l-formola tal-applikazzjoni online jew ini\u017c\u017clu l-applikazzjoni (inklu\u017c il-formola ta\u010b-\u010aertifikat Mediku) u jmorru bihom personalment fl-indirizz A\u0121enzija Sapport, Triq Patri \u0120wann Azzopardi, Santa Venera, SVR 1614.<\/p>\n<div class=\"post-content white top-text\">\n<p>&nbsp;<\/p>\n<\/div>\n<p><a class=\"btn\" href=\"https:\/\/www.servizz.gov.mt\/mt\/Pages\/Inklu_joni_-Ugwaljanza-u-_arsien-So_jali\/Inklu_joni-So_jali\/Persuni-b_Di_abilit_\/WEB615\/default.aspx\" target=\"_blank\" rel=\"noopener\">IMLA L-APPLIKAZZJONI ONLINE<\/a>\u00a0<a class=\"btn\" href=\"https:\/\/sapport.gov.mt\/wp-content\/uploads\/2026\/04\/EU-Disability-Card_Blue-Badge_ML.pdf\" target=\"_blank\" rel=\"noopener\">AG\u0126FAS HAWN G\u0126AL KOPJA TAL-APPLIKAZZJONI<\/a><\/p>\n<div class=\"post-content white bottom-text\">\n<p>&nbsp;<\/p>\n<\/div>\n<p><strong>Hi responsabilit\u00e0 tad-detentur tal-Blue Badge li japplika sabiex i\u0121edded id-dokument tliet (3) xhur qabel jiskadi.<\/strong><\/p>\n<p>&nbsp;<\/p>\n<p>&nbsp;<\/p>\n<p><a href=\"https:\/\/sapport.gov.mt\/mt\/rizorsi#pubblikazzjonijiet\">Ag\u0127fas din il-\u0127olqa g\u0127al fuljett ta\u2019 informazzjoni dwar il-Blue Badge u l-Gwida Tieg\u0127ek dwar Blue Badge\u00a0<\/a><\/p>\n<p>&nbsp;<\/p>\n<\/div>\n\n                                            \n                <\/div>\n                            <\/div>\n                    \n        <\/div>\n\n    <\/div>\n<\/div><\/div>","protected":false},"excerpt":{"rendered":"<p>Il-Blue Badge tippermetti lis-sidien tag\u0127ha jipparkjaw il-vettura li jkunu qeg\u0127din fiha f\u2019postijiet ta\u2019 parke\u0121\u0121 komunali riservat g\u0127al dawk li g\u0127andhom Blue Badge<\/p>\n","protected":false},"author":3,"featured_media":11311,"parent":2105,"menu_order":1,"comment_status":"closed","ping_status":"closed","template":"","meta":{"_acf_changed":false,"inline_featured_image":false,"footnotes":""},"categories":[45],"class_list":["post-11252","page","type-page","status-publish","has-post-thumbnail","hentry","category-services-mt"],"acf":[],"yoast_head":"<!-- This site is optimized with the Yoast SEO plugin v27.3 - https:\/\/yoast.com\/product\/yoast-seo-wordpress\/ -->\n<title>Blue Badge - Agenzija Sapport<\/title>\n<meta name=\"description\" content=\"Il-Blue Badge tippermetti lis-sidien tag\u0127ha jipparkjaw il-vettura li jkunu qeg\u0127din fiha f\u2019postijiet ta\u2019 parke\u0121\u0121 komunali riservat\" \/>\n<meta name=\"robots\" content=\"index, follow, max-snippet:-1, max-image-preview:large, max-video-preview:-1\" \/>\n<link rel=\"canonical\" href=\"https:\/\/sapport.gov.mt\/mt\/servizzi\/blue-badge\/\" \/>\n<meta property=\"og:locale\" content=\"mt_MT\" \/>\n<meta property=\"og:type\" content=\"article\" \/>\n<meta property=\"og:title\" content=\"Blue Badge - Agenzija Sapport\" \/>\n<meta property=\"og:description\" content=\"Il-Blue Badge tippermetti lis-sidien tag\u0127ha jipparkjaw il-vettura li jkunu qeg\u0127din fiha f\u2019postijiet ta\u2019 parke\u0121\u0121 komunali riservat\" \/>\n<meta property=\"og:url\" content=\"https:\/\/sapport.gov.mt\/mt\/servizzi\/blue-badge\/\" \/>\n<meta property=\"og:site_name\" content=\"Agenzija Sapport\" \/>\n<meta property=\"article:modified_time\" content=\"2026-04-01T06:03:27+00:00\" \/>\n<meta property=\"og:image\" content=\"https:\/\/sapport.gov.mt\/wp-content\/uploads\/2025\/05\/Website-service-tab-01.jpg\" \/>\n\t<meta property=\"og:image:width\" content=\"1592\" \/>\n\t<meta property=\"og:image:height\" content=\"1300\" \/>\n\t<meta property=\"og:image:type\" content=\"image\/jpeg\" \/>\n<meta name=\"twitter:card\" content=\"summary_large_image\" \/>\n<meta name=\"twitter:label1\" content=\"Est. reading time\" \/>\n\t<meta name=\"twitter:data1\" content=\"4 minutes\" \/>\n<script type=\"application\/ld+json\" class=\"yoast-schema-graph\">{\"@context\":\"https:\\\/\\\/schema.org\",\"@graph\":[{\"@type\":\"WebPage\",\"@id\":\"https:\\\/\\\/sapport.gov.mt\\\/mt\\\/servizzi\\\/blue-badge\\\/\",\"url\":\"https:\\\/\\\/sapport.gov.mt\\\/mt\\\/servizzi\\\/blue-badge\\\/\",\"name\":\"Blue Badge - Agenzija Sapport\",\"isPartOf\":{\"@id\":\"https:\\\/\\\/sapport.gov.mt\\\/mt\\\/#website\"},\"primaryImageOfPage\":{\"@id\":\"https:\\\/\\\/sapport.gov.mt\\\/mt\\\/servizzi\\\/blue-badge\\\/#primaryimage\"},\"image\":{\"@id\":\"https:\\\/\\\/sapport.gov.mt\\\/mt\\\/servizzi\\\/blue-badge\\\/#primaryimage\"},\"thumbnailUrl\":\"https:\\\/\\\/sapport.gov.mt\\\/wp-content\\\/uploads\\\/2025\\\/05\\\/Website-service-tab-01.jpg\",\"datePublished\":\"2025-05-20T09:19:11+00:00\",\"dateModified\":\"2026-04-01T06:03:27+00:00\",\"description\":\"Il-Blue Badge tippermetti lis-sidien tag\u0127ha jipparkjaw il-vettura li jkunu qeg\u0127din fiha f\u2019postijiet ta\u2019 parke\u0121\u0121 komunali riservat\",\"breadcrumb\":{\"@id\":\"https:\\\/\\\/sapport.gov.mt\\\/mt\\\/servizzi\\\/blue-badge\\\/#breadcrumb\"},\"inLanguage\":\"mt-MT\",\"potentialAction\":[{\"@type\":\"ReadAction\",\"target\":[\"https:\\\/\\\/sapport.gov.mt\\\/mt\\\/servizzi\\\/blue-badge\\\/\"]}]},{\"@type\":\"ImageObject\",\"inLanguage\":\"mt-MT\",\"@id\":\"https:\\\/\\\/sapport.gov.mt\\\/mt\\\/servizzi\\\/blue-badge\\\/#primaryimage\",\"url\":\"https:\\\/\\\/sapport.gov.mt\\\/wp-content\\\/uploads\\\/2025\\\/05\\\/Website-service-tab-01.jpg\",\"contentUrl\":\"https:\\\/\\\/sapport.gov.mt\\\/wp-content\\\/uploads\\\/2025\\\/05\\\/Website-service-tab-01.jpg\",\"width\":1592,\"height\":1300,\"caption\":\"Wheelchair icon\"},{\"@type\":\"BreadcrumbList\",\"@id\":\"https:\\\/\\\/sapport.gov.mt\\\/mt\\\/servizzi\\\/blue-badge\\\/#breadcrumb\",\"itemListElement\":[{\"@type\":\"ListItem\",\"position\":1,\"name\":\"Pa\u0121na\",\"item\":\"https:\\\/\\\/sapport.gov.mt\\\/mt\\\/\"},{\"@type\":\"ListItem\",\"position\":2,\"name\":\"Servizzi\",\"item\":\"https:\\\/\\\/sapport.gov.mt\\\/mt\\\/servizzi\\\/\"},{\"@type\":\"ListItem\",\"position\":3,\"name\":\"Blue Badge\"}]},{\"@type\":\"WebSite\",\"@id\":\"https:\\\/\\\/sapport.gov.mt\\\/mt\\\/#website\",\"url\":\"https:\\\/\\\/sapport.gov.mt\\\/mt\\\/\",\"name\":\"Agenzija Sapport\",\"description\":\"Providing Professional And Innovative Services To Enhance The Quality Of Life Of Persons With Disabilities\",\"publisher\":{\"@id\":\"https:\\\/\\\/sapport.gov.mt\\\/mt\\\/#organization\"},\"potentialAction\":[{\"@type\":\"SearchAction\",\"target\":{\"@type\":\"EntryPoint\",\"urlTemplate\":\"https:\\\/\\\/sapport.gov.mt\\\/mt\\\/?s={search_term_string}\"},\"query-input\":{\"@type\":\"PropertyValueSpecification\",\"valueRequired\":true,\"valueName\":\"search_term_string\"}}],\"inLanguage\":\"mt-MT\"},{\"@type\":\"Organization\",\"@id\":\"https:\\\/\\\/sapport.gov.mt\\\/mt\\\/#organization\",\"name\":\"A\u0121enzija Sapport\",\"alternateName\":\"Sapport Agency\",\"url\":\"https:\\\/\\\/sapport.gov.mt\\\/mt\\\/\",\"logo\":{\"@type\":\"ImageObject\",\"inLanguage\":\"mt-MT\",\"@id\":\"https:\\\/\\\/sapport.gov.mt\\\/mt\\\/#\\\/schema\\\/logo\\\/image\\\/\",\"url\":\"https:\\\/\\\/sapport.ppdevplayground.com\\\/wp-content\\\/uploads\\\/2022\\\/11\\\/site-logo.png\",\"contentUrl\":\"https:\\\/\\\/sapport.ppdevplayground.com\\\/wp-content\\\/uploads\\\/2022\\\/11\\\/site-logo.png\",\"width\":320,\"height\":178,\"caption\":\"A\u0121enzija Sapport\"},\"image\":{\"@id\":\"https:\\\/\\\/sapport.gov.mt\\\/mt\\\/#\\\/schema\\\/logo\\\/image\\\/\"}}]}<\/script>\n<!-- \/ Yoast SEO plugin. -->","yoast_head_json":{"title":"Blue Badge - Agenzija Sapport","description":"Il-Blue Badge tippermetti lis-sidien tag\u0127ha jipparkjaw il-vettura li jkunu qeg\u0127din fiha f\u2019postijiet ta\u2019 parke\u0121\u0121 komunali riservat","robots":{"index":"index","follow":"follow","max-snippet":"max-snippet:-1","max-image-preview":"max-image-preview:large","max-video-preview":"max-video-preview:-1"},"canonical":"https:\/\/sapport.gov.mt\/mt\/servizzi\/blue-badge\/","og_locale":"mt_MT","og_type":"article","og_title":"Blue Badge - Agenzija Sapport","og_description":"Il-Blue Badge tippermetti lis-sidien tag\u0127ha jipparkjaw il-vettura li jkunu qeg\u0127din fiha f\u2019postijiet ta\u2019 parke\u0121\u0121 komunali riservat","og_url":"https:\/\/sapport.gov.mt\/mt\/servizzi\/blue-badge\/","og_site_name":"Agenzija Sapport","article_modified_time":"2026-04-01T06:03:27+00:00","og_image":[{"width":1592,"height":1300,"url":"https:\/\/sapport.gov.mt\/wp-content\/uploads\/2025\/05\/Website-service-tab-01.jpg","type":"image\/jpeg"}],"twitter_card":"summary_large_image","twitter_misc":{"Est. reading time":"4 minutes"},"schema":{"@context":"https:\/\/schema.org","@graph":[{"@type":"WebPage","@id":"https:\/\/sapport.gov.mt\/mt\/servizzi\/blue-badge\/","url":"https:\/\/sapport.gov.mt\/mt\/servizzi\/blue-badge\/","name":"Blue Badge - Agenzija Sapport","isPartOf":{"@id":"https:\/\/sapport.gov.mt\/mt\/#website"},"primaryImageOfPage":{"@id":"https:\/\/sapport.gov.mt\/mt\/servizzi\/blue-badge\/#primaryimage"},"image":{"@id":"https:\/\/sapport.gov.mt\/mt\/servizzi\/blue-badge\/#primaryimage"},"thumbnailUrl":"https:\/\/sapport.gov.mt\/wp-content\/uploads\/2025\/05\/Website-service-tab-01.jpg","datePublished":"2025-05-20T09:19:11+00:00","dateModified":"2026-04-01T06:03:27+00:00","description":"Il-Blue Badge tippermetti lis-sidien tag\u0127ha jipparkjaw il-vettura li jkunu qeg\u0127din fiha f\u2019postijiet ta\u2019 parke\u0121\u0121 komunali riservat","breadcrumb":{"@id":"https:\/\/sapport.gov.mt\/mt\/servizzi\/blue-badge\/#breadcrumb"},"inLanguage":"mt-MT","potentialAction":[{"@type":"ReadAction","target":["https:\/\/sapport.gov.mt\/mt\/servizzi\/blue-badge\/"]}]},{"@type":"ImageObject","inLanguage":"mt-MT","@id":"https:\/\/sapport.gov.mt\/mt\/servizzi\/blue-badge\/#primaryimage","url":"https:\/\/sapport.gov.mt\/wp-content\/uploads\/2025\/05\/Website-service-tab-01.jpg","contentUrl":"https:\/\/sapport.gov.mt\/wp-content\/uploads\/2025\/05\/Website-service-tab-01.jpg","width":1592,"height":1300,"caption":"Wheelchair icon"},{"@type":"BreadcrumbList","@id":"https:\/\/sapport.gov.mt\/mt\/servizzi\/blue-badge\/#breadcrumb","itemListElement":[{"@type":"ListItem","position":1,"name":"Pa\u0121na","item":"https:\/\/sapport.gov.mt\/mt\/"},{"@type":"ListItem","position":2,"name":"Servizzi","item":"https:\/\/sapport.gov.mt\/mt\/servizzi\/"},{"@type":"ListItem","position":3,"name":"Blue Badge"}]},{"@type":"WebSite","@id":"https:\/\/sapport.gov.mt\/mt\/#website","url":"https:\/\/sapport.gov.mt\/mt\/","name":"Agenzija Sapport","description":"Providing Professional And Innovative Services To Enhance The Quality Of Life Of Persons With Disabilities","publisher":{"@id":"https:\/\/sapport.gov.mt\/mt\/#organization"},"potentialAction":[{"@type":"SearchAction","target":{"@type":"EntryPoint","urlTemplate":"https:\/\/sapport.gov.mt\/mt\/?s={search_term_string}"},"query-input":{"@type":"PropertyValueSpecification","valueRequired":true,"valueName":"search_term_string"}}],"inLanguage":"mt-MT"},{"@type":"Organization","@id":"https:\/\/sapport.gov.mt\/mt\/#organization","name":"A\u0121enzija Sapport","alternateName":"Sapport Agency","url":"https:\/\/sapport.gov.mt\/mt\/","logo":{"@type":"ImageObject","inLanguage":"mt-MT","@id":"https:\/\/sapport.gov.mt\/mt\/#\/schema\/logo\/image\/","url":"https:\/\/sapport.ppdevplayground.com\/wp-content\/uploads\/2022\/11\/site-logo.png","contentUrl":"https:\/\/sapport.ppdevplayground.com\/wp-content\/uploads\/2022\/11\/site-logo.png","width":320,"height":178,"caption":"A\u0121enzija Sapport"},"image":{"@id":"https:\/\/sapport.gov.mt\/mt\/#\/schema\/logo\/image\/"}}]}},"_links":{"self":[{"href":"https:\/\/sapport.gov.mt\/mt\/wp-json\/wp\/v2\/pages\/11252","targetHints":{"allow":["GET"]}}],"collection":[{"href":"https:\/\/sapport.gov.mt\/mt\/wp-json\/wp\/v2\/pages"}],"about":[{"href":"https:\/\/sapport.gov.mt\/mt\/wp-json\/wp\/v2\/types\/page"}],"author":[{"embeddable":true,"href":"https:\/\/sapport.gov.mt\/mt\/wp-json\/wp\/v2\/users\/3"}],"replies":[{"embeddable":true,"href":"https:\/\/sapport.gov.mt\/mt\/wp-json\/wp\/v2\/comments?post=11252"}],"version-history":[{"count":20,"href":"https:\/\/sapport.gov.mt\/mt\/wp-json\/wp\/v2\/pages\/11252\/revisions"}],"predecessor-version":[{"id":13614,"href":"https:\/\/sapport.gov.mt\/mt\/wp-json\/wp\/v2\/pages\/11252\/revisions\/13614"}],"up":[{"embeddable":true,"href":"https:\/\/sapport.gov.mt\/mt\/wp-json\/wp\/v2\/pages\/2105"}],"wp:featuredmedia":[{"embeddable":true,"href":"https:\/\/sapport.gov.mt\/mt\/wp-json\/wp\/v2\/media\/11311"}],"wp:attachment":[{"href":"https:\/\/sapport.gov.mt\/mt\/wp-json\/wp\/v2\/media?parent=11252"}],"wp:term":[{"taxonomy":"category","embeddable":true,"href":"https:\/\/sapport.gov.mt\/mt\/wp-json\/wp\/v2\/categories?post=11252"}],"curies":[{"name":"wp","href":"https:\/\/api.w.org\/{rel}","templated":true}]}}