{"id":11709,"date":"2025-07-30T07:57:03","date_gmt":"2025-07-30T05:57:03","guid":{"rendered":"https:\/\/sapport.gov.mt\/?page_id=11709"},"modified":"2026-02-06T15:56:55","modified_gmt":"2026-02-06T14:56:55","slug":"professional-advisory-prevention-team","status":"publish","type":"page","link":"https:\/\/sapport.gov.mt\/mt\/servizzi\/professional-advisory-prevention-team\/","title":{"rendered":"Professional Advisory Prevention Team"},"content":{"rendered":"<div class=\"tabs-text align\">\n    <div id=\"tabs-text-block_f43f922f026ac3c111c4128d0d376f8f\" class=\"block-tabs-text\">\n\n    <div class=\"blend-mode luminosity\">\n                <div class=\"img inline-bg-image lazyload\" role=\"img\" aria-label=\"\" style=\"background-image:inherit;\" data-bg-image=\"url(https:\/\/sapport.gov.mt\/wp-content\/uploads\/2025\/07\/PAPT-3-scaled.jpg)\"><\/div>\n    <\/div>\n\n    <div class=\"inner np flex-columns stretch\">\n        <div class=\"col-35 left-side\">\n\n            \n            <p class=\"breadcrumbs\"><span><span><a href=\"https:\/\/sapport.gov.mt\/mt\/\">Pa\u0121na<\/a><\/span><\/span><\/p>\n            <h1 class=\"h1 white\">Professional Advisory Prevention Team <\/h1>\n\n            \n                        <ul id=\"tabs-nav\" class=\"tabs-nav\">\n                \n                    <li class=\"tab-title\">\n                        <a id=\"arsa-enerali\" href=\"#tabs-content\" data-tab=\"#tab1\" class=\"tab-nav\">\u0126arsa \u0120enerali<\/a>\n                    <\/li>\n            \n                \n                    <li class=\"tab-title\">\n                        <a id=\"edukazzjoni-dwar-ir-relazzjonijiet-u-s-sesswalit-\" href=\"#tabs-content\" data-tab=\"#tab2\" class=\"tab-nav\">Edukazzjoni dwar ir-Relazzjonijiet u s-Sesswalit\u00e0 <\/a>\n                    <\/li>\n            \n                \n                    <li class=\"tab-title\">\n                        <a id=\"eliibilit\" href=\"#tabs-content\" data-tab=\"#tab3\" class=\"tab-nav\">Eli\u0121ibilit\u00e0<\/a>\n                    <\/li>\n            \n                \n                    <li class=\"tab-title\">\n                        <a id=\"riferimenti\" href=\"#tabs-content\" data-tab=\"#tab4\" class=\"tab-nav\">Riferimenti<\/a>\n                    <\/li>\n            \n                            <\/ul>\n                    <\/div>\n\n        <div class=\"col-65 right-side\">\n            \n                        <div id=\"tabs-content\" class=\"tabs-content\">\n                                <div id=\"tab1\" class=\"tab-content\">\n                    <h2 class=\"h4\">\u0126arsa \u0120enerali<\/h2>\n                    <div class=\"post-content\"><p>Il-Professional Advisory Prevention Team (PAPT) huwa tim multidixxiplinari li g\u0127andu g\u0127arfien professjonali u esperjenza ta\u2019 diversi snin ta\u2019 \u0127idma ma\u2019 persuni b\u2019di\u017cabilit\u00e0.<\/p>\n<p>&nbsp;<\/p>\n<p>It-tim jiffoka fuq:<\/p>\n<p>&nbsp;<\/p>\n<ul>\n<li>Konsultazzjonijiet fuq l-indirizzar ta\u2019 sfidi spe\u010bifi\u010bi, partikolarment dawk relatati ma\u2019 m\u0121iba preokkupanti, u relazzjonijiet u sesswalit\u00e0.<\/li>\n<li>Sessjonijiet ta\u2019 ta\u0127ri\u0121 dwar kwistjonijiet fl-oqsma ta\u2019 m\u0121iba preokkupanti, u relazzjonijiet u sesswalit\u00e0.<\/li>\n<li>Sessjonijiet individwali ma\u2019 persuni b\u2019di\u017cabilit\u00e0 mfassla g\u0127all-b\u017connijiet tag\u0127hom rigward im\u0121iba preokkupanti, u relazzjonijiet u sesswalit\u00e0.<\/li>\n<li>Sessjonijiet ta\u2019 informazzjoni u workshops ma\u2019 partijiet ikkon\u010bernati o\u0127ra li jkopru su\u0121\u0121etti relatati ma\u2019 m\u0121iba preokkupanti, relazzjonijiet u sesswalit\u00e0, u kwistjonijiet relatati.<\/li>\n<\/ul>\n<\/div>\n\n                                            \n                <\/div>\n                                <div id=\"tab2\" class=\"tab-content\">\n                    <h2 class=\"h4\">Edukazzjoni dwar ir-Relazzjonijiet u s-Sesswalit\u00e0 <\/h2>\n                    <div class=\"post-content\"><p>Il-PAPT huwa responsabbli li jipprovdi:<\/p>\n<p>&nbsp;<\/p>\n<ul>\n<li>Edukazzjoni lil persuni b\u2019di\u017cabilit\u00e0 dwar diversi su\u0121\u0121etti relatati mar-relazzjonijiet u s-sesswalit\u00e0 li tinkorpora su\u0121\u0121etti li jaqg\u0127u ta\u0127t il-benesseri emozzjonali u sesswali, is-sa\u0127\u0127a sesswali, il-\u0127iliet so\u010bjali, u aspetti pratti\u010bi tas-sesswalit\u00e0.<\/li>\n<li>Ta\u0127ri\u0121 lill-impjegati ta\u2019 A\u0121enzija Sapport dwar kif ji\u0121u indirizzati kwistjonijiet delikati li jistg\u0127u jinqalg\u0127u mill-im\u0121iba sesswalizzata tal-persuna li tu\u017ca s-servizz.<\/li>\n<li>Ta\u0127ri\u0121 u \u017cvilupp professjonali kontinwu sabiex ti\u0121i \u017cgurata kwalit\u00e0 tajba tat-twassil tal-Programm ta\u2019 Edukazzjoni dwar ir-Relazzjonijiet u s-Sesswalit\u00e0 lill-persuni li ju\u017caw is-servizz.<\/li>\n<li>Sessjonijiet ta\u2019 informazzjoni u workshops lill-persuni qrib dawk li ju\u017caw is-servizz u partijiet ikkon\u010bernati u entitajiet o\u0127ra.<\/li>\n<\/ul>\n<\/div>\n\n                                            \n                <\/div>\n                                <div id=\"tab3\" class=\"tab-content\">\n                    <h2 class=\"h4\">Eli\u0121ibilit\u00e0<\/h2>\n                    <div class=\"post-content\"><p>Persuni b\u2019di\u017cabilit\u00e0 interessati fis-sessjonijiet tal-Programm dwar ir-Relazzjonijiet u s-Sesswalit\u00e0 je\u0127tie\u0121 li jkollhom aktar minn 16-il sena.<\/p>\n<p>&nbsp;<\/p>\n<p>Is-sessjonijiet jistg\u0127u jsiru kemm bil-Malti kif ukoll bl-Ingli\u017c ming\u0127ajr \u0127las, skont il-b\u017conn tal-individwu.<\/p>\n<p>&nbsp;<\/p>\n<p><a href=\"https:\/\/sapport.gov.mt\/mt\/mistoqsijiet-frekwenti\/#professional-advisory-and-prevention-team-papt\">Ag\u0127fas fuq din il-\u0127olqa g\u0127all-Mistoqsijiet Frekwenti (FAQs) dwar dan is-servizz<\/a><\/p>\n<\/div>\n\n                                            \n                <\/div>\n                                <div id=\"tab4\" class=\"tab-content\">\n                    <h2 class=\"h4\">Riferimenti<\/h2>\n                    <div class=\"post-content\"><p>It-tim tal-Intake jir\u010bievi u jippro\u010bessa l-ka\u017cijiet kollha li jaslu minn servizzi prospettivi, il-familji u professjonisti o\u0127ra li je\u0127tie\u0121u kwalunkwe servizz fl-A\u0121enzija. Il-ka\u017cijiet kollha li jid\u0127lu ji\u0121u assessjati bir-reqqa mill-professjonisti tat-tim, li jidentifikaw liema servizz\/i l-individwu jista\u2019 jibbenifika minnu skont il-b\u017connijiet, interessi u x-xewqat tal-individwu.<\/p>\n<p>&nbsp;<\/p>\n<p>Ir-riferimenti jistg\u0127u wkoll jintbag\u0127tu bl-email fuq <a href=\"mailto:papt.sapport@gov.mt\">papt.sapport@gov.mt<\/a> jew billi tag\u0127mel kuntatt fuq il-Helpline ta\u2019 A\u0121enzija Sapport \u2013 Freephone Servizz.gov 153 (ext. 05).<\/p>\n<\/div>\n\n                                            \n                <\/div>\n                            <\/div>\n                    \n        <\/div>\n\n    <\/div>\n<\/div><\/div>","protected":false},"excerpt":{"rendered":"<p>Il-Professional Advisory Prevention Team (PAPT) jipprovdi appo\u0121\u0121 lil individwi b’di\u017cabilit\u00e0 billi jindirizza im\u0121iba ta’ t\u0127assib u kwistjonijiet relatati mas-sesswalit\u00e0, permezz ta’ konsultazzjonijiet, sessjonijiet ta’ ta\u0127ri\u0121, u appo\u0121\u0121 individwali.<\/p>\n","protected":false},"author":9,"featured_media":11711,"parent":2105,"menu_order":10,"comment_status":"closed","ping_status":"closed","template":"","meta":{"_acf_changed":false,"inline_featured_image":false,"footnotes":""},"categories":[45],"class_list":["post-11709","page","type-page","status-publish","has-post-thumbnail","hentry","category-services-mt"],"acf":[],"yoast_head":"<!-- This site is optimized with the Yoast SEO plugin v27.3 - https:\/\/yoast.com\/product\/yoast-seo-wordpress\/ -->\n<title>Professional Advisory Prevention Team - Agenzija Sapport<\/title>\n<meta name=\"description\" content=\"Il-Professional Advisory Prevention Team (PAPT) jipprovdi appo\u0121\u0121 lil individwi b&#039;di\u017cabilit\u00e0 billi jindirizza im\u0121iba ta&#039; t\u0127assib u kwistjonijiet relatati mas-sesswalit\u00e0, permezz ta&#039; konsultazzjonijiet, sessjonijiet ta&#039; ta\u0127ri\u0121, u appo\u0121\u0121 individwali.\" \/>\n<meta name=\"robots\" content=\"index, follow, max-snippet:-1, max-image-preview:large, max-video-preview:-1\" \/>\n<link rel=\"canonical\" href=\"https:\/\/sapport.gov.mt\/mt\/servizzi\/professional-advisory-prevention-team\/\" \/>\n<meta property=\"og:locale\" content=\"mt_MT\" \/>\n<meta property=\"og:type\" content=\"article\" \/>\n<meta property=\"og:title\" content=\"Professional Advisory Prevention Team - Agenzija Sapport\" \/>\n<meta property=\"og:description\" content=\"Il-Professional Advisory Prevention Team (PAPT) jipprovdi appo\u0121\u0121 lil individwi b&#039;di\u017cabilit\u00e0 billi jindirizza im\u0121iba ta&#039; t\u0127assib u kwistjonijiet relatati mas-sesswalit\u00e0, permezz ta&#039; konsultazzjonijiet, sessjonijiet ta&#039; ta\u0127ri\u0121, u appo\u0121\u0121 individwali.\" \/>\n<meta property=\"og:url\" content=\"https:\/\/sapport.gov.mt\/mt\/servizzi\/professional-advisory-prevention-team\/\" \/>\n<meta property=\"og:site_name\" content=\"Agenzija Sapport\" \/>\n<meta property=\"article:modified_time\" content=\"2026-02-06T14:56:55+00:00\" \/>\n<meta property=\"og:image\" content=\"https:\/\/sapport.gov.mt\/wp-content\/uploads\/2025\/07\/PAPT-3-scaled.jpg\" \/>\n\t<meta property=\"og:image:width\" content=\"2560\" \/>\n\t<meta property=\"og:image:height\" content=\"1920\" \/>\n\t<meta property=\"og:image:type\" content=\"image\/jpeg\" \/>\n<meta name=\"twitter:card\" content=\"summary_large_image\" \/>\n<meta name=\"twitter:label1\" content=\"Est. reading time\" \/>\n\t<meta name=\"twitter:data1\" content=\"2 minutes\" \/>\n<script type=\"application\/ld+json\" class=\"yoast-schema-graph\">{\"@context\":\"https:\\\/\\\/schema.org\",\"@graph\":[{\"@type\":\"WebPage\",\"@id\":\"https:\\\/\\\/sapport.gov.mt\\\/mt\\\/servizzi\\\/professional-advisory-prevention-team\\\/\",\"url\":\"https:\\\/\\\/sapport.gov.mt\\\/mt\\\/servizzi\\\/professional-advisory-prevention-team\\\/\",\"name\":\"Professional Advisory Prevention Team - Agenzija Sapport\",\"isPartOf\":{\"@id\":\"https:\\\/\\\/sapport.gov.mt\\\/mt\\\/#website\"},\"primaryImageOfPage\":{\"@id\":\"https:\\\/\\\/sapport.gov.mt\\\/mt\\\/servizzi\\\/professional-advisory-prevention-team\\\/#primaryimage\"},\"image\":{\"@id\":\"https:\\\/\\\/sapport.gov.mt\\\/mt\\\/servizzi\\\/professional-advisory-prevention-team\\\/#primaryimage\"},\"thumbnailUrl\":\"https:\\\/\\\/sapport.gov.mt\\\/wp-content\\\/uploads\\\/2025\\\/07\\\/PAPT-3-scaled.jpg\",\"datePublished\":\"2025-07-30T05:57:03+00:00\",\"dateModified\":\"2026-02-06T14:56:55+00:00\",\"description\":\"Il-Professional Advisory Prevention Team (PAPT) jipprovdi appo\u0121\u0121 lil individwi b'di\u017cabilit\u00e0 billi jindirizza im\u0121iba ta' t\u0127assib u kwistjonijiet relatati mas-sesswalit\u00e0, permezz ta' konsultazzjonijiet, sessjonijiet ta' ta\u0127ri\u0121, u appo\u0121\u0121 individwali.\",\"breadcrumb\":{\"@id\":\"https:\\\/\\\/sapport.gov.mt\\\/mt\\\/servizzi\\\/professional-advisory-prevention-team\\\/#breadcrumb\"},\"inLanguage\":\"mt-MT\",\"potentialAction\":[{\"@type\":\"ReadAction\",\"target\":[\"https:\\\/\\\/sapport.gov.mt\\\/mt\\\/servizzi\\\/professional-advisory-prevention-team\\\/\"]}]},{\"@type\":\"ImageObject\",\"inLanguage\":\"mt-MT\",\"@id\":\"https:\\\/\\\/sapport.gov.mt\\\/mt\\\/servizzi\\\/professional-advisory-prevention-team\\\/#primaryimage\",\"url\":\"https:\\\/\\\/sapport.gov.mt\\\/wp-content\\\/uploads\\\/2025\\\/07\\\/PAPT-3-scaled.jpg\",\"contentUrl\":\"https:\\\/\\\/sapport.gov.mt\\\/wp-content\\\/uploads\\\/2025\\\/07\\\/PAPT-3-scaled.jpg\",\"width\":2560,\"height\":1920},{\"@type\":\"BreadcrumbList\",\"@id\":\"https:\\\/\\\/sapport.gov.mt\\\/mt\\\/servizzi\\\/professional-advisory-prevention-team\\\/#breadcrumb\",\"itemListElement\":[{\"@type\":\"ListItem\",\"position\":1,\"name\":\"Pa\u0121na\",\"item\":\"https:\\\/\\\/sapport.gov.mt\\\/mt\\\/\"},{\"@type\":\"ListItem\",\"position\":2,\"name\":\"Servizzi\",\"item\":\"https:\\\/\\\/sapport.gov.mt\\\/mt\\\/servizzi\\\/\"},{\"@type\":\"ListItem\",\"position\":3,\"name\":\"Professional Advisory Prevention Team\"}]},{\"@type\":\"WebSite\",\"@id\":\"https:\\\/\\\/sapport.gov.mt\\\/mt\\\/#website\",\"url\":\"https:\\\/\\\/sapport.gov.mt\\\/mt\\\/\",\"name\":\"Agenzija Sapport\",\"description\":\"Providing Professional And Innovative Services To Enhance The Quality Of Life Of Persons With Disabilities\",\"publisher\":{\"@id\":\"https:\\\/\\\/sapport.gov.mt\\\/mt\\\/#organization\"},\"potentialAction\":[{\"@type\":\"SearchAction\",\"target\":{\"@type\":\"EntryPoint\",\"urlTemplate\":\"https:\\\/\\\/sapport.gov.mt\\\/mt\\\/?s={search_term_string}\"},\"query-input\":{\"@type\":\"PropertyValueSpecification\",\"valueRequired\":true,\"valueName\":\"search_term_string\"}}],\"inLanguage\":\"mt-MT\"},{\"@type\":\"Organization\",\"@id\":\"https:\\\/\\\/sapport.gov.mt\\\/mt\\\/#organization\",\"name\":\"A\u0121enzija Sapport\",\"alternateName\":\"Sapport Agency\",\"url\":\"https:\\\/\\\/sapport.gov.mt\\\/mt\\\/\",\"logo\":{\"@type\":\"ImageObject\",\"inLanguage\":\"mt-MT\",\"@id\":\"https:\\\/\\\/sapport.gov.mt\\\/mt\\\/#\\\/schema\\\/logo\\\/image\\\/\",\"url\":\"https:\\\/\\\/sapport.ppdevplayground.com\\\/wp-content\\\/uploads\\\/2022\\\/11\\\/site-logo.png\",\"contentUrl\":\"https:\\\/\\\/sapport.ppdevplayground.com\\\/wp-content\\\/uploads\\\/2022\\\/11\\\/site-logo.png\",\"width\":320,\"height\":178,\"caption\":\"A\u0121enzija Sapport\"},\"image\":{\"@id\":\"https:\\\/\\\/sapport.gov.mt\\\/mt\\\/#\\\/schema\\\/logo\\\/image\\\/\"}}]}<\/script>\n<!-- \/ Yoast SEO plugin. -->","yoast_head_json":{"title":"Professional Advisory Prevention Team - Agenzija Sapport","description":"Il-Professional Advisory Prevention Team (PAPT) jipprovdi appo\u0121\u0121 lil individwi b'di\u017cabilit\u00e0 billi jindirizza im\u0121iba ta' t\u0127assib u kwistjonijiet relatati mas-sesswalit\u00e0, permezz ta' konsultazzjonijiet, sessjonijiet ta' ta\u0127ri\u0121, u appo\u0121\u0121 individwali.","robots":{"index":"index","follow":"follow","max-snippet":"max-snippet:-1","max-image-preview":"max-image-preview:large","max-video-preview":"max-video-preview:-1"},"canonical":"https:\/\/sapport.gov.mt\/mt\/servizzi\/professional-advisory-prevention-team\/","og_locale":"mt_MT","og_type":"article","og_title":"Professional Advisory Prevention Team - Agenzija Sapport","og_description":"Il-Professional Advisory Prevention Team (PAPT) jipprovdi appo\u0121\u0121 lil individwi b'di\u017cabilit\u00e0 billi jindirizza im\u0121iba ta' t\u0127assib u kwistjonijiet relatati mas-sesswalit\u00e0, permezz ta' konsultazzjonijiet, sessjonijiet ta' ta\u0127ri\u0121, u appo\u0121\u0121 individwali.","og_url":"https:\/\/sapport.gov.mt\/mt\/servizzi\/professional-advisory-prevention-team\/","og_site_name":"Agenzija Sapport","article_modified_time":"2026-02-06T14:56:55+00:00","og_image":[{"width":2560,"height":1920,"url":"https:\/\/sapport.gov.mt\/wp-content\/uploads\/2025\/07\/PAPT-3-scaled.jpg","type":"image\/jpeg"}],"twitter_card":"summary_large_image","twitter_misc":{"Est. reading time":"2 minutes"},"schema":{"@context":"https:\/\/schema.org","@graph":[{"@type":"WebPage","@id":"https:\/\/sapport.gov.mt\/mt\/servizzi\/professional-advisory-prevention-team\/","url":"https:\/\/sapport.gov.mt\/mt\/servizzi\/professional-advisory-prevention-team\/","name":"Professional Advisory Prevention Team - Agenzija Sapport","isPartOf":{"@id":"https:\/\/sapport.gov.mt\/mt\/#website"},"primaryImageOfPage":{"@id":"https:\/\/sapport.gov.mt\/mt\/servizzi\/professional-advisory-prevention-team\/#primaryimage"},"image":{"@id":"https:\/\/sapport.gov.mt\/mt\/servizzi\/professional-advisory-prevention-team\/#primaryimage"},"thumbnailUrl":"https:\/\/sapport.gov.mt\/wp-content\/uploads\/2025\/07\/PAPT-3-scaled.jpg","datePublished":"2025-07-30T05:57:03+00:00","dateModified":"2026-02-06T14:56:55+00:00","description":"Il-Professional Advisory Prevention Team (PAPT) jipprovdi appo\u0121\u0121 lil individwi b'di\u017cabilit\u00e0 billi jindirizza im\u0121iba ta' t\u0127assib u kwistjonijiet relatati mas-sesswalit\u00e0, permezz ta' konsultazzjonijiet, sessjonijiet ta' ta\u0127ri\u0121, u appo\u0121\u0121 individwali.","breadcrumb":{"@id":"https:\/\/sapport.gov.mt\/mt\/servizzi\/professional-advisory-prevention-team\/#breadcrumb"},"inLanguage":"mt-MT","potentialAction":[{"@type":"ReadAction","target":["https:\/\/sapport.gov.mt\/mt\/servizzi\/professional-advisory-prevention-team\/"]}]},{"@type":"ImageObject","inLanguage":"mt-MT","@id":"https:\/\/sapport.gov.mt\/mt\/servizzi\/professional-advisory-prevention-team\/#primaryimage","url":"https:\/\/sapport.gov.mt\/wp-content\/uploads\/2025\/07\/PAPT-3-scaled.jpg","contentUrl":"https:\/\/sapport.gov.mt\/wp-content\/uploads\/2025\/07\/PAPT-3-scaled.jpg","width":2560,"height":1920},{"@type":"BreadcrumbList","@id":"https:\/\/sapport.gov.mt\/mt\/servizzi\/professional-advisory-prevention-team\/#breadcrumb","itemListElement":[{"@type":"ListItem","position":1,"name":"Pa\u0121na","item":"https:\/\/sapport.gov.mt\/mt\/"},{"@type":"ListItem","position":2,"name":"Servizzi","item":"https:\/\/sapport.gov.mt\/mt\/servizzi\/"},{"@type":"ListItem","position":3,"name":"Professional Advisory Prevention Team"}]},{"@type":"WebSite","@id":"https:\/\/sapport.gov.mt\/mt\/#website","url":"https:\/\/sapport.gov.mt\/mt\/","name":"Agenzija Sapport","description":"Providing Professional And Innovative Services To Enhance The Quality Of Life Of Persons With Disabilities","publisher":{"@id":"https:\/\/sapport.gov.mt\/mt\/#organization"},"potentialAction":[{"@type":"SearchAction","target":{"@type":"EntryPoint","urlTemplate":"https:\/\/sapport.gov.mt\/mt\/?s={search_term_string}"},"query-input":{"@type":"PropertyValueSpecification","valueRequired":true,"valueName":"search_term_string"}}],"inLanguage":"mt-MT"},{"@type":"Organization","@id":"https:\/\/sapport.gov.mt\/mt\/#organization","name":"A\u0121enzija Sapport","alternateName":"Sapport Agency","url":"https:\/\/sapport.gov.mt\/mt\/","logo":{"@type":"ImageObject","inLanguage":"mt-MT","@id":"https:\/\/sapport.gov.mt\/mt\/#\/schema\/logo\/image\/","url":"https:\/\/sapport.ppdevplayground.com\/wp-content\/uploads\/2022\/11\/site-logo.png","contentUrl":"https:\/\/sapport.ppdevplayground.com\/wp-content\/uploads\/2022\/11\/site-logo.png","width":320,"height":178,"caption":"A\u0121enzija Sapport"},"image":{"@id":"https:\/\/sapport.gov.mt\/mt\/#\/schema\/logo\/image\/"}}]}},"_links":{"self":[{"href":"https:\/\/sapport.gov.mt\/mt\/wp-json\/wp\/v2\/pages\/11709","targetHints":{"allow":["GET"]}}],"collection":[{"href":"https:\/\/sapport.gov.mt\/mt\/wp-json\/wp\/v2\/pages"}],"about":[{"href":"https:\/\/sapport.gov.mt\/mt\/wp-json\/wp\/v2\/types\/page"}],"author":[{"embeddable":true,"href":"https:\/\/sapport.gov.mt\/mt\/wp-json\/wp\/v2\/users\/9"}],"replies":[{"embeddable":true,"href":"https:\/\/sapport.gov.mt\/mt\/wp-json\/wp\/v2\/comments?post=11709"}],"version-history":[{"count":11,"href":"https:\/\/sapport.gov.mt\/mt\/wp-json\/wp\/v2\/pages\/11709\/revisions"}],"predecessor-version":[{"id":13336,"href":"https:\/\/sapport.gov.mt\/mt\/wp-json\/wp\/v2\/pages\/11709\/revisions\/13336"}],"up":[{"embeddable":true,"href":"https:\/\/sapport.gov.mt\/mt\/wp-json\/wp\/v2\/pages\/2105"}],"wp:featuredmedia":[{"embeddable":true,"href":"https:\/\/sapport.gov.mt\/mt\/wp-json\/wp\/v2\/media\/11711"}],"wp:attachment":[{"href":"https:\/\/sapport.gov.mt\/mt\/wp-json\/wp\/v2\/media?parent=11709"}],"wp:term":[{"taxonomy":"category","embeddable":true,"href":"https:\/\/sapport.gov.mt\/mt\/wp-json\/wp\/v2\/categories?post=11709"}],"curies":[{"name":"wp","href":"https:\/\/api.w.org\/{rel}","templated":true}]}}