{"id":12022,"date":"2025-09-12T10:55:07","date_gmt":"2025-09-12T08:55:07","guid":{"rendered":"https:\/\/sapport.gov.mt\/?page_id=12022"},"modified":"2026-02-06T15:56:07","modified_gmt":"2026-02-06T14:56:07","slug":"personal-budget-assistance-scheme","status":"publish","type":"page","link":"https:\/\/sapport.gov.mt\/mt\/servizzi\/personal-budget-assistance-scheme\/","title":{"rendered":"Personal Budget Assistance Scheme"},"content":{"rendered":"<div class=\"tabs-text align\">\n    <div id=\"tabs-text-block_b301c6c6752ea80ef9af1f9f40813e49\" class=\"block-tabs-text\">\n\n    <div class=\"blend-mode luminosity\">\n                <div class=\"img inline-bg-image lazyload\" role=\"img\" aria-label=\"\" style=\"background-image:inherit;\" data-bg-image=\"url(https:\/\/sapport.gov.mt\/wp-content\/uploads\/2025\/09\/1.jpg)\"><\/div>\n    <\/div>\n\n    <div class=\"inner np flex-columns stretch\">\n        <div class=\"col-35 left-side\">\n\n            \n            <p class=\"breadcrumbs\"><span><span><a href=\"https:\/\/sapport.gov.mt\/mt\/\">Pa\u0121na<\/a><\/span><\/span><\/p>\n            <h1 class=\"h1 white\">Personal Budget Assistance Scheme<\/h1>\n\n            \n                        <ul id=\"tabs-nav\" class=\"tabs-nav\">\n                \n                    <li class=\"tab-title\">\n                        <a id=\"arsa-enerali\" href=\"#tabs-content\" data-tab=\"#tab1\" class=\"tab-nav\">\u0126arsa \u0120enerali<\/a>\n                    <\/li>\n            \n                \n                    <li class=\"tab-title\">\n                        <a id=\"eliibilit\" href=\"#tabs-content\" data-tab=\"#tab2\" class=\"tab-nav\">Eli\u0121ibilit\u00e0<\/a>\n                    <\/li>\n            \n                \n                    <li class=\"tab-title\">\n                        <a id=\"riferimenti-u-assesjar\" href=\"#tabs-content\" data-tab=\"#tab3\" class=\"tab-nav\">Riferimenti u Assesjar<\/a>\n                    <\/li>\n            \n                \n                    <li class=\"tab-title\">\n                        <a id=\"il-proess-ta-applikazzjoni-gall-personal-budget-assistance-scheme\" href=\"#tabs-content\" data-tab=\"#tab4\" class=\"tab-nav\">Il-pro\u010bess ta\u2019 applikazzjoni g\u0127all-Personal Budget Assistance Scheme<\/a>\n                    <\/li>\n            \n                            <\/ul>\n                    <\/div>\n\n        <div class=\"col-65 right-side\">\n            \n                        <div id=\"tabs-content\" class=\"tabs-content\">\n                                <div id=\"tab1\" class=\"tab-content\">\n                    <h2 class=\"h4\">\u0126arsa \u0120enerali<\/h2>\n                    <div class=\"post-content\"><p>L-Personal Budget Assistance Scheme g\u0127andha l-g\u0127an li tappo\u0121\u0121ja lill-persuni b\u2019di\u017cabilit\u00e0 biex jiksbu aktar awtonomija u inklu\u017cjoni fi \u0127dan il-komunitajiet tag\u0127hom. L-iskema tipprovdi sussidju finanzjarju biex tippermetti lil individwi eli\u0121ibbli jimpjegaw assistenti personali li jg\u0127inuhom iwettqu attivitajiet ta\u2019 kuljum, u b\u2019hekk tiffa\u010bilita \u0127ajja indipendenti u tnaqqas id-dipendenza fuq kura istituzzjonali jew fil-familja.<\/p>\n<p>&nbsp;<\/p>\n<p>L-Personal Budget Assistance Scheme mhijiex biss mekkani\u017cmu ta\u2019 finanzjament – hija mudell ibba\u017cat fuq id-drittijiet u mmexxi mill-persuna li jag\u0127ti definizzjoni \u0121dida lill-appo\u0121\u0121 g\u0127al persuni b\u2019di\u017cabilit\u00e0. Billi tikkonforma mal-istandards internazzjonali, din tikkontribwixxi g\u0127al so\u010bjet\u00e0 aktar inklussiva u \u0121usta.<\/p>\n<p>&nbsp;<\/p>\n<p>Is-servizz huwa msejjes b\u2019mod sod fuq il-prin\u010bipji tal-Konvenzjoni tan-Nazzjonijiet Uniti dwar id-Drittijiet ta\u2019 Persuni b\u2019Di\u017cabilit\u00e0 (UNCRPD), b\u2019mod partikolari l-Artikolu 19, li jafferma d-dritt tal-persuni b\u2019di\u017cabilit\u00e0 li jg\u0127ixu b\u2019mod indipendenti u li jkunu inklu\u017ci bis-s\u0127i\u0127 fil-komunit\u00e0. L-Personal Budget Assistance Scheme timplimenta dan id-dritt billi toffri mudell ta\u2019 appo\u0121\u0121 flessibbli u \u010b\u010bentrat fuq il-persuna li jag\u0127ti s-setg\u0127a lill-individwi biex jag\u0127mlu g\u0127a\u017cliet dwar kif, meta, u minn min ji\u0121i pprovdut l-appo\u0121\u0121 tag\u0127hom.<\/p>\n<\/div>\n\n                                            \n                <\/div>\n                                <div id=\"tab2\" class=\"tab-content\">\n                    <h2 class=\"h4\">Eli\u0121ibilit\u00e0<\/h2>\n                    <div class=\"post-content\"><p>L-Personal Budget Assistance Scheme hija offruta lil persuni b\u2019di\u017cabilit\u00e0 bejn l-etajiet ta\u2019 16 u 60 sena.<\/p>\n<p>&nbsp;<\/p>\n<p>&nbsp;<\/p>\n<\/div>\n\n                                            \n                <\/div>\n                                <div id=\"tab3\" class=\"tab-content\">\n                    <h2 class=\"h4\">Riferimenti u Assesjar<\/h2>\n                    <div class=\"post-content\"><p>It-tim tal-Intake jir\u010bievi u jippro\u010bessa l-ka\u017cijiet kollha li jaslu minn servizzi prospettivi, il-familji u professjonisti o\u0127ra li je\u0127tie\u0121u kwalunkwe servizz fl-A\u0121enzija. Il-ka\u017cijiet kollha li jid\u0127lu ji\u0121u assessjati bir-reqqa mill-professjonisti tat-tim, li jidentifikaw liema servizz\/i l-individwu jista\u2019 jibbenifika minnu skont il-b\u017connijiet, interessi u x-xewqat tal-individwu.<\/p>\n<p>&nbsp;<\/p>\n<p>Wara dan l-assessjar, u ladarba ti\u0121i stabbilita l-eli\u0121ibilit\u00e0, it-tim jikkollabora mal-professjonisti mil-Personal Budget Assistance Team.<\/p>\n<p>&nbsp;<\/p>\n<p>Il-ka\u017c imbag\u0127ad ji\u0121i assenjat g\u0127al assessjar bir-reqqa, li matulu ji\u0121u evalwati bir-reqqa l-b\u017connijiet, l-g\u0127anijiet, u \u010b-\u010birkustanzi tal-g\u0127ajxien tal-individwu. Wara dan, il-ka\u017c ji\u0121i ppre\u017centat quddiem Bord g\u0127al rie\u017cami u te\u0127id ta\u2019 de\u010bi\u017cjoni. Jekk approvat, tin\u0127are\u0121 ittra ta\u2019 de\u010bi\u017cjoni, segwita mill-firma ta\u2019 ftehim ta\u2019 servizz. Imbag\u0127ad jibda s-servizz, u t-tkomplija tieg\u0127u ti\u0121i rie\u017caminata u m\u0121edda abba\u017ci tal-b\u017connijiet li qed jevolvu tal-benefi\u010bjarju.<\/p>\n<p>&nbsp;<\/p>\n<p>Il-professjonisti jiggwidaw lill-applikanti matul l-istadji amministrattivi u ta\u2019 evalwazzjoni u ji\u017cguraw li kull ka\u017c ji\u0121i ppre\u017centat b\u2019mod \u010bar u \u0121ust lill-Bord. Madankollu, l-iskema tenfasizza wkoll l-importanza li ti\u0121i limitata d-dipendenza fit-tul fuq il-professjonisti. Wie\u0127ed mill-g\u0127anijiet ewlenin tieg\u0127u huwa li tissa\u0127\u0127a\u0127 il-kapa\u010bit\u00e0 tal-individwi u l-familji li jimmani\u0121\u0121jaw l-arran\u0121amenti ta\u2019 appo\u0121\u0121 tag\u0127hom stess. Dan jinkludi ta\u0127ri\u0121 u ri\u017corsi biex jg\u0127inu lill-benefi\u010bjarji jirreklutaw, jissorveljaw, u jikkoordinaw b\u2019mod indipendenti lill-assistenti personali tag\u0127hom, u b\u2019hekk jrawmu l-awtonomizzazzjoni u l-awtodeterminazzjoni fit-tul.<\/p>\n<p>&nbsp;<\/p>\n<p><a href=\"https:\/\/sapport.gov.mt\/mt\/mistoqsijiet-frekwenti\/#personal-budget-assistance-scheme\" target=\"_blank\" rel=\"noopener\">Ag\u0127fas fuq din il-\u0127olqa g\u0127all-Mistoqsijiet Frekwenti (FAQs) dwar dan is-servizz<\/a><\/p>\n<\/div>\n\n                                            \n                <\/div>\n                                <div id=\"tab4\" class=\"tab-content\">\n                    <h2 class=\"h4\">Il-pro\u010bess ta\u2019 applikazzjoni g\u0127all-Personal Budget Assistance Scheme<\/h2>\n                    <div class=\"post-content\"><p>Il-pro\u010bess ta\u2019 applikazzjoni g\u0127all-Family Assistance Support Scheme huwa strutturat biex ji\u017cgura \u010barezza u effi\u010bjenza. Il-passi involuti huma kif \u0121ej:<\/p>\n<p>&nbsp;<\/p>\n<ol>\n<li><strong>L-applikant jissottometti l-applikazzjoni<\/strong><\/li>\n<\/ol>\n<p>L-applikazzjoni inizjali hija sottomessa permezz tat-tim tal-Intake.<br \/>\n&nbsp;<\/p>\n<ol start=\"2\">\n<li><strong>Riferiment g\u0127al-Personal Budget Assistance Team<\/strong><\/li>\n<\/ol>\n<p>It-tim tal-Intake jg\u0127addi r-riferiment lil-Personal Budget Assistance Team<br \/>\n&nbsp;<\/p>\n<ol start=\"3\">\n<li><strong>Assenjazzjoni tal-ka\u017c<\/strong><\/li>\n<\/ol>\n<p>Ladarba jkun disponibbli professjonist, il-ka\u017c ji\u0121i assenjat.<br \/>\n&nbsp;<\/p>\n<ol start=\"4\">\n<li><strong>Assessjar tal-Personal Budget Assistance Scheme <\/strong><\/li>\n<\/ol>\n<p>L-assessjar bir-reqqa jsir mil-Personal Budget Assistance Team.<\/p>\n<p>&nbsp;<\/p>\n<ol start=\"5\">\n<li><strong>Pre\u017centazzjoni lill-Bord<\/strong><\/li>\n<\/ol>\n<p>Il-ka\u017c ji\u0121i ppre\u017centat quddiem il-Bord g\u0127all-rie\u017cami.<br \/>\n&nbsp;<\/p>\n<ol start=\"6\">\n<li><strong>\u0126ru\u0121 tal-ittra ta\u2019 de\u010bi\u017cjoni<\/strong><\/li>\n<\/ol>\n<p>L-ittra tad-de\u010bi\u017cjoni tin\u0127are\u0121 abba\u017ci tar-rie\u017cami tal-Bord.<br \/>\n&nbsp;<\/p>\n<ol start=\"7\">\n<li><strong>Ftehim ta\u2019 servizz iffirmat<\/strong><\/li>\n<\/ol>\n<p>Il-ftehim ta\u2019 servizz huwa ffirmat bejn il-benefi\u010bjarju u l-fornitur tas-servizz.<br \/>\n&nbsp;<\/p>\n<ol start=\"8\">\n<li><strong>Inizjazzjoni tas-servizz<\/strong><\/li>\n<\/ol>\n<p>Is-servizz jibda skont il-ftehim.<br \/>\n&nbsp;<\/p>\n<ol start=\"9\">\n<li><strong>Ti\u0121did tas-servizz<\/strong><\/li>\n<\/ol>\n<p>Is-servizz ji\u0121i rie\u017caminat u m\u0121edded skont il-b\u017connijiet tal-benefi\u010bjarju.<\/p>\n<\/div>\n\n                                            \n                <\/div>\n                            <\/div>\n                    \n        <\/div>\n\n    <\/div>\n<\/div><\/div>","protected":false},"excerpt":{"rendered":"<p>L-iskema tipprovdi sussidju finanzjarju biex tippermetti lil individwi eli\u0121ibbli jimpjegaw assistenti personali li jg\u0127inuhom iwettqu attivitajiet ta\u2019 kuljum, u b\u2019hekk tiffa\u010bilita \u0127ajja indipendenti u tnaqqas id-dipendenza fuq kura istituzzjonali jew fil-familja.<\/p>\n","protected":false},"author":9,"featured_media":12054,"parent":2105,"menu_order":9,"comment_status":"closed","ping_status":"closed","template":"","meta":{"_acf_changed":false,"inline_featured_image":false,"footnotes":""},"categories":[45],"class_list":["post-12022","page","type-page","status-publish","has-post-thumbnail","hentry","category-services-mt"],"acf":[],"yoast_head":"<!-- This site is optimized with the Yoast SEO plugin v27.3 - https:\/\/yoast.com\/product\/yoast-seo-wordpress\/ -->\n<title>Personal Budget Assistance Scheme - Agenzija Sapport<\/title>\n<meta name=\"description\" content=\"L-iskema tipprovdi sussidju finanzjarju biex tippermetti lil individwi eli\u0121ibbli jimpjegaw assistenti personali li jg\u0127inuhom iwettqu attivitajiet ta\u2019 kuljum, u b\u2019hekk tiffa\u010bilita \u0127ajja indipendenti u tnaqqas id-dipendenza fuq kura istituzzjonali jew fil-familja.\" \/>\n<meta name=\"robots\" content=\"index, follow, max-snippet:-1, max-image-preview:large, max-video-preview:-1\" \/>\n<link rel=\"canonical\" href=\"https:\/\/sapport.gov.mt\/mt\/servizzi\/personal-budget-assistance-scheme\/\" \/>\n<meta property=\"og:locale\" content=\"mt_MT\" \/>\n<meta property=\"og:type\" content=\"article\" \/>\n<meta property=\"og:title\" content=\"Personal Budget Assistance Scheme - Agenzija Sapport\" \/>\n<meta property=\"og:description\" content=\"L-iskema tipprovdi sussidju finanzjarju biex tippermetti lil individwi eli\u0121ibbli jimpjegaw assistenti personali li jg\u0127inuhom iwettqu attivitajiet ta\u2019 kuljum, u b\u2019hekk tiffa\u010bilita \u0127ajja indipendenti u tnaqqas id-dipendenza fuq kura istituzzjonali jew fil-familja.\" \/>\n<meta property=\"og:url\" content=\"https:\/\/sapport.gov.mt\/mt\/servizzi\/personal-budget-assistance-scheme\/\" \/>\n<meta property=\"og:site_name\" content=\"Agenzija Sapport\" \/>\n<meta property=\"article:modified_time\" content=\"2026-02-06T14:56:07+00:00\" \/>\n<meta property=\"og:image\" content=\"https:\/\/sapport.gov.mt\/wp-content\/uploads\/2025\/09\/1.jpg\" \/>\n\t<meta property=\"og:image:width\" content=\"1536\" \/>\n\t<meta property=\"og:image:height\" content=\"2048\" \/>\n\t<meta property=\"og:image:type\" content=\"image\/jpeg\" \/>\n<meta name=\"twitter:card\" content=\"summary_large_image\" \/>\n<meta name=\"twitter:label1\" content=\"Est. reading time\" \/>\n\t<meta name=\"twitter:data1\" content=\"3 minutes\" \/>\n<script type=\"application\/ld+json\" class=\"yoast-schema-graph\">{\"@context\":\"https:\\\/\\\/schema.org\",\"@graph\":[{\"@type\":\"WebPage\",\"@id\":\"https:\\\/\\\/sapport.gov.mt\\\/mt\\\/servizzi\\\/personal-budget-assistance-scheme\\\/\",\"url\":\"https:\\\/\\\/sapport.gov.mt\\\/mt\\\/servizzi\\\/personal-budget-assistance-scheme\\\/\",\"name\":\"Personal Budget Assistance Scheme - Agenzija Sapport\",\"isPartOf\":{\"@id\":\"https:\\\/\\\/sapport.gov.mt\\\/mt\\\/#website\"},\"primaryImageOfPage\":{\"@id\":\"https:\\\/\\\/sapport.gov.mt\\\/mt\\\/servizzi\\\/personal-budget-assistance-scheme\\\/#primaryimage\"},\"image\":{\"@id\":\"https:\\\/\\\/sapport.gov.mt\\\/mt\\\/servizzi\\\/personal-budget-assistance-scheme\\\/#primaryimage\"},\"thumbnailUrl\":\"https:\\\/\\\/sapport.gov.mt\\\/wp-content\\\/uploads\\\/2025\\\/09\\\/1.jpg\",\"datePublished\":\"2025-09-12T08:55:07+00:00\",\"dateModified\":\"2026-02-06T14:56:07+00:00\",\"description\":\"L-iskema tipprovdi sussidju finanzjarju biex tippermetti lil individwi eli\u0121ibbli jimpjegaw assistenti personali li jg\u0127inuhom iwettqu attivitajiet ta\u2019 kuljum, u b\u2019hekk tiffa\u010bilita \u0127ajja indipendenti u tnaqqas id-dipendenza fuq kura istituzzjonali jew fil-familja.\",\"breadcrumb\":{\"@id\":\"https:\\\/\\\/sapport.gov.mt\\\/mt\\\/servizzi\\\/personal-budget-assistance-scheme\\\/#breadcrumb\"},\"inLanguage\":\"mt-MT\",\"potentialAction\":[{\"@type\":\"ReadAction\",\"target\":[\"https:\\\/\\\/sapport.gov.mt\\\/mt\\\/servizzi\\\/personal-budget-assistance-scheme\\\/\"]}]},{\"@type\":\"ImageObject\",\"inLanguage\":\"mt-MT\",\"@id\":\"https:\\\/\\\/sapport.gov.mt\\\/mt\\\/servizzi\\\/personal-budget-assistance-scheme\\\/#primaryimage\",\"url\":\"https:\\\/\\\/sapport.gov.mt\\\/wp-content\\\/uploads\\\/2025\\\/09\\\/1.jpg\",\"contentUrl\":\"https:\\\/\\\/sapport.gov.mt\\\/wp-content\\\/uploads\\\/2025\\\/09\\\/1.jpg\",\"width\":1536,\"height\":2048},{\"@type\":\"BreadcrumbList\",\"@id\":\"https:\\\/\\\/sapport.gov.mt\\\/mt\\\/servizzi\\\/personal-budget-assistance-scheme\\\/#breadcrumb\",\"itemListElement\":[{\"@type\":\"ListItem\",\"position\":1,\"name\":\"Pa\u0121na\",\"item\":\"https:\\\/\\\/sapport.gov.mt\\\/mt\\\/\"},{\"@type\":\"ListItem\",\"position\":2,\"name\":\"Servizzi\",\"item\":\"https:\\\/\\\/sapport.gov.mt\\\/mt\\\/servizzi\\\/\"},{\"@type\":\"ListItem\",\"position\":3,\"name\":\"Personal Budget Assistance Scheme\"}]},{\"@type\":\"WebSite\",\"@id\":\"https:\\\/\\\/sapport.gov.mt\\\/mt\\\/#website\",\"url\":\"https:\\\/\\\/sapport.gov.mt\\\/mt\\\/\",\"name\":\"Agenzija Sapport\",\"description\":\"Providing Professional And Innovative Services To Enhance The Quality Of Life Of Persons With Disabilities\",\"publisher\":{\"@id\":\"https:\\\/\\\/sapport.gov.mt\\\/mt\\\/#organization\"},\"potentialAction\":[{\"@type\":\"SearchAction\",\"target\":{\"@type\":\"EntryPoint\",\"urlTemplate\":\"https:\\\/\\\/sapport.gov.mt\\\/mt\\\/?s={search_term_string}\"},\"query-input\":{\"@type\":\"PropertyValueSpecification\",\"valueRequired\":true,\"valueName\":\"search_term_string\"}}],\"inLanguage\":\"mt-MT\"},{\"@type\":\"Organization\",\"@id\":\"https:\\\/\\\/sapport.gov.mt\\\/mt\\\/#organization\",\"name\":\"A\u0121enzija Sapport\",\"alternateName\":\"Sapport Agency\",\"url\":\"https:\\\/\\\/sapport.gov.mt\\\/mt\\\/\",\"logo\":{\"@type\":\"ImageObject\",\"inLanguage\":\"mt-MT\",\"@id\":\"https:\\\/\\\/sapport.gov.mt\\\/mt\\\/#\\\/schema\\\/logo\\\/image\\\/\",\"url\":\"https:\\\/\\\/sapport.ppdevplayground.com\\\/wp-content\\\/uploads\\\/2022\\\/11\\\/site-logo.png\",\"contentUrl\":\"https:\\\/\\\/sapport.ppdevplayground.com\\\/wp-content\\\/uploads\\\/2022\\\/11\\\/site-logo.png\",\"width\":320,\"height\":178,\"caption\":\"A\u0121enzija Sapport\"},\"image\":{\"@id\":\"https:\\\/\\\/sapport.gov.mt\\\/mt\\\/#\\\/schema\\\/logo\\\/image\\\/\"}}]}<\/script>\n<!-- \/ Yoast SEO plugin. -->","yoast_head_json":{"title":"Personal Budget Assistance Scheme - Agenzija Sapport","description":"L-iskema tipprovdi sussidju finanzjarju biex tippermetti lil individwi eli\u0121ibbli jimpjegaw assistenti personali li jg\u0127inuhom iwettqu attivitajiet ta\u2019 kuljum, u b\u2019hekk tiffa\u010bilita \u0127ajja indipendenti u tnaqqas id-dipendenza fuq kura istituzzjonali jew fil-familja.","robots":{"index":"index","follow":"follow","max-snippet":"max-snippet:-1","max-image-preview":"max-image-preview:large","max-video-preview":"max-video-preview:-1"},"canonical":"https:\/\/sapport.gov.mt\/mt\/servizzi\/personal-budget-assistance-scheme\/","og_locale":"mt_MT","og_type":"article","og_title":"Personal Budget Assistance Scheme - Agenzija Sapport","og_description":"L-iskema tipprovdi sussidju finanzjarju biex tippermetti lil individwi eli\u0121ibbli jimpjegaw assistenti personali li jg\u0127inuhom iwettqu attivitajiet ta\u2019 kuljum, u b\u2019hekk tiffa\u010bilita \u0127ajja indipendenti u tnaqqas id-dipendenza fuq kura istituzzjonali jew fil-familja.","og_url":"https:\/\/sapport.gov.mt\/mt\/servizzi\/personal-budget-assistance-scheme\/","og_site_name":"Agenzija Sapport","article_modified_time":"2026-02-06T14:56:07+00:00","og_image":[{"width":1536,"height":2048,"url":"https:\/\/sapport.gov.mt\/wp-content\/uploads\/2025\/09\/1.jpg","type":"image\/jpeg"}],"twitter_card":"summary_large_image","twitter_misc":{"Est. reading time":"3 minutes"},"schema":{"@context":"https:\/\/schema.org","@graph":[{"@type":"WebPage","@id":"https:\/\/sapport.gov.mt\/mt\/servizzi\/personal-budget-assistance-scheme\/","url":"https:\/\/sapport.gov.mt\/mt\/servizzi\/personal-budget-assistance-scheme\/","name":"Personal Budget Assistance Scheme - Agenzija Sapport","isPartOf":{"@id":"https:\/\/sapport.gov.mt\/mt\/#website"},"primaryImageOfPage":{"@id":"https:\/\/sapport.gov.mt\/mt\/servizzi\/personal-budget-assistance-scheme\/#primaryimage"},"image":{"@id":"https:\/\/sapport.gov.mt\/mt\/servizzi\/personal-budget-assistance-scheme\/#primaryimage"},"thumbnailUrl":"https:\/\/sapport.gov.mt\/wp-content\/uploads\/2025\/09\/1.jpg","datePublished":"2025-09-12T08:55:07+00:00","dateModified":"2026-02-06T14:56:07+00:00","description":"L-iskema tipprovdi sussidju finanzjarju biex tippermetti lil individwi eli\u0121ibbli jimpjegaw assistenti personali li jg\u0127inuhom iwettqu attivitajiet ta\u2019 kuljum, u b\u2019hekk tiffa\u010bilita \u0127ajja indipendenti u tnaqqas id-dipendenza fuq kura istituzzjonali jew fil-familja.","breadcrumb":{"@id":"https:\/\/sapport.gov.mt\/mt\/servizzi\/personal-budget-assistance-scheme\/#breadcrumb"},"inLanguage":"mt-MT","potentialAction":[{"@type":"ReadAction","target":["https:\/\/sapport.gov.mt\/mt\/servizzi\/personal-budget-assistance-scheme\/"]}]},{"@type":"ImageObject","inLanguage":"mt-MT","@id":"https:\/\/sapport.gov.mt\/mt\/servizzi\/personal-budget-assistance-scheme\/#primaryimage","url":"https:\/\/sapport.gov.mt\/wp-content\/uploads\/2025\/09\/1.jpg","contentUrl":"https:\/\/sapport.gov.mt\/wp-content\/uploads\/2025\/09\/1.jpg","width":1536,"height":2048},{"@type":"BreadcrumbList","@id":"https:\/\/sapport.gov.mt\/mt\/servizzi\/personal-budget-assistance-scheme\/#breadcrumb","itemListElement":[{"@type":"ListItem","position":1,"name":"Pa\u0121na","item":"https:\/\/sapport.gov.mt\/mt\/"},{"@type":"ListItem","position":2,"name":"Servizzi","item":"https:\/\/sapport.gov.mt\/mt\/servizzi\/"},{"@type":"ListItem","position":3,"name":"Personal Budget Assistance Scheme"}]},{"@type":"WebSite","@id":"https:\/\/sapport.gov.mt\/mt\/#website","url":"https:\/\/sapport.gov.mt\/mt\/","name":"Agenzija Sapport","description":"Providing Professional And Innovative Services To Enhance The Quality Of Life Of Persons With Disabilities","publisher":{"@id":"https:\/\/sapport.gov.mt\/mt\/#organization"},"potentialAction":[{"@type":"SearchAction","target":{"@type":"EntryPoint","urlTemplate":"https:\/\/sapport.gov.mt\/mt\/?s={search_term_string}"},"query-input":{"@type":"PropertyValueSpecification","valueRequired":true,"valueName":"search_term_string"}}],"inLanguage":"mt-MT"},{"@type":"Organization","@id":"https:\/\/sapport.gov.mt\/mt\/#organization","name":"A\u0121enzija Sapport","alternateName":"Sapport Agency","url":"https:\/\/sapport.gov.mt\/mt\/","logo":{"@type":"ImageObject","inLanguage":"mt-MT","@id":"https:\/\/sapport.gov.mt\/mt\/#\/schema\/logo\/image\/","url":"https:\/\/sapport.ppdevplayground.com\/wp-content\/uploads\/2022\/11\/site-logo.png","contentUrl":"https:\/\/sapport.ppdevplayground.com\/wp-content\/uploads\/2022\/11\/site-logo.png","width":320,"height":178,"caption":"A\u0121enzija Sapport"},"image":{"@id":"https:\/\/sapport.gov.mt\/mt\/#\/schema\/logo\/image\/"}}]}},"_links":{"self":[{"href":"https:\/\/sapport.gov.mt\/mt\/wp-json\/wp\/v2\/pages\/12022","targetHints":{"allow":["GET"]}}],"collection":[{"href":"https:\/\/sapport.gov.mt\/mt\/wp-json\/wp\/v2\/pages"}],"about":[{"href":"https:\/\/sapport.gov.mt\/mt\/wp-json\/wp\/v2\/types\/page"}],"author":[{"embeddable":true,"href":"https:\/\/sapport.gov.mt\/mt\/wp-json\/wp\/v2\/users\/9"}],"replies":[{"embeddable":true,"href":"https:\/\/sapport.gov.mt\/mt\/wp-json\/wp\/v2\/comments?post=12022"}],"version-history":[{"count":10,"href":"https:\/\/sapport.gov.mt\/mt\/wp-json\/wp\/v2\/pages\/12022\/revisions"}],"predecessor-version":[{"id":13335,"href":"https:\/\/sapport.gov.mt\/mt\/wp-json\/wp\/v2\/pages\/12022\/revisions\/13335"}],"up":[{"embeddable":true,"href":"https:\/\/sapport.gov.mt\/mt\/wp-json\/wp\/v2\/pages\/2105"}],"wp:featuredmedia":[{"embeddable":true,"href":"https:\/\/sapport.gov.mt\/mt\/wp-json\/wp\/v2\/media\/12054"}],"wp:attachment":[{"href":"https:\/\/sapport.gov.mt\/mt\/wp-json\/wp\/v2\/media?parent=12022"}],"wp:term":[{"taxonomy":"category","embeddable":true,"href":"https:\/\/sapport.gov.mt\/mt\/wp-json\/wp\/v2\/categories?post=12022"}],"curies":[{"name":"wp","href":"https:\/\/api.w.org\/{rel}","templated":true}]}}