{"id":12036,"date":"2025-09-12T10:39:06","date_gmt":"2025-09-12T08:39:06","guid":{"rendered":"https:\/\/sapport.gov.mt\/?page_id=12036"},"modified":"2026-03-09T15:22:17","modified_gmt":"2026-03-09T14:22:17","slug":"family-assistance-support-scheme","status":"publish","type":"page","link":"https:\/\/sapport.gov.mt\/mt\/servizzi\/family-assistance-support-scheme\/","title":{"rendered":"Family Assistance Support Scheme"},"content":{"rendered":"<div class=\"tabs-text align\">\n    <div id=\"tabs-text-block_53017a352b2106514dd014754c47df61\" class=\"block-tabs-text\">\n\n    <div class=\"blend-mode luminosity\">\n                <div class=\"img inline-bg-image lazyload\" role=\"img\" aria-label=\"\" style=\"background-image:inherit;\" data-bg-image=\"url(https:\/\/sapport.gov.mt\/wp-content\/uploads\/2025\/09\/FAST-3-scaled.jpg)\"><\/div>\n    <\/div>\n\n    <div class=\"inner np flex-columns stretch\">\n        <div class=\"col-35 left-side\">\n\n            \n            <p class=\"breadcrumbs\"><span><span><a href=\"https:\/\/sapport.gov.mt\/mt\/\">Pa\u0121na<\/a><\/span><\/span><\/p>\n            <h1 class=\"h1 white\">Family Assistance Support Scheme <\/h1>\n\n            \n                        <ul id=\"tabs-nav\" class=\"tabs-nav\">\n                \n                    <li class=\"tab-title\">\n                        <a id=\"arsa-enerali\" href=\"#tabs-content\" data-tab=\"#tab1\" class=\"tab-nav\">\u0126arsa \u0120enerali<\/a>\n                    <\/li>\n            \n                \n                    <li class=\"tab-title\">\n                        <a id=\"eliibilit\" href=\"#tabs-content\" data-tab=\"#tab2\" class=\"tab-nav\">Eli\u0121ibilit\u00e0<\/a>\n                    <\/li>\n            \n                \n                    <li class=\"tab-title\">\n                        <a id=\"riferimenti-u-assesjar\" href=\"#tabs-content\" data-tab=\"#tab3\" class=\"tab-nav\">Riferimenti u Assesjar<\/a>\n                    <\/li>\n            \n                \n                    <li class=\"tab-title\">\n                        <a id=\"il-proess-ta-applikazzjoni-gall-family-assistance-support-scheme-\" href=\"#tabs-content\" data-tab=\"#tab4\" class=\"tab-nav\">Il-pro\u010bess ta\u2019 applikazzjoni g\u0127all-Family Assistance Support Scheme <\/a>\n                    <\/li>\n            \n                            <\/ul>\n                    <\/div>\n\n        <div class=\"col-65 right-side\">\n            \n                        <div id=\"tabs-content\" class=\"tabs-content\">\n                                <div id=\"tab1\" class=\"tab-content\">\n                    <h2 class=\"h4\">\u0126arsa \u0120enerali<\/h2>\n                    <div class=\"post-content\"><p>Il-Family Assistance Support Team jipprovdi assistenza lil familji ta\u2019 tfal li g\u0127andhom di\u017cabilitajiet. L-g\u0127an primarju ta\u2019 dan is-servizz huwa li jipprovdi g\u0127ajnuna finanzjarja, f\u2019forma ta\u2019 sussidju, lill-familji sabiex ikunu jistg\u0127u jimpjegaw persuna tal-g\u0127a\u017cla tag\u0127hom. L-irwol pri\u010bipali ta\u2019 dan l-individwu hu li jassisti fil-b\u017connijiet ta\u2019 kuljum relatati mar-rekwi\u017citi spe\u010bifi\u010bi tat-tfal b\u2019di\u017cabilit\u00e0.<\/p>\n<p>&nbsp;<\/p>\n<p>Permezz ta\u2019 din l-iskema, familji jing\u0127ataw sostenn biex ila\u0127\u0127qu mal-b\u017connijiet kumplessi u varji marbuta mad-di\u017cabilitajiet. L-g\u0127an tal-assistenza li ti\u0121i pprovduta mhix biss biex ittaffi mir-responsabilitajiet tal-kura ta\u2019 kuljum, imma wkoll biex tg\u0127in tfal b\u2019di\u017cabiit\u00e0 jipparte\u010bipaw f\u2019attivitajiet so\u010bjali fil-komunit\u00e0. Bil-promozzjoni tal-parte\u010bipazzjoni attiva u inklussiva, l-iskema tg\u0127in tg\u0127in lit-tfal i\u0127ossuhom parti minn u jinkludu lilhom infushom fil-komunit\u00e0.<\/p>\n<p>&nbsp;<\/p>\n<p><strong>Allinjament mal-prin\u010bipji Internazzjonali u Nazzjonalii<\/strong><\/p>\n<p>&nbsp;<\/p>\n<p>Il-Family Assistance Support Scheme hi mibnija fuq il-prin\u010bipji tal-Konvenzjoni tan-Nazzjonijiet Uniti dwar id-Drittijiet ta\u2019 Persuni b\u2019Di\u017cabilit\u00e0 (UNCRPD), partikolarment l-Artikolu 19. Dan l-artiklu jenfasizza d-dritt tal-persuni b\u2019di\u017cabilit\u00e0 li jg\u0127ixu b\u2019mod indipendenti u li jkunu inklu\u017ci fil-komunit\u00e0. Barra minn hekk, l-iskema timxi mal-g\u0127anijiet imfissra fl-Istrate\u0121ija Nazzjonali ta\u2019 Malta g\u0127ad-Di\u017cabilit\u00e0, sabiex ji\u0121i \u017cgurat li dan l-appro\u010b\u010b jibqa\u2019 konsistenti kemm mal-impennji internazzjonali u l-politika nazzjonali.<\/p>\n<\/div>\n\n                                            \n                <\/div>\n                                <div id=\"tab2\" class=\"tab-content\">\n                    <h2 class=\"h4\">Eli\u0121ibilit\u00e0<\/h2>\n                    <div class=\"post-content\"><p>L-Family Assistance Support Scheme hija miftu\u0127a g\u0127al kull familja li g\u0127andha minuri b\u2019di\u017cabilit\u00e0, spe\u010bifikament tfal ta\u0127t il-15-il sena. Dawn il-familji, mag\u0127rufa b\u0127ala l-benefi\u010bjarji ewlenin, jistg\u0127u japplikaw g\u0127al fondi biex jimpjegaw assistent personali li se jappo\u0121\u0121ja lil uliedhom f\u2019diversi aspetti tal-\u0127ajja ta\u2019 kuljum.<\/p>\n<p>&nbsp;<\/p>\n<p>&nbsp;<\/p>\n<\/div>\n\n                                            \n                <\/div>\n                                <div id=\"tab3\" class=\"tab-content\">\n                    <h2 class=\"h4\">Riferimenti u Assesjar<\/h2>\n                    <div class=\"post-content\"><p>It-tim tal-Intake jir\u010bievi u jippro\u010bessa l-ka\u017cijiet kollha li jaslu minn servizzi prospettivi, il-familji u professjonisti o\u0127ra li je\u0127tie\u0121u kwalunkwe servizz fl-A\u0121enzija. Il-ka\u017cijiet kollha li jid\u0127lu ji\u0121u assessjati bir-reqqa mill-professjonisti tat-tim, li jidentifikaw liema servizz\/i l-individwu jista\u2019 jibbenifika minnu skont il-b\u017connijiet, interessi u x-xewqat tal-individwu.<\/p>\n<p>&nbsp;<\/p>\n<p>Wara dan l-assessjar, u ladarba ti\u0121i stabbilita l-eli\u0121ibilit\u00e0, it-tim jikkollabora mal-professjonisti mil-Family Assistance Support Team.<\/p>\n<p>&nbsp;<\/p>\n<p>Il-professjonisti fit-tim jassessjaw is-sitwazzjoni kurrenti, jippre\u017centaw il-ka\u017c lill-Bord, u jg\u0127inu lill-familji bix-xog\u0127ol amministrattiv me\u0127tie\u0121.<\/p>\n<p>&nbsp;<\/p>\n<p>Filwaqt li l-professjonisti jipprovdu appo\u0121\u0121 essenzjali, l-iskema tinkora\u0121\u0121ixxi lill-familji biex gradwalment jie\u0127du kontroll u jimmani\u0121\u0121jaw l-arran\u0121amenti ta\u2019 assistenza personali proprji tag\u0127hom. Dan jinkludi ta\u0127ri\u0121 u ri\u017corsi biex jg\u0127inu lill-familji jirreklutaw, jissorveljaw, u jikkoordinaw l-assistenti personali tag\u0127hom b\u2019mod indipendenti. L-g\u0127an huwa li ting\u0127ata s-setg\u0127a lill-familji jimmani\u0121\u0121jaw l-arran\u0121amenti ta\u2019 appo\u0121\u0121 tag\u0127hom stess ming\u0127ajr ma jiddependu kompletament fuq professjonisti. Dan l-appro\u010b\u010b irawwem l-awtonomija u ji\u017cgura li l-familji jkollhom l-g\u0127odod u l-g\u0127arfien biex jie\u0127du de\u010bi\u017cjonijiet infurmati dwar il-kura tat-tfal tag\u0127hom.<\/p>\n<p>&nbsp;<\/p>\n<p><a href=\"https:\/\/sapport.gov.mt\/mt\/mistoqsijiet-frekwenti\/#family-assistance-support-scheme-\" target=\"_blank\" rel=\"noopener\">Ag\u0127fas fuq din il-\u0127olqa g\u0127all-Mistoqsijiet Frekwenti (FAQs) dwar dan is-servizz<\/a><\/p>\n<\/div>\n\n                                            \n                <\/div>\n                                <div id=\"tab4\" class=\"tab-content\">\n                    <h2 class=\"h4\">Il-pro\u010bess ta\u2019 applikazzjoni g\u0127all-Family Assistance Support Scheme <\/h2>\n                    <div class=\"post-content\"><p>Il-pro\u010bess ta\u2019 applikazzjoni g\u0127all-Family Assistance Support Scheme huwa strutturat biex ji\u017cgura \u010barezza u effi\u010bjenza. Il-passi involuti huma kif \u0121ej:<\/p>\n<p>&nbsp;<\/p>\n<ol>\n<li><strong>L-applikant jissottometti l-applikazzjoni<\/strong><\/li>\n<\/ol>\n<p>L-applikazzjoni inizjali hija sottomessa permezz tat-tim tal-Intake.<br \/>\n&nbsp;<\/p>\n<ol start=\"2\">\n<li><strong>Riferiment g\u0127al-Family Assistance Support Team<\/strong><\/li>\n<\/ol>\n<p>It-tim tal-Intake jg\u0127addi r-riferiment lil-Family Assistance Support Team<br \/>\n&nbsp;<\/p>\n<ol start=\"3\">\n<li><strong>Assenjazzjoni tal-ka\u017c<\/strong><\/li>\n<\/ol>\n<p>Ladarba jkun disponibbli professjonist, il-ka\u017c ji\u0121i assenjat.<br \/>\n&nbsp;<\/p>\n<ol start=\"4\">\n<li><strong>Assessjar tal-Family Assistance Support Scheme <\/strong><\/li>\n<\/ol>\n<p>L-assessjar bir-reqqa jsir mil-Family Assistance Support Team.<br \/>\n&nbsp;<\/p>\n<ol start=\"5\">\n<li><strong>Pre\u017centazzjoni lill-Bord<\/strong><\/li>\n<\/ol>\n<p>Il-ka\u017c ji\u0121i ppre\u017centat quddiem il-Bord g\u0127all-rie\u017cami.<br \/>\n&nbsp;<\/p>\n<ol start=\"6\">\n<li><strong>\u0126ru\u0121 tal-ittra ta\u2019 de\u010bi\u017cjoni<\/strong><\/li>\n<\/ol>\n<p>L-ittra tad-de\u010bi\u017cjoni tin\u0127are\u0121 abba\u017ci tar-rie\u017cami tal-Bord.<br \/>\n&nbsp;<\/p>\n<ol start=\"7\">\n<li><strong>Ftehim ta\u2019 servizz iffirmat<\/strong><\/li>\n<\/ol>\n<p>Il-ftehim ta\u2019 servizz huwa ffirmat bejn il-benefi\u010bjarju u l-fornitur tas-servizz.<br \/>\n&nbsp;<\/p>\n<ol start=\"8\">\n<li><strong>Inizjazzjoni tas-servizz<\/strong><\/li>\n<\/ol>\n<p>Is-servizz jibda skont il-ftehim.<br \/>\n&nbsp;<\/p>\n<ol start=\"9\">\n<li><strong>Ti\u0121did tas-servizz<\/strong><\/li>\n<\/ol>\n<p>Is-servizz ji\u0121i rie\u017caminat u m\u0121edded skont il-b\u017connijiet tal-benefi\u010bjarju.<\/p>\n<\/div>\n\n                                            \n                <\/div>\n                            <\/div>\n                    \n        <\/div>\n\n    <\/div>\n<\/div><\/div>","protected":false},"excerpt":{"rendered":"<p>L-g\u0127an primarju ta\u2019 din l-iskema huwa li tipprovdi g\u0127ajnuna finanzjarja (sussidju) lill-familji, sabiex ikunu jistg\u0127u jimpjegaw assistent personali tal-g\u0127a\u017cla tag\u0127hom.<\/p>\n","protected":false},"author":9,"featured_media":12027,"parent":2105,"menu_order":8,"comment_status":"closed","ping_status":"closed","template":"","meta":{"_acf_changed":false,"inline_featured_image":false,"footnotes":""},"categories":[45],"class_list":["post-12036","page","type-page","status-publish","has-post-thumbnail","hentry","category-services-mt"],"acf":[],"yoast_head":"<!-- This site is optimized with the Yoast SEO plugin v27.3 - https:\/\/yoast.com\/product\/yoast-seo-wordpress\/ -->\n<title>Family Assistance Support Scheme - Agenzija Sapport<\/title>\n<meta name=\"description\" content=\"L-g\u0127an primarju ta\u2019 din l-iskema huwa li tipprovdi g\u0127ajnuna finanzjarja (sussidju) lill-familji, sabiex ikunu jistg\u0127u jimpjegaw assistent personali tal-g\u0127a\u017cla tag\u0127hom.\" \/>\n<meta name=\"robots\" content=\"index, follow, max-snippet:-1, max-image-preview:large, max-video-preview:-1\" \/>\n<link rel=\"canonical\" href=\"https:\/\/sapport.gov.mt\/mt\/servizzi\/family-assistance-support-scheme\/\" \/>\n<meta property=\"og:locale\" content=\"mt_MT\" \/>\n<meta property=\"og:type\" content=\"article\" \/>\n<meta property=\"og:title\" content=\"Family Assistance Support Scheme - Agenzija Sapport\" \/>\n<meta property=\"og:description\" content=\"L-g\u0127an primarju ta\u2019 din l-iskema huwa li tipprovdi g\u0127ajnuna finanzjarja (sussidju) lill-familji, sabiex ikunu jistg\u0127u jimpjegaw assistent personali tal-g\u0127a\u017cla tag\u0127hom.\" \/>\n<meta property=\"og:url\" content=\"https:\/\/sapport.gov.mt\/mt\/servizzi\/family-assistance-support-scheme\/\" \/>\n<meta property=\"og:site_name\" content=\"Agenzija Sapport\" \/>\n<meta property=\"article:modified_time\" content=\"2026-03-09T14:22:17+00:00\" \/>\n<meta property=\"og:image\" content=\"https:\/\/sapport.gov.mt\/wp-content\/uploads\/2025\/09\/FAST-3-scaled.jpg\" \/>\n\t<meta property=\"og:image:width\" content=\"2560\" \/>\n\t<meta property=\"og:image:height\" content=\"1707\" \/>\n\t<meta property=\"og:image:type\" content=\"image\/jpeg\" \/>\n<meta name=\"twitter:card\" content=\"summary_large_image\" \/>\n<meta name=\"twitter:label1\" content=\"Est. reading time\" \/>\n\t<meta name=\"twitter:data1\" content=\"3 minutes\" \/>\n<script type=\"application\/ld+json\" class=\"yoast-schema-graph\">{\"@context\":\"https:\\\/\\\/schema.org\",\"@graph\":[{\"@type\":\"WebPage\",\"@id\":\"https:\\\/\\\/sapport.gov.mt\\\/mt\\\/servizzi\\\/family-assistance-support-scheme\\\/\",\"url\":\"https:\\\/\\\/sapport.gov.mt\\\/mt\\\/servizzi\\\/family-assistance-support-scheme\\\/\",\"name\":\"Family Assistance Support Scheme - Agenzija Sapport\",\"isPartOf\":{\"@id\":\"https:\\\/\\\/sapport.gov.mt\\\/mt\\\/#website\"},\"primaryImageOfPage\":{\"@id\":\"https:\\\/\\\/sapport.gov.mt\\\/mt\\\/servizzi\\\/family-assistance-support-scheme\\\/#primaryimage\"},\"image\":{\"@id\":\"https:\\\/\\\/sapport.gov.mt\\\/mt\\\/servizzi\\\/family-assistance-support-scheme\\\/#primaryimage\"},\"thumbnailUrl\":\"https:\\\/\\\/sapport.gov.mt\\\/wp-content\\\/uploads\\\/2025\\\/09\\\/FAST-3-scaled.jpg\",\"datePublished\":\"2025-09-12T08:39:06+00:00\",\"dateModified\":\"2026-03-09T14:22:17+00:00\",\"description\":\"L-g\u0127an primarju ta\u2019 din l-iskema huwa li tipprovdi g\u0127ajnuna finanzjarja (sussidju) lill-familji, sabiex ikunu jistg\u0127u jimpjegaw assistent personali tal-g\u0127a\u017cla tag\u0127hom.\",\"breadcrumb\":{\"@id\":\"https:\\\/\\\/sapport.gov.mt\\\/mt\\\/servizzi\\\/family-assistance-support-scheme\\\/#breadcrumb\"},\"inLanguage\":\"mt-MT\",\"potentialAction\":[{\"@type\":\"ReadAction\",\"target\":[\"https:\\\/\\\/sapport.gov.mt\\\/mt\\\/servizzi\\\/family-assistance-support-scheme\\\/\"]}]},{\"@type\":\"ImageObject\",\"inLanguage\":\"mt-MT\",\"@id\":\"https:\\\/\\\/sapport.gov.mt\\\/mt\\\/servizzi\\\/family-assistance-support-scheme\\\/#primaryimage\",\"url\":\"https:\\\/\\\/sapport.gov.mt\\\/wp-content\\\/uploads\\\/2025\\\/09\\\/FAST-3-scaled.jpg\",\"contentUrl\":\"https:\\\/\\\/sapport.gov.mt\\\/wp-content\\\/uploads\\\/2025\\\/09\\\/FAST-3-scaled.jpg\",\"width\":2560,\"height\":1707},{\"@type\":\"BreadcrumbList\",\"@id\":\"https:\\\/\\\/sapport.gov.mt\\\/mt\\\/servizzi\\\/family-assistance-support-scheme\\\/#breadcrumb\",\"itemListElement\":[{\"@type\":\"ListItem\",\"position\":1,\"name\":\"Pa\u0121na\",\"item\":\"https:\\\/\\\/sapport.gov.mt\\\/mt\\\/\"},{\"@type\":\"ListItem\",\"position\":2,\"name\":\"Servizzi\",\"item\":\"https:\\\/\\\/sapport.gov.mt\\\/mt\\\/servizzi\\\/\"},{\"@type\":\"ListItem\",\"position\":3,\"name\":\"Family Assistance Support Scheme\"}]},{\"@type\":\"WebSite\",\"@id\":\"https:\\\/\\\/sapport.gov.mt\\\/mt\\\/#website\",\"url\":\"https:\\\/\\\/sapport.gov.mt\\\/mt\\\/\",\"name\":\"Agenzija Sapport\",\"description\":\"Providing Professional And Innovative Services To Enhance The Quality Of Life Of Persons With Disabilities\",\"publisher\":{\"@id\":\"https:\\\/\\\/sapport.gov.mt\\\/mt\\\/#organization\"},\"potentialAction\":[{\"@type\":\"SearchAction\",\"target\":{\"@type\":\"EntryPoint\",\"urlTemplate\":\"https:\\\/\\\/sapport.gov.mt\\\/mt\\\/?s={search_term_string}\"},\"query-input\":{\"@type\":\"PropertyValueSpecification\",\"valueRequired\":true,\"valueName\":\"search_term_string\"}}],\"inLanguage\":\"mt-MT\"},{\"@type\":\"Organization\",\"@id\":\"https:\\\/\\\/sapport.gov.mt\\\/mt\\\/#organization\",\"name\":\"A\u0121enzija Sapport\",\"alternateName\":\"Sapport Agency\",\"url\":\"https:\\\/\\\/sapport.gov.mt\\\/mt\\\/\",\"logo\":{\"@type\":\"ImageObject\",\"inLanguage\":\"mt-MT\",\"@id\":\"https:\\\/\\\/sapport.gov.mt\\\/mt\\\/#\\\/schema\\\/logo\\\/image\\\/\",\"url\":\"https:\\\/\\\/sapport.ppdevplayground.com\\\/wp-content\\\/uploads\\\/2022\\\/11\\\/site-logo.png\",\"contentUrl\":\"https:\\\/\\\/sapport.ppdevplayground.com\\\/wp-content\\\/uploads\\\/2022\\\/11\\\/site-logo.png\",\"width\":320,\"height\":178,\"caption\":\"A\u0121enzija Sapport\"},\"image\":{\"@id\":\"https:\\\/\\\/sapport.gov.mt\\\/mt\\\/#\\\/schema\\\/logo\\\/image\\\/\"}}]}<\/script>\n<!-- \/ Yoast SEO plugin. -->","yoast_head_json":{"title":"Family Assistance Support Scheme - Agenzija Sapport","description":"L-g\u0127an primarju ta\u2019 din l-iskema huwa li tipprovdi g\u0127ajnuna finanzjarja (sussidju) lill-familji, sabiex ikunu jistg\u0127u jimpjegaw assistent personali tal-g\u0127a\u017cla tag\u0127hom.","robots":{"index":"index","follow":"follow","max-snippet":"max-snippet:-1","max-image-preview":"max-image-preview:large","max-video-preview":"max-video-preview:-1"},"canonical":"https:\/\/sapport.gov.mt\/mt\/servizzi\/family-assistance-support-scheme\/","og_locale":"mt_MT","og_type":"article","og_title":"Family Assistance Support Scheme - Agenzija Sapport","og_description":"L-g\u0127an primarju ta\u2019 din l-iskema huwa li tipprovdi g\u0127ajnuna finanzjarja (sussidju) lill-familji, sabiex ikunu jistg\u0127u jimpjegaw assistent personali tal-g\u0127a\u017cla tag\u0127hom.","og_url":"https:\/\/sapport.gov.mt\/mt\/servizzi\/family-assistance-support-scheme\/","og_site_name":"Agenzija Sapport","article_modified_time":"2026-03-09T14:22:17+00:00","og_image":[{"width":2560,"height":1707,"url":"https:\/\/sapport.gov.mt\/wp-content\/uploads\/2025\/09\/FAST-3-scaled.jpg","type":"image\/jpeg"}],"twitter_card":"summary_large_image","twitter_misc":{"Est. reading time":"3 minutes"},"schema":{"@context":"https:\/\/schema.org","@graph":[{"@type":"WebPage","@id":"https:\/\/sapport.gov.mt\/mt\/servizzi\/family-assistance-support-scheme\/","url":"https:\/\/sapport.gov.mt\/mt\/servizzi\/family-assistance-support-scheme\/","name":"Family Assistance Support Scheme - Agenzija Sapport","isPartOf":{"@id":"https:\/\/sapport.gov.mt\/mt\/#website"},"primaryImageOfPage":{"@id":"https:\/\/sapport.gov.mt\/mt\/servizzi\/family-assistance-support-scheme\/#primaryimage"},"image":{"@id":"https:\/\/sapport.gov.mt\/mt\/servizzi\/family-assistance-support-scheme\/#primaryimage"},"thumbnailUrl":"https:\/\/sapport.gov.mt\/wp-content\/uploads\/2025\/09\/FAST-3-scaled.jpg","datePublished":"2025-09-12T08:39:06+00:00","dateModified":"2026-03-09T14:22:17+00:00","description":"L-g\u0127an primarju ta\u2019 din l-iskema huwa li tipprovdi g\u0127ajnuna finanzjarja (sussidju) lill-familji, sabiex ikunu jistg\u0127u jimpjegaw assistent personali tal-g\u0127a\u017cla tag\u0127hom.","breadcrumb":{"@id":"https:\/\/sapport.gov.mt\/mt\/servizzi\/family-assistance-support-scheme\/#breadcrumb"},"inLanguage":"mt-MT","potentialAction":[{"@type":"ReadAction","target":["https:\/\/sapport.gov.mt\/mt\/servizzi\/family-assistance-support-scheme\/"]}]},{"@type":"ImageObject","inLanguage":"mt-MT","@id":"https:\/\/sapport.gov.mt\/mt\/servizzi\/family-assistance-support-scheme\/#primaryimage","url":"https:\/\/sapport.gov.mt\/wp-content\/uploads\/2025\/09\/FAST-3-scaled.jpg","contentUrl":"https:\/\/sapport.gov.mt\/wp-content\/uploads\/2025\/09\/FAST-3-scaled.jpg","width":2560,"height":1707},{"@type":"BreadcrumbList","@id":"https:\/\/sapport.gov.mt\/mt\/servizzi\/family-assistance-support-scheme\/#breadcrumb","itemListElement":[{"@type":"ListItem","position":1,"name":"Pa\u0121na","item":"https:\/\/sapport.gov.mt\/mt\/"},{"@type":"ListItem","position":2,"name":"Servizzi","item":"https:\/\/sapport.gov.mt\/mt\/servizzi\/"},{"@type":"ListItem","position":3,"name":"Family Assistance Support Scheme"}]},{"@type":"WebSite","@id":"https:\/\/sapport.gov.mt\/mt\/#website","url":"https:\/\/sapport.gov.mt\/mt\/","name":"Agenzija Sapport","description":"Providing Professional And Innovative Services To Enhance The Quality Of Life Of Persons With Disabilities","publisher":{"@id":"https:\/\/sapport.gov.mt\/mt\/#organization"},"potentialAction":[{"@type":"SearchAction","target":{"@type":"EntryPoint","urlTemplate":"https:\/\/sapport.gov.mt\/mt\/?s={search_term_string}"},"query-input":{"@type":"PropertyValueSpecification","valueRequired":true,"valueName":"search_term_string"}}],"inLanguage":"mt-MT"},{"@type":"Organization","@id":"https:\/\/sapport.gov.mt\/mt\/#organization","name":"A\u0121enzija Sapport","alternateName":"Sapport Agency","url":"https:\/\/sapport.gov.mt\/mt\/","logo":{"@type":"ImageObject","inLanguage":"mt-MT","@id":"https:\/\/sapport.gov.mt\/mt\/#\/schema\/logo\/image\/","url":"https:\/\/sapport.ppdevplayground.com\/wp-content\/uploads\/2022\/11\/site-logo.png","contentUrl":"https:\/\/sapport.ppdevplayground.com\/wp-content\/uploads\/2022\/11\/site-logo.png","width":320,"height":178,"caption":"A\u0121enzija Sapport"},"image":{"@id":"https:\/\/sapport.gov.mt\/mt\/#\/schema\/logo\/image\/"}}]}},"_links":{"self":[{"href":"https:\/\/sapport.gov.mt\/mt\/wp-json\/wp\/v2\/pages\/12036","targetHints":{"allow":["GET"]}}],"collection":[{"href":"https:\/\/sapport.gov.mt\/mt\/wp-json\/wp\/v2\/pages"}],"about":[{"href":"https:\/\/sapport.gov.mt\/mt\/wp-json\/wp\/v2\/types\/page"}],"author":[{"embeddable":true,"href":"https:\/\/sapport.gov.mt\/mt\/wp-json\/wp\/v2\/users\/9"}],"replies":[{"embeddable":true,"href":"https:\/\/sapport.gov.mt\/mt\/wp-json\/wp\/v2\/comments?post=12036"}],"version-history":[{"count":5,"href":"https:\/\/sapport.gov.mt\/mt\/wp-json\/wp\/v2\/pages\/12036\/revisions"}],"predecessor-version":[{"id":13515,"href":"https:\/\/sapport.gov.mt\/mt\/wp-json\/wp\/v2\/pages\/12036\/revisions\/13515"}],"up":[{"embeddable":true,"href":"https:\/\/sapport.gov.mt\/mt\/wp-json\/wp\/v2\/pages\/2105"}],"wp:featuredmedia":[{"embeddable":true,"href":"https:\/\/sapport.gov.mt\/mt\/wp-json\/wp\/v2\/media\/12027"}],"wp:attachment":[{"href":"https:\/\/sapport.gov.mt\/mt\/wp-json\/wp\/v2\/media?parent=12036"}],"wp:term":[{"taxonomy":"category","embeddable":true,"href":"https:\/\/sapport.gov.mt\/mt\/wp-json\/wp\/v2\/categories?post=12036"}],"curies":[{"name":"wp","href":"https:\/\/api.w.org\/{rel}","templated":true}]}}