{"id":12103,"date":"2025-09-24T11:12:53","date_gmt":"2025-09-24T09:12:53","guid":{"rendered":"https:\/\/sapport.gov.mt\/?page_id=12103"},"modified":"2026-04-02T12:24:09","modified_gmt":"2026-04-02T10:24:09","slug":"skillup","status":"publish","type":"page","link":"https:\/\/sapport.gov.mt\/mt\/servizzi\/skillup\/","title":{"rendered":"SkillUp"},"content":{"rendered":"<div class=\"tabs-text align\">\n    <div id=\"tabs-text-block_211a32e02e8257b86e858712f8fcf3f6\" class=\"block-tabs-text\">\n\n    <div class=\"blend-mode luminosity\">\n                <div class=\"img inline-bg-image lazyload\" role=\"img\" aria-label=\"\" style=\"background-image:inherit;\" data-bg-image=\"url(https:\/\/sapport.gov.mt\/wp-content\/uploads\/2025\/03\/image-3-scaled.jpg)\"><\/div>\n    <\/div>\n\n    <div class=\"inner np flex-columns stretch\">\n        <div class=\"col-35 left-side\">\n\n            \n            <p class=\"breadcrumbs\"><span><span><a href=\"https:\/\/sapport.gov.mt\/mt\/\">Pa\u0121na<\/a><\/span><\/span><\/p>\n            <h1 class=\"h1 white\">SkillUp<\/h1>\n\n            \n                        <ul id=\"tabs-nav\" class=\"tabs-nav\">\n                \n                    <li class=\"tab-title\">\n                        <a id=\"arsa-enerali-u-assessjar\" href=\"#tabs-content\" data-tab=\"#tab1\" class=\"tab-nav\">\u0126arsa \u0120enerali u Assessjar<\/a>\n                    <\/li>\n            \n                \n                    <li class=\"tab-title\">\n                        <a id=\"way-to-work\" href=\"#tabs-content\" data-tab=\"#tab2\" class=\"tab-nav\">Way to Work<\/a>\n                    <\/li>\n            \n                \n                    <li class=\"tab-title\">\n                        <a id=\"il-programm-self-skills\" href=\"#tabs-content\" data-tab=\"#tab3\" class=\"tab-nav\">Il-Programm Self-Skills<\/a>\n                    <\/li>\n            \n                \n                    <li class=\"tab-title\">\n                        <a id=\"il-programm-skills4life\" href=\"#tabs-content\" data-tab=\"#tab4\" class=\"tab-nav\">Il-Programm Skills4Life<\/a>\n                    <\/li>\n            \n                \n                    <li class=\"tab-title\">\n                        <a id=\"il-programm-skillup-awareness\" href=\"#tabs-content\" data-tab=\"#tab5\" class=\"tab-nav\">Il-Programm SkillUp Awareness<\/a>\n                    <\/li>\n            \n                            <\/ul>\n                    <\/div>\n\n        <div class=\"col-65 right-side\">\n            \n                        <div id=\"tabs-content\" class=\"tabs-content\">\n                                <div id=\"tab1\" class=\"tab-content\">\n                    <h2 class=\"h4\">\u0126arsa \u0120enerali u Assessjar<\/h2>\n                    <div class=\"post-content\"><p>It-Taqsima SkillUp toffri programmi ma\u0127suba biex jappo\u0121\u0121jaw persuni b\u2019di\u017cabilita, bl-g\u0127an li jtejbu l-kwalita tal-\u0127ajja tag\u0127hom u jippromwovu l-inklu\u017cjoni tag\u0127hom fl-aspetti kollha tas-so\u010bjeta.<\/p>\n<p>&nbsp;<\/p>\n<p>It-Taqsima SkillUp hija mibnija fuq erba\u2019 pilastri ewlenin, li jiffurmaw il-pedament g\u0127al mod komprensiv fl-g\u0127oti ta\u2019 sostenn fis-settur tad-di\u017cabilita. Dawn il-pilastri ji\u017cguraw li persuni b\u2019di\u017cabilita jir\u010bievu l-assistenza u r-ri\u017corsi me\u0127tie\u0121a biex jiksbu aktar indipendenza, parte\u010bipazzjoni attiva, u benesseri \u0121enerali.<\/p>\n<p>&nbsp;<\/p>\n<p>&nbsp;<\/p>\n<p><strong>Assessjar<\/strong><\/p>\n<p>Qabel ma jirre\u0121istraw g\u0127al kwalunkwe programm, persuni b\u2019di\u017cabilita jg\u0127addu minn pro\u010bess li jinkludi assessjar, laqg\u0127a separata mal-\u0121enituri \/ gwardjani, u perjodu ta\u2019 prova. Dan il-perjodu huwa importanti biex issir evalwazzjoni fuq il-kapa\u010bitajiet funzjonali, l-istili ta\u2019 tag\u0127lim, il-\u0127iliet so\u010bjali, ir-reazzjonijiet emozzjonali u ta\u2019 m\u0121iba, l-indipendenza, u fatturi o\u0127ra. L-g\u0127an huwa li ti\u0121i ddeterminata l-eli\u0121ibilita tal-individwu u ji\u0121i identifikat l-aktar programm adattat g\u0127all-b\u017connijiet tieg\u0127u.<\/p>\n<p>&nbsp;<\/p>\n<p><a href=\"https:\/\/sapport.gov.mt\/mt\/rizorsi#pubblikazzjonijiet\">Ag\u0127fas din il-\u0127olqa g\u0127al fuljett ta\u2019 informazzjoni dwar SkillUp<\/a><\/p>\n<p>&nbsp;<\/p>\n<p><a href=\"https:\/\/sapport.gov.mt\/mt\/mistoqsijiet-frekwenti#skillup\">Ag\u0127fas fuq din il-\u0127olqa g\u0127all-Mistoqsijiet Frekwenti (FAQs) dwar dan is-servizz<\/a><\/p>\n<p>&nbsp;<\/p>\n<\/div>\n\n                                            \n                <\/div>\n                                <div id=\"tab2\" class=\"tab-content\">\n                    <h2 class=\"h4\">Way to Work<\/h2>\n                    <div class=\"post-content\"><p>Il-Programm Way to Work huwa mfassal biex jg\u0127in lill-persuni b\u2019di\u017cabilita jippreparaw a\u0127jar g\u0127al \u0127iliet relatati mal-impjieg. Dan il-programm komprensiv jg\u0127aqqad sessjonijiet informattivi fi grupp u ta\u0127ri\u0121 prattiku biex itejjeb il-\u0127iliet tal-parte\u010bipanti g\u0127all-impjegabilita.<\/p>\n<p>&nbsp;<\/p>\n<p>Il-komponenti ewlenin tal-programm jinkludu:<\/p>\n<ul>\n<li>kitba ta\u2019 CV u \u0127iliet fl-applikazzjoni g\u0127al impjieg<\/li>\n<li>tekniki ta\u2019 tiftix ta\u2019 impjieg<\/li>\n<li>ta\u0127ri\u0121 fl-u\u017cu tal-karozza tal-linja (biex jassisti fl-ivvja\u0121\u0121ar lejn u mix-xog\u0127ol)<\/li>\n<li>immani\u0121\u0121jar tal-finanzi (immani\u0121\u0121jar tal-flus: tqassim tal-flus u mmani\u0121\u0121jar tal-pagi)<\/li>\n<li>immani\u0121\u0121jar tal-\u0127in<\/li>\n<\/ul>\n<p>&nbsp;<\/p>\n<p>Il-parte\u010bipanti jie\u0127du sehem ukoll f\u2019ta\u0127ri\u0121 prattiku f\u2019opportunitajiet ta\u2019 impjieg, jesploraw diversi g\u0127a\u017cliet ta\u2019 impjieg, u ji\u0121u esposti direttament permezz ta\u2019 \u017cjarat fuq postijiet tax-xog\u0127ol differenti, li jg\u0127inuhom jifhmu l-g\u0127a\u017cliet diversi tal-karrieri disponibbli.<\/p>\n<p>&nbsp;<\/p>\n<p>&nbsp;<\/p>\n<p><strong>Tul ta\u2019 <\/strong><strong>\u017cmien<\/strong><\/p>\n<p>Sitt xhur \u2013 Ta\u0127ri\u0121 fi grupp<\/p>\n<p>&nbsp;<\/p>\n<p>&nbsp;<\/p>\n<p><strong>Eli\u0121ibilit\u00e0<\/strong><\/p>\n<p>Persuni b\u2019di\u017cabilita li:<\/p>\n<ul>\n<li>g\u0127andhom bejn is-16 u l-40 sena (il-persuna tista\u2019 ti\u0121i riferuta sa sitt xhur qabel ma tag\u0127laq 16-il sena).<\/li>\n<li>qed jir\u010bievu biss l-Assistenza g\u0127al Di\u017cabilita jew l-Assistenza g\u0127al Di\u017cabilita Severa mis-Sigurta So\u010bjali (persuni li jir\u010bievu l-Assistenza Mi\u017cjuda g\u0127al Di\u017cabilita Severa mhumiex eli\u0121ibbli biex japplikaw g\u0127al dan il-programm).<\/li>\n<li>g\u0127andhom il-potenzjal li jfittxu impjieg u li jsiru impjegati.<\/li>\n<li>ikunu disponibbli biex jattendu l-programm erba\u2019 darbiet fil-\u0121img\u0127a filg\u0127odu.<\/li>\n<\/ul>\n<p>&nbsp;<\/p>\n<p>________________<\/p>\n<p>&nbsp;<\/p>\n<p>&nbsp;<\/p>\n<ul>\n<li>Il-Programm Way to Work \u0121ie ppremjat fit-tielet post fil-kategorija <strong>Best Non-formal and Community Learning for Adults Award<\/strong> tal-EPALE Awards 2025.<\/li>\n<\/ul>\n<p>&nbsp;<\/p>\n<h6><\/h6>\n<p><img decoding=\"async\" class=\"alignnone wp-image-5464 size-large lazyload\" style=\"--smush-placeholder-width: 98px; --smush-placeholder-aspect-ratio: 98\/40;width: 320px;height: 132px;margin-left: auto;margin-right: auto\" data-src=\"https:\/\/sapport.gov.mt\/wp-content\/uploads\/2025\/10\/EPALE-awards-logo-2025.png\" alt=\"EPALE awards logo 2025\" width=\"98\" height=\"40\" src=\"data:image\/svg+xml;base64,PHN2ZyB3aWR0aD0iMSIgaGVpZ2h0PSIxIiB4bWxucz0iaHR0cDovL3d3dy53My5vcmcvMjAwMC9zdmciPjwvc3ZnPg==\" \/><\/p>\n<p>&nbsp;<\/p>\n<p>&nbsp;<\/p>\n<p>&nbsp;<\/p>\n<ul>\n<li>Il-Programm Way to Work kien mag\u0127\u017cul g\u0127as-Sej\u0127a g\u0127al Nominazzjonijiet 2024 taz-Zero Project!<\/li>\n<\/ul>\n<p>&nbsp;<\/p>\n<p><img decoding=\"async\" class=\"alignnone wp-image-5464 size-large lazyload\" style=\"--smush-placeholder-width: 1024px; --smush-placeholder-aspect-ratio: 1024\/584;width: 234px;height: 132px;margin-left: auto;margin-right: auto\" data-src=\"https:\/\/sapport.gov.mt\/wp-content\/uploads\/2023\/08\/zp-1024x584.png\" alt=\"ZeroProject_ShortList_Badge\" width=\"1024\" height=\"584\" data-srcset=\"https:\/\/sapport.gov.mt\/wp-content\/uploads\/2023\/08\/zp-1024x584.png 1024w, https:\/\/sapport.gov.mt\/wp-content\/uploads\/2023\/08\/zp-300x171.png 300w, https:\/\/sapport.gov.mt\/wp-content\/uploads\/2023\/08\/zp-768x438.png 768w, https:\/\/sapport.gov.mt\/wp-content\/uploads\/2023\/08\/zp-1536x877.png 1536w, https:\/\/sapport.gov.mt\/wp-content\/uploads\/2023\/08\/zp-600x342.png 600w, https:\/\/sapport.gov.mt\/wp-content\/uploads\/2023\/08\/zp.png 1859w\" data-sizes=\"(max-width: 1024px) 100vw, 1024px\" src=\"data:image\/svg+xml;base64,PHN2ZyB3aWR0aD0iMSIgaGVpZ2h0PSIxIiB4bWxucz0iaHR0cDovL3d3dy53My5vcmcvMjAwMC9zdmciPjwvc3ZnPg==\" \/><\/p>\n<\/div>\n\n                                            <div id=\"sign-language-icon\">\n                        <img decoding=\"async\" class=\"icon lazyload\" data-src=\"https:\/\/sapport.gov.mt\/wp-content\/themes\/agenzija-sapport\/resources\/assets\/images\/sign-language-icon.png\" alt=\"\" src=\"data:image\/svg+xml;base64,PHN2ZyB3aWR0aD0iMSIgaGVpZ2h0PSIxIiB4bWxucz0iaHR0cDovL3d3dy53My5vcmcvMjAwMC9zdmciPjwvc3ZnPg==\" style=\"--smush-placeholder-width: 1024px; --smush-placeholder-aspect-ratio: 1024\/1024;\">\n                        <div id=\"tab2\" class=\"popup-box-container hidden\" style=\"left:0\">\n                            <div class=\"popup-box\">\n                            <div class=\"vid-link hidden\">https:\/\/www.youtube.com\/embed\/p9NU4JpO4gM?si=EaNYJMesoE2zVavZ<\/div>\n                            <iframe\n                            data-src=\"https:\/\/www.youtube.com\/embed\/p9NU4JpO4gM?si=EaNYJMesoE2zVavZ\" src=\"data:image\/svg+xml;base64,PHN2ZyB3aWR0aD0iMSIgaGVpZ2h0PSIxIiB4bWxucz0iaHR0cDovL3d3dy53My5vcmcvMjAwMC9zdmciPjwvc3ZnPg==\" class=\"lazyload\" data-load-mode=\"1\">\n                            <\/iframe>\n                            <div class=\"close\">\n                                <img decoding=\"async\" data-src=\"https:\/\/sapport.gov.mt\/wp-content\/themes\/agenzija-sapport\/resources\/assets\/images\/popup-close.png\" alt=\"\" src=\"data:image\/svg+xml;base64,PHN2ZyB3aWR0aD0iMSIgaGVpZ2h0PSIxIiB4bWxucz0iaHR0cDovL3d3dy53My5vcmcvMjAwMC9zdmciPjwvc3ZnPg==\" class=\"lazyload\" style=\"--smush-placeholder-width: 48px; --smush-placeholder-aspect-ratio: 48\/48;\">\n                            <\/div>\n                            <\/div>\n                        <\/div>\n                        <\/div>\n                                                \n                <\/div>\n                                <div id=\"tab3\" class=\"tab-content\">\n                    <h2 class=\"h4\">Il-Programm Self-Skills<\/h2>\n                    <div class=\"post-content\"><p>Il-Programm Self-Skills jipprovdi appo\u0121\u0121 personalizzat lil persuni b\u2019di\u017cabilita li qed ifittxu li ji\u017cviluppaw \u0127iliet essenzjali tal-\u0127ajja. Permezz ta\u2019 sessjonijiet ta\u2019 ta\u0127ri\u0121 fuq ba\u017ci individwali, il-parte\u010bipanti jir\u010bievu gwida mfassla apposta biex til\u0127aq il-b\u017connijiet spe\u010bifi\u010bi u l-g\u0127anijiet personali tag\u0127hom. It-tul tal-programm huwa flessibbli, li jvarja minn minimu ta\u2019 xahar sa massimu ta\u2019 sitt xhur, skont il-progress u r-rekwi\u017citi tal-individwu.<\/p>\n<p>&nbsp;<\/p>\n<p>&nbsp;<\/p>\n<p><strong>Tul ta\u2019 <\/strong><strong>\u017cmien<\/strong><\/p>\n<p>Xahar sa sitt xhur \u2013 Sessjonijiet individwali<\/p>\n<p>&nbsp;<\/p>\n<p>&nbsp;<\/p>\n<p><strong>Eli\u0121ibilit\u00e0<\/strong><\/p>\n<p>Persuni b\u2019di\u017cabilita li:<\/p>\n<ul>\n<li>g\u0127andhom bejn is-16 u l-50 sena (il-persuna tista\u2019 ti\u0121i riferuta sa sitt xhur qabel ma tag\u0127laq 16-il sena).<\/li>\n<li>qed jir\u010bievu kwalunkwe forma ta\u2019 Assistenza g\u0127al Di\u017cabilita mis-Sigurta So\u010bjali.<\/li>\n<li>ma jkunux qed jattendu \u010bentru fi \u0127dan is-Servizzi ta\u2019 Matul il-Jum.<\/li>\n<\/ul>\n<p>&nbsp;<\/p>\n<\/div>\n\n                                            \n                <\/div>\n                                <div id=\"tab4\" class=\"tab-content\">\n                    <h2 class=\"h4\">Il-Programm Skills4Life<\/h2>\n                    <div class=\"post-content\"><p>Il-Programm Skills4Life huwa m\u0127ejji bl-g\u0127an g\u0127al \u017cvilupp ta\u2019 \u0127iliet essenzjali tal-\u0127ajja biex jg\u0127inu lill-parte\u010bipanti jg\u0127ixu b\u2019mod aktar indipendenti. Permezz ta\u2019 ta\u0127ri\u0121 prattiku u workshops, il-parte\u010bipanti jtejbu l-\u0127iliet personali b\u0127al:<\/p>\n<ul>\n<li>komunikazzjoni<\/li>\n<li>\u0127iliet tat-tisjir<\/li>\n<li>xog\u0127ol domestiku<\/li>\n<li>i\u0121jene personali<\/li>\n<li>kif tibni relazzjonijiet, limiti u rispetti lejk innifsek<\/li>\n<li>immani\u0121\u0121jar tal-flus u tal-\u0127in<\/li>\n<\/ul>\n<p>&nbsp;<\/p>\n<p>Dawn il-\u0127iliet huma vitali g\u0127all-\u0127ajja ta\u2019 kuljum u g\u0127andhom l-g\u0127an li jrawmu aktar indipendenza u kunfidenza fl-attivitajiet ta\u2019 kuljum.<\/p>\n<p>&nbsp;<\/p>\n<p>&nbsp;<\/p>\n<p><strong>Tul ta\u2019 <\/strong><strong>\u017cmien<\/strong><\/p>\n<p>Tlett Xhur – Ta\u0127ri\u0121 fi grupp<\/p>\n<p>&nbsp;<\/p>\n<p>&nbsp;<\/p>\n<p><strong>Eli\u0121ibilit\u00e0<\/strong><\/p>\n<p>Persuni b\u2019di\u017cabilita li:<\/p>\n<ul>\n<li>g\u0127andhom bejn is-16 u l-50 sena (il-persuna tista\u2019 ti\u0121i riferuta sa sitt xhur qabel ma tag\u0127laq 16-il sena).<\/li>\n<li>jista\u2019 jkun li qed jir\u010bievu kwalunkwe forma ta\u2019 Assistenza g\u0127al Di\u017cabilita mis-Sigurta So\u010bjali.<\/li>\n<li>huma disponibbli biex jattendu l-programm erba\u2019 darbiet fil-\u0121img\u0127a.<\/li>\n<\/ul>\n<\/div>\n\n                                            \n                <\/div>\n                                <div id=\"tab5\" class=\"tab-content\">\n                    <h2 class=\"h4\">Il-Programm SkillUp Awareness<\/h2>\n                    <div class=\"post-content\"><p>Il-Programm SkillUp Awareness joffri sessjonijiet informattivi bl-g\u0127an li jqajmu kuxjenza dwar id-diversi servizzi u opportunitajiet disponibbli permezz tal-Unit SkillUp. Dawn is-sessjonijiet huma mfassla biex jipprovdu lill-edukaturi, il-\u0121enituri u l-professjonisti g\u0127arfien siewi dwar ir-ri\u017corsi u l-g\u0127a\u017cliet disponibbli g\u0127all-persuni b\u2019di\u017cabilita, u ji\u017cguraw li jkunu infurmati a\u0127jar dwar kif jassistu u jappo\u0121\u0121aw il-b\u017connijiet tag\u0127hom.<\/p>\n<p>&nbsp;<\/p>\n<p>&nbsp;<\/p>\n<p>Min jista\u2019 jibbenefika<\/p>\n<ul>\n<li>istituzzjonijiet edukattivi<\/li>\n<li>\u0121enituri \/ gwardjani \/ qraba<\/li>\n<li>professjonisti ta\u2019 A\u0121enzija Sapport<\/li>\n<li>professjonisti ta\u2019 entitajiet governattivi li ja\u0127dmu fi settur privat<\/li>\n<li>g\u0127aqdiet mhux governattivi (NGOs)<\/li>\n<\/ul>\n<\/div>\n\n                                            \n                <\/div>\n                            <\/div>\n                    \n        <\/div>\n\n    <\/div>\n<\/div><\/div>\n\n\n<p><\/p>\n","protected":false},"excerpt":{"rendered":"<p>It-Taqsima SkillUp toffri programmi ma\u0127suba biex jappo\u0121\u0121jaw persuni b\u2019di\u017cabilita, bl-g\u0127an li jtejbu l-kwalita tal-\u0127ajja tag\u0127hom u jippromwovu l-inklu\u017cjoni tag\u0127hom fl-aspetti kollha tas-so\u010bjeta.<\/p>\n","protected":false},"author":3,"featured_media":10962,"parent":2105,"menu_order":15,"comment_status":"closed","ping_status":"closed","template":"","meta":{"_acf_changed":false,"inline_featured_image":false,"footnotes":""},"categories":[27,45],"class_list":["post-12103","page","type-page","status-publish","has-post-thumbnail","hentry","category-services","category-services-mt"],"acf":[],"yoast_head":"<!-- This site is optimized with the Yoast SEO plugin v27.3 - https:\/\/yoast.com\/product\/yoast-seo-wordpress\/ -->\n<title>SkillUp - Agenzija Sapport<\/title>\n<meta name=\"description\" content=\"SkillUp toffri programmi li jappo\u0121\u0121jaw persuni b\u2019di\u017cabilita, bl-g\u0127an li jtejbu l-kwalita tal-\u0127ajja tag\u0127hom u jippromwovu l-inklu\u017cjoni.\" \/>\n<meta name=\"robots\" content=\"index, follow, max-snippet:-1, max-image-preview:large, max-video-preview:-1\" \/>\n<link rel=\"canonical\" href=\"https:\/\/sapport.gov.mt\/mt\/servizzi\/skillup\/\" \/>\n<meta property=\"og:locale\" content=\"mt_MT\" \/>\n<meta property=\"og:type\" content=\"article\" \/>\n<meta property=\"og:title\" content=\"SkillUp - Agenzija Sapport\" \/>\n<meta property=\"og:description\" content=\"SkillUp toffri programmi li jappo\u0121\u0121jaw persuni b\u2019di\u017cabilita, bl-g\u0127an li jtejbu l-kwalita tal-\u0127ajja tag\u0127hom u jippromwovu l-inklu\u017cjoni.\" \/>\n<meta property=\"og:url\" content=\"https:\/\/sapport.gov.mt\/mt\/servizzi\/skillup\/\" \/>\n<meta property=\"og:site_name\" content=\"Agenzija Sapport\" \/>\n<meta property=\"article:modified_time\" content=\"2026-04-02T10:24:09+00:00\" \/>\n<meta property=\"og:image\" content=\"https:\/\/sapport.gov.mt\/wp-content\/uploads\/2025\/03\/image-3-scaled.jpg\" \/>\n\t<meta property=\"og:image:width\" content=\"2560\" \/>\n\t<meta property=\"og:image:height\" content=\"1707\" \/>\n\t<meta property=\"og:image:type\" content=\"image\/jpeg\" \/>\n<meta name=\"twitter:card\" content=\"summary_large_image\" \/>\n<meta name=\"twitter:label1\" content=\"Est. reading time\" \/>\n\t<meta name=\"twitter:data1\" content=\"4 minutes\" \/>\n<script type=\"application\/ld+json\" class=\"yoast-schema-graph\">{\"@context\":\"https:\\\/\\\/schema.org\",\"@graph\":[{\"@type\":\"WebPage\",\"@id\":\"https:\\\/\\\/sapport.gov.mt\\\/mt\\\/servizzi\\\/skillup\\\/\",\"url\":\"https:\\\/\\\/sapport.gov.mt\\\/mt\\\/servizzi\\\/skillup\\\/\",\"name\":\"SkillUp - Agenzija Sapport\",\"isPartOf\":{\"@id\":\"https:\\\/\\\/sapport.gov.mt\\\/mt\\\/#website\"},\"primaryImageOfPage\":{\"@id\":\"https:\\\/\\\/sapport.gov.mt\\\/mt\\\/servizzi\\\/skillup\\\/#primaryimage\"},\"image\":{\"@id\":\"https:\\\/\\\/sapport.gov.mt\\\/mt\\\/servizzi\\\/skillup\\\/#primaryimage\"},\"thumbnailUrl\":\"https:\\\/\\\/sapport.gov.mt\\\/wp-content\\\/uploads\\\/2025\\\/03\\\/image-3-scaled.jpg\",\"datePublished\":\"2025-09-24T09:12:53+00:00\",\"dateModified\":\"2026-04-02T10:24:09+00:00\",\"description\":\"SkillUp toffri programmi li jappo\u0121\u0121jaw persuni b\u2019di\u017cabilita, bl-g\u0127an li jtejbu l-kwalita tal-\u0127ajja tag\u0127hom u jippromwovu l-inklu\u017cjoni.\",\"breadcrumb\":{\"@id\":\"https:\\\/\\\/sapport.gov.mt\\\/mt\\\/servizzi\\\/skillup\\\/#breadcrumb\"},\"inLanguage\":\"mt-MT\",\"potentialAction\":[{\"@type\":\"ReadAction\",\"target\":[\"https:\\\/\\\/sapport.gov.mt\\\/mt\\\/servizzi\\\/skillup\\\/\"]}]},{\"@type\":\"ImageObject\",\"inLanguage\":\"mt-MT\",\"@id\":\"https:\\\/\\\/sapport.gov.mt\\\/mt\\\/servizzi\\\/skillup\\\/#primaryimage\",\"url\":\"https:\\\/\\\/sapport.gov.mt\\\/wp-content\\\/uploads\\\/2025\\\/03\\\/image-3-scaled.jpg\",\"contentUrl\":\"https:\\\/\\\/sapport.gov.mt\\\/wp-content\\\/uploads\\\/2025\\\/03\\\/image-3-scaled.jpg\",\"width\":2560,\"height\":1707},{\"@type\":\"BreadcrumbList\",\"@id\":\"https:\\\/\\\/sapport.gov.mt\\\/mt\\\/servizzi\\\/skillup\\\/#breadcrumb\",\"itemListElement\":[{\"@type\":\"ListItem\",\"position\":1,\"name\":\"Pa\u0121na\",\"item\":\"https:\\\/\\\/sapport.gov.mt\\\/mt\\\/\"},{\"@type\":\"ListItem\",\"position\":2,\"name\":\"Servizzi\",\"item\":\"https:\\\/\\\/sapport.gov.mt\\\/mt\\\/servizzi\\\/\"},{\"@type\":\"ListItem\",\"position\":3,\"name\":\"SkillUp\"}]},{\"@type\":\"WebSite\",\"@id\":\"https:\\\/\\\/sapport.gov.mt\\\/mt\\\/#website\",\"url\":\"https:\\\/\\\/sapport.gov.mt\\\/mt\\\/\",\"name\":\"Agenzija Sapport\",\"description\":\"Providing Professional And Innovative Services To Enhance The Quality Of Life Of Persons With Disabilities\",\"publisher\":{\"@id\":\"https:\\\/\\\/sapport.gov.mt\\\/mt\\\/#organization\"},\"potentialAction\":[{\"@type\":\"SearchAction\",\"target\":{\"@type\":\"EntryPoint\",\"urlTemplate\":\"https:\\\/\\\/sapport.gov.mt\\\/mt\\\/?s={search_term_string}\"},\"query-input\":{\"@type\":\"PropertyValueSpecification\",\"valueRequired\":true,\"valueName\":\"search_term_string\"}}],\"inLanguage\":\"mt-MT\"},{\"@type\":\"Organization\",\"@id\":\"https:\\\/\\\/sapport.gov.mt\\\/mt\\\/#organization\",\"name\":\"A\u0121enzija Sapport\",\"alternateName\":\"Sapport Agency\",\"url\":\"https:\\\/\\\/sapport.gov.mt\\\/mt\\\/\",\"logo\":{\"@type\":\"ImageObject\",\"inLanguage\":\"mt-MT\",\"@id\":\"https:\\\/\\\/sapport.gov.mt\\\/mt\\\/#\\\/schema\\\/logo\\\/image\\\/\",\"url\":\"https:\\\/\\\/sapport.ppdevplayground.com\\\/wp-content\\\/uploads\\\/2022\\\/11\\\/site-logo.png\",\"contentUrl\":\"https:\\\/\\\/sapport.ppdevplayground.com\\\/wp-content\\\/uploads\\\/2022\\\/11\\\/site-logo.png\",\"width\":320,\"height\":178,\"caption\":\"A\u0121enzija Sapport\"},\"image\":{\"@id\":\"https:\\\/\\\/sapport.gov.mt\\\/mt\\\/#\\\/schema\\\/logo\\\/image\\\/\"}}]}<\/script>\n<!-- \/ Yoast SEO plugin. -->","yoast_head_json":{"title":"SkillUp - Agenzija Sapport","description":"SkillUp toffri programmi li jappo\u0121\u0121jaw persuni b\u2019di\u017cabilita, bl-g\u0127an li jtejbu l-kwalita tal-\u0127ajja tag\u0127hom u jippromwovu l-inklu\u017cjoni.","robots":{"index":"index","follow":"follow","max-snippet":"max-snippet:-1","max-image-preview":"max-image-preview:large","max-video-preview":"max-video-preview:-1"},"canonical":"https:\/\/sapport.gov.mt\/mt\/servizzi\/skillup\/","og_locale":"mt_MT","og_type":"article","og_title":"SkillUp - Agenzija Sapport","og_description":"SkillUp toffri programmi li jappo\u0121\u0121jaw persuni b\u2019di\u017cabilita, bl-g\u0127an li jtejbu l-kwalita tal-\u0127ajja tag\u0127hom u jippromwovu l-inklu\u017cjoni.","og_url":"https:\/\/sapport.gov.mt\/mt\/servizzi\/skillup\/","og_site_name":"Agenzija Sapport","article_modified_time":"2026-04-02T10:24:09+00:00","og_image":[{"width":2560,"height":1707,"url":"https:\/\/sapport.gov.mt\/wp-content\/uploads\/2025\/03\/image-3-scaled.jpg","type":"image\/jpeg"}],"twitter_card":"summary_large_image","twitter_misc":{"Est. reading time":"4 minutes"},"schema":{"@context":"https:\/\/schema.org","@graph":[{"@type":"WebPage","@id":"https:\/\/sapport.gov.mt\/mt\/servizzi\/skillup\/","url":"https:\/\/sapport.gov.mt\/mt\/servizzi\/skillup\/","name":"SkillUp - Agenzija Sapport","isPartOf":{"@id":"https:\/\/sapport.gov.mt\/mt\/#website"},"primaryImageOfPage":{"@id":"https:\/\/sapport.gov.mt\/mt\/servizzi\/skillup\/#primaryimage"},"image":{"@id":"https:\/\/sapport.gov.mt\/mt\/servizzi\/skillup\/#primaryimage"},"thumbnailUrl":"https:\/\/sapport.gov.mt\/wp-content\/uploads\/2025\/03\/image-3-scaled.jpg","datePublished":"2025-09-24T09:12:53+00:00","dateModified":"2026-04-02T10:24:09+00:00","description":"SkillUp toffri programmi li jappo\u0121\u0121jaw persuni b\u2019di\u017cabilita, bl-g\u0127an li jtejbu l-kwalita tal-\u0127ajja tag\u0127hom u jippromwovu l-inklu\u017cjoni.","breadcrumb":{"@id":"https:\/\/sapport.gov.mt\/mt\/servizzi\/skillup\/#breadcrumb"},"inLanguage":"mt-MT","potentialAction":[{"@type":"ReadAction","target":["https:\/\/sapport.gov.mt\/mt\/servizzi\/skillup\/"]}]},{"@type":"ImageObject","inLanguage":"mt-MT","@id":"https:\/\/sapport.gov.mt\/mt\/servizzi\/skillup\/#primaryimage","url":"https:\/\/sapport.gov.mt\/wp-content\/uploads\/2025\/03\/image-3-scaled.jpg","contentUrl":"https:\/\/sapport.gov.mt\/wp-content\/uploads\/2025\/03\/image-3-scaled.jpg","width":2560,"height":1707},{"@type":"BreadcrumbList","@id":"https:\/\/sapport.gov.mt\/mt\/servizzi\/skillup\/#breadcrumb","itemListElement":[{"@type":"ListItem","position":1,"name":"Pa\u0121na","item":"https:\/\/sapport.gov.mt\/mt\/"},{"@type":"ListItem","position":2,"name":"Servizzi","item":"https:\/\/sapport.gov.mt\/mt\/servizzi\/"},{"@type":"ListItem","position":3,"name":"SkillUp"}]},{"@type":"WebSite","@id":"https:\/\/sapport.gov.mt\/mt\/#website","url":"https:\/\/sapport.gov.mt\/mt\/","name":"Agenzija Sapport","description":"Providing Professional And Innovative Services To Enhance The Quality Of Life Of Persons With Disabilities","publisher":{"@id":"https:\/\/sapport.gov.mt\/mt\/#organization"},"potentialAction":[{"@type":"SearchAction","target":{"@type":"EntryPoint","urlTemplate":"https:\/\/sapport.gov.mt\/mt\/?s={search_term_string}"},"query-input":{"@type":"PropertyValueSpecification","valueRequired":true,"valueName":"search_term_string"}}],"inLanguage":"mt-MT"},{"@type":"Organization","@id":"https:\/\/sapport.gov.mt\/mt\/#organization","name":"A\u0121enzija Sapport","alternateName":"Sapport Agency","url":"https:\/\/sapport.gov.mt\/mt\/","logo":{"@type":"ImageObject","inLanguage":"mt-MT","@id":"https:\/\/sapport.gov.mt\/mt\/#\/schema\/logo\/image\/","url":"https:\/\/sapport.ppdevplayground.com\/wp-content\/uploads\/2022\/11\/site-logo.png","contentUrl":"https:\/\/sapport.ppdevplayground.com\/wp-content\/uploads\/2022\/11\/site-logo.png","width":320,"height":178,"caption":"A\u0121enzija Sapport"},"image":{"@id":"https:\/\/sapport.gov.mt\/mt\/#\/schema\/logo\/image\/"}}]}},"_links":{"self":[{"href":"https:\/\/sapport.gov.mt\/mt\/wp-json\/wp\/v2\/pages\/12103","targetHints":{"allow":["GET"]}}],"collection":[{"href":"https:\/\/sapport.gov.mt\/mt\/wp-json\/wp\/v2\/pages"}],"about":[{"href":"https:\/\/sapport.gov.mt\/mt\/wp-json\/wp\/v2\/types\/page"}],"author":[{"embeddable":true,"href":"https:\/\/sapport.gov.mt\/mt\/wp-json\/wp\/v2\/users\/3"}],"replies":[{"embeddable":true,"href":"https:\/\/sapport.gov.mt\/mt\/wp-json\/wp\/v2\/comments?post=12103"}],"version-history":[{"count":10,"href":"https:\/\/sapport.gov.mt\/mt\/wp-json\/wp\/v2\/pages\/12103\/revisions"}],"predecessor-version":[{"id":13676,"href":"https:\/\/sapport.gov.mt\/mt\/wp-json\/wp\/v2\/pages\/12103\/revisions\/13676"}],"up":[{"embeddable":true,"href":"https:\/\/sapport.gov.mt\/mt\/wp-json\/wp\/v2\/pages\/2105"}],"wp:featuredmedia":[{"embeddable":true,"href":"https:\/\/sapport.gov.mt\/mt\/wp-json\/wp\/v2\/media\/10962"}],"wp:attachment":[{"href":"https:\/\/sapport.gov.mt\/mt\/wp-json\/wp\/v2\/media?parent=12103"}],"wp:term":[{"taxonomy":"category","embeddable":true,"href":"https:\/\/sapport.gov.mt\/mt\/wp-json\/wp\/v2\/categories?post=12103"}],"curies":[{"name":"wp","href":"https:\/\/api.w.org\/{rel}","templated":true}]}}