{"id":13345,"date":"2026-02-11T14:03:55","date_gmt":"2026-02-11T13:03:55","guid":{"rendered":"https:\/\/sapport.gov.mt\/?page_id=13345"},"modified":"2026-02-11T14:03:56","modified_gmt":"2026-02-11T13:03:56","slug":"youth-work","status":"publish","type":"page","link":"https:\/\/sapport.gov.mt\/mt\/servizzi\/youth-work\/","title":{"rendered":"Youth Work"},"content":{"rendered":"<div class=\"tabs-text align\">\n    <div id=\"tabs-text-block_609511acb46b3a0702c625cde9b39279\" class=\"block-tabs-text\">\n\n    <div class=\"blend-mode luminosity\">\n                <div class=\"img inline-bg-image lazyload\" role=\"img\" aria-label=\"Youth Worker delivering a presentation\" style=\"background-image:inherit;\" data-bg-image=\"url(https:\/\/sapport.gov.mt\/wp-content\/uploads\/2026\/02\/Youth-Work.jpg)\"><\/div>\n    <\/div>\n\n    <div class=\"inner np flex-columns stretch\">\n        <div class=\"col-35 left-side\">\n\n            \n            <p class=\"breadcrumbs\"><span><span><a href=\"https:\/\/sapport.gov.mt\/mt\/\">Pa\u0121na<\/a><\/span><\/span><\/p>\n            <h1 class=\"h1 white\">Youth Work<\/h1>\n\n            \n                        <ul id=\"tabs-nav\" class=\"tabs-nav\">\n                \n                    <li class=\"tab-title\">\n                        <a id=\"arsa-enerali\" href=\"#tabs-content\" data-tab=\"#tab1\" class=\"tab-nav\">\u0126arsa \u0120enerali<\/a>\n                    <\/li>\n            \n                \n                    <li class=\"tab-title\">\n                        <a id=\"eliibilit\" href=\"#tabs-content\" data-tab=\"#tab2\" class=\"tab-nav\">Eli\u0121ibilit\u00e0<\/a>\n                    <\/li>\n            \n                \n                    <li class=\"tab-title\">\n                        <a id=\"riferimenti-u-assessjar\" href=\"#tabs-content\" data-tab=\"#tab3\" class=\"tab-nav\">Riferimenti u Assessjar<\/a>\n                    <\/li>\n            \n                            <\/ul>\n                    <\/div>\n\n        <div class=\"col-65 right-side\">\n            \n                        <div id=\"tabs-content\" class=\"tabs-content\">\n                                <div id=\"tab1\" class=\"tab-content\">\n                    <h2 class=\"h4\">\u0126arsa \u0120enerali<\/h2>\n                    <div class=\"post-content\"><p>Il-\u0127idma fost i\u017c-\u017cg\u0127a\u017cag\u0127 hija ddedikata lejn l-appo\u0121\u0121 tal-i\u017cvilupp \u0127olistiku ta\u017c-\u017cg\u0127a\u017cag\u0127. Meta ti\u0121i applikata g\u0127all-persuni b\u2019di\u017cabilit\u00e0, din tikseb rwol ta\u2019 setg\u0127a partikolari \u2013 li tiffoka fuq appo\u0121\u0121 personalizzat u bba\u017cat fuq il-komunit\u00e0 li jrawwem il-potenzjal ta\u2019 kull persuna \u017cag\u0127\u017cug\u0127a.<\/p>\n<p>&nbsp;<\/p>\n<p>Is-Servizz tal-Youth Work fi \u0127dan A\u0121enzija Sapport jipprovdi ambjent sikur, inklu\u017civ u li jag\u0127ti s-setg\u0127a li\u017c-\u017cg\u0127a\u017cag\u0127 b\u2019di\u017cabilit\u00e0 sabiex ikunu jistg\u0127u jirnexxu.<\/p>\n<p>&nbsp;<\/p>\n<p>L-g\u0127an ta\u2019 dan is-servizz huwa li:<\/p>\n<ul>\n<li>jippromwovi l-inklu\u017cjoni s\u0127i\u0127a ta\u017c-\u017cg\u0127a\u017cag\u0127 b\u2019di\u017cabilit\u00e0 fis-so\u010bjet\u00e0<\/li>\n<li>jippermettilhom li je\u017cer\u010bitaw id-drittijiet tag\u0127hom<\/li>\n<li>jibnu relazzjonijiet sinifikanti<\/li>\n<li>jipparte\u010bipaw b\u2019mod attiv fil-\u0127ajja komunitarja<\/li>\n<\/ul>\n<p>&nbsp;<\/p>\n<p>Permezz ta\u2019 pjanijiet ta\u2019 sapport individwalizzati, sessjonijiet strutturati individwali, u attivitajiet kreattivi fi grupp, is-servizz jippromwovi:<\/p>\n<ul>\n<li>l-edukazzjoni informali<\/li>\n<li>i\u010b-\u010bittadinanza attiva<\/li>\n<li>l-i\u017cvilupp personali u so\u010bjali<\/li>\n<\/ul>\n<p>&nbsp;<\/p>\n<p>Permezz ta\u2019 appro\u010b\u010b ibba\u017cat fuq is-sa\u0127\u0127iet u li jiffoka fuq id-drittijiet, is-Servizz tal-Youth Work irawwem l-indipendenza, il-kunfidenza lejk innifsek u l-involviment so\u010bjali, filwaqt li tirrikonoxxi li\u017c-\u017cg\u0127a\u017cag\u0127 b\u2019di\u017cabilit\u00e0 b\u0127ala membri tas-so\u010bjet\u00e0 kapa\u010bi u ta\u2019 valur.<\/p>\n<p>&nbsp;<\/p>\n<p>It-tim tas-servizz jikkollabora ma\u2019 professjonisti o\u0127ra, u ji\u017cgura sapport \u0127olistiku \u010b\u010bentrat fuq il-persuna. Il-progress ji\u0121i mmonitorjat regolarment biex jadatta g\u0127all-\u0127ti\u0121ijiet u l-miri li qed jevolvu ta\u2019 kull persuna \u017cag\u0127\u017cug\u0127a.<\/p>\n<p>&nbsp;<\/p>\n<p>Is-servizz g\u0127andu l-g\u0127an li jrawwem l-awtonomija, l-inklu\u017cjoni u parte\u010bipazzjoni sinifikanti fil-komunit\u00e0.<\/p>\n<\/div>\n\n                                            \n                <\/div>\n                                <div id=\"tab2\" class=\"tab-content\">\n                    <h2 class=\"h4\">Eli\u0121ibilit\u00e0<\/h2>\n                    <div class=\"post-content\"><ul>\n<li>\u017bg\u0127a\u017cag\u0127 b\u2019di\u017cabilit\u00e0, bejn it-12 u l-35 sena.<\/li>\n<li>Individwi li di\u0121\u00e0 ju\u017caw is-servizzi ta\u2019 A\u0121enzija Sapport jew li \u0121ew riferuti mit-tim tal-Intake wara assessjar inizjali.<\/li>\n<li>Il-parte\u010bipazzjoni hija volontarja, li tfisser li l-persuna \u017cag\u0127\u017cug\u0127a trid tkun lesta li tipparte\u010bipa fis-servizz.<\/li>\n<li>Is-servizz huwa disponibbli kemm g\u0127al attivitajiet fi grupp kif ukoll g\u0127al sessjonijiet individwali, skont il-\u0127ti\u0121ijiet u l-preferenzi tal-individwu.<\/li>\n<\/ul>\n<\/div>\n\n                                            \n                <\/div>\n                                <div id=\"tab3\" class=\"tab-content\">\n                    <h2 class=\"h4\">Riferimenti u Assessjar<\/h2>\n                    <div class=\"post-content\"><p>It-talbiet g\u0127al riferiment jistg\u0127u jsiru minn professjonisti, membri tal-familja, jew mi\u017c-\u017cg\u0127a\u017cag\u0127 stess, u jridu jinkludu dettalji rilevanti b\u0127al dijanjo\u017ci, miri u disponibilit\u00e0.<\/p>\n<p>&nbsp;<\/p>\n<p>It-tim tal-Intake jir\u010bievi u jippro\u010bessa l-ka\u017cijiet kollha li jaslu minn servizzi prospettivi, il-familji u professjonisti o\u0127ra li je\u0127tie\u0121u kwalunkwe servizz fl-A\u0121enzija. Il-ka\u017cijiet kollha li jid\u0127lu ji\u0121u assessjati bir-reqqa mill-professjonisti tat-tim, li jidentifikaw liema servizz\/i l-individwu jista\u2019 jibbenifika minnu skont il-b\u017connijiet, interessi u x-xewqat tal-individwu.<\/p>\n<p>&nbsp;<\/p>\n<p>Wara dan l-assessjar, it-tim jikkomunika kif xieraq mal-professjonisti mid-dipartimenti tas-servizzi identifikati, u jwettaq pjanijiet ta\u2019 azzjoni ta\u2019 segwitu.<\/p>\n<p><strong>\u00a0<\/strong><\/p>\n<p>Jekk ikunu di\u0121\u00e0 qed jir\u010bievu servizzi mill-A\u0121enzija, l-utenti tas-servizz jistg\u0127u jikkuntattjaw lill-professjonist assenjat tag\u0127hom, li jibda l-pro\u010bess ta\u2019 riferiment.<\/p>\n<p><strong>\u00a0<\/strong><\/p>\n<p>Malli jir\u010bievi r-riferiment, it-tim tal-Youth Work jorganizza laqg\u0127a mal-professjonist ta\u2019 riferiment biex jiddiskutu l-a\u0127jar perkors.<\/p>\n<p>&nbsp;<\/p>\n<p>It-tim tal-Youth Work jikkuntattja direttament li\u017c-\u017cag\u0127\u017cug\u0127\/a biex jibda l-pro\u010bess ta\u2019 sapport.<\/p>\n<\/div>\n\n                                            \n                <\/div>\n                            <\/div>\n                    \n        <\/div>\n\n    <\/div>\n<\/div><\/div>\n\n\n<p><\/p>\n","protected":false},"excerpt":{"rendered":"<p>Is-Servizz tal-Youth Work jipprovdi ambjent sikur, inklu\u017civ u li jag\u0127ti s-setg\u0127a li\u017c-\u017cg\u0127a\u017cag\u0127 b\u2019di\u017cabilit\u00e0 sabiex ikunu jistg\u0127u jirnexxu.<\/p>\n","protected":false},"author":3,"featured_media":13347,"parent":2105,"menu_order":15,"comment_status":"closed","ping_status":"closed","template":"","meta":{"_acf_changed":false,"inline_featured_image":false,"footnotes":""},"categories":[27,45],"class_list":["post-13345","page","type-page","status-publish","has-post-thumbnail","hentry","category-services","category-services-mt"],"acf":[],"yoast_head":"<!-- This site is optimized with the Yoast SEO plugin v27.4 - https:\/\/yoast.com\/product\/yoast-seo-wordpress\/ -->\n<title>Youth Work - Agenzija Sapport<\/title>\n<meta name=\"description\" content=\"Is-Servizz tal-Youth Work jipprovdi ambjent sikur, inklu\u017civ u li jag\u0127ti s-setg\u0127a li\u017c-\u017cg\u0127a\u017cag\u0127 b\u2019di\u017cabilit\u00e0 sabiex ikunu jistg\u0127u jirnexxu.\" \/>\n<meta name=\"robots\" content=\"index, follow, max-snippet:-1, max-image-preview:large, max-video-preview:-1\" \/>\n<link rel=\"canonical\" href=\"https:\/\/sapport.gov.mt\/mt\/servizzi\/youth-work\/\" \/>\n<meta property=\"og:locale\" content=\"mt_MT\" \/>\n<meta property=\"og:type\" content=\"article\" \/>\n<meta property=\"og:title\" content=\"Youth Work - Agenzija Sapport\" \/>\n<meta property=\"og:description\" content=\"Is-Servizz tal-Youth Work jipprovdi ambjent sikur, inklu\u017civ u li jag\u0127ti s-setg\u0127a li\u017c-\u017cg\u0127a\u017cag\u0127 b\u2019di\u017cabilit\u00e0 sabiex ikunu jistg\u0127u jirnexxu.\" \/>\n<meta property=\"og:url\" content=\"https:\/\/sapport.gov.mt\/mt\/servizzi\/youth-work\/\" \/>\n<meta property=\"og:site_name\" content=\"Agenzija Sapport\" \/>\n<meta property=\"article:modified_time\" content=\"2026-02-11T13:03:56+00:00\" \/>\n<meta property=\"og:image\" content=\"https:\/\/sapport.gov.mt\/wp-content\/uploads\/2026\/02\/Youth-Work.jpg\" \/>\n\t<meta property=\"og:image:width\" content=\"1433\" \/>\n\t<meta property=\"og:image:height\" content=\"1372\" \/>\n\t<meta property=\"og:image:type\" content=\"image\/jpeg\" \/>\n<meta name=\"twitter:card\" content=\"summary_large_image\" \/>\n<meta name=\"twitter:label1\" content=\"Est. reading time\" \/>\n\t<meta name=\"twitter:data1\" content=\"3 minutes\" \/>\n<script type=\"application\/ld+json\" class=\"yoast-schema-graph\">{\"@context\":\"https:\\\/\\\/schema.org\",\"@graph\":[{\"@type\":\"WebPage\",\"@id\":\"https:\\\/\\\/sapport.gov.mt\\\/mt\\\/servizzi\\\/youth-work\\\/\",\"url\":\"https:\\\/\\\/sapport.gov.mt\\\/mt\\\/servizzi\\\/youth-work\\\/\",\"name\":\"Youth Work - Agenzija Sapport\",\"isPartOf\":{\"@id\":\"https:\\\/\\\/sapport.gov.mt\\\/mt\\\/#website\"},\"primaryImageOfPage\":{\"@id\":\"https:\\\/\\\/sapport.gov.mt\\\/mt\\\/servizzi\\\/youth-work\\\/#primaryimage\"},\"image\":{\"@id\":\"https:\\\/\\\/sapport.gov.mt\\\/mt\\\/servizzi\\\/youth-work\\\/#primaryimage\"},\"thumbnailUrl\":\"https:\\\/\\\/sapport.gov.mt\\\/wp-content\\\/uploads\\\/2026\\\/02\\\/Youth-Work.jpg\",\"datePublished\":\"2026-02-11T13:03:55+00:00\",\"dateModified\":\"2026-02-11T13:03:56+00:00\",\"description\":\"Is-Servizz tal-Youth Work jipprovdi ambjent sikur, inklu\u017civ u li jag\u0127ti s-setg\u0127a li\u017c-\u017cg\u0127a\u017cag\u0127 b\u2019di\u017cabilit\u00e0 sabiex ikunu jistg\u0127u jirnexxu.\",\"breadcrumb\":{\"@id\":\"https:\\\/\\\/sapport.gov.mt\\\/mt\\\/servizzi\\\/youth-work\\\/#breadcrumb\"},\"inLanguage\":\"mt-MT\",\"potentialAction\":[{\"@type\":\"ReadAction\",\"target\":[\"https:\\\/\\\/sapport.gov.mt\\\/mt\\\/servizzi\\\/youth-work\\\/\"]}]},{\"@type\":\"ImageObject\",\"inLanguage\":\"mt-MT\",\"@id\":\"https:\\\/\\\/sapport.gov.mt\\\/mt\\\/servizzi\\\/youth-work\\\/#primaryimage\",\"url\":\"https:\\\/\\\/sapport.gov.mt\\\/wp-content\\\/uploads\\\/2026\\\/02\\\/Youth-Work.jpg\",\"contentUrl\":\"https:\\\/\\\/sapport.gov.mt\\\/wp-content\\\/uploads\\\/2026\\\/02\\\/Youth-Work.jpg\",\"width\":1433,\"height\":1372,\"caption\":\"Youth Worker delivering a presentation\"},{\"@type\":\"BreadcrumbList\",\"@id\":\"https:\\\/\\\/sapport.gov.mt\\\/mt\\\/servizzi\\\/youth-work\\\/#breadcrumb\",\"itemListElement\":[{\"@type\":\"ListItem\",\"position\":1,\"name\":\"Pa\u0121na\",\"item\":\"https:\\\/\\\/sapport.gov.mt\\\/mt\\\/\"},{\"@type\":\"ListItem\",\"position\":2,\"name\":\"Servizzi\",\"item\":\"https:\\\/\\\/sapport.gov.mt\\\/mt\\\/servizzi\\\/\"},{\"@type\":\"ListItem\",\"position\":3,\"name\":\"Youth Work\"}]},{\"@type\":\"WebSite\",\"@id\":\"https:\\\/\\\/sapport.gov.mt\\\/mt\\\/#website\",\"url\":\"https:\\\/\\\/sapport.gov.mt\\\/mt\\\/\",\"name\":\"Agenzija Sapport\",\"description\":\"Providing Professional And Innovative Services To Enhance The Quality Of Life Of Persons With Disabilities\",\"publisher\":{\"@id\":\"https:\\\/\\\/sapport.gov.mt\\\/mt\\\/#organization\"},\"potentialAction\":[{\"@type\":\"SearchAction\",\"target\":{\"@type\":\"EntryPoint\",\"urlTemplate\":\"https:\\\/\\\/sapport.gov.mt\\\/mt\\\/?s={search_term_string}\"},\"query-input\":{\"@type\":\"PropertyValueSpecification\",\"valueRequired\":true,\"valueName\":\"search_term_string\"}}],\"inLanguage\":\"mt-MT\"},{\"@type\":\"Organization\",\"@id\":\"https:\\\/\\\/sapport.gov.mt\\\/mt\\\/#organization\",\"name\":\"A\u0121enzija Sapport\",\"alternateName\":\"Sapport Agency\",\"url\":\"https:\\\/\\\/sapport.gov.mt\\\/mt\\\/\",\"logo\":{\"@type\":\"ImageObject\",\"inLanguage\":\"mt-MT\",\"@id\":\"https:\\\/\\\/sapport.gov.mt\\\/mt\\\/#\\\/schema\\\/logo\\\/image\\\/\",\"url\":\"https:\\\/\\\/sapport.ppdevplayground.com\\\/wp-content\\\/uploads\\\/2022\\\/11\\\/site-logo.png\",\"contentUrl\":\"https:\\\/\\\/sapport.ppdevplayground.com\\\/wp-content\\\/uploads\\\/2022\\\/11\\\/site-logo.png\",\"width\":320,\"height\":178,\"caption\":\"A\u0121enzija Sapport\"},\"image\":{\"@id\":\"https:\\\/\\\/sapport.gov.mt\\\/mt\\\/#\\\/schema\\\/logo\\\/image\\\/\"}}]}<\/script>\n<!-- \/ Yoast SEO plugin. -->","yoast_head_json":{"title":"Youth Work - Agenzija Sapport","description":"Is-Servizz tal-Youth Work jipprovdi ambjent sikur, inklu\u017civ u li jag\u0127ti s-setg\u0127a li\u017c-\u017cg\u0127a\u017cag\u0127 b\u2019di\u017cabilit\u00e0 sabiex ikunu jistg\u0127u jirnexxu.","robots":{"index":"index","follow":"follow","max-snippet":"max-snippet:-1","max-image-preview":"max-image-preview:large","max-video-preview":"max-video-preview:-1"},"canonical":"https:\/\/sapport.gov.mt\/mt\/servizzi\/youth-work\/","og_locale":"mt_MT","og_type":"article","og_title":"Youth Work - Agenzija Sapport","og_description":"Is-Servizz tal-Youth Work jipprovdi ambjent sikur, inklu\u017civ u li jag\u0127ti s-setg\u0127a li\u017c-\u017cg\u0127a\u017cag\u0127 b\u2019di\u017cabilit\u00e0 sabiex ikunu jistg\u0127u jirnexxu.","og_url":"https:\/\/sapport.gov.mt\/mt\/servizzi\/youth-work\/","og_site_name":"Agenzija Sapport","article_modified_time":"2026-02-11T13:03:56+00:00","og_image":[{"width":1433,"height":1372,"url":"https:\/\/sapport.gov.mt\/wp-content\/uploads\/2026\/02\/Youth-Work.jpg","type":"image\/jpeg"}],"twitter_card":"summary_large_image","twitter_misc":{"Est. reading time":"3 minutes"},"schema":{"@context":"https:\/\/schema.org","@graph":[{"@type":"WebPage","@id":"https:\/\/sapport.gov.mt\/mt\/servizzi\/youth-work\/","url":"https:\/\/sapport.gov.mt\/mt\/servizzi\/youth-work\/","name":"Youth Work - Agenzija Sapport","isPartOf":{"@id":"https:\/\/sapport.gov.mt\/mt\/#website"},"primaryImageOfPage":{"@id":"https:\/\/sapport.gov.mt\/mt\/servizzi\/youth-work\/#primaryimage"},"image":{"@id":"https:\/\/sapport.gov.mt\/mt\/servizzi\/youth-work\/#primaryimage"},"thumbnailUrl":"https:\/\/sapport.gov.mt\/wp-content\/uploads\/2026\/02\/Youth-Work.jpg","datePublished":"2026-02-11T13:03:55+00:00","dateModified":"2026-02-11T13:03:56+00:00","description":"Is-Servizz tal-Youth Work jipprovdi ambjent sikur, inklu\u017civ u li jag\u0127ti s-setg\u0127a li\u017c-\u017cg\u0127a\u017cag\u0127 b\u2019di\u017cabilit\u00e0 sabiex ikunu jistg\u0127u jirnexxu.","breadcrumb":{"@id":"https:\/\/sapport.gov.mt\/mt\/servizzi\/youth-work\/#breadcrumb"},"inLanguage":"mt-MT","potentialAction":[{"@type":"ReadAction","target":["https:\/\/sapport.gov.mt\/mt\/servizzi\/youth-work\/"]}]},{"@type":"ImageObject","inLanguage":"mt-MT","@id":"https:\/\/sapport.gov.mt\/mt\/servizzi\/youth-work\/#primaryimage","url":"https:\/\/sapport.gov.mt\/wp-content\/uploads\/2026\/02\/Youth-Work.jpg","contentUrl":"https:\/\/sapport.gov.mt\/wp-content\/uploads\/2026\/02\/Youth-Work.jpg","width":1433,"height":1372,"caption":"Youth Worker delivering a presentation"},{"@type":"BreadcrumbList","@id":"https:\/\/sapport.gov.mt\/mt\/servizzi\/youth-work\/#breadcrumb","itemListElement":[{"@type":"ListItem","position":1,"name":"Pa\u0121na","item":"https:\/\/sapport.gov.mt\/mt\/"},{"@type":"ListItem","position":2,"name":"Servizzi","item":"https:\/\/sapport.gov.mt\/mt\/servizzi\/"},{"@type":"ListItem","position":3,"name":"Youth Work"}]},{"@type":"WebSite","@id":"https:\/\/sapport.gov.mt\/mt\/#website","url":"https:\/\/sapport.gov.mt\/mt\/","name":"Agenzija Sapport","description":"Providing Professional And Innovative Services To Enhance The Quality Of Life Of Persons With Disabilities","publisher":{"@id":"https:\/\/sapport.gov.mt\/mt\/#organization"},"potentialAction":[{"@type":"SearchAction","target":{"@type":"EntryPoint","urlTemplate":"https:\/\/sapport.gov.mt\/mt\/?s={search_term_string}"},"query-input":{"@type":"PropertyValueSpecification","valueRequired":true,"valueName":"search_term_string"}}],"inLanguage":"mt-MT"},{"@type":"Organization","@id":"https:\/\/sapport.gov.mt\/mt\/#organization","name":"A\u0121enzija Sapport","alternateName":"Sapport Agency","url":"https:\/\/sapport.gov.mt\/mt\/","logo":{"@type":"ImageObject","inLanguage":"mt-MT","@id":"https:\/\/sapport.gov.mt\/mt\/#\/schema\/logo\/image\/","url":"https:\/\/sapport.ppdevplayground.com\/wp-content\/uploads\/2022\/11\/site-logo.png","contentUrl":"https:\/\/sapport.ppdevplayground.com\/wp-content\/uploads\/2022\/11\/site-logo.png","width":320,"height":178,"caption":"A\u0121enzija Sapport"},"image":{"@id":"https:\/\/sapport.gov.mt\/mt\/#\/schema\/logo\/image\/"}}]}},"_links":{"self":[{"href":"https:\/\/sapport.gov.mt\/mt\/wp-json\/wp\/v2\/pages\/13345","targetHints":{"allow":["GET"]}}],"collection":[{"href":"https:\/\/sapport.gov.mt\/mt\/wp-json\/wp\/v2\/pages"}],"about":[{"href":"https:\/\/sapport.gov.mt\/mt\/wp-json\/wp\/v2\/types\/page"}],"author":[{"embeddable":true,"href":"https:\/\/sapport.gov.mt\/mt\/wp-json\/wp\/v2\/users\/3"}],"replies":[{"embeddable":true,"href":"https:\/\/sapport.gov.mt\/mt\/wp-json\/wp\/v2\/comments?post=13345"}],"version-history":[{"count":1,"href":"https:\/\/sapport.gov.mt\/mt\/wp-json\/wp\/v2\/pages\/13345\/revisions"}],"predecessor-version":[{"id":13349,"href":"https:\/\/sapport.gov.mt\/mt\/wp-json\/wp\/v2\/pages\/13345\/revisions\/13349"}],"up":[{"embeddable":true,"href":"https:\/\/sapport.gov.mt\/mt\/wp-json\/wp\/v2\/pages\/2105"}],"wp:featuredmedia":[{"embeddable":true,"href":"https:\/\/sapport.gov.mt\/mt\/wp-json\/wp\/v2\/media\/13347"}],"wp:attachment":[{"href":"https:\/\/sapport.gov.mt\/mt\/wp-json\/wp\/v2\/media?parent=13345"}],"wp:term":[{"taxonomy":"category","embeddable":true,"href":"https:\/\/sapport.gov.mt\/mt\/wp-json\/wp\/v2\/categories?post=13345"}],"curies":[{"name":"wp","href":"https:\/\/api.w.org\/{rel}","templated":true}]}}