{"id":13440,"date":"2026-02-26T15:59:27","date_gmt":"2026-02-26T14:59:27","guid":{"rendered":"https:\/\/sapport.gov.mt\/?page_id=13440"},"modified":"2026-02-26T16:44:12","modified_gmt":"2026-02-26T15:44:12","slug":"ic-charter-ta-servizz-ta-kwalita","status":"publish","type":"page","link":"https:\/\/sapport.gov.mt\/mt\/ic-charter-ta-servizz-ta-kwalita\/","title":{"rendered":"I\u010b-Charter ta’ Servizz ta’ Kwalit\u00e0"},"content":{"rendered":"<div class=\"banner no-bg-img align\">\n    <div id=\"banner-block_b35ec4e2f29c2069ec0d630309beef44\" class=\"block-banner no-bg-img\">\n\n\t    <div class=\"blend-mode multiply\">\n\t\t\n                        <div class=\"img inline-bg-image\" role=\"img\" aria-label=\"\" style=\"background-image: url();\"><\/div>\n\n            <div class=\"inner content\">\n\n                \n                <p class=\"breadcrumbs\"><span><span><a href=\"https:\/\/sapport.gov.mt\/mt\/\">Pa\u0121na<\/a><\/span><\/span><\/p>\n                <h1 class=\"h1 white\">I\u010b-Charter ta’ Servizz ta’ Kwalit\u00e0<\/h1>\n                \n                                \n                                \n            <\/div>\n\n\t\t    <\/div>\n\t\n<\/div><\/div>\n\n<div class=\"title-text align\">\n    <div id=\"title-text-block_1ee21611cc4c2f26616b9f41139c83af\" class=\"block-title-text \">\n    <div class=\"inner stbp\">\n\n                \n                            <div class=\"post-content\"><p>I\u010b-Charter ta’ Servizz ta’ Kwalit\u00e0 hu qafas li jag\u0127ti \u0127arsa lejn il\u2011livell ta\u2019 servizz li wie\u0127ed jistenna minn A\u0121enzija Sapport.<\/p>\n<p>&nbsp;<\/p>\n<p><a href=\"https:\/\/sapport.gov.mt\/wp-content\/uploads\/2026\/02\/Agenzija-Sapport_Quality-Services-Charter-2026.pdf\" target=\"_blank\" rel=\"noopener\">Ag\u0127fas fuq din il-\u0127olqa g\u0127al kopja ta\u010b-Charter ta’ Servizz ta’ Kwalit\u00e0. <\/a>\u00a0(bl-Ingli\u017c)<\/p>\n<p>&nbsp;<\/p>\n<p>(L-a\u0127\u0127ar a\u0121\u0121ornament: Frar 2026)<\/p>\n<\/div>\n        \n                \n    <\/div>\n<\/div>\n\n<\/div>","protected":false},"excerpt":{"rendered":"","protected":false},"author":12,"featured_media":0,"parent":0,"menu_order":0,"comment_status":"closed","ping_status":"closed","template":"","meta":{"_acf_changed":false,"inline_featured_image":false,"footnotes":""},"categories":[],"class_list":["post-13440","page","type-page","status-publish","hentry"],"acf":[],"yoast_head":"<!-- This site is optimized with the Yoast SEO plugin v27.3 - https:\/\/yoast.com\/product\/yoast-seo-wordpress\/ -->\n<title>I\u010b-Charter ta&#039; Servizz ta&#039; Kwalit\u00e0 - Agenzija Sapport<\/title>\n<meta name=\"description\" content=\"I\u010b-Charter ta&#039; Servizz ta&#039; Kwalit\u00e0 hu qafas li jag\u0127ti \u0127arsa lejn il\u2011livell ta\u2019 servizz li wie\u0127ed jistenna minn A\u0121enzija Sapport.\" \/>\n<meta name=\"robots\" content=\"index, follow, max-snippet:-1, max-image-preview:large, max-video-preview:-1\" \/>\n<link rel=\"canonical\" href=\"https:\/\/sapport.gov.mt\/mt\/ic-charter-ta-servizz-ta-kwalita\/\" \/>\n<meta property=\"og:locale\" content=\"mt_MT\" \/>\n<meta property=\"og:type\" content=\"article\" \/>\n<meta property=\"og:title\" content=\"I\u010b-Charter ta&#039; Servizz ta&#039; Kwalit\u00e0 - Agenzija Sapport\" \/>\n<meta property=\"og:description\" content=\"I\u010b-Charter ta&#039; Servizz ta&#039; Kwalit\u00e0 hu qafas li jag\u0127ti \u0127arsa lejn il\u2011livell ta\u2019 servizz li wie\u0127ed jistenna minn A\u0121enzija Sapport.\" \/>\n<meta property=\"og:url\" content=\"https:\/\/sapport.gov.mt\/mt\/ic-charter-ta-servizz-ta-kwalita\/\" \/>\n<meta property=\"og:site_name\" content=\"Agenzija Sapport\" \/>\n<meta property=\"article:modified_time\" content=\"2026-02-26T15:44:12+00:00\" \/>\n<meta name=\"twitter:card\" content=\"summary_large_image\" \/>\n<meta name=\"twitter:label1\" content=\"Est. reading time\" \/>\n\t<meta name=\"twitter:data1\" content=\"1 minute\" \/>\n<script type=\"application\/ld+json\" class=\"yoast-schema-graph\">{\"@context\":\"https:\\\/\\\/schema.org\",\"@graph\":[{\"@type\":\"WebPage\",\"@id\":\"https:\\\/\\\/sapport.gov.mt\\\/mt\\\/ic-charter-ta-servizz-ta-kwalita\\\/\",\"url\":\"https:\\\/\\\/sapport.gov.mt\\\/mt\\\/ic-charter-ta-servizz-ta-kwalita\\\/\",\"name\":\"I\u010b-Charter ta' Servizz ta' Kwalit\u00e0 - Agenzija Sapport\",\"isPartOf\":{\"@id\":\"https:\\\/\\\/sapport.gov.mt\\\/mt\\\/#website\"},\"datePublished\":\"2026-02-26T14:59:27+00:00\",\"dateModified\":\"2026-02-26T15:44:12+00:00\",\"description\":\"I\u010b-Charter ta' Servizz ta' Kwalit\u00e0 hu qafas li jag\u0127ti \u0127arsa lejn il\u2011livell ta\u2019 servizz li wie\u0127ed jistenna minn A\u0121enzija Sapport.\",\"breadcrumb\":{\"@id\":\"https:\\\/\\\/sapport.gov.mt\\\/mt\\\/ic-charter-ta-servizz-ta-kwalita\\\/#breadcrumb\"},\"inLanguage\":\"mt-MT\",\"potentialAction\":[{\"@type\":\"ReadAction\",\"target\":[\"https:\\\/\\\/sapport.gov.mt\\\/mt\\\/ic-charter-ta-servizz-ta-kwalita\\\/\"]}]},{\"@type\":\"BreadcrumbList\",\"@id\":\"https:\\\/\\\/sapport.gov.mt\\\/mt\\\/ic-charter-ta-servizz-ta-kwalita\\\/#breadcrumb\",\"itemListElement\":[{\"@type\":\"ListItem\",\"position\":1,\"name\":\"Pa\u0121na\",\"item\":\"https:\\\/\\\/sapport.gov.mt\\\/mt\\\/\"},{\"@type\":\"ListItem\",\"position\":2,\"name\":\"I\u010b-Charter ta’ Servizz ta’ Kwalit\u00e0\"}]},{\"@type\":\"WebSite\",\"@id\":\"https:\\\/\\\/sapport.gov.mt\\\/mt\\\/#website\",\"url\":\"https:\\\/\\\/sapport.gov.mt\\\/mt\\\/\",\"name\":\"Agenzija Sapport\",\"description\":\"Providing Professional And Innovative Services To Enhance The Quality Of Life Of Persons With Disabilities\",\"publisher\":{\"@id\":\"https:\\\/\\\/sapport.gov.mt\\\/mt\\\/#organization\"},\"potentialAction\":[{\"@type\":\"SearchAction\",\"target\":{\"@type\":\"EntryPoint\",\"urlTemplate\":\"https:\\\/\\\/sapport.gov.mt\\\/mt\\\/?s={search_term_string}\"},\"query-input\":{\"@type\":\"PropertyValueSpecification\",\"valueRequired\":true,\"valueName\":\"search_term_string\"}}],\"inLanguage\":\"mt-MT\"},{\"@type\":\"Organization\",\"@id\":\"https:\\\/\\\/sapport.gov.mt\\\/mt\\\/#organization\",\"name\":\"A\u0121enzija Sapport\",\"alternateName\":\"Sapport Agency\",\"url\":\"https:\\\/\\\/sapport.gov.mt\\\/mt\\\/\",\"logo\":{\"@type\":\"ImageObject\",\"inLanguage\":\"mt-MT\",\"@id\":\"https:\\\/\\\/sapport.gov.mt\\\/mt\\\/#\\\/schema\\\/logo\\\/image\\\/\",\"url\":\"https:\\\/\\\/sapport.ppdevplayground.com\\\/wp-content\\\/uploads\\\/2022\\\/11\\\/site-logo.png\",\"contentUrl\":\"https:\\\/\\\/sapport.ppdevplayground.com\\\/wp-content\\\/uploads\\\/2022\\\/11\\\/site-logo.png\",\"width\":320,\"height\":178,\"caption\":\"A\u0121enzija Sapport\"},\"image\":{\"@id\":\"https:\\\/\\\/sapport.gov.mt\\\/mt\\\/#\\\/schema\\\/logo\\\/image\\\/\"}}]}<\/script>\n<!-- \/ Yoast SEO plugin. -->","yoast_head_json":{"title":"I\u010b-Charter ta' Servizz ta' Kwalit\u00e0 - Agenzija Sapport","description":"I\u010b-Charter ta' Servizz ta' Kwalit\u00e0 hu qafas li jag\u0127ti \u0127arsa lejn il\u2011livell ta\u2019 servizz li wie\u0127ed jistenna minn A\u0121enzija Sapport.","robots":{"index":"index","follow":"follow","max-snippet":"max-snippet:-1","max-image-preview":"max-image-preview:large","max-video-preview":"max-video-preview:-1"},"canonical":"https:\/\/sapport.gov.mt\/mt\/ic-charter-ta-servizz-ta-kwalita\/","og_locale":"mt_MT","og_type":"article","og_title":"I\u010b-Charter ta' Servizz ta' Kwalit\u00e0 - Agenzija Sapport","og_description":"I\u010b-Charter ta' Servizz ta' Kwalit\u00e0 hu qafas li jag\u0127ti \u0127arsa lejn il\u2011livell ta\u2019 servizz li wie\u0127ed jistenna minn A\u0121enzija Sapport.","og_url":"https:\/\/sapport.gov.mt\/mt\/ic-charter-ta-servizz-ta-kwalita\/","og_site_name":"Agenzija Sapport","article_modified_time":"2026-02-26T15:44:12+00:00","twitter_card":"summary_large_image","twitter_misc":{"Est. reading time":"1 minute"},"schema":{"@context":"https:\/\/schema.org","@graph":[{"@type":"WebPage","@id":"https:\/\/sapport.gov.mt\/mt\/ic-charter-ta-servizz-ta-kwalita\/","url":"https:\/\/sapport.gov.mt\/mt\/ic-charter-ta-servizz-ta-kwalita\/","name":"I\u010b-Charter ta' Servizz ta' Kwalit\u00e0 - Agenzija Sapport","isPartOf":{"@id":"https:\/\/sapport.gov.mt\/mt\/#website"},"datePublished":"2026-02-26T14:59:27+00:00","dateModified":"2026-02-26T15:44:12+00:00","description":"I\u010b-Charter ta' Servizz ta' Kwalit\u00e0 hu qafas li jag\u0127ti \u0127arsa lejn il\u2011livell ta\u2019 servizz li wie\u0127ed jistenna minn A\u0121enzija Sapport.","breadcrumb":{"@id":"https:\/\/sapport.gov.mt\/mt\/ic-charter-ta-servizz-ta-kwalita\/#breadcrumb"},"inLanguage":"mt-MT","potentialAction":[{"@type":"ReadAction","target":["https:\/\/sapport.gov.mt\/mt\/ic-charter-ta-servizz-ta-kwalita\/"]}]},{"@type":"BreadcrumbList","@id":"https:\/\/sapport.gov.mt\/mt\/ic-charter-ta-servizz-ta-kwalita\/#breadcrumb","itemListElement":[{"@type":"ListItem","position":1,"name":"Pa\u0121na","item":"https:\/\/sapport.gov.mt\/mt\/"},{"@type":"ListItem","position":2,"name":"I\u010b-Charter ta’ Servizz ta’ Kwalit\u00e0"}]},{"@type":"WebSite","@id":"https:\/\/sapport.gov.mt\/mt\/#website","url":"https:\/\/sapport.gov.mt\/mt\/","name":"Agenzija Sapport","description":"Providing Professional And Innovative Services To Enhance The Quality Of Life Of Persons With Disabilities","publisher":{"@id":"https:\/\/sapport.gov.mt\/mt\/#organization"},"potentialAction":[{"@type":"SearchAction","target":{"@type":"EntryPoint","urlTemplate":"https:\/\/sapport.gov.mt\/mt\/?s={search_term_string}"},"query-input":{"@type":"PropertyValueSpecification","valueRequired":true,"valueName":"search_term_string"}}],"inLanguage":"mt-MT"},{"@type":"Organization","@id":"https:\/\/sapport.gov.mt\/mt\/#organization","name":"A\u0121enzija Sapport","alternateName":"Sapport Agency","url":"https:\/\/sapport.gov.mt\/mt\/","logo":{"@type":"ImageObject","inLanguage":"mt-MT","@id":"https:\/\/sapport.gov.mt\/mt\/#\/schema\/logo\/image\/","url":"https:\/\/sapport.ppdevplayground.com\/wp-content\/uploads\/2022\/11\/site-logo.png","contentUrl":"https:\/\/sapport.ppdevplayground.com\/wp-content\/uploads\/2022\/11\/site-logo.png","width":320,"height":178,"caption":"A\u0121enzija Sapport"},"image":{"@id":"https:\/\/sapport.gov.mt\/mt\/#\/schema\/logo\/image\/"}}]}},"_links":{"self":[{"href":"https:\/\/sapport.gov.mt\/mt\/wp-json\/wp\/v2\/pages\/13440","targetHints":{"allow":["GET"]}}],"collection":[{"href":"https:\/\/sapport.gov.mt\/mt\/wp-json\/wp\/v2\/pages"}],"about":[{"href":"https:\/\/sapport.gov.mt\/mt\/wp-json\/wp\/v2\/types\/page"}],"author":[{"embeddable":true,"href":"https:\/\/sapport.gov.mt\/mt\/wp-json\/wp\/v2\/users\/12"}],"replies":[{"embeddable":true,"href":"https:\/\/sapport.gov.mt\/mt\/wp-json\/wp\/v2\/comments?post=13440"}],"version-history":[{"count":3,"href":"https:\/\/sapport.gov.mt\/mt\/wp-json\/wp\/v2\/pages\/13440\/revisions"}],"predecessor-version":[{"id":13473,"href":"https:\/\/sapport.gov.mt\/mt\/wp-json\/wp\/v2\/pages\/13440\/revisions\/13473"}],"wp:attachment":[{"href":"https:\/\/sapport.gov.mt\/mt\/wp-json\/wp\/v2\/media?parent=13440"}],"wp:term":[{"taxonomy":"category","embeddable":true,"href":"https:\/\/sapport.gov.mt\/mt\/wp-json\/wp\/v2\/categories?post=13440"}],"curies":[{"name":"wp","href":"https:\/\/api.w.org\/{rel}","templated":true}]}}