{"id":13446,"date":"2026-02-27T15:47:28","date_gmt":"2026-02-27T14:47:28","guid":{"rendered":"https:\/\/sapport.gov.mt\/?page_id=13446"},"modified":"2026-04-01T14:01:17","modified_gmt":"2026-04-01T12:01:17","slug":"avvenimenti","status":"publish","type":"page","link":"https:\/\/sapport.gov.mt\/mt\/dwarna\/avvenimenti\/","title":{"rendered":"Avvenimenti"},"content":{"rendered":"<div class=\"tabs-text align\">\n    <div id=\"tabs-text-block_a0607496f2db064f536f2667a8e37aa2\" class=\"block-tabs-text\">\n\n    <div class=\"blend-mode luminosity\">\n                <div class=\"img inline-bg-image\" role=\"img\" aria-label=\"\" style=\"background-image: url();\"><\/div>\n    <\/div>\n\n    <div class=\"inner np flex-columns stretch\">\n        <div class=\"col-35 left-side\">\n\n            \n            <p class=\"breadcrumbs\"><span><span><a href=\"https:\/\/sapport.gov.mt\/mt\/\">Pa\u0121na<\/a><\/span><\/span><\/p>\n            <h1 class=\"h1 white\">Avvenimenti<\/h1>\n\n            \n                        <ul id=\"tabs-nav\" class=\"tabs-nav\">\n                \n                    <li class=\"tab-title\">\n                        <a id=\"avvenimenti-li-ejjin\" href=\"#tabs-content\" data-tab=\"#tab1\" class=\"tab-nav\">Avvenimenti li \u0120ejjin<\/a>\n                    <\/li>\n            \n                \n                    <li class=\"tab-title\">\n                        <a id=\"avvenimenti-tal-passat\" href=\"#tabs-content\" data-tab=\"#tab2\" class=\"tab-nav\">Avvenimenti tal-Passat<\/a>\n                    <\/li>\n            \n                            <\/ul>\n                    <\/div>\n\n        <div class=\"col-65 right-side\">\n            \n                        <div id=\"tabs-content\" class=\"tabs-content\">\n                                <div id=\"tab1\" class=\"tab-content\">\n                    <h2 class=\"h4\">Avvenimenti li \u0120ejjin<\/h2>\n                    <div class=\"post-content\"><p><strong>Mejju<\/strong><\/p>\n<p><a href=\"https:\/\/connect.esn-eu.org\/public\/conference\/36\/page\/?fbclid=IwY2xjawQNQ3pleHRuA2FlbQIxMABicmlkETBoNUM5YXF2ZGpvU0x1QU9Cc3J0YwZhcHBfaWQQMjIyMDM5MTc4ODIwMDg5MgABHrBPQsyZ3YNl3A55yqqKP_PPNRwZHXQdlNZ76JsjaxWi1jYX6oyXx86WV7qn_aem_N6O7_s0dOKUuadfnPouHoQ\" target=\"_blank\" rel=\"noopener\"><strong>European Social Services Conference 2026:<br \/>\nBridging Boundaries – International Insights into Social Services<\/strong><\/a><\/p>\n<p>Valletta, Malta, 17-20 Mejju 2026<\/p>\n<p><a href=\"https:\/\/connect.esn-eu.org\/public\/conference\/36\/page\/?fbclid=IwY2xjawQNQ3pleHRuA2FlbQIxMABicmlkETBoNUM5YXF2ZGpvU0x1QU9Cc3J0YwZhcHBfaWQQMjIyMDM5MTc4ODIwMDg5MgABHrBPQsyZ3YNl3A55yqqKP_PPNRwZHXQdlNZ76JsjaxWi1jYX6oyXx86WV7qn_aem_N6O7_s0dOKUuadfnPouHoQ\" target=\"_blank\" rel=\"noopener\"><br \/>\n<img decoding=\"async\" class=\"alignnone wp-image-5464 size-large lazyload\" style=\"--smush-placeholder-width: 1024px; --smush-placeholder-aspect-ratio: 1024\/584;width: 400px;height: 220px;margin-left: auto;margin-right: auto\" data-src=\"https:\/\/sapport.gov.mt\/wp-content\/uploads\/2026\/02\/European-Social-Network.png\" alt=\"European-Social-Network.png\" width=\"1024\" height=\"584\" src=\"data:image\/svg+xml;base64,PHN2ZyB3aWR0aD0iMSIgaGVpZ2h0PSIxIiB4bWxucz0iaHR0cDovL3d3dy53My5vcmcvMjAwMC9zdmciPjwvc3ZnPg==\" \/><\/a><\/p>\n<p><a href=\"https:\/\/connect.esn-eu.org\/public\/conference\/36\/page\/?fbclid=IwY2xjawQNQ3pleHRuA2FlbQIxMABicmlkETBoNUM5YXF2ZGpvU0x1QU9Cc3J0YwZhcHBfaWQQMjIyMDM5MTc4ODIwMDg5MgABHrBPQsyZ3YNl3A55yqqKP_PPNRwZHXQdlNZ76JsjaxWi1jYX6oyXx86WV7qn_aem_N6O7_s0dOKUuadfnPouHoQ\" target=\"_blank\" rel=\"noopener\">Ag\u0127fas din il-\u0127olqa g\u0127al aktar informazzjoni dwar il-<\/a><a href=\"https:\/\/connect.esn-eu.org\/public\/conference\/36\/page\/?fbclid=IwY2xjawQNQ3pleHRuA2FlbQIxMABicmlkETBoNUM5YXF2ZGpvU0x1QU9Cc3J0YwZhcHBfaWQQMjIyMDM5MTc4ODIwMDg5MgABHrBPQsyZ3YNl3A55yqqKP_PPNRwZHXQdlNZ76JsjaxWi1jYX6oyXx86WV7qn_aem_N6O7_s0dOKUuadfnPouHoQ\" target=\"_blank\" rel=\"noopener\">European Social Services Conference<\/a> (bl-Ingli\u017c)<\/p>\n<\/div>\n\n                                            \n                <\/div>\n                                <div id=\"tab2\" class=\"tab-content\">\n                    <h2 class=\"h4\">Avvenimenti tal-Passat<\/h2>\n                    <div class=\"post-content\"><pre><\/pre>\n<h3><strong>2025<\/strong><\/h3>\n<p>&nbsp;<\/p>\n<p><strong>Di\u010bembru<\/strong><\/p>\n<p><a href=\"https:\/\/sapport.gov.mt\/mt\/hajti-zvilupp-ta-qafas-nazzjonali-ghal-sapport-individwalizzat-matul-il-hajja-ghall-persuni-bdizabilita\/\"><strong>\u0126ajti: \u017bvilupp ta\u2019 Qafas Nazzjonali g\u0127al Sapport Individwalizzat Matul il-\u0126ajja g\u0127all-Persuni b\u2019Di\u017cabilit\u00e0<\/strong><\/a><\/p>\n<p>&nbsp;<\/p>\n<p><a href=\"https:\/\/sapport.gov.mt\/mt\/hajti-zvilupp-ta-qafas-nazzjonali-ghal-sapport-individwalizzat-matul-il-hajja-ghall-persuni-bdizabilita\/\"><img decoding=\"async\" class=\"alignnone wp-image-5464 size-large lazyload\" style=\"--smush-placeholder-width: 1667px; --smush-placeholder-aspect-ratio: 1667\/1250;width: 327px;height: 250px;margin-left: auto;margin-right: auto\" data-src=\"https:\/\/sapport.gov.mt\/wp-content\/uploads\/2026\/02\/Agenzija-Sapport-Conference-invite.jpg\" alt=\"Agenzija-Sapport-Conference-invite.jpg\" width=\"1667\" height=\"1250\" src=\"data:image\/svg+xml;base64,PHN2ZyB3aWR0aD0iMSIgaGVpZ2h0PSIxIiB4bWxucz0iaHR0cDovL3d3dy53My5vcmcvMjAwMC9zdmciPjwvc3ZnPg==\" \/><\/a><\/p>\n<p><a href=\"https:\/\/sapport.gov.mt\/mt\/hajti-zvilupp-ta-qafas-nazzjonali-ghal-sapport-individwalizzat-matul-il-hajja-ghall-persuni-bdizabilita\/\">Ag\u0127fas fuq din il-\u0127olqa g\u0127al aktar informazzjoni dwar il-konferenza ta’ A\u0121enzija Sapport<\/a><\/p>\n<\/div>\n\n                                            \n                <\/div>\n                            <\/div>\n                    \n        <\/div>\n\n    <\/div>\n<\/div><\/div>","protected":false},"excerpt":{"rendered":"","protected":false},"author":3,"featured_media":0,"parent":1465,"menu_order":0,"comment_status":"closed","ping_status":"closed","template":"","meta":{"_acf_changed":false,"inline_featured_image":false,"footnotes":""},"categories":[],"class_list":["post-13446","page","type-page","status-publish","hentry"],"acf":[],"yoast_head":"<!-- This site is optimized with the Yoast SEO plugin v27.4 - https:\/\/yoast.com\/product\/yoast-seo-wordpress\/ -->\n<title>Avvenimenti - Agenzija Sapport<\/title>\n<meta name=\"description\" content=\"Informazzjoni dwar avvenimenti li \u0121ejjin u dawk fil-passat ta&#039; A\u0121enzija Sapport, jew fejn A\u0121enzija Sapport qed tie\u0127u sehem\" \/>\n<meta name=\"robots\" content=\"index, follow, max-snippet:-1, max-image-preview:large, max-video-preview:-1\" \/>\n<link rel=\"canonical\" href=\"https:\/\/sapport.gov.mt\/mt\/dwarna\/avvenimenti\/\" \/>\n<meta property=\"og:locale\" content=\"mt_MT\" \/>\n<meta property=\"og:type\" content=\"article\" \/>\n<meta property=\"og:title\" content=\"Avvenimenti - Agenzija Sapport\" \/>\n<meta property=\"og:description\" content=\"Informazzjoni dwar avvenimenti li \u0121ejjin u dawk fil-passat ta&#039; A\u0121enzija Sapport, jew fejn A\u0121enzija Sapport qed tie\u0127u sehem\" \/>\n<meta property=\"og:url\" content=\"https:\/\/sapport.gov.mt\/mt\/dwarna\/avvenimenti\/\" \/>\n<meta property=\"og:site_name\" content=\"Agenzija Sapport\" \/>\n<meta property=\"article:modified_time\" content=\"2026-04-01T12:01:17+00:00\" \/>\n<meta name=\"twitter:card\" content=\"summary_large_image\" \/>\n<meta name=\"twitter:label1\" content=\"Est. reading time\" \/>\n\t<meta name=\"twitter:data1\" content=\"1 minute\" \/>\n<script type=\"application\/ld+json\" class=\"yoast-schema-graph\">{\"@context\":\"https:\\\/\\\/schema.org\",\"@graph\":[{\"@type\":\"WebPage\",\"@id\":\"https:\\\/\\\/sapport.gov.mt\\\/mt\\\/dwarna\\\/avvenimenti\\\/\",\"url\":\"https:\\\/\\\/sapport.gov.mt\\\/mt\\\/dwarna\\\/avvenimenti\\\/\",\"name\":\"Avvenimenti - Agenzija Sapport\",\"isPartOf\":{\"@id\":\"https:\\\/\\\/sapport.gov.mt\\\/mt\\\/#website\"},\"datePublished\":\"2026-02-27T14:47:28+00:00\",\"dateModified\":\"2026-04-01T12:01:17+00:00\",\"description\":\"Informazzjoni dwar avvenimenti li \u0121ejjin u dawk fil-passat ta' A\u0121enzija Sapport, jew fejn A\u0121enzija Sapport qed tie\u0127u sehem\",\"breadcrumb\":{\"@id\":\"https:\\\/\\\/sapport.gov.mt\\\/mt\\\/dwarna\\\/avvenimenti\\\/#breadcrumb\"},\"inLanguage\":\"mt-MT\",\"potentialAction\":[{\"@type\":\"ReadAction\",\"target\":[\"https:\\\/\\\/sapport.gov.mt\\\/mt\\\/dwarna\\\/avvenimenti\\\/\"]}]},{\"@type\":\"BreadcrumbList\",\"@id\":\"https:\\\/\\\/sapport.gov.mt\\\/mt\\\/dwarna\\\/avvenimenti\\\/#breadcrumb\",\"itemListElement\":[{\"@type\":\"ListItem\",\"position\":1,\"name\":\"Pa\u0121na\",\"item\":\"https:\\\/\\\/sapport.gov.mt\\\/mt\\\/\"},{\"@type\":\"ListItem\",\"position\":2,\"name\":\"Dwarna\",\"item\":\"https:\\\/\\\/sapport.gov.mt\\\/mt\\\/dwarna\\\/\"},{\"@type\":\"ListItem\",\"position\":3,\"name\":\"Avvenimenti\"}]},{\"@type\":\"WebSite\",\"@id\":\"https:\\\/\\\/sapport.gov.mt\\\/mt\\\/#website\",\"url\":\"https:\\\/\\\/sapport.gov.mt\\\/mt\\\/\",\"name\":\"Agenzija Sapport\",\"description\":\"Providing Professional And Innovative Services To Enhance The Quality Of Life Of Persons With Disabilities\",\"publisher\":{\"@id\":\"https:\\\/\\\/sapport.gov.mt\\\/mt\\\/#organization\"},\"potentialAction\":[{\"@type\":\"SearchAction\",\"target\":{\"@type\":\"EntryPoint\",\"urlTemplate\":\"https:\\\/\\\/sapport.gov.mt\\\/mt\\\/?s={search_term_string}\"},\"query-input\":{\"@type\":\"PropertyValueSpecification\",\"valueRequired\":true,\"valueName\":\"search_term_string\"}}],\"inLanguage\":\"mt-MT\"},{\"@type\":\"Organization\",\"@id\":\"https:\\\/\\\/sapport.gov.mt\\\/mt\\\/#organization\",\"name\":\"A\u0121enzija Sapport\",\"alternateName\":\"Sapport Agency\",\"url\":\"https:\\\/\\\/sapport.gov.mt\\\/mt\\\/\",\"logo\":{\"@type\":\"ImageObject\",\"inLanguage\":\"mt-MT\",\"@id\":\"https:\\\/\\\/sapport.gov.mt\\\/mt\\\/#\\\/schema\\\/logo\\\/image\\\/\",\"url\":\"https:\\\/\\\/sapport.ppdevplayground.com\\\/wp-content\\\/uploads\\\/2022\\\/11\\\/site-logo.png\",\"contentUrl\":\"https:\\\/\\\/sapport.ppdevplayground.com\\\/wp-content\\\/uploads\\\/2022\\\/11\\\/site-logo.png\",\"width\":320,\"height\":178,\"caption\":\"A\u0121enzija Sapport\"},\"image\":{\"@id\":\"https:\\\/\\\/sapport.gov.mt\\\/mt\\\/#\\\/schema\\\/logo\\\/image\\\/\"}}]}<\/script>\n<!-- \/ Yoast SEO plugin. -->","yoast_head_json":{"title":"Avvenimenti - Agenzija Sapport","description":"Informazzjoni dwar avvenimenti li \u0121ejjin u dawk fil-passat ta' A\u0121enzija Sapport, jew fejn A\u0121enzija Sapport qed tie\u0127u sehem","robots":{"index":"index","follow":"follow","max-snippet":"max-snippet:-1","max-image-preview":"max-image-preview:large","max-video-preview":"max-video-preview:-1"},"canonical":"https:\/\/sapport.gov.mt\/mt\/dwarna\/avvenimenti\/","og_locale":"mt_MT","og_type":"article","og_title":"Avvenimenti - Agenzija Sapport","og_description":"Informazzjoni dwar avvenimenti li \u0121ejjin u dawk fil-passat ta' A\u0121enzija Sapport, jew fejn A\u0121enzija Sapport qed tie\u0127u sehem","og_url":"https:\/\/sapport.gov.mt\/mt\/dwarna\/avvenimenti\/","og_site_name":"Agenzija Sapport","article_modified_time":"2026-04-01T12:01:17+00:00","twitter_card":"summary_large_image","twitter_misc":{"Est. reading time":"1 minute"},"schema":{"@context":"https:\/\/schema.org","@graph":[{"@type":"WebPage","@id":"https:\/\/sapport.gov.mt\/mt\/dwarna\/avvenimenti\/","url":"https:\/\/sapport.gov.mt\/mt\/dwarna\/avvenimenti\/","name":"Avvenimenti - Agenzija Sapport","isPartOf":{"@id":"https:\/\/sapport.gov.mt\/mt\/#website"},"datePublished":"2026-02-27T14:47:28+00:00","dateModified":"2026-04-01T12:01:17+00:00","description":"Informazzjoni dwar avvenimenti li \u0121ejjin u dawk fil-passat ta' A\u0121enzija Sapport, jew fejn A\u0121enzija Sapport qed tie\u0127u sehem","breadcrumb":{"@id":"https:\/\/sapport.gov.mt\/mt\/dwarna\/avvenimenti\/#breadcrumb"},"inLanguage":"mt-MT","potentialAction":[{"@type":"ReadAction","target":["https:\/\/sapport.gov.mt\/mt\/dwarna\/avvenimenti\/"]}]},{"@type":"BreadcrumbList","@id":"https:\/\/sapport.gov.mt\/mt\/dwarna\/avvenimenti\/#breadcrumb","itemListElement":[{"@type":"ListItem","position":1,"name":"Pa\u0121na","item":"https:\/\/sapport.gov.mt\/mt\/"},{"@type":"ListItem","position":2,"name":"Dwarna","item":"https:\/\/sapport.gov.mt\/mt\/dwarna\/"},{"@type":"ListItem","position":3,"name":"Avvenimenti"}]},{"@type":"WebSite","@id":"https:\/\/sapport.gov.mt\/mt\/#website","url":"https:\/\/sapport.gov.mt\/mt\/","name":"Agenzija Sapport","description":"Providing Professional And Innovative Services To Enhance The Quality Of Life Of Persons With Disabilities","publisher":{"@id":"https:\/\/sapport.gov.mt\/mt\/#organization"},"potentialAction":[{"@type":"SearchAction","target":{"@type":"EntryPoint","urlTemplate":"https:\/\/sapport.gov.mt\/mt\/?s={search_term_string}"},"query-input":{"@type":"PropertyValueSpecification","valueRequired":true,"valueName":"search_term_string"}}],"inLanguage":"mt-MT"},{"@type":"Organization","@id":"https:\/\/sapport.gov.mt\/mt\/#organization","name":"A\u0121enzija Sapport","alternateName":"Sapport Agency","url":"https:\/\/sapport.gov.mt\/mt\/","logo":{"@type":"ImageObject","inLanguage":"mt-MT","@id":"https:\/\/sapport.gov.mt\/mt\/#\/schema\/logo\/image\/","url":"https:\/\/sapport.ppdevplayground.com\/wp-content\/uploads\/2022\/11\/site-logo.png","contentUrl":"https:\/\/sapport.ppdevplayground.com\/wp-content\/uploads\/2022\/11\/site-logo.png","width":320,"height":178,"caption":"A\u0121enzija Sapport"},"image":{"@id":"https:\/\/sapport.gov.mt\/mt\/#\/schema\/logo\/image\/"}}]}},"_links":{"self":[{"href":"https:\/\/sapport.gov.mt\/mt\/wp-json\/wp\/v2\/pages\/13446","targetHints":{"allow":["GET"]}}],"collection":[{"href":"https:\/\/sapport.gov.mt\/mt\/wp-json\/wp\/v2\/pages"}],"about":[{"href":"https:\/\/sapport.gov.mt\/mt\/wp-json\/wp\/v2\/types\/page"}],"author":[{"embeddable":true,"href":"https:\/\/sapport.gov.mt\/mt\/wp-json\/wp\/v2\/users\/3"}],"replies":[{"embeddable":true,"href":"https:\/\/sapport.gov.mt\/mt\/wp-json\/wp\/v2\/comments?post=13446"}],"version-history":[{"count":7,"href":"https:\/\/sapport.gov.mt\/mt\/wp-json\/wp\/v2\/pages\/13446\/revisions"}],"predecessor-version":[{"id":13618,"href":"https:\/\/sapport.gov.mt\/mt\/wp-json\/wp\/v2\/pages\/13446\/revisions\/13618"}],"up":[{"embeddable":true,"href":"https:\/\/sapport.gov.mt\/mt\/wp-json\/wp\/v2\/pages\/1465"}],"wp:attachment":[{"href":"https:\/\/sapport.gov.mt\/mt\/wp-json\/wp\/v2\/media?parent=13446"}],"wp:term":[{"taxonomy":"category","embeddable":true,"href":"https:\/\/sapport.gov.mt\/mt\/wp-json\/wp\/v2\/categories?post=13446"}],"curies":[{"name":"wp","href":"https:\/\/api.w.org\/{rel}","templated":true}]}}