{"id":1625,"date":"2022-12-28T17:13:16","date_gmt":"2022-12-28T16:13:16","guid":{"rendered":"https:\/\/sapport.ppdevplayground.com\/?page_id=1625"},"modified":"2025-05-20T12:19:19","modified_gmt":"2025-05-20T10:19:19","slug":"helpline","status":"publish","type":"page","link":"https:\/\/sapport.gov.mt\/mt\/servizzi\/helpline\/","title":{"rendered":"Helpline"},"content":{"rendered":"<div class=\"tabs-text align\">\n    <div id=\"tabs-text-block_e241bf1fc285063a44244c1d88921e5e\" class=\"block-tabs-text\">\n\n    <div class=\"blend-mode luminosity\">\n                <div class=\"img inline-bg-image lazyload\" role=\"img\" aria-label=\"\" style=\"background-image:inherit;\" data-bg-image=\"url(https:\/\/sapport.gov.mt\/wp-content\/uploads\/2022\/12\/1.-Helpline.jpg)\"><\/div>\n    <\/div>\n\n    <div class=\"inner np flex-columns stretch\">\n        <div class=\"col-35 left-side\">\n\n            \n            <p class=\"breadcrumbs\"><span><span><a href=\"https:\/\/sapport.gov.mt\/mt\/\">Pa\u0121na<\/a><\/span><\/span><\/p>\n            <h1 class=\"h1 white\">Helpline<\/h1>\n\n            \n                        <ul id=\"tabs-nav\" class=\"tabs-nav\">\n                \n                    <li class=\"tab-title\">\n                        <a id=\"helpline\" href=\"#tabs-content\" data-tab=\"#tab1\" class=\"tab-nav\">Helpline<\/a>\n                    <\/li>\n            \n                            <\/ul>\n                    <\/div>\n\n        <div class=\"col-65 right-side\">\n            \n                        <div id=\"tabs-content\" class=\"tabs-content\">\n                                <div id=\"tab1\" class=\"tab-content\">\n                    <h2 class=\"h4\">Helpline g\u0127all-persuni b\u2019di\u017cabilit\u00e0<\/h2>\n                    <div class=\"post-content\"><p>Il-Helpline ta’ A\u0121enzija Sapport \u2013 Freephone Servizz.gov 153 hi ma\u0127suba g\u0127al persuni b\u2019di\u017cabilit\u00e0 u l-familjari tag\u0127hom biex dawn ikunu jistg\u0127u jikkuntattjaw lil A\u0121enzija Sapport meta jkollhom b\u017conn xi servizz ming\u0127and l-A\u0121enzija. L-g\u0127an tag\u0127ha hu li tkun l-ewwel punt ta\u2019 kuntatt, fejn il-b\u017connijiet ta\u2019 min ikun qed i\u010bempel ji\u0121u rre\u0121istrati u jintbag\u0127tu direttament lid-dipartiment jew lit-tim tal-A\u0121enzija li joffri s-servizz li jkun qed jintalab.<\/p>\n<p>&nbsp;<\/p>\n<p>Wie\u0127ed jista\u2019 j\u010bempel ukoll fuq il-helpline biex isegwi fiex waslet ir-rikjesta tieg\u0127u, jiddiskuti xi problemi li qed ikollu bis-servizz li qed ji\u0121i pprovdut, jew jag\u0127ti xi su\u0121\u0121erimenti dwar kwalunkwe servizz tal-A\u0121enzija.<\/p>\n<p>&nbsp;<\/p>\n<p>Il-helpline hi a\u010b\u010bessibbli mit-Tnejn sal-\u0120img\u0127a mit-08:00 sal-16:00 billi \u010b\u010bempel fuq il-Freephone Servizz.gov 153. Wie\u0127ed imbag\u0127ad g\u0127andu jag\u0127fas in-numru tal-extension 05 biex jaqbad tal-helpline fl-A\u0121enzija Sapport. Uffi\u010bjali m\u0127arr\u0121a jie\u0127du d-dettalji ta\u2019 min i\u010bempel biex ikunu jistg\u0127u jippro\u010bessaw t-talba g\u0127as-servizz.<\/p>\n<p>&nbsp;<\/p>\n<p>Id-data pprovduta minnek ti\u0121i trattata bl-ikbar kunfidenzjalit\u00e0 u ti\u0121i ppro\u010bessata fil-parametri tar-Regolament \u0120enerali dwar il-Protezzjoni tad-Data (UE) 2016\/679 (GDPR), l-Att dwar il-Protezzjoni u l-Privatezza tad-Data (Kap. 586.) u l-Politika ta\u2019 Kunfidenzjalit\u00e0 tal-A\u0121enzija. Din id-data tista\u2019 tin\u017camm minn A\u0121enzija Sapport jew tintbag\u0127at lill-partijiet terzi biex dawn jag\u0127tuk l-aqwa servizz possibbli jew mod ie\u0127or kif mitlub bil-li\u0121i. Data dwarek tista\u2019 tin\u0121abar ukoll minn partijiet terzi g\u0127al dawn l-iskopijiet.<\/p>\n<p>&nbsp;<\/p>\n<p>&nbsp;<\/p>\n<\/div>\n\n                                            <div id=\"sign-language-icon\">\n                        <img decoding=\"async\" class=\"icon lazyload\" data-src=\"https:\/\/sapport.gov.mt\/wp-content\/themes\/agenzija-sapport\/resources\/assets\/images\/sign-language-icon.png\" alt=\"\" src=\"data:image\/svg+xml;base64,PHN2ZyB3aWR0aD0iMSIgaGVpZ2h0PSIxIiB4bWxucz0iaHR0cDovL3d3dy53My5vcmcvMjAwMC9zdmciPjwvc3ZnPg==\" style=\"--smush-placeholder-width: 1024px; --smush-placeholder-aspect-ratio: 1024\/1024;\">\n                        <div id=\"tab1\" class=\"popup-box-container hidden\" style=\"left:0\">\n                            <div class=\"popup-box\">\n                            <div class=\"vid-link hidden\">https:\/\/www.youtube.com\/embed\/ACpXaUueNk4?si=gqi9bVHwZbYLk4oE<\/div>\n                            <iframe\n                            data-src=\"https:\/\/www.youtube.com\/embed\/ACpXaUueNk4?si=gqi9bVHwZbYLk4oE\" src=\"data:image\/svg+xml;base64,PHN2ZyB3aWR0aD0iMSIgaGVpZ2h0PSIxIiB4bWxucz0iaHR0cDovL3d3dy53My5vcmcvMjAwMC9zdmciPjwvc3ZnPg==\" class=\"lazyload\" data-load-mode=\"1\">\n                            <\/iframe>\n                            <div class=\"close\">\n                                <img decoding=\"async\" data-src=\"https:\/\/sapport.gov.mt\/wp-content\/themes\/agenzija-sapport\/resources\/assets\/images\/popup-close.png\" alt=\"\" src=\"data:image\/svg+xml;base64,PHN2ZyB3aWR0aD0iMSIgaGVpZ2h0PSIxIiB4bWxucz0iaHR0cDovL3d3dy53My5vcmcvMjAwMC9zdmciPjwvc3ZnPg==\" class=\"lazyload\" style=\"--smush-placeholder-width: 48px; --smush-placeholder-aspect-ratio: 48\/48;\">\n                            <\/div>\n                            <\/div>\n                        <\/div>\n                        <\/div>\n                                                \n                <\/div>\n                            <\/div>\n                    \n        <\/div>\n\n    <\/div>\n<\/div><\/div>","protected":false},"excerpt":{"rendered":"<p>Il-Helpline ta’ A\u0121enzija Sapport \u2013 Freephone 153 hi ma\u0127suba g\u0127al persuni b\u2019di\u017cabilit\u00e0 u l-familjari tag\u0127hom biex dawn ikunu jistg\u0127u jikkuntattjaw lil A\u0121enzija Sapport meta jkollhom b\u017conn xi servizz ming\u0127and l-A\u0121enzija.<\/p>\n","protected":false},"author":3,"featured_media":994,"parent":2105,"menu_order":0,"comment_status":"closed","ping_status":"closed","template":"","meta":{"_acf_changed":false,"inline_featured_image":false,"footnotes":""},"categories":[45],"class_list":["post-1625","page","type-page","status-publish","has-post-thumbnail","hentry","category-services-mt"],"acf":[],"yoast_head":"<!-- This site is optimized with the Yoast SEO plugin v27.3 - https:\/\/yoast.com\/product\/yoast-seo-wordpress\/ -->\n<title>Helpline - Agenzija Sapport<\/title>\n<meta name=\"description\" content=\"Il-Helpline hi ma\u0127suba g\u0127al persuni b\u2019di\u017cabilit\u00e0 u l-familjari tag\u0127hom biex dawn ikunu jistg\u0127u jikkuntattjaw lil A\u0121enzija Sapport meta jkollhom b\u017conn xi servizz ming\u0127and l-A\u0121enzija.\" \/>\n<meta name=\"robots\" content=\"index, follow, max-snippet:-1, max-image-preview:large, max-video-preview:-1\" \/>\n<link rel=\"canonical\" href=\"https:\/\/sapport.gov.mt\/mt\/servizzi\/helpline\/\" \/>\n<meta property=\"og:locale\" content=\"mt_MT\" \/>\n<meta property=\"og:type\" content=\"article\" \/>\n<meta property=\"og:title\" content=\"Helpline - Agenzija Sapport\" \/>\n<meta property=\"og:description\" content=\"Il-Helpline hi ma\u0127suba g\u0127al persuni b\u2019di\u017cabilit\u00e0 u l-familjari tag\u0127hom biex dawn ikunu jistg\u0127u jikkuntattjaw lil A\u0121enzija Sapport meta jkollhom b\u017conn xi servizz ming\u0127and l-A\u0121enzija.\" \/>\n<meta property=\"og:url\" content=\"https:\/\/sapport.gov.mt\/mt\/servizzi\/helpline\/\" \/>\n<meta property=\"og:site_name\" content=\"Agenzija Sapport\" \/>\n<meta property=\"article:modified_time\" content=\"2025-05-20T10:19:19+00:00\" \/>\n<meta property=\"og:image\" content=\"https:\/\/sapport.gov.mt\/wp-content\/uploads\/2022\/12\/1.-Helpline.jpg\" \/>\n\t<meta property=\"og:image:width\" content=\"768\" \/>\n\t<meta property=\"og:image:height\" content=\"827\" \/>\n\t<meta property=\"og:image:type\" content=\"image\/jpeg\" \/>\n<meta name=\"twitter:card\" content=\"summary_large_image\" \/>\n<meta name=\"twitter:label1\" content=\"Est. reading time\" \/>\n\t<meta name=\"twitter:data1\" content=\"2 minutes\" \/>\n<script type=\"application\/ld+json\" class=\"yoast-schema-graph\">{\"@context\":\"https:\\\/\\\/schema.org\",\"@graph\":[{\"@type\":\"WebPage\",\"@id\":\"https:\\\/\\\/sapport.gov.mt\\\/mt\\\/servizzi\\\/helpline\\\/\",\"url\":\"https:\\\/\\\/sapport.gov.mt\\\/mt\\\/servizzi\\\/helpline\\\/\",\"name\":\"Helpline - Agenzija Sapport\",\"isPartOf\":{\"@id\":\"https:\\\/\\\/sapport.gov.mt\\\/mt\\\/#website\"},\"primaryImageOfPage\":{\"@id\":\"https:\\\/\\\/sapport.gov.mt\\\/mt\\\/servizzi\\\/helpline\\\/#primaryimage\"},\"image\":{\"@id\":\"https:\\\/\\\/sapport.gov.mt\\\/mt\\\/servizzi\\\/helpline\\\/#primaryimage\"},\"thumbnailUrl\":\"https:\\\/\\\/sapport.gov.mt\\\/wp-content\\\/uploads\\\/2022\\\/12\\\/1.-Helpline.jpg\",\"datePublished\":\"2022-12-28T16:13:16+00:00\",\"dateModified\":\"2025-05-20T10:19:19+00:00\",\"description\":\"Il-Helpline hi ma\u0127suba g\u0127al persuni b\u2019di\u017cabilit\u00e0 u l-familjari tag\u0127hom biex dawn ikunu jistg\u0127u jikkuntattjaw lil A\u0121enzija Sapport meta jkollhom b\u017conn xi servizz ming\u0127and l-A\u0121enzija.\",\"breadcrumb\":{\"@id\":\"https:\\\/\\\/sapport.gov.mt\\\/mt\\\/servizzi\\\/helpline\\\/#breadcrumb\"},\"inLanguage\":\"mt-MT\",\"potentialAction\":[{\"@type\":\"ReadAction\",\"target\":[\"https:\\\/\\\/sapport.gov.mt\\\/mt\\\/servizzi\\\/helpline\\\/\"]}]},{\"@type\":\"ImageObject\",\"inLanguage\":\"mt-MT\",\"@id\":\"https:\\\/\\\/sapport.gov.mt\\\/mt\\\/servizzi\\\/helpline\\\/#primaryimage\",\"url\":\"https:\\\/\\\/sapport.gov.mt\\\/wp-content\\\/uploads\\\/2022\\\/12\\\/1.-Helpline.jpg\",\"contentUrl\":\"https:\\\/\\\/sapport.gov.mt\\\/wp-content\\\/uploads\\\/2022\\\/12\\\/1.-Helpline.jpg\",\"width\":768,\"height\":827},{\"@type\":\"BreadcrumbList\",\"@id\":\"https:\\\/\\\/sapport.gov.mt\\\/mt\\\/servizzi\\\/helpline\\\/#breadcrumb\",\"itemListElement\":[{\"@type\":\"ListItem\",\"position\":1,\"name\":\"Pa\u0121na\",\"item\":\"https:\\\/\\\/sapport.gov.mt\\\/mt\\\/\"},{\"@type\":\"ListItem\",\"position\":2,\"name\":\"Servizzi\",\"item\":\"https:\\\/\\\/sapport.gov.mt\\\/mt\\\/servizzi\\\/\"},{\"@type\":\"ListItem\",\"position\":3,\"name\":\"Helpline\"}]},{\"@type\":\"WebSite\",\"@id\":\"https:\\\/\\\/sapport.gov.mt\\\/mt\\\/#website\",\"url\":\"https:\\\/\\\/sapport.gov.mt\\\/mt\\\/\",\"name\":\"Agenzija Sapport\",\"description\":\"Providing Professional And Innovative Services To Enhance The Quality Of Life Of Persons With Disabilities\",\"publisher\":{\"@id\":\"https:\\\/\\\/sapport.gov.mt\\\/mt\\\/#organization\"},\"potentialAction\":[{\"@type\":\"SearchAction\",\"target\":{\"@type\":\"EntryPoint\",\"urlTemplate\":\"https:\\\/\\\/sapport.gov.mt\\\/mt\\\/?s={search_term_string}\"},\"query-input\":{\"@type\":\"PropertyValueSpecification\",\"valueRequired\":true,\"valueName\":\"search_term_string\"}}],\"inLanguage\":\"mt-MT\"},{\"@type\":\"Organization\",\"@id\":\"https:\\\/\\\/sapport.gov.mt\\\/mt\\\/#organization\",\"name\":\"A\u0121enzija Sapport\",\"alternateName\":\"Sapport Agency\",\"url\":\"https:\\\/\\\/sapport.gov.mt\\\/mt\\\/\",\"logo\":{\"@type\":\"ImageObject\",\"inLanguage\":\"mt-MT\",\"@id\":\"https:\\\/\\\/sapport.gov.mt\\\/mt\\\/#\\\/schema\\\/logo\\\/image\\\/\",\"url\":\"https:\\\/\\\/sapport.ppdevplayground.com\\\/wp-content\\\/uploads\\\/2022\\\/11\\\/site-logo.png\",\"contentUrl\":\"https:\\\/\\\/sapport.ppdevplayground.com\\\/wp-content\\\/uploads\\\/2022\\\/11\\\/site-logo.png\",\"width\":320,\"height\":178,\"caption\":\"A\u0121enzija Sapport\"},\"image\":{\"@id\":\"https:\\\/\\\/sapport.gov.mt\\\/mt\\\/#\\\/schema\\\/logo\\\/image\\\/\"}}]}<\/script>\n<!-- \/ Yoast SEO plugin. -->","yoast_head_json":{"title":"Helpline - Agenzija Sapport","description":"Il-Helpline hi ma\u0127suba g\u0127al persuni b\u2019di\u017cabilit\u00e0 u l-familjari tag\u0127hom biex dawn ikunu jistg\u0127u jikkuntattjaw lil A\u0121enzija Sapport meta jkollhom b\u017conn xi servizz ming\u0127and l-A\u0121enzija.","robots":{"index":"index","follow":"follow","max-snippet":"max-snippet:-1","max-image-preview":"max-image-preview:large","max-video-preview":"max-video-preview:-1"},"canonical":"https:\/\/sapport.gov.mt\/mt\/servizzi\/helpline\/","og_locale":"mt_MT","og_type":"article","og_title":"Helpline - Agenzija Sapport","og_description":"Il-Helpline hi ma\u0127suba g\u0127al persuni b\u2019di\u017cabilit\u00e0 u l-familjari tag\u0127hom biex dawn ikunu jistg\u0127u jikkuntattjaw lil A\u0121enzija Sapport meta jkollhom b\u017conn xi servizz ming\u0127and l-A\u0121enzija.","og_url":"https:\/\/sapport.gov.mt\/mt\/servizzi\/helpline\/","og_site_name":"Agenzija Sapport","article_modified_time":"2025-05-20T10:19:19+00:00","og_image":[{"width":768,"height":827,"url":"https:\/\/sapport.gov.mt\/wp-content\/uploads\/2022\/12\/1.-Helpline.jpg","type":"image\/jpeg"}],"twitter_card":"summary_large_image","twitter_misc":{"Est. reading time":"2 minutes"},"schema":{"@context":"https:\/\/schema.org","@graph":[{"@type":"WebPage","@id":"https:\/\/sapport.gov.mt\/mt\/servizzi\/helpline\/","url":"https:\/\/sapport.gov.mt\/mt\/servizzi\/helpline\/","name":"Helpline - Agenzija Sapport","isPartOf":{"@id":"https:\/\/sapport.gov.mt\/mt\/#website"},"primaryImageOfPage":{"@id":"https:\/\/sapport.gov.mt\/mt\/servizzi\/helpline\/#primaryimage"},"image":{"@id":"https:\/\/sapport.gov.mt\/mt\/servizzi\/helpline\/#primaryimage"},"thumbnailUrl":"https:\/\/sapport.gov.mt\/wp-content\/uploads\/2022\/12\/1.-Helpline.jpg","datePublished":"2022-12-28T16:13:16+00:00","dateModified":"2025-05-20T10:19:19+00:00","description":"Il-Helpline hi ma\u0127suba g\u0127al persuni b\u2019di\u017cabilit\u00e0 u l-familjari tag\u0127hom biex dawn ikunu jistg\u0127u jikkuntattjaw lil A\u0121enzija Sapport meta jkollhom b\u017conn xi servizz ming\u0127and l-A\u0121enzija.","breadcrumb":{"@id":"https:\/\/sapport.gov.mt\/mt\/servizzi\/helpline\/#breadcrumb"},"inLanguage":"mt-MT","potentialAction":[{"@type":"ReadAction","target":["https:\/\/sapport.gov.mt\/mt\/servizzi\/helpline\/"]}]},{"@type":"ImageObject","inLanguage":"mt-MT","@id":"https:\/\/sapport.gov.mt\/mt\/servizzi\/helpline\/#primaryimage","url":"https:\/\/sapport.gov.mt\/wp-content\/uploads\/2022\/12\/1.-Helpline.jpg","contentUrl":"https:\/\/sapport.gov.mt\/wp-content\/uploads\/2022\/12\/1.-Helpline.jpg","width":768,"height":827},{"@type":"BreadcrumbList","@id":"https:\/\/sapport.gov.mt\/mt\/servizzi\/helpline\/#breadcrumb","itemListElement":[{"@type":"ListItem","position":1,"name":"Pa\u0121na","item":"https:\/\/sapport.gov.mt\/mt\/"},{"@type":"ListItem","position":2,"name":"Servizzi","item":"https:\/\/sapport.gov.mt\/mt\/servizzi\/"},{"@type":"ListItem","position":3,"name":"Helpline"}]},{"@type":"WebSite","@id":"https:\/\/sapport.gov.mt\/mt\/#website","url":"https:\/\/sapport.gov.mt\/mt\/","name":"Agenzija Sapport","description":"Providing Professional And Innovative Services To Enhance The Quality Of Life Of Persons With Disabilities","publisher":{"@id":"https:\/\/sapport.gov.mt\/mt\/#organization"},"potentialAction":[{"@type":"SearchAction","target":{"@type":"EntryPoint","urlTemplate":"https:\/\/sapport.gov.mt\/mt\/?s={search_term_string}"},"query-input":{"@type":"PropertyValueSpecification","valueRequired":true,"valueName":"search_term_string"}}],"inLanguage":"mt-MT"},{"@type":"Organization","@id":"https:\/\/sapport.gov.mt\/mt\/#organization","name":"A\u0121enzija Sapport","alternateName":"Sapport Agency","url":"https:\/\/sapport.gov.mt\/mt\/","logo":{"@type":"ImageObject","inLanguage":"mt-MT","@id":"https:\/\/sapport.gov.mt\/mt\/#\/schema\/logo\/image\/","url":"https:\/\/sapport.ppdevplayground.com\/wp-content\/uploads\/2022\/11\/site-logo.png","contentUrl":"https:\/\/sapport.ppdevplayground.com\/wp-content\/uploads\/2022\/11\/site-logo.png","width":320,"height":178,"caption":"A\u0121enzija Sapport"},"image":{"@id":"https:\/\/sapport.gov.mt\/mt\/#\/schema\/logo\/image\/"}}]}},"_links":{"self":[{"href":"https:\/\/sapport.gov.mt\/mt\/wp-json\/wp\/v2\/pages\/1625","targetHints":{"allow":["GET"]}}],"collection":[{"href":"https:\/\/sapport.gov.mt\/mt\/wp-json\/wp\/v2\/pages"}],"about":[{"href":"https:\/\/sapport.gov.mt\/mt\/wp-json\/wp\/v2\/types\/page"}],"author":[{"embeddable":true,"href":"https:\/\/sapport.gov.mt\/mt\/wp-json\/wp\/v2\/users\/3"}],"replies":[{"embeddable":true,"href":"https:\/\/sapport.gov.mt\/mt\/wp-json\/wp\/v2\/comments?post=1625"}],"version-history":[{"count":2,"href":"https:\/\/sapport.gov.mt\/mt\/wp-json\/wp\/v2\/pages\/1625\/revisions"}],"predecessor-version":[{"id":12062,"href":"https:\/\/sapport.gov.mt\/mt\/wp-json\/wp\/v2\/pages\/1625\/revisions\/12062"}],"up":[{"embeddable":true,"href":"https:\/\/sapport.gov.mt\/mt\/wp-json\/wp\/v2\/pages\/2105"}],"wp:featuredmedia":[{"embeddable":true,"href":"https:\/\/sapport.gov.mt\/mt\/wp-json\/wp\/v2\/media\/994"}],"wp:attachment":[{"href":"https:\/\/sapport.gov.mt\/mt\/wp-json\/wp\/v2\/media?parent=1625"}],"wp:term":[{"taxonomy":"category","embeddable":true,"href":"https:\/\/sapport.gov.mt\/mt\/wp-json\/wp\/v2\/categories?post=1625"}],"curies":[{"name":"wp","href":"https:\/\/api.w.org\/{rel}","templated":true}]}}