{"id":2072,"date":"2023-02-28T17:39:12","date_gmt":"2023-02-28T16:39:12","guid":{"rendered":"https:\/\/sapport.ppdevplayground.com\/?page_id=2072"},"modified":"2026-02-06T15:49:18","modified_gmt":"2026-02-06T14:49:18","slug":"my-programme","status":"publish","type":"page","link":"https:\/\/sapport.gov.mt\/mt\/servizzi\/my-programme\/","title":{"rendered":"My Programme"},"content":{"rendered":"<div class=\"tabs-text align\">\n    <div id=\"tabs-text-block_c2f7b311e59df73c9b541806fcba2f39\" class=\"block-tabs-text\">\n\n    <div class=\"blend-mode luminosity\">\n                <div class=\"img inline-bg-image lazyload\" role=\"img\" aria-label=\"\" style=\"background-image:inherit;\" data-bg-image=\"url(https:\/\/sapport.gov.mt\/wp-content\/uploads\/2022\/12\/4.-Community-Service.png)\"><\/div>\n    <\/div>\n\n    <div class=\"inner np flex-columns stretch\">\n        <div class=\"col-35 left-side\">\n\n            \n            <p class=\"breadcrumbs\"><span><span><a href=\"https:\/\/sapport.gov.mt\/mt\/\">Pa\u0121na<\/a><\/span><\/span><\/p>\n            <h1 class=\"h1 white\">My Programme<\/h1>\n\n            \n                        <ul id=\"tabs-nav\" class=\"tabs-nav\">\n                \n                    <li class=\"tab-title\">\n                        <a id=\"arsa-enerali\" href=\"#tabs-content\" data-tab=\"#tab1\" class=\"tab-nav\">\u0126arsa \u0120enerali<\/a>\n                    <\/li>\n            \n                \n                    <li class=\"tab-title\">\n                        <a id=\"eliibilit\" href=\"#tabs-content\" data-tab=\"#tab2\" class=\"tab-nav\">Eli\u0121ibilit\u00e0<\/a>\n                    <\/li>\n            \n                \n                    <li class=\"tab-title\">\n                        <a id=\"riferimenti-u-assessjar\" href=\"#tabs-content\" data-tab=\"#tab3\" class=\"tab-nav\">Riferimenti u Assessjar<\/a>\n                    <\/li>\n            \n                            <\/ul>\n                    <\/div>\n\n        <div class=\"col-65 right-side\">\n            \n                        <div id=\"tabs-content\" class=\"tabs-content\">\n                                <div id=\"tab1\" class=\"tab-content\">\n                    <h2 class=\"h4\">\u0126arsa \u0120enerali<\/h2>\n                    <div class=\"post-content\"><p>My Programme joffri sapport ibba\u017cat fil-komunit\u00e0 lill-persuni b\u2019di\u017cabilit\u00e0 u lill-familji tag\u0127hom f\u2019Malta u G\u0127awdex. L-g\u0127an \u0121enerali tas-servizz hu li jassisti lill-persuni b\u2019di\u017cabilit\u00e0 biex dawn jg\u0127ixu \u0127ajja indipendenti fil-komunit\u00e0, filwaqt li jtejjeb il-kwalit\u00e0 tal-\u0127ajja kemm tal-klijent kif ukoll tal-kuraturi tieg\u0127u. Joffri programm immirat lejn ix-xewqat u l-b\u017connijiet tal-individwu skont l-abilitajiet u l-limitazzjonijiet tag\u0127hom, wara pjan ta\u2019 assessjar u ta\u2019 interventi li jitwettaq qabel ma jibda s-servizz.<\/p>\n<p>&nbsp;<\/p>\n<p>Is-servizz jista\u2019 jinkludi interventi mmirati lejn:<\/p>\n<ul>\n<li>it-titjib tal-kura tal-persuna<\/li>\n<li>l-assistenza fit-tag\u0127lim u fil-parte\u010bipazzjoni fil-\u0127iliet ta\u017c-\u017camma tad-dar nadifa u f\u2019kundizzjoni tajba<\/li>\n<li>il-parte\u010bipazzjoni fil-komunit\u00e0 u l-\u0127iliet so\u010bjali<\/li>\n<li>involvement f\u2019interventi fi gruppi<\/li>\n<li>il-prevenzjoni u l-immani\u0121\u0121jar ta\u2019 m\u0121iba preokkupanti wara interventi ta\u2019 m\u0121iba po\u017cittiva<\/li>\n<\/ul>\n<p>&nbsp;<\/p>\n<p>Il-professjonisti flimkien mal-klijent jo\u0127olqu pjan personalizzat. Dan il-pjan ikun jinkudi medda spe\u010bifika ta\u2019 \u017cmien g\u0127al kull mira li tkun \u0121iet issettjata li tintla\u0127aq. Dan il-programm imbag\u0127ad ji\u0121i segwit kemm mill-klijent kif ukoll mis-Support Worker meta jkunu qed isiru l-interventi. Dan il-pjan ji\u0121i rivedut flimkien mal-klijent sabiex ikunu a\u0121\u0121ornati l-miri.<\/p>\n<p>&nbsp;<\/p>\n<p>________________<\/p>\n<p>My Programme huwa servizz li \u0121ie a\u0121\u0121ornat, minn dak li kien mag\u0127ruf b\u0127ala s-Servizz fil-Komunit\u00e0. Is-Servizz fil-Komunit\u00e0 ta\u2019 A\u0121enzija Sapport reba\u0127 il-Premju g\u0127all-E\u010b\u010bellenza tas-Servizzi So\u010bjali Ewropej 2021 min-Network So\u010bjali Ewropew.<\/p>\n<p>&nbsp;<\/p>\n<p><img decoding=\"async\" width=\"300\" height=\"169\" class=\"wp-image-2074 aligncenter lazyload\" style=\"--smush-placeholder-width: 300px; --smush-placeholder-aspect-ratio: 300\/169;width: 300px;height: 169px;margin-left: auto;margin-right: auto\" data-src=\"https:\/\/sapport.gov.mt\/wp-content\/uploads\/2023\/02\/winner-e1677858829618-300x169.png\" alt=\"Award image\" src=\"data:image\/svg+xml;base64,PHN2ZyB3aWR0aD0iMSIgaGVpZ2h0PSIxIiB4bWxucz0iaHR0cDovL3d3dy53My5vcmcvMjAwMC9zdmciPjwvc3ZnPg==\" \/><\/p>\n<\/div>\n\n                                            <div id=\"sign-language-icon\">\n                        <img decoding=\"async\" class=\"icon lazyload\" data-src=\"https:\/\/sapport.gov.mt\/wp-content\/themes\/agenzija-sapport\/resources\/assets\/images\/sign-language-icon.png\" alt=\"\" src=\"data:image\/svg+xml;base64,PHN2ZyB3aWR0aD0iMSIgaGVpZ2h0PSIxIiB4bWxucz0iaHR0cDovL3d3dy53My5vcmcvMjAwMC9zdmciPjwvc3ZnPg==\" style=\"--smush-placeholder-width: 1024px; --smush-placeholder-aspect-ratio: 1024\/1024;\">\n                        <div id=\"tab1\" class=\"popup-box-container hidden\" style=\"left:0\">\n                            <div class=\"popup-box\">\n                            <div class=\"vid-link hidden\">https:\/\/www.youtube.com\/embed\/ZkkA_9xW5pA?si=6yoP7elY_Js-Ryka<\/div>\n                            <iframe\n                            data-src=\"https:\/\/www.youtube.com\/embed\/ZkkA_9xW5pA?si=6yoP7elY_Js-Ryka\" src=\"data:image\/svg+xml;base64,PHN2ZyB3aWR0aD0iMSIgaGVpZ2h0PSIxIiB4bWxucz0iaHR0cDovL3d3dy53My5vcmcvMjAwMC9zdmciPjwvc3ZnPg==\" class=\"lazyload\" data-load-mode=\"1\">\n                            <\/iframe>\n                            <div class=\"close\">\n                                <img decoding=\"async\" data-src=\"https:\/\/sapport.gov.mt\/wp-content\/themes\/agenzija-sapport\/resources\/assets\/images\/popup-close.png\" alt=\"\" src=\"data:image\/svg+xml;base64,PHN2ZyB3aWR0aD0iMSIgaGVpZ2h0PSIxIiB4bWxucz0iaHR0cDovL3d3dy53My5vcmcvMjAwMC9zdmciPjwvc3ZnPg==\" class=\"lazyload\" style=\"--smush-placeholder-width: 48px; --smush-placeholder-aspect-ratio: 48\/48;\">\n                            <\/div>\n                            <\/div>\n                        <\/div>\n                        <\/div>\n                                                \n                <\/div>\n                                <div id=\"tab2\" class=\"tab-content\">\n                    <h2 class=\"h4\">Eli\u0121ibilit\u00e0<\/h2>\n                    <div class=\"post-content\"><p>My Programme ji\u0121i offrut lill-individwi li jkunu qed ji\u0121u segwiti minn \u0126addiema So\u010bjali ta\u2019 A\u0121enzija Sapport. L-individwi eli\u0121ibbli g\u0127al dan is-servizz huma dawk bi problemi so\u010bjali, li je\u0127tie\u0121 li ji\u0121u segwiti mill-qrib waqt li jtejbu l-\u0127iliet tag\u0127hom jew jitg\u0127allmu o\u0127rajn \u0121odda, sabiex ikunu jistg\u0127u jipparte\u010bipaw u jg\u0127ixu \u0127ajja indipendenti fil-komunit\u00e0.<\/p>\n<p>&nbsp;<\/p>\n<p>My Programme huma a\u010b\u010bessibbli g\u0127al kwalunkwe individwu b\u2019di\u017cabilit\u00e0 ta\u0127t l-et\u00e0 ta\u2019 60 sena, u mhux ristrett g\u0127al xi tip ta\u2019 di\u017cabilit\u00e0. Is-servizz isegwi l-kriterji t\u2019hawn ta\u0127t:<\/p>\n<p>&nbsp;<\/p>\n<ul>\n<li>Ting\u0127ata prijorit\u00e0 lill-individwi li jinsabu f\u2019riskju kbir li jidda\u0127\u0127lu f\u2019xi istituzzjoni, jew li g\u0127andhom b\u017conn kbir ta\u2019 sapport. Dan jinkludi individwi li ju\u017caw si\u0121\u0121u tar-roti u li b\u0127alissa g\u0127andhom a\u010b\u010bessibbilit\u00e0 limitati \u0127afna. L-iskop ewlieni ta\u2019 dan hu sabiex, kemm jista\u2019 jkun, l-individwi ma ji\u0121ux i\u017colati so\u010bjalment.<\/li>\n<\/ul>\n<p>&nbsp;<\/p>\n<ul>\n<li>Ikun \u0121ie evalwat li l-klijent u\/jew il-familja prospettivi je\u0127tie\u0121u monitora\u0121\u0121 g\u0127all-prevenzjoni u aktar protezzjoni min\u0127abba fatturi ta\u2019 riskju allarmanti fis-sitwazzjoni pre\u017centi tag\u0127hom.<\/li>\n<\/ul>\n<p>&nbsp;<\/p>\n<ul>\n<li>Il-persuna b\u2019di\u017cabilit\u00e0, il-familja tag\u0127ha, u\/jew dawk li jipprovdu s-servizz huma lesti li jipparte\u010bipaw fl-Individual Support Plan u fil-pro\u010bess tal-Person-Centred Planning g\u0127al intervent fil-\u0127iliet tal-\u0127ajja ta\u2019 kuljum. Din il-persuna, il-familja tag\u0127ha, u\/jew dawk li jipprovdu s-servizz huma involuti kif me\u0127tie\u0121 mis-servizz partikolari.<\/li>\n<\/ul>\n<\/div>\n\n                                            \n                <\/div>\n                                <div id=\"tab3\" class=\"tab-content\">\n                    <h2 class=\"h4\">Riferimenti u Assessjar<\/h2>\n                    <div class=\"post-content\"><p>It-tim tal-Intake jir\u010bievi u jippro\u010bessa l-ka\u017cijiet kollha li jaslu minn servizzi prospettivi, il-familji u professjonisti o\u0127ra li je\u0127tie\u0121u kwalunkwe servizz fl-A\u0121enzija. Il-ka\u017cijiet kollha li jid\u0127lu ji\u0121u assessjati bir-reqqa mill-professjonisti tat-tim, li jidentifikaw liema servizz\/i l-individwu jista\u2019 jibbenifika minnu skont il-b\u017connijiet, interessi u x-xewqat tal-individwu.<\/p>\n<p>&nbsp;<\/p>\n<p>Wara dan l-assessjar, it-tim jikkomunika kif xieraq mal-professjonisti mid-dipartimenti tas-servizzi identifikati, u jwettaq pjanijiet ta\u2019 azzjoni ta\u2019 segwitu. F’ka\u017c fejn hemm il-\u0127tie\u0121a g\u0127al My Programme, it-tim tal-Intake jikkollabora mat-tim tas-Servizzi ta’ \u0126idma Socjali g\u0127al aktar assessjar. Jekk il-\u0126addiem So\u010bjali, mill-assessjar professjonali tieg\u0127u\/tag\u0127ha, jikkonkludi li l-familja u\/jew l-individwu jaqg\u0127u ta\u0127t il-kriterji ta\u2019 eli\u0121ibilit\u00e0, il-ka\u017c ji\u0121i diskuss mal-professjonisti tal-My Programme.<\/p>\n<p>&nbsp;<\/p>\n<p>Wara li l-klijent ji\u0121i referut lejn il-My Programme, i\u017c-\u017cew\u0121 timijiet jiddiskutu kull aspett lo\u0121istiku ie\u0127or li je\u0127tie\u0121 li ji\u0121i kkunsidrat il-pjan ta\u2019 sapport tal-individwu, sabiex jittejbu l-kwalit\u00e0 tal-\u0127ajja u l-indipendenza tal-klijent.<\/p>\n<p>&nbsp;<\/p>\n<p><a href=\"https:\/\/sapport.gov.mt\/mt\/mistoqsijiet-frekwenti#my-programme\">Ag\u0127fas fuq din il-\u0127olqa g\u0127all-Mistoqsijiet Frekwenti (FAQs) dwar dan is-servizz.<\/a><\/p>\n<\/div>\n\n                                            \n                <\/div>\n                            <\/div>\n                    \n        <\/div>\n\n    <\/div>\n<\/div><\/div>","protected":false},"excerpt":{"rendered":"<p>My Programme joffri sapport ibba\u017cat fil-komunit\u00e0 lill-persuni b\u2019di\u017cabilit\u00e0 u lill-familji tag\u0127hom f\u2019Malta u G\u0127awdex.<\/p>\n","protected":false},"author":3,"featured_media":1027,"parent":2105,"menu_order":5,"comment_status":"closed","ping_status":"closed","template":"","meta":{"_acf_changed":false,"inline_featured_image":false,"footnotes":""},"categories":[45],"class_list":["post-2072","page","type-page","status-publish","has-post-thumbnail","hentry","category-services-mt"],"acf":[],"yoast_head":"<!-- This site is optimized with the Yoast SEO plugin v27.3 - https:\/\/yoast.com\/product\/yoast-seo-wordpress\/ -->\n<title>My Programme - Agenzija Sapport<\/title>\n<meta name=\"description\" content=\"My Programme joffri sapport ibba\u017cat fil-komunit\u00e0 lill-persuni b\u2019di\u017cabilit\u00e0 u lill-familji tag\u0127hom f\u2019Malta u G\u0127awdex.\" \/>\n<meta name=\"robots\" content=\"index, follow, max-snippet:-1, max-image-preview:large, max-video-preview:-1\" \/>\n<link rel=\"canonical\" href=\"https:\/\/sapport.gov.mt\/mt\/servizzi\/my-programme\/\" \/>\n<meta property=\"og:locale\" content=\"mt_MT\" \/>\n<meta property=\"og:type\" content=\"article\" \/>\n<meta property=\"og:title\" content=\"My Programme - Agenzija Sapport\" \/>\n<meta property=\"og:description\" content=\"My Programme joffri sapport ibba\u017cat fil-komunit\u00e0 lill-persuni b\u2019di\u017cabilit\u00e0 u lill-familji tag\u0127hom f\u2019Malta u G\u0127awdex.\" \/>\n<meta property=\"og:url\" content=\"https:\/\/sapport.gov.mt\/mt\/servizzi\/my-programme\/\" \/>\n<meta property=\"og:site_name\" content=\"Agenzija Sapport\" \/>\n<meta property=\"article:modified_time\" content=\"2026-02-06T14:49:18+00:00\" \/>\n<meta property=\"og:image\" content=\"https:\/\/sapport.gov.mt\/wp-content\/uploads\/2022\/12\/4.-Community-Service-1024x594.png\" \/>\n\t<meta property=\"og:image:width\" content=\"1024\" \/>\n\t<meta property=\"og:image:height\" content=\"594\" \/>\n\t<meta property=\"og:image:type\" content=\"image\/png\" \/>\n<meta name=\"twitter:card\" content=\"summary_large_image\" \/>\n<meta name=\"twitter:label1\" content=\"Est. reading time\" \/>\n\t<meta name=\"twitter:data1\" content=\"3 minutes\" \/>\n<script type=\"application\/ld+json\" class=\"yoast-schema-graph\">{\"@context\":\"https:\\\/\\\/schema.org\",\"@graph\":[{\"@type\":\"WebPage\",\"@id\":\"https:\\\/\\\/sapport.gov.mt\\\/mt\\\/servizzi\\\/my-programme\\\/\",\"url\":\"https:\\\/\\\/sapport.gov.mt\\\/mt\\\/servizzi\\\/my-programme\\\/\",\"name\":\"My Programme - Agenzija Sapport\",\"isPartOf\":{\"@id\":\"https:\\\/\\\/sapport.gov.mt\\\/mt\\\/#website\"},\"primaryImageOfPage\":{\"@id\":\"https:\\\/\\\/sapport.gov.mt\\\/mt\\\/servizzi\\\/my-programme\\\/#primaryimage\"},\"image\":{\"@id\":\"https:\\\/\\\/sapport.gov.mt\\\/mt\\\/servizzi\\\/my-programme\\\/#primaryimage\"},\"thumbnailUrl\":\"https:\\\/\\\/sapport.gov.mt\\\/wp-content\\\/uploads\\\/2022\\\/12\\\/4.-Community-Service.png\",\"datePublished\":\"2023-02-28T16:39:12+00:00\",\"dateModified\":\"2026-02-06T14:49:18+00:00\",\"description\":\"My Programme joffri sapport ibba\u017cat fil-komunit\u00e0 lill-persuni b\u2019di\u017cabilit\u00e0 u lill-familji tag\u0127hom f\u2019Malta u G\u0127awdex.\",\"breadcrumb\":{\"@id\":\"https:\\\/\\\/sapport.gov.mt\\\/mt\\\/servizzi\\\/my-programme\\\/#breadcrumb\"},\"inLanguage\":\"mt-MT\",\"potentialAction\":[{\"@type\":\"ReadAction\",\"target\":[\"https:\\\/\\\/sapport.gov.mt\\\/mt\\\/servizzi\\\/my-programme\\\/\"]}]},{\"@type\":\"ImageObject\",\"inLanguage\":\"mt-MT\",\"@id\":\"https:\\\/\\\/sapport.gov.mt\\\/mt\\\/servizzi\\\/my-programme\\\/#primaryimage\",\"url\":\"https:\\\/\\\/sapport.gov.mt\\\/wp-content\\\/uploads\\\/2022\\\/12\\\/4.-Community-Service.png\",\"contentUrl\":\"https:\\\/\\\/sapport.gov.mt\\\/wp-content\\\/uploads\\\/2022\\\/12\\\/4.-Community-Service.png\",\"width\":1529,\"height\":887},{\"@type\":\"BreadcrumbList\",\"@id\":\"https:\\\/\\\/sapport.gov.mt\\\/mt\\\/servizzi\\\/my-programme\\\/#breadcrumb\",\"itemListElement\":[{\"@type\":\"ListItem\",\"position\":1,\"name\":\"Pa\u0121na\",\"item\":\"https:\\\/\\\/sapport.gov.mt\\\/mt\\\/\"},{\"@type\":\"ListItem\",\"position\":2,\"name\":\"Servizzi\",\"item\":\"https:\\\/\\\/sapport.gov.mt\\\/mt\\\/servizzi\\\/\"},{\"@type\":\"ListItem\",\"position\":3,\"name\":\"My Programme\"}]},{\"@type\":\"WebSite\",\"@id\":\"https:\\\/\\\/sapport.gov.mt\\\/mt\\\/#website\",\"url\":\"https:\\\/\\\/sapport.gov.mt\\\/mt\\\/\",\"name\":\"Agenzija Sapport\",\"description\":\"Providing Professional And Innovative Services To Enhance The Quality Of Life Of Persons With Disabilities\",\"publisher\":{\"@id\":\"https:\\\/\\\/sapport.gov.mt\\\/mt\\\/#organization\"},\"potentialAction\":[{\"@type\":\"SearchAction\",\"target\":{\"@type\":\"EntryPoint\",\"urlTemplate\":\"https:\\\/\\\/sapport.gov.mt\\\/mt\\\/?s={search_term_string}\"},\"query-input\":{\"@type\":\"PropertyValueSpecification\",\"valueRequired\":true,\"valueName\":\"search_term_string\"}}],\"inLanguage\":\"mt-MT\"},{\"@type\":\"Organization\",\"@id\":\"https:\\\/\\\/sapport.gov.mt\\\/mt\\\/#organization\",\"name\":\"A\u0121enzija Sapport\",\"alternateName\":\"Sapport Agency\",\"url\":\"https:\\\/\\\/sapport.gov.mt\\\/mt\\\/\",\"logo\":{\"@type\":\"ImageObject\",\"inLanguage\":\"mt-MT\",\"@id\":\"https:\\\/\\\/sapport.gov.mt\\\/mt\\\/#\\\/schema\\\/logo\\\/image\\\/\",\"url\":\"https:\\\/\\\/sapport.ppdevplayground.com\\\/wp-content\\\/uploads\\\/2022\\\/11\\\/site-logo.png\",\"contentUrl\":\"https:\\\/\\\/sapport.ppdevplayground.com\\\/wp-content\\\/uploads\\\/2022\\\/11\\\/site-logo.png\",\"width\":320,\"height\":178,\"caption\":\"A\u0121enzija Sapport\"},\"image\":{\"@id\":\"https:\\\/\\\/sapport.gov.mt\\\/mt\\\/#\\\/schema\\\/logo\\\/image\\\/\"}}]}<\/script>\n<!-- \/ Yoast SEO plugin. -->","yoast_head_json":{"title":"My Programme - Agenzija Sapport","description":"My Programme joffri sapport ibba\u017cat fil-komunit\u00e0 lill-persuni b\u2019di\u017cabilit\u00e0 u lill-familji tag\u0127hom f\u2019Malta u G\u0127awdex.","robots":{"index":"index","follow":"follow","max-snippet":"max-snippet:-1","max-image-preview":"max-image-preview:large","max-video-preview":"max-video-preview:-1"},"canonical":"https:\/\/sapport.gov.mt\/mt\/servizzi\/my-programme\/","og_locale":"mt_MT","og_type":"article","og_title":"My Programme - Agenzija Sapport","og_description":"My Programme joffri sapport ibba\u017cat fil-komunit\u00e0 lill-persuni b\u2019di\u017cabilit\u00e0 u lill-familji tag\u0127hom f\u2019Malta u G\u0127awdex.","og_url":"https:\/\/sapport.gov.mt\/mt\/servizzi\/my-programme\/","og_site_name":"Agenzija Sapport","article_modified_time":"2026-02-06T14:49:18+00:00","og_image":[{"width":1024,"height":594,"url":"https:\/\/sapport.gov.mt\/wp-content\/uploads\/2022\/12\/4.-Community-Service-1024x594.png","type":"image\/png"}],"twitter_card":"summary_large_image","twitter_misc":{"Est. reading time":"3 minutes"},"schema":{"@context":"https:\/\/schema.org","@graph":[{"@type":"WebPage","@id":"https:\/\/sapport.gov.mt\/mt\/servizzi\/my-programme\/","url":"https:\/\/sapport.gov.mt\/mt\/servizzi\/my-programme\/","name":"My Programme - Agenzija Sapport","isPartOf":{"@id":"https:\/\/sapport.gov.mt\/mt\/#website"},"primaryImageOfPage":{"@id":"https:\/\/sapport.gov.mt\/mt\/servizzi\/my-programme\/#primaryimage"},"image":{"@id":"https:\/\/sapport.gov.mt\/mt\/servizzi\/my-programme\/#primaryimage"},"thumbnailUrl":"https:\/\/sapport.gov.mt\/wp-content\/uploads\/2022\/12\/4.-Community-Service.png","datePublished":"2023-02-28T16:39:12+00:00","dateModified":"2026-02-06T14:49:18+00:00","description":"My Programme joffri sapport ibba\u017cat fil-komunit\u00e0 lill-persuni b\u2019di\u017cabilit\u00e0 u lill-familji tag\u0127hom f\u2019Malta u G\u0127awdex.","breadcrumb":{"@id":"https:\/\/sapport.gov.mt\/mt\/servizzi\/my-programme\/#breadcrumb"},"inLanguage":"mt-MT","potentialAction":[{"@type":"ReadAction","target":["https:\/\/sapport.gov.mt\/mt\/servizzi\/my-programme\/"]}]},{"@type":"ImageObject","inLanguage":"mt-MT","@id":"https:\/\/sapport.gov.mt\/mt\/servizzi\/my-programme\/#primaryimage","url":"https:\/\/sapport.gov.mt\/wp-content\/uploads\/2022\/12\/4.-Community-Service.png","contentUrl":"https:\/\/sapport.gov.mt\/wp-content\/uploads\/2022\/12\/4.-Community-Service.png","width":1529,"height":887},{"@type":"BreadcrumbList","@id":"https:\/\/sapport.gov.mt\/mt\/servizzi\/my-programme\/#breadcrumb","itemListElement":[{"@type":"ListItem","position":1,"name":"Pa\u0121na","item":"https:\/\/sapport.gov.mt\/mt\/"},{"@type":"ListItem","position":2,"name":"Servizzi","item":"https:\/\/sapport.gov.mt\/mt\/servizzi\/"},{"@type":"ListItem","position":3,"name":"My Programme"}]},{"@type":"WebSite","@id":"https:\/\/sapport.gov.mt\/mt\/#website","url":"https:\/\/sapport.gov.mt\/mt\/","name":"Agenzija Sapport","description":"Providing Professional And Innovative Services To Enhance The Quality Of Life Of Persons With Disabilities","publisher":{"@id":"https:\/\/sapport.gov.mt\/mt\/#organization"},"potentialAction":[{"@type":"SearchAction","target":{"@type":"EntryPoint","urlTemplate":"https:\/\/sapport.gov.mt\/mt\/?s={search_term_string}"},"query-input":{"@type":"PropertyValueSpecification","valueRequired":true,"valueName":"search_term_string"}}],"inLanguage":"mt-MT"},{"@type":"Organization","@id":"https:\/\/sapport.gov.mt\/mt\/#organization","name":"A\u0121enzija Sapport","alternateName":"Sapport Agency","url":"https:\/\/sapport.gov.mt\/mt\/","logo":{"@type":"ImageObject","inLanguage":"mt-MT","@id":"https:\/\/sapport.gov.mt\/mt\/#\/schema\/logo\/image\/","url":"https:\/\/sapport.ppdevplayground.com\/wp-content\/uploads\/2022\/11\/site-logo.png","contentUrl":"https:\/\/sapport.ppdevplayground.com\/wp-content\/uploads\/2022\/11\/site-logo.png","width":320,"height":178,"caption":"A\u0121enzija Sapport"},"image":{"@id":"https:\/\/sapport.gov.mt\/mt\/#\/schema\/logo\/image\/"}}]}},"_links":{"self":[{"href":"https:\/\/sapport.gov.mt\/mt\/wp-json\/wp\/v2\/pages\/2072","targetHints":{"allow":["GET"]}}],"collection":[{"href":"https:\/\/sapport.gov.mt\/mt\/wp-json\/wp\/v2\/pages"}],"about":[{"href":"https:\/\/sapport.gov.mt\/mt\/wp-json\/wp\/v2\/types\/page"}],"author":[{"embeddable":true,"href":"https:\/\/sapport.gov.mt\/mt\/wp-json\/wp\/v2\/users\/3"}],"replies":[{"embeddable":true,"href":"https:\/\/sapport.gov.mt\/mt\/wp-json\/wp\/v2\/comments?post=2072"}],"version-history":[{"count":2,"href":"https:\/\/sapport.gov.mt\/mt\/wp-json\/wp\/v2\/pages\/2072\/revisions"}],"predecessor-version":[{"id":13332,"href":"https:\/\/sapport.gov.mt\/mt\/wp-json\/wp\/v2\/pages\/2072\/revisions\/13332"}],"up":[{"embeddable":true,"href":"https:\/\/sapport.gov.mt\/mt\/wp-json\/wp\/v2\/pages\/2105"}],"wp:featuredmedia":[{"embeddable":true,"href":"https:\/\/sapport.gov.mt\/mt\/wp-json\/wp\/v2\/media\/1027"}],"wp:attachment":[{"href":"https:\/\/sapport.gov.mt\/mt\/wp-json\/wp\/v2\/media?parent=2072"}],"wp:term":[{"taxonomy":"category","embeddable":true,"href":"https:\/\/sapport.gov.mt\/mt\/wp-json\/wp\/v2\/categories?post=2072"}],"curies":[{"name":"wp","href":"https:\/\/api.w.org\/{rel}","templated":true}]}}