{"id":2123,"date":"2023-03-01T16:45:28","date_gmt":"2023-03-01T15:45:28","guid":{"rendered":"https:\/\/sapport.ppdevplayground.com\/?page_id=2123"},"modified":"2025-09-12T11:52:33","modified_gmt":"2025-09-12T09:52:33","slug":"interpretazzjoni-tal-lingwa-tas-sinjali","status":"publish","type":"page","link":"https:\/\/sapport.gov.mt\/mt\/servizzi\/interpretazzjoni-tal-lingwa-tas-sinjali\/","title":{"rendered":"Interpretazzjoni tal-Lingwa tas-Sinjali"},"content":{"rendered":"<div class=\"tabs-text align\">\n    <div id=\"tabs-text-block_e097c750aa81b9c6c0a1ab53f8684356\" class=\"block-tabs-text\">\n\n    <div class=\"blend-mode luminosity\">\n                <div class=\"img inline-bg-image lazyload\" role=\"img\" aria-label=\"\" style=\"background-image:inherit;\" data-bg-image=\"url(https:\/\/sapport.gov.mt\/wp-content\/uploads\/2022\/12\/9.-Sign-Language-Interpretation.jpg)\"><\/div>\n    <\/div>\n\n    <div class=\"inner np flex-columns stretch\">\n        <div class=\"col-35 left-side\">\n\n            \n            <p class=\"breadcrumbs\"><span><span><a href=\"https:\/\/sapport.gov.mt\/mt\/\">Pa\u0121na<\/a><\/span><\/span><\/p>\n            <h1 class=\"h1 white\">Interpretazzjoni tal-Lingwa tas-Sinjali<\/h1>\n\n            \n                        <ul id=\"tabs-nav\" class=\"tabs-nav\">\n                \n                    <li class=\"tab-title\">\n                        <a id=\"arsa-enerali\" href=\"#tabs-content\" data-tab=\"#tab1\" class=\"tab-nav\">\u0126arsa \u0120enerali<\/a>\n                    <\/li>\n            \n                            <\/ul>\n                    <\/div>\n\n        <div class=\"col-65 right-side\">\n            \n                        <div id=\"tabs-content\" class=\"tabs-content\">\n                                <div id=\"tab1\" class=\"tab-content\">\n                    <h2 class=\"h4\">\u0126arsa \u0120enerali<\/h2>\n                    <div class=\"post-content\"><p>A\u0121enzija Sapport toffri servizz ta\u2019 Interpretazzjoni tal-Lingwa tas-Sinjali. Dan is-servizz huwa disponibbli g\u0127all-komunikazzjoni bejn <em>D\/deaf\/hard-of-hearing<\/em>, li ju\u017caw il-Lingwa tas-Sinjali Maltija (LSM) u individwi li mhumiex fluwenti f\u2019din il-lingwa. Ir-rwol tal-interpretu tal-lingwa tas-sinjali hu li jinterpreta bejn il-lingwa mit\u0127addta (Malti u Ingli\u017c) u LSM, u vi\u010bi versa.<\/p>\n<p>&nbsp;<\/p>\n<p>Is-servizzi ta\u2019 interpretazzjoni huma offruti sabiex jiffa\u010bilitaw il-komunikazzjoni fil-\u0127ajja ta\u2019 kuljum u g\u0127alhekk jinkludu varjet\u00e0 ta\u2019 setturi li jkomplu jorbtu lil Malta mal-Konvenzjoni tan-Nazzjonijiet Uniti dwar id-Drittijiet ta\u2019 Persuni b\u2019Di\u017cabilit\u00e0. Dawn is-setturi jinkludu (i\u017cda mhumiex limitati g\u0127al) l-edukazzjoni, l-impjiegi, is-sa\u0127\u0127a, il-li\u0121i u l-qorti u l-attivitajiet so\u010bjali u ta\u2019 divertiment.<\/p>\n<p>&nbsp;<\/p>\n<p>L-individwi jistg\u0127u wkoll jitolbu l-interpretazzjoni fir-rigward tal-informazzjoni dwar is-servizzi tal-A\u0121enzija.<\/p>\n<p>&nbsp;<\/p>\n<p>G\u0127al aktar informazzjoni jew g\u0127all-prenotazzjoni tas-servizz, wie\u0127ed jista\u2019 jibg\u0127at talba permezz ta\u2019 email fuq<a href=\"mailto:sli.sapport@gov.mt\">\u00a0sli.sapport@gov.mt<\/a> jew jibg\u0127at SMS \/ telefonata bil-vidjow fuq WhatsApp fuq <a href=\"tel:+35679005988\">(+356) 7900 5988<\/a>, biex jikkuntattja lit-tim. Is-servizzi mhumiex limitati g\u0127all-\u0127inijiet tal-ftu\u0127 jekk ibbukkjati minn qabel, i\u017cda huma so\u0121\u0121etti g\u0127ad-disponibbilt\u00e0.<\/p>\n<p>&nbsp;<\/p>\n<p>Il-kuntatt permezz tat-telefown jista\u2019 jsir:<\/p>\n<p><strong>Mit-Tnejn sal-\u0120img\u0127a:\u00a0 08:00 – 18:00<\/strong><\/p>\n<p><strong>Is-Sibt:\u00a0 09:00 – 12:00<\/strong><\/p>\n<p>&nbsp;<\/p>\n<p><a href=\"https:\/\/sapport.gov.mt\/mt\/mistoqsijiet-frekwenti#sign-language-interpreting-service\">Ag\u0127fas fuq din il-\u0127olqa g\u0127all-Mistoqsijiet Frekwenti (FAQs) dwar dan is-servizz<\/a><\/p>\n<p>&nbsp;<\/p>\n<p><iframe title=\"A\u0121enzija Sapport - Sign Language Interpretation\" width=\"500\" height=\"281\" data-src=\"https:\/\/www.youtube.com\/embed\/f4GP2q10_Dg?feature=oembed\" frameborder=\"0\" allow=\"accelerometer; autoplay; clipboard-write; encrypted-media; gyroscope; picture-in-picture; web-share\" referrerpolicy=\"strict-origin-when-cross-origin\" allowfullscreen src=\"data:image\/svg+xml;base64,PHN2ZyB3aWR0aD0iMSIgaGVpZ2h0PSIxIiB4bWxucz0iaHR0cDovL3d3dy53My5vcmcvMjAwMC9zdmciPjwvc3ZnPg==\" class=\"lazyload\" data-load-mode=\"1\"><\/iframe><\/p>\n<\/div>\n\n                                            <div id=\"sign-language-icon\">\n                        <img decoding=\"async\" class=\"icon lazyload\" data-src=\"https:\/\/sapport.gov.mt\/wp-content\/themes\/agenzija-sapport\/resources\/assets\/images\/sign-language-icon.png\" alt=\"\" src=\"data:image\/svg+xml;base64,PHN2ZyB3aWR0aD0iMSIgaGVpZ2h0PSIxIiB4bWxucz0iaHR0cDovL3d3dy53My5vcmcvMjAwMC9zdmciPjwvc3ZnPg==\" style=\"--smush-placeholder-width: 1024px; --smush-placeholder-aspect-ratio: 1024\/1024;\">\n                        <div id=\"tab1\" class=\"popup-box-container hidden\" style=\"left:0\">\n                            <div class=\"popup-box\">\n                            <div class=\"vid-link hidden\">https:\/\/www.youtube.com\/embed\/QAFVMuNg-hY<\/div>\n                            <iframe\n                            data-src=\"https:\/\/www.youtube.com\/embed\/QAFVMuNg-hY\" src=\"data:image\/svg+xml;base64,PHN2ZyB3aWR0aD0iMSIgaGVpZ2h0PSIxIiB4bWxucz0iaHR0cDovL3d3dy53My5vcmcvMjAwMC9zdmciPjwvc3ZnPg==\" class=\"lazyload\" data-load-mode=\"1\">\n                            <\/iframe>\n                            <div class=\"close\">\n                                <img decoding=\"async\" data-src=\"https:\/\/sapport.gov.mt\/wp-content\/themes\/agenzija-sapport\/resources\/assets\/images\/popup-close.png\" alt=\"\" src=\"data:image\/svg+xml;base64,PHN2ZyB3aWR0aD0iMSIgaGVpZ2h0PSIxIiB4bWxucz0iaHR0cDovL3d3dy53My5vcmcvMjAwMC9zdmciPjwvc3ZnPg==\" class=\"lazyload\" style=\"--smush-placeholder-width: 48px; --smush-placeholder-aspect-ratio: 48\/48;\">\n                            <\/div>\n                            <\/div>\n                        <\/div>\n                        <\/div>\n                                                \n                <\/div>\n                            <\/div>\n                    \n        <\/div>\n\n    <\/div>\n<\/div><\/div>","protected":false},"excerpt":{"rendered":"<p>A\u0121enzija Sapport toffri servizz ta\u2019 Interpretazzjoni tal-Lingwa tas-Sinjali lil individwi neqsin mis-smig\u0127 li ju\u017caw il-Lingwa tas-Sinjali Maltija (LSM).<\/p>\n","protected":false},"author":3,"featured_media":1013,"parent":2105,"menu_order":13,"comment_status":"closed","ping_status":"closed","template":"","meta":{"_acf_changed":false,"inline_featured_image":false,"footnotes":""},"categories":[45],"class_list":["post-2123","page","type-page","status-publish","has-post-thumbnail","hentry","category-services-mt"],"acf":[],"yoast_head":"<!-- This site is optimized with the Yoast SEO plugin v27.3 - https:\/\/yoast.com\/product\/yoast-seo-wordpress\/ -->\n<title>Interpretazzjoni tal-Lingwa tas-Sinjali - Agenzija Sapport<\/title>\n<meta name=\"description\" content=\"A\u0121enzija Sapport toffri servizz ta\u2019 Interpretazzjoni tal-Lingwa tas-Sinjali lil individwi neqsin mis-smig\u0127 li ju\u017caw il-Lingwa tas-Sinjali Maltija (LSM) sabiex jiffa\u010bilitaw il-komunikazzjoni fil-\u0127ajja ta\u2019 kuljum u g\u0127alhekk jinkludu varjet\u00e0 ta\u2019 setturi\" \/>\n<meta name=\"robots\" content=\"index, follow, max-snippet:-1, max-image-preview:large, max-video-preview:-1\" \/>\n<link rel=\"canonical\" href=\"https:\/\/sapport.gov.mt\/mt\/servizzi\/interpretazzjoni-tal-lingwa-tas-sinjali\/\" \/>\n<meta property=\"og:locale\" content=\"mt_MT\" \/>\n<meta property=\"og:type\" content=\"article\" \/>\n<meta property=\"og:title\" content=\"Interpretazzjoni tal-Lingwa tas-Sinjali - Agenzija Sapport\" \/>\n<meta property=\"og:description\" content=\"A\u0121enzija Sapport toffri servizz ta\u2019 Interpretazzjoni tal-Lingwa tas-Sinjali lil individwi neqsin mis-smig\u0127 li ju\u017caw il-Lingwa tas-Sinjali Maltija (LSM) sabiex jiffa\u010bilitaw il-komunikazzjoni fil-\u0127ajja ta\u2019 kuljum u g\u0127alhekk jinkludu varjet\u00e0 ta\u2019 setturi\" \/>\n<meta property=\"og:url\" content=\"https:\/\/sapport.gov.mt\/mt\/servizzi\/interpretazzjoni-tal-lingwa-tas-sinjali\/\" \/>\n<meta property=\"og:site_name\" content=\"Agenzija Sapport\" \/>\n<meta property=\"article:modified_time\" content=\"2025-09-12T09:52:33+00:00\" \/>\n<meta property=\"og:image\" content=\"https:\/\/sapport.gov.mt\/wp-content\/uploads\/2022\/12\/9.-Sign-Language-Interpretation.jpg\" \/>\n\t<meta property=\"og:image:width\" content=\"1600\" \/>\n\t<meta property=\"og:image:height\" content=\"1068\" \/>\n\t<meta property=\"og:image:type\" content=\"image\/jpeg\" \/>\n<meta name=\"twitter:card\" content=\"summary_large_image\" \/>\n<meta name=\"twitter:label1\" content=\"Est. reading time\" \/>\n\t<meta name=\"twitter:data1\" content=\"1 minute\" \/>\n<script type=\"application\/ld+json\" class=\"yoast-schema-graph\">{\"@context\":\"https:\\\/\\\/schema.org\",\"@graph\":[{\"@type\":\"WebPage\",\"@id\":\"https:\\\/\\\/sapport.gov.mt\\\/mt\\\/servizzi\\\/interpretazzjoni-tal-lingwa-tas-sinjali\\\/\",\"url\":\"https:\\\/\\\/sapport.gov.mt\\\/mt\\\/servizzi\\\/interpretazzjoni-tal-lingwa-tas-sinjali\\\/\",\"name\":\"Interpretazzjoni tal-Lingwa tas-Sinjali - Agenzija Sapport\",\"isPartOf\":{\"@id\":\"https:\\\/\\\/sapport.gov.mt\\\/mt\\\/#website\"},\"primaryImageOfPage\":{\"@id\":\"https:\\\/\\\/sapport.gov.mt\\\/mt\\\/servizzi\\\/interpretazzjoni-tal-lingwa-tas-sinjali\\\/#primaryimage\"},\"image\":{\"@id\":\"https:\\\/\\\/sapport.gov.mt\\\/mt\\\/servizzi\\\/interpretazzjoni-tal-lingwa-tas-sinjali\\\/#primaryimage\"},\"thumbnailUrl\":\"https:\\\/\\\/sapport.gov.mt\\\/wp-content\\\/uploads\\\/2022\\\/12\\\/9.-Sign-Language-Interpretation.jpg\",\"datePublished\":\"2023-03-01T15:45:28+00:00\",\"dateModified\":\"2025-09-12T09:52:33+00:00\",\"description\":\"A\u0121enzija Sapport toffri servizz ta\u2019 Interpretazzjoni tal-Lingwa tas-Sinjali lil individwi neqsin mis-smig\u0127 li ju\u017caw il-Lingwa tas-Sinjali Maltija (LSM) sabiex jiffa\u010bilitaw il-komunikazzjoni fil-\u0127ajja ta\u2019 kuljum u g\u0127alhekk jinkludu varjet\u00e0 ta\u2019 setturi\",\"breadcrumb\":{\"@id\":\"https:\\\/\\\/sapport.gov.mt\\\/mt\\\/servizzi\\\/interpretazzjoni-tal-lingwa-tas-sinjali\\\/#breadcrumb\"},\"inLanguage\":\"mt-MT\",\"potentialAction\":[{\"@type\":\"ReadAction\",\"target\":[\"https:\\\/\\\/sapport.gov.mt\\\/mt\\\/servizzi\\\/interpretazzjoni-tal-lingwa-tas-sinjali\\\/\"]}]},{\"@type\":\"ImageObject\",\"inLanguage\":\"mt-MT\",\"@id\":\"https:\\\/\\\/sapport.gov.mt\\\/mt\\\/servizzi\\\/interpretazzjoni-tal-lingwa-tas-sinjali\\\/#primaryimage\",\"url\":\"https:\\\/\\\/sapport.gov.mt\\\/wp-content\\\/uploads\\\/2022\\\/12\\\/9.-Sign-Language-Interpretation.jpg\",\"contentUrl\":\"https:\\\/\\\/sapport.gov.mt\\\/wp-content\\\/uploads\\\/2022\\\/12\\\/9.-Sign-Language-Interpretation.jpg\",\"width\":1600,\"height\":1068},{\"@type\":\"BreadcrumbList\",\"@id\":\"https:\\\/\\\/sapport.gov.mt\\\/mt\\\/servizzi\\\/interpretazzjoni-tal-lingwa-tas-sinjali\\\/#breadcrumb\",\"itemListElement\":[{\"@type\":\"ListItem\",\"position\":1,\"name\":\"Pa\u0121na\",\"item\":\"https:\\\/\\\/sapport.gov.mt\\\/mt\\\/\"},{\"@type\":\"ListItem\",\"position\":2,\"name\":\"Servizzi\",\"item\":\"https:\\\/\\\/sapport.gov.mt\\\/mt\\\/servizzi\\\/\"},{\"@type\":\"ListItem\",\"position\":3,\"name\":\"Interpretazzjoni tal-Lingwa tas-Sinjali\"}]},{\"@type\":\"WebSite\",\"@id\":\"https:\\\/\\\/sapport.gov.mt\\\/mt\\\/#website\",\"url\":\"https:\\\/\\\/sapport.gov.mt\\\/mt\\\/\",\"name\":\"Agenzija Sapport\",\"description\":\"Providing Professional And Innovative Services To Enhance The Quality Of Life Of Persons With Disabilities\",\"publisher\":{\"@id\":\"https:\\\/\\\/sapport.gov.mt\\\/mt\\\/#organization\"},\"potentialAction\":[{\"@type\":\"SearchAction\",\"target\":{\"@type\":\"EntryPoint\",\"urlTemplate\":\"https:\\\/\\\/sapport.gov.mt\\\/mt\\\/?s={search_term_string}\"},\"query-input\":{\"@type\":\"PropertyValueSpecification\",\"valueRequired\":true,\"valueName\":\"search_term_string\"}}],\"inLanguage\":\"mt-MT\"},{\"@type\":\"Organization\",\"@id\":\"https:\\\/\\\/sapport.gov.mt\\\/mt\\\/#organization\",\"name\":\"A\u0121enzija Sapport\",\"alternateName\":\"Sapport Agency\",\"url\":\"https:\\\/\\\/sapport.gov.mt\\\/mt\\\/\",\"logo\":{\"@type\":\"ImageObject\",\"inLanguage\":\"mt-MT\",\"@id\":\"https:\\\/\\\/sapport.gov.mt\\\/mt\\\/#\\\/schema\\\/logo\\\/image\\\/\",\"url\":\"https:\\\/\\\/sapport.ppdevplayground.com\\\/wp-content\\\/uploads\\\/2022\\\/11\\\/site-logo.png\",\"contentUrl\":\"https:\\\/\\\/sapport.ppdevplayground.com\\\/wp-content\\\/uploads\\\/2022\\\/11\\\/site-logo.png\",\"width\":320,\"height\":178,\"caption\":\"A\u0121enzija Sapport\"},\"image\":{\"@id\":\"https:\\\/\\\/sapport.gov.mt\\\/mt\\\/#\\\/schema\\\/logo\\\/image\\\/\"}}]}<\/script>\n<!-- \/ Yoast SEO plugin. -->","yoast_head_json":{"title":"Interpretazzjoni tal-Lingwa tas-Sinjali - Agenzija Sapport","description":"A\u0121enzija Sapport toffri servizz ta\u2019 Interpretazzjoni tal-Lingwa tas-Sinjali lil individwi neqsin mis-smig\u0127 li ju\u017caw il-Lingwa tas-Sinjali Maltija (LSM) sabiex jiffa\u010bilitaw il-komunikazzjoni fil-\u0127ajja ta\u2019 kuljum u g\u0127alhekk jinkludu varjet\u00e0 ta\u2019 setturi","robots":{"index":"index","follow":"follow","max-snippet":"max-snippet:-1","max-image-preview":"max-image-preview:large","max-video-preview":"max-video-preview:-1"},"canonical":"https:\/\/sapport.gov.mt\/mt\/servizzi\/interpretazzjoni-tal-lingwa-tas-sinjali\/","og_locale":"mt_MT","og_type":"article","og_title":"Interpretazzjoni tal-Lingwa tas-Sinjali - Agenzija Sapport","og_description":"A\u0121enzija Sapport toffri servizz ta\u2019 Interpretazzjoni tal-Lingwa tas-Sinjali lil individwi neqsin mis-smig\u0127 li ju\u017caw il-Lingwa tas-Sinjali Maltija (LSM) sabiex jiffa\u010bilitaw il-komunikazzjoni fil-\u0127ajja ta\u2019 kuljum u g\u0127alhekk jinkludu varjet\u00e0 ta\u2019 setturi","og_url":"https:\/\/sapport.gov.mt\/mt\/servizzi\/interpretazzjoni-tal-lingwa-tas-sinjali\/","og_site_name":"Agenzija Sapport","article_modified_time":"2025-09-12T09:52:33+00:00","og_image":[{"width":1600,"height":1068,"url":"https:\/\/sapport.gov.mt\/wp-content\/uploads\/2022\/12\/9.-Sign-Language-Interpretation.jpg","type":"image\/jpeg"}],"twitter_card":"summary_large_image","twitter_misc":{"Est. reading time":"1 minute"},"schema":{"@context":"https:\/\/schema.org","@graph":[{"@type":"WebPage","@id":"https:\/\/sapport.gov.mt\/mt\/servizzi\/interpretazzjoni-tal-lingwa-tas-sinjali\/","url":"https:\/\/sapport.gov.mt\/mt\/servizzi\/interpretazzjoni-tal-lingwa-tas-sinjali\/","name":"Interpretazzjoni tal-Lingwa tas-Sinjali - Agenzija Sapport","isPartOf":{"@id":"https:\/\/sapport.gov.mt\/mt\/#website"},"primaryImageOfPage":{"@id":"https:\/\/sapport.gov.mt\/mt\/servizzi\/interpretazzjoni-tal-lingwa-tas-sinjali\/#primaryimage"},"image":{"@id":"https:\/\/sapport.gov.mt\/mt\/servizzi\/interpretazzjoni-tal-lingwa-tas-sinjali\/#primaryimage"},"thumbnailUrl":"https:\/\/sapport.gov.mt\/wp-content\/uploads\/2022\/12\/9.-Sign-Language-Interpretation.jpg","datePublished":"2023-03-01T15:45:28+00:00","dateModified":"2025-09-12T09:52:33+00:00","description":"A\u0121enzija Sapport toffri servizz ta\u2019 Interpretazzjoni tal-Lingwa tas-Sinjali lil individwi neqsin mis-smig\u0127 li ju\u017caw il-Lingwa tas-Sinjali Maltija (LSM) sabiex jiffa\u010bilitaw il-komunikazzjoni fil-\u0127ajja ta\u2019 kuljum u g\u0127alhekk jinkludu varjet\u00e0 ta\u2019 setturi","breadcrumb":{"@id":"https:\/\/sapport.gov.mt\/mt\/servizzi\/interpretazzjoni-tal-lingwa-tas-sinjali\/#breadcrumb"},"inLanguage":"mt-MT","potentialAction":[{"@type":"ReadAction","target":["https:\/\/sapport.gov.mt\/mt\/servizzi\/interpretazzjoni-tal-lingwa-tas-sinjali\/"]}]},{"@type":"ImageObject","inLanguage":"mt-MT","@id":"https:\/\/sapport.gov.mt\/mt\/servizzi\/interpretazzjoni-tal-lingwa-tas-sinjali\/#primaryimage","url":"https:\/\/sapport.gov.mt\/wp-content\/uploads\/2022\/12\/9.-Sign-Language-Interpretation.jpg","contentUrl":"https:\/\/sapport.gov.mt\/wp-content\/uploads\/2022\/12\/9.-Sign-Language-Interpretation.jpg","width":1600,"height":1068},{"@type":"BreadcrumbList","@id":"https:\/\/sapport.gov.mt\/mt\/servizzi\/interpretazzjoni-tal-lingwa-tas-sinjali\/#breadcrumb","itemListElement":[{"@type":"ListItem","position":1,"name":"Pa\u0121na","item":"https:\/\/sapport.gov.mt\/mt\/"},{"@type":"ListItem","position":2,"name":"Servizzi","item":"https:\/\/sapport.gov.mt\/mt\/servizzi\/"},{"@type":"ListItem","position":3,"name":"Interpretazzjoni tal-Lingwa tas-Sinjali"}]},{"@type":"WebSite","@id":"https:\/\/sapport.gov.mt\/mt\/#website","url":"https:\/\/sapport.gov.mt\/mt\/","name":"Agenzija Sapport","description":"Providing Professional And Innovative Services To Enhance The Quality Of Life Of Persons With Disabilities","publisher":{"@id":"https:\/\/sapport.gov.mt\/mt\/#organization"},"potentialAction":[{"@type":"SearchAction","target":{"@type":"EntryPoint","urlTemplate":"https:\/\/sapport.gov.mt\/mt\/?s={search_term_string}"},"query-input":{"@type":"PropertyValueSpecification","valueRequired":true,"valueName":"search_term_string"}}],"inLanguage":"mt-MT"},{"@type":"Organization","@id":"https:\/\/sapport.gov.mt\/mt\/#organization","name":"A\u0121enzija Sapport","alternateName":"Sapport Agency","url":"https:\/\/sapport.gov.mt\/mt\/","logo":{"@type":"ImageObject","inLanguage":"mt-MT","@id":"https:\/\/sapport.gov.mt\/mt\/#\/schema\/logo\/image\/","url":"https:\/\/sapport.ppdevplayground.com\/wp-content\/uploads\/2022\/11\/site-logo.png","contentUrl":"https:\/\/sapport.ppdevplayground.com\/wp-content\/uploads\/2022\/11\/site-logo.png","width":320,"height":178,"caption":"A\u0121enzija Sapport"},"image":{"@id":"https:\/\/sapport.gov.mt\/mt\/#\/schema\/logo\/image\/"}}]}},"_links":{"self":[{"href":"https:\/\/sapport.gov.mt\/mt\/wp-json\/wp\/v2\/pages\/2123","targetHints":{"allow":["GET"]}}],"collection":[{"href":"https:\/\/sapport.gov.mt\/mt\/wp-json\/wp\/v2\/pages"}],"about":[{"href":"https:\/\/sapport.gov.mt\/mt\/wp-json\/wp\/v2\/types\/page"}],"author":[{"embeddable":true,"href":"https:\/\/sapport.gov.mt\/mt\/wp-json\/wp\/v2\/users\/3"}],"replies":[{"embeddable":true,"href":"https:\/\/sapport.gov.mt\/mt\/wp-json\/wp\/v2\/comments?post=2123"}],"version-history":[{"count":1,"href":"https:\/\/sapport.gov.mt\/mt\/wp-json\/wp\/v2\/pages\/2123\/revisions"}],"predecessor-version":[{"id":11304,"href":"https:\/\/sapport.gov.mt\/mt\/wp-json\/wp\/v2\/pages\/2123\/revisions\/11304"}],"up":[{"embeddable":true,"href":"https:\/\/sapport.gov.mt\/mt\/wp-json\/wp\/v2\/pages\/2105"}],"wp:featuredmedia":[{"embeddable":true,"href":"https:\/\/sapport.gov.mt\/mt\/wp-json\/wp\/v2\/media\/1013"}],"wp:attachment":[{"href":"https:\/\/sapport.gov.mt\/mt\/wp-json\/wp\/v2\/media?parent=2123"}],"wp:term":[{"taxonomy":"category","embeddable":true,"href":"https:\/\/sapport.gov.mt\/mt\/wp-json\/wp\/v2\/categories?post=2123"}],"curies":[{"name":"wp","href":"https:\/\/api.w.org\/{rel}","templated":true}]}}