{"id":2183,"date":"2023-03-06T15:37:31","date_gmt":"2023-03-06T14:37:31","guid":{"rendered":"https:\/\/sapport.ppdevplayground.com\/?page_id=2183"},"modified":"2026-02-11T08:23:20","modified_gmt":"2026-02-11T07:23:20","slug":"supported-independent-living","status":"publish","type":"page","link":"https:\/\/sapport.gov.mt\/mt\/servizzi\/supported-independent-living\/","title":{"rendered":"Supported Independent Living"},"content":{"rendered":"<div class=\"tabs-text align\">\n    <div id=\"tabs-text-block_8e9991b1f19904562052903c699c0376\" class=\"block-tabs-text\">\n\n    <div class=\"blend-mode luminosity\">\n                <div class=\"img inline-bg-image lazyload\" role=\"img\" aria-label=\"\" style=\"background-image:inherit;\" data-bg-image=\"url(https:\/\/sapport.gov.mt\/wp-content\/uploads\/2022\/12\/6.-Supported-Independent-Living-ex-Residential.jpg)\"><\/div>\n    <\/div>\n\n    <div class=\"inner np flex-columns stretch\">\n        <div class=\"col-35 left-side\">\n\n            \n            <p class=\"breadcrumbs\"><span><span><a href=\"https:\/\/sapport.gov.mt\/mt\/\">Pa\u0121na<\/a><\/span><\/span><\/p>\n            <h1 class=\"h1 white\">Supported Independent Living <\/h1>\n\n            \n                        <ul id=\"tabs-nav\" class=\"tabs-nav\">\n                \n                    <li class=\"tab-title\">\n                        <a id=\"arsa-enerali\" href=\"#tabs-content\" data-tab=\"#tab1\" class=\"tab-nav\">\u0126arsa \u0120enerali<\/a>\n                    <\/li>\n            \n                \n                    <li class=\"tab-title\">\n                        <a id=\"riferimenti-u-assessjar\" href=\"#tabs-content\" data-tab=\"#tab2\" class=\"tab-nav\">Riferimenti u Assessjar<\/a>\n                    <\/li>\n            \n                            <\/ul>\n                    <\/div>\n\n        <div class=\"col-65 right-side\">\n            \n                        <div id=\"tabs-content\" class=\"tabs-content\">\n                                <div id=\"tab1\" class=\"tab-content\">\n                    <h2 class=\"h4\">\u0126arsa \u0120enerali<\/h2>\n                    <div class=\"post-content\"><p>Is-Servizz Supported Independent Living jippermetti lill-persuni b\u2019di\u017cabilit\u00e0 jg\u0127ixu \u0127ajja kemm jista\u2019 jkun indipendenti u b’mod awtonomu fil-komunit\u00e0. L-appo\u0121\u0121 jing\u0127ata \u0121ewwa akkomodazzjoni g\u0127all-g\u0127ajxien ippersonalizzat, li tista\u2019 tkun appartamenti jew djar fil-komunit\u00e0.<\/p>\n<p>L-g\u0127an prin\u010bipali ta\u2019 dawn l-akkomodazzjonijiet huwa li jsa\u0127\u0127u u jippromwovu l-indipendenza, l-inklu\u017cjoni u t-tis\u0127i\u0127 tal-po\u017cizzjoni tal-persuni b\u2019di\u017cabilit\u00e0 permezz ta\u2019 pjan iffukat fuq il-persuna.<\/p>\n<p>Is-Servizz jag\u0127ti valur lid-dinjit\u00e0, lis-sa\u0127\u0127a umana, lill-potenzjal u d-determinazzjoni tal-persuna u jitmexxa bil-pro\u010bess ta\u2019 kodisinn u koproduzzjoni sabiex dawn il-persuni jil\u0127qu l-g\u0127anjiet mixtieqa tag\u0127hom. G\u0127al din ir-ra\u0121uni, is-Servizz jadotta l-prin\u010bipji li \u0121ejjin:<\/p>\n<p>&nbsp;<\/p>\n<ul>\n<li>It-tis\u0127i\u0127 tal-po\u017cizzjoni u l-g\u0127a\u017cla \u2013 fejn il-vu\u010bi u l-ideat tal-klijenti ji\u0121u rrispettati sabiex ikollhom kontroll fuq \u0127ajjithom, filwaqt li ji\u0121u meg\u0127juna ji\u017cviluppaw il-personalit\u00e1, il-qawwiet u l-indipendenza tag\u0127hom.<\/li>\n<li>L-appo\u0121\u0121 attiv \u2013 il-persuni b\u2019di\u017cabilit\u00e0 ji\u0121u m\u0127e\u0121\u0121a jinvolvu ru\u0127hom u jipparte\u010bipaw bis-s\u0127i\u0127 f\u2019\u0127ajjithom, billi jir\u010bievu l-firxa u l-livell ne\u010bessarju ta\u2019 appo\u0121\u0121.<\/li>\n<li>Il-prattika tal-awtopromozzjoni \u2013 il-persuni b\u2019di\u017cabilit\u00e0 g\u0127andhom ikunu konxji tad-drittijiet tag\u0127hom u g\u0127andhom ji\u0121u meg\u0127juna jiddefendu d-drittijiet tag\u0127hom.<\/li>\n<li>It-te\u0127id tad-de\u010bi\u017cjonijiet appo\u0121\u0121at u msa\u0127\u0127a\u0127 \u2013 il-persuni b\u2019di\u017cabilit\u00e0 ji\u0121u meg\u0127juna, jekk ikun me\u0127tie\u0121, biex jie\u0127du de\u010bi\u017cjonijiet dwar l-arran\u0121amenti ta\u2019 g\u0127ajxien, il-kura tas-sa\u0127\u0127a, ir-relazzjonijiet u l-kwistjonijiet finanzjarji.<\/li>\n<\/ul>\n<p>&nbsp;<\/p>\n<p>Permezz tal-pjanijiet iffukati fuq il-persuna, il-persuni li joqog\u0127du \u0121ewwa akkomodazzjoni ta\u2019 Supported Independent Living, jing\u0127ataw l-appo\u0121\u0121 biex:<\/p>\n<p>&nbsp;<\/p>\n<ul>\n<li>Ikomplu l-edukazzjoni tag\u0127hom u jir\u010bievu tag\u0127lim individwali skont il-b\u017connijiet personali tal-individwu;<\/li>\n<li>Isa\u0127\u0127u l-\u0127iliet u l-kapa\u010bitajiet tag\u0127hom;<\/li>\n<li>Jirre\u0121istraw u jattendu ta\u0127ri\u0121 dwar l-impjiegi;<\/li>\n<li>Ifittxu u jinvolvu ru\u0127hom f\u2019opportunitajiet ta\u2019 impjieg;<\/li>\n<li>Jipparte\u010bipaw f\u2019attivitajiet ta\u2019 sport, ivvja\u0121\u0121ar u divertiment;<\/li>\n<li>I\u017commu relazzjonijiet po\u017cittivi mal-familji u mal-qraba tag\u0127hom;<\/li>\n<li>Jag\u0127mlu \u0127bieb u konoxxenzi \u0121odda permezz ta\u2019 opportunitajiet g\u0127all-inklu\u017cjoni;<\/li>\n<li>Jipparte\u010bipaw f\u2019attivitajiet ta\u2019 integrazzjoni;<\/li>\n<li>Jinvolvu ru\u0127hom f\u2019sessjonijiet terapewti\u010bi skont il-b\u017conn, sabiex jiffa\u010bilitaw il-benesseri emozzjonali u t-tkabbir personali, fost affarijiet o\u0127ra.<\/li>\n<\/ul>\n<\/div>\n\n                                            <div id=\"sign-language-icon\">\n                        <img decoding=\"async\" class=\"icon lazyload\" data-src=\"https:\/\/sapport.gov.mt\/wp-content\/themes\/agenzija-sapport\/resources\/assets\/images\/sign-language-icon.png\" alt=\"\" src=\"data:image\/svg+xml;base64,PHN2ZyB3aWR0aD0iMSIgaGVpZ2h0PSIxIiB4bWxucz0iaHR0cDovL3d3dy53My5vcmcvMjAwMC9zdmciPjwvc3ZnPg==\" style=\"--smush-placeholder-width: 1024px; --smush-placeholder-aspect-ratio: 1024\/1024;\">\n                        <div id=\"tab1\" class=\"popup-box-container hidden\" style=\"left:0\">\n                            <div class=\"popup-box\">\n                            <div class=\"vid-link hidden\">https:\/\/www.youtube.com\/embed\/_Y0GqrJzUkY?si=AxDprMW515MiVmRx<\/div>\n                            <iframe\n                            data-src=\"https:\/\/www.youtube.com\/embed\/_Y0GqrJzUkY?si=AxDprMW515MiVmRx\" src=\"data:image\/svg+xml;base64,PHN2ZyB3aWR0aD0iMSIgaGVpZ2h0PSIxIiB4bWxucz0iaHR0cDovL3d3dy53My5vcmcvMjAwMC9zdmciPjwvc3ZnPg==\" class=\"lazyload\" data-load-mode=\"1\">\n                            <\/iframe>\n                            <div class=\"close\">\n                                <img decoding=\"async\" data-src=\"https:\/\/sapport.gov.mt\/wp-content\/themes\/agenzija-sapport\/resources\/assets\/images\/popup-close.png\" alt=\"\" src=\"data:image\/svg+xml;base64,PHN2ZyB3aWR0aD0iMSIgaGVpZ2h0PSIxIiB4bWxucz0iaHR0cDovL3d3dy53My5vcmcvMjAwMC9zdmciPjwvc3ZnPg==\" class=\"lazyload\" style=\"--smush-placeholder-width: 48px; --smush-placeholder-aspect-ratio: 48\/48;\">\n                            <\/div>\n                            <\/div>\n                        <\/div>\n                        <\/div>\n                                                \n                <\/div>\n                                <div id=\"tab2\" class=\"tab-content\">\n                    <h2 class=\"h4\">Riferimenti u Assessjar<\/h2>\n                    <div class=\"post-content\"><p>It-tim tal-Intake jir\u010bievi u jippro\u010bessa l-ka\u017cijiet kollha li jaslu minn servizzi prospettivi, il-familji u professjonisti o\u0127ra li je\u0127tie\u0121u kwalunkwe servizz fl-A\u0121enzija. Il-ka\u017cijiet kollha li jid\u0127lu ji\u0121u assessjati bir-reqqa mill-professjonisti tat-tim, li jidentifikaw liema servizz\/i l-individwu jista\u2019 jibbenifika minnu skont il-b\u017connijiet, interessi u x-xewqat tal-individwu.<\/p>\n<p>&nbsp;<\/p>\n<p>Wara dan l-assessjar, it-tim jikkomunika kif xieraq mal-professjonisti mid-dipartimenti tas-servizzi identifikati, u jwettaq pjanijiet ta\u2019 azzjoni ta\u2019 segwitu.<\/p>\n<p>It-tim ta\u2019 professjonisti jidentifika r-riferimenti abba\u017ci tal-b\u017connijiet sinifikanti u kriti\u010bi tal-individwi.<\/p>\n<p>&nbsp;<\/p>\n<p>A\u0121enzija Sapport tag\u0127raf ukoll il-fatt li t-trasferiment ta\u2019 persuna f\u2019akkomodazzjoni \u0121dida jista\u2019 jkun esperjenza diffi\u010bli u stressanti, g\u0127alhekk meta klijent jid\u0127ol f\u2019appartament\/dar, ji\u0121i ppjanat programm ta\u2019 tran\u017cizzjoni f\u2019kollaborazzjoni mal-individwu biex jing\u0127ata l-g\u0127ajnuna sabiex ja\u0121\u0121usta ru\u0127u g\u0127all-ambjent il-\u0121did u jintera\u0121ixxi mar-residenti l-o\u0127ra u mal-impjegati.<\/p>\n<p>Is-Servizz Supported Independent Living jista\u2019 ji\u0121i a\u010b\u010bessat minn kwalunkwe persuna b\u2019di\u017cabilit\u00e0, li g\u0127andha b\u017conn akkomodazzjoni g\u0127all-g\u0127ajxien fil-komunit\u00e0. Is-Servizz isegwi l-kriterji li \u0121ejjin:<\/p>\n<p>&nbsp;<\/p>\n<ul>\n<li>Ting\u0127ata prijorit\u00e0 lill-persuni b\u2019di\u017cabilit\u00e0 li jkunu f\u2019riskju kbir li jidda\u0127\u0127lu f\u2019xi istituzzjoni, jew f\u2019riskju li jispi\u010b\u010baw ming\u0127ajr dar, wara li ji\u0121u e\u017cawriti l-g\u0127a\u017cliet ta\u2019 l-o\u0127ra kollha fil-komunit\u00e0;<\/li>\n<li>Talba tista\u2019 ti\u0121i milqug\u0127a jekk u meta jkun hemm po\u017cizzjoni libera f\u2019wa\u0127da mir-residenzi attwali, jew meta appartament jew dar \u0121dida ssir disponibbli permezz tas-Servizz.<\/li>\n<li>Il-persuna b\u2019di\u017cabilit\u00e0 tkun involuta immedjatament mill-istadju tal-assessjar sal-ippjanar tal-pjan individwalizzat, u l-familja\/kuratur\/partijiet ikkon\u010bernati tag\u0127ha ji\u0121u involuti wkoll fil-pro\u010bess kif xieraq.<\/li>\n<\/ul>\n<p>&nbsp;<\/p>\n<p>Minbarra l-issodisfar tal-kriterji ta\u2019 eli\u0121ibilit\u00e0 \u0121enerali, kull individwu jing\u0127ata l-appo\u0121\u0121 u ji\u0121i kkonsultat u assessjat f\u2019dak li g\u0127andu x\u2019jaqsam ma\u2019 kemm huwa kapa\u010bi jg\u0127ix f\u2019armonija mal-klijenti l-o\u0127ra li di\u0121\u00e0 qed jg\u0127ixu fl-appartament\/dar.<\/p>\n<p>Ji\u0121i kkunsidrat dan li \u0121ej:<\/p>\n<ul>\n<li>Il-kompatibilit\u00e0 tal-b\u017connijiet, tal-qawwiet u\/jew tal-kapa\u010bitajiet psikolo\u0121i\u010bi, ma\u2019 dawk tar-residenti l-o\u0127ra;<\/li>\n<li>Il-kompatibilit\u00e0 f\u2019termini ta\u2019 et\u00e0 u personalit\u00e0;<\/li>\n<li>Jekk il-post jaqdix il-b\u017connijiet ta\u2019 a\u010b\u010bessibilit\u00e0 individwali tal-klijent.<\/li>\n<\/ul>\n<p>&nbsp;<\/p>\n<p><a href=\"https:\/\/sapport.gov.mt\/mt\/mistoqsijiet-frekwenti#supported-independent-living\">Ag\u0127fas fuq din il-\u0127olqa g\u0127all-Mistoqsijiet Frekwenti (FAQs) dwar dan is-servizz<\/a><\/p>\n<p>&nbsp;<\/p>\n<p>&nbsp;<\/p>\n<p>&nbsp;<\/p>\n<p>&nbsp;<\/p>\n<\/div>\n\n                                            \n                <\/div>\n                            <\/div>\n                    \n        <\/div>\n\n    <\/div>\n<\/div><\/div>","protected":false},"excerpt":{"rendered":"<p>Is-Servizz Supported Independent Living jippermetti lill-persuni b\u2019di\u017cabilit\u00e0 jg\u0127ixu \u0127ajja kemm jista\u2019 jkun indipendenti fil-komunit\u00e0.<\/p>\n","protected":false},"author":3,"featured_media":1041,"parent":2105,"menu_order":7,"comment_status":"closed","ping_status":"closed","template":"","meta":{"_acf_changed":false,"inline_featured_image":false,"footnotes":""},"categories":[45],"class_list":["post-2183","page","type-page","status-publish","has-post-thumbnail","hentry","category-services-mt"],"acf":[],"yoast_head":"<!-- This site is optimized with the Yoast SEO plugin v27.3 - https:\/\/yoast.com\/product\/yoast-seo-wordpress\/ -->\n<title>Supported Independent Living - Agenzija Sapport<\/title>\n<meta name=\"description\" content=\"Is-Servizz Supported Independent Living jippermetti lill-persuni b\u2019di\u017cabilit\u00e0 jg\u0127ixu \u0127ajja kemm jista\u2019 jkun indipendenti fil-komunit\u00e0, l-inklu\u017cjoni u t-tis\u0127i\u0127 tal-po\u017cizzjoni tal-persuni b\u2019di\u017cabilit\u00e0 permezz ta\u2019 pjan iffukat fuq il-persuna.\" \/>\n<meta name=\"robots\" content=\"index, follow, max-snippet:-1, max-image-preview:large, max-video-preview:-1\" \/>\n<link rel=\"canonical\" href=\"https:\/\/sapport.gov.mt\/mt\/servizzi\/supported-independent-living\/\" \/>\n<meta property=\"og:locale\" content=\"mt_MT\" \/>\n<meta property=\"og:type\" content=\"article\" \/>\n<meta property=\"og:title\" content=\"Supported Independent Living - Agenzija Sapport\" \/>\n<meta property=\"og:description\" content=\"Is-Servizz Supported Independent Living jippermetti lill-persuni b\u2019di\u017cabilit\u00e0 jg\u0127ixu \u0127ajja kemm jista\u2019 jkun indipendenti fil-komunit\u00e0, l-inklu\u017cjoni u t-tis\u0127i\u0127 tal-po\u017cizzjoni tal-persuni b\u2019di\u017cabilit\u00e0 permezz ta\u2019 pjan iffukat fuq il-persuna.\" \/>\n<meta property=\"og:url\" content=\"https:\/\/sapport.gov.mt\/mt\/servizzi\/supported-independent-living\/\" \/>\n<meta property=\"og:site_name\" content=\"Agenzija Sapport\" \/>\n<meta property=\"article:modified_time\" content=\"2026-02-11T07:23:20+00:00\" \/>\n<meta property=\"og:image\" content=\"https:\/\/sapport.gov.mt\/wp-content\/uploads\/2022\/12\/6.-Supported-Independent-Living-ex-Residential.jpg\" \/>\n\t<meta property=\"og:image:width\" content=\"960\" \/>\n\t<meta property=\"og:image:height\" content=\"720\" \/>\n\t<meta property=\"og:image:type\" content=\"image\/jpeg\" \/>\n<meta name=\"twitter:card\" content=\"summary_large_image\" \/>\n<meta name=\"twitter:label1\" content=\"Est. reading time\" \/>\n\t<meta name=\"twitter:data1\" content=\"3 minutes\" \/>\n<script type=\"application\/ld+json\" class=\"yoast-schema-graph\">{\"@context\":\"https:\\\/\\\/schema.org\",\"@graph\":[{\"@type\":\"WebPage\",\"@id\":\"https:\\\/\\\/sapport.gov.mt\\\/mt\\\/servizzi\\\/supported-independent-living\\\/\",\"url\":\"https:\\\/\\\/sapport.gov.mt\\\/mt\\\/servizzi\\\/supported-independent-living\\\/\",\"name\":\"Supported Independent Living - Agenzija Sapport\",\"isPartOf\":{\"@id\":\"https:\\\/\\\/sapport.gov.mt\\\/mt\\\/#website\"},\"primaryImageOfPage\":{\"@id\":\"https:\\\/\\\/sapport.gov.mt\\\/mt\\\/servizzi\\\/supported-independent-living\\\/#primaryimage\"},\"image\":{\"@id\":\"https:\\\/\\\/sapport.gov.mt\\\/mt\\\/servizzi\\\/supported-independent-living\\\/#primaryimage\"},\"thumbnailUrl\":\"https:\\\/\\\/sapport.gov.mt\\\/wp-content\\\/uploads\\\/2022\\\/12\\\/6.-Supported-Independent-Living-ex-Residential.jpg\",\"datePublished\":\"2023-03-06T14:37:31+00:00\",\"dateModified\":\"2026-02-11T07:23:20+00:00\",\"description\":\"Is-Servizz Supported Independent Living jippermetti lill-persuni b\u2019di\u017cabilit\u00e0 jg\u0127ixu \u0127ajja kemm jista\u2019 jkun indipendenti fil-komunit\u00e0, l-inklu\u017cjoni u t-tis\u0127i\u0127 tal-po\u017cizzjoni tal-persuni b\u2019di\u017cabilit\u00e0 permezz ta\u2019 pjan iffukat fuq il-persuna.\",\"breadcrumb\":{\"@id\":\"https:\\\/\\\/sapport.gov.mt\\\/mt\\\/servizzi\\\/supported-independent-living\\\/#breadcrumb\"},\"inLanguage\":\"mt-MT\",\"potentialAction\":[{\"@type\":\"ReadAction\",\"target\":[\"https:\\\/\\\/sapport.gov.mt\\\/mt\\\/servizzi\\\/supported-independent-living\\\/\"]}]},{\"@type\":\"ImageObject\",\"inLanguage\":\"mt-MT\",\"@id\":\"https:\\\/\\\/sapport.gov.mt\\\/mt\\\/servizzi\\\/supported-independent-living\\\/#primaryimage\",\"url\":\"https:\\\/\\\/sapport.gov.mt\\\/wp-content\\\/uploads\\\/2022\\\/12\\\/6.-Supported-Independent-Living-ex-Residential.jpg\",\"contentUrl\":\"https:\\\/\\\/sapport.gov.mt\\\/wp-content\\\/uploads\\\/2022\\\/12\\\/6.-Supported-Independent-Living-ex-Residential.jpg\",\"width\":960,\"height\":720},{\"@type\":\"BreadcrumbList\",\"@id\":\"https:\\\/\\\/sapport.gov.mt\\\/mt\\\/servizzi\\\/supported-independent-living\\\/#breadcrumb\",\"itemListElement\":[{\"@type\":\"ListItem\",\"position\":1,\"name\":\"Pa\u0121na\",\"item\":\"https:\\\/\\\/sapport.gov.mt\\\/mt\\\/\"},{\"@type\":\"ListItem\",\"position\":2,\"name\":\"Servizzi\",\"item\":\"https:\\\/\\\/sapport.gov.mt\\\/mt\\\/servizzi\\\/\"},{\"@type\":\"ListItem\",\"position\":3,\"name\":\"Supported Independent Living\"}]},{\"@type\":\"WebSite\",\"@id\":\"https:\\\/\\\/sapport.gov.mt\\\/mt\\\/#website\",\"url\":\"https:\\\/\\\/sapport.gov.mt\\\/mt\\\/\",\"name\":\"Agenzija Sapport\",\"description\":\"Providing Professional And Innovative Services To Enhance The Quality Of Life Of Persons With Disabilities\",\"publisher\":{\"@id\":\"https:\\\/\\\/sapport.gov.mt\\\/mt\\\/#organization\"},\"potentialAction\":[{\"@type\":\"SearchAction\",\"target\":{\"@type\":\"EntryPoint\",\"urlTemplate\":\"https:\\\/\\\/sapport.gov.mt\\\/mt\\\/?s={search_term_string}\"},\"query-input\":{\"@type\":\"PropertyValueSpecification\",\"valueRequired\":true,\"valueName\":\"search_term_string\"}}],\"inLanguage\":\"mt-MT\"},{\"@type\":\"Organization\",\"@id\":\"https:\\\/\\\/sapport.gov.mt\\\/mt\\\/#organization\",\"name\":\"A\u0121enzija Sapport\",\"alternateName\":\"Sapport Agency\",\"url\":\"https:\\\/\\\/sapport.gov.mt\\\/mt\\\/\",\"logo\":{\"@type\":\"ImageObject\",\"inLanguage\":\"mt-MT\",\"@id\":\"https:\\\/\\\/sapport.gov.mt\\\/mt\\\/#\\\/schema\\\/logo\\\/image\\\/\",\"url\":\"https:\\\/\\\/sapport.ppdevplayground.com\\\/wp-content\\\/uploads\\\/2022\\\/11\\\/site-logo.png\",\"contentUrl\":\"https:\\\/\\\/sapport.ppdevplayground.com\\\/wp-content\\\/uploads\\\/2022\\\/11\\\/site-logo.png\",\"width\":320,\"height\":178,\"caption\":\"A\u0121enzija Sapport\"},\"image\":{\"@id\":\"https:\\\/\\\/sapport.gov.mt\\\/mt\\\/#\\\/schema\\\/logo\\\/image\\\/\"}}]}<\/script>\n<!-- \/ Yoast SEO plugin. -->","yoast_head_json":{"title":"Supported Independent Living - Agenzija Sapport","description":"Is-Servizz Supported Independent Living jippermetti lill-persuni b\u2019di\u017cabilit\u00e0 jg\u0127ixu \u0127ajja kemm jista\u2019 jkun indipendenti fil-komunit\u00e0, l-inklu\u017cjoni u t-tis\u0127i\u0127 tal-po\u017cizzjoni tal-persuni b\u2019di\u017cabilit\u00e0 permezz ta\u2019 pjan iffukat fuq il-persuna.","robots":{"index":"index","follow":"follow","max-snippet":"max-snippet:-1","max-image-preview":"max-image-preview:large","max-video-preview":"max-video-preview:-1"},"canonical":"https:\/\/sapport.gov.mt\/mt\/servizzi\/supported-independent-living\/","og_locale":"mt_MT","og_type":"article","og_title":"Supported Independent Living - Agenzija Sapport","og_description":"Is-Servizz Supported Independent Living jippermetti lill-persuni b\u2019di\u017cabilit\u00e0 jg\u0127ixu \u0127ajja kemm jista\u2019 jkun indipendenti fil-komunit\u00e0, l-inklu\u017cjoni u t-tis\u0127i\u0127 tal-po\u017cizzjoni tal-persuni b\u2019di\u017cabilit\u00e0 permezz ta\u2019 pjan iffukat fuq il-persuna.","og_url":"https:\/\/sapport.gov.mt\/mt\/servizzi\/supported-independent-living\/","og_site_name":"Agenzija Sapport","article_modified_time":"2026-02-11T07:23:20+00:00","og_image":[{"width":960,"height":720,"url":"https:\/\/sapport.gov.mt\/wp-content\/uploads\/2022\/12\/6.-Supported-Independent-Living-ex-Residential.jpg","type":"image\/jpeg"}],"twitter_card":"summary_large_image","twitter_misc":{"Est. reading time":"3 minutes"},"schema":{"@context":"https:\/\/schema.org","@graph":[{"@type":"WebPage","@id":"https:\/\/sapport.gov.mt\/mt\/servizzi\/supported-independent-living\/","url":"https:\/\/sapport.gov.mt\/mt\/servizzi\/supported-independent-living\/","name":"Supported Independent Living - Agenzija Sapport","isPartOf":{"@id":"https:\/\/sapport.gov.mt\/mt\/#website"},"primaryImageOfPage":{"@id":"https:\/\/sapport.gov.mt\/mt\/servizzi\/supported-independent-living\/#primaryimage"},"image":{"@id":"https:\/\/sapport.gov.mt\/mt\/servizzi\/supported-independent-living\/#primaryimage"},"thumbnailUrl":"https:\/\/sapport.gov.mt\/wp-content\/uploads\/2022\/12\/6.-Supported-Independent-Living-ex-Residential.jpg","datePublished":"2023-03-06T14:37:31+00:00","dateModified":"2026-02-11T07:23:20+00:00","description":"Is-Servizz Supported Independent Living jippermetti lill-persuni b\u2019di\u017cabilit\u00e0 jg\u0127ixu \u0127ajja kemm jista\u2019 jkun indipendenti fil-komunit\u00e0, l-inklu\u017cjoni u t-tis\u0127i\u0127 tal-po\u017cizzjoni tal-persuni b\u2019di\u017cabilit\u00e0 permezz ta\u2019 pjan iffukat fuq il-persuna.","breadcrumb":{"@id":"https:\/\/sapport.gov.mt\/mt\/servizzi\/supported-independent-living\/#breadcrumb"},"inLanguage":"mt-MT","potentialAction":[{"@type":"ReadAction","target":["https:\/\/sapport.gov.mt\/mt\/servizzi\/supported-independent-living\/"]}]},{"@type":"ImageObject","inLanguage":"mt-MT","@id":"https:\/\/sapport.gov.mt\/mt\/servizzi\/supported-independent-living\/#primaryimage","url":"https:\/\/sapport.gov.mt\/wp-content\/uploads\/2022\/12\/6.-Supported-Independent-Living-ex-Residential.jpg","contentUrl":"https:\/\/sapport.gov.mt\/wp-content\/uploads\/2022\/12\/6.-Supported-Independent-Living-ex-Residential.jpg","width":960,"height":720},{"@type":"BreadcrumbList","@id":"https:\/\/sapport.gov.mt\/mt\/servizzi\/supported-independent-living\/#breadcrumb","itemListElement":[{"@type":"ListItem","position":1,"name":"Pa\u0121na","item":"https:\/\/sapport.gov.mt\/mt\/"},{"@type":"ListItem","position":2,"name":"Servizzi","item":"https:\/\/sapport.gov.mt\/mt\/servizzi\/"},{"@type":"ListItem","position":3,"name":"Supported Independent Living"}]},{"@type":"WebSite","@id":"https:\/\/sapport.gov.mt\/mt\/#website","url":"https:\/\/sapport.gov.mt\/mt\/","name":"Agenzija Sapport","description":"Providing Professional And Innovative Services To Enhance The Quality Of Life Of Persons With Disabilities","publisher":{"@id":"https:\/\/sapport.gov.mt\/mt\/#organization"},"potentialAction":[{"@type":"SearchAction","target":{"@type":"EntryPoint","urlTemplate":"https:\/\/sapport.gov.mt\/mt\/?s={search_term_string}"},"query-input":{"@type":"PropertyValueSpecification","valueRequired":true,"valueName":"search_term_string"}}],"inLanguage":"mt-MT"},{"@type":"Organization","@id":"https:\/\/sapport.gov.mt\/mt\/#organization","name":"A\u0121enzija Sapport","alternateName":"Sapport Agency","url":"https:\/\/sapport.gov.mt\/mt\/","logo":{"@type":"ImageObject","inLanguage":"mt-MT","@id":"https:\/\/sapport.gov.mt\/mt\/#\/schema\/logo\/image\/","url":"https:\/\/sapport.ppdevplayground.com\/wp-content\/uploads\/2022\/11\/site-logo.png","contentUrl":"https:\/\/sapport.ppdevplayground.com\/wp-content\/uploads\/2022\/11\/site-logo.png","width":320,"height":178,"caption":"A\u0121enzija Sapport"},"image":{"@id":"https:\/\/sapport.gov.mt\/mt\/#\/schema\/logo\/image\/"}}]}},"_links":{"self":[{"href":"https:\/\/sapport.gov.mt\/mt\/wp-json\/wp\/v2\/pages\/2183","targetHints":{"allow":["GET"]}}],"collection":[{"href":"https:\/\/sapport.gov.mt\/mt\/wp-json\/wp\/v2\/pages"}],"about":[{"href":"https:\/\/sapport.gov.mt\/mt\/wp-json\/wp\/v2\/types\/page"}],"author":[{"embeddable":true,"href":"https:\/\/sapport.gov.mt\/mt\/wp-json\/wp\/v2\/users\/3"}],"replies":[{"embeddable":true,"href":"https:\/\/sapport.gov.mt\/mt\/wp-json\/wp\/v2\/comments?post=2183"}],"version-history":[{"count":2,"href":"https:\/\/sapport.gov.mt\/mt\/wp-json\/wp\/v2\/pages\/2183\/revisions"}],"predecessor-version":[{"id":13343,"href":"https:\/\/sapport.gov.mt\/mt\/wp-json\/wp\/v2\/pages\/2183\/revisions\/13343"}],"up":[{"embeddable":true,"href":"https:\/\/sapport.gov.mt\/mt\/wp-json\/wp\/v2\/pages\/2105"}],"wp:featuredmedia":[{"embeddable":true,"href":"https:\/\/sapport.gov.mt\/mt\/wp-json\/wp\/v2\/media\/1041"}],"wp:attachment":[{"href":"https:\/\/sapport.gov.mt\/mt\/wp-json\/wp\/v2\/media?parent=2183"}],"wp:term":[{"taxonomy":"category","embeddable":true,"href":"https:\/\/sapport.gov.mt\/mt\/wp-json\/wp\/v2\/categories?post=2183"}],"curies":[{"name":"wp","href":"https:\/\/api.w.org\/{rel}","templated":true}]}}