{"id":2203,"date":"2023-03-06T16:15:32","date_gmt":"2023-03-06T15:15:32","guid":{"rendered":"https:\/\/sapport.ppdevplayground.com\/?page_id=2203"},"modified":"2025-05-30T16:31:34","modified_gmt":"2025-05-30T14:31:34","slug":"sharing-lives","status":"publish","type":"page","link":"https:\/\/sapport.gov.mt\/mt\/servizzi\/sharing-lives\/","title":{"rendered":"Sharing Lives"},"content":{"rendered":"<div class=\"tabs-text align\">\n    <div id=\"tabs-text-block_966ed18c038406275ed4bc5b670b0f43\" class=\"block-tabs-text\">\n\n    <div class=\"blend-mode luminosity\">\n                <div class=\"img inline-bg-image lazyload\" role=\"img\" aria-label=\"\" style=\"background-image:inherit;\" data-bg-image=\"url(https:\/\/sapport.gov.mt\/wp-content\/uploads\/2022\/12\/12.-Sharing-Lives.jpg)\"><\/div>\n    <\/div>\n\n    <div class=\"inner np flex-columns stretch\">\n        <div class=\"col-35 left-side\">\n\n            \n            <p class=\"breadcrumbs\"><span><span><a href=\"https:\/\/sapport.gov.mt\/mt\/\">Pa\u0121na<\/a><\/span><\/span><\/p>\n            <h1 class=\"h1 white\">Sharing Lives<\/h1>\n\n            \n                        <ul id=\"tabs-nav\" class=\"tabs-nav\">\n                \n                    <li class=\"tab-title\">\n                        <a id=\"arsa-enerali\" href=\"#tabs-content\" data-tab=\"#tab1\" class=\"tab-nav\">\u0126arsa \u0120enerali<\/a>\n                    <\/li>\n            \n                \n                    <li class=\"tab-title\">\n                        <a id=\"riferimenti\" href=\"#tabs-content\" data-tab=\"#tab2\" class=\"tab-nav\">Riferimenti<\/a>\n                    <\/li>\n            \n                            <\/ul>\n                    <\/div>\n\n        <div class=\"col-65 right-side\">\n            \n                        <div id=\"tabs-content\" class=\"tabs-content\">\n                                <div id=\"tab1\" class=\"tab-content\">\n                    <h2 class=\"h4\">\u0126arsa \u0120enerali<\/h2>\n                    <div class=\"post-content\"><p>Sharing Lives joffri opportunitajiet fejn voluntiera flimkien ma’ persuni b\u2019di\u017cabilit\u00e0, spe\u010bjalment lil dawk li ftit li xejn g\u0127andhom sapport, biex:<\/p>\n<ul>\n<li>jaqsmu esperjenzi<\/li>\n<li>jo\u0127olqu interazzjonijiet so\u010bjali<\/li>\n<li>jag\u0127mlu \u0127bieb ma\u2019 persuni o\u0127ra b\u2019di\u017cabilit\u00e0<\/li>\n<li>imexxu u\/jew jipparte\u010bipaw fil-kreazzjoni ta\u2019 pro\u0121etti u attivitajiet<\/li>\n<\/ul>\n<p>&nbsp;<\/p>\n<p>L-aspett tas-servizz li jinkora\u0121\u0121ixxi l-\u0127olqien ta\u2019 \u0127biberiji jg\u0127in biex jin\u0127olqu d-djalogu u l-kollaborazzjoni bejn persuni b\u2019di\u017cabilit\u00e0 u s-so\u010bjet\u00e0 in\u0121enerali. Jag\u0127ti wkoll l-opportunit\u00e0 lill-persuni b\u2019di\u017cabilit\u00e0 biex jie\u0127du sehem f\u2019avvenimenti u attivitajiet u jeg\u0127lbu l-esklu\u017cjoni so\u010bjali filwaqt li jibnu relazzjonijiet sinifikanti.<\/p>\n<p>&nbsp;<\/p>\n<p>L-attivitajiet fi grupp huma primarjament organizzati mill-voluntiera jew ispirati mill-interessi ta\u2019 persuni b\u2019di\u017cabilit\u00e0 li huma membri ta\u2019 Sharing Lives. Dawn jinkludu pikniks, \u0127ar\u0121iet g\u0127at-teatru, attivitajiet sportivi, mu\u017cika, arti, live-ins, bowling, passi\u0121\u0121ati, sessjonijiet informattivi u edukattivi e\u010b\u010b.<\/p>\n<p>&nbsp;<\/p>\n<p>Il-persuni b\u2019di\u017cabilit\u00e0 li jibbenefikaw mis-servizz ta\u2019 Sharing Lives ikunu akkumpanjati mill-professjonist(i) u\/jew il-voluntiera ta\u2019 Sharing Lives. Il-voluntiera jing\u0127ataw ta\u0127ri\u0121 mill-professjonisti ta\u2019 Sharing Lives.<\/p>\n<p>&nbsp;<\/p>\n<p>&nbsp;<\/p>\n<p><strong>Jonathan Calleja, Membru<\/strong><\/p>\n<p><em>\u201cSharing Lives hi xi \u0127a\u0121a sabi\u0127a, g\u0127ax permezz tag\u0127ha niltaqg\u0127u u ng\u0127inu lil xulxin. Minbarra l-grupp ta\u017c-\u017cg\u0127a\u017cag\u0127, g\u0127amilna clean-up, bnejna presepju flimkien u g\u0127amilna volontarjat ma\u017c-\u017cwiemel. In\u0127ossni verament tajjeb waqt dawn l-attivitajiet u nie\u0127u pja\u010bir. \u0126adt gost anke meta kantajna waqt attivit\u00e0 fejn tajna l-presepju li g\u0127amilna flimkien lill-qassisin. Vera kont \u0127adt gost. Dawn l-esperjenzi jag\u0127tuk sodisfazzjon g\u0127aliex tkun qed tg\u0127in lin-nies. Nie\u0127u gost ukoll g\u0127aliex niltaqg\u0127u mal-\u0127bieb. Hi xi \u0127a\u0121a spe\u010bjali \u0127afna li kull \u0121img\u0127a jkollna xi \u0127a\u0121a differenti x\u2019nag\u0127mlu. Tg\u0127allimt \u0127afna affarijiet. Tg\u0127allimt dwar il-fotografija, dwar l-importanza tar-ri\u010bikla\u0121\u0121 u kif g\u0127andna nie\u0127du \u0127sieb l-ambjent.\u201d<\/em><\/p>\n<p>&nbsp;<\/p>\n<p>&nbsp;<\/p>\n<p><iframe title=\"A\u0121enzija Sapport - Sharing Lives\" width=\"500\" height=\"281\" data-src=\"https:\/\/www.youtube.com\/embed\/jYVywmmJRmU?feature=oembed\" frameborder=\"0\" allow=\"accelerometer; autoplay; clipboard-write; encrypted-media; gyroscope; picture-in-picture; web-share\" referrerpolicy=\"strict-origin-when-cross-origin\" allowfullscreen src=\"data:image\/svg+xml;base64,PHN2ZyB3aWR0aD0iMSIgaGVpZ2h0PSIxIiB4bWxucz0iaHR0cDovL3d3dy53My5vcmcvMjAwMC9zdmciPjwvc3ZnPg==\" class=\"lazyload\" data-load-mode=\"1\"><\/iframe><\/p>\n<\/div>\n\n                                            <div id=\"sign-language-icon\">\n                        <img decoding=\"async\" class=\"icon lazyload\" data-src=\"https:\/\/sapport.gov.mt\/wp-content\/themes\/agenzija-sapport\/resources\/assets\/images\/sign-language-icon.png\" alt=\"\" src=\"data:image\/svg+xml;base64,PHN2ZyB3aWR0aD0iMSIgaGVpZ2h0PSIxIiB4bWxucz0iaHR0cDovL3d3dy53My5vcmcvMjAwMC9zdmciPjwvc3ZnPg==\" style=\"--smush-placeholder-width: 1024px; --smush-placeholder-aspect-ratio: 1024\/1024;\">\n                        <div id=\"tab1\" class=\"popup-box-container hidden\" style=\"left:0\">\n                            <div class=\"popup-box\">\n                            <div class=\"vid-link hidden\">https:\/\/www.youtube.com\/embed\/GO-qbv_LJDk?si=0it1pb-1S2OhB1oM<\/div>\n                            <iframe\n                            data-src=\"https:\/\/www.youtube.com\/embed\/GO-qbv_LJDk?si=0it1pb-1S2OhB1oM\" src=\"data:image\/svg+xml;base64,PHN2ZyB3aWR0aD0iMSIgaGVpZ2h0PSIxIiB4bWxucz0iaHR0cDovL3d3dy53My5vcmcvMjAwMC9zdmciPjwvc3ZnPg==\" class=\"lazyload\" data-load-mode=\"1\">\n                            <\/iframe>\n                            <div class=\"close\">\n                                <img decoding=\"async\" data-src=\"https:\/\/sapport.gov.mt\/wp-content\/themes\/agenzija-sapport\/resources\/assets\/images\/popup-close.png\" alt=\"\" src=\"data:image\/svg+xml;base64,PHN2ZyB3aWR0aD0iMSIgaGVpZ2h0PSIxIiB4bWxucz0iaHR0cDovL3d3dy53My5vcmcvMjAwMC9zdmciPjwvc3ZnPg==\" class=\"lazyload\" style=\"--smush-placeholder-width: 48px; --smush-placeholder-aspect-ratio: 48\/48;\">\n                            <\/div>\n                            <\/div>\n                        <\/div>\n                        <\/div>\n                                                \n                <\/div>\n                                <div id=\"tab2\" class=\"tab-content\">\n                    <h2 class=\"h4\">Riferimenti<\/h2>\n                    <div class=\"post-content\"><p>Il-persuni b\u2019di\u017cabilit\u00e0 li jixtiequ jibbenefikaw mis-servizz Sharing Lives irid ikollhom \u2019il fuq minn 18-il sena.<\/p>\n<p>&nbsp;<\/p>\n<p>Persuna b\u2019di\u017cabilit\u00e0 interessata trid tag\u0127mel kuntatt ma’ Sharing Lives. Il-professjonisti ja\u0127dmu mal-individwu u jwettqu assessjar sabiex jidentifikaw l-interessi u t-tip ta\u2019 attivitajiet li jista\u2019 jibbenefika minnhom.<\/p>\n<p>&nbsp;<\/p>\n<p>G\u0127al aktar informazzjoni dwar dan is-servizz, wie\u0127ed jista\u2019 jibg\u0127at email fuq sharinglives.sapport@gov.mt jew i\u010bempel fuq 2256 8000 (Malta) or 2156 9909 (G\u0127awdex).<\/p>\n<p>&nbsp;<\/p>\n<p><a href=\"https:\/\/sapport.gov.mt\/mt\/mistoqsijiet-frekwenti#sharing-lives-persons-with-disability\">Ag\u0127fas fuq din il-\u0127olqa g\u0127all-Mistoqsijiet Frekwenti (FAQs) dwar dan is-servizz<\/a><\/p>\n<\/div>\n\n                                            \n                <\/div>\n                            <\/div>\n                    \n        <\/div>\n\n    <\/div>\n<\/div><\/div>","protected":false},"excerpt":{"rendered":"<p>Sharing Lives joffri opportunitajiet fejn voluntiera flimkien ma\u2019 persuni b\u2019di\u017cabilit\u00e0 jaqsmu esperjenzi, jo\u0127olqu interazzjonijiet so\u010bjali, jag\u0127mlu \u0127bieb ma\u2019 persuni o\u0127ra b\u2019di\u017cabilit\u00e0 u jmexxu u\/jew jipparte\u010bipaw fil-kreazzjoni ta\u2019 pro\u0121etti u attivitajiet.<\/p>\n","protected":false},"author":3,"featured_media":1080,"parent":2105,"menu_order":14,"comment_status":"closed","ping_status":"closed","template":"","meta":{"_acf_changed":false,"inline_featured_image":false,"footnotes":""},"categories":[45],"class_list":["post-2203","page","type-page","status-publish","has-post-thumbnail","hentry","category-services-mt"],"acf":[],"yoast_head":"<!-- This site is optimized with the Yoast SEO plugin v27.3 - https:\/\/yoast.com\/product\/yoast-seo-wordpress\/ -->\n<title>Sharing Lives - Agenzija Sapport<\/title>\n<meta name=\"description\" content=\"Jag\u0127ti l-opportunit\u00e0 lill-persuni b\u2019di\u017cabilit\u00e0 biex jie\u0127du sehem f\u2019avvenimenti u attivitajiet u jeg\u0127lbu l-esklu\u017cjoni so\u010bjali filwaqt li jibnu relazzjonijiet sinifikanti.\" \/>\n<meta name=\"robots\" content=\"index, follow, max-snippet:-1, max-image-preview:large, max-video-preview:-1\" \/>\n<link rel=\"canonical\" href=\"https:\/\/sapport.gov.mt\/mt\/servizzi\/sharing-lives\/\" \/>\n<meta property=\"og:locale\" content=\"mt_MT\" \/>\n<meta property=\"og:type\" content=\"article\" \/>\n<meta property=\"og:title\" content=\"Sharing Lives - Agenzija Sapport\" \/>\n<meta property=\"og:description\" content=\"Jag\u0127ti l-opportunit\u00e0 lill-persuni b\u2019di\u017cabilit\u00e0 biex jie\u0127du sehem f\u2019avvenimenti u attivitajiet u jeg\u0127lbu l-esklu\u017cjoni so\u010bjali filwaqt li jibnu relazzjonijiet sinifikanti.\" \/>\n<meta property=\"og:url\" content=\"https:\/\/sapport.gov.mt\/mt\/servizzi\/sharing-lives\/\" \/>\n<meta property=\"og:site_name\" content=\"Agenzija Sapport\" \/>\n<meta property=\"article:modified_time\" content=\"2025-05-30T14:31:34+00:00\" \/>\n<meta property=\"og:image\" content=\"https:\/\/sapport.gov.mt\/wp-content\/uploads\/2022\/12\/12.-Sharing-Lives.jpg\" \/>\n\t<meta property=\"og:image:width\" content=\"480\" \/>\n\t<meta property=\"og:image:height\" content=\"640\" \/>\n\t<meta property=\"og:image:type\" content=\"image\/jpeg\" \/>\n<meta name=\"twitter:card\" content=\"summary_large_image\" \/>\n<meta name=\"twitter:label1\" content=\"Est. reading time\" \/>\n\t<meta name=\"twitter:data1\" content=\"2 minutes\" \/>\n<script type=\"application\/ld+json\" class=\"yoast-schema-graph\">{\"@context\":\"https:\\\/\\\/schema.org\",\"@graph\":[{\"@type\":\"WebPage\",\"@id\":\"https:\\\/\\\/sapport.gov.mt\\\/mt\\\/servizzi\\\/sharing-lives\\\/\",\"url\":\"https:\\\/\\\/sapport.gov.mt\\\/mt\\\/servizzi\\\/sharing-lives\\\/\",\"name\":\"Sharing Lives - Agenzija Sapport\",\"isPartOf\":{\"@id\":\"https:\\\/\\\/sapport.gov.mt\\\/mt\\\/#website\"},\"primaryImageOfPage\":{\"@id\":\"https:\\\/\\\/sapport.gov.mt\\\/mt\\\/servizzi\\\/sharing-lives\\\/#primaryimage\"},\"image\":{\"@id\":\"https:\\\/\\\/sapport.gov.mt\\\/mt\\\/servizzi\\\/sharing-lives\\\/#primaryimage\"},\"thumbnailUrl\":\"https:\\\/\\\/sapport.gov.mt\\\/wp-content\\\/uploads\\\/2022\\\/12\\\/12.-Sharing-Lives.jpg\",\"datePublished\":\"2023-03-06T15:15:32+00:00\",\"dateModified\":\"2025-05-30T14:31:34+00:00\",\"description\":\"Jag\u0127ti l-opportunit\u00e0 lill-persuni b\u2019di\u017cabilit\u00e0 biex jie\u0127du sehem f\u2019avvenimenti u attivitajiet u jeg\u0127lbu l-esklu\u017cjoni so\u010bjali filwaqt li jibnu relazzjonijiet sinifikanti.\",\"breadcrumb\":{\"@id\":\"https:\\\/\\\/sapport.gov.mt\\\/mt\\\/servizzi\\\/sharing-lives\\\/#breadcrumb\"},\"inLanguage\":\"mt-MT\",\"potentialAction\":[{\"@type\":\"ReadAction\",\"target\":[\"https:\\\/\\\/sapport.gov.mt\\\/mt\\\/servizzi\\\/sharing-lives\\\/\"]}]},{\"@type\":\"ImageObject\",\"inLanguage\":\"mt-MT\",\"@id\":\"https:\\\/\\\/sapport.gov.mt\\\/mt\\\/servizzi\\\/sharing-lives\\\/#primaryimage\",\"url\":\"https:\\\/\\\/sapport.gov.mt\\\/wp-content\\\/uploads\\\/2022\\\/12\\\/12.-Sharing-Lives.jpg\",\"contentUrl\":\"https:\\\/\\\/sapport.gov.mt\\\/wp-content\\\/uploads\\\/2022\\\/12\\\/12.-Sharing-Lives.jpg\",\"width\":480,\"height\":640},{\"@type\":\"BreadcrumbList\",\"@id\":\"https:\\\/\\\/sapport.gov.mt\\\/mt\\\/servizzi\\\/sharing-lives\\\/#breadcrumb\",\"itemListElement\":[{\"@type\":\"ListItem\",\"position\":1,\"name\":\"Pa\u0121na\",\"item\":\"https:\\\/\\\/sapport.gov.mt\\\/mt\\\/\"},{\"@type\":\"ListItem\",\"position\":2,\"name\":\"Servizzi\",\"item\":\"https:\\\/\\\/sapport.gov.mt\\\/mt\\\/servizzi\\\/\"},{\"@type\":\"ListItem\",\"position\":3,\"name\":\"Sharing Lives\"}]},{\"@type\":\"WebSite\",\"@id\":\"https:\\\/\\\/sapport.gov.mt\\\/mt\\\/#website\",\"url\":\"https:\\\/\\\/sapport.gov.mt\\\/mt\\\/\",\"name\":\"Agenzija Sapport\",\"description\":\"Providing Professional And Innovative Services To Enhance The Quality Of Life Of Persons With Disabilities\",\"publisher\":{\"@id\":\"https:\\\/\\\/sapport.gov.mt\\\/mt\\\/#organization\"},\"potentialAction\":[{\"@type\":\"SearchAction\",\"target\":{\"@type\":\"EntryPoint\",\"urlTemplate\":\"https:\\\/\\\/sapport.gov.mt\\\/mt\\\/?s={search_term_string}\"},\"query-input\":{\"@type\":\"PropertyValueSpecification\",\"valueRequired\":true,\"valueName\":\"search_term_string\"}}],\"inLanguage\":\"mt-MT\"},{\"@type\":\"Organization\",\"@id\":\"https:\\\/\\\/sapport.gov.mt\\\/mt\\\/#organization\",\"name\":\"A\u0121enzija Sapport\",\"alternateName\":\"Sapport Agency\",\"url\":\"https:\\\/\\\/sapport.gov.mt\\\/mt\\\/\",\"logo\":{\"@type\":\"ImageObject\",\"inLanguage\":\"mt-MT\",\"@id\":\"https:\\\/\\\/sapport.gov.mt\\\/mt\\\/#\\\/schema\\\/logo\\\/image\\\/\",\"url\":\"https:\\\/\\\/sapport.ppdevplayground.com\\\/wp-content\\\/uploads\\\/2022\\\/11\\\/site-logo.png\",\"contentUrl\":\"https:\\\/\\\/sapport.ppdevplayground.com\\\/wp-content\\\/uploads\\\/2022\\\/11\\\/site-logo.png\",\"width\":320,\"height\":178,\"caption\":\"A\u0121enzija Sapport\"},\"image\":{\"@id\":\"https:\\\/\\\/sapport.gov.mt\\\/mt\\\/#\\\/schema\\\/logo\\\/image\\\/\"}}]}<\/script>\n<!-- \/ Yoast SEO plugin. -->","yoast_head_json":{"title":"Sharing Lives - Agenzija Sapport","description":"Jag\u0127ti l-opportunit\u00e0 lill-persuni b\u2019di\u017cabilit\u00e0 biex jie\u0127du sehem f\u2019avvenimenti u attivitajiet u jeg\u0127lbu l-esklu\u017cjoni so\u010bjali filwaqt li jibnu relazzjonijiet sinifikanti.","robots":{"index":"index","follow":"follow","max-snippet":"max-snippet:-1","max-image-preview":"max-image-preview:large","max-video-preview":"max-video-preview:-1"},"canonical":"https:\/\/sapport.gov.mt\/mt\/servizzi\/sharing-lives\/","og_locale":"mt_MT","og_type":"article","og_title":"Sharing Lives - Agenzija Sapport","og_description":"Jag\u0127ti l-opportunit\u00e0 lill-persuni b\u2019di\u017cabilit\u00e0 biex jie\u0127du sehem f\u2019avvenimenti u attivitajiet u jeg\u0127lbu l-esklu\u017cjoni so\u010bjali filwaqt li jibnu relazzjonijiet sinifikanti.","og_url":"https:\/\/sapport.gov.mt\/mt\/servizzi\/sharing-lives\/","og_site_name":"Agenzija Sapport","article_modified_time":"2025-05-30T14:31:34+00:00","og_image":[{"width":480,"height":640,"url":"https:\/\/sapport.gov.mt\/wp-content\/uploads\/2022\/12\/12.-Sharing-Lives.jpg","type":"image\/jpeg"}],"twitter_card":"summary_large_image","twitter_misc":{"Est. reading time":"2 minutes"},"schema":{"@context":"https:\/\/schema.org","@graph":[{"@type":"WebPage","@id":"https:\/\/sapport.gov.mt\/mt\/servizzi\/sharing-lives\/","url":"https:\/\/sapport.gov.mt\/mt\/servizzi\/sharing-lives\/","name":"Sharing Lives - Agenzija Sapport","isPartOf":{"@id":"https:\/\/sapport.gov.mt\/mt\/#website"},"primaryImageOfPage":{"@id":"https:\/\/sapport.gov.mt\/mt\/servizzi\/sharing-lives\/#primaryimage"},"image":{"@id":"https:\/\/sapport.gov.mt\/mt\/servizzi\/sharing-lives\/#primaryimage"},"thumbnailUrl":"https:\/\/sapport.gov.mt\/wp-content\/uploads\/2022\/12\/12.-Sharing-Lives.jpg","datePublished":"2023-03-06T15:15:32+00:00","dateModified":"2025-05-30T14:31:34+00:00","description":"Jag\u0127ti l-opportunit\u00e0 lill-persuni b\u2019di\u017cabilit\u00e0 biex jie\u0127du sehem f\u2019avvenimenti u attivitajiet u jeg\u0127lbu l-esklu\u017cjoni so\u010bjali filwaqt li jibnu relazzjonijiet sinifikanti.","breadcrumb":{"@id":"https:\/\/sapport.gov.mt\/mt\/servizzi\/sharing-lives\/#breadcrumb"},"inLanguage":"mt-MT","potentialAction":[{"@type":"ReadAction","target":["https:\/\/sapport.gov.mt\/mt\/servizzi\/sharing-lives\/"]}]},{"@type":"ImageObject","inLanguage":"mt-MT","@id":"https:\/\/sapport.gov.mt\/mt\/servizzi\/sharing-lives\/#primaryimage","url":"https:\/\/sapport.gov.mt\/wp-content\/uploads\/2022\/12\/12.-Sharing-Lives.jpg","contentUrl":"https:\/\/sapport.gov.mt\/wp-content\/uploads\/2022\/12\/12.-Sharing-Lives.jpg","width":480,"height":640},{"@type":"BreadcrumbList","@id":"https:\/\/sapport.gov.mt\/mt\/servizzi\/sharing-lives\/#breadcrumb","itemListElement":[{"@type":"ListItem","position":1,"name":"Pa\u0121na","item":"https:\/\/sapport.gov.mt\/mt\/"},{"@type":"ListItem","position":2,"name":"Servizzi","item":"https:\/\/sapport.gov.mt\/mt\/servizzi\/"},{"@type":"ListItem","position":3,"name":"Sharing Lives"}]},{"@type":"WebSite","@id":"https:\/\/sapport.gov.mt\/mt\/#website","url":"https:\/\/sapport.gov.mt\/mt\/","name":"Agenzija Sapport","description":"Providing Professional And Innovative Services To Enhance The Quality Of Life Of Persons With Disabilities","publisher":{"@id":"https:\/\/sapport.gov.mt\/mt\/#organization"},"potentialAction":[{"@type":"SearchAction","target":{"@type":"EntryPoint","urlTemplate":"https:\/\/sapport.gov.mt\/mt\/?s={search_term_string}"},"query-input":{"@type":"PropertyValueSpecification","valueRequired":true,"valueName":"search_term_string"}}],"inLanguage":"mt-MT"},{"@type":"Organization","@id":"https:\/\/sapport.gov.mt\/mt\/#organization","name":"A\u0121enzija Sapport","alternateName":"Sapport Agency","url":"https:\/\/sapport.gov.mt\/mt\/","logo":{"@type":"ImageObject","inLanguage":"mt-MT","@id":"https:\/\/sapport.gov.mt\/mt\/#\/schema\/logo\/image\/","url":"https:\/\/sapport.ppdevplayground.com\/wp-content\/uploads\/2022\/11\/site-logo.png","contentUrl":"https:\/\/sapport.ppdevplayground.com\/wp-content\/uploads\/2022\/11\/site-logo.png","width":320,"height":178,"caption":"A\u0121enzija Sapport"},"image":{"@id":"https:\/\/sapport.gov.mt\/mt\/#\/schema\/logo\/image\/"}}]}},"_links":{"self":[{"href":"https:\/\/sapport.gov.mt\/mt\/wp-json\/wp\/v2\/pages\/2203","targetHints":{"allow":["GET"]}}],"collection":[{"href":"https:\/\/sapport.gov.mt\/mt\/wp-json\/wp\/v2\/pages"}],"about":[{"href":"https:\/\/sapport.gov.mt\/mt\/wp-json\/wp\/v2\/types\/page"}],"author":[{"embeddable":true,"href":"https:\/\/sapport.gov.mt\/mt\/wp-json\/wp\/v2\/users\/3"}],"replies":[{"embeddable":true,"href":"https:\/\/sapport.gov.mt\/mt\/wp-json\/wp\/v2\/comments?post=2203"}],"version-history":[{"count":1,"href":"https:\/\/sapport.gov.mt\/mt\/wp-json\/wp\/v2\/pages\/2203\/revisions"}],"predecessor-version":[{"id":11307,"href":"https:\/\/sapport.gov.mt\/mt\/wp-json\/wp\/v2\/pages\/2203\/revisions\/11307"}],"up":[{"embeddable":true,"href":"https:\/\/sapport.gov.mt\/mt\/wp-json\/wp\/v2\/pages\/2105"}],"wp:featuredmedia":[{"embeddable":true,"href":"https:\/\/sapport.gov.mt\/mt\/wp-json\/wp\/v2\/media\/1080"}],"wp:attachment":[{"href":"https:\/\/sapport.gov.mt\/mt\/wp-json\/wp\/v2\/media?parent=2203"}],"wp:term":[{"taxonomy":"category","embeddable":true,"href":"https:\/\/sapport.gov.mt\/mt\/wp-json\/wp\/v2\/categories?post=2203"}],"curies":[{"name":"wp","href":"https:\/\/api.w.org\/{rel}","templated":true}]}}