{"id":2617,"date":"2023-03-16T16:12:18","date_gmt":"2023-03-16T15:12:18","guid":{"rendered":"https:\/\/sapport.ppdevplayground.com\/?page_id=2617"},"modified":"2025-05-30T14:55:05","modified_gmt":"2025-05-30T12:55:05","slug":"servizzi-ta-hidma-socjali","status":"publish","type":"page","link":"https:\/\/sapport.gov.mt\/mt\/servizzi\/servizzi-ta-hidma-socjali\/","title":{"rendered":"Servizzi ta’ \u0126idma So\u010bjali"},"content":{"rendered":"<div class=\"tabs-text align\">\n    <div id=\"tabs-text-block_956f36b3011d3ae5b568308326d3e2b1\" class=\"block-tabs-text\">\n\n    <div class=\"blend-mode luminosity\">\n                <div class=\"img inline-bg-image lazyload\" role=\"img\" aria-label=\"Occupational Therapy session\" style=\"background-image:inherit;\" data-bg-image=\"url(https:\/\/sapport.gov.mt\/wp-content\/uploads\/2023\/07\/for-website.jpg)\"><\/div>\n    <\/div>\n\n    <div class=\"inner np flex-columns stretch\">\n        <div class=\"col-35 left-side\">\n\n            \n            <p class=\"breadcrumbs\"><span><span><a href=\"https:\/\/sapport.gov.mt\/mt\/\">Pa\u0121na<\/a><\/span><\/span><\/p>\n            <h1 class=\"h1 white\">Servizzi ta’ \u0126idma So\u010bjali<\/h1>\n\n            \n                        <ul id=\"tabs-nav\" class=\"tabs-nav\">\n                \n                    <li class=\"tab-title\">\n                        <a id=\"arsa-enerali\" href=\"#tabs-content\" data-tab=\"#tab1\" class=\"tab-nav\">\u0126arsa \u0120enerali<\/a>\n                    <\/li>\n            \n                            <\/ul>\n                    <\/div>\n\n        <div class=\"col-65 right-side\">\n            \n                        <div id=\"tabs-content\" class=\"tabs-content\">\n                                <div id=\"tab1\" class=\"tab-content\">\n                    <h2 class=\"h4\">\u0126arsa \u0120enerali<\/h2>\n                    <div class=\"post-content\"><p>Fit-tim tal-\u0126idma So\u010bjali, il-\u0126addiema So\u010bjali ja\u0127dmu mal-persuni b\u2019di\u017cabilit\u00e0 u mal-familji\/gwardjani tag\u0127hom, biex joffru sapport fir-rigward tat-t\u0127assib tag\u0127hom b\u2019mod s\u0127i\u0127 u effettiv. It-tim g\u0127andu l-g\u0127an li jil\u0127aq l-objettivi mixtieqa tal-klijent u tal-familja\/carer tieg\u0127u\/tag\u0127ha permezz ta’ assessjar, interventi fuq perjodu qasir u\/jew twil skont il-\u0127tie\u0121a, filwaqt li ja\u0127dem b\u2019appro\u010b\u010b multidixxiplinari ma\u2019 professjonisti o\u0127ra \u0121ewwa u lil hinn l-A\u0121enzija.<\/p>\n<p>&nbsp;<\/p>\n<p>It-tim g\u0127andu l-g\u0127an li jippromwovi r-rikonoxximent, l-integrazzjoni u l-inklu\u017cjoni so\u010bjali tal-persuna b\u2019di\u017cabilit\u00e0 b\u0127ala membru s\u0127i\u0127 tas-so\u010bjet\u00e0 u tal-komunitajiet li tag\u0127mel parti minnhom. F\u2019konformit\u00e0 mal-appro\u010b\u010b \u0127olistiku u ffukat tal-A\u0121enzija fuq il-persuna, it-tim tal-\u0126idma So\u010bjali joffri servizzi ta\u2019 sapport personalizzati li jg\u0127inu u jsa\u0127\u0127u l-po\u017cizzjoni ta\u2019 persuni b\u2019di\u017cabilit\u00e0 biex jirrikonoxxu l-\u0127iliet tag\u0127hom, iwettqu l-vi\u017cjoni tag\u0127hom u jtejbu l-kwalit\u00e0 tal-\u0127ajja tag\u0127hom. It-tim jag\u0127mel \u0127iltu biex jippromwovi u jirrispetta l-inklu\u017cjoni fil-komunit\u00e0, peress li dan joffri komunit\u00e0 varja. Dan ji\u017cgura wkoll li kul\u0127add ikollu l-istess opportunitajiet biex jipparte\u010bipa f\u2019kull aspett tal-\u0127ajja bl-a\u0127jar kapa\u010bitajiet u xewqiet tag\u0127hom.<\/p>\n<p>&nbsp;<\/p>\n<p><strong>\u00a0<\/strong><\/p>\n<p>It-tim tal-\u0126idma So\u010bjali g\u0127andu diversi rwoli biex jassisti lill-klijenti. Dawn jinkludu, i\u017cda mhumiex limitati, g\u0127al dan li \u0121ej:<\/p>\n<p><strong>\u00a0<\/strong><\/p>\n<ul>\n<li><strong>Koordinazzjoni<\/strong>: Jissapportja lill-persuni b\u2019di\u017cabilit\u00e0 u lill-familji tag\u0127hom fil-pro\u010bessi tat-te\u0127id tad-de\u010bi\u017cjonijiet li jaffettwawhom, u jikkoordina l-g\u0127oti tas-servizz b’mod formali u informali.<\/li>\n<li><em><strong>Advocacy<\/strong>:<\/em> Jipprovdi servizzi ta\u2019 advocacy flimkien ma\u2019, jew f\u2019isem, persuna b\u2019di\u017cabilit\u00e0 li d-drittijiet tag\u0127ha g\u0127al servizzi jew opportunitajiet jistg\u0127u potenzjalment jew fir-realt\u00e0 ji\u0121u kompromessi. Dan is-servizz jinkludi li dawn il-persuni ji\u0121u assistiti biex jipparte\u010bipaw f\u2019kull aspett tal-\u0127ajja fil-komunit\u00e0 (edukazzjoni, xog\u0127ol, rikreazzjoni, dar, \u0127ajja so\u010bjali u aktar).<\/li>\n<li><strong>Evalwazzjoni u Assessjar<\/strong>: Jipprovdi evalwazzjoni u assessjar fl-oqsma tal-involviment fil-komunit\u00e0, tal-inklu\u017cjoni so\u010bjali, tal-benesseri emozzjonali, tal-edukazzjoni u tax-xog\u0127ol, tal-mobilit\u00e0 u tal-a\u010b\u010bessibilit\u00e0, tad-diffikultajiet fil-komunikazzjoni, tad-diffikultajiet fit-tag\u0127lim u ta\u2019 interventi terapewti\u010bi o\u0127ra.<\/li>\n<li><strong>Interventi<\/strong>: Jippjana u jipprovdi interventi ibba\u017cati fuq il-\u0127ti\u0121ijiet personali tal-persuna b\u2019di\u017cabilit\u00e0 riferuta.<\/li>\n<li><strong>Revi\u017cjoni<\/strong>: Iwettaq u\/jew jipparte\u010bipa f\u2019revi\u017cjonijiet regolari biex ji\u017cgura l-g\u0127oti effettiv tas-servizz f\u2019relazzjoni mal-klijenti tal-A\u0121enzija.<\/li>\n<\/ul>\n<p>&nbsp;<\/p>\n<p>Minbarra l-interventi u l-assessjar fil-komunit\u00e0, it-tim tal-\u0126idma So\u010bjali ta\u2019 A\u0121enzija Sapport jikkumplimenta s-servizzi l-o\u0127ra mog\u0127tija mill-A\u0121enzija permezz tas-servizzi professjonali me\u0127tie\u0121a.<\/p>\n<p>&nbsp;<\/p>\n<p><a href=\"https:\/\/sapport.gov.mt\/mt\/mistoqsijiet-frekwenti#social-work-services\">Ag\u0127fas fuq din il-\u0127olqa g\u0127all-Mistoqsijiet Frekwenti (FAQs) dwar dan is-servizz\u00a0<\/a><\/p>\n<p>&nbsp;<\/p>\n<p>&nbsp;<\/p>\n<p><iframe title=\"A\u0121enzija Sapport - Social Work\" width=\"500\" height=\"281\" data-src=\"https:\/\/www.youtube.com\/embed\/bxSviz9Y-TY?start=1&#038;feature=oembed\" frameborder=\"0\" allow=\"accelerometer; autoplay; clipboard-write; encrypted-media; gyroscope; picture-in-picture; web-share\" referrerpolicy=\"strict-origin-when-cross-origin\" allowfullscreen src=\"data:image\/svg+xml;base64,PHN2ZyB3aWR0aD0iMSIgaGVpZ2h0PSIxIiB4bWxucz0iaHR0cDovL3d3dy53My5vcmcvMjAwMC9zdmciPjwvc3ZnPg==\" class=\"lazyload\" data-load-mode=\"1\"><\/iframe><\/p>\n<p>&nbsp;<\/p>\n<\/div>\n\n                                            <div id=\"sign-language-icon\">\n                        <img decoding=\"async\" class=\"icon lazyload\" data-src=\"https:\/\/sapport.gov.mt\/wp-content\/themes\/agenzija-sapport\/resources\/assets\/images\/sign-language-icon.png\" alt=\"\" src=\"data:image\/svg+xml;base64,PHN2ZyB3aWR0aD0iMSIgaGVpZ2h0PSIxIiB4bWxucz0iaHR0cDovL3d3dy53My5vcmcvMjAwMC9zdmciPjwvc3ZnPg==\" style=\"--smush-placeholder-width: 1024px; --smush-placeholder-aspect-ratio: 1024\/1024;\">\n                        <div id=\"tab1\" class=\"popup-box-container hidden\" style=\"left:0\">\n                            <div class=\"popup-box\">\n                            <div class=\"vid-link hidden\">https:\/\/www.youtube.com\/embed\/9pZTZbYRzMA?si=VpA1S9YMz4Gh0zSz<\/div>\n                            <iframe\n                            data-src=\"https:\/\/www.youtube.com\/embed\/9pZTZbYRzMA?si=VpA1S9YMz4Gh0zSz\" src=\"data:image\/svg+xml;base64,PHN2ZyB3aWR0aD0iMSIgaGVpZ2h0PSIxIiB4bWxucz0iaHR0cDovL3d3dy53My5vcmcvMjAwMC9zdmciPjwvc3ZnPg==\" class=\"lazyload\" data-load-mode=\"1\">\n                            <\/iframe>\n                            <div class=\"close\">\n                                <img decoding=\"async\" data-src=\"https:\/\/sapport.gov.mt\/wp-content\/themes\/agenzija-sapport\/resources\/assets\/images\/popup-close.png\" alt=\"\" src=\"data:image\/svg+xml;base64,PHN2ZyB3aWR0aD0iMSIgaGVpZ2h0PSIxIiB4bWxucz0iaHR0cDovL3d3dy53My5vcmcvMjAwMC9zdmciPjwvc3ZnPg==\" class=\"lazyload\" style=\"--smush-placeholder-width: 48px; --smush-placeholder-aspect-ratio: 48\/48;\">\n                            <\/div>\n                            <\/div>\n                        <\/div>\n                        <\/div>\n                                                \n                <\/div>\n                            <\/div>\n                    \n        <\/div>\n\n    <\/div>\n<\/div><\/div>","protected":false},"excerpt":{"rendered":"<p>Fit-tim tal-\u0126idma So\u010bjali, il-\u0126addiema So\u010bjali ja\u0127dmu mal-persuni b\u2019di\u017cabilit\u00e0 u mal-familji\/gwardjani tag\u0127hom, biex joffru sapport fir-rigward tat-t\u0127assib tag\u0127hom b\u2019mod s\u0127i\u0127 u effettiv.<\/p>\n","protected":false},"author":3,"featured_media":5098,"parent":2105,"menu_order":4,"comment_status":"closed","ping_status":"closed","template":"","meta":{"_acf_changed":false,"inline_featured_image":false,"footnotes":""},"categories":[45],"class_list":["post-2617","page","type-page","status-publish","has-post-thumbnail","hentry","category-services-mt"],"acf":[],"yoast_head":"<!-- This site is optimized with the Yoast SEO plugin v27.4 - https:\/\/yoast.com\/product\/yoast-seo-wordpress\/ -->\n<title>Servizzi ta&#039; \u0126idma So\u010bjali - Agenzija Sapport<\/title>\n<meta name=\"description\" content=\"It-tim g\u0127andu l-g\u0127an li jippromwovi r-rikonoxximent, l-integrazzjoni u l-inklu\u017cjoni so\u010bjali tal-persuna b\u2019di\u017cabilit\u00e0 b\u0127ala membru s\u0127i\u0127 tas-so\u010bjet\u00e0 u tal-komunitajiet li tag\u0127mel parti minnhom.\" \/>\n<meta name=\"robots\" content=\"index, follow, max-snippet:-1, max-image-preview:large, max-video-preview:-1\" \/>\n<link rel=\"canonical\" href=\"https:\/\/sapport.gov.mt\/mt\/servizzi\/servizzi-ta-hidma-socjali\/\" \/>\n<meta property=\"og:locale\" content=\"mt_MT\" \/>\n<meta property=\"og:type\" content=\"article\" \/>\n<meta property=\"og:title\" content=\"Servizzi ta&#039; \u0126idma So\u010bjali - Agenzija Sapport\" \/>\n<meta property=\"og:description\" content=\"It-tim g\u0127andu l-g\u0127an li jippromwovi r-rikonoxximent, l-integrazzjoni u l-inklu\u017cjoni so\u010bjali tal-persuna b\u2019di\u017cabilit\u00e0 b\u0127ala membru s\u0127i\u0127 tas-so\u010bjet\u00e0 u tal-komunitajiet li tag\u0127mel parti minnhom.\" \/>\n<meta property=\"og:url\" content=\"https:\/\/sapport.gov.mt\/mt\/servizzi\/servizzi-ta-hidma-socjali\/\" \/>\n<meta property=\"og:site_name\" content=\"Agenzija Sapport\" \/>\n<meta property=\"article:modified_time\" content=\"2025-05-30T12:55:05+00:00\" \/>\n<meta property=\"og:image\" content=\"https:\/\/sapport.gov.mt\/wp-content\/uploads\/2023\/07\/for-website.jpg\" \/>\n\t<meta property=\"og:image:width\" content=\"768\" \/>\n\t<meta property=\"og:image:height\" content=\"1024\" \/>\n\t<meta property=\"og:image:type\" content=\"image\/jpeg\" \/>\n<meta name=\"twitter:card\" content=\"summary_large_image\" \/>\n<meta name=\"twitter:label1\" content=\"Est. reading time\" \/>\n\t<meta name=\"twitter:data1\" content=\"2 minutes\" \/>\n<script type=\"application\/ld+json\" class=\"yoast-schema-graph\">{\"@context\":\"https:\\\/\\\/schema.org\",\"@graph\":[{\"@type\":\"WebPage\",\"@id\":\"https:\\\/\\\/sapport.gov.mt\\\/mt\\\/servizzi\\\/servizzi-ta-hidma-socjali\\\/\",\"url\":\"https:\\\/\\\/sapport.gov.mt\\\/mt\\\/servizzi\\\/servizzi-ta-hidma-socjali\\\/\",\"name\":\"Servizzi ta' \u0126idma So\u010bjali - Agenzija Sapport\",\"isPartOf\":{\"@id\":\"https:\\\/\\\/sapport.gov.mt\\\/mt\\\/#website\"},\"primaryImageOfPage\":{\"@id\":\"https:\\\/\\\/sapport.gov.mt\\\/mt\\\/servizzi\\\/servizzi-ta-hidma-socjali\\\/#primaryimage\"},\"image\":{\"@id\":\"https:\\\/\\\/sapport.gov.mt\\\/mt\\\/servizzi\\\/servizzi-ta-hidma-socjali\\\/#primaryimage\"},\"thumbnailUrl\":\"https:\\\/\\\/sapport.gov.mt\\\/wp-content\\\/uploads\\\/2023\\\/07\\\/for-website.jpg\",\"datePublished\":\"2023-03-16T15:12:18+00:00\",\"dateModified\":\"2025-05-30T12:55:05+00:00\",\"description\":\"It-tim g\u0127andu l-g\u0127an li jippromwovi r-rikonoxximent, l-integrazzjoni u l-inklu\u017cjoni so\u010bjali tal-persuna b\u2019di\u017cabilit\u00e0 b\u0127ala membru s\u0127i\u0127 tas-so\u010bjet\u00e0 u tal-komunitajiet li tag\u0127mel parti minnhom.\",\"breadcrumb\":{\"@id\":\"https:\\\/\\\/sapport.gov.mt\\\/mt\\\/servizzi\\\/servizzi-ta-hidma-socjali\\\/#breadcrumb\"},\"inLanguage\":\"mt-MT\",\"potentialAction\":[{\"@type\":\"ReadAction\",\"target\":[\"https:\\\/\\\/sapport.gov.mt\\\/mt\\\/servizzi\\\/servizzi-ta-hidma-socjali\\\/\"]}]},{\"@type\":\"ImageObject\",\"inLanguage\":\"mt-MT\",\"@id\":\"https:\\\/\\\/sapport.gov.mt\\\/mt\\\/servizzi\\\/servizzi-ta-hidma-socjali\\\/#primaryimage\",\"url\":\"https:\\\/\\\/sapport.gov.mt\\\/wp-content\\\/uploads\\\/2023\\\/07\\\/for-website.jpg\",\"contentUrl\":\"https:\\\/\\\/sapport.gov.mt\\\/wp-content\\\/uploads\\\/2023\\\/07\\\/for-website.jpg\",\"width\":768,\"height\":1024,\"caption\":\"Occupational Therapy session\"},{\"@type\":\"BreadcrumbList\",\"@id\":\"https:\\\/\\\/sapport.gov.mt\\\/mt\\\/servizzi\\\/servizzi-ta-hidma-socjali\\\/#breadcrumb\",\"itemListElement\":[{\"@type\":\"ListItem\",\"position\":1,\"name\":\"Pa\u0121na\",\"item\":\"https:\\\/\\\/sapport.gov.mt\\\/mt\\\/\"},{\"@type\":\"ListItem\",\"position\":2,\"name\":\"Servizzi\",\"item\":\"https:\\\/\\\/sapport.gov.mt\\\/mt\\\/servizzi\\\/\"},{\"@type\":\"ListItem\",\"position\":3,\"name\":\"Servizzi ta’ \u0126idma So\u010bjali\"}]},{\"@type\":\"WebSite\",\"@id\":\"https:\\\/\\\/sapport.gov.mt\\\/mt\\\/#website\",\"url\":\"https:\\\/\\\/sapport.gov.mt\\\/mt\\\/\",\"name\":\"Agenzija Sapport\",\"description\":\"Providing Professional And Innovative Services To Enhance The Quality Of Life Of Persons With Disabilities\",\"publisher\":{\"@id\":\"https:\\\/\\\/sapport.gov.mt\\\/mt\\\/#organization\"},\"potentialAction\":[{\"@type\":\"SearchAction\",\"target\":{\"@type\":\"EntryPoint\",\"urlTemplate\":\"https:\\\/\\\/sapport.gov.mt\\\/mt\\\/?s={search_term_string}\"},\"query-input\":{\"@type\":\"PropertyValueSpecification\",\"valueRequired\":true,\"valueName\":\"search_term_string\"}}],\"inLanguage\":\"mt-MT\"},{\"@type\":\"Organization\",\"@id\":\"https:\\\/\\\/sapport.gov.mt\\\/mt\\\/#organization\",\"name\":\"A\u0121enzija Sapport\",\"alternateName\":\"Sapport Agency\",\"url\":\"https:\\\/\\\/sapport.gov.mt\\\/mt\\\/\",\"logo\":{\"@type\":\"ImageObject\",\"inLanguage\":\"mt-MT\",\"@id\":\"https:\\\/\\\/sapport.gov.mt\\\/mt\\\/#\\\/schema\\\/logo\\\/image\\\/\",\"url\":\"https:\\\/\\\/sapport.ppdevplayground.com\\\/wp-content\\\/uploads\\\/2022\\\/11\\\/site-logo.png\",\"contentUrl\":\"https:\\\/\\\/sapport.ppdevplayground.com\\\/wp-content\\\/uploads\\\/2022\\\/11\\\/site-logo.png\",\"width\":320,\"height\":178,\"caption\":\"A\u0121enzija Sapport\"},\"image\":{\"@id\":\"https:\\\/\\\/sapport.gov.mt\\\/mt\\\/#\\\/schema\\\/logo\\\/image\\\/\"}}]}<\/script>\n<!-- \/ Yoast SEO plugin. -->","yoast_head_json":{"title":"Servizzi ta' \u0126idma So\u010bjali - Agenzija Sapport","description":"It-tim g\u0127andu l-g\u0127an li jippromwovi r-rikonoxximent, l-integrazzjoni u l-inklu\u017cjoni so\u010bjali tal-persuna b\u2019di\u017cabilit\u00e0 b\u0127ala membru s\u0127i\u0127 tas-so\u010bjet\u00e0 u tal-komunitajiet li tag\u0127mel parti minnhom.","robots":{"index":"index","follow":"follow","max-snippet":"max-snippet:-1","max-image-preview":"max-image-preview:large","max-video-preview":"max-video-preview:-1"},"canonical":"https:\/\/sapport.gov.mt\/mt\/servizzi\/servizzi-ta-hidma-socjali\/","og_locale":"mt_MT","og_type":"article","og_title":"Servizzi ta' \u0126idma So\u010bjali - Agenzija Sapport","og_description":"It-tim g\u0127andu l-g\u0127an li jippromwovi r-rikonoxximent, l-integrazzjoni u l-inklu\u017cjoni so\u010bjali tal-persuna b\u2019di\u017cabilit\u00e0 b\u0127ala membru s\u0127i\u0127 tas-so\u010bjet\u00e0 u tal-komunitajiet li tag\u0127mel parti minnhom.","og_url":"https:\/\/sapport.gov.mt\/mt\/servizzi\/servizzi-ta-hidma-socjali\/","og_site_name":"Agenzija Sapport","article_modified_time":"2025-05-30T12:55:05+00:00","og_image":[{"width":768,"height":1024,"url":"https:\/\/sapport.gov.mt\/wp-content\/uploads\/2023\/07\/for-website.jpg","type":"image\/jpeg"}],"twitter_card":"summary_large_image","twitter_misc":{"Est. reading time":"2 minutes"},"schema":{"@context":"https:\/\/schema.org","@graph":[{"@type":"WebPage","@id":"https:\/\/sapport.gov.mt\/mt\/servizzi\/servizzi-ta-hidma-socjali\/","url":"https:\/\/sapport.gov.mt\/mt\/servizzi\/servizzi-ta-hidma-socjali\/","name":"Servizzi ta' \u0126idma So\u010bjali - Agenzija Sapport","isPartOf":{"@id":"https:\/\/sapport.gov.mt\/mt\/#website"},"primaryImageOfPage":{"@id":"https:\/\/sapport.gov.mt\/mt\/servizzi\/servizzi-ta-hidma-socjali\/#primaryimage"},"image":{"@id":"https:\/\/sapport.gov.mt\/mt\/servizzi\/servizzi-ta-hidma-socjali\/#primaryimage"},"thumbnailUrl":"https:\/\/sapport.gov.mt\/wp-content\/uploads\/2023\/07\/for-website.jpg","datePublished":"2023-03-16T15:12:18+00:00","dateModified":"2025-05-30T12:55:05+00:00","description":"It-tim g\u0127andu l-g\u0127an li jippromwovi r-rikonoxximent, l-integrazzjoni u l-inklu\u017cjoni so\u010bjali tal-persuna b\u2019di\u017cabilit\u00e0 b\u0127ala membru s\u0127i\u0127 tas-so\u010bjet\u00e0 u tal-komunitajiet li tag\u0127mel parti minnhom.","breadcrumb":{"@id":"https:\/\/sapport.gov.mt\/mt\/servizzi\/servizzi-ta-hidma-socjali\/#breadcrumb"},"inLanguage":"mt-MT","potentialAction":[{"@type":"ReadAction","target":["https:\/\/sapport.gov.mt\/mt\/servizzi\/servizzi-ta-hidma-socjali\/"]}]},{"@type":"ImageObject","inLanguage":"mt-MT","@id":"https:\/\/sapport.gov.mt\/mt\/servizzi\/servizzi-ta-hidma-socjali\/#primaryimage","url":"https:\/\/sapport.gov.mt\/wp-content\/uploads\/2023\/07\/for-website.jpg","contentUrl":"https:\/\/sapport.gov.mt\/wp-content\/uploads\/2023\/07\/for-website.jpg","width":768,"height":1024,"caption":"Occupational Therapy session"},{"@type":"BreadcrumbList","@id":"https:\/\/sapport.gov.mt\/mt\/servizzi\/servizzi-ta-hidma-socjali\/#breadcrumb","itemListElement":[{"@type":"ListItem","position":1,"name":"Pa\u0121na","item":"https:\/\/sapport.gov.mt\/mt\/"},{"@type":"ListItem","position":2,"name":"Servizzi","item":"https:\/\/sapport.gov.mt\/mt\/servizzi\/"},{"@type":"ListItem","position":3,"name":"Servizzi ta’ \u0126idma So\u010bjali"}]},{"@type":"WebSite","@id":"https:\/\/sapport.gov.mt\/mt\/#website","url":"https:\/\/sapport.gov.mt\/mt\/","name":"Agenzija Sapport","description":"Providing Professional And Innovative Services To Enhance The Quality Of Life Of Persons With Disabilities","publisher":{"@id":"https:\/\/sapport.gov.mt\/mt\/#organization"},"potentialAction":[{"@type":"SearchAction","target":{"@type":"EntryPoint","urlTemplate":"https:\/\/sapport.gov.mt\/mt\/?s={search_term_string}"},"query-input":{"@type":"PropertyValueSpecification","valueRequired":true,"valueName":"search_term_string"}}],"inLanguage":"mt-MT"},{"@type":"Organization","@id":"https:\/\/sapport.gov.mt\/mt\/#organization","name":"A\u0121enzija Sapport","alternateName":"Sapport Agency","url":"https:\/\/sapport.gov.mt\/mt\/","logo":{"@type":"ImageObject","inLanguage":"mt-MT","@id":"https:\/\/sapport.gov.mt\/mt\/#\/schema\/logo\/image\/","url":"https:\/\/sapport.ppdevplayground.com\/wp-content\/uploads\/2022\/11\/site-logo.png","contentUrl":"https:\/\/sapport.ppdevplayground.com\/wp-content\/uploads\/2022\/11\/site-logo.png","width":320,"height":178,"caption":"A\u0121enzija Sapport"},"image":{"@id":"https:\/\/sapport.gov.mt\/mt\/#\/schema\/logo\/image\/"}}]}},"_links":{"self":[{"href":"https:\/\/sapport.gov.mt\/mt\/wp-json\/wp\/v2\/pages\/2617","targetHints":{"allow":["GET"]}}],"collection":[{"href":"https:\/\/sapport.gov.mt\/mt\/wp-json\/wp\/v2\/pages"}],"about":[{"href":"https:\/\/sapport.gov.mt\/mt\/wp-json\/wp\/v2\/types\/page"}],"author":[{"embeddable":true,"href":"https:\/\/sapport.gov.mt\/mt\/wp-json\/wp\/v2\/users\/3"}],"replies":[{"embeddable":true,"href":"https:\/\/sapport.gov.mt\/mt\/wp-json\/wp\/v2\/comments?post=2617"}],"version-history":[{"count":1,"href":"https:\/\/sapport.gov.mt\/mt\/wp-json\/wp\/v2\/pages\/2617\/revisions"}],"predecessor-version":[{"id":11288,"href":"https:\/\/sapport.gov.mt\/mt\/wp-json\/wp\/v2\/pages\/2617\/revisions\/11288"}],"up":[{"embeddable":true,"href":"https:\/\/sapport.gov.mt\/mt\/wp-json\/wp\/v2\/pages\/2105"}],"wp:featuredmedia":[{"embeddable":true,"href":"https:\/\/sapport.gov.mt\/mt\/wp-json\/wp\/v2\/media\/5098"}],"wp:attachment":[{"href":"https:\/\/sapport.gov.mt\/mt\/wp-json\/wp\/v2\/media?parent=2617"}],"wp:term":[{"taxonomy":"category","embeddable":true,"href":"https:\/\/sapport.gov.mt\/mt\/wp-json\/wp\/v2\/categories?post=2617"}],"curies":[{"name":"wp","href":"https:\/\/api.w.org\/{rel}","templated":true}]}}