{"id":2703,"date":"2023-03-17T17:11:26","date_gmt":"2023-03-17T16:11:26","guid":{"rendered":"https:\/\/sapport.ppdevplayground.com\/?page_id=2703"},"modified":"2025-05-22T16:02:43","modified_gmt":"2025-05-22T14:02:43","slug":"il-liberta-tal-informazzjoni","status":"publish","type":"page","link":"https:\/\/sapport.gov.mt\/mt\/il-liberta-tal-informazzjoni\/","title":{"rendered":"Il-Libert\u00e0 tal-Informazzjoni"},"content":{"rendered":"<div class=\"banner align\">\n    <div id=\"banner-block_d3fe5d26e3f4cf8ab27088d3d8d3572d\" class=\"block-banner\">\n\n\t    <div class=\"blend-mode multiply\">\n\t\t\n                        <div class=\"img inline-bg-image\" role=\"img\" aria-label=\"\" style=\"background-image: url();\"><\/div>\n\n            <div class=\"inner content\">\n\n                \n                <p class=\"breadcrumbs\"><span><span><a href=\"https:\/\/sapport.gov.mt\/mt\/\">Pa\u0121na<\/a><\/span><\/span><\/p>\n                <h1 class=\"h1 white\">Il-Libert\u00e0 tal-Informazzjoni<\/h1>\n                \n                                \n                                \n            <\/div>\n\n\t\t    <\/div>\n\t\n<\/div><\/div>\n\n<div class=\"title-text align\">\n    <div id=\"title-text-block_e263401c770a5a2fe030ba7fa62f67da\" class=\"block-title-text \">\n    <div class=\"inner stbp\">\n\n                \n                            <div class=\"post-content\"><pre style=\"text-align: left;\"><strong>Awtorit\u00e0 Pubblika<\/strong><\/pre>\n<p style=\"text-align: left;\">A\u0121enzija Sapport<\/p>\n<p>&nbsp;<\/p>\n<p>&nbsp;<\/p>\n<p style=\"text-align: left;\"><strong>Deskrizzjoni tal-istruttura tad-dipartiment\/direttorat\/entit\u00e0<\/strong><\/p>\n<p style=\"text-align: left;\"><a href=\"https:\/\/sapport.gov.mt\/mt\/dwarna\/\">Dwar – A\u0121enzija Sapport<\/a><\/p>\n<p>&nbsp;<\/p>\n<p>&nbsp;<\/p>\n<p style=\"text-align: left;\"><strong>Description of the department\/directorate\/entity\u2019s functions and responsibilities<\/strong><\/p>\n<p style=\"text-align: left;\"><a href=\"https:\/\/sapport.gov.mt\/mt\/dwarna\/\">Dwar- A\u0121enzija Sapport<\/a><\/p>\n<p>&nbsp;<\/p>\n<p>&nbsp;<\/p>\n<p style=\"text-align: left;\"><strong> Deskrizzjoni \u0121enerali tal-kategoriji ta\u2019 dokumenti li g\u0127andu d-dipartiment\/direttorat\/entit\u00e0 (inklu\u017ci dokumenti ta\u2019 e\u017cenzjoni)<\/strong><\/p>\n<ul style=\"text-align: left;\">\n<li>Dokumentazzjoni tal-Klijenti<\/li>\n<li>Dokumentazzjoni tar-Ri\u017corsi Umani<\/li>\n<li>Rekords relatati mal-i\u017cvilupp u r-revi\u017cjoni tal-politika inklu\u017ci talbiet g\u0127al ri\u010berka.<\/li>\n<\/ul>\n<p>&nbsp;<\/p>\n<p>&nbsp;<\/p>\n<p style=\"text-align: left;\"><strong> Deskrizzjoni tal-manwali u tipi simili ta\u2019 dokumenti kollha li fihom politiki, prin\u010bipji, regoli jew linji gwida fi qbil ma\u2019 liema de\u010bi\u017cjonijiet jew rakkomandazzjonijiet isiru b\u2019rispett g\u0127al membri tal-pubbliku (inklu\u017ci korpi korporattivi u impjegati tal-awtorit\u00e0 pubblika fil-kapa\u010bit\u00e0 personali tag\u0127hom) <\/strong><\/p>\n<p style=\"text-align: left;\">Qafas ta’ Politika li jinkludi politiki applikabbli g\u0127all-pubbliku \u0121enerali:<\/p>\n<ul style=\"text-align: left;\">\n<li>Politika 7 – Theddid u Im\u0121iba Vjolenti lejn l-Utenti tas-Servizz<\/li>\n<li>Politika 14 – Politika dwar Opportunitajiet Indaqs<\/li>\n<li>Politika 16 – Politika dwar ir-Rekluta\u0121\u0121<\/li>\n<li>Politika 17 – Politika dwar Studenti fi Pjazzamenti<\/li>\n<li>Politika 43 – Politika dwar il-Protezzjoni u \u017c-\u017bamma tad-Data<\/li>\n<li>Politika 45 – Politika dwar is-Sorveljanza bis-CCTV<\/li>\n<\/ul>\n<p>&nbsp;<\/p>\n<p style=\"text-align: left;\">Manwali tal-Pro\u010beduri (MOPs):<\/p>\n<ul style=\"text-align: left;\">\n<li>MOP – Flotta ta\u2019 A\u0121enzija Sapport<\/li>\n<li>MOP – Pro\u010bedura ta’ Manutenzjoni Preventiva<\/li>\n<li>MOP – Tim Konsultattiv Professjonali g\u0127all-Prevenzjoni<\/li>\n<li>MOP – Servizzi ta\u2019 Matul il-Jum<\/li>\n<li>MOP – Is-Servizz My Programme<\/li>\n<li>MOP – Ftehim tal-NGOs<\/li>\n<li>MOP – Is-Servizz Supported Independent Living<\/li>\n<li>MOP – Is-Servizzi ta’ \u0126idma So\u010bjali<\/li>\n<\/ul>\n<p>&nbsp;<\/p>\n<p style=\"text-align: left;\">Direttivi:<\/p>\n<ul style=\"text-align: left;\">\n<li>Direttiva 3 – Eliminazzjoni tar-Rekwi\u017cit g\u0127all-Produzzjoni ta’ Ftehim dwar l-Istat \u010aivili<\/li>\n<li>Direttiva 4.2 – Standards g\u0127as-Servizz ta’ E\u010b\u010bellenza offrut mill-Amministrazzjoni Pubblika lill-Pubbliku u lill-Impjegati Pubbli\u010bi<\/li>\n<li>Direttiva 6.1 – E\u017cer\u010bizzji ta’ Konsultazzjoni mal-Partijiet Interessati<\/li>\n<li>Direttiva 7.3 – Delega ta’ Awtorit\u00e0 biex twettaq ir-Rekluta\u0121\u0121, il-Promozzjonijiet u r-Relazzjonijiet Industrijali fis-Settur Pubbliku<\/li>\n<li>Direttiva 16 – Qafas Governattiv g\u0127all-Prevenzjoni u l-\u0120estjoni tal-Kunflitti ta’ Interess fl-Amministrazzjoni Pubblika<\/li>\n<\/ul>\n<p>&nbsp;<\/p>\n<p>&nbsp;<\/p>\n<p style=\"text-align: left;\"><strong> Dikjarazzjoni tal-informazzjoni li trid tkun disponibbli g\u0127all-membri tal-pubbliku li jixtiequ jiksbu a\u010b\u010bess g\u0127al dokumenti uffi\u010bjali mill-awtorit\u00e0 pubblika, liema dikjarazzjoni ser tinkludi dettalji tal-uffi\u010bjal jew uffi\u010bjali li lilu\/hom g\u0127andhom jintbag\u0127tu talbiet g\u0127al tali a\u010b\u010bess <\/strong><\/p>\n<p style=\"text-align: left;\">L-uffi\u010bjali tal-FOI ta’ A\u0121enzija Sapport jistg\u0127u ji\u0121u kkuntattjati permezz ta’ email fuq foi.sapport@gov.mt jew bit-telefown +356 22568000.<\/p>\n<p>&nbsp;<\/p>\n<p style=\"text-align: left;\">It-talbiet lill-FOI jistg\u0127u jintbag\u0127tu b’email lil <a href=\"mailto:foi.sapport@gov.mt\">foi.sapport@gov.mt<\/a> permezz tal-Portal tal-FOI <a href=\"https:\/\/foi.gov.mt\/\" target=\"_blank\" rel=\"noopener\">foi.gov.mt<\/a> permezz tal-e-ID jew permezz tal-formola online.<\/p>\n<p>&nbsp;<\/p>\n<p>&nbsp;<\/p>\n<p style=\"text-align: left;\"><strong> Dettalji g\u0127al Pro\u010beduri Interni g\u0127all-Ilmenti <\/strong><\/p>\n<p style=\"text-align: left;\">Applikant li t-talba tieg\u0127u g\u0127all-informazzjoni ti\u0121i rrifjutata, jew li b’xi mod ie\u0127or ma jkunx sodisfatt bl-informazzjoni pprovduta, bil-format tag\u0127ha jew bl-estensjoni tal-iskadenza g\u0127as-sottomissjoni tan-notifika li tindika jekk talba ti\u0121ix issodisfata jew le, jista’ jindirizza lment lill-Awtorit\u00e0.<\/p>\n<p>&nbsp;<\/p>\n<p style=\"text-align: left;\">L-ilment g\u0127andu ji\u0121i indirizzat lill-Uffi\u010bjal tal-FOI tal-Awtorit\u00e0, li g\u0127andu jressaq l-ilment g\u0127all-attenzjoni tal-uffi\u010bjal responsabbli. L-uffi\u010bjal responsabbli g\u0127andu jwie\u0121eb lill-applikant fi \u017cmien 10 ijiem tax-xog\u0127ol minn meta jir\u010bievi l-ilment. L-applikant g\u0127andu ji\u0121i infurmat ukoll li jista’ jappella d-de\u010bi\u017cjoni jew inkella jindirizza lment lill-Kummissarju g\u0127all-Informazzjoni u l-Protezzjoni tad-Dejta skont l-Att dwar il-Libert\u00e0 tal-Informazzjoni (Kap. 496 tal-Li\u0121ijiet ta\u2019 Malta).<\/p>\n<p style=\"text-align: left;\">L-uffi\u010bjal responsabbli g\u0127andu jinforma lill-applikant bid-de\u010bi\u017cjoni me\u0127uda fir-rigward tal-ilment tieg\u0127u, u fil-ka\u017c ta’ konferma ta’ de\u010bi\u017cjoni li ma ti\u0121ix rilaxxata l-informazzjoni pertinenti, g\u0127andu jispjega r-ra\u0121unijiet g\u0127al dan. Kull meta l-ilment tal-applikant ikun relatat mal-format tal-informazzjoni pprovduta jew ma’ estensjoni tal-iskadenza g\u0127as-sottomissjoni tan-notifika li tindika jekk talba ti\u0121ix sodisfata mill-Awtorit\u00e0 jew le, u d-de\u010bi\u017cjoni ori\u0121inali ti\u0121i rrispettata, l-applikant g\u0127andu jing\u0127ata spjegazzjoni dwar g\u0127aliex l-ilment tieg\u0127u ma jistax ji\u0121i indirizzat b’mod po\u017cittiv.<\/p>\n<p>&nbsp;<\/p>\n<p style=\"text-align: left;\">Applikant jista’ jag\u0127mel u\u017cu wkoll mill-Pro\u010bedura Interna g\u0127all-Ilmenti biex jirrapporta nuqqas li jintla\u0127qu l-iskadenzi jew biex jintbag\u0127tu n-notifiki. F’dawk il-ka\u017cijiet fejn it-talba g\u0127all-informazzjoni tista’ ti\u0121i sodisfata i\u017cda ma tkunx \u0121iet sodisfata sal-iskadenzi spe\u010bifikati mill-Att, l-uffi\u010bjal responsabbli g\u0127andu jirrinunzja g\u0127al kwalunkwe tariffa applikabbli g\u0127as-sottomissjoni tal-informazzjoni.<\/p>\n<p>&nbsp;<\/p>\n<p>&nbsp;<\/p>\n<p style=\"text-align: left;\"><strong> Informazzjoni O\u0127ra <\/strong><\/p>\n<p style=\"text-align: left;\">L-ilmenti jistg\u0127u ji\u0121u sottomessi lill-Awtorit\u00e0 Pubblika permezz ta’ email lil <a href=\"mailto:foi.sapport@gov.mt\">foi.sapport@gov.mt<\/a> permezz tal-portal FOI <a href=\"https:\/\/foi.gov.mt\/\" target=\"_blank\" rel=\"noopener\">foi.gov.mt<\/a> mt permezz tal-e-ID jew permezz tal-formola online.<\/p>\n<p>&nbsp;<\/p>\n<p style=\"text-align: left;\">Aktar informazzjoni fir-rigward tal-Att dwar il-Libert\u00e0 tal-Informazzjoni tinstab fuq <a href=\"https:\/\/foi.gov.mt\/\" target=\"_blank\" rel=\"noopener\">foi.gov.mt<\/a>.<\/p>\n<p>&nbsp;<\/p>\n<p>&nbsp;<\/p>\n<p style=\"text-align: left;\"><strong> Dettalji tal-Kuntatt tal-Awtorit\u00e0 Pubblika<\/strong><\/p>\n<p style=\"text-align: left;\"><a href=\"https:\/\/sapport.gov.mt\/mt\/kuntatti\/\">Kuntatti – A\u0121enzija Sapport<\/a><\/p>\n<\/div>\n        \n                \n    <\/div>\n<\/div>\n\n<\/div>\n\n\n<p><\/p>\n","protected":false},"excerpt":{"rendered":"","protected":false},"author":3,"featured_media":0,"parent":0,"menu_order":0,"comment_status":"closed","ping_status":"closed","template":"","meta":{"_acf_changed":false,"inline_featured_image":false,"footnotes":""},"categories":[],"class_list":["post-2703","page","type-page","status-publish","hentry"],"acf":[],"yoast_head":"<!-- This site is optimized with the Yoast SEO plugin v27.4 - https:\/\/yoast.com\/product\/yoast-seo-wordpress\/ -->\n<title>Il-Libert\u00e0 tal-Informazzjoni - Agenzija Sapport<\/title>\n<meta name=\"robots\" content=\"index, follow, max-snippet:-1, max-image-preview:large, max-video-preview:-1\" \/>\n<link rel=\"canonical\" href=\"https:\/\/sapport.gov.mt\/mt\/il-liberta-tal-informazzjoni\/\" \/>\n<meta property=\"og:locale\" content=\"mt_MT\" \/>\n<meta property=\"og:type\" content=\"article\" \/>\n<meta property=\"og:title\" content=\"Il-Libert\u00e0 tal-Informazzjoni - Agenzija Sapport\" \/>\n<meta property=\"og:url\" content=\"https:\/\/sapport.gov.mt\/mt\/il-liberta-tal-informazzjoni\/\" \/>\n<meta property=\"og:site_name\" content=\"Agenzija Sapport\" \/>\n<meta property=\"article:modified_time\" content=\"2025-05-22T14:02:43+00:00\" \/>\n<meta name=\"twitter:card\" content=\"summary_large_image\" \/>\n<meta name=\"twitter:label1\" content=\"Est. reading time\" \/>\n\t<meta name=\"twitter:data1\" content=\"3 minutes\" \/>\n<script type=\"application\/ld+json\" class=\"yoast-schema-graph\">{\"@context\":\"https:\\\/\\\/schema.org\",\"@graph\":[{\"@type\":\"WebPage\",\"@id\":\"https:\\\/\\\/sapport.gov.mt\\\/mt\\\/il-liberta-tal-informazzjoni\\\/\",\"url\":\"https:\\\/\\\/sapport.gov.mt\\\/mt\\\/il-liberta-tal-informazzjoni\\\/\",\"name\":\"Il-Libert\u00e0 tal-Informazzjoni - Agenzija Sapport\",\"isPartOf\":{\"@id\":\"https:\\\/\\\/sapport.gov.mt\\\/mt\\\/#website\"},\"datePublished\":\"2023-03-17T16:11:26+00:00\",\"dateModified\":\"2025-05-22T14:02:43+00:00\",\"breadcrumb\":{\"@id\":\"https:\\\/\\\/sapport.gov.mt\\\/mt\\\/il-liberta-tal-informazzjoni\\\/#breadcrumb\"},\"inLanguage\":\"mt-MT\",\"potentialAction\":[{\"@type\":\"ReadAction\",\"target\":[\"https:\\\/\\\/sapport.gov.mt\\\/mt\\\/il-liberta-tal-informazzjoni\\\/\"]}]},{\"@type\":\"BreadcrumbList\",\"@id\":\"https:\\\/\\\/sapport.gov.mt\\\/mt\\\/il-liberta-tal-informazzjoni\\\/#breadcrumb\",\"itemListElement\":[{\"@type\":\"ListItem\",\"position\":1,\"name\":\"Pa\u0121na\",\"item\":\"https:\\\/\\\/sapport.gov.mt\\\/mt\\\/\"},{\"@type\":\"ListItem\",\"position\":2,\"name\":\"Il-Libert\u00e0 tal-Informazzjoni\"}]},{\"@type\":\"WebSite\",\"@id\":\"https:\\\/\\\/sapport.gov.mt\\\/mt\\\/#website\",\"url\":\"https:\\\/\\\/sapport.gov.mt\\\/mt\\\/\",\"name\":\"Agenzija Sapport\",\"description\":\"Providing Professional And Innovative Services To Enhance The Quality Of Life Of Persons With Disabilities\",\"publisher\":{\"@id\":\"https:\\\/\\\/sapport.gov.mt\\\/mt\\\/#organization\"},\"potentialAction\":[{\"@type\":\"SearchAction\",\"target\":{\"@type\":\"EntryPoint\",\"urlTemplate\":\"https:\\\/\\\/sapport.gov.mt\\\/mt\\\/?s={search_term_string}\"},\"query-input\":{\"@type\":\"PropertyValueSpecification\",\"valueRequired\":true,\"valueName\":\"search_term_string\"}}],\"inLanguage\":\"mt-MT\"},{\"@type\":\"Organization\",\"@id\":\"https:\\\/\\\/sapport.gov.mt\\\/mt\\\/#organization\",\"name\":\"A\u0121enzija Sapport\",\"alternateName\":\"Sapport Agency\",\"url\":\"https:\\\/\\\/sapport.gov.mt\\\/mt\\\/\",\"logo\":{\"@type\":\"ImageObject\",\"inLanguage\":\"mt-MT\",\"@id\":\"https:\\\/\\\/sapport.gov.mt\\\/mt\\\/#\\\/schema\\\/logo\\\/image\\\/\",\"url\":\"https:\\\/\\\/sapport.ppdevplayground.com\\\/wp-content\\\/uploads\\\/2022\\\/11\\\/site-logo.png\",\"contentUrl\":\"https:\\\/\\\/sapport.ppdevplayground.com\\\/wp-content\\\/uploads\\\/2022\\\/11\\\/site-logo.png\",\"width\":320,\"height\":178,\"caption\":\"A\u0121enzija Sapport\"},\"image\":{\"@id\":\"https:\\\/\\\/sapport.gov.mt\\\/mt\\\/#\\\/schema\\\/logo\\\/image\\\/\"}}]}<\/script>\n<!-- \/ Yoast SEO plugin. -->","yoast_head_json":{"title":"Il-Libert\u00e0 tal-Informazzjoni - Agenzija Sapport","robots":{"index":"index","follow":"follow","max-snippet":"max-snippet:-1","max-image-preview":"max-image-preview:large","max-video-preview":"max-video-preview:-1"},"canonical":"https:\/\/sapport.gov.mt\/mt\/il-liberta-tal-informazzjoni\/","og_locale":"mt_MT","og_type":"article","og_title":"Il-Libert\u00e0 tal-Informazzjoni - Agenzija Sapport","og_url":"https:\/\/sapport.gov.mt\/mt\/il-liberta-tal-informazzjoni\/","og_site_name":"Agenzija Sapport","article_modified_time":"2025-05-22T14:02:43+00:00","twitter_card":"summary_large_image","twitter_misc":{"Est. reading time":"3 minutes"},"schema":{"@context":"https:\/\/schema.org","@graph":[{"@type":"WebPage","@id":"https:\/\/sapport.gov.mt\/mt\/il-liberta-tal-informazzjoni\/","url":"https:\/\/sapport.gov.mt\/mt\/il-liberta-tal-informazzjoni\/","name":"Il-Libert\u00e0 tal-Informazzjoni - Agenzija Sapport","isPartOf":{"@id":"https:\/\/sapport.gov.mt\/mt\/#website"},"datePublished":"2023-03-17T16:11:26+00:00","dateModified":"2025-05-22T14:02:43+00:00","breadcrumb":{"@id":"https:\/\/sapport.gov.mt\/mt\/il-liberta-tal-informazzjoni\/#breadcrumb"},"inLanguage":"mt-MT","potentialAction":[{"@type":"ReadAction","target":["https:\/\/sapport.gov.mt\/mt\/il-liberta-tal-informazzjoni\/"]}]},{"@type":"BreadcrumbList","@id":"https:\/\/sapport.gov.mt\/mt\/il-liberta-tal-informazzjoni\/#breadcrumb","itemListElement":[{"@type":"ListItem","position":1,"name":"Pa\u0121na","item":"https:\/\/sapport.gov.mt\/mt\/"},{"@type":"ListItem","position":2,"name":"Il-Libert\u00e0 tal-Informazzjoni"}]},{"@type":"WebSite","@id":"https:\/\/sapport.gov.mt\/mt\/#website","url":"https:\/\/sapport.gov.mt\/mt\/","name":"Agenzija Sapport","description":"Providing Professional And Innovative Services To Enhance The Quality Of Life Of Persons With Disabilities","publisher":{"@id":"https:\/\/sapport.gov.mt\/mt\/#organization"},"potentialAction":[{"@type":"SearchAction","target":{"@type":"EntryPoint","urlTemplate":"https:\/\/sapport.gov.mt\/mt\/?s={search_term_string}"},"query-input":{"@type":"PropertyValueSpecification","valueRequired":true,"valueName":"search_term_string"}}],"inLanguage":"mt-MT"},{"@type":"Organization","@id":"https:\/\/sapport.gov.mt\/mt\/#organization","name":"A\u0121enzija Sapport","alternateName":"Sapport Agency","url":"https:\/\/sapport.gov.mt\/mt\/","logo":{"@type":"ImageObject","inLanguage":"mt-MT","@id":"https:\/\/sapport.gov.mt\/mt\/#\/schema\/logo\/image\/","url":"https:\/\/sapport.ppdevplayground.com\/wp-content\/uploads\/2022\/11\/site-logo.png","contentUrl":"https:\/\/sapport.ppdevplayground.com\/wp-content\/uploads\/2022\/11\/site-logo.png","width":320,"height":178,"caption":"A\u0121enzija Sapport"},"image":{"@id":"https:\/\/sapport.gov.mt\/mt\/#\/schema\/logo\/image\/"}}]}},"_links":{"self":[{"href":"https:\/\/sapport.gov.mt\/mt\/wp-json\/wp\/v2\/pages\/2703","targetHints":{"allow":["GET"]}}],"collection":[{"href":"https:\/\/sapport.gov.mt\/mt\/wp-json\/wp\/v2\/pages"}],"about":[{"href":"https:\/\/sapport.gov.mt\/mt\/wp-json\/wp\/v2\/types\/page"}],"author":[{"embeddable":true,"href":"https:\/\/sapport.gov.mt\/mt\/wp-json\/wp\/v2\/users\/3"}],"replies":[{"embeddable":true,"href":"https:\/\/sapport.gov.mt\/mt\/wp-json\/wp\/v2\/comments?post=2703"}],"version-history":[{"count":1,"href":"https:\/\/sapport.gov.mt\/mt\/wp-json\/wp\/v2\/pages\/2703\/revisions"}],"predecessor-version":[{"id":11337,"href":"https:\/\/sapport.gov.mt\/mt\/wp-json\/wp\/v2\/pages\/2703\/revisions\/11337"}],"wp:attachment":[{"href":"https:\/\/sapport.gov.mt\/mt\/wp-json\/wp\/v2\/media?parent=2703"}],"wp:term":[{"taxonomy":"category","embeddable":true,"href":"https:\/\/sapport.gov.mt\/mt\/wp-json\/wp\/v2\/categories?post=2703"}],"curies":[{"name":"wp","href":"https:\/\/api.w.org\/{rel}","templated":true}]}}