{"id":2781,"date":"2023-03-20T16:08:47","date_gmt":"2023-03-20T15:08:47","guid":{"rendered":"https:\/\/sapport.ppdevplayground.com\/?page_id=2781"},"modified":"2024-01-05T11:04:29","modified_gmt":"2024-01-05T10:04:29","slug":"skemi","status":"publish","type":"page","link":"https:\/\/sapport.gov.mt\/mt\/skemi\/","title":{"rendered":"Skemi"},"content":{"rendered":"<div class=\"banner align\">\n    <div id=\"banner-block_3b0a7715004a946f7ce0fe7166e51e95\" class=\"block-banner\">\n\n\t    <div class=\"blend-mode multiply\">\n\t\t\n                        <div class=\"img inline-bg-image lazyload\" role=\"img\" aria-label=\"\" style=\"background-image:inherit;\" data-bg-image=\"url(https:\/\/sapport.gov.mt\/wp-content\/uploads\/2022\/12\/1.-Empowerment-Scheme-under-pink-block-scaled.jpg)\"><\/div>\n\n            <div class=\"inner content\">\n\n                \n                <p class=\"breadcrumbs\"><span><span><a href=\"https:\/\/sapport.gov.mt\/mt\/\">Pa\u0121na<\/a><\/span><\/span><\/p>\n                <h1 class=\"h1 white\">SKEMI<\/h1>\n                \n                                \n                                \n            <\/div>\n\n\t\t    <\/div>\n\t\n<\/div><\/div>\n\n<div class=\"schemes-workshops align\">\n    <div id=\"schemes-block_9c3ef8dc25a987ae54bd55722fb1a142\" class=\"block-schemes\">\n        <div class=\"inner\">\n\n        <div class=\"content\">\n\n            <p class=\"para\">L-informazzjoni pprovduta g\u0127andha x\u2019taqsam mal-iskemi amministrati minn A\u0121enzija Sapport skont l-Avvi\u017c Legali (L.N. 104 tal-2016).<br \/>\r\n <br \/>\r\nDin l-informazzjoni hi ma\u0127suba b\u0127ala gwida \u0121enerali biss u m’g\u0127andhiex titqies b\u0127ala dikjarazzjoni totali u awtoritattiva tal-li\u0121i. Sar kull sforz sabiex ji\u0121i \u017cgurat li l-informazzjoni hi korretta fid-data murija. L-informazzjoni hi mog\u0127tija f\u2019lingwa\u0121\u0121 li ju\u017ca \u0121ens newtrali. Minkejja dan, referenza g\u0127al \u0121eneru partikolari tintu\u017ca fejn tkun, jew jin\u0127ass li tkun, aktar xierqa.<br \/>\r\n<\/p>\n            <div class=\"list-title\">LISTA TA’ SKEMI DISPONIBBLI<\/div>\n\n            \n            \n            \n            <div class=\"list\">\n\n                        \n                <a class=\"item flex-columns\" href=\"https:\/\/sapport.gov.mt\/mt\/skemi\/2787-2\/\">\n                    <div class=\"title col-70\">Empowerment Scheme<\/div>\n                    <span class=\"link red col-30\">Aktar informazzjoni <span class=\"corner-arrow right\"><\/span><\/span>\n                <\/a>\n\n                        \n                <a class=\"item flex-columns\" href=\"https:\/\/sapport.gov.mt\/mt\/skemi\/skema-ghall-ezenzjoni-mill-hlas-tal-licenzja-tat-triq-fuq-vettura\/\">\n                    <div class=\"title col-70\">Skema g\u0127all-E\u017cenzjoni mill-\u0126las tal-Li\u010benzja tat-Triq fuq Vettura<\/div>\n                    <span class=\"link red col-30\">Aktar informazzjoni <span class=\"corner-arrow right\"><\/span><\/span>\n                <\/a>\n\n                        \n                <a class=\"item flex-columns\" href=\"https:\/\/sapport.gov.mt\/mt\/skemi\/skema-ghall-ezenzjoni-mit-taxxa-tar-registrazzjoni-fuq-vettura\/\">\n                    <div class=\"title col-70\">Skema g\u0127all-E\u017cenzjoni mit-Taxxa tar-Re\u0121istrazzjoni fuq Vettura<\/div>\n                    <span class=\"link red col-30\">Aktar informazzjoni <span class=\"corner-arrow right\"><\/span><\/span>\n                <\/a>\n\n                        \n                <a class=\"item flex-columns\" href=\"https:\/\/sapport.gov.mt\/mt\/skemi\/sussidju-fuq-vettura-drive-from-wheelchair\/\">\n                    <div class=\"title col-70\">Sussidju fuq Vettura Drive from Wheelchair<\/div>\n                    <span class=\"link red col-30\">Aktar informazzjoni <span class=\"corner-arrow right\"><\/span><\/span>\n                <\/a>\n\n                        \n                <a class=\"item flex-columns\" href=\"https:\/\/sapport.gov.mt\/mt\/skemi\/sussidju-fuq-vettura-modifikata-u-accessibbli-ghas-siggu-tar-roti\/\">\n                    <div class=\"title col-70\">Sussidju fuq Xiri ta\u2019 Vettura U\u017cata (Second-Hand), Modifikata u A\u010b\u010bessibbli g\u0127as-Si\u0121\u0121u tar-Roti<\/div>\n                    <span class=\"link red col-30\">Aktar informazzjoni <span class=\"corner-arrow right\"><\/span><\/span>\n                <\/a>\n\n            \n            <\/div>\n\n        <\/div>\n\n                            <img decoding=\"async\" class=\"img lazyload\" data-src=\"https:\/\/sapport.gov.mt\/wp-content\/uploads\/2022\/11\/heart-background-lines.png\" alt=\"Heart icon\" src=\"data:image\/svg+xml;base64,PHN2ZyB3aWR0aD0iMSIgaGVpZ2h0PSIxIiB4bWxucz0iaHR0cDovL3d3dy53My5vcmcvMjAwMC9zdmciPjwvc3ZnPg==\" style=\"--smush-placeholder-width: 1136px; --smush-placeholder-aspect-ratio: 1136\/987;\" \/>\n        \n    <\/div>\n    <\/div>\n<\/div>","protected":false},"excerpt":{"rendered":"","protected":false},"author":3,"featured_media":0,"parent":0,"menu_order":0,"comment_status":"closed","ping_status":"closed","template":"","meta":{"_acf_changed":false,"inline_featured_image":false,"footnotes":""},"categories":[],"class_list":["post-2781","page","type-page","status-publish","hentry"],"acf":[],"yoast_head":"<!-- This site is optimized with the Yoast SEO plugin v27.3 - https:\/\/yoast.com\/product\/yoast-seo-wordpress\/ -->\n<title>Skemi - Agenzija Sapport<\/title>\n<meta name=\"robots\" content=\"index, follow, max-snippet:-1, max-image-preview:large, max-video-preview:-1\" \/>\n<link rel=\"canonical\" href=\"https:\/\/sapport.gov.mt\/mt\/skemi\/\" \/>\n<meta property=\"og:locale\" content=\"mt_MT\" \/>\n<meta property=\"og:type\" content=\"article\" \/>\n<meta property=\"og:title\" content=\"Skemi - Agenzija Sapport\" \/>\n<meta property=\"og:url\" content=\"https:\/\/sapport.gov.mt\/mt\/skemi\/\" \/>\n<meta property=\"og:site_name\" content=\"Agenzija Sapport\" \/>\n<meta property=\"article:modified_time\" content=\"2024-01-05T10:04:29+00:00\" \/>\n<meta name=\"twitter:card\" content=\"summary_large_image\" \/>\n<meta name=\"twitter:label1\" content=\"Est. reading time\" \/>\n\t<meta name=\"twitter:data1\" content=\"1 minute\" \/>\n<script type=\"application\/ld+json\" class=\"yoast-schema-graph\">{\"@context\":\"https:\\\/\\\/schema.org\",\"@graph\":[{\"@type\":\"WebPage\",\"@id\":\"https:\\\/\\\/sapport.gov.mt\\\/mt\\\/skemi\\\/\",\"url\":\"https:\\\/\\\/sapport.gov.mt\\\/mt\\\/skemi\\\/\",\"name\":\"Skemi - Agenzija Sapport\",\"isPartOf\":{\"@id\":\"https:\\\/\\\/sapport.gov.mt\\\/mt\\\/#website\"},\"datePublished\":\"2023-03-20T15:08:47+00:00\",\"dateModified\":\"2024-01-05T10:04:29+00:00\",\"breadcrumb\":{\"@id\":\"https:\\\/\\\/sapport.gov.mt\\\/mt\\\/skemi\\\/#breadcrumb\"},\"inLanguage\":\"mt-MT\",\"potentialAction\":[{\"@type\":\"ReadAction\",\"target\":[\"https:\\\/\\\/sapport.gov.mt\\\/mt\\\/skemi\\\/\"]}]},{\"@type\":\"BreadcrumbList\",\"@id\":\"https:\\\/\\\/sapport.gov.mt\\\/mt\\\/skemi\\\/#breadcrumb\",\"itemListElement\":[{\"@type\":\"ListItem\",\"position\":1,\"name\":\"Pa\u0121na\",\"item\":\"https:\\\/\\\/sapport.gov.mt\\\/mt\\\/\"},{\"@type\":\"ListItem\",\"position\":2,\"name\":\"Skemi\"}]},{\"@type\":\"WebSite\",\"@id\":\"https:\\\/\\\/sapport.gov.mt\\\/mt\\\/#website\",\"url\":\"https:\\\/\\\/sapport.gov.mt\\\/mt\\\/\",\"name\":\"Agenzija Sapport\",\"description\":\"Providing Professional And Innovative Services To Enhance The Quality Of Life Of Persons With Disabilities\",\"publisher\":{\"@id\":\"https:\\\/\\\/sapport.gov.mt\\\/mt\\\/#organization\"},\"potentialAction\":[{\"@type\":\"SearchAction\",\"target\":{\"@type\":\"EntryPoint\",\"urlTemplate\":\"https:\\\/\\\/sapport.gov.mt\\\/mt\\\/?s={search_term_string}\"},\"query-input\":{\"@type\":\"PropertyValueSpecification\",\"valueRequired\":true,\"valueName\":\"search_term_string\"}}],\"inLanguage\":\"mt-MT\"},{\"@type\":\"Organization\",\"@id\":\"https:\\\/\\\/sapport.gov.mt\\\/mt\\\/#organization\",\"name\":\"A\u0121enzija Sapport\",\"alternateName\":\"Sapport Agency\",\"url\":\"https:\\\/\\\/sapport.gov.mt\\\/mt\\\/\",\"logo\":{\"@type\":\"ImageObject\",\"inLanguage\":\"mt-MT\",\"@id\":\"https:\\\/\\\/sapport.gov.mt\\\/mt\\\/#\\\/schema\\\/logo\\\/image\\\/\",\"url\":\"https:\\\/\\\/sapport.ppdevplayground.com\\\/wp-content\\\/uploads\\\/2022\\\/11\\\/site-logo.png\",\"contentUrl\":\"https:\\\/\\\/sapport.ppdevplayground.com\\\/wp-content\\\/uploads\\\/2022\\\/11\\\/site-logo.png\",\"width\":320,\"height\":178,\"caption\":\"A\u0121enzija Sapport\"},\"image\":{\"@id\":\"https:\\\/\\\/sapport.gov.mt\\\/mt\\\/#\\\/schema\\\/logo\\\/image\\\/\"}}]}<\/script>\n<!-- \/ Yoast SEO plugin. -->","yoast_head_json":{"title":"Skemi - Agenzija Sapport","robots":{"index":"index","follow":"follow","max-snippet":"max-snippet:-1","max-image-preview":"max-image-preview:large","max-video-preview":"max-video-preview:-1"},"canonical":"https:\/\/sapport.gov.mt\/mt\/skemi\/","og_locale":"mt_MT","og_type":"article","og_title":"Skemi - Agenzija Sapport","og_url":"https:\/\/sapport.gov.mt\/mt\/skemi\/","og_site_name":"Agenzija Sapport","article_modified_time":"2024-01-05T10:04:29+00:00","twitter_card":"summary_large_image","twitter_misc":{"Est. reading time":"1 minute"},"schema":{"@context":"https:\/\/schema.org","@graph":[{"@type":"WebPage","@id":"https:\/\/sapport.gov.mt\/mt\/skemi\/","url":"https:\/\/sapport.gov.mt\/mt\/skemi\/","name":"Skemi - Agenzija Sapport","isPartOf":{"@id":"https:\/\/sapport.gov.mt\/mt\/#website"},"datePublished":"2023-03-20T15:08:47+00:00","dateModified":"2024-01-05T10:04:29+00:00","breadcrumb":{"@id":"https:\/\/sapport.gov.mt\/mt\/skemi\/#breadcrumb"},"inLanguage":"mt-MT","potentialAction":[{"@type":"ReadAction","target":["https:\/\/sapport.gov.mt\/mt\/skemi\/"]}]},{"@type":"BreadcrumbList","@id":"https:\/\/sapport.gov.mt\/mt\/skemi\/#breadcrumb","itemListElement":[{"@type":"ListItem","position":1,"name":"Pa\u0121na","item":"https:\/\/sapport.gov.mt\/mt\/"},{"@type":"ListItem","position":2,"name":"Skemi"}]},{"@type":"WebSite","@id":"https:\/\/sapport.gov.mt\/mt\/#website","url":"https:\/\/sapport.gov.mt\/mt\/","name":"Agenzija Sapport","description":"Providing Professional And Innovative Services To Enhance The Quality Of Life Of Persons With Disabilities","publisher":{"@id":"https:\/\/sapport.gov.mt\/mt\/#organization"},"potentialAction":[{"@type":"SearchAction","target":{"@type":"EntryPoint","urlTemplate":"https:\/\/sapport.gov.mt\/mt\/?s={search_term_string}"},"query-input":{"@type":"PropertyValueSpecification","valueRequired":true,"valueName":"search_term_string"}}],"inLanguage":"mt-MT"},{"@type":"Organization","@id":"https:\/\/sapport.gov.mt\/mt\/#organization","name":"A\u0121enzija Sapport","alternateName":"Sapport Agency","url":"https:\/\/sapport.gov.mt\/mt\/","logo":{"@type":"ImageObject","inLanguage":"mt-MT","@id":"https:\/\/sapport.gov.mt\/mt\/#\/schema\/logo\/image\/","url":"https:\/\/sapport.ppdevplayground.com\/wp-content\/uploads\/2022\/11\/site-logo.png","contentUrl":"https:\/\/sapport.ppdevplayground.com\/wp-content\/uploads\/2022\/11\/site-logo.png","width":320,"height":178,"caption":"A\u0121enzija Sapport"},"image":{"@id":"https:\/\/sapport.gov.mt\/mt\/#\/schema\/logo\/image\/"}}]}},"_links":{"self":[{"href":"https:\/\/sapport.gov.mt\/mt\/wp-json\/wp\/v2\/pages\/2781","targetHints":{"allow":["GET"]}}],"collection":[{"href":"https:\/\/sapport.gov.mt\/mt\/wp-json\/wp\/v2\/pages"}],"about":[{"href":"https:\/\/sapport.gov.mt\/mt\/wp-json\/wp\/v2\/types\/page"}],"author":[{"embeddable":true,"href":"https:\/\/sapport.gov.mt\/mt\/wp-json\/wp\/v2\/users\/3"}],"replies":[{"embeddable":true,"href":"https:\/\/sapport.gov.mt\/mt\/wp-json\/wp\/v2\/comments?post=2781"}],"version-history":[{"count":0,"href":"https:\/\/sapport.gov.mt\/mt\/wp-json\/wp\/v2\/pages\/2781\/revisions"}],"wp:attachment":[{"href":"https:\/\/sapport.gov.mt\/mt\/wp-json\/wp\/v2\/media?parent=2781"}],"wp:term":[{"taxonomy":"category","embeddable":true,"href":"https:\/\/sapport.gov.mt\/mt\/wp-json\/wp\/v2\/categories?post=2781"}],"curies":[{"name":"wp","href":"https:\/\/api.w.org\/{rel}","templated":true}]}}