{"id":2787,"date":"2023-03-20T16:21:45","date_gmt":"2023-03-20T15:21:45","guid":{"rendered":"https:\/\/sapport.ppdevplayground.com\/?page_id=2787"},"modified":"2025-07-01T15:29:03","modified_gmt":"2025-07-01T13:29:03","slug":"2787-2","status":"publish","type":"page","link":"https:\/\/sapport.gov.mt\/mt\/skemi\/2787-2\/","title":{"rendered":"Empowerment Scheme"},"content":{"rendered":"<div class=\"banner align\">\n    <div id=\"banner-block_6a6227e39d1cd949959c09191a7712b2\" class=\"block-banner\">\n\n\t    <div class=\"blend-mode multiply\">\n\t\t\n                        <div class=\"img inline-bg-image lazyload\" role=\"img\" aria-label=\"apply-online-application-form-recruitment-concept-scaled\" style=\"background-image:inherit;\" data-bg-image=\"url(https:\/\/sapport.gov.mt\/wp-content\/uploads\/2022\/11\/apply-online-application-form-recruitment-concept-scaled.jpg)\"><\/div>\n\n            <div class=\"inner content\">\n\n                \n                <p class=\"breadcrumbs\"><span><span><a href=\"https:\/\/sapport.gov.mt\/mt\/\">Pa\u0121na<\/a><\/span><\/span><\/p>\n                <h1 class=\"h1 white\">Empowerment Scheme<\/h1>\n                \n                                \n                                \n            <\/div>\n\n\t\t    <\/div>\n\t\n<\/div><\/div>\n\n<div class=\"two-col-text align\">\n    <div id=\"two-col-text-block_2d0756d7104aaad1c4f6258f39219abd\" class=\"block-two-col-text\">\n<div class=\"inner stbp\">\n\n    <div class=\"post-content custom-bullets\"><p>A\u0121enzija Sapport tamministra l-Empowerment Scheme, li toffri assistenza finanzjarja lill-persuni b\u2019di\u017cabilit\u00e0 biex ikunu jistg\u0127u jixtru apparat li jg\u0127inhom jg\u0127ixu \u0127ajja aktar indipendenti fid-dar jew komunit\u00e0 tag\u0127hom.<\/p>\n<p>&nbsp;<\/p>\n<p>L-Empowerment Scheme titmexxa minn Bord indipendenti li jinkludi numru ta\u2019 professjonisti, li jiltaqg\u0127u darba fi-xahar biex jag\u0127mlu l-assessjar u jevalwaw l-applikazzjonijiet li jkunu \u0121ew sottometti matul dak il-perjodu.<\/p>\n<p>&nbsp;<\/p>\n<p>Dawk li japplikaw g\u0127al apparat partikolari jridu jippre\u017centaw rapport mimli minn professjonist, b\u0127al Occupational Therapist, Fi\u017cjoterapista, jew Awdjologu fil-ka\u017c tal-applikazzjonijiet g\u0127all-hearing aids. Dan ikun irid ji\u0121i ppre\u017centat lill-Bord flimkien ma\u2019 formola tal-applikazzjoni, \u010bertifikat mediku, kopja tal-karta Ewropea tad-Di\u017cabilit\u00e0 u kwotazzjonijiet.<\/p>\n<p>&nbsp;<\/p>\n<p>L-Empowerment Scheme toffri wkoll sussidju fuq servizzi ta\u2019 trasport personalizzati lill-persuni b\u2019di\u017cabilit\u00e0 li ma jkunux jistg\u0127u jag\u0127mlu u\u017cu mit-trasport pubbliku u li jkunu je\u0127tie\u0121u li jmorru x-xog\u0127ol, jattendu f\u2019istituzzjoni ta\u2019 edukazzjoni post-sekondarja, jew jattendu attivitajiet sportivi fejn l-applikant ikun abbonat ma\u2019 klabb\/organizazzjoni sportiva.<\/p>\n<\/div>\n    \n<\/div>\n<\/div><\/div>\n\n<div class=\"eligible-apply align\">\n    <div id=\"eligible-apply-block_55cc54f6307f3eb30eb930b858f28f7d\" class=\"block-eligible-apply\">\n    <div class=\"inner flex-columns stretch\">\n\n    \n\t    <div class=\"col-50 left-side\">\n\t\t\n\t\t\t<h2 class=\"h2 light-pink\">ELI\u0120IBILIT\u00c0<\/h2>\n            <div class=\"post-content custom-bullets white\"><ul>\n<li>L-applikanti jridu jkunu residenti\/jg\u0127ixu Malta;<\/li>\n<li>L-applikanti jridu jippre\u017centaw kopja tal-Karta Ewropea tad-Di\u017cabilit\u00e0 mal-applikazzjoni. L-applikazzjonijiet ma ji\u0121ux a\u010b\u010bettati jekk ma ti\u0121ix ippre\u017centata din il-kopja;<\/li>\n<li>Applikazzjonijiet g\u0127al sussidju ta\u2019 anqas minn \u20ac400 ma ji\u0121ux ikkunsidrati i\u017cda jistg\u0127u jkunu referuti lejn entitajiet o\u0127ra; Barra minn hekk, kull apparat, anke meta l-o\u0121\u0121etti jkunu mag\u0127quda flimkien, ma jistax ikun jiswa inqas minn \u20ac100 kull o\u0121\u0121ett;<\/li>\n<li>Applikazzjonijiet g\u0127al apparat ba\u017ciku li g\u0127andu x\u2019jaqsam mal-akkomodazzjoni u li jsiru mir-residenti tal-isptarijiet jew tad-djar tal-kura tal-gvern, ma ji\u0121ux ikkunsidrati;<\/li>\n<li>Apparat standard ipprovdut mill-gvern, kemm jekk ming\u0127ajr \u0127las, b\u2019self, fuq ba\u017ci ta\u2019 terminu qasir, jew b\u2019mod permanenti, mhuwiex kopert minn din l-iskema. Dan japplika wkoll g\u0127ad-detenturi <strong>tal-karta r-ro\u017ca <\/strong>li jixtiequ japplikaw g\u0127al assistenza rigward hearing aids. Nuqqas ta\u2019 g\u0127arfien dwar din ir-restrizzjoni, jew dwar kwalunkwe terminu u kundizzjoni o\u0127ra tal-Empowerment Scheme, kemm mill-professjonist li qed jappo\u0121\u0121ja lill-applikant kif ukoll mill-applikant, ma jistax jitqies b\u0127ala ra\u0121uni li g\u0127andha ti\u0121i kkunsidrata g\u0127all-a\u010b\u010bettazzjoni tal-applikazzjoni;<\/li>\n<li>Jekk l-apparat mixtri jaqbe\u017c il-<strong>perjodu ta\u2019 sena<\/strong> mid-data ta\u2019 meta ti\u0121i ppre\u017centata l-applikazzjoni, din l-applikazzjoni ti\u0121i <strong>rifjutata <\/strong> L-applikant ji\u0121i infurmat permezz ta\u2019 telefonata u bil-miktub. Id-dokumenti kollha pprovduti jing\u0127ataw lura lill-applikant flimkien mal-Ittra ta\u2019 Rifjut;<\/li>\n<li>Jekk ikunu jixtiequ, l-applikanti jistg\u0127u jixtru t-tag\u0127mir, wara li jikkonsultaw mat-terapista professjonali rre\u0121istrat mas-CPCM tag\u0127hom, qabel ma jissottomettu l-applikazzjoni g\u0127all-Empowerment Scheme. Madankollu, il-Bord tal-Empowerment Scheme jirriserva d-dritt li ma japprovax l-applikazzjoni g\u0127allfinanzjament;<\/li>\n<li>Jekk l-<strong>Awdjologu<\/strong> jew il-<strong>professjonist ta\u2019 Allied Health<\/strong>, kif applikabbli, jonqos milli jipprovdi <strong>n-Numru ta\u2019 Re\u0121istrazzjoni tas-CPCM<\/strong> tieg\u0127u, l-applikazzjoni ti\u0121i <strong>rrifjutata immedjatament<\/strong>. Id-dokumenti kollha sottomessi ji\u0121u rritornati lill-applikant flimkien ma\u2019 Refusal Letter. Din il-kundizzjoni tapplika wkoll g\u0127attobba medi\u010bi li jimlew ir-Rapport Professjonali i\u017cda jonqsu milli jipprovdu n-Numru ta\u2019 Re\u0121istrazzjoni mal-Kunsill Mediku tag\u0127hom;<\/li>\n<li>Jekk applikant li bbenefika mill-Empowerment Scheme fis-snin mg\u0127oddija jissottometti talba g\u0127al assistenza finanzjarja g\u0127all-istess tip ta\u2019 tag\u0127mir jew g\u0127al tag\u0127mir simili qabel il-perjodu ta\u2019 \u017cmien applikabbli (hekk kif huwa indikat fl-applikazzjoni fis-sezzjoni tal-lista ta\u2019 dokumenti me\u0127tie\u0121a), il-professjonist huwa me\u0127tie\u0121 li jipprovdi \u0121ustifikazzjoni solida fir-Rapport Professjonali, fejn jag\u0127ti d-dettalji dwar ir-ra\u0121uni g\u0127at-talba bikrija<strong>. Il-Bord jirriserva d-dritt li ma japprovax l-applikazzjoni g\u0127al finanzjament;<\/strong><\/li>\n<li>Tag\u0127mir mediku, apparat standard, apparat tal-e\u017cer\u010bizzju, u apparat mainstream (b\u0127al mowbajls\/kompjuters\/laptops\/tablets) mhumiex koperti minn din l-iskema;<\/li>\n<li>Applikazzjonijiet sottomessi lil A\u0121enzija Sapport wara li l-persuna b\u2019di\u017cabilit\u00e0 (ji\u0121ifieri l-applikant) tkun la\u0127qet mietet ma ji\u0121ux a\u010b\u010bettati;<\/li>\n<li>Minn \u017cmien g\u0127al \u017cmien, il-Bord jista\u2019 jo\u0127ro\u0121 kundizzjonijiet o\u0127rajn skont il-\u0127tie\u0121a;<\/li>\n<li>A\u0121enzija Sapport u l-Bord tal-Empowerment Scheme jirriservaw id-dritt li jivverifikaw l-informazzjoni mog\u0127tija f\u2019din l-applikazzjoni ma\u2019 awtoritajiet tal-gvern, entitajiet tal-gvern, organizzazzjonijiet volontarji u l-Fondazzjoni tal-Malta Community Chest Fund;<\/li>\n<li>Barra minn hekk, il-Bord g\u0127andu d-dritt li jvarja l-ammont tas-sussidju minn \u017cmien g\u0127al \u017cmien hekk kif ikun me\u0127tie\u0121 minn din l-iskema. Barra minn hekk, il-Bord i\u017comm il-prerogattiva li ma japprovax l-applikazzjoni, skont il-ka\u017c.<\/li>\n<\/ul>\n<\/div>\n\n\t\t    <\/div>\n\t\n    \n\t    <div class=\"col-50 right-side\">\n\t\t\n            <h2 class=\"h2 light-pink\">KIF G\u0126ANDEK TAPPLIKA<\/h2>\n\n            <div class=\"content\">\n                <div class=\"post-content custom-bullets white\"><p>Dawk interessati li japplikaw g\u0127al din l-iskema jistg\u0127u jimlew il-formola tal-applikazzjoni online, jni\u017c\u017clu l-applikazzjoni u imorru biha personalment jew jibag\u0127tuha bil-posta fl-indirizz ta’ hawn ta\u0127t.<\/p>\n<p>&nbsp;<\/p>\n<p>&nbsp;<\/p>\n<p><strong><a class=\"btn\" href=\"https:\/\/sapport.gov.mt\/wp-content\/uploads\/2025\/07\/Processing-of-Personal-Data-Document_-MT.pdf\" target=\"_blank\" rel=\"noopener noreferrer\">Ag\u0127fas hawn g\u0127ad-dokument tal-Ippro\u010bessar tad-Data Personali<\/a><\/strong><\/p>\n<p>&nbsp;<\/p>\n<\/div>\n\n                                                    <a class=\"btn\" href=\"https:\/\/www.servizz.gov.mt\/mt\/Pages\/Inklu_joni_-Ugwaljanza-u-_arsien-So_jali\/Inklu_joni-So_jali\/Persuni-b_Di_abilit_\/WEB617\/default.aspx\" target=\"_blank\">IMLA L-APPLIKAZZJONI ONLINE<\/a>\n                \n                <br>\n\n                                                    <a class=\"btn\" href=\"https:\/\/sapport.gov.mt\/wp-content\/uploads\/2024\/12\/EMPOWERMENT-SCHEME_PROF_MT.pdf\" target=\"_blank\">AG\u0126FAS HAWN G\u0126AL KOPJA TAL-APPLIKAZZJONI U R-RAPPORT PROFESSJONALI<\/a>\n                            <\/div>\n\n            <div class=\"blend-mode luminosity\">\n                                <div class=\"img inline-bg-image lazyload\" role=\"img\" aria-label=\"\" style=\"background-image:inherit;\" data-bg-image=\"url(https:\/\/sapport.gov.mt\/wp-content\/uploads\/2022\/12\/1.-Empowerment-Scheme-under-pink-block-scaled.jpg)\"><\/div>\n            <\/div>\n\n\t\t    <\/div>\n\t\n    <\/div>\n<\/div><\/div>\n\n<div class=\"title-text align\">\n    <div id=\"title-text-block_6a5b3280a9e24380ea8fb2f1e61d8b3c\" class=\"block-title-text \">\n    <div class=\"inner stbp\">\n\n                \n                            <div class=\"post-content\"><p style=\"text-align: center;\"><strong>\u0126inijiet tal-ftu\u0127<\/strong><\/p>\n<p>&nbsp;<\/p>\n<p style=\"text-align: center;\"><strong>Mit-Tnejn sal-\u0120img\u0127a: 08:00 – 16:00<\/strong><\/p>\n<p style=\"text-align: center;\">Is-Sibt, il-\u0126add u l-Festi Pubbli\u010bi: Mhux disponibbli<\/p>\n<p style=\"text-align: center;\">Indirizz: A\u0121enzija Sapport, Triq Patri \u0120wann Azzopardi, Santa Venera SVR 1614<\/p>\n<p style=\"text-align: center;\"><a href=\"https:\/\/goo.gl\/maps\/wCsfxSyYjTu4vQEh7\">G\u0127al direzzjonijiet ag\u0127fas fuq din il-\u0127olqa<\/a><\/p>\n<p style=\"text-align: center;\"><span style=\"font-weight: 400;\">\u00a0<\/span><\/p>\n<p style=\"text-align: center;\">G\u0127al aktar informazzjoni dwar din l-iskema, wie\u0127ed g\u0127andu jibg\u0127at email fuq <a href=\"mailto:schemes.sapport@gov.mt\"><span style=\"font-weight: 400;\">schemes.sapport@gov.mt<\/span><\/a><a href=\"mailto:stilc.sapport@gov.mt\"><span style=\"font-weight: 400;\">\u200b<\/span><\/a><span style=\"font-weight: 400;\">.<\/span><\/p>\n<\/div>\n        \n                            <a class=\"btn\" href=\"https:\/\/sapport.gov.mt\/mt\/mistoqsijiet-frekwenti#empowerment-scheme\" target=\"\">Ag\u0127fas fuq din il-\u0127olqa g\u0127all-Mistoqsijiet Frekwenti (FAQs) dwar din l-iskema<\/a>\n        \n    <\/div>\n<\/div>\n\n<\/div>\n\n<div class=\"more-schemes align\">\n    <div id=\"more-schemes-block_7a432165d1faf445ddb64ffdbb81aed0\" class=\"block-more-schemes\">\n        \n    <div class=\"top-section\">\n        <div class=\"inner ntbp\">\n            <h2 class=\"h2 white\">SKEMI O\u0126RA DISPONIBBLI<\/h2>\n        <\/div>\n    <\/div>\n\n    <div class=\"inner ntp content\">\n\n                \n        \n        <div class=\"list\">\n\n                \n            <a class=\"item flex-columns\" href=\"https:\/\/sapport.gov.mt\/mt\/skemi\/2787-2\/\">\n                <div class=\"title col-70\">Empowerment Scheme<\/div>\n                <span class=\"link red col-30\">Aktar informazzjoni <span class=\"corner-arrow right\"><\/span><\/span>\n            <\/a>\n\n                \n            <a class=\"item flex-columns\" href=\"https:\/\/sapport.gov.mt\/mt\/skemi\/skema-ghall-ezenzjoni-mill-hlas-tal-licenzja-tat-triq-fuq-vettura\/\">\n                <div class=\"title col-70\">Skema g\u0127all-E\u017cenzjoni mill-\u0126las tal-Li\u010benzja tat-Triq fuq Vettura<\/div>\n                <span class=\"link red col-30\">Aktar informazzjoni <span class=\"corner-arrow right\"><\/span><\/span>\n            <\/a>\n\n                \n            <a class=\"item flex-columns\" href=\"https:\/\/sapport.gov.mt\/mt\/skemi\/skema-ghall-ezenzjoni-mit-taxxa-tar-registrazzjoni-fuq-vettura\/\">\n                <div class=\"title col-70\">Skema g\u0127all-E\u017cenzjoni mit-Taxxa tar-Re\u0121istrazzjoni fuq Vettura<\/div>\n                <span class=\"link red col-30\">Aktar informazzjoni <span class=\"corner-arrow right\"><\/span><\/span>\n            <\/a>\n\n                \n            <a class=\"item flex-columns\" href=\"https:\/\/sapport.gov.mt\/mt\/skemi\/sussidju-fuq-vettura-drive-from-wheelchair\/\">\n                <div class=\"title col-70\">Sussidju fuq Vettura Drive from Wheelchair<\/div>\n                <span class=\"link red col-30\">Aktar informazzjoni <span class=\"corner-arrow right\"><\/span><\/span>\n            <\/a>\n\n                \n            <a class=\"item flex-columns\" href=\"https:\/\/sapport.gov.mt\/mt\/skemi\/sussidju-fuq-vettura-modifikata-u-accessibbli-ghas-siggu-tar-roti\/\">\n                <div class=\"title col-70\">Sussidju fuq Xiri ta\u2019 Vettura U\u017cata (Second-Hand), Modifikata u A\u010b\u010bessibbli g\u0127as-Si\u0121\u0121u tar-Roti<\/div>\n                <span class=\"link red col-30\">Aktar informazzjoni <span class=\"corner-arrow right\"><\/span><\/span>\n            <\/a>\n\n        \n        <\/div>\n\n    <\/div>\n    <\/div>\n<\/div>","protected":false},"excerpt":{"rendered":"","protected":false},"author":3,"featured_media":0,"parent":2781,"menu_order":0,"comment_status":"closed","ping_status":"closed","template":"","meta":{"_acf_changed":false,"inline_featured_image":false,"footnotes":""},"categories":[46],"class_list":["post-2787","page","type-page","status-publish","hentry","category-schemes-mt"],"acf":[],"yoast_head":"<!-- This site is optimized with the Yoast SEO plugin v27.3 - https:\/\/yoast.com\/product\/yoast-seo-wordpress\/ -->\n<title>Empowerment Scheme - Agenzija Sapport<\/title>\n<meta name=\"robots\" content=\"index, follow, max-snippet:-1, max-image-preview:large, max-video-preview:-1\" \/>\n<link rel=\"canonical\" href=\"https:\/\/sapport.gov.mt\/mt\/skemi\/2787-2\/\" \/>\n<meta property=\"og:locale\" content=\"mt_MT\" \/>\n<meta property=\"og:type\" content=\"article\" \/>\n<meta property=\"og:title\" content=\"Empowerment Scheme - Agenzija Sapport\" \/>\n<meta property=\"og:url\" content=\"https:\/\/sapport.gov.mt\/mt\/skemi\/2787-2\/\" \/>\n<meta property=\"og:site_name\" content=\"Agenzija Sapport\" \/>\n<meta property=\"article:modified_time\" content=\"2025-07-01T13:29:03+00:00\" \/>\n<meta name=\"twitter:card\" content=\"summary_large_image\" \/>\n<meta name=\"twitter:label1\" content=\"Est. reading time\" \/>\n\t<meta name=\"twitter:data1\" content=\"3 minutes\" \/>\n<script type=\"application\/ld+json\" class=\"yoast-schema-graph\">{\"@context\":\"https:\\\/\\\/schema.org\",\"@graph\":[{\"@type\":\"WebPage\",\"@id\":\"https:\\\/\\\/sapport.gov.mt\\\/mt\\\/skemi\\\/2787-2\\\/\",\"url\":\"https:\\\/\\\/sapport.gov.mt\\\/mt\\\/skemi\\\/2787-2\\\/\",\"name\":\"Empowerment Scheme - Agenzija Sapport\",\"isPartOf\":{\"@id\":\"https:\\\/\\\/sapport.gov.mt\\\/mt\\\/#website\"},\"datePublished\":\"2023-03-20T15:21:45+00:00\",\"dateModified\":\"2025-07-01T13:29:03+00:00\",\"breadcrumb\":{\"@id\":\"https:\\\/\\\/sapport.gov.mt\\\/mt\\\/skemi\\\/2787-2\\\/#breadcrumb\"},\"inLanguage\":\"mt-MT\",\"potentialAction\":[{\"@type\":\"ReadAction\",\"target\":[\"https:\\\/\\\/sapport.gov.mt\\\/mt\\\/skemi\\\/2787-2\\\/\"]}]},{\"@type\":\"BreadcrumbList\",\"@id\":\"https:\\\/\\\/sapport.gov.mt\\\/mt\\\/skemi\\\/2787-2\\\/#breadcrumb\",\"itemListElement\":[{\"@type\":\"ListItem\",\"position\":1,\"name\":\"Pa\u0121na\",\"item\":\"https:\\\/\\\/sapport.gov.mt\\\/mt\\\/\"},{\"@type\":\"ListItem\",\"position\":2,\"name\":\"Skemi\",\"item\":\"https:\\\/\\\/sapport.gov.mt\\\/mt\\\/skemi\\\/\"},{\"@type\":\"ListItem\",\"position\":3,\"name\":\"Empowerment Scheme\"}]},{\"@type\":\"WebSite\",\"@id\":\"https:\\\/\\\/sapport.gov.mt\\\/mt\\\/#website\",\"url\":\"https:\\\/\\\/sapport.gov.mt\\\/mt\\\/\",\"name\":\"Agenzija Sapport\",\"description\":\"Providing Professional And Innovative Services To Enhance The Quality Of Life Of Persons With Disabilities\",\"publisher\":{\"@id\":\"https:\\\/\\\/sapport.gov.mt\\\/mt\\\/#organization\"},\"potentialAction\":[{\"@type\":\"SearchAction\",\"target\":{\"@type\":\"EntryPoint\",\"urlTemplate\":\"https:\\\/\\\/sapport.gov.mt\\\/mt\\\/?s={search_term_string}\"},\"query-input\":{\"@type\":\"PropertyValueSpecification\",\"valueRequired\":true,\"valueName\":\"search_term_string\"}}],\"inLanguage\":\"mt-MT\"},{\"@type\":\"Organization\",\"@id\":\"https:\\\/\\\/sapport.gov.mt\\\/mt\\\/#organization\",\"name\":\"A\u0121enzija Sapport\",\"alternateName\":\"Sapport Agency\",\"url\":\"https:\\\/\\\/sapport.gov.mt\\\/mt\\\/\",\"logo\":{\"@type\":\"ImageObject\",\"inLanguage\":\"mt-MT\",\"@id\":\"https:\\\/\\\/sapport.gov.mt\\\/mt\\\/#\\\/schema\\\/logo\\\/image\\\/\",\"url\":\"https:\\\/\\\/sapport.ppdevplayground.com\\\/wp-content\\\/uploads\\\/2022\\\/11\\\/site-logo.png\",\"contentUrl\":\"https:\\\/\\\/sapport.ppdevplayground.com\\\/wp-content\\\/uploads\\\/2022\\\/11\\\/site-logo.png\",\"width\":320,\"height\":178,\"caption\":\"A\u0121enzija Sapport\"},\"image\":{\"@id\":\"https:\\\/\\\/sapport.gov.mt\\\/mt\\\/#\\\/schema\\\/logo\\\/image\\\/\"}}]}<\/script>\n<!-- \/ Yoast SEO plugin. -->","yoast_head_json":{"title":"Empowerment Scheme - Agenzija Sapport","robots":{"index":"index","follow":"follow","max-snippet":"max-snippet:-1","max-image-preview":"max-image-preview:large","max-video-preview":"max-video-preview:-1"},"canonical":"https:\/\/sapport.gov.mt\/mt\/skemi\/2787-2\/","og_locale":"mt_MT","og_type":"article","og_title":"Empowerment Scheme - Agenzija Sapport","og_url":"https:\/\/sapport.gov.mt\/mt\/skemi\/2787-2\/","og_site_name":"Agenzija Sapport","article_modified_time":"2025-07-01T13:29:03+00:00","twitter_card":"summary_large_image","twitter_misc":{"Est. reading time":"3 minutes"},"schema":{"@context":"https:\/\/schema.org","@graph":[{"@type":"WebPage","@id":"https:\/\/sapport.gov.mt\/mt\/skemi\/2787-2\/","url":"https:\/\/sapport.gov.mt\/mt\/skemi\/2787-2\/","name":"Empowerment Scheme - Agenzija Sapport","isPartOf":{"@id":"https:\/\/sapport.gov.mt\/mt\/#website"},"datePublished":"2023-03-20T15:21:45+00:00","dateModified":"2025-07-01T13:29:03+00:00","breadcrumb":{"@id":"https:\/\/sapport.gov.mt\/mt\/skemi\/2787-2\/#breadcrumb"},"inLanguage":"mt-MT","potentialAction":[{"@type":"ReadAction","target":["https:\/\/sapport.gov.mt\/mt\/skemi\/2787-2\/"]}]},{"@type":"BreadcrumbList","@id":"https:\/\/sapport.gov.mt\/mt\/skemi\/2787-2\/#breadcrumb","itemListElement":[{"@type":"ListItem","position":1,"name":"Pa\u0121na","item":"https:\/\/sapport.gov.mt\/mt\/"},{"@type":"ListItem","position":2,"name":"Skemi","item":"https:\/\/sapport.gov.mt\/mt\/skemi\/"},{"@type":"ListItem","position":3,"name":"Empowerment Scheme"}]},{"@type":"WebSite","@id":"https:\/\/sapport.gov.mt\/mt\/#website","url":"https:\/\/sapport.gov.mt\/mt\/","name":"Agenzija Sapport","description":"Providing Professional And Innovative Services To Enhance The Quality Of Life Of Persons With Disabilities","publisher":{"@id":"https:\/\/sapport.gov.mt\/mt\/#organization"},"potentialAction":[{"@type":"SearchAction","target":{"@type":"EntryPoint","urlTemplate":"https:\/\/sapport.gov.mt\/mt\/?s={search_term_string}"},"query-input":{"@type":"PropertyValueSpecification","valueRequired":true,"valueName":"search_term_string"}}],"inLanguage":"mt-MT"},{"@type":"Organization","@id":"https:\/\/sapport.gov.mt\/mt\/#organization","name":"A\u0121enzija Sapport","alternateName":"Sapport Agency","url":"https:\/\/sapport.gov.mt\/mt\/","logo":{"@type":"ImageObject","inLanguage":"mt-MT","@id":"https:\/\/sapport.gov.mt\/mt\/#\/schema\/logo\/image\/","url":"https:\/\/sapport.ppdevplayground.com\/wp-content\/uploads\/2022\/11\/site-logo.png","contentUrl":"https:\/\/sapport.ppdevplayground.com\/wp-content\/uploads\/2022\/11\/site-logo.png","width":320,"height":178,"caption":"A\u0121enzija Sapport"},"image":{"@id":"https:\/\/sapport.gov.mt\/mt\/#\/schema\/logo\/image\/"}}]}},"_links":{"self":[{"href":"https:\/\/sapport.gov.mt\/mt\/wp-json\/wp\/v2\/pages\/2787","targetHints":{"allow":["GET"]}}],"collection":[{"href":"https:\/\/sapport.gov.mt\/mt\/wp-json\/wp\/v2\/pages"}],"about":[{"href":"https:\/\/sapport.gov.mt\/mt\/wp-json\/wp\/v2\/types\/page"}],"author":[{"embeddable":true,"href":"https:\/\/sapport.gov.mt\/mt\/wp-json\/wp\/v2\/users\/3"}],"replies":[{"embeddable":true,"href":"https:\/\/sapport.gov.mt\/mt\/wp-json\/wp\/v2\/comments?post=2787"}],"version-history":[{"count":1,"href":"https:\/\/sapport.gov.mt\/mt\/wp-json\/wp\/v2\/pages\/2787\/revisions"}],"predecessor-version":[{"id":11532,"href":"https:\/\/sapport.gov.mt\/mt\/wp-json\/wp\/v2\/pages\/2787\/revisions\/11532"}],"up":[{"embeddable":true,"href":"https:\/\/sapport.gov.mt\/mt\/wp-json\/wp\/v2\/pages\/2781"}],"wp:attachment":[{"href":"https:\/\/sapport.gov.mt\/mt\/wp-json\/wp\/v2\/media?parent=2787"}],"wp:term":[{"taxonomy":"category","embeddable":true,"href":"https:\/\/sapport.gov.mt\/mt\/wp-json\/wp\/v2\/categories?post=2787"}],"curies":[{"name":"wp","href":"https:\/\/api.w.org\/{rel}","templated":true}]}}