{"id":2878,"date":"2023-03-21T10:50:50","date_gmt":"2023-03-21T09:50:50","guid":{"rendered":"https:\/\/sapport.ppdevplayground.com\/?page_id=2878"},"modified":"2026-03-11T16:49:19","modified_gmt":"2026-03-11T15:49:19","slug":"is-servizzi-tal-entitajiet-nongovernattivi-ngo-u-ta-respite","status":"publish","type":"page","link":"https:\/\/sapport.gov.mt\/mt\/servizzi\/is-servizzi-tal-entitajiet-nongovernattivi-ngo-u-ta-respite\/","title":{"rendered":"Service Providers\u2019 Monitoring Team"},"content":{"rendered":"<div class=\"tabs-text align\">\n    <div id=\"tabs-text-block_9b4ed3e91fc6a5c01e1c0328f9e27276\" class=\"block-tabs-text\">\n\n    <div class=\"blend-mode luminosity\">\n                <div class=\"img inline-bg-image lazyload\" role=\"img\" aria-label=\"\" style=\"background-image:inherit;\" data-bg-image=\"url(https:\/\/sapport.gov.mt\/wp-content\/uploads\/2022\/12\/8.-Respite-Services-1.jpeg)\"><\/div>\n    <\/div>\n\n    <div class=\"inner np flex-columns stretch\">\n        <div class=\"col-35 left-side\">\n\n            \n            <p class=\"breadcrumbs\"><span><span><a href=\"https:\/\/sapport.gov.mt\/mt\/\">Pa\u0121na<\/a><\/span><\/span><\/p>\n            <h1 class=\"h1 white\">Service Providers\u2019 Monitoring Team <\/h1>\n\n            \n                        <ul id=\"tabs-nav\" class=\"tabs-nav\">\n                \n                    <li class=\"tab-title\">\n                        <a id=\"arsa-enerali\" href=\"#tabs-content\" data-tab=\"#tab1\" class=\"tab-nav\">\u0126arsa \u0120enerali<\/a>\n                    <\/li>\n            \n                \n                    <li class=\"tab-title\">\n                        <a id=\"is-servizz-ta-respite\" href=\"#tabs-content\" data-tab=\"#tab2\" class=\"tab-nav\">Is-Servizz ta\u2019 Respite<\/a>\n                    <\/li>\n            \n                \n                    <li class=\"tab-title\">\n                        <a id=\"eliibilit\" href=\"#tabs-content\" data-tab=\"#tab3\" class=\"tab-nav\">Eli\u0121ibilit\u00e0<\/a>\n                    <\/li>\n            \n                            <\/ul>\n                    <\/div>\n\n        <div class=\"col-65 right-side\">\n            \n                        <div id=\"tabs-content\" class=\"tabs-content\">\n                                <div id=\"tab1\" class=\"tab-content\">\n                    <h2 class=\"h4\">\u0126arsa \u0120enerali<\/h2>\n                    <div class=\"post-content\"><p>Is-Service Providers\u2019 Monitoring Team fi \u0127dan A\u0121enzija Sapport hu responsabbli g\u0127all-implimentazzjoni u l-\u0121estjoni tal-kuntratti tas-S\u0127ubijiet Pubbli\u010bi-So\u010bjali (PSPs) bejn l-Entitajiet Nongovernattivi (NGO) u l-Ministeru g\u0127all-Inklu\u017cjoni u l-Volontarjat (MIV). Is-servizz hu mmirat lejn l-individwi b\u2019di\u017cabilit\u00e0 u l-familji tag\u0127hom li jinsabu f\u2019riskju ta\u2019 e\u017cawriment, jew f\u2019sitwazzjonijiet ta\u2019 emer\u0121enza.<\/p>\n<p>&nbsp;<\/p>\n<p>L-A\u0121enzija twettaq din ir-responsabilit\u00e0 primarjament permezz tal-monitora\u0121\u0121 regolari tas-servizz tal-NGO u ta\u2019 Respite u d-determinazzjoni tal-livell ta\u2019 appo\u0121\u0121 li jing\u0127ata lill-klijenti li jibbenefikaw mill-ftehimiet tal-PSP. Minbarra l-monitora\u0121\u0121, l-A\u0121enzija Sapport tie\u0127u \u0127sieb ukoll id-d\u0127ul ta\u2019 klijenti \u0121odda, it-twettiq tal-assessjar, l-ippro\u010bessar finanzjarju relatat mal-klijenti fir-residenzi NGO u servizzi o\u0127ra, b\u0127al respite u Day Programmes.<\/p>\n<p>&nbsp;<\/p>\n<p>Fil-pre\u017cent, is-Service Providers\u2019 Monitoring Team \u00a0hu responsabbli g\u0127all-monitora\u0121\u0121 ta\u2019 17-il kuntratt tal-PSP li minnhom 13 huma djar residenzjali, u 4 huma servizzi ta\u2019 matul il-jum jew programmi ta\u2019 respite.<\/p>\n<p>&nbsp;<\/p>\n<ol>\n<li>Dar l-Ar\u010bipriet Degabriele<\/li>\n<li>Dar Madre Tere\u017ca<\/li>\n<li>Dar Nazareth<\/li>\n<li>Dar il-Wens<\/li>\n<li>Dar l-Abilit\u00e0<\/li>\n<li>Dar Mer\u0127ba<\/li>\n<li>Dar Arka<\/li>\n<li>Dar il-\u0120ublew tal-\u0126niena<\/li>\n<li>Dar Madonna ta\u2019 Pinu<\/li>\n<li>Akkwarell<\/li>\n<li>Dar Pirotta<\/li>\n<li>Shalom<\/li>\n<li>\u017berniq<\/li>\n<li>Dar Bjorn (\u0126al Qormi)<\/li>\n<li>Dar Bjorn (\u0126a\u017c-\u017bebbu\u0121)<\/li>\n<li>Dar il-Kaptan Respite Service<\/li>\n<li>Dar il-Kaptan Day Programme<\/li>\n<li>Malta Autism Centre\u200b<\/li>\n<li>Embrace Diversity<\/li>\n<\/ol>\n<p>&nbsp;<\/p>\n<p>Is-Service Providers\u2019 Monitoring Team huwa responsabbli wkoll g\u0127al kollaborazzjoni ma\u2019 \u0126ILA Homes g\u0127al servizzi residenzjali u ta\u2019 respite f\u2019Casa Apap Bologna u Dar Santa Rosa l-Mosta u Casal Nouvo \u0121ewwa Paola. L-A\u0121enzija hi responsabbli g\u0127at-tlestija tal-assessjar tal-klijenti u tie\u0127u \u0127sieb l-g\u0127oti tas-servizz u l-verifika finanzjarja tas-servizzi pprovduti mis-Servizzi ta\u2019 \u0126ILA.<\/p>\n<\/div>\n\n                                            <div id=\"sign-language-icon\">\n                        <img decoding=\"async\" class=\"icon lazyload\" data-src=\"https:\/\/sapport.gov.mt\/wp-content\/themes\/agenzija-sapport\/resources\/assets\/images\/sign-language-icon.png\" alt=\"\" src=\"data:image\/svg+xml;base64,PHN2ZyB3aWR0aD0iMSIgaGVpZ2h0PSIxIiB4bWxucz0iaHR0cDovL3d3dy53My5vcmcvMjAwMC9zdmciPjwvc3ZnPg==\" style=\"--smush-placeholder-width: 1024px; --smush-placeholder-aspect-ratio: 1024\/1024;\">\n                        <div id=\"tab1\" class=\"popup-box-container hidden\" style=\"left:0\">\n                            <div class=\"popup-box\">\n                            <div class=\"vid-link hidden\">https:\/\/www.youtube.com\/embed\/SGAYErsvagc?si=_KGY4v6wrhL6FF29<\/div>\n                            <iframe\n                            data-src=\"https:\/\/www.youtube.com\/embed\/SGAYErsvagc?si=_KGY4v6wrhL6FF29\" src=\"data:image\/svg+xml;base64,PHN2ZyB3aWR0aD0iMSIgaGVpZ2h0PSIxIiB4bWxucz0iaHR0cDovL3d3dy53My5vcmcvMjAwMC9zdmciPjwvc3ZnPg==\" class=\"lazyload\" data-load-mode=\"1\">\n                            <\/iframe>\n                            <div class=\"close\">\n                                <img decoding=\"async\" data-src=\"https:\/\/sapport.gov.mt\/wp-content\/themes\/agenzija-sapport\/resources\/assets\/images\/popup-close.png\" alt=\"\" src=\"data:image\/svg+xml;base64,PHN2ZyB3aWR0aD0iMSIgaGVpZ2h0PSIxIiB4bWxucz0iaHR0cDovL3d3dy53My5vcmcvMjAwMC9zdmciPjwvc3ZnPg==\" class=\"lazyload\" style=\"--smush-placeholder-width: 48px; --smush-placeholder-aspect-ratio: 48\/48;\">\n                            <\/div>\n                            <\/div>\n                        <\/div>\n                        <\/div>\n                                                \n                <\/div>\n                                <div id=\"tab2\" class=\"tab-content\">\n                    <h2 class=\"h4\">Is-Servizz ta\u2019 Respite<\/h2>\n                    <div class=\"post-content\"><p>Is-servizzi ta\u2019 respite jistg\u0127u ji\u0121u deskritti b\u0127ala sostenn temporanju ppjanat jew ta\u2019 emer\u0121enza li jing\u0127ata lil dawk li jie\u0127du \u0127sieb tfal jew adulti b\u2019di\u017cabilit\u00e0. Il-programmi ta\u2019 respite joffru paw\u017ci g\u0127all-mistrie\u0127 ippjanati g\u0127al \u017cmien qasir u limitat g\u0127all-familji\/kuraturi tal-persuni b\u2019di\u017cabilit\u00e0.<\/p>\n<p>&nbsp;<\/p>\n<p>&nbsp;<\/p>\n<p><strong>Il-benefi\u010b\u010bji tar-respite<\/strong><\/p>\n<p>Is-servizzi ta\u2019 respite huma indispensabbli fil-\u0127ajja ta\u2019 individwu li jie\u0127u \u0127sieb persuna b\u2019di\u017cabilit\u00e0. Ir-respite ma jfissirx li l-kura li jag\u0127ti dan l-individwu qed ti\u0121i ssostitwita i\u017cda jfisser li huwa jkun jista\u2019 jkompli jag\u0127ti l-kura ne\u010bessarja. Is-servizzi ta\u2019 respite huma relatati ma\u2019 bosta benefi\u010b\u010bji, fosthom:<\/p>\n<ul>\n<li>Jag\u0127tu \u017cmien ta\u2019 paw\u017ca g\u0127all-mistrie\u0127 lill-individwu li jie\u0127u \u0127sieb persuna b\u2019di\u017cabilit\u00e0 sabiex ikun jista\u2019 jag\u0127mel attivitajiet o\u0127ra importanti u ne\u010bessarji fil-\u0127ajja ta\u2019 kuljum tieg\u0127u, inklu\u017c xi \u0127in g\u0127all-kura personali tieg\u0127u<\/li>\n<li>Idewwmu l-placements fit-tul peress li s-servizzi ta\u2019 respite jag\u0127tu lil dawk li jie\u0127du \u0127sieb persuni b\u2019di\u017cabilit\u00e0 l-possibilit\u00e0 li jistrie\u0127u u jirkupraw sa\u0127\u0127ithom<\/li>\n<li>L-istudji wrew li dawk li u\u017caw is-servizzi ta\u2019 respite kellhom livelli inqas ta\u2019 stress b\u0127ala \u0121enituri u kienu aktar kapa\u010bi jkampaw.<\/li>\n<li>Joffru esperjenza po\u017cittiva lill-persuna b\u2019di\u017cabilit\u00e0 li qed tag\u0127mel u\u017cu mir-respite. L-individwi fil-kura tar-respite jkollhom l-opportunit\u00e0 li jisso\u010bjalizzaw u jag\u0127mlu \u0127bieb \u0121odda.<\/li>\n<\/ul>\n<p>&nbsp;<\/p>\n<p><strong>Servizzi ta\u2019 Respite f\u2019Malta<\/strong><\/p>\n<p>A\u0121enzija Sapport g\u0127andha ftehim mas-servizz ta\u2019 \u0126ila Respite., li toffri servizzi ta\u2019 respite f\u2019Casa Apap Bologna u Dar Santa Rosa \u0121ewwa l-Mosta u f\u2019Casal Nuovo \u0121ewwa Ra\u0127al \u0120did.<\/p>\n<p>&nbsp;<\/p>\n<p>L-individwi jistg\u0127u jag\u0127mlu u\u017cu wkoll mis-servizzi ta\u2019 respite f\u2019Dar il-Kaptan \u0121ewwa l-Imtarfa u f\u2019Dar Arka \u0121ewwa G\u0127ajnsielem, G\u0127awdex.<\/p>\n<\/div>\n\n                                            \n                <\/div>\n                                <div id=\"tab3\" class=\"tab-content\">\n                    <h2 class=\"h4\">Eli\u0121ibilit\u00e0<\/h2>\n                    <div class=\"post-content\"><p>Il-minuri u l-adulti bejn l-et\u00e0 ta\u2019 3 u 59 sena b\u2019di\u017cabilit\u00e0 huma eli\u0121ibbli g\u0127as-servizzi ta\u2019 respite.<\/p>\n<p>&nbsp;<\/p>\n<p>Individwi interessati jistg\u0127u japplikaw g\u0127ar-respite billi j\u010bemplu l-Helpline ta\u2019 A\u0121enzija Sapport fuq il-Freephone Servizz.gov 153 (ext. 05) jew fuq 2256 8000 u jsaqsu g\u0127at-team tas-Service Providers\u2019 Monitoring li jie\u0127u \u0127sieb talbiet g\u0127al respite.<\/p>\n<p>&nbsp;<\/p>\n<p><a href=\"https:\/\/sapport.gov.mt\/mt\/mistoqsijiet-frekwenti#ngo-service\">Ag\u0127fas fuq din il-\u0127olqa g\u0127all-Mistoqsijiet Frekwenti (FAQs) dwar dan is-servizz<\/a><\/p>\n<\/div>\n\n                                            \n                <\/div>\n                            <\/div>\n                    \n        <\/div>\n\n    <\/div>\n<\/div><\/div>\n\n\n<p><\/p>\n","protected":false},"excerpt":{"rendered":"<p>Is-Service Providers\u2019 Monitoring Team fi \u0127dan A\u0121enzija Sapport hu responsabbli g\u0127all-implimentazzjoni u l-\u0121estjoni tal-kuntratti tas-S\u0127ubijiet Pubbli\u010bi-So\u010bjali (PSPs) bejn l-Entitajiet Nongovernattivi (NGO) u l-Ministeru g\u0127all-Inklu\u017cjoni u l-Volontarjat (MIV).<\/p>\n","protected":false},"author":3,"featured_media":1057,"parent":2105,"menu_order":11,"comment_status":"closed","ping_status":"closed","template":"","meta":{"_acf_changed":false,"inline_featured_image":false,"footnotes":""},"categories":[45],"class_list":["post-2878","page","type-page","status-publish","has-post-thumbnail","hentry","category-services-mt"],"acf":[],"yoast_head":"<!-- This site is optimized with the Yoast SEO plugin v27.4 - https:\/\/yoast.com\/product\/yoast-seo-wordpress\/ -->\n<title>Service Providers\u2019 Monitoring Team - Agenzija Sapport<\/title>\n<meta name=\"robots\" content=\"index, follow, max-snippet:-1, max-image-preview:large, max-video-preview:-1\" \/>\n<link rel=\"canonical\" href=\"https:\/\/sapport.gov.mt\/mt\/servizzi\/is-servizzi-tal-entitajiet-nongovernattivi-ngo-u-ta-respite\/\" \/>\n<meta property=\"og:locale\" content=\"mt_MT\" \/>\n<meta property=\"og:type\" content=\"article\" \/>\n<meta property=\"og:title\" content=\"Service Providers\u2019 Monitoring Team - Agenzija Sapport\" \/>\n<meta property=\"og:description\" content=\"Is-Service Providers\u2019 Monitoring Team fi \u0127dan A\u0121enzija Sapport hu responsabbli g\u0127all-implimentazzjoni u l-\u0121estjoni tal-kuntratti tas-S\u0127ubijiet Pubbli\u010bi-So\u010bjali (PSPs) bejn l-Entitajiet Nongovernattivi (NGO) u l-Ministeru g\u0127all-Inklu\u017cjoni u l-Volontarjat (MIV).\" \/>\n<meta property=\"og:url\" content=\"https:\/\/sapport.gov.mt\/mt\/servizzi\/is-servizzi-tal-entitajiet-nongovernattivi-ngo-u-ta-respite\/\" \/>\n<meta property=\"og:site_name\" content=\"Agenzija Sapport\" \/>\n<meta property=\"article:modified_time\" content=\"2026-03-11T15:49:19+00:00\" \/>\n<meta property=\"og:image\" content=\"https:\/\/sapport.gov.mt\/wp-content\/uploads\/2022\/12\/8.-Respite-Services-1.jpeg\" \/>\n\t<meta property=\"og:image:width\" content=\"1200\" \/>\n\t<meta property=\"og:image:height\" content=\"1600\" \/>\n\t<meta property=\"og:image:type\" content=\"image\/jpeg\" \/>\n<meta name=\"twitter:card\" content=\"summary_large_image\" \/>\n<meta name=\"twitter:label1\" content=\"Est. reading time\" \/>\n\t<meta name=\"twitter:data1\" content=\"3 minutes\" \/>\n<script type=\"application\/ld+json\" class=\"yoast-schema-graph\">{\"@context\":\"https:\\\/\\\/schema.org\",\"@graph\":[{\"@type\":\"WebPage\",\"@id\":\"https:\\\/\\\/sapport.gov.mt\\\/mt\\\/servizzi\\\/is-servizzi-tal-entitajiet-nongovernattivi-ngo-u-ta-respite\\\/\",\"url\":\"https:\\\/\\\/sapport.gov.mt\\\/mt\\\/servizzi\\\/is-servizzi-tal-entitajiet-nongovernattivi-ngo-u-ta-respite\\\/\",\"name\":\"Service Providers\u2019 Monitoring Team - Agenzija Sapport\",\"isPartOf\":{\"@id\":\"https:\\\/\\\/sapport.gov.mt\\\/mt\\\/#website\"},\"primaryImageOfPage\":{\"@id\":\"https:\\\/\\\/sapport.gov.mt\\\/mt\\\/servizzi\\\/is-servizzi-tal-entitajiet-nongovernattivi-ngo-u-ta-respite\\\/#primaryimage\"},\"image\":{\"@id\":\"https:\\\/\\\/sapport.gov.mt\\\/mt\\\/servizzi\\\/is-servizzi-tal-entitajiet-nongovernattivi-ngo-u-ta-respite\\\/#primaryimage\"},\"thumbnailUrl\":\"https:\\\/\\\/sapport.gov.mt\\\/wp-content\\\/uploads\\\/2022\\\/12\\\/8.-Respite-Services-1.jpeg\",\"datePublished\":\"2023-03-21T09:50:50+00:00\",\"dateModified\":\"2026-03-11T15:49:19+00:00\",\"breadcrumb\":{\"@id\":\"https:\\\/\\\/sapport.gov.mt\\\/mt\\\/servizzi\\\/is-servizzi-tal-entitajiet-nongovernattivi-ngo-u-ta-respite\\\/#breadcrumb\"},\"inLanguage\":\"mt-MT\",\"potentialAction\":[{\"@type\":\"ReadAction\",\"target\":[\"https:\\\/\\\/sapport.gov.mt\\\/mt\\\/servizzi\\\/is-servizzi-tal-entitajiet-nongovernattivi-ngo-u-ta-respite\\\/\"]}]},{\"@type\":\"ImageObject\",\"inLanguage\":\"mt-MT\",\"@id\":\"https:\\\/\\\/sapport.gov.mt\\\/mt\\\/servizzi\\\/is-servizzi-tal-entitajiet-nongovernattivi-ngo-u-ta-respite\\\/#primaryimage\",\"url\":\"https:\\\/\\\/sapport.gov.mt\\\/wp-content\\\/uploads\\\/2022\\\/12\\\/8.-Respite-Services-1.jpeg\",\"contentUrl\":\"https:\\\/\\\/sapport.gov.mt\\\/wp-content\\\/uploads\\\/2022\\\/12\\\/8.-Respite-Services-1.jpeg\",\"width\":1200,\"height\":1600},{\"@type\":\"BreadcrumbList\",\"@id\":\"https:\\\/\\\/sapport.gov.mt\\\/mt\\\/servizzi\\\/is-servizzi-tal-entitajiet-nongovernattivi-ngo-u-ta-respite\\\/#breadcrumb\",\"itemListElement\":[{\"@type\":\"ListItem\",\"position\":1,\"name\":\"Pa\u0121na\",\"item\":\"https:\\\/\\\/sapport.gov.mt\\\/mt\\\/\"},{\"@type\":\"ListItem\",\"position\":2,\"name\":\"Servizzi\",\"item\":\"https:\\\/\\\/sapport.gov.mt\\\/mt\\\/servizzi\\\/\"},{\"@type\":\"ListItem\",\"position\":3,\"name\":\"Service Providers\u2019 Monitoring Team\"}]},{\"@type\":\"WebSite\",\"@id\":\"https:\\\/\\\/sapport.gov.mt\\\/mt\\\/#website\",\"url\":\"https:\\\/\\\/sapport.gov.mt\\\/mt\\\/\",\"name\":\"Agenzija Sapport\",\"description\":\"Providing Professional And Innovative Services To Enhance The Quality Of Life Of Persons With Disabilities\",\"publisher\":{\"@id\":\"https:\\\/\\\/sapport.gov.mt\\\/mt\\\/#organization\"},\"potentialAction\":[{\"@type\":\"SearchAction\",\"target\":{\"@type\":\"EntryPoint\",\"urlTemplate\":\"https:\\\/\\\/sapport.gov.mt\\\/mt\\\/?s={search_term_string}\"},\"query-input\":{\"@type\":\"PropertyValueSpecification\",\"valueRequired\":true,\"valueName\":\"search_term_string\"}}],\"inLanguage\":\"mt-MT\"},{\"@type\":\"Organization\",\"@id\":\"https:\\\/\\\/sapport.gov.mt\\\/mt\\\/#organization\",\"name\":\"A\u0121enzija Sapport\",\"alternateName\":\"Sapport Agency\",\"url\":\"https:\\\/\\\/sapport.gov.mt\\\/mt\\\/\",\"logo\":{\"@type\":\"ImageObject\",\"inLanguage\":\"mt-MT\",\"@id\":\"https:\\\/\\\/sapport.gov.mt\\\/mt\\\/#\\\/schema\\\/logo\\\/image\\\/\",\"url\":\"https:\\\/\\\/sapport.ppdevplayground.com\\\/wp-content\\\/uploads\\\/2022\\\/11\\\/site-logo.png\",\"contentUrl\":\"https:\\\/\\\/sapport.ppdevplayground.com\\\/wp-content\\\/uploads\\\/2022\\\/11\\\/site-logo.png\",\"width\":320,\"height\":178,\"caption\":\"A\u0121enzija Sapport\"},\"image\":{\"@id\":\"https:\\\/\\\/sapport.gov.mt\\\/mt\\\/#\\\/schema\\\/logo\\\/image\\\/\"}}]}<\/script>\n<!-- \/ Yoast SEO plugin. -->","yoast_head_json":{"title":"Service Providers\u2019 Monitoring Team - Agenzija Sapport","robots":{"index":"index","follow":"follow","max-snippet":"max-snippet:-1","max-image-preview":"max-image-preview:large","max-video-preview":"max-video-preview:-1"},"canonical":"https:\/\/sapport.gov.mt\/mt\/servizzi\/is-servizzi-tal-entitajiet-nongovernattivi-ngo-u-ta-respite\/","og_locale":"mt_MT","og_type":"article","og_title":"Service Providers\u2019 Monitoring Team - Agenzija Sapport","og_description":"Is-Service Providers\u2019 Monitoring Team fi \u0127dan A\u0121enzija Sapport hu responsabbli g\u0127all-implimentazzjoni u l-\u0121estjoni tal-kuntratti tas-S\u0127ubijiet Pubbli\u010bi-So\u010bjali (PSPs) bejn l-Entitajiet Nongovernattivi (NGO) u l-Ministeru g\u0127all-Inklu\u017cjoni u l-Volontarjat (MIV).","og_url":"https:\/\/sapport.gov.mt\/mt\/servizzi\/is-servizzi-tal-entitajiet-nongovernattivi-ngo-u-ta-respite\/","og_site_name":"Agenzija Sapport","article_modified_time":"2026-03-11T15:49:19+00:00","og_image":[{"width":1200,"height":1600,"url":"https:\/\/sapport.gov.mt\/wp-content\/uploads\/2022\/12\/8.-Respite-Services-1.jpeg","type":"image\/jpeg"}],"twitter_card":"summary_large_image","twitter_misc":{"Est. reading time":"3 minutes"},"schema":{"@context":"https:\/\/schema.org","@graph":[{"@type":"WebPage","@id":"https:\/\/sapport.gov.mt\/mt\/servizzi\/is-servizzi-tal-entitajiet-nongovernattivi-ngo-u-ta-respite\/","url":"https:\/\/sapport.gov.mt\/mt\/servizzi\/is-servizzi-tal-entitajiet-nongovernattivi-ngo-u-ta-respite\/","name":"Service Providers\u2019 Monitoring Team - Agenzija Sapport","isPartOf":{"@id":"https:\/\/sapport.gov.mt\/mt\/#website"},"primaryImageOfPage":{"@id":"https:\/\/sapport.gov.mt\/mt\/servizzi\/is-servizzi-tal-entitajiet-nongovernattivi-ngo-u-ta-respite\/#primaryimage"},"image":{"@id":"https:\/\/sapport.gov.mt\/mt\/servizzi\/is-servizzi-tal-entitajiet-nongovernattivi-ngo-u-ta-respite\/#primaryimage"},"thumbnailUrl":"https:\/\/sapport.gov.mt\/wp-content\/uploads\/2022\/12\/8.-Respite-Services-1.jpeg","datePublished":"2023-03-21T09:50:50+00:00","dateModified":"2026-03-11T15:49:19+00:00","breadcrumb":{"@id":"https:\/\/sapport.gov.mt\/mt\/servizzi\/is-servizzi-tal-entitajiet-nongovernattivi-ngo-u-ta-respite\/#breadcrumb"},"inLanguage":"mt-MT","potentialAction":[{"@type":"ReadAction","target":["https:\/\/sapport.gov.mt\/mt\/servizzi\/is-servizzi-tal-entitajiet-nongovernattivi-ngo-u-ta-respite\/"]}]},{"@type":"ImageObject","inLanguage":"mt-MT","@id":"https:\/\/sapport.gov.mt\/mt\/servizzi\/is-servizzi-tal-entitajiet-nongovernattivi-ngo-u-ta-respite\/#primaryimage","url":"https:\/\/sapport.gov.mt\/wp-content\/uploads\/2022\/12\/8.-Respite-Services-1.jpeg","contentUrl":"https:\/\/sapport.gov.mt\/wp-content\/uploads\/2022\/12\/8.-Respite-Services-1.jpeg","width":1200,"height":1600},{"@type":"BreadcrumbList","@id":"https:\/\/sapport.gov.mt\/mt\/servizzi\/is-servizzi-tal-entitajiet-nongovernattivi-ngo-u-ta-respite\/#breadcrumb","itemListElement":[{"@type":"ListItem","position":1,"name":"Pa\u0121na","item":"https:\/\/sapport.gov.mt\/mt\/"},{"@type":"ListItem","position":2,"name":"Servizzi","item":"https:\/\/sapport.gov.mt\/mt\/servizzi\/"},{"@type":"ListItem","position":3,"name":"Service Providers\u2019 Monitoring Team"}]},{"@type":"WebSite","@id":"https:\/\/sapport.gov.mt\/mt\/#website","url":"https:\/\/sapport.gov.mt\/mt\/","name":"Agenzija Sapport","description":"Providing Professional And Innovative Services To Enhance The Quality Of Life Of Persons With Disabilities","publisher":{"@id":"https:\/\/sapport.gov.mt\/mt\/#organization"},"potentialAction":[{"@type":"SearchAction","target":{"@type":"EntryPoint","urlTemplate":"https:\/\/sapport.gov.mt\/mt\/?s={search_term_string}"},"query-input":{"@type":"PropertyValueSpecification","valueRequired":true,"valueName":"search_term_string"}}],"inLanguage":"mt-MT"},{"@type":"Organization","@id":"https:\/\/sapport.gov.mt\/mt\/#organization","name":"A\u0121enzija Sapport","alternateName":"Sapport Agency","url":"https:\/\/sapport.gov.mt\/mt\/","logo":{"@type":"ImageObject","inLanguage":"mt-MT","@id":"https:\/\/sapport.gov.mt\/mt\/#\/schema\/logo\/image\/","url":"https:\/\/sapport.ppdevplayground.com\/wp-content\/uploads\/2022\/11\/site-logo.png","contentUrl":"https:\/\/sapport.ppdevplayground.com\/wp-content\/uploads\/2022\/11\/site-logo.png","width":320,"height":178,"caption":"A\u0121enzija Sapport"},"image":{"@id":"https:\/\/sapport.gov.mt\/mt\/#\/schema\/logo\/image\/"}}]}},"_links":{"self":[{"href":"https:\/\/sapport.gov.mt\/mt\/wp-json\/wp\/v2\/pages\/2878","targetHints":{"allow":["GET"]}}],"collection":[{"href":"https:\/\/sapport.gov.mt\/mt\/wp-json\/wp\/v2\/pages"}],"about":[{"href":"https:\/\/sapport.gov.mt\/mt\/wp-json\/wp\/v2\/types\/page"}],"author":[{"embeddable":true,"href":"https:\/\/sapport.gov.mt\/mt\/wp-json\/wp\/v2\/users\/3"}],"replies":[{"embeddable":true,"href":"https:\/\/sapport.gov.mt\/mt\/wp-json\/wp\/v2\/comments?post=2878"}],"version-history":[{"count":3,"href":"https:\/\/sapport.gov.mt\/mt\/wp-json\/wp\/v2\/pages\/2878\/revisions"}],"predecessor-version":[{"id":13519,"href":"https:\/\/sapport.gov.mt\/mt\/wp-json\/wp\/v2\/pages\/2878\/revisions\/13519"}],"up":[{"embeddable":true,"href":"https:\/\/sapport.gov.mt\/mt\/wp-json\/wp\/v2\/pages\/2105"}],"wp:featuredmedia":[{"embeddable":true,"href":"https:\/\/sapport.gov.mt\/mt\/wp-json\/wp\/v2\/media\/1057"}],"wp:attachment":[{"href":"https:\/\/sapport.gov.mt\/mt\/wp-json\/wp\/v2\/media?parent=2878"}],"wp:term":[{"taxonomy":"category","embeddable":true,"href":"https:\/\/sapport.gov.mt\/mt\/wp-json\/wp\/v2\/categories?post=2878"}],"curies":[{"name":"wp","href":"https:\/\/api.w.org\/{rel}","templated":true}]}}