{"id":2939,"date":"2023-03-21T14:40:18","date_gmt":"2023-03-21T13:40:18","guid":{"rendered":"https:\/\/sapport.ppdevplayground.com\/?page_id=2939"},"modified":"2023-07-25T09:27:18","modified_gmt":"2023-07-25T07:27:18","slug":"dikjarazzjoni-ta-accessibilita","status":"publish","type":"page","link":"https:\/\/sapport.gov.mt\/mt\/dikjarazzjoni-ta-accessibilita\/","title":{"rendered":"Dikjarazzjoni ta\u2019 A\u010b\u010bessibilit\u00e0"},"content":{"rendered":"<div class=\"banner no-bg-img align\">\n    <div id=\"banner-block_2a98cba5c3b808ab03bf9e58707926cb\" class=\"block-banner no-bg-img\">\n\n\t    <div class=\"blend-mode multiply\">\n\t\t\n                        <div class=\"img inline-bg-image\" role=\"img\" aria-label=\"\" style=\"background-image: url();\"><\/div>\n\n            <div class=\"inner content\">\n\n                \n                <p class=\"breadcrumbs\"><span><span><a href=\"https:\/\/sapport.gov.mt\/mt\/\">Pa\u0121na<\/a><\/span><\/span><\/p>\n                <h1 class=\"h1 white\">Dikjarazzjoni ta\u2019 A\u010b\u010bessibilit\u00e0<\/h1>\n                \n                                \n                                \n            <\/div>\n\n\t\t    <\/div>\n\t\n<\/div><\/div>\n\n<div class=\"two-col-text align\">\n    <div id=\"two-col-text-block_3ae6317511fc39329faf9e565df0d3c3\" class=\"block-two-col-text\">\n<div class=\"inner stbp\">\n\n    <div class=\"post-content custom-bullets\"><h4>Dikjarazzjoni ta\u2019 A\u010b\u010bessibilit\u00e0 g\u0127as-Sit ta\u2019 A\u0121enzija Sapport<\/h4>\n<p>&nbsp;<\/p>\n<p>Din id-dikjarazzjoni tapplika g\u0127as-sit uffi\u010bjali ta\u2019 A\u0121enzija Sapport fuq www.sapport.gov.mt u \u0121iet a\u0121\u0121ornata l-a\u0127\u0127ar fit-30\/03\/2023.<\/p>\n<p>&nbsp;<\/p>\n<p>A\u0121enzija Sapport hija impenjata biex ittejjeb il-kwalit\u00e0 tal-\u0127ajja tal-persuni b\u2019di\u017cabilit\u00e0 permezz ta\u2019 sapport u g\u0127arfien espert innovattivi u personalizzati. Dan isir ukoll permezz ta\u2019 opportunitajiet ugwali, inklu\u017cjoni s\u0127i\u0127a u appo\u0121\u0121. B\u2019hekk, l-A\u0121enzija tippromwovi l-a\u010b\u010bessibilit\u00e0 tal-informazzjoni u l-involviment tal-klijent. Permezz ta\u2019 dan is-sit, l-A\u0121enzija timpenja ru\u0127ha wkoll biex ti\u017cgura l-a\u010b\u010bessibilit\u00e0 di\u0121itali g\u0127all-persuni b\u2019di\u017cabilit\u00e0. A\u0127na qed intejbu b\u2019mod kontinwu l-esperjenza tal-utent g\u0127al kul\u0127add, u qed napplikaw l-istandards tal-a\u010b\u010bessibilit\u00e0 rilevanti kif me\u0127tie\u0121.<\/p>\n<p>&nbsp;<\/p>\n<p>&nbsp;<\/p>\n<h4>Mi\u017curi biex jissapportjaw l-a\u010b\u010bessibilit\u00e0<\/h4>\n<p>&nbsp;<\/p>\n<p>A\u0121enzija Sapport tie\u0127u l-mi\u017curi li \u0121ejjin fl-organizzazzjoni kollha biex ti\u017cgura l-a\u010b\u010bessibilit\u00e0 tas-servizzi tag\u0127ha:<\/p>\n<ul>\n<li>Tipprovdi ta\u0127ri\u0121 regolari lill-impjegati dwar il-produzzjoni ta\u2019 dokumenti a\u010b\u010bessibbli f\u2019format li jinqara fa\u010bilment.<\/li>\n<li>Tadotta metodi ta\u2019 assigurazzjoni tal-a\u010b\u010bessibilit\u00e0 formali permezz ta\u2019 konsultazzjoni regolari ma\u2019 esperti lokali fl-a\u010b\u010bessibilit\u00e0 teknolo\u0121ika b\u0127all-Fondazzjoni g\u0127all-A\u010b\u010bessibilit\u00e0 tal-Informazzjoni u t-Teknolo\u0121ija (FITA)<\/li>\n<li>Tipprovdi dokumenti li jinqraw fa\u010bilment lill-persuni b\u2019di\u017cabilit\u00e0 biex ti\u017cgura l-involviment tal-klijenti fit-te\u0127id tad-de\u010bi\u017cjonijiet<\/li>\n<\/ul>\n<p>&nbsp;<\/p>\n<p>&nbsp;<\/p>\n<h4>Status tal-konformit\u00e0<\/h4>\n<p>&nbsp;<\/p>\n<p>Il-Linji Gwida g\u0127all-A\u010b\u010bessibilit\u00e0 g\u0127all-Kontenut tal-Web (WCAG) jiddefinixxu r-rekwi\u017citi g\u0127ad-disinjaturi u l-i\u017cviluppaturi biex itejbu l-a\u010b\u010bessibilit\u00e0 tas-siti g\u0127all-persuni b\u2019di\u017cabilit\u00e0. Huma jiddefinixxu livelli differenti ta\u2019 konformit\u00e0. Sad-data ta\u2019 din id-dikjarazzjoni, is-sit ta\u2019 Sapport huwa parzjalment konformi mal-WCAG. Jekk jog\u0127\u0121bok irreferi g\u0127at-taqsima tal-Limitazzjonijiet u tal-Alternattivi hawn ta\u0127t g\u0127al aktar dettalji. Dan se ji\u0121i rivedut perjodikament.<\/p>\n<p>&nbsp;<\/p>\n<p>&nbsp;<\/p>\n<h4>Kompatibilit\u00e0 mal-browsers u t-teknolo\u0121ija assistiva<\/h4>\n<p>&nbsp;<\/p>\n<p>Is-sit ta\u2019 Sapport huwa ddisinjat biex tkun kompatibbli mal-browsers ewlenin kollha. U\u0127ud minn dawn jinkludu:<\/p>\n<ul>\n<li>Google Chrome<\/li>\n<li>Microsoft Edge<\/li>\n<li>Safari<\/li>\n<li>Firefox<\/li>\n<\/ul>\n<p>&nbsp;<\/p>\n<h4>Spe\u010bifikazzjonijiet tekni\u010bi u mi\u017curi ta\u2019 a\u010b\u010bessibilit\u00e0 u\u017cati<\/h4>\n<p>&nbsp;<\/p>\n<p>L-a\u010b\u010bessibilit\u00e0 tas-sit ta\u2019 Sapport tiddependi fuq it-teknolo\u0121iji tal-HTML biex ta\u0127dem ma\u2019 browsers diversi u kwalunkwe teknolo\u0121iji assistivi jew plugins installati fuq il-kompjuter tieg\u0127ek.<\/p>\n<p>&nbsp;<\/p>\n<p>Wie\u0127ed jiddependi fuq din it-teknolo\u0121ija g\u0127all-konformit\u00e0 mal-istandards tal-a\u010b\u010bessibilit\u00e0 u\u017cati.<\/p>\n<p>Is-sit ta\u2019 Sapport jimplimenta l-elementi ta\u2019 a\u010b\u010bessibilit\u00e0 li \u0121ejjin:<\/p>\n<p>&nbsp;<\/p>\n<ul>\n<li>Jimmassimizza l-kuntrast tal-kulur g\u0127at-test fejn applikabbli u possibbli<\/li>\n<li>Il-kontenut attwali tal-\u0127olqa huwa deskrittiv bi\u017c\u017cejjed biex jinforma lill-utent fejn qed tindika l-\u0127olqa<\/li>\n<li>Jimplimenta l-\u0127oloq kollha esterni biex jinfet\u0127u f\u2019tabs \u0121odda tal-browser<\/li>\n<li>Jimplimenta mappa tas-sit dinamika u interattiva sabiex tiffa\u010bilita n-navigazzjoni fil-kontenut tas-sit.<\/li>\n<\/ul>\n<p>&nbsp;<\/p>\n<p>&nbsp;<\/p>\n<h4>Rispons<\/h4>\n<p>&nbsp;<\/p>\n<p>A\u0127na nilqg\u0127u r-rispons tieg\u0127ek dwar l-a\u010b\u010bessibilit\u00e0 tas-sit tag\u0127na. Jekk jog\u0127\u0121bok infurmana jekk tiltaqa\u2019 ma\u2019 xi ostakli g\u0127all-a\u010b\u010bessibilit\u00e0 fuq:<\/p>\n<p>&nbsp;<\/p>\n<ul>\n<li>Phone: +356 22568000<\/li>\n<li>E-mail: <a href=\"mailto:marketing.sapport@gov.mt\">marketing.sapport@gov.mt<\/a><\/li>\n<li>Indirizz: A\u0121enzija Sapport, Triq Patri \u0120wann Azzopardi, Santa Venera, SVR1614, Malta\u200b<\/li>\n<\/ul>\n<p>&nbsp;<\/p>\n<p>&nbsp;<\/p>\n<h4>Limitazzjonijiet u Alternattivi<\/h4>\n<p>&nbsp;<\/p>\n<p>B\u0127alissa huma osservati l-limitazzjonijiet li \u0121ejjin:<\/p>\n<ul>\n<li>M\u2019hemmx g\u0127a\u017cla biex taqbe\u017c il-kontenut ripetut<\/li>\n<li>Xi \u0127oloq fuq is-sit jistg\u0127u ji\u0121u identifikati biss permezz tal-kulur<\/li>\n<li>Xi dokumenti PDF jista\u2019 ma jkollhomx l-istil xieraq g\u0127all-u\u017cu mit-teknolo\u0121iji tal-a\u010b\u010bessibilit\u00e0<\/li>\n<\/ul>\n<p>&nbsp;<\/p>\n<p>Limitazzjonijiet o\u0127ra min\u0127abba l-istruttura tal-mudell tas-sit:<\/p>\n<ul>\n<li>Mhux l-imma\u0121ni kollha jista\u2019 jkollhom deskrizzjonijiet u sottotitli tal-ALT tag<\/li>\n<li>Xi testi tal-\u0127oloq m\u2019g\u0127andhomx tifsira (pere\u017cempju: strixxun li jdur)<\/li>\n<\/ul>\n<p>\u200b<\/p>\n<p>A\u0121enzija Sapport timplimenta programm ta\u2019 titjib kontinwu biex tirran\u0121a kwalunkwe problemi bl-a\u010b\u010bessibilit\u00e0 f\u2019dan is-sit i\u017cda minkejja l-akbar sforzi tag\u0127na biex ni\u017cguraw l-a\u010b\u010bessibilit\u00e0, jista\u2019 jkun hemm xi limitazzjonijiet li ma \u0121ewx innutati jew li hemm pjan li jsiru a\u010b\u010bessibbli dalwaqt.<\/p>\n<p>&nbsp;<\/p>\n<p>&nbsp;<\/p>\n<h4>Approvazzjoni formali ta\u2019 din id-dikjarazzjoni ta\u2019 a\u010b\u010bessibilit\u00e0<\/h4>\n<p>&nbsp;<\/p>\n<p>Din id-dikjarazzjoni ta\u2019 a\u010b\u010bessibilit\u00e0 \u0121iet approvata mis-Sur Oliver Scicluna, Kap E\u017cekuttiv ta\u2019 A\u0121enzija Sapport<\/p>\n<p>&nbsp;<\/p>\n<p>&nbsp;<\/p>\n<h4>Ilmenti formali<\/h4>\n<p>&nbsp;<\/p>\n<p>A\u0127na nimmiraw li nirrispondu r-rispons tieg\u0127ek dwar l-a\u010b\u010bessibilit\u00e0 fi \u017cmien jumejn tax-xog\u0127ol, u li nipproponu soluzzjoni fi \u017cmien 10 ijiem tax-xog\u0127ol. Inti intitolat li tressaq ilment lill-Awtorit\u00e0 Maltija tal-Komunikazzjoni fuq <a href=\"https:\/\/www.mca.org.mt\/accessibilitycomplaint\">https:\/\/www.mca.org.mt\/accessibilitycomplaint<\/a> jew lill-Kummissjoni g\u0127ad-Drittijiet ta\u2019 Persuni b\u2019Di\u017cabilit\u00e0, jekk ma tkunx sodisfatt bit-twe\u0121iba tag\u0127na.<\/p>\n<\/div>\n    \n<\/div>\n<\/div><\/div>","protected":false},"excerpt":{"rendered":"","protected":false},"author":3,"featured_media":0,"parent":0,"menu_order":0,"comment_status":"closed","ping_status":"closed","template":"","meta":{"_acf_changed":false,"inline_featured_image":false,"footnotes":""},"categories":[],"class_list":["post-2939","page","type-page","status-publish","hentry"],"acf":[],"yoast_head":"<!-- This site is optimized with the Yoast SEO plugin v27.4 - https:\/\/yoast.com\/product\/yoast-seo-wordpress\/ -->\n<title>Dikjarazzjoni ta\u2019 A\u010b\u010bessibilit\u00e0 - Agenzija Sapport<\/title>\n<meta name=\"robots\" content=\"index, follow, max-snippet:-1, max-image-preview:large, max-video-preview:-1\" \/>\n<link rel=\"canonical\" href=\"https:\/\/sapport.gov.mt\/mt\/dikjarazzjoni-ta-accessibilita\/\" \/>\n<meta property=\"og:locale\" content=\"mt_MT\" \/>\n<meta property=\"og:type\" content=\"article\" \/>\n<meta property=\"og:title\" content=\"Dikjarazzjoni ta\u2019 A\u010b\u010bessibilit\u00e0 - Agenzija Sapport\" \/>\n<meta property=\"og:url\" content=\"https:\/\/sapport.gov.mt\/mt\/dikjarazzjoni-ta-accessibilita\/\" \/>\n<meta property=\"og:site_name\" content=\"Agenzija Sapport\" \/>\n<meta property=\"article:modified_time\" content=\"2023-07-25T07:27:18+00:00\" \/>\n<meta name=\"twitter:card\" content=\"summary_large_image\" \/>\n<script type=\"application\/ld+json\" class=\"yoast-schema-graph\">{\"@context\":\"https:\\\/\\\/schema.org\",\"@graph\":[{\"@type\":\"WebPage\",\"@id\":\"https:\\\/\\\/sapport.gov.mt\\\/mt\\\/dikjarazzjoni-ta-accessibilita\\\/\",\"url\":\"https:\\\/\\\/sapport.gov.mt\\\/mt\\\/dikjarazzjoni-ta-accessibilita\\\/\",\"name\":\"Dikjarazzjoni ta\u2019 A\u010b\u010bessibilit\u00e0 - Agenzija Sapport\",\"isPartOf\":{\"@id\":\"https:\\\/\\\/sapport.gov.mt\\\/mt\\\/#website\"},\"datePublished\":\"2023-03-21T13:40:18+00:00\",\"dateModified\":\"2023-07-25T07:27:18+00:00\",\"breadcrumb\":{\"@id\":\"https:\\\/\\\/sapport.gov.mt\\\/mt\\\/dikjarazzjoni-ta-accessibilita\\\/#breadcrumb\"},\"inLanguage\":\"mt-MT\",\"potentialAction\":[{\"@type\":\"ReadAction\",\"target\":[\"https:\\\/\\\/sapport.gov.mt\\\/mt\\\/dikjarazzjoni-ta-accessibilita\\\/\"]}]},{\"@type\":\"BreadcrumbList\",\"@id\":\"https:\\\/\\\/sapport.gov.mt\\\/mt\\\/dikjarazzjoni-ta-accessibilita\\\/#breadcrumb\",\"itemListElement\":[{\"@type\":\"ListItem\",\"position\":1,\"name\":\"Pa\u0121na\",\"item\":\"https:\\\/\\\/sapport.gov.mt\\\/mt\\\/\"},{\"@type\":\"ListItem\",\"position\":2,\"name\":\"Dikjarazzjoni ta\u2019 A\u010b\u010bessibilit\u00e0\"}]},{\"@type\":\"WebSite\",\"@id\":\"https:\\\/\\\/sapport.gov.mt\\\/mt\\\/#website\",\"url\":\"https:\\\/\\\/sapport.gov.mt\\\/mt\\\/\",\"name\":\"Agenzija Sapport\",\"description\":\"Providing Professional And Innovative Services To Enhance The Quality Of Life Of Persons With Disabilities\",\"publisher\":{\"@id\":\"https:\\\/\\\/sapport.gov.mt\\\/mt\\\/#organization\"},\"potentialAction\":[{\"@type\":\"SearchAction\",\"target\":{\"@type\":\"EntryPoint\",\"urlTemplate\":\"https:\\\/\\\/sapport.gov.mt\\\/mt\\\/?s={search_term_string}\"},\"query-input\":{\"@type\":\"PropertyValueSpecification\",\"valueRequired\":true,\"valueName\":\"search_term_string\"}}],\"inLanguage\":\"mt-MT\"},{\"@type\":\"Organization\",\"@id\":\"https:\\\/\\\/sapport.gov.mt\\\/mt\\\/#organization\",\"name\":\"A\u0121enzija Sapport\",\"alternateName\":\"Sapport Agency\",\"url\":\"https:\\\/\\\/sapport.gov.mt\\\/mt\\\/\",\"logo\":{\"@type\":\"ImageObject\",\"inLanguage\":\"mt-MT\",\"@id\":\"https:\\\/\\\/sapport.gov.mt\\\/mt\\\/#\\\/schema\\\/logo\\\/image\\\/\",\"url\":\"https:\\\/\\\/sapport.ppdevplayground.com\\\/wp-content\\\/uploads\\\/2022\\\/11\\\/site-logo.png\",\"contentUrl\":\"https:\\\/\\\/sapport.ppdevplayground.com\\\/wp-content\\\/uploads\\\/2022\\\/11\\\/site-logo.png\",\"width\":320,\"height\":178,\"caption\":\"A\u0121enzija Sapport\"},\"image\":{\"@id\":\"https:\\\/\\\/sapport.gov.mt\\\/mt\\\/#\\\/schema\\\/logo\\\/image\\\/\"}}]}<\/script>\n<!-- \/ Yoast SEO plugin. -->","yoast_head_json":{"title":"Dikjarazzjoni ta\u2019 A\u010b\u010bessibilit\u00e0 - Agenzija Sapport","robots":{"index":"index","follow":"follow","max-snippet":"max-snippet:-1","max-image-preview":"max-image-preview:large","max-video-preview":"max-video-preview:-1"},"canonical":"https:\/\/sapport.gov.mt\/mt\/dikjarazzjoni-ta-accessibilita\/","og_locale":"mt_MT","og_type":"article","og_title":"Dikjarazzjoni ta\u2019 A\u010b\u010bessibilit\u00e0 - Agenzija Sapport","og_url":"https:\/\/sapport.gov.mt\/mt\/dikjarazzjoni-ta-accessibilita\/","og_site_name":"Agenzija Sapport","article_modified_time":"2023-07-25T07:27:18+00:00","twitter_card":"summary_large_image","schema":{"@context":"https:\/\/schema.org","@graph":[{"@type":"WebPage","@id":"https:\/\/sapport.gov.mt\/mt\/dikjarazzjoni-ta-accessibilita\/","url":"https:\/\/sapport.gov.mt\/mt\/dikjarazzjoni-ta-accessibilita\/","name":"Dikjarazzjoni ta\u2019 A\u010b\u010bessibilit\u00e0 - Agenzija Sapport","isPartOf":{"@id":"https:\/\/sapport.gov.mt\/mt\/#website"},"datePublished":"2023-03-21T13:40:18+00:00","dateModified":"2023-07-25T07:27:18+00:00","breadcrumb":{"@id":"https:\/\/sapport.gov.mt\/mt\/dikjarazzjoni-ta-accessibilita\/#breadcrumb"},"inLanguage":"mt-MT","potentialAction":[{"@type":"ReadAction","target":["https:\/\/sapport.gov.mt\/mt\/dikjarazzjoni-ta-accessibilita\/"]}]},{"@type":"BreadcrumbList","@id":"https:\/\/sapport.gov.mt\/mt\/dikjarazzjoni-ta-accessibilita\/#breadcrumb","itemListElement":[{"@type":"ListItem","position":1,"name":"Pa\u0121na","item":"https:\/\/sapport.gov.mt\/mt\/"},{"@type":"ListItem","position":2,"name":"Dikjarazzjoni ta\u2019 A\u010b\u010bessibilit\u00e0"}]},{"@type":"WebSite","@id":"https:\/\/sapport.gov.mt\/mt\/#website","url":"https:\/\/sapport.gov.mt\/mt\/","name":"Agenzija Sapport","description":"Providing Professional And Innovative Services To Enhance The Quality Of Life Of Persons With Disabilities","publisher":{"@id":"https:\/\/sapport.gov.mt\/mt\/#organization"},"potentialAction":[{"@type":"SearchAction","target":{"@type":"EntryPoint","urlTemplate":"https:\/\/sapport.gov.mt\/mt\/?s={search_term_string}"},"query-input":{"@type":"PropertyValueSpecification","valueRequired":true,"valueName":"search_term_string"}}],"inLanguage":"mt-MT"},{"@type":"Organization","@id":"https:\/\/sapport.gov.mt\/mt\/#organization","name":"A\u0121enzija Sapport","alternateName":"Sapport Agency","url":"https:\/\/sapport.gov.mt\/mt\/","logo":{"@type":"ImageObject","inLanguage":"mt-MT","@id":"https:\/\/sapport.gov.mt\/mt\/#\/schema\/logo\/image\/","url":"https:\/\/sapport.ppdevplayground.com\/wp-content\/uploads\/2022\/11\/site-logo.png","contentUrl":"https:\/\/sapport.ppdevplayground.com\/wp-content\/uploads\/2022\/11\/site-logo.png","width":320,"height":178,"caption":"A\u0121enzija Sapport"},"image":{"@id":"https:\/\/sapport.gov.mt\/mt\/#\/schema\/logo\/image\/"}}]}},"_links":{"self":[{"href":"https:\/\/sapport.gov.mt\/mt\/wp-json\/wp\/v2\/pages\/2939","targetHints":{"allow":["GET"]}}],"collection":[{"href":"https:\/\/sapport.gov.mt\/mt\/wp-json\/wp\/v2\/pages"}],"about":[{"href":"https:\/\/sapport.gov.mt\/mt\/wp-json\/wp\/v2\/types\/page"}],"author":[{"embeddable":true,"href":"https:\/\/sapport.gov.mt\/mt\/wp-json\/wp\/v2\/users\/3"}],"replies":[{"embeddable":true,"href":"https:\/\/sapport.gov.mt\/mt\/wp-json\/wp\/v2\/comments?post=2939"}],"version-history":[{"count":0,"href":"https:\/\/sapport.gov.mt\/mt\/wp-json\/wp\/v2\/pages\/2939\/revisions"}],"wp:attachment":[{"href":"https:\/\/sapport.gov.mt\/mt\/wp-json\/wp\/v2\/media?parent=2939"}],"wp:term":[{"taxonomy":"category","embeddable":true,"href":"https:\/\/sapport.gov.mt\/mt\/wp-json\/wp\/v2\/categories?post=2939"}],"curies":[{"name":"wp","href":"https:\/\/api.w.org\/{rel}","templated":true}]}}