{"id":2973,"date":"2023-03-21T15:47:18","date_gmt":"2023-03-21T14:47:18","guid":{"rendered":"https:\/\/sapport.ppdevplayground.com\/?page_id=2973"},"modified":"2026-04-29T08:04:18","modified_gmt":"2026-04-29T06:04:18","slug":"sejhiet-pubblici","status":"publish","type":"page","link":"https:\/\/sapport.gov.mt\/mt\/sejhiet-pubblici\/","title":{"rendered":"Sej\u0127iet Pubbli\u010bi"},"content":{"rendered":"<div class=\"banner align\">\n    <div id=\"banner-block_a0c8f7a28d5ff78f4cdf9053a08b1728\" class=\"block-banner\">\n\n\t    <div class=\"blend-mode multiply\">\n\t\t\n                        <div class=\"img inline-bg-image lazyload\" role=\"img\" aria-label=\"Girl typing on laptop by the desk\" style=\"background-image:inherit;\" data-bg-image=\"url(https:\/\/sapport.gov.mt\/wp-content\/uploads\/2022\/11\/Resources-banner-scaled.jpg)\"><\/div>\n\n            <div class=\"inner content\">\n\n                \n                <p class=\"breadcrumbs\"><span><span><a href=\"https:\/\/sapport.gov.mt\/mt\/\">Pa\u0121na<\/a><\/span><\/span><\/p>\n                <h1 class=\"h1 white\">Sej\u0127iet Pubbli\u010bi<\/h1>\n                \n                                \n                                \n            <\/div>\n\n\t\t    <\/div>\n\t\n<\/div><\/div>\n\n<div class=\"tabs align\">\n    <div id=\"tabs-block_da0753f9746a884621b93ba30f064bdf\" class=\"block-tabs\">\n    <div class=\"inner np flex-columns stretch\">\n\n        <div class=\"col-35 left-side\">\n\n            \n                        <ul id=\"tabs-nav\" class=\"tabs-nav\">\n                \n                    <li class=\"tab-title\">\n                        <a id=\"offerti\" href=\"#tabs-content\" data-tab=\"#tab1\" class=\"tab-nav\">\n\n                                                                                        <img decoding=\"async\" class=\"tab-icon lazyload\" data-src=\"https:\/\/sapport.gov.mt\/wp-content\/uploads\/2022\/11\/Tenders-icon.svg\" alt=\"Folders icon\" src=\"data:image\/svg+xml;base64,PHN2ZyB3aWR0aD0iMSIgaGVpZ2h0PSIxIiB4bWxucz0iaHR0cDovL3d3dy53My5vcmcvMjAwMC9zdmciPjwvc3ZnPg==\" \/><span class=\"tab-title-text\">OFFERTI<\/span>\n                        <\/a>\n                    <\/li>\n            \n                \n                    <li class=\"tab-title\">\n                        <a id=\"sejiet-gal-kwotazzjoni\" href=\"#tabs-content\" data-tab=\"#tab2\" class=\"tab-nav\">\n\n                                                                                        <img decoding=\"async\" class=\"tab-icon lazyload\" data-src=\"https:\/\/sapport.gov.mt\/wp-content\/uploads\/2022\/11\/Calls-for-quatations-icon.svg\" alt=\"Megaphone icon\" src=\"data:image\/svg+xml;base64,PHN2ZyB3aWR0aD0iMSIgaGVpZ2h0PSIxIiB4bWxucz0iaHR0cDovL3d3dy53My5vcmcvMjAwMC9zdmciPjwvc3ZnPg==\" \/><span class=\"tab-title-text\">Sej\u0127iet g\u0127al Kwotazzjoni<\/span>\n                        <\/a>\n                    <\/li>\n            \n                            <\/ul>\n            \n        <\/div>\n\n        <div class=\"col-65 right-side\">\n\n            \n                        <div id=\"tabs-content\" class=\"tabs-content\">\n                \n                <div id=\"tab1\" class=\"tab-content\">\n                \n                                                                    <div class=\"inner-section\">\n\n                            <h2 class=\"h4 nun blue\">Offerti<\/h2>\n                            \n                            \n                            \n                            \n                            \n                                                        <div class=\"rows\">\n                                                                <div class=\"row flex-columns\">\n\n                                    <div class=\"text col-70\">B\u0127alissa m&#8217;g\u0127andna l-ebda sej\u0127a g\u0127al offerti<\/div>\n\n                                    \n                                                                        \n                                    \n                                                                        \n                                    \n                                                                        \n                                <\/div>\n                                                            <\/div>\n                                                    <\/div>\n                                            \n                                            \n                        <div class=\"post-content\"><p><strong>G\u0127al aktar informazzjoni dwar Sej\u0127iet g\u0127al Kwotazzjoni u Offerti \u017cur <a href=\"https:\/\/www.etenders.gov.mt\u200b\u200b\u200b\u200b\u200b\" target=\"_blank\" rel=\"noopener\">www.etenders.gov.mt\u200b\u200b\u200b\u200b\u200b<\/a><\/strong><\/p>\n<\/div>\n                    \n                    \n\n                                    \n                <\/div>\n\n                \n                <div id=\"tab2\" class=\"tab-content\">\n                \n                                                                    <div class=\"inner-section\">\n\n                            <h2 class=\"h4 nun blue\">Sej\u0127iet g\u0127al Kwotazzjoni<\/h2>\n                            \n                            \n                            \n                            \n                            \n                                                        <div class=\"rows\">\n                                                                <div class=\"row flex-columns\">\n\n                                    <div class=\"text col-70\">B\u0127alissa m&#8217;g\u0127andna l-ebda sej\u0127a g\u0127al kwotazzjonijiet<\/div>\n\n                                    \n                                                                        \n                                    \n                                                                        \n                                    \n                                                                        \n                                <\/div>\n                                                            <\/div>\n                                                    <\/div>\n                                            \n                                        \n                    \n\n                                    \n                <\/div>\n\n                            <\/div>\n\n        <\/div>\n<\/div>\n<\/div>\n\n\n<p><\/p>\n","protected":false},"excerpt":{"rendered":"","protected":false},"author":3,"featured_media":0,"parent":0,"menu_order":0,"comment_status":"closed","ping_status":"closed","template":"","meta":{"_acf_changed":false,"inline_featured_image":false,"footnotes":""},"categories":[],"class_list":["post-2973","page","type-page","status-publish","hentry"],"acf":[],"yoast_head":"<!-- This site is optimized with the Yoast SEO plugin v27.6 - https:\/\/yoast.com\/product\/yoast-seo-wordpress\/ -->\n<title>Sej\u0127iet Pubbli\u010bi - Agenzija Sapport<\/title>\n<meta name=\"robots\" content=\"index, follow, max-snippet:-1, max-image-preview:large, max-video-preview:-1\" \/>\n<link rel=\"canonical\" href=\"https:\/\/sapport.gov.mt\/mt\/sejhiet-pubblici\/\" \/>\n<meta property=\"og:locale\" content=\"mt_MT\" \/>\n<meta property=\"og:type\" content=\"article\" \/>\n<meta property=\"og:title\" content=\"Sej\u0127iet Pubbli\u010bi - Agenzija Sapport\" \/>\n<meta property=\"og:url\" content=\"https:\/\/sapport.gov.mt\/mt\/sejhiet-pubblici\/\" \/>\n<meta property=\"og:site_name\" content=\"Agenzija Sapport\" \/>\n<meta property=\"article:modified_time\" content=\"2026-04-29T06:04:18+00:00\" \/>\n<meta name=\"twitter:card\" content=\"summary_large_image\" \/>\n<meta name=\"twitter:label1\" content=\"Est. reading time\" \/>\n\t<meta name=\"twitter:data1\" content=\"1 minute\" \/>\n<script type=\"application\/ld+json\" class=\"yoast-schema-graph\">{\"@context\":\"https:\\\/\\\/schema.org\",\"@graph\":[{\"@type\":\"WebPage\",\"@id\":\"https:\\\/\\\/sapport.gov.mt\\\/mt\\\/sejhiet-pubblici\\\/\",\"url\":\"https:\\\/\\\/sapport.gov.mt\\\/mt\\\/sejhiet-pubblici\\\/\",\"name\":\"Sej\u0127iet Pubbli\u010bi - Agenzija Sapport\",\"isPartOf\":{\"@id\":\"https:\\\/\\\/sapport.gov.mt\\\/mt\\\/#website\"},\"datePublished\":\"2023-03-21T14:47:18+00:00\",\"dateModified\":\"2026-04-29T06:04:18+00:00\",\"breadcrumb\":{\"@id\":\"https:\\\/\\\/sapport.gov.mt\\\/mt\\\/sejhiet-pubblici\\\/#breadcrumb\"},\"inLanguage\":\"mt-MT\",\"potentialAction\":[{\"@type\":\"ReadAction\",\"target\":[\"https:\\\/\\\/sapport.gov.mt\\\/mt\\\/sejhiet-pubblici\\\/\"]}]},{\"@type\":\"BreadcrumbList\",\"@id\":\"https:\\\/\\\/sapport.gov.mt\\\/mt\\\/sejhiet-pubblici\\\/#breadcrumb\",\"itemListElement\":[{\"@type\":\"ListItem\",\"position\":1,\"name\":\"Pa\u0121na\",\"item\":\"https:\\\/\\\/sapport.gov.mt\\\/mt\\\/\"},{\"@type\":\"ListItem\",\"position\":2,\"name\":\"Sej\u0127iet Pubbli\u010bi\"}]},{\"@type\":\"WebSite\",\"@id\":\"https:\\\/\\\/sapport.gov.mt\\\/mt\\\/#website\",\"url\":\"https:\\\/\\\/sapport.gov.mt\\\/mt\\\/\",\"name\":\"Agenzija Sapport\",\"description\":\"Providing Professional And Innovative Services To Enhance The Quality Of Life Of Persons With Disabilities\",\"publisher\":{\"@id\":\"https:\\\/\\\/sapport.gov.mt\\\/mt\\\/#organization\"},\"potentialAction\":[{\"@type\":\"SearchAction\",\"target\":{\"@type\":\"EntryPoint\",\"urlTemplate\":\"https:\\\/\\\/sapport.gov.mt\\\/mt\\\/?s={search_term_string}\"},\"query-input\":{\"@type\":\"PropertyValueSpecification\",\"valueRequired\":true,\"valueName\":\"search_term_string\"}}],\"inLanguage\":\"mt-MT\"},{\"@type\":\"Organization\",\"@id\":\"https:\\\/\\\/sapport.gov.mt\\\/mt\\\/#organization\",\"name\":\"A\u0121enzija Sapport\",\"alternateName\":\"Sapport Agency\",\"url\":\"https:\\\/\\\/sapport.gov.mt\\\/mt\\\/\",\"logo\":{\"@type\":\"ImageObject\",\"inLanguage\":\"mt-MT\",\"@id\":\"https:\\\/\\\/sapport.gov.mt\\\/mt\\\/#\\\/schema\\\/logo\\\/image\\\/\",\"url\":\"https:\\\/\\\/sapport.ppdevplayground.com\\\/wp-content\\\/uploads\\\/2022\\\/11\\\/site-logo.png\",\"contentUrl\":\"https:\\\/\\\/sapport.ppdevplayground.com\\\/wp-content\\\/uploads\\\/2022\\\/11\\\/site-logo.png\",\"width\":320,\"height\":178,\"caption\":\"A\u0121enzija Sapport\"},\"image\":{\"@id\":\"https:\\\/\\\/sapport.gov.mt\\\/mt\\\/#\\\/schema\\\/logo\\\/image\\\/\"}}]}<\/script>\n<!-- \/ Yoast SEO plugin. -->","yoast_head_json":{"title":"Sej\u0127iet Pubbli\u010bi - Agenzija Sapport","robots":{"index":"index","follow":"follow","max-snippet":"max-snippet:-1","max-image-preview":"max-image-preview:large","max-video-preview":"max-video-preview:-1"},"canonical":"https:\/\/sapport.gov.mt\/mt\/sejhiet-pubblici\/","og_locale":"mt_MT","og_type":"article","og_title":"Sej\u0127iet Pubbli\u010bi - Agenzija Sapport","og_url":"https:\/\/sapport.gov.mt\/mt\/sejhiet-pubblici\/","og_site_name":"Agenzija Sapport","article_modified_time":"2026-04-29T06:04:18+00:00","twitter_card":"summary_large_image","twitter_misc":{"Est. reading time":"1 minute"},"schema":{"@context":"https:\/\/schema.org","@graph":[{"@type":"WebPage","@id":"https:\/\/sapport.gov.mt\/mt\/sejhiet-pubblici\/","url":"https:\/\/sapport.gov.mt\/mt\/sejhiet-pubblici\/","name":"Sej\u0127iet Pubbli\u010bi - Agenzija Sapport","isPartOf":{"@id":"https:\/\/sapport.gov.mt\/mt\/#website"},"datePublished":"2023-03-21T14:47:18+00:00","dateModified":"2026-04-29T06:04:18+00:00","breadcrumb":{"@id":"https:\/\/sapport.gov.mt\/mt\/sejhiet-pubblici\/#breadcrumb"},"inLanguage":"mt-MT","potentialAction":[{"@type":"ReadAction","target":["https:\/\/sapport.gov.mt\/mt\/sejhiet-pubblici\/"]}]},{"@type":"BreadcrumbList","@id":"https:\/\/sapport.gov.mt\/mt\/sejhiet-pubblici\/#breadcrumb","itemListElement":[{"@type":"ListItem","position":1,"name":"Pa\u0121na","item":"https:\/\/sapport.gov.mt\/mt\/"},{"@type":"ListItem","position":2,"name":"Sej\u0127iet Pubbli\u010bi"}]},{"@type":"WebSite","@id":"https:\/\/sapport.gov.mt\/mt\/#website","url":"https:\/\/sapport.gov.mt\/mt\/","name":"Agenzija Sapport","description":"Providing Professional And Innovative Services To Enhance The Quality Of Life Of Persons With Disabilities","publisher":{"@id":"https:\/\/sapport.gov.mt\/mt\/#organization"},"potentialAction":[{"@type":"SearchAction","target":{"@type":"EntryPoint","urlTemplate":"https:\/\/sapport.gov.mt\/mt\/?s={search_term_string}"},"query-input":{"@type":"PropertyValueSpecification","valueRequired":true,"valueName":"search_term_string"}}],"inLanguage":"mt-MT"},{"@type":"Organization","@id":"https:\/\/sapport.gov.mt\/mt\/#organization","name":"A\u0121enzija Sapport","alternateName":"Sapport Agency","url":"https:\/\/sapport.gov.mt\/mt\/","logo":{"@type":"ImageObject","inLanguage":"mt-MT","@id":"https:\/\/sapport.gov.mt\/mt\/#\/schema\/logo\/image\/","url":"https:\/\/sapport.ppdevplayground.com\/wp-content\/uploads\/2022\/11\/site-logo.png","contentUrl":"https:\/\/sapport.ppdevplayground.com\/wp-content\/uploads\/2022\/11\/site-logo.png","width":320,"height":178,"caption":"A\u0121enzija Sapport"},"image":{"@id":"https:\/\/sapport.gov.mt\/mt\/#\/schema\/logo\/image\/"}}]}},"_links":{"self":[{"href":"https:\/\/sapport.gov.mt\/mt\/wp-json\/wp\/v2\/pages\/2973","targetHints":{"allow":["GET"]}}],"collection":[{"href":"https:\/\/sapport.gov.mt\/mt\/wp-json\/wp\/v2\/pages"}],"about":[{"href":"https:\/\/sapport.gov.mt\/mt\/wp-json\/wp\/v2\/types\/page"}],"author":[{"embeddable":true,"href":"https:\/\/sapport.gov.mt\/mt\/wp-json\/wp\/v2\/users\/3"}],"replies":[{"embeddable":true,"href":"https:\/\/sapport.gov.mt\/mt\/wp-json\/wp\/v2\/comments?post=2973"}],"version-history":[{"count":3,"href":"https:\/\/sapport.gov.mt\/mt\/wp-json\/wp\/v2\/pages\/2973\/revisions"}],"predecessor-version":[{"id":13795,"href":"https:\/\/sapport.gov.mt\/mt\/wp-json\/wp\/v2\/pages\/2973\/revisions\/13795"}],"wp:attachment":[{"href":"https:\/\/sapport.gov.mt\/mt\/wp-json\/wp\/v2\/media?parent=2973"}],"wp:term":[{"taxonomy":"category","embeddable":true,"href":"https:\/\/sapport.gov.mt\/mt\/wp-json\/wp\/v2\/categories?post=2973"}],"curies":[{"name":"wp","href":"https:\/\/api.w.org\/{rel}","templated":true}]}}