{"id":2977,"date":"2023-03-21T16:52:47","date_gmt":"2023-03-21T15:52:47","guid":{"rendered":"https:\/\/sapport.ppdevplayground.com\/?page_id=2977"},"modified":"2025-01-14T14:42:47","modified_gmt":"2025-01-14T13:42:47","slug":"skema-ghall-ezenzjoni-mill-hlas-tal-licenzja-tat-triq-fuq-vettura","status":"publish","type":"page","link":"https:\/\/sapport.gov.mt\/mt\/skemi\/skema-ghall-ezenzjoni-mill-hlas-tal-licenzja-tat-triq-fuq-vettura\/","title":{"rendered":"Skema g\u0127all-E\u017cenzjoni mill-\u0126las tal-Li\u010benzja tat-Triq fuq Vettura"},"content":{"rendered":"<div class=\"banner align\">\n    <div id=\"banner-block_30c0e2dd0c9a54231dea73960dba0307\" class=\"block-banner\">\n\n\t    <div class=\"blend-mode multiply\">\n\t\t\n                        <div class=\"img inline-bg-image lazyload\" role=\"img\" aria-label=\"apply-online-application-form-recruitment-concept-scaled\" style=\"background-image:inherit;\" data-bg-image=\"url(https:\/\/sapport.gov.mt\/wp-content\/uploads\/2022\/11\/apply-online-application-form-recruitment-concept-scaled.jpg)\"><\/div>\n\n            <div class=\"inner content\">\n\n                \n                <p class=\"breadcrumbs\"><span><span><a href=\"https:\/\/sapport.gov.mt\/mt\/\">Pa\u0121na<\/a><\/span><\/span><\/p>\n                <h1 class=\"h1 white\">Skema g\u0127all-E\u017cenzjoni mill-\u0126las tal-Li\u010benzja tat-Triq fuq Vettura<\/h1>\n                \n                                \n                                \n            <\/div>\n\n\t\t    <\/div>\n\t\n<\/div><\/div>\n\n<div class=\"two-col-text align\">\n    <div id=\"two-col-text-block_c1240aafbdd29e3600c47887c8992ad9\" class=\"block-two-col-text\">\n<div class=\"inner stbp\">\n\n    <div class=\"post-content custom-bullets\"><p>L-iskema g\u0127all-E\u017cenzjoni mill-\u0126las tal-Li\u010benzja tat-Triq fuq Vettura te\u017centa lill-persuni b\u2019di\u017cabilit\u00e0 jew lill-\u0121enituri \/ kuraturi tag\u0127hom parzjalment jew totalment milli j\u0127allsu l-li\u010benzja tat-triq annwali.<\/p>\n<p>&nbsp;<\/p>\n<p>G\u0127andha ti\u0121i ppre\u017centata formola tal-applikazzjoni flimkien ma\u2019:<\/p>\n<ol>\n<li>kopja tal-Karta Ewropea tad-Di\u017cabilit\u00e0<\/li>\n<li>kopja tal-li\u010benzja tas-sewqan (jekk applikabli)<\/li>\n<li>kopja tal-li\u010benzja tat-triq (id-dokument tond mehmu\u017c mal-windscreen tal-vettura)<\/li>\n<li>kopja tal-logbook tal-vettura<\/li>\n<li>Fotokopji tal-Karti tal-Identita\u2019 rispettivi, , f\u2019ka\u017c li \u0121enituri (carers), jew membri tal-familja tal-ewwel grad ta\u2019 parentela, jew il-konju\u0121i qeg\u0127din japplikaw f\u2019isem l-applikant, fejn applikabli.<\/li>\n<\/ol>\n<p>&nbsp;<\/p>\n<p>Jekk l-individwu jkun qed japplika g\u0127all-ewwel darba, jew jekk il-b\u017connijiet g\u0127all-vettura tieg\u0127u jkunu nbidlu mill-a\u0127\u0127ar applikazzjoni, se jintalab jattendi laqg\u0127a mal-Occupational Therapist biex isir assessjar.<\/p>\n<p>&nbsp;<\/p>\n<p>Malli jitlestew id-dokumenti kollha, l-applikazzjoni tintbag\u0127at lill-Ministeru g\u0127all-Finanzi u x-Xog\u0127ol g\u0127all-konsiderazzjoni tal-Bord. L-ittra ta\u2019 de\u010bi\u017cjoni li ting\u0127ata l-e\u017cenzjoni mill-\u0127las tal-li\u010benzja tat-triq tin\u0127are\u0121 mill-a\u0127\u0127ar mill-Ministeru g\u0127all-Finanzi u x-Xog\u0127ol.<\/p>\n<\/div>\n    \n<\/div>\n<\/div><\/div>\n\n<div class=\"eligible-apply align\">\n    <div id=\"eligible-apply-block_8cc522cf3416410391a236fe04b4faef\" class=\"block-eligible-apply\">\n    <div class=\"inner flex-columns stretch\">\n\n    \n\t    <div class=\"col-50 left-side\">\n\t\t\n\t\t\t<h2 class=\"h2 light-pink\">Kriterji<\/h2>\n            <div class=\"post-content custom-bullets white\"><ul>\n<li>Il-vetturi rre\u0121istrati f\u2019Malta mill-1 ta\u2019 Jannar 2009, ma jikkwalifikawx g\u0127al-E\u017cenzjoni tal-Li\u010benzja tat-Triq jekk l-emissjonijiet tas-CO<sub>2<\/sub> huma g\u0127oljin <em>(MHUX aktar minn 150g\/km g\u0127all-magni di\u017cil u MHUX aktar minn 180g\/km g\u0127all-magni petrol).<\/em> Hija r-responsabilit\u00e0 tal-applikant li ji\u010b\u010bekkja l-livell tal-emissjonijiet tal-vettura fuq il-logbook. Dan huwa indikat ukoll fuq l-a\u0127\u0127ar pa\u0121na tal-applikazzjoni.<\/li>\n<li>Jekk id-di\u017cabilit\u00e0 tal-individwu bdiet meta kellu 65 sena jew aktar tard, hu jrid ikun is-sewwieq biex jibbenefika mill-Iskemi ta\u2019 E\u017cenzjoni mil-Li\u010benzja tat-Triq. Madankollu, dan ma japplikax g\u0127all-individwi li japplikaw g\u0127all-E\u017cenzjoni fuq Vetturi A\u010b\u010bessibbli g\u0127as-Si\u0121\u0121u tar-Roti.<\/li>\n<li>L-approvazzjoni g\u0127all-e\u017cenzjoni mil-Li\u010benzja tat-Triq tista\u2019 twassal g\u0127al e\u017cenzjoni totali jew g\u0127al 50% tal-e\u017cenzjoni.<\/li>\n<\/ul>\n<p>&nbsp;<\/p>\n<p><a href=\"https:\/\/sapport.gov.mt\/wp-content\/uploads\/2023\/01\/Skema-dwar-Ezenzjonijiet-Trahhis-Ghotjiet-relatati-ma-Vetturi-bil-Mutur-ghal-Persuni-bDizabilita-vs-3_.pdf\" target=\"_blank\" rel=\"noopener\">Ag\u0127fas fuq din il-\u0127olqa g\u0127al kopja tal-linji gwida tal-iskema.<\/a><\/p>\n<\/div>\n\n\t\t    <\/div>\n\t\n    \n\t    <div class=\"col-50 right-side\">\n\t\t\n            <h2 class=\"h2 light-pink\">Kif g\u0127andek tapplika<\/h2>\n\n            <div class=\"content\">\n                <div class=\"post-content custom-bullets white\"><p>Dawk interessati li japplikaw g\u0127al din l-e\u017cenzjoni jistg\u0127u jimlew il-formola tal-applikazzjoni online, jni\u017c\u017clu l-applikazzjoni u jibg\u0127atuha email, imorru biha personalment jew jibag\u0127tuha bil-posta fl-indirizz ta’ hawn ta\u0127t.<\/p>\n<\/div>\n\n                                                    <a class=\"btn\" href=\"https:\/\/www.servizz.gov.mt\/mt\/Pages\/Inklu_joni_-Ugwaljanza-u-_arsien-So_jali\/Inklu_joni-So_jali\/Persuni-b_Di_abilit_\/WEB620\/default.aspx\" target=\"_blank\">IMLA L-APPLIKAZZJONI ONLINE<\/a>\n                \n                <br>\n\n                                                    <a class=\"btn\" href=\"https:\/\/sapport.gov.mt\/wp-content\/uploads\/2025\/01\/Applikazzjoni-ghal-Ezenzjoni-mill-Hlas-tal-Licenzja-tat-Triq_MT.pdf\" target=\"_blank\">AG\u0126FAS HAWN G\u0126AL KOPJA TAL-APPLIKAZZJONI<\/a>\n                            <\/div>\n\n            <div class=\"blend-mode luminosity\">\n                                <div class=\"img inline-bg-image lazyload\" role=\"img\" aria-label=\"\" style=\"background-image:inherit;\" data-bg-image=\"url(https:\/\/sapport.gov.mt\/wp-content\/uploads\/2022\/12\/3.-Vehicle-Road-Licence-under-pink-block-scaled.jpg)\"><\/div>\n            <\/div>\n\n\t\t    <\/div>\n\t\n    <\/div>\n<\/div><\/div>\n\n<div class=\"title-text align\">\n    <div id=\"title-text-block_80b0f4fca0f628c877ba5a5f7d4e3bdb\" class=\"block-title-text \">\n    <div class=\"inner stbp\">\n\n                \n                            <div class=\"post-content\"><p style=\"text-align: center;\"><strong>\u0126inijiet tal-ftu\u0127<\/strong><\/p>\n<p>&nbsp;<\/p>\n<p style=\"text-align: center;\"><strong>Mit-Tnejn sal-\u0120img\u0127a: 08:00 – 16:00<\/strong><\/p>\n<p style=\"text-align: center;\">Is-Sibt, il-\u0126add u l-Festi Pubbli\u010bi: Mhux disponibbli<\/p>\n<p style=\"text-align: center;\">Indirizz: A\u0121enzija Sapport, Triq Patri \u0120wann Azzopardi, Santa Venera SVR 1614<\/p>\n<p style=\"text-align: center;\"><a href=\"https:\/\/goo.gl\/maps\/wCsfxSyYjTu4vQEh7\">G\u0127al direzzjonijiet ag\u0127fas fuq din il-\u0127olqa<\/a><\/p>\n<p style=\"text-align: center;\"><span style=\"font-weight: 400;\">\u00a0<\/span><\/p>\n<p style=\"text-align: center;\">G\u0127al aktar informazzjoni dwar din l-iskema, wie\u0127ed g\u0127andu jibg\u0127at email fuq <a href=\"mailto:schemes.sapport@gov.mt\"><span style=\"font-weight: 400;\">schemes.sapport@gov.mt<\/span><\/a><a href=\"mailto:stilc.sapport@gov.mt\"><span style=\"font-weight: 400;\">\u200b<\/span><\/a><span style=\"font-weight: 400;\">.<\/span><\/p>\n<\/div>\n        \n                            <a class=\"btn\" href=\"https:\/\/sapport.gov.mt\/mt\/mistoqsijiet-frekwenti#vehicle-road-licence-tax-exemption-schemes\" target=\"\">Ag\u0127fas fuq din il-\u0127olqa g\u0127all-Mistoqsijiet Frekwenti (FAQs) dwar din l-iskema<\/a>\n        \n    <\/div>\n<\/div>\n\n<\/div>\n\n<div class=\"more-schemes align\">\n    <div id=\"more-schemes-block_75f1e5ef82778138b5238b01daed529a\" class=\"block-more-schemes\">\n        \n    <div class=\"top-section\">\n        <div class=\"inner ntbp\">\n            <h2 class=\"h2 white\">SKEMI O\u0126RA DISPONIBBLI<\/h2>\n        <\/div>\n    <\/div>\n\n    <div class=\"inner ntp content\">\n\n                \n        \n        <div class=\"list\">\n\n                \n            <a class=\"item flex-columns\" href=\"https:\/\/sapport.gov.mt\/mt\/skemi\/2787-2\/\">\n                <div class=\"title col-70\">Empowerment Scheme<\/div>\n                <span class=\"link red col-30\">Aktar Informazzjoni <span class=\"corner-arrow right\"><\/span><\/span>\n            <\/a>\n\n                \n            <a class=\"item flex-columns\" href=\"https:\/\/sapport.gov.mt\/mt\/skemi\/skema-ghall-ezenzjoni-mill-hlas-tal-licenzja-tat-triq-fuq-vettura\/\">\n                <div class=\"title col-70\">Skema g\u0127all-E\u017cenzjoni mill-\u0126las tal-Li\u010benzja tat-Triq fuq Vettura<\/div>\n                <span class=\"link red col-30\">Aktar Informazzjoni <span class=\"corner-arrow right\"><\/span><\/span>\n            <\/a>\n\n                \n            <a class=\"item flex-columns\" href=\"https:\/\/sapport.gov.mt\/mt\/skemi\/skema-ghall-ezenzjoni-mit-taxxa-tar-registrazzjoni-fuq-vettura\/\">\n                <div class=\"title col-70\">Skema g\u0127all-E\u017cenzjoni mit-Taxxa tar-Re\u0121istrazzjoni fuq Vettura<\/div>\n                <span class=\"link red col-30\">Aktar Informazzjoni <span class=\"corner-arrow right\"><\/span><\/span>\n            <\/a>\n\n                \n            <a class=\"item flex-columns\" href=\"https:\/\/sapport.gov.mt\/mt\/skemi\/sussidju-fuq-vettura-drive-from-wheelchair\/\">\n                <div class=\"title col-70\">Sussidju fuq Vettura Drive from Wheelchair<\/div>\n                <span class=\"link red col-30\">Aktar Informazzjoni <span class=\"corner-arrow right\"><\/span><\/span>\n            <\/a>\n\n                \n            <a class=\"item flex-columns\" href=\"https:\/\/sapport.gov.mt\/mt\/skemi\/sussidju-fuq-vettura-modifikata-u-accessibbli-ghas-siggu-tar-roti\/\">\n                <div class=\"title col-70\">Sussidju fuq Xiri ta\u2019 Vettura U\u017cata (Second-Hand), Modifikata u A\u010b\u010bessibbli g\u0127as-Si\u0121\u0121u tar-Roti<\/div>\n                <span class=\"link red col-30\">Aktar Informazzjoni <span class=\"corner-arrow right\"><\/span><\/span>\n            <\/a>\n\n        \n        <\/div>\n\n    <\/div>\n    <\/div>\n<\/div>","protected":false},"excerpt":{"rendered":"","protected":false},"author":3,"featured_media":0,"parent":2781,"menu_order":3,"comment_status":"closed","ping_status":"closed","template":"","meta":{"_acf_changed":false,"inline_featured_image":false,"footnotes":""},"categories":[46],"class_list":["post-2977","page","type-page","status-publish","hentry","category-schemes-mt"],"acf":[],"yoast_head":"<!-- This site is optimized with the Yoast SEO plugin v27.3 - https:\/\/yoast.com\/product\/yoast-seo-wordpress\/ -->\n<title>Skema g\u0127all-E\u017cenzjoni mill-\u0126las tal-Li\u010benzja tat-Triq fuq Vettura - Agenzija Sapport<\/title>\n<meta name=\"robots\" content=\"index, follow, max-snippet:-1, max-image-preview:large, max-video-preview:-1\" \/>\n<link rel=\"canonical\" href=\"https:\/\/sapport.gov.mt\/mt\/skemi\/skema-ghall-ezenzjoni-mill-hlas-tal-licenzja-tat-triq-fuq-vettura\/\" \/>\n<meta property=\"og:locale\" content=\"mt_MT\" \/>\n<meta property=\"og:type\" content=\"article\" \/>\n<meta property=\"og:title\" content=\"Skema g\u0127all-E\u017cenzjoni mill-\u0126las tal-Li\u010benzja tat-Triq fuq Vettura - Agenzija Sapport\" \/>\n<meta property=\"og:url\" content=\"https:\/\/sapport.gov.mt\/mt\/skemi\/skema-ghall-ezenzjoni-mill-hlas-tal-licenzja-tat-triq-fuq-vettura\/\" \/>\n<meta property=\"og:site_name\" content=\"Agenzija Sapport\" \/>\n<meta property=\"article:modified_time\" content=\"2025-01-14T13:42:47+00:00\" \/>\n<meta name=\"twitter:card\" content=\"summary_large_image\" \/>\n<meta name=\"twitter:label1\" content=\"Est. reading time\" \/>\n\t<meta name=\"twitter:data1\" content=\"2 minutes\" \/>\n<script type=\"application\/ld+json\" class=\"yoast-schema-graph\">{\"@context\":\"https:\\\/\\\/schema.org\",\"@graph\":[{\"@type\":\"WebPage\",\"@id\":\"https:\\\/\\\/sapport.gov.mt\\\/mt\\\/skemi\\\/skema-ghall-ezenzjoni-mill-hlas-tal-licenzja-tat-triq-fuq-vettura\\\/\",\"url\":\"https:\\\/\\\/sapport.gov.mt\\\/mt\\\/skemi\\\/skema-ghall-ezenzjoni-mill-hlas-tal-licenzja-tat-triq-fuq-vettura\\\/\",\"name\":\"Skema g\u0127all-E\u017cenzjoni mill-\u0126las tal-Li\u010benzja tat-Triq fuq Vettura - Agenzija Sapport\",\"isPartOf\":{\"@id\":\"https:\\\/\\\/sapport.gov.mt\\\/mt\\\/#website\"},\"datePublished\":\"2023-03-21T15:52:47+00:00\",\"dateModified\":\"2025-01-14T13:42:47+00:00\",\"breadcrumb\":{\"@id\":\"https:\\\/\\\/sapport.gov.mt\\\/mt\\\/skemi\\\/skema-ghall-ezenzjoni-mill-hlas-tal-licenzja-tat-triq-fuq-vettura\\\/#breadcrumb\"},\"inLanguage\":\"mt-MT\",\"potentialAction\":[{\"@type\":\"ReadAction\",\"target\":[\"https:\\\/\\\/sapport.gov.mt\\\/mt\\\/skemi\\\/skema-ghall-ezenzjoni-mill-hlas-tal-licenzja-tat-triq-fuq-vettura\\\/\"]}]},{\"@type\":\"BreadcrumbList\",\"@id\":\"https:\\\/\\\/sapport.gov.mt\\\/mt\\\/skemi\\\/skema-ghall-ezenzjoni-mill-hlas-tal-licenzja-tat-triq-fuq-vettura\\\/#breadcrumb\",\"itemListElement\":[{\"@type\":\"ListItem\",\"position\":1,\"name\":\"Pa\u0121na\",\"item\":\"https:\\\/\\\/sapport.gov.mt\\\/mt\\\/\"},{\"@type\":\"ListItem\",\"position\":2,\"name\":\"Skemi\",\"item\":\"https:\\\/\\\/sapport.gov.mt\\\/mt\\\/skemi\\\/\"},{\"@type\":\"ListItem\",\"position\":3,\"name\":\"Skema g\u0127all-E\u017cenzjoni mill-\u0126las tal-Li\u010benzja tat-Triq fuq Vettura\"}]},{\"@type\":\"WebSite\",\"@id\":\"https:\\\/\\\/sapport.gov.mt\\\/mt\\\/#website\",\"url\":\"https:\\\/\\\/sapport.gov.mt\\\/mt\\\/\",\"name\":\"Agenzija Sapport\",\"description\":\"Providing Professional And Innovative Services To Enhance The Quality Of Life Of Persons With Disabilities\",\"publisher\":{\"@id\":\"https:\\\/\\\/sapport.gov.mt\\\/mt\\\/#organization\"},\"potentialAction\":[{\"@type\":\"SearchAction\",\"target\":{\"@type\":\"EntryPoint\",\"urlTemplate\":\"https:\\\/\\\/sapport.gov.mt\\\/mt\\\/?s={search_term_string}\"},\"query-input\":{\"@type\":\"PropertyValueSpecification\",\"valueRequired\":true,\"valueName\":\"search_term_string\"}}],\"inLanguage\":\"mt-MT\"},{\"@type\":\"Organization\",\"@id\":\"https:\\\/\\\/sapport.gov.mt\\\/mt\\\/#organization\",\"name\":\"A\u0121enzija Sapport\",\"alternateName\":\"Sapport Agency\",\"url\":\"https:\\\/\\\/sapport.gov.mt\\\/mt\\\/\",\"logo\":{\"@type\":\"ImageObject\",\"inLanguage\":\"mt-MT\",\"@id\":\"https:\\\/\\\/sapport.gov.mt\\\/mt\\\/#\\\/schema\\\/logo\\\/image\\\/\",\"url\":\"https:\\\/\\\/sapport.ppdevplayground.com\\\/wp-content\\\/uploads\\\/2022\\\/11\\\/site-logo.png\",\"contentUrl\":\"https:\\\/\\\/sapport.ppdevplayground.com\\\/wp-content\\\/uploads\\\/2022\\\/11\\\/site-logo.png\",\"width\":320,\"height\":178,\"caption\":\"A\u0121enzija Sapport\"},\"image\":{\"@id\":\"https:\\\/\\\/sapport.gov.mt\\\/mt\\\/#\\\/schema\\\/logo\\\/image\\\/\"}}]}<\/script>\n<!-- \/ Yoast SEO plugin. -->","yoast_head_json":{"title":"Skema g\u0127all-E\u017cenzjoni mill-\u0126las tal-Li\u010benzja tat-Triq fuq Vettura - Agenzija Sapport","robots":{"index":"index","follow":"follow","max-snippet":"max-snippet:-1","max-image-preview":"max-image-preview:large","max-video-preview":"max-video-preview:-1"},"canonical":"https:\/\/sapport.gov.mt\/mt\/skemi\/skema-ghall-ezenzjoni-mill-hlas-tal-licenzja-tat-triq-fuq-vettura\/","og_locale":"mt_MT","og_type":"article","og_title":"Skema g\u0127all-E\u017cenzjoni mill-\u0126las tal-Li\u010benzja tat-Triq fuq Vettura - Agenzija Sapport","og_url":"https:\/\/sapport.gov.mt\/mt\/skemi\/skema-ghall-ezenzjoni-mill-hlas-tal-licenzja-tat-triq-fuq-vettura\/","og_site_name":"Agenzija Sapport","article_modified_time":"2025-01-14T13:42:47+00:00","twitter_card":"summary_large_image","twitter_misc":{"Est. reading time":"2 minutes"},"schema":{"@context":"https:\/\/schema.org","@graph":[{"@type":"WebPage","@id":"https:\/\/sapport.gov.mt\/mt\/skemi\/skema-ghall-ezenzjoni-mill-hlas-tal-licenzja-tat-triq-fuq-vettura\/","url":"https:\/\/sapport.gov.mt\/mt\/skemi\/skema-ghall-ezenzjoni-mill-hlas-tal-licenzja-tat-triq-fuq-vettura\/","name":"Skema g\u0127all-E\u017cenzjoni mill-\u0126las tal-Li\u010benzja tat-Triq fuq Vettura - Agenzija Sapport","isPartOf":{"@id":"https:\/\/sapport.gov.mt\/mt\/#website"},"datePublished":"2023-03-21T15:52:47+00:00","dateModified":"2025-01-14T13:42:47+00:00","breadcrumb":{"@id":"https:\/\/sapport.gov.mt\/mt\/skemi\/skema-ghall-ezenzjoni-mill-hlas-tal-licenzja-tat-triq-fuq-vettura\/#breadcrumb"},"inLanguage":"mt-MT","potentialAction":[{"@type":"ReadAction","target":["https:\/\/sapport.gov.mt\/mt\/skemi\/skema-ghall-ezenzjoni-mill-hlas-tal-licenzja-tat-triq-fuq-vettura\/"]}]},{"@type":"BreadcrumbList","@id":"https:\/\/sapport.gov.mt\/mt\/skemi\/skema-ghall-ezenzjoni-mill-hlas-tal-licenzja-tat-triq-fuq-vettura\/#breadcrumb","itemListElement":[{"@type":"ListItem","position":1,"name":"Pa\u0121na","item":"https:\/\/sapport.gov.mt\/mt\/"},{"@type":"ListItem","position":2,"name":"Skemi","item":"https:\/\/sapport.gov.mt\/mt\/skemi\/"},{"@type":"ListItem","position":3,"name":"Skema g\u0127all-E\u017cenzjoni mill-\u0126las tal-Li\u010benzja tat-Triq fuq Vettura"}]},{"@type":"WebSite","@id":"https:\/\/sapport.gov.mt\/mt\/#website","url":"https:\/\/sapport.gov.mt\/mt\/","name":"Agenzija Sapport","description":"Providing Professional And Innovative Services To Enhance The Quality Of Life Of Persons With Disabilities","publisher":{"@id":"https:\/\/sapport.gov.mt\/mt\/#organization"},"potentialAction":[{"@type":"SearchAction","target":{"@type":"EntryPoint","urlTemplate":"https:\/\/sapport.gov.mt\/mt\/?s={search_term_string}"},"query-input":{"@type":"PropertyValueSpecification","valueRequired":true,"valueName":"search_term_string"}}],"inLanguage":"mt-MT"},{"@type":"Organization","@id":"https:\/\/sapport.gov.mt\/mt\/#organization","name":"A\u0121enzija Sapport","alternateName":"Sapport Agency","url":"https:\/\/sapport.gov.mt\/mt\/","logo":{"@type":"ImageObject","inLanguage":"mt-MT","@id":"https:\/\/sapport.gov.mt\/mt\/#\/schema\/logo\/image\/","url":"https:\/\/sapport.ppdevplayground.com\/wp-content\/uploads\/2022\/11\/site-logo.png","contentUrl":"https:\/\/sapport.ppdevplayground.com\/wp-content\/uploads\/2022\/11\/site-logo.png","width":320,"height":178,"caption":"A\u0121enzija Sapport"},"image":{"@id":"https:\/\/sapport.gov.mt\/mt\/#\/schema\/logo\/image\/"}}]}},"_links":{"self":[{"href":"https:\/\/sapport.gov.mt\/mt\/wp-json\/wp\/v2\/pages\/2977","targetHints":{"allow":["GET"]}}],"collection":[{"href":"https:\/\/sapport.gov.mt\/mt\/wp-json\/wp\/v2\/pages"}],"about":[{"href":"https:\/\/sapport.gov.mt\/mt\/wp-json\/wp\/v2\/types\/page"}],"author":[{"embeddable":true,"href":"https:\/\/sapport.gov.mt\/mt\/wp-json\/wp\/v2\/users\/3"}],"replies":[{"embeddable":true,"href":"https:\/\/sapport.gov.mt\/mt\/wp-json\/wp\/v2\/comments?post=2977"}],"version-history":[{"count":0,"href":"https:\/\/sapport.gov.mt\/mt\/wp-json\/wp\/v2\/pages\/2977\/revisions"}],"up":[{"embeddable":true,"href":"https:\/\/sapport.gov.mt\/mt\/wp-json\/wp\/v2\/pages\/2781"}],"wp:attachment":[{"href":"https:\/\/sapport.gov.mt\/mt\/wp-json\/wp\/v2\/media?parent=2977"}],"wp:term":[{"taxonomy":"category","embeddable":true,"href":"https:\/\/sapport.gov.mt\/mt\/wp-json\/wp\/v2\/categories?post=2977"}],"curies":[{"name":"wp","href":"https:\/\/api.w.org\/{rel}","templated":true}]}}