{"id":3031,"date":"2023-03-22T10:40:25","date_gmt":"2023-03-22T09:40:25","guid":{"rendered":"https:\/\/sapport.ppdevplayground.com\/?page_id=3031"},"modified":"2024-12-27T09:14:42","modified_gmt":"2024-12-27T08:14:42","slug":"pjazzamenti-ghall-istudenti","status":"publish","type":"page","link":"https:\/\/sapport.gov.mt\/mt\/pjazzamenti-ghall-istudenti\/","title":{"rendered":"Pjazzamenti g\u0127all-Istudenti"},"content":{"rendered":"<div class=\"banner align\">\n    <div id=\"banner-block_318de10f0d3745a4b2c677c2159844a7\" class=\"block-banner\">\n\n\t    <div class=\"blend-mode multiply\">\n\t\t\n                        <div class=\"img inline-bg-image lazyload\" role=\"img\" aria-label=\"\" style=\"background-image:inherit;\" data-bg-image=\"url(https:\/\/sapport.gov.mt\/wp-content\/uploads\/2022\/12\/Top-banner-same-as-homepage-pic.jpg)\"><\/div>\n\n            <div class=\"inner content\">\n\n                \n                <p class=\"breadcrumbs\"><span><span><a href=\"https:\/\/sapport.gov.mt\/mt\/\">Pa\u0121na<\/a><\/span><\/span><\/p>\n                <h1 class=\"h1 white\">Pjazzamenti g\u0127all-Istudenti<\/h1>\n                \n                                \n                                \n            <\/div>\n\n\t\t    <\/div>\n\t\n<\/div><\/div>\n\n<div class=\"title-text align\">\n    <div id=\"title-text-block_f41a944e5ebd85cd2be4f1ee33357ccf\" class=\"block-title-text \">\n    <div class=\"inner stbp\">\n\n                \n                            <div class=\"post-content\"><p><span style=\"font-weight: 400;\">A\u0121enzija Sapport is a work placement entity offering several students the chance to carry out unpaid placements which are hands-on and relevant to students, from diverse programmes, courses and academic institutions, both local and foreign.\u00a0<\/span><\/p>\n<p>&nbsp;<\/p>\n<p><span style=\"font-weight: 400;\">The goal of such placements is to provide students with the knowledge, skills and experience to supplement courses within the Social Services, HR, Finance and Marketing, and to advance careers within the disability sector. These placements allow students to acquire valuable experience and gain insight on possible future career paths.<\/span><\/p>\n<p>&nbsp;<\/p>\n<p><span style=\"font-weight: 400;\">The Agency offers placements within most departments, whether administrative in office environments or on the frontline within the services, according to the requirements of the respective course.<\/span><\/p>\n<\/div>\n        \n                \n    <\/div>\n<\/div>\n\n<\/div>\n\n<div class=\"title-text-btns align\">\n    <div id=\"title-text-btns-block_81e3f4540487d4f3f044ec26ee1312c2\" class=\"block-title-text-btns\">\n    \n                        <div class=\"blend-mode luminosity\">\n            <div class=\"img inline-bg-image lazyload\" role=\"img\" aria-label=\"Vacancies banner people in background\" style=\"background-image:inherit;\" data-bg-image=\"url(https:\/\/sapport.gov.mt\/wp-content\/uploads\/2022\/11\/Vacancies-banner-scaled.jpg)\"><\/div>\n        <\/div>\n        \n        <div class=\"inner\">\n\n\t\t\t<h2 class=\"h2 white\">How to apply<\/h2>\n\t\t\t<div class=\"post-content white top-text\"><p>To apply for a student placement one must be over 18 years old and attending a course which requires placement hours to be awarded a grade or certification through the relevant academic entity.<\/p>\n<p>&nbsp;<\/p>\n<p><strong>Those interested in a placement at A\u0121enzija Sapport, may fill in the application form electronically or download the application and submit it by hand or by post.<\/strong><\/p>\n<\/div>\n\n\t\t\t\t\t\t\t\t\t\t<a class=\"btn\" href=\"https:\/\/www.servizz.gov.mt\/en\/Pages\/Inclusion_-Equality-and-Social-Welfare\/Social-Inclusion\/People-with-Disability\/WEB06653\/default.aspx\" target=\"_blank\">FILL STUDENT PLACEMENT REQUEST<\/a>\n\t\t\t\n\t\t\t\t\t\t\t\t\t\t<a class=\"btn\" href=\"https:\/\/sapport.gov.mt\/wp-content\/uploads\/2024\/10\/Student-Placement-Request-application\u200b.pdf\" target=\"_blank\">DOWNLOAD STUDENT PLACEMENT FORM<\/a>\n\t\t\t\n                        \n        <\/div>\n\n    <\/div>\n<\/div>\n\n<div class=\"testimonials align\">\n    <div id=\"testimonials-block_8640d806863d15fc6e56e08672d10209\" class=\"block-testimonials\">\n\n\t    <div class=\"inner ntbp\">\n\t\t\n\t\t\t<h2 class=\"h2 light-blue\">TESTIMONIALS<\/h2>\n\n\t\t\t\n            \n            <div class=\"swiper testimonials-slider\">\n                <div class=\"swiper-wrapper\">\n\n\t\t\t\t\n                \n                <div class=\"swiper-slide flex-columns stretch\">\n\n\t\t\t\t\t<div class=\"reviewer col-50 flex-columns\">\n\n                        <div class=\"image col-40\">\n                                                        <!-- <div class=\"img inline-bg-image\" role=\"img\" aria-label=\"\" style=\"background-image: url();\"><\/div> -->\n                            <img decoding=\"async\" class=\"img lazyload\" data-src=\"https:\/\/sapport.gov.mt\/wp-content\/uploads\/2022\/12\/Nancy-e1726555262324.jpg\" alt=\"Nancy Bayoumi\" src=\"data:image\/svg+xml;base64,PHN2ZyB3aWR0aD0iMSIgaGVpZ2h0PSIxIiB4bWxucz0iaHR0cDovL3d3dy53My5vcmcvMjAwMC9zdmciPjwvc3ZnPg==\" style=\"--smush-placeholder-width: 3984px; --smush-placeholder-aspect-ratio: 3984\/3984;\">\n                        <\/div>\n\n                        <div class=\"content col-60\">\n                            <div class=\"name h4 nun white\">Nancy Bayoumi<\/div>\n\n                            <div class=\"label\">Course<\/div>\n                            <div class=\"text\">Master of International Humanitarian Action – Erasmus EU Commision program<\/div>\n                            <div class=\"label\">Role within A\u0121enzija Sapport<\/div>\n                            <div class=\"text\">Student on placement<\/div>\n                        <\/div>\n                    <\/div>\n\n\t\t\t\t\t<div class=\"review col-50\">I have done my internship with Sharing Lives as part of my Masters in International Humanitarian Action studies. I have learned a lot from the organisation, on the various types of activities tailored to the disabled person\u2019s needs, for social-engagement and capacity building. During my placement I was involved in the activities and engaged with the candidates, which made me obtain a better understanding of the different types of disabilities. Moreover, the knowledge I have gained from the Agency will help me to design improved humanitarian assistance programmes, on the field to the disabled community. I am grateful for Sharing Lives\u2019 effort and passions in guiding me throughout my internship, as well as connecting me with other agencies to have an overall grasp on the interventions and integration activities taking place within the disability agencies in Malta.<br \/>\r\nIt is an experience to remember! <br \/>\r\n<\/p><\/div>\n\n                <\/div>\n\t\t\t\t                <\/div>\n\n            <\/div>\n\t\t\t\n            \n            <div class=\"swiper-pagination testimonial-bullets blue-bullets\"><\/div>\n\n\t\t    <\/div>\n\t    \n<\/div><\/div>\n\n<div class=\"split-desc align\">\n    <div id=\"split-desc-block_d22b113902b5ceb798120559bd6925da\" class=\"block-split-desc\">\n\n    <div class=\"inner flex-columns flex-start\">\n\n    \n\t    <div class=\"left-side col-50\">\n\t\t\n\t\t\t<div class=\"post-content\"><p style=\"text-align: center\"><strong>\u0126inijiet tal-ftu\u0127<\/strong><\/p>\n<p>&nbsp;<\/p>\n<p style=\"text-align: center\"><strong>Mit-Tnejn sal-\u0120img\u0127a:\u00a0<span style=\"font-size: 14px;font-style: normal\">08:00 \u2013 16:00<\/span><\/strong><\/p>\n<p style=\"text-align: center\">Is-Sibt, il-\u0126add u l-Festi Pubbli\u010bi: Mhux disponibbli<\/p>\n<p style=\"text-align: center\">Indirizz: A\u0121enzija Sapport, Triq Patri \u0120wann Azzopardi, Santa Venera SVR 1614<\/p>\n<p style=\"text-align: center\"><a href=\"https:\/\/goo.gl\/maps\/wCsfxSyYjTu4vQEh7\">G\u0127al direzzjonijiet ag\u0127fas fuq din il-\u0127olqa<\/a><\/p>\n<\/div>\n\n\t\t    <\/div>\n\t\n    \n\t    <div class=\"right-side col-50\">\n\t\t\n\t\t\t<div class=\"post-content\"><p>G\u0127al aktar informazzjoni dwar din l-iskema, wie\u0127ed g\u0127andu jibg\u0127at email fuq <a href=\"mailto:placements.sapport@gov.mt\">placements.sapport@gov.mt<\/a>\u200b jew i\u010bempel fuq <a href=\"tel:0035622568000\">(+356) 2256 8000<\/a>.<\/p>\n<\/div>\n\n\t\t\t\t\t\t\t\t\t\t<a class=\"btn\" href=\"https:\/\/sapport.gov.mt\/mt\/mistoqsijiet-frekwenti#student-placements\" target=\"\">Ag\u0127fas fuq din il-\u0127olqa g\u0127all-Mistoqsijiet Frekwenti (FAQs) dwar din l-iskema<\/a>\n\t\t\t\n\t\t    <\/div>\n\t\n    <\/div>\n\n<\/div><\/div>","protected":false},"excerpt":{"rendered":"","protected":false},"author":3,"featured_media":0,"parent":0,"menu_order":0,"comment_status":"closed","ping_status":"closed","template":"","meta":{"_acf_changed":false,"inline_featured_image":false,"footnotes":""},"categories":[],"class_list":["post-3031","page","type-page","status-publish","hentry"],"acf":[],"yoast_head":"<!-- This site is optimized with the Yoast SEO plugin v27.3 - https:\/\/yoast.com\/product\/yoast-seo-wordpress\/ -->\n<title>Pjazzamenti g\u0127all-Istudenti - Agenzija Sapport<\/title>\n<meta name=\"description\" content=\"A\u0121enzija Sapport offers job placements to several students providing skills and experience to supplement courses.\" \/>\n<meta name=\"robots\" content=\"index, follow, max-snippet:-1, max-image-preview:large, max-video-preview:-1\" \/>\n<link rel=\"canonical\" href=\"https:\/\/sapport.gov.mt\/mt\/pjazzamenti-ghall-istudenti\/\" \/>\n<meta property=\"og:locale\" content=\"mt_MT\" \/>\n<meta property=\"og:type\" content=\"article\" \/>\n<meta property=\"og:title\" content=\"Pjazzamenti g\u0127all-Istudenti - Agenzija Sapport\" \/>\n<meta property=\"og:description\" content=\"A\u0121enzija Sapport offers job placements to several students providing skills and experience to supplement courses.\" \/>\n<meta property=\"og:url\" content=\"https:\/\/sapport.gov.mt\/mt\/pjazzamenti-ghall-istudenti\/\" \/>\n<meta property=\"og:site_name\" content=\"Agenzija Sapport\" \/>\n<meta property=\"article:modified_time\" content=\"2024-12-27T08:14:42+00:00\" \/>\n<meta name=\"twitter:card\" content=\"summary_large_image\" \/>\n<meta name=\"twitter:label1\" content=\"Est. reading time\" \/>\n\t<meta name=\"twitter:data1\" content=\"2 minutes\" \/>\n<script type=\"application\/ld+json\" class=\"yoast-schema-graph\">{\"@context\":\"https:\\\/\\\/schema.org\",\"@graph\":[{\"@type\":\"WebPage\",\"@id\":\"https:\\\/\\\/sapport.gov.mt\\\/mt\\\/pjazzamenti-ghall-istudenti\\\/\",\"url\":\"https:\\\/\\\/sapport.gov.mt\\\/mt\\\/pjazzamenti-ghall-istudenti\\\/\",\"name\":\"Pjazzamenti g\u0127all-Istudenti - Agenzija Sapport\",\"isPartOf\":{\"@id\":\"https:\\\/\\\/sapport.gov.mt\\\/mt\\\/#website\"},\"datePublished\":\"2023-03-22T09:40:25+00:00\",\"dateModified\":\"2024-12-27T08:14:42+00:00\",\"description\":\"A\u0121enzija Sapport offers job placements to several students providing skills and experience to supplement courses.\",\"breadcrumb\":{\"@id\":\"https:\\\/\\\/sapport.gov.mt\\\/mt\\\/pjazzamenti-ghall-istudenti\\\/#breadcrumb\"},\"inLanguage\":\"mt-MT\",\"potentialAction\":[{\"@type\":\"ReadAction\",\"target\":[\"https:\\\/\\\/sapport.gov.mt\\\/mt\\\/pjazzamenti-ghall-istudenti\\\/\"]}]},{\"@type\":\"BreadcrumbList\",\"@id\":\"https:\\\/\\\/sapport.gov.mt\\\/mt\\\/pjazzamenti-ghall-istudenti\\\/#breadcrumb\",\"itemListElement\":[{\"@type\":\"ListItem\",\"position\":1,\"name\":\"Pa\u0121na\",\"item\":\"https:\\\/\\\/sapport.gov.mt\\\/mt\\\/\"},{\"@type\":\"ListItem\",\"position\":2,\"name\":\"Pjazzamenti g\u0127all-Istudenti\"}]},{\"@type\":\"WebSite\",\"@id\":\"https:\\\/\\\/sapport.gov.mt\\\/mt\\\/#website\",\"url\":\"https:\\\/\\\/sapport.gov.mt\\\/mt\\\/\",\"name\":\"Agenzija Sapport\",\"description\":\"Providing Professional And Innovative Services To Enhance The Quality Of Life Of Persons With Disabilities\",\"publisher\":{\"@id\":\"https:\\\/\\\/sapport.gov.mt\\\/mt\\\/#organization\"},\"potentialAction\":[{\"@type\":\"SearchAction\",\"target\":{\"@type\":\"EntryPoint\",\"urlTemplate\":\"https:\\\/\\\/sapport.gov.mt\\\/mt\\\/?s={search_term_string}\"},\"query-input\":{\"@type\":\"PropertyValueSpecification\",\"valueRequired\":true,\"valueName\":\"search_term_string\"}}],\"inLanguage\":\"mt-MT\"},{\"@type\":\"Organization\",\"@id\":\"https:\\\/\\\/sapport.gov.mt\\\/mt\\\/#organization\",\"name\":\"A\u0121enzija Sapport\",\"alternateName\":\"Sapport Agency\",\"url\":\"https:\\\/\\\/sapport.gov.mt\\\/mt\\\/\",\"logo\":{\"@type\":\"ImageObject\",\"inLanguage\":\"mt-MT\",\"@id\":\"https:\\\/\\\/sapport.gov.mt\\\/mt\\\/#\\\/schema\\\/logo\\\/image\\\/\",\"url\":\"https:\\\/\\\/sapport.ppdevplayground.com\\\/wp-content\\\/uploads\\\/2022\\\/11\\\/site-logo.png\",\"contentUrl\":\"https:\\\/\\\/sapport.ppdevplayground.com\\\/wp-content\\\/uploads\\\/2022\\\/11\\\/site-logo.png\",\"width\":320,\"height\":178,\"caption\":\"A\u0121enzija Sapport\"},\"image\":{\"@id\":\"https:\\\/\\\/sapport.gov.mt\\\/mt\\\/#\\\/schema\\\/logo\\\/image\\\/\"}}]}<\/script>\n<!-- \/ Yoast SEO plugin. -->","yoast_head_json":{"title":"Pjazzamenti g\u0127all-Istudenti - Agenzija Sapport","description":"A\u0121enzija Sapport offers job placements to several students providing skills and experience to supplement courses.","robots":{"index":"index","follow":"follow","max-snippet":"max-snippet:-1","max-image-preview":"max-image-preview:large","max-video-preview":"max-video-preview:-1"},"canonical":"https:\/\/sapport.gov.mt\/mt\/pjazzamenti-ghall-istudenti\/","og_locale":"mt_MT","og_type":"article","og_title":"Pjazzamenti g\u0127all-Istudenti - Agenzija Sapport","og_description":"A\u0121enzija Sapport offers job placements to several students providing skills and experience to supplement courses.","og_url":"https:\/\/sapport.gov.mt\/mt\/pjazzamenti-ghall-istudenti\/","og_site_name":"Agenzija Sapport","article_modified_time":"2024-12-27T08:14:42+00:00","twitter_card":"summary_large_image","twitter_misc":{"Est. reading time":"2 minutes"},"schema":{"@context":"https:\/\/schema.org","@graph":[{"@type":"WebPage","@id":"https:\/\/sapport.gov.mt\/mt\/pjazzamenti-ghall-istudenti\/","url":"https:\/\/sapport.gov.mt\/mt\/pjazzamenti-ghall-istudenti\/","name":"Pjazzamenti g\u0127all-Istudenti - Agenzija Sapport","isPartOf":{"@id":"https:\/\/sapport.gov.mt\/mt\/#website"},"datePublished":"2023-03-22T09:40:25+00:00","dateModified":"2024-12-27T08:14:42+00:00","description":"A\u0121enzija Sapport offers job placements to several students providing skills and experience to supplement courses.","breadcrumb":{"@id":"https:\/\/sapport.gov.mt\/mt\/pjazzamenti-ghall-istudenti\/#breadcrumb"},"inLanguage":"mt-MT","potentialAction":[{"@type":"ReadAction","target":["https:\/\/sapport.gov.mt\/mt\/pjazzamenti-ghall-istudenti\/"]}]},{"@type":"BreadcrumbList","@id":"https:\/\/sapport.gov.mt\/mt\/pjazzamenti-ghall-istudenti\/#breadcrumb","itemListElement":[{"@type":"ListItem","position":1,"name":"Pa\u0121na","item":"https:\/\/sapport.gov.mt\/mt\/"},{"@type":"ListItem","position":2,"name":"Pjazzamenti g\u0127all-Istudenti"}]},{"@type":"WebSite","@id":"https:\/\/sapport.gov.mt\/mt\/#website","url":"https:\/\/sapport.gov.mt\/mt\/","name":"Agenzija Sapport","description":"Providing Professional And Innovative Services To Enhance The Quality Of Life Of Persons With Disabilities","publisher":{"@id":"https:\/\/sapport.gov.mt\/mt\/#organization"},"potentialAction":[{"@type":"SearchAction","target":{"@type":"EntryPoint","urlTemplate":"https:\/\/sapport.gov.mt\/mt\/?s={search_term_string}"},"query-input":{"@type":"PropertyValueSpecification","valueRequired":true,"valueName":"search_term_string"}}],"inLanguage":"mt-MT"},{"@type":"Organization","@id":"https:\/\/sapport.gov.mt\/mt\/#organization","name":"A\u0121enzija Sapport","alternateName":"Sapport Agency","url":"https:\/\/sapport.gov.mt\/mt\/","logo":{"@type":"ImageObject","inLanguage":"mt-MT","@id":"https:\/\/sapport.gov.mt\/mt\/#\/schema\/logo\/image\/","url":"https:\/\/sapport.ppdevplayground.com\/wp-content\/uploads\/2022\/11\/site-logo.png","contentUrl":"https:\/\/sapport.ppdevplayground.com\/wp-content\/uploads\/2022\/11\/site-logo.png","width":320,"height":178,"caption":"A\u0121enzija Sapport"},"image":{"@id":"https:\/\/sapport.gov.mt\/mt\/#\/schema\/logo\/image\/"}}]}},"_links":{"self":[{"href":"https:\/\/sapport.gov.mt\/mt\/wp-json\/wp\/v2\/pages\/3031","targetHints":{"allow":["GET"]}}],"collection":[{"href":"https:\/\/sapport.gov.mt\/mt\/wp-json\/wp\/v2\/pages"}],"about":[{"href":"https:\/\/sapport.gov.mt\/mt\/wp-json\/wp\/v2\/types\/page"}],"author":[{"embeddable":true,"href":"https:\/\/sapport.gov.mt\/mt\/wp-json\/wp\/v2\/users\/3"}],"replies":[{"embeddable":true,"href":"https:\/\/sapport.gov.mt\/mt\/wp-json\/wp\/v2\/comments?post=3031"}],"version-history":[{"count":0,"href":"https:\/\/sapport.gov.mt\/mt\/wp-json\/wp\/v2\/pages\/3031\/revisions"}],"wp:attachment":[{"href":"https:\/\/sapport.gov.mt\/mt\/wp-json\/wp\/v2\/media?parent=3031"}],"wp:term":[{"taxonomy":"category","embeddable":true,"href":"https:\/\/sapport.gov.mt\/mt\/wp-json\/wp\/v2\/categories?post=3031"}],"curies":[{"name":"wp","href":"https:\/\/api.w.org\/{rel}","templated":true}]}}