{"id":3075,"date":"2023-03-22T12:18:40","date_gmt":"2023-03-22T11:18:40","guid":{"rendered":"https:\/\/sapport.ppdevplayground.com\/?page_id=3075"},"modified":"2024-10-16T17:35:28","modified_gmt":"2024-10-16T15:35:28","slug":"korsijiet-dwar-il-hiliet-ta-trobbija-ghal-genituri-bdizabilita-intellettwali","status":"publish","type":"page","link":"https:\/\/sapport.gov.mt\/mt\/korsijiet-dwar-il-hiliet-ta-trobbija-ghal-genituri-bdizabilita-intellettwali\/","title":{"rendered":"Korsijiet dwar il-\u0126iliet ta\u2019 Trobbija g\u0127al \u0120enituri b\u2019Di\u017cabilit\u00e0 Intellettwali"},"content":{"rendered":"<div class=\"banner align\">\n    <div id=\"banner-block_602d18b3f5fca2749c811cc4dbd16e3b\" class=\"block-banner\">\n\n\t    <div class=\"blend-mode multiply\">\n\t\t\n                        <div class=\"img inline-bg-image lazyload\" role=\"img\" aria-label=\"\" style=\"background-image:inherit;\" data-bg-image=\"url(https:\/\/sapport.gov.mt\/wp-content\/uploads\/2023\/01\/Top-banner-for-all-sections-scaled.jpeg)\"><\/div>\n\n            <div class=\"inner content\">\n\n                \n                <p class=\"breadcrumbs\"><span><span><a href=\"https:\/\/sapport.gov.mt\/mt\/\">Pa\u0121na<\/a><\/span><\/span><\/p>\n                <h1 class=\"h1 white\">Korsijiet dwar il-\u0126iliet ta\u2019 Trobbija g\u0127al \u0120enituri b\u2019Di\u017cabilit\u00e0 Intellettwali<\/h1>\n                \n                                \n                                \n            <\/div>\n\n\t\t    <\/div>\n\t\n<\/div><\/div>\n\n<div class=\"title-text align\">\n    <div id=\"title-text-block_e4fa4730e24234585e287e38bb1c92ca\" class=\"block-title-text \">\n    <div class=\"inner stbp\">\n\n                \n                            <div class=\"post-content\"><p>\u0120enitur b\u2019di\u017cabilit\u00e0 intellettwali jista\u2019 jkollu b\u017conn appo\u0121\u0121 addizzjonali biex irabbi tarbija, i\u017cda a\u0127na nemmnu li bl-appo\u0121\u0121 xieraq, dan jista\u2019 jsir. Is-servizz g\u0127andu l-g\u0127an li jappo\u0121\u0121ja lill-\u0121enituri fil-vja\u0121\u0121 tat-trobbija ta-tfal tag\u0127hom. Nifhmu wkoll li meta wie\u0127ed isir \u0121enitur g\u0127all-ewwel darba, huwa jg\u0127addi minn \u0127afna emozzjonijiet, in\u010bertezzi u sfidi differenti, u g\u0127alhekk bit-ta\u0127ri\u0121 u bl-appo\u0121\u0121 xierqa, il-persuni b\u2019di\u017cabilit\u00e0 intellettwali jkunu jistg\u0127u jrabbu lill-uliedhom.<\/p>\n<\/div>\n        \n                \n    <\/div>\n<\/div>\n\n<\/div>\n\n<div class=\"eligible-apply align\">\n    <div id=\"eligible-apply-block_91a0ff5d2d258ee715411766a7b58b2b\" class=\"block-eligible-apply\">\n    <div class=\"inner flex-columns stretch\">\n\n    \n\t    <div class=\"col-50 left-side\">\n\t\t\n\t\t\t<h2 class=\"h2 light-pink\">G\u0126AN<\/h2>\n            <div class=\"post-content custom-bullets white\"><p>A\u0121enzija Sapport g\u0127andha l-g\u0127an li tappo\u0121\u0121ja lil dawn il-\u0121enituri billi toffrilhom programm ta\u2019 trobbija individwalizzat billi tag\u0127tihom ta\u0127ri\u0121 dwar il-\u0127iliet ta\u2019 trobbija u esperjenza diretta. Dan isir biex il-\u0121enitur futur jing\u0127ata g\u0127arfien dwar l-ADLs li huma me\u0127tie\u0121a biex jie\u0127u \u0127sieb tarbija tat-twelid u biex jippromwovi trobbija u ambjent siguri u tajbin g\u0127as-sa\u0127\u0127a g\u0127at-tifel\/tifla.<\/p>\n<p>&nbsp;<\/p>\n<p>Assessjar individwalizzat ji\u0121i offrut kmieni fis-servizz biex it-ta\u0127ri\u0121 dwar it-trobbija jing\u0127ata skont il-b\u017connijiet u x-xewqat partikolari tag\u0127hom stess.<\/p>\n<p>&nbsp;<\/p>\n<p>Il-Programm \u2018Step by Step\u2019 Parenting ta\u2019 Prof. Maurice Feldman jintu\u017ca b\u0127ala l-kurrikulu li jiggwida l-kors ta\u2019 ta\u0127ri\u0121 dwar it-trobbija. Dan huwa programm ta\u2019 ta\u0127ri\u0121 ibba\u017cat fuq l-evidenza ma\u0127sub b\u2019mod spe\u010bifiku biex jintu\u017ca mal-persuni b\u2019di\u017cabilit\u00e0 intellettwali.<\/p>\n<p>&nbsp;<\/p>\n<p>&nbsp;<\/p>\n<p>&nbsp;<\/p>\n<p>&nbsp;<\/p>\n<\/div>\n\n\t\t    <\/div>\n\t\n    \n\t    <div class=\"col-50 right-side\">\n\t\t\n            <h2 class=\"h2 light-pink\">Kif g\u0127andek tapplika<\/h2>\n\n            <div class=\"content\">\n                <div class=\"post-content custom-bullets white\"><p>Dawk interessati li japplikaw g\u0127al dan il-kors jistg\u0127u jni\u017c\u017clu l-applikazzjoni u jibg\u0127atuha email, imorru biha personalment jew jibag\u0127tuha bil-posta fl-indirizz ta\u2019 hawn ta\u0127t.<\/p>\n<\/div>\n\n                                \n                <br>\n\n                                                    <a class=\"btn\" href=\"https:\/\/sapport.gov.mt\/wp-content\/uploads\/2022\/12\/8.-Applikazzjoni-ghall-Kors-fuq-Trobbija-Pozittiva__.pdf\" target=\"_blank\">AG\u0126FAS HAWN G\u0126AL KOPJA TAL-APPLIKAZZJONI<\/a>\n                            <\/div>\n\n            <div class=\"blend-mode luminosity\">\n                                <div class=\"img inline-bg-image lazyload\" role=\"img\" aria-label=\"Mother &#038; Father holding two children\" style=\"background-image:inherit;\" data-bg-image=\"url(https:\/\/sapport.gov.mt\/wp-content\/uploads\/2023\/03\/1.-Positive-parenting-under-pink-block-scaled.jpeg)\"><\/div>\n            <\/div>\n\n\t\t    <\/div>\n\t\n    <\/div>\n<\/div><\/div>\n\n<div class=\"title-text align\">\n    <div id=\"title-text-block_9a918f6e67bf66e323c90c43ce7d005e\" class=\"block-title-text \">\n    <div class=\"inner stbp\">\n\n                \n                            <div class=\"post-content\"><p style=\"text-align: center;\"><strong>L-applikazzjoni g\u0127andha tintbag\u0127at lil:<\/strong><\/p>\n<p style=\"text-align: center;\">A\u0121enzija Sapport, Family Support Unit, Triq Patri \u0120wann Azzopardi, Santa Venera SVR 1614<\/p>\n<p>&nbsp;<\/p>\n<p style=\"text-align: center;\">G\u0127al aktar informazzjoni dwar dan il-kors, wie\u0127ed g\u0127andu jibg\u0127at email fuq <a href=\"mailto:workshops.sapport@gov.mt\">workshops.sapport@gov.mt<\/a>, jew i\u010bempel fuq A\u0121enzija Sapport Helpline fuq Freephone Servizz.gov 153 (ext. 05) g\u0127al aktar informazzjoni.<\/p>\n<\/div>\n        \n                \n    <\/div>\n<\/div>\n\n<\/div>\n\n<div class=\"more-schemes align\">\n    <div id=\"more-schemes-block_3f24708a8cdeeea233ec2eb58dcbfa38\" class=\"block-more-schemes\">\n        \n    <div class=\"top-section\">\n        <div class=\"inner ntbp\">\n            <h2 class=\"h2 white\">WORKSHOPS O\u0126RA DISPONIBBLI<\/h2>\n        <\/div>\n    <\/div>\n\n    <div class=\"inner ntp content\">\n\n                \n        \n        <div class=\"list\">\n\n                \n            <a class=\"item flex-columns\" href=\"https:\/\/sapport.gov.mt\/mt\/workshops-u-gruppi-ta-sostenn\/programmi-ta-trobbija-pozittiva\/\">\n                <div class=\"title col-70\">Programmi ta\u2019 Trobbija Po\u017cittiva<\/div>\n                <span class=\"link red col-30\">Aktar informazzjoni <span class=\"corner-arrow right\"><\/span><\/span>\n            <\/a>\n\n                \n            <a class=\"item flex-columns\" href=\"https:\/\/sapport.gov.mt\/mt\/workshops-u-gruppi-ta-sostenn\/gruppi-ta-sostenn-ghall-persuni-bacquired-disability\/\">\n                <div class=\"title col-70\">Gruppi ta\u2019 sostenn g\u0127all-persuni b\u2019acquired disability<\/div>\n                <span class=\"link red col-30\">Aktar informazzjoni <span class=\"corner-arrow right\"><\/span><\/span>\n            <\/a>\n\n                \n            <a class=\"item flex-columns\" href=\"https:\/\/sapport.gov.mt\/mt\/workshops-u-gruppi-ta-sostenn\/workshops-ghall-missirijiet\/\">\n                <div class=\"title col-70\">Workshops g\u0127all-Missirijiet<\/div>\n                <span class=\"link red col-30\">Aktar informazzjoni <span class=\"corner-arrow right\"><\/span><\/span>\n            <\/a>\n\n                \n            <a class=\"item flex-columns\" href=\"https:\/\/sapport.gov.mt\/mt\/workshops-u-gruppi-ta-sostenn\/gruppi-ta-sostenn-ghall-ahwa-ta-persuni-bdizabilita\/\">\n                <div class=\"title col-70\">Workshops g\u0127all-A\u0127wa Adulti ta\u2019 Persuni b\u2019Di\u017cabilit\u00e0<\/div>\n                <span class=\"link red col-30\">Aktar informazzjoni <span class=\"corner-arrow right\"><\/span><\/span>\n            <\/a>\n\n                \n            <a class=\"item flex-columns\" href=\"https:\/\/sapport.gov.mt\/mt\/workshops-u-gruppi-ta-sostenn\/workshops-u-gruppi-ta-sostenn-ghall-genituri\/\">\n                <div class=\"title col-70\">Workshops u Gruppi ta\u2019 Sostenn g\u0127all-\u0120enituri<\/div>\n                <span class=\"link red col-30\">Aktar informazzjoni <span class=\"corner-arrow right\"><\/span><\/span>\n            <\/a>\n\n                \n            <a class=\"item flex-columns\" href=\"https:\/\/sapport.gov.mt\/mt\/workshops-u-gruppi-ta-sostenn\/super-sibs-programm-interessanti-matul-is-sajf-ghat-tfal-li-ghandhom-ahwa-bdizabilita\/\">\n                <div class=\"title col-70\">Super Sibs \u2013 Programm mimli divertiment g\u0127all-a\u0127wa \u017cg\u0127ar<\/div>\n                <span class=\"link red col-30\">Aktar informazzjoni <span class=\"corner-arrow right\"><\/span><\/span>\n            <\/a>\n\n        \n        <\/div>\n\n    <\/div>\n    <\/div>\n<\/div>","protected":false},"excerpt":{"rendered":"","protected":false},"author":3,"featured_media":0,"parent":0,"menu_order":0,"comment_status":"closed","ping_status":"closed","template":"","meta":{"_acf_changed":false,"inline_featured_image":false,"footnotes":""},"categories":[],"class_list":["post-3075","page","type-page","status-publish","hentry"],"acf":[],"yoast_head":"<!-- This site is optimized with the Yoast SEO plugin v27.4 - https:\/\/yoast.com\/product\/yoast-seo-wordpress\/ -->\n<title>Korsijiet dwar il-\u0126iliet ta\u2019 Trobbija g\u0127al \u0120enituri b\u2019Di\u017cabilit\u00e0 Intellettwali - Agenzija Sapport<\/title>\n<meta name=\"robots\" content=\"index, follow, max-snippet:-1, max-image-preview:large, max-video-preview:-1\" \/>\n<link rel=\"canonical\" href=\"https:\/\/sapport.gov.mt\/mt\/korsijiet-dwar-il-hiliet-ta-trobbija-ghal-genituri-bdizabilita-intellettwali\/\" \/>\n<meta property=\"og:locale\" content=\"mt_MT\" \/>\n<meta property=\"og:type\" content=\"article\" \/>\n<meta property=\"og:title\" content=\"Korsijiet dwar il-\u0126iliet ta\u2019 Trobbija g\u0127al \u0120enituri b\u2019Di\u017cabilit\u00e0 Intellettwali - Agenzija Sapport\" \/>\n<meta property=\"og:url\" content=\"https:\/\/sapport.gov.mt\/mt\/korsijiet-dwar-il-hiliet-ta-trobbija-ghal-genituri-bdizabilita-intellettwali\/\" \/>\n<meta property=\"og:site_name\" content=\"Agenzija Sapport\" \/>\n<meta property=\"article:modified_time\" content=\"2024-10-16T15:35:28+00:00\" \/>\n<meta name=\"twitter:card\" content=\"summary_large_image\" \/>\n<meta name=\"twitter:label1\" content=\"Est. reading time\" \/>\n\t<meta name=\"twitter:data1\" content=\"2 minutes\" \/>\n<script type=\"application\/ld+json\" class=\"yoast-schema-graph\">{\"@context\":\"https:\\\/\\\/schema.org\",\"@graph\":[{\"@type\":\"WebPage\",\"@id\":\"https:\\\/\\\/sapport.gov.mt\\\/mt\\\/korsijiet-dwar-il-hiliet-ta-trobbija-ghal-genituri-bdizabilita-intellettwali\\\/\",\"url\":\"https:\\\/\\\/sapport.gov.mt\\\/mt\\\/korsijiet-dwar-il-hiliet-ta-trobbija-ghal-genituri-bdizabilita-intellettwali\\\/\",\"name\":\"Korsijiet dwar il-\u0126iliet ta\u2019 Trobbija g\u0127al \u0120enituri b\u2019Di\u017cabilit\u00e0 Intellettwali - Agenzija Sapport\",\"isPartOf\":{\"@id\":\"https:\\\/\\\/sapport.gov.mt\\\/mt\\\/#website\"},\"datePublished\":\"2023-03-22T11:18:40+00:00\",\"dateModified\":\"2024-10-16T15:35:28+00:00\",\"breadcrumb\":{\"@id\":\"https:\\\/\\\/sapport.gov.mt\\\/mt\\\/korsijiet-dwar-il-hiliet-ta-trobbija-ghal-genituri-bdizabilita-intellettwali\\\/#breadcrumb\"},\"inLanguage\":\"mt-MT\",\"potentialAction\":[{\"@type\":\"ReadAction\",\"target\":[\"https:\\\/\\\/sapport.gov.mt\\\/mt\\\/korsijiet-dwar-il-hiliet-ta-trobbija-ghal-genituri-bdizabilita-intellettwali\\\/\"]}]},{\"@type\":\"BreadcrumbList\",\"@id\":\"https:\\\/\\\/sapport.gov.mt\\\/mt\\\/korsijiet-dwar-il-hiliet-ta-trobbija-ghal-genituri-bdizabilita-intellettwali\\\/#breadcrumb\",\"itemListElement\":[{\"@type\":\"ListItem\",\"position\":1,\"name\":\"Pa\u0121na\",\"item\":\"https:\\\/\\\/sapport.gov.mt\\\/mt\\\/\"},{\"@type\":\"ListItem\",\"position\":2,\"name\":\"Korsijiet dwar il-\u0126iliet ta\u2019 Trobbija g\u0127al \u0120enituri b\u2019Di\u017cabilit\u00e0 Intellettwali\"}]},{\"@type\":\"WebSite\",\"@id\":\"https:\\\/\\\/sapport.gov.mt\\\/mt\\\/#website\",\"url\":\"https:\\\/\\\/sapport.gov.mt\\\/mt\\\/\",\"name\":\"Agenzija Sapport\",\"description\":\"Providing Professional And Innovative Services To Enhance The Quality Of Life Of Persons With Disabilities\",\"publisher\":{\"@id\":\"https:\\\/\\\/sapport.gov.mt\\\/mt\\\/#organization\"},\"potentialAction\":[{\"@type\":\"SearchAction\",\"target\":{\"@type\":\"EntryPoint\",\"urlTemplate\":\"https:\\\/\\\/sapport.gov.mt\\\/mt\\\/?s={search_term_string}\"},\"query-input\":{\"@type\":\"PropertyValueSpecification\",\"valueRequired\":true,\"valueName\":\"search_term_string\"}}],\"inLanguage\":\"mt-MT\"},{\"@type\":\"Organization\",\"@id\":\"https:\\\/\\\/sapport.gov.mt\\\/mt\\\/#organization\",\"name\":\"A\u0121enzija Sapport\",\"alternateName\":\"Sapport Agency\",\"url\":\"https:\\\/\\\/sapport.gov.mt\\\/mt\\\/\",\"logo\":{\"@type\":\"ImageObject\",\"inLanguage\":\"mt-MT\",\"@id\":\"https:\\\/\\\/sapport.gov.mt\\\/mt\\\/#\\\/schema\\\/logo\\\/image\\\/\",\"url\":\"https:\\\/\\\/sapport.ppdevplayground.com\\\/wp-content\\\/uploads\\\/2022\\\/11\\\/site-logo.png\",\"contentUrl\":\"https:\\\/\\\/sapport.ppdevplayground.com\\\/wp-content\\\/uploads\\\/2022\\\/11\\\/site-logo.png\",\"width\":320,\"height\":178,\"caption\":\"A\u0121enzija Sapport\"},\"image\":{\"@id\":\"https:\\\/\\\/sapport.gov.mt\\\/mt\\\/#\\\/schema\\\/logo\\\/image\\\/\"}}]}<\/script>\n<!-- \/ Yoast SEO plugin. -->","yoast_head_json":{"title":"Korsijiet dwar il-\u0126iliet ta\u2019 Trobbija g\u0127al \u0120enituri b\u2019Di\u017cabilit\u00e0 Intellettwali - Agenzija Sapport","robots":{"index":"index","follow":"follow","max-snippet":"max-snippet:-1","max-image-preview":"max-image-preview:large","max-video-preview":"max-video-preview:-1"},"canonical":"https:\/\/sapport.gov.mt\/mt\/korsijiet-dwar-il-hiliet-ta-trobbija-ghal-genituri-bdizabilita-intellettwali\/","og_locale":"mt_MT","og_type":"article","og_title":"Korsijiet dwar il-\u0126iliet ta\u2019 Trobbija g\u0127al \u0120enituri b\u2019Di\u017cabilit\u00e0 Intellettwali - Agenzija Sapport","og_url":"https:\/\/sapport.gov.mt\/mt\/korsijiet-dwar-il-hiliet-ta-trobbija-ghal-genituri-bdizabilita-intellettwali\/","og_site_name":"Agenzija Sapport","article_modified_time":"2024-10-16T15:35:28+00:00","twitter_card":"summary_large_image","twitter_misc":{"Est. reading time":"2 minutes"},"schema":{"@context":"https:\/\/schema.org","@graph":[{"@type":"WebPage","@id":"https:\/\/sapport.gov.mt\/mt\/korsijiet-dwar-il-hiliet-ta-trobbija-ghal-genituri-bdizabilita-intellettwali\/","url":"https:\/\/sapport.gov.mt\/mt\/korsijiet-dwar-il-hiliet-ta-trobbija-ghal-genituri-bdizabilita-intellettwali\/","name":"Korsijiet dwar il-\u0126iliet ta\u2019 Trobbija g\u0127al \u0120enituri b\u2019Di\u017cabilit\u00e0 Intellettwali - Agenzija Sapport","isPartOf":{"@id":"https:\/\/sapport.gov.mt\/mt\/#website"},"datePublished":"2023-03-22T11:18:40+00:00","dateModified":"2024-10-16T15:35:28+00:00","breadcrumb":{"@id":"https:\/\/sapport.gov.mt\/mt\/korsijiet-dwar-il-hiliet-ta-trobbija-ghal-genituri-bdizabilita-intellettwali\/#breadcrumb"},"inLanguage":"mt-MT","potentialAction":[{"@type":"ReadAction","target":["https:\/\/sapport.gov.mt\/mt\/korsijiet-dwar-il-hiliet-ta-trobbija-ghal-genituri-bdizabilita-intellettwali\/"]}]},{"@type":"BreadcrumbList","@id":"https:\/\/sapport.gov.mt\/mt\/korsijiet-dwar-il-hiliet-ta-trobbija-ghal-genituri-bdizabilita-intellettwali\/#breadcrumb","itemListElement":[{"@type":"ListItem","position":1,"name":"Pa\u0121na","item":"https:\/\/sapport.gov.mt\/mt\/"},{"@type":"ListItem","position":2,"name":"Korsijiet dwar il-\u0126iliet ta\u2019 Trobbija g\u0127al \u0120enituri b\u2019Di\u017cabilit\u00e0 Intellettwali"}]},{"@type":"WebSite","@id":"https:\/\/sapport.gov.mt\/mt\/#website","url":"https:\/\/sapport.gov.mt\/mt\/","name":"Agenzija Sapport","description":"Providing Professional And Innovative Services To Enhance The Quality Of Life Of Persons With Disabilities","publisher":{"@id":"https:\/\/sapport.gov.mt\/mt\/#organization"},"potentialAction":[{"@type":"SearchAction","target":{"@type":"EntryPoint","urlTemplate":"https:\/\/sapport.gov.mt\/mt\/?s={search_term_string}"},"query-input":{"@type":"PropertyValueSpecification","valueRequired":true,"valueName":"search_term_string"}}],"inLanguage":"mt-MT"},{"@type":"Organization","@id":"https:\/\/sapport.gov.mt\/mt\/#organization","name":"A\u0121enzija Sapport","alternateName":"Sapport Agency","url":"https:\/\/sapport.gov.mt\/mt\/","logo":{"@type":"ImageObject","inLanguage":"mt-MT","@id":"https:\/\/sapport.gov.mt\/mt\/#\/schema\/logo\/image\/","url":"https:\/\/sapport.ppdevplayground.com\/wp-content\/uploads\/2022\/11\/site-logo.png","contentUrl":"https:\/\/sapport.ppdevplayground.com\/wp-content\/uploads\/2022\/11\/site-logo.png","width":320,"height":178,"caption":"A\u0121enzija Sapport"},"image":{"@id":"https:\/\/sapport.gov.mt\/mt\/#\/schema\/logo\/image\/"}}]}},"_links":{"self":[{"href":"https:\/\/sapport.gov.mt\/mt\/wp-json\/wp\/v2\/pages\/3075","targetHints":{"allow":["GET"]}}],"collection":[{"href":"https:\/\/sapport.gov.mt\/mt\/wp-json\/wp\/v2\/pages"}],"about":[{"href":"https:\/\/sapport.gov.mt\/mt\/wp-json\/wp\/v2\/types\/page"}],"author":[{"embeddable":true,"href":"https:\/\/sapport.gov.mt\/mt\/wp-json\/wp\/v2\/users\/3"}],"replies":[{"embeddable":true,"href":"https:\/\/sapport.gov.mt\/mt\/wp-json\/wp\/v2\/comments?post=3075"}],"version-history":[{"count":0,"href":"https:\/\/sapport.gov.mt\/mt\/wp-json\/wp\/v2\/pages\/3075\/revisions"}],"wp:attachment":[{"href":"https:\/\/sapport.gov.mt\/mt\/wp-json\/wp\/v2\/media?parent=3075"}],"wp:term":[{"taxonomy":"category","embeddable":true,"href":"https:\/\/sapport.gov.mt\/mt\/wp-json\/wp\/v2\/categories?post=3075"}],"curies":[{"name":"wp","href":"https:\/\/api.w.org\/{rel}","templated":true}]}}