{"id":3079,"date":"2023-03-22T12:24:36","date_gmt":"2023-03-22T11:24:36","guid":{"rendered":"https:\/\/sapport.ppdevplayground.com\/?page_id=3079"},"modified":"2026-01-05T14:00:19","modified_gmt":"2026-01-05T13:00:19","slug":"programmi-ta-trobbija-pozittiva","status":"publish","type":"page","link":"https:\/\/sapport.gov.mt\/mt\/workshops-u-gruppi-ta-sostenn\/programmi-ta-trobbija-pozittiva\/","title":{"rendered":"Programmi ta\u2019 Trobbija Po\u017cittiva"},"content":{"rendered":"<div class=\"tabs-text align\">\n    <div id=\"tabs-text-block_e345894c304e7d6101b396a6881d5222\" class=\"block-tabs-text\">\n\n    <div class=\"blend-mode luminosity\">\n                <div class=\"img inline-bg-image\" role=\"img\" aria-label=\"\" style=\"background-image: url();\"><\/div>\n    <\/div>\n\n    <div class=\"inner np flex-columns stretch\">\n        <div class=\"col-35 left-side\">\n\n            \n            <p class=\"breadcrumbs\"><span><span><a href=\"https:\/\/sapport.gov.mt\/mt\/\">Pa\u0121na<\/a><\/span><\/span><\/p>\n            <h1 class=\"h1 white\">Programmi ta\u2019 Trobbija Po\u017cittiva <\/h1>\n\n            \n                        <ul id=\"tabs-nav\" class=\"tabs-nav\">\n                \n                    <li class=\"tab-title\">\n                        <a id=\"programmi-ta-trobbija-poittiva-\" href=\"#tabs-content\" data-tab=\"#tab1\" class=\"tab-nav\">Programmi ta\u2019 Trobbija Po\u017cittiva <\/a>\n                    <\/li>\n            \n                            <\/ul>\n                    <\/div>\n\n        <div class=\"col-65 right-side\">\n            \n                        <div id=\"tabs-content\" class=\"tabs-content\">\n                                <div id=\"tab1\" class=\"tab-content\">\n                    <h2 class=\"h4\">Programmi ta\u2019 Trobbija Po\u017cittiva <\/h2>\n                    <div class=\"post-content\"><p>B\u0127ala l-a\u0121enzija nazzjonali g\u0127all-persuni b\u2019di\u017cabilit\u00e0 u g\u0127all-familji tag\u0127hom, a\u0127na nemmnu bis-s\u0127i\u0127 li bl-appo\u0121\u0121 xieraq, it-trobbija tista\u2019 tkun vja\u0121\u0121 u possibilit\u00e0 g\u0127al kul\u0127add. G\u0127alhekk, il-programm ta\u2019 Trobbija Po\u017cittiva g\u0127andu l-g\u0127an li joffri lill-\u0121enituri l-opportunit\u00e0 li jiefqu, ikollhom il-\u0127in biex jirriflettu, itejbu l-\u0127iliet tag\u0127hom, u ju\u017caw dan il-\u0127in biex i\u0121ibu lura l-ener\u0121ija tag\u0127hom biex ikunu jistg\u0127u joffru kwalit\u00e0 ta\u2019 \u0127ajja a\u0127jar lit-tfal tag\u0127hom u lilhom infushom filwaqt li jsa\u0127\u0127u r-relazzjoni bejn il-\u0121enituri u t-tfal.<\/p>\n<p>&nbsp;<\/p>\n<p>L-idea \u0121enerali tal-programm ta\u2019 trobbija po\u017cittiva hi li jrawwem kultura ta\u2019 indipendenza permezz tat-trobbija tat-tfal b\u2019di\u017cabilit\u00e0 u li jg\u0127in lill-\u0121enituri jiksbu \u0127iliet ta\u2019 trobbija a\u0127jar. Dawn il-komponenti ewlenin huma inkorporati fil-programmi ta\u2019 trobbija offruti minn A\u0121enzija Sapport.<\/p>\n<p>&nbsp;<\/p>\n<p><strong>Il-programm jikkonsisti f\u2019\u017cew\u0121 korsijiet:<\/strong><\/p>\n<ul>\n<li><a href=\"https:\/\/sapport.gov.mt\/mt\/korsijiet-dwar-il-hiliet-ta-trobbija-pozittiva-ghal-genituri-ta-tfal-bdizabilita\/\">Ag\u0127fas fuq din il-\u0127olqa g\u0127all-korsijiet dwar il-\u0127iliet ta\u2019 trobbija po\u017cittiva g\u0127al \u0121enituri ta\u2019 tfal b\u2019di\u017cabilit\u00e0<\/a><\/li>\n<li><a href=\"https:\/\/sapport.gov.mt\/mt\/korsijiet-dwar-il-hiliet-ta-trobbija-ghal-genituri-bdizabilita-intellettwali\/\">Ag\u0127fas fuq din il-\u0127olqa g\u0127all-korsijiet dwar il-\u0127iliet ta\u2019 trobbija g\u0127al \u0121enituri b\u2019di\u017cabilit\u00e0 intellettwali<\/a><\/li>\n<\/ul>\n<p>&nbsp;<\/p>\n<p>&nbsp;<\/p>\n<p>&nbsp;<\/p>\n<\/div>\n\n                                            \n                <\/div>\n                            <\/div>\n                    \n        <\/div>\n\n    <\/div>\n<\/div><\/div>\n\n\n<div class=\"wp-block-buttons is-layout-flex wp-block-buttons-is-layout-flex\"><\/div>\n","protected":false},"excerpt":{"rendered":"","protected":false},"author":3,"featured_media":0,"parent":2811,"menu_order":0,"comment_status":"closed","ping_status":"closed","template":"","meta":{"_acf_changed":false,"inline_featured_image":false,"footnotes":""},"categories":[48],"class_list":["post-3079","page","type-page","status-publish","hentry","category-workshops-mt"],"acf":[],"yoast_head":"<!-- This site is optimized with the Yoast SEO plugin v27.3 - https:\/\/yoast.com\/product\/yoast-seo-wordpress\/ -->\n<title>Programmi ta\u2019 Trobbija Po\u017cittiva - Agenzija Sapport<\/title>\n<meta name=\"robots\" content=\"index, follow, max-snippet:-1, max-image-preview:large, max-video-preview:-1\" \/>\n<link rel=\"canonical\" href=\"https:\/\/sapport.gov.mt\/mt\/workshops-u-gruppi-ta-sostenn\/programmi-ta-trobbija-pozittiva\/\" \/>\n<meta property=\"og:locale\" content=\"mt_MT\" \/>\n<meta property=\"og:type\" content=\"article\" \/>\n<meta property=\"og:title\" content=\"Programmi ta\u2019 Trobbija Po\u017cittiva - Agenzija Sapport\" \/>\n<meta property=\"og:url\" content=\"https:\/\/sapport.gov.mt\/mt\/workshops-u-gruppi-ta-sostenn\/programmi-ta-trobbija-pozittiva\/\" \/>\n<meta property=\"og:site_name\" content=\"Agenzija Sapport\" \/>\n<meta property=\"article:modified_time\" content=\"2026-01-05T13:00:19+00:00\" \/>\n<meta name=\"twitter:card\" content=\"summary_large_image\" \/>\n<meta name=\"twitter:label1\" content=\"Est. reading time\" \/>\n\t<meta name=\"twitter:data1\" content=\"1 minute\" \/>\n<script type=\"application\/ld+json\" class=\"yoast-schema-graph\">{\"@context\":\"https:\\\/\\\/schema.org\",\"@graph\":[{\"@type\":\"WebPage\",\"@id\":\"https:\\\/\\\/sapport.gov.mt\\\/mt\\\/workshops-u-gruppi-ta-sostenn\\\/programmi-ta-trobbija-pozittiva\\\/\",\"url\":\"https:\\\/\\\/sapport.gov.mt\\\/mt\\\/workshops-u-gruppi-ta-sostenn\\\/programmi-ta-trobbija-pozittiva\\\/\",\"name\":\"Programmi ta\u2019 Trobbija Po\u017cittiva - Agenzija Sapport\",\"isPartOf\":{\"@id\":\"https:\\\/\\\/sapport.gov.mt\\\/mt\\\/#website\"},\"datePublished\":\"2023-03-22T11:24:36+00:00\",\"dateModified\":\"2026-01-05T13:00:19+00:00\",\"breadcrumb\":{\"@id\":\"https:\\\/\\\/sapport.gov.mt\\\/mt\\\/workshops-u-gruppi-ta-sostenn\\\/programmi-ta-trobbija-pozittiva\\\/#breadcrumb\"},\"inLanguage\":\"mt-MT\",\"potentialAction\":[{\"@type\":\"ReadAction\",\"target\":[\"https:\\\/\\\/sapport.gov.mt\\\/mt\\\/workshops-u-gruppi-ta-sostenn\\\/programmi-ta-trobbija-pozittiva\\\/\"]}]},{\"@type\":\"BreadcrumbList\",\"@id\":\"https:\\\/\\\/sapport.gov.mt\\\/mt\\\/workshops-u-gruppi-ta-sostenn\\\/programmi-ta-trobbija-pozittiva\\\/#breadcrumb\",\"itemListElement\":[{\"@type\":\"ListItem\",\"position\":1,\"name\":\"Pa\u0121na\",\"item\":\"https:\\\/\\\/sapport.gov.mt\\\/mt\\\/\"},{\"@type\":\"ListItem\",\"position\":2,\"name\":\"Workshops u Gruppi ta\u2019 Sostenn\",\"item\":\"https:\\\/\\\/sapport.gov.mt\\\/mt\\\/workshops-u-gruppi-ta-sostenn\\\/\"},{\"@type\":\"ListItem\",\"position\":3,\"name\":\"Programmi ta\u2019 Trobbija Po\u017cittiva\"}]},{\"@type\":\"WebSite\",\"@id\":\"https:\\\/\\\/sapport.gov.mt\\\/mt\\\/#website\",\"url\":\"https:\\\/\\\/sapport.gov.mt\\\/mt\\\/\",\"name\":\"Agenzija Sapport\",\"description\":\"Providing Professional And Innovative Services To Enhance The Quality Of Life Of Persons With Disabilities\",\"publisher\":{\"@id\":\"https:\\\/\\\/sapport.gov.mt\\\/mt\\\/#organization\"},\"potentialAction\":[{\"@type\":\"SearchAction\",\"target\":{\"@type\":\"EntryPoint\",\"urlTemplate\":\"https:\\\/\\\/sapport.gov.mt\\\/mt\\\/?s={search_term_string}\"},\"query-input\":{\"@type\":\"PropertyValueSpecification\",\"valueRequired\":true,\"valueName\":\"search_term_string\"}}],\"inLanguage\":\"mt-MT\"},{\"@type\":\"Organization\",\"@id\":\"https:\\\/\\\/sapport.gov.mt\\\/mt\\\/#organization\",\"name\":\"A\u0121enzija Sapport\",\"alternateName\":\"Sapport Agency\",\"url\":\"https:\\\/\\\/sapport.gov.mt\\\/mt\\\/\",\"logo\":{\"@type\":\"ImageObject\",\"inLanguage\":\"mt-MT\",\"@id\":\"https:\\\/\\\/sapport.gov.mt\\\/mt\\\/#\\\/schema\\\/logo\\\/image\\\/\",\"url\":\"https:\\\/\\\/sapport.ppdevplayground.com\\\/wp-content\\\/uploads\\\/2022\\\/11\\\/site-logo.png\",\"contentUrl\":\"https:\\\/\\\/sapport.ppdevplayground.com\\\/wp-content\\\/uploads\\\/2022\\\/11\\\/site-logo.png\",\"width\":320,\"height\":178,\"caption\":\"A\u0121enzija Sapport\"},\"image\":{\"@id\":\"https:\\\/\\\/sapport.gov.mt\\\/mt\\\/#\\\/schema\\\/logo\\\/image\\\/\"}}]}<\/script>\n<!-- \/ Yoast SEO plugin. -->","yoast_head_json":{"title":"Programmi ta\u2019 Trobbija Po\u017cittiva - Agenzija Sapport","robots":{"index":"index","follow":"follow","max-snippet":"max-snippet:-1","max-image-preview":"max-image-preview:large","max-video-preview":"max-video-preview:-1"},"canonical":"https:\/\/sapport.gov.mt\/mt\/workshops-u-gruppi-ta-sostenn\/programmi-ta-trobbija-pozittiva\/","og_locale":"mt_MT","og_type":"article","og_title":"Programmi ta\u2019 Trobbija Po\u017cittiva - Agenzija Sapport","og_url":"https:\/\/sapport.gov.mt\/mt\/workshops-u-gruppi-ta-sostenn\/programmi-ta-trobbija-pozittiva\/","og_site_name":"Agenzija Sapport","article_modified_time":"2026-01-05T13:00:19+00:00","twitter_card":"summary_large_image","twitter_misc":{"Est. reading time":"1 minute"},"schema":{"@context":"https:\/\/schema.org","@graph":[{"@type":"WebPage","@id":"https:\/\/sapport.gov.mt\/mt\/workshops-u-gruppi-ta-sostenn\/programmi-ta-trobbija-pozittiva\/","url":"https:\/\/sapport.gov.mt\/mt\/workshops-u-gruppi-ta-sostenn\/programmi-ta-trobbija-pozittiva\/","name":"Programmi ta\u2019 Trobbija Po\u017cittiva - Agenzija Sapport","isPartOf":{"@id":"https:\/\/sapport.gov.mt\/mt\/#website"},"datePublished":"2023-03-22T11:24:36+00:00","dateModified":"2026-01-05T13:00:19+00:00","breadcrumb":{"@id":"https:\/\/sapport.gov.mt\/mt\/workshops-u-gruppi-ta-sostenn\/programmi-ta-trobbija-pozittiva\/#breadcrumb"},"inLanguage":"mt-MT","potentialAction":[{"@type":"ReadAction","target":["https:\/\/sapport.gov.mt\/mt\/workshops-u-gruppi-ta-sostenn\/programmi-ta-trobbija-pozittiva\/"]}]},{"@type":"BreadcrumbList","@id":"https:\/\/sapport.gov.mt\/mt\/workshops-u-gruppi-ta-sostenn\/programmi-ta-trobbija-pozittiva\/#breadcrumb","itemListElement":[{"@type":"ListItem","position":1,"name":"Pa\u0121na","item":"https:\/\/sapport.gov.mt\/mt\/"},{"@type":"ListItem","position":2,"name":"Workshops u Gruppi ta\u2019 Sostenn","item":"https:\/\/sapport.gov.mt\/mt\/workshops-u-gruppi-ta-sostenn\/"},{"@type":"ListItem","position":3,"name":"Programmi ta\u2019 Trobbija Po\u017cittiva"}]},{"@type":"WebSite","@id":"https:\/\/sapport.gov.mt\/mt\/#website","url":"https:\/\/sapport.gov.mt\/mt\/","name":"Agenzija Sapport","description":"Providing Professional And Innovative Services To Enhance The Quality Of Life Of Persons With Disabilities","publisher":{"@id":"https:\/\/sapport.gov.mt\/mt\/#organization"},"potentialAction":[{"@type":"SearchAction","target":{"@type":"EntryPoint","urlTemplate":"https:\/\/sapport.gov.mt\/mt\/?s={search_term_string}"},"query-input":{"@type":"PropertyValueSpecification","valueRequired":true,"valueName":"search_term_string"}}],"inLanguage":"mt-MT"},{"@type":"Organization","@id":"https:\/\/sapport.gov.mt\/mt\/#organization","name":"A\u0121enzija Sapport","alternateName":"Sapport Agency","url":"https:\/\/sapport.gov.mt\/mt\/","logo":{"@type":"ImageObject","inLanguage":"mt-MT","@id":"https:\/\/sapport.gov.mt\/mt\/#\/schema\/logo\/image\/","url":"https:\/\/sapport.ppdevplayground.com\/wp-content\/uploads\/2022\/11\/site-logo.png","contentUrl":"https:\/\/sapport.ppdevplayground.com\/wp-content\/uploads\/2022\/11\/site-logo.png","width":320,"height":178,"caption":"A\u0121enzija Sapport"},"image":{"@id":"https:\/\/sapport.gov.mt\/mt\/#\/schema\/logo\/image\/"}}]}},"_links":{"self":[{"href":"https:\/\/sapport.gov.mt\/mt\/wp-json\/wp\/v2\/pages\/3079","targetHints":{"allow":["GET"]}}],"collection":[{"href":"https:\/\/sapport.gov.mt\/mt\/wp-json\/wp\/v2\/pages"}],"about":[{"href":"https:\/\/sapport.gov.mt\/mt\/wp-json\/wp\/v2\/types\/page"}],"author":[{"embeddable":true,"href":"https:\/\/sapport.gov.mt\/mt\/wp-json\/wp\/v2\/users\/3"}],"replies":[{"embeddable":true,"href":"https:\/\/sapport.gov.mt\/mt\/wp-json\/wp\/v2\/comments?post=3079"}],"version-history":[{"count":1,"href":"https:\/\/sapport.gov.mt\/mt\/wp-json\/wp\/v2\/pages\/3079\/revisions"}],"predecessor-version":[{"id":13249,"href":"https:\/\/sapport.gov.mt\/mt\/wp-json\/wp\/v2\/pages\/3079\/revisions\/13249"}],"up":[{"embeddable":true,"href":"https:\/\/sapport.gov.mt\/mt\/wp-json\/wp\/v2\/pages\/2811"}],"wp:attachment":[{"href":"https:\/\/sapport.gov.mt\/mt\/wp-json\/wp\/v2\/media?parent=3079"}],"wp:term":[{"taxonomy":"category","embeddable":true,"href":"https:\/\/sapport.gov.mt\/mt\/wp-json\/wp\/v2\/categories?post=3079"}],"curies":[{"name":"wp","href":"https:\/\/api.w.org\/{rel}","templated":true}]}}