{"id":3083,"date":"2023-03-22T12:47:31","date_gmt":"2023-03-22T11:47:31","guid":{"rendered":"https:\/\/sapport.ppdevplayground.com\/?page_id=3083"},"modified":"2024-10-16T17:31:48","modified_gmt":"2024-10-16T15:31:48","slug":"korsijiet-dwar-il-hiliet-ta-trobbija-pozittiva-ghal-genituri-ta-tfal-bdizabilita","status":"publish","type":"page","link":"https:\/\/sapport.gov.mt\/mt\/korsijiet-dwar-il-hiliet-ta-trobbija-pozittiva-ghal-genituri-ta-tfal-bdizabilita\/","title":{"rendered":"Korsijiet dwar il-\u0126iliet ta\u2019 Trobbija Po\u017cittiva g\u0127al \u0120enituri ta\u2019 Tfal b\u2019Di\u017cabilit\u00e0"},"content":{"rendered":"<div class=\"banner align\">\n    <div id=\"banner-block_919d01d483ef6e590edac41492fea1fd\" class=\"block-banner\">\n\n\t    <div class=\"blend-mode multiply\">\n\t\t\n                        <div class=\"img inline-bg-image lazyload\" role=\"img\" aria-label=\"\" style=\"background-image:inherit;\" data-bg-image=\"url(https:\/\/sapport.gov.mt\/wp-content\/uploads\/2023\/01\/Top-banner-for-all-sections-scaled.jpeg)\"><\/div>\n\n            <div class=\"inner content\">\n\n                \n                <p class=\"breadcrumbs\"><span><span><a href=\"https:\/\/sapport.gov.mt\/mt\/\">Pa\u0121na<\/a><\/span><\/span><\/p>\n                <h1 class=\"h1 white\">Korsijiet dwar il-\u0126iliet ta\u2019 Trobbija Po\u017cittiva g\u0127al \u0120enituri ta\u2019 Tfal b\u2019Di\u017cabilit\u00e0<\/h1>\n                \n                                \n                                \n            <\/div>\n\n\t\t    <\/div>\n\t\n<\/div><\/div>\n\n<div class=\"title-text align\">\n    <div id=\"title-text-block_f387052d9fdd5c32aeee7299285a7212\" class=\"block-title-text \">\n    <div class=\"inner stbp\">\n\n                \n                            <div class=\"post-content\"><p>Il-programm ta\u2019 trobbija po\u017cittiva hu ma\u0127sub g\u0127al \u0121enituri li g\u0127andhom tfal b\u2019di\u017cabilit\u00e0 ta\u0127t l-et\u00e0 ta\u2019 18-il sena.<\/p>\n<\/div>\n        \n                \n    <\/div>\n<\/div>\n\n<\/div>\n\n<div class=\"eligible-apply align\">\n    <div id=\"eligible-apply-block_ed0fe7e137090d2d72ae5d4dfde36751\" class=\"block-eligible-apply\">\n    <div class=\"inner flex-columns stretch\">\n\n    \n\t    <div class=\"col-50 left-side\">\n\t\t\n\t\t\t<h2 class=\"h2 light-pink\">G\u0126AN<\/h2>\n            <div class=\"post-content custom-bullets white\"><p>L-idea ta\u2019 dan il-programm hi li joffri gwida u ta\u0127ri\u0121 lill-\u0121enituri f\u2019diversi oqsma ta\u2019 trobbija, billi jg\u0127allimhom kif jidentifikaw l-istili ta\u2019 trobbija tag\u0127hom u kif jistg\u0127u jtejbu l-\u0127iliet ta\u2019 trobbija mat-tfal tag\u0127hom.<\/p>\n<p>&nbsp;<\/p>\n<p><strong>Is-su\u0121\u0121etti indirizzati matul dawn il-workshops jinkludu:<\/strong><\/p>\n<ul>\n<li>Il-promozzjoni tal-indipendenza fi stadju bikri<\/li>\n<li>Kif taffa\u010b\u010bja n-niket<\/li>\n<li>Kif tifhem il-b\u017connijiet tat-tifel\/tifla tieg\u0127ek u l-istili ta\u2019 trobbija tieg\u0127ek stess<\/li>\n<li>Kif tipprepara ru\u0127ek g\u0127as-su\u010b\u010bess u g\u0127all-indipendenza<\/li>\n<li>Il-valuri, ir-regoli u l-premji<\/li>\n<li>Dixxiplina po\u017cittiva: It-triq lejn l-g\u0127ajxien indipendenti<\/li>\n<li>Ri\u017corsi u su\u0121\u0121erimenti dwar it-trobbija: il-\u0127ames lingwi tal-im\u0127abba u l-promozzjoni ta\u2019 rabta sigura.<\/li>\n<\/ul>\n<p>&nbsp;<\/p>\n<p><strong>Is-sessjonijiet:<\/strong><\/p>\n<p>Dawn is-sessjonijiet jing\u0127ataw fi gruppi.<\/p>\n<p>&nbsp;<\/p>\n<p>Hemm tliet kategoriji ewlenin ta\u2019 dan it-ta\u0127ri\u0121 ma\u0127suba g\u0127al tfal ta\u2019 etajiet differenti.<\/p>\n<ol>\n<li>Is-Snin Bikrin 0 \u2013 3 snin<\/li>\n<li>Is-Snin tal-Primarja 4 \u2013 11-il sena<\/li>\n<li>Is-Snin tal-Adolexxenza 12 \u2013 18-il sena<\/li>\n<\/ol>\n<p>&nbsp;<\/p>\n<p>L-attendenza g\u0127al dawn il-gruppi hija <strong>ming\u0127ajr \u0127las<\/strong>. Is-sessjonijiet jitmexxew minn professjonisti.<\/p>\n<\/div>\n\n\t\t    <\/div>\n\t\n    \n\t    <div class=\"col-50 right-side\">\n\t\t\n            <h2 class=\"h2 light-pink\">Kif g\u0127andek tapplika<\/h2>\n\n            <div class=\"content\">\n                <div class=\"post-content custom-bullets white\"><p>Dawk interessati li japplikaw g\u0127al dan il-kors jistg\u0127u jni\u017c\u017clu l-applikazzjoni u jibg\u0127atuha email, imorru biha personalment jew jibag\u0127tuha bil-posta fl-indirizz ta\u2019 hawn ta\u0127t.<\/p>\n<p>&nbsp;<\/p>\n<\/div>\n\n                                \n                <br>\n\n                                                    <a class=\"btn\" href=\"https:\/\/sapport.gov.mt\/wp-content\/uploads\/2023\/08\/Applikazzjoni-ghall-Kors-fuq-Trobbija-Pozittiva-Onlajn.pdf\" target=\"_blank\">AG\u0126FAS HAWN G\u0126AL KOPJA TAL-APPLIKAZZJONI<\/a>\n                            <\/div>\n\n            <div class=\"blend-mode luminosity\">\n                                <div class=\"img inline-bg-image lazyload\" role=\"img\" aria-label=\"Mother &#038; Father holding two children\" style=\"background-image:inherit;\" data-bg-image=\"url(https:\/\/sapport.gov.mt\/wp-content\/uploads\/2023\/03\/1.-Positive-parenting-under-pink-block-scaled.jpeg)\"><\/div>\n            <\/div>\n\n\t\t    <\/div>\n\t\n    <\/div>\n<\/div><\/div>\n\n<div class=\"title-text align\">\n    <div id=\"title-text-block_fa73f691a9e97c97f14aa1e474cbad12\" class=\"block-title-text \">\n    <div class=\"inner stbp\">\n\n                \n                            <div class=\"post-content\"><p style=\"text-align: center;\"><strong>L-applikazzjoni g\u0127andha tintbag\u0127at lil:<\/strong><\/p>\n<p style=\"text-align: center;\">A\u0121enzija Sapport, Family Support Unit, Triq Patri \u0120wann Azzopardi, Santa Venera SVR 1614<\/p>\n<p>&nbsp;<\/p>\n<p style=\"text-align: center;\">G\u0127al aktar informazzjoni dwar dan il-kors, wie\u0127ed g\u0127andu jibg\u0127at email fuq <a href=\"mailto:workshops.sapport@gov.mt\">workshops.sapport@gov.mt<\/a>, jew i\u010bempel fuq A\u0121enzija Sapport Helpline fuq Freephone Servizz.gov 153 (ext. 05) g\u0127al aktar informazzjoni.<\/p>\n<\/div>\n        \n                \n    <\/div>\n<\/div>\n\n<\/div>\n\n<div class=\"more-schemes align\">\n    <div id=\"more-schemes-block_9ca364258c0e5e0ed2d279ba35127539\" class=\"block-more-schemes\">\n        \n    <div class=\"top-section\">\n        <div class=\"inner ntbp\">\n            <h2 class=\"h2 white\">WORKSHOPS O\u0126RA DISPONIBBLI<\/h2>\n        <\/div>\n    <\/div>\n\n    <div class=\"inner ntp content\">\n\n                \n        \n        <div class=\"list\">\n\n                \n            <a class=\"item flex-columns\" href=\"https:\/\/sapport.gov.mt\/mt\/workshops-u-gruppi-ta-sostenn\/programmi-ta-trobbija-pozittiva\/\">\n                <div class=\"title col-70\">Programmi ta\u2019 Trobbija Po\u017cittiva<\/div>\n                <span class=\"link red col-30\">Aktar informazzjoni <span class=\"corner-arrow right\"><\/span><\/span>\n            <\/a>\n\n                \n            <a class=\"item flex-columns\" href=\"https:\/\/sapport.gov.mt\/mt\/workshops-u-gruppi-ta-sostenn\/gruppi-ta-sostenn-ghall-persuni-bacquired-disability\/\">\n                <div class=\"title col-70\">Gruppi ta\u2019 sostenn g\u0127all-persuni b\u2019acquired disability<\/div>\n                <span class=\"link red col-30\">Aktar informazzjoni <span class=\"corner-arrow right\"><\/span><\/span>\n            <\/a>\n\n                \n            <a class=\"item flex-columns\" href=\"https:\/\/sapport.gov.mt\/mt\/workshops-u-gruppi-ta-sostenn\/workshops-ghall-missirijiet\/\">\n                <div class=\"title col-70\">Workshops g\u0127all-Missirijiet<\/div>\n                <span class=\"link red col-30\">Aktar informazzjoni <span class=\"corner-arrow right\"><\/span><\/span>\n            <\/a>\n\n                \n            <a class=\"item flex-columns\" href=\"https:\/\/sapport.gov.mt\/mt\/workshops-u-gruppi-ta-sostenn\/gruppi-ta-sostenn-ghall-ahwa-ta-persuni-bdizabilita\/\">\n                <div class=\"title col-70\">Workshops g\u0127all-A\u0127wa Adulti ta\u2019 Persuni b\u2019Di\u017cabilit\u00e0<\/div>\n                <span class=\"link red col-30\">Aktar informazzjoni <span class=\"corner-arrow right\"><\/span><\/span>\n            <\/a>\n\n                \n            <a class=\"item flex-columns\" href=\"https:\/\/sapport.gov.mt\/mt\/workshops-u-gruppi-ta-sostenn\/workshops-u-gruppi-ta-sostenn-ghall-genituri\/\">\n                <div class=\"title col-70\">Workshops u Gruppi ta\u2019 Sostenn g\u0127all-\u0120enituri<\/div>\n                <span class=\"link red col-30\">Aktar informazzjoni <span class=\"corner-arrow right\"><\/span><\/span>\n            <\/a>\n\n                \n            <a class=\"item flex-columns\" href=\"https:\/\/sapport.gov.mt\/mt\/workshops-u-gruppi-ta-sostenn\/super-sibs-programm-interessanti-matul-is-sajf-ghat-tfal-li-ghandhom-ahwa-bdizabilita\/\">\n                <div class=\"title col-70\">Super Sibs \u2013 Programm mimli divertiment g\u0127all-a\u0127wa \u017cg\u0127ar<\/div>\n                <span class=\"link red col-30\">Aktar informazzjoni <span class=\"corner-arrow right\"><\/span><\/span>\n            <\/a>\n\n        \n        <\/div>\n\n    <\/div>\n    <\/div>\n<\/div>","protected":false},"excerpt":{"rendered":"","protected":false},"author":3,"featured_media":0,"parent":0,"menu_order":2,"comment_status":"closed","ping_status":"closed","template":"","meta":{"_acf_changed":false,"inline_featured_image":false,"footnotes":""},"categories":[],"class_list":["post-3083","page","type-page","status-publish","hentry"],"acf":[],"yoast_head":"<!-- This site is optimized with the Yoast SEO plugin v27.3 - https:\/\/yoast.com\/product\/yoast-seo-wordpress\/ -->\n<title>Korsijiet dwar il-\u0126iliet ta\u2019 Trobbija Po\u017cittiva g\u0127al \u0120enituri ta\u2019 Tfal b\u2019Di\u017cabilit\u00e0 - Agenzija Sapport<\/title>\n<meta name=\"robots\" content=\"index, follow, max-snippet:-1, max-image-preview:large, max-video-preview:-1\" \/>\n<link rel=\"canonical\" href=\"https:\/\/sapport.gov.mt\/mt\/korsijiet-dwar-il-hiliet-ta-trobbija-pozittiva-ghal-genituri-ta-tfal-bdizabilita\/\" \/>\n<meta property=\"og:locale\" content=\"mt_MT\" \/>\n<meta property=\"og:type\" content=\"article\" \/>\n<meta property=\"og:title\" content=\"Korsijiet dwar il-\u0126iliet ta\u2019 Trobbija Po\u017cittiva g\u0127al \u0120enituri ta\u2019 Tfal b\u2019Di\u017cabilit\u00e0 - Agenzija Sapport\" \/>\n<meta property=\"og:url\" content=\"https:\/\/sapport.gov.mt\/mt\/korsijiet-dwar-il-hiliet-ta-trobbija-pozittiva-ghal-genituri-ta-tfal-bdizabilita\/\" \/>\n<meta property=\"og:site_name\" content=\"Agenzija Sapport\" \/>\n<meta property=\"article:modified_time\" content=\"2024-10-16T15:31:48+00:00\" \/>\n<meta name=\"twitter:card\" content=\"summary_large_image\" \/>\n<meta name=\"twitter:label1\" content=\"Est. reading time\" \/>\n\t<meta name=\"twitter:data1\" content=\"2 minutes\" \/>\n<script type=\"application\/ld+json\" class=\"yoast-schema-graph\">{\"@context\":\"https:\\\/\\\/schema.org\",\"@graph\":[{\"@type\":\"WebPage\",\"@id\":\"https:\\\/\\\/sapport.gov.mt\\\/mt\\\/korsijiet-dwar-il-hiliet-ta-trobbija-pozittiva-ghal-genituri-ta-tfal-bdizabilita\\\/\",\"url\":\"https:\\\/\\\/sapport.gov.mt\\\/mt\\\/korsijiet-dwar-il-hiliet-ta-trobbija-pozittiva-ghal-genituri-ta-tfal-bdizabilita\\\/\",\"name\":\"Korsijiet dwar il-\u0126iliet ta\u2019 Trobbija Po\u017cittiva g\u0127al \u0120enituri ta\u2019 Tfal b\u2019Di\u017cabilit\u00e0 - Agenzija Sapport\",\"isPartOf\":{\"@id\":\"https:\\\/\\\/sapport.gov.mt\\\/mt\\\/#website\"},\"datePublished\":\"2023-03-22T11:47:31+00:00\",\"dateModified\":\"2024-10-16T15:31:48+00:00\",\"breadcrumb\":{\"@id\":\"https:\\\/\\\/sapport.gov.mt\\\/mt\\\/korsijiet-dwar-il-hiliet-ta-trobbija-pozittiva-ghal-genituri-ta-tfal-bdizabilita\\\/#breadcrumb\"},\"inLanguage\":\"mt-MT\",\"potentialAction\":[{\"@type\":\"ReadAction\",\"target\":[\"https:\\\/\\\/sapport.gov.mt\\\/mt\\\/korsijiet-dwar-il-hiliet-ta-trobbija-pozittiva-ghal-genituri-ta-tfal-bdizabilita\\\/\"]}]},{\"@type\":\"BreadcrumbList\",\"@id\":\"https:\\\/\\\/sapport.gov.mt\\\/mt\\\/korsijiet-dwar-il-hiliet-ta-trobbija-pozittiva-ghal-genituri-ta-tfal-bdizabilita\\\/#breadcrumb\",\"itemListElement\":[{\"@type\":\"ListItem\",\"position\":1,\"name\":\"Pa\u0121na\",\"item\":\"https:\\\/\\\/sapport.gov.mt\\\/mt\\\/\"},{\"@type\":\"ListItem\",\"position\":2,\"name\":\"Korsijiet dwar il-\u0126iliet ta\u2019 Trobbija Po\u017cittiva g\u0127al \u0120enituri ta\u2019 Tfal b\u2019Di\u017cabilit\u00e0\"}]},{\"@type\":\"WebSite\",\"@id\":\"https:\\\/\\\/sapport.gov.mt\\\/mt\\\/#website\",\"url\":\"https:\\\/\\\/sapport.gov.mt\\\/mt\\\/\",\"name\":\"Agenzija Sapport\",\"description\":\"Providing Professional And Innovative Services To Enhance The Quality Of Life Of Persons With Disabilities\",\"publisher\":{\"@id\":\"https:\\\/\\\/sapport.gov.mt\\\/mt\\\/#organization\"},\"potentialAction\":[{\"@type\":\"SearchAction\",\"target\":{\"@type\":\"EntryPoint\",\"urlTemplate\":\"https:\\\/\\\/sapport.gov.mt\\\/mt\\\/?s={search_term_string}\"},\"query-input\":{\"@type\":\"PropertyValueSpecification\",\"valueRequired\":true,\"valueName\":\"search_term_string\"}}],\"inLanguage\":\"mt-MT\"},{\"@type\":\"Organization\",\"@id\":\"https:\\\/\\\/sapport.gov.mt\\\/mt\\\/#organization\",\"name\":\"A\u0121enzija Sapport\",\"alternateName\":\"Sapport Agency\",\"url\":\"https:\\\/\\\/sapport.gov.mt\\\/mt\\\/\",\"logo\":{\"@type\":\"ImageObject\",\"inLanguage\":\"mt-MT\",\"@id\":\"https:\\\/\\\/sapport.gov.mt\\\/mt\\\/#\\\/schema\\\/logo\\\/image\\\/\",\"url\":\"https:\\\/\\\/sapport.ppdevplayground.com\\\/wp-content\\\/uploads\\\/2022\\\/11\\\/site-logo.png\",\"contentUrl\":\"https:\\\/\\\/sapport.ppdevplayground.com\\\/wp-content\\\/uploads\\\/2022\\\/11\\\/site-logo.png\",\"width\":320,\"height\":178,\"caption\":\"A\u0121enzija Sapport\"},\"image\":{\"@id\":\"https:\\\/\\\/sapport.gov.mt\\\/mt\\\/#\\\/schema\\\/logo\\\/image\\\/\"}}]}<\/script>\n<!-- \/ Yoast SEO plugin. -->","yoast_head_json":{"title":"Korsijiet dwar il-\u0126iliet ta\u2019 Trobbija Po\u017cittiva g\u0127al \u0120enituri ta\u2019 Tfal b\u2019Di\u017cabilit\u00e0 - Agenzija Sapport","robots":{"index":"index","follow":"follow","max-snippet":"max-snippet:-1","max-image-preview":"max-image-preview:large","max-video-preview":"max-video-preview:-1"},"canonical":"https:\/\/sapport.gov.mt\/mt\/korsijiet-dwar-il-hiliet-ta-trobbija-pozittiva-ghal-genituri-ta-tfal-bdizabilita\/","og_locale":"mt_MT","og_type":"article","og_title":"Korsijiet dwar il-\u0126iliet ta\u2019 Trobbija Po\u017cittiva g\u0127al \u0120enituri ta\u2019 Tfal b\u2019Di\u017cabilit\u00e0 - Agenzija Sapport","og_url":"https:\/\/sapport.gov.mt\/mt\/korsijiet-dwar-il-hiliet-ta-trobbija-pozittiva-ghal-genituri-ta-tfal-bdizabilita\/","og_site_name":"Agenzija Sapport","article_modified_time":"2024-10-16T15:31:48+00:00","twitter_card":"summary_large_image","twitter_misc":{"Est. reading time":"2 minutes"},"schema":{"@context":"https:\/\/schema.org","@graph":[{"@type":"WebPage","@id":"https:\/\/sapport.gov.mt\/mt\/korsijiet-dwar-il-hiliet-ta-trobbija-pozittiva-ghal-genituri-ta-tfal-bdizabilita\/","url":"https:\/\/sapport.gov.mt\/mt\/korsijiet-dwar-il-hiliet-ta-trobbija-pozittiva-ghal-genituri-ta-tfal-bdizabilita\/","name":"Korsijiet dwar il-\u0126iliet ta\u2019 Trobbija Po\u017cittiva g\u0127al \u0120enituri ta\u2019 Tfal b\u2019Di\u017cabilit\u00e0 - Agenzija Sapport","isPartOf":{"@id":"https:\/\/sapport.gov.mt\/mt\/#website"},"datePublished":"2023-03-22T11:47:31+00:00","dateModified":"2024-10-16T15:31:48+00:00","breadcrumb":{"@id":"https:\/\/sapport.gov.mt\/mt\/korsijiet-dwar-il-hiliet-ta-trobbija-pozittiva-ghal-genituri-ta-tfal-bdizabilita\/#breadcrumb"},"inLanguage":"mt-MT","potentialAction":[{"@type":"ReadAction","target":["https:\/\/sapport.gov.mt\/mt\/korsijiet-dwar-il-hiliet-ta-trobbija-pozittiva-ghal-genituri-ta-tfal-bdizabilita\/"]}]},{"@type":"BreadcrumbList","@id":"https:\/\/sapport.gov.mt\/mt\/korsijiet-dwar-il-hiliet-ta-trobbija-pozittiva-ghal-genituri-ta-tfal-bdizabilita\/#breadcrumb","itemListElement":[{"@type":"ListItem","position":1,"name":"Pa\u0121na","item":"https:\/\/sapport.gov.mt\/mt\/"},{"@type":"ListItem","position":2,"name":"Korsijiet dwar il-\u0126iliet ta\u2019 Trobbija Po\u017cittiva g\u0127al \u0120enituri ta\u2019 Tfal b\u2019Di\u017cabilit\u00e0"}]},{"@type":"WebSite","@id":"https:\/\/sapport.gov.mt\/mt\/#website","url":"https:\/\/sapport.gov.mt\/mt\/","name":"Agenzija Sapport","description":"Providing Professional And Innovative Services To Enhance The Quality Of Life Of Persons With Disabilities","publisher":{"@id":"https:\/\/sapport.gov.mt\/mt\/#organization"},"potentialAction":[{"@type":"SearchAction","target":{"@type":"EntryPoint","urlTemplate":"https:\/\/sapport.gov.mt\/mt\/?s={search_term_string}"},"query-input":{"@type":"PropertyValueSpecification","valueRequired":true,"valueName":"search_term_string"}}],"inLanguage":"mt-MT"},{"@type":"Organization","@id":"https:\/\/sapport.gov.mt\/mt\/#organization","name":"A\u0121enzija Sapport","alternateName":"Sapport Agency","url":"https:\/\/sapport.gov.mt\/mt\/","logo":{"@type":"ImageObject","inLanguage":"mt-MT","@id":"https:\/\/sapport.gov.mt\/mt\/#\/schema\/logo\/image\/","url":"https:\/\/sapport.ppdevplayground.com\/wp-content\/uploads\/2022\/11\/site-logo.png","contentUrl":"https:\/\/sapport.ppdevplayground.com\/wp-content\/uploads\/2022\/11\/site-logo.png","width":320,"height":178,"caption":"A\u0121enzija Sapport"},"image":{"@id":"https:\/\/sapport.gov.mt\/mt\/#\/schema\/logo\/image\/"}}]}},"_links":{"self":[{"href":"https:\/\/sapport.gov.mt\/mt\/wp-json\/wp\/v2\/pages\/3083","targetHints":{"allow":["GET"]}}],"collection":[{"href":"https:\/\/sapport.gov.mt\/mt\/wp-json\/wp\/v2\/pages"}],"about":[{"href":"https:\/\/sapport.gov.mt\/mt\/wp-json\/wp\/v2\/types\/page"}],"author":[{"embeddable":true,"href":"https:\/\/sapport.gov.mt\/mt\/wp-json\/wp\/v2\/users\/3"}],"replies":[{"embeddable":true,"href":"https:\/\/sapport.gov.mt\/mt\/wp-json\/wp\/v2\/comments?post=3083"}],"version-history":[{"count":0,"href":"https:\/\/sapport.gov.mt\/mt\/wp-json\/wp\/v2\/pages\/3083\/revisions"}],"wp:attachment":[{"href":"https:\/\/sapport.gov.mt\/mt\/wp-json\/wp\/v2\/media?parent=3083"}],"wp:term":[{"taxonomy":"category","embeddable":true,"href":"https:\/\/sapport.gov.mt\/mt\/wp-json\/wp\/v2\/categories?post=3083"}],"curies":[{"name":"wp","href":"https:\/\/api.w.org\/{rel}","templated":true}]}}