{"id":3107,"date":"2023-03-22T16:54:43","date_gmt":"2023-03-22T15:54:43","guid":{"rendered":"https:\/\/sapport.ppdevplayground.com\/?page_id=3107"},"modified":"2024-10-16T18:16:22","modified_gmt":"2024-10-16T16:16:22","slug":"licenzjar","status":"publish","type":"page","link":"https:\/\/sapport.gov.mt\/mt\/dwarna\/licenzjar\/","title":{"rendered":"Li\u010benzjar u Konformit\u00e0"},"content":{"rendered":"<div class=\"tabs-text align\">\n    <div id=\"tabs-text-block_28b64be62cdedf7d677502b3fbc864ca\" class=\"block-tabs-text\">\n\n    <div class=\"blend-mode luminosity\">\n                <div class=\"img inline-bg-image lazyload\" role=\"img\" aria-label=\"\" style=\"background-image:inherit;\" data-bg-image=\"url(https:\/\/sapport.gov.mt\/wp-content\/uploads\/2022\/12\/Licensing-Green-side-panel-scaled.jpg)\"><\/div>\n    <\/div>\n\n    <div class=\"inner np flex-columns stretch\">\n        <div class=\"col-35 left-side\">\n\n            \n            <p class=\"breadcrumbs\"><span><span><a href=\"https:\/\/sapport.gov.mt\/mt\/\">Pa\u0121na<\/a><\/span><\/span><\/p>\n            <h1 class=\"h1 white\">Li\u010benzjar u Konformit\u00e0<\/h1>\n\n            \n                        <ul id=\"tabs-nav\" class=\"tabs-nav\">\n                \n                    <li class=\"tab-title\">\n                        <a id=\"id-dipartiment-tal-liaison-and-risk-management\" href=\"#tabs-content\" data-tab=\"#tab1\" class=\"tab-nav\">Id-Dipartiment tal-Liaison and Risk Management<\/a>\n                    <\/li>\n            \n                \n                    <li class=\"tab-title\">\n                        <a id=\"lienzjar-u-standardizzazzjoni-ta-servizzi\" href=\"#tabs-content\" data-tab=\"#tab2\" class=\"tab-nav\">Li\u010benzjar u Standardizzazzjoni ta’ Servizzi<\/a>\n                    <\/li>\n            \n                \n                    <li class=\"tab-title\">\n                        <a id=\"konformit-u-lmenti\" href=\"#tabs-content\" data-tab=\"#tab3\" class=\"tab-nav\">Konformit\u00e0 u lmenti<\/a>\n                    <\/li>\n            \n                            <\/ul>\n                    <\/div>\n\n        <div class=\"col-65 right-side\">\n            \n                        <div id=\"tabs-content\" class=\"tabs-content\">\n                                <div id=\"tab1\" class=\"tab-content\">\n                    <h2 class=\"h4\">Id-Dipartiment tal-Liaison and Risk Management<\/h2>\n                    <div class=\"post-content\"><p>Id-Dipartiment tal-Liaison and Risk Management jissorvelja diversi taqsimiet ta\u0127t A\u0121enzija Sapport biex ji\u017cviluppa prattiki ta’ komunikazzjoni fluwida, pro\u010beduri standardizzati, u \u0121estjoni tar-riskji fl-organizzazzjoni kollha.<\/p>\n<p>&nbsp;<\/p>\n<p>Wa\u0127da mir-responsabilitajiet tad-Dipartiment hija li ja\u0121ixxi b\u0127ala l-punt \u010bentrali ta’ kuntatt u ta’ qsim ta’ informazzjoni bejn l-Awtorit\u00e0 ta\u2019 Standards ta\u2019 \u0126arsien So\u010bjali (SCSA) u A\u0121enzija Sapport g\u0127al skopijiet ta’ li\u010benzjar.<\/p>\n<\/div>\n\n                                            \n                <\/div>\n                                <div id=\"tab2\" class=\"tab-content\">\n                    <h2 class=\"h4\">Li\u010benzjar u Standardizzazzjoni ta’ Servizzi<\/h2>\n                    <div class=\"post-content\"><p>B’konformit\u00e0 mal-Istandards Nazzjonali g\u0127all-Persuni b’Di\u017cabilit\u00e0 ppubblikati mill-SCSA, il-fornituri tas-servizzi huma mistennija jikkollaboraw mal-Awtorit\u00e0 biex ji\u017cguraw li s-servizzi ji\u0121u pprovduti bil-benesseri tal-utenti tas-servizz fil-qalba tal-operat tag\u0127hom.<\/p>\n<p>&nbsp;<\/p>\n<p>A\u0121enzija Sapport ti\u017cgura li l-linji gwida pprovduti mill-SCSA ji\u0121u rispettati u segwiti bl-a\u0127jar prattiki possibbli g\u0127all-benefi\u010b\u010bju s\u0127i\u0127 tal-klijenti.<\/p>\n<p>&nbsp;<\/p>\n<p>G\u0127al kull servizz ta\u2019 \u0127arsien so\u010bjali li jrid jit\u0127addem, tin\u0127are\u0121 li\u010benzja mill-SCSA biex ti\u010b\u010bertifika l-operazzjonijiet legali skont l-Istandards u l-Indikaturi tal-Prestazzjoni ppubblikati. Din il-li\u010benzja hija valida g\u0127al sena u l-kopja pprovduta ta\u010b-\u010bertifikat tintwera b’mod vi\u017cibbli f’kull wie\u0127ed mill-postijiet fejn is-servizzi li\u010benzjati ji\u0121u pprovduti mill-A\u0121enzija.<\/p>\n<p>&nbsp;<\/p>\n<p><a href=\"https:\/\/scsa.gov.mt\/mt\/Pages\/Publications.aspx\" target=\"_blank\" rel=\"noopener\">G\u0127al referenza, wie\u0127ed jista’ jg\u0127afas din il-\u0127olqa biex ja\u010b\u010bessa dawn l-istandards tas-servizzi.<\/a><\/p>\n<\/div>\n\n                                            \n                <\/div>\n                                <div id=\"tab3\" class=\"tab-content\">\n                    <h2 class=\"h4\">Konformit\u00e0 u lmenti<\/h2>\n                    <div class=\"post-content\"><p>Biex ti\u017cgura trasparenza s\u0127i\u0127a, A\u0121enzija Sapport tappella lill-utenti tas-servizz u lill-qraba tag\u0127hom biex jikkomunikaw kwalunkwe kwistjoni osservata jew esperjenzata u lmenti lid-Dipartiment tal-Liaison and Risk Management, biex jinvestiga u jekk me\u0127tie\u0121, jirrettifika kif xieraq.<\/p>\n<p>&nbsp;<\/p>\n<p>Wie\u0127ed jista’ jibg\u0127at email fuq <a href=\"mailto:sapport.liaison@gov.mt\">sapport.liaison@gov.mt<\/a>\u200b jew i\u010bempel fuq il-Helpline ta’ A\u0121enzija Sapport fuq il-Freephone Servizz.gov 153 (ext. 05) jew fuq 2256 8000.<\/p>\n<\/div>\n\n                                            \n                <\/div>\n                            <\/div>\n                    \n        <\/div>\n\n    <\/div>\n<\/div><\/div>","protected":false},"excerpt":{"rendered":"","protected":false},"author":3,"featured_media":0,"parent":1465,"menu_order":0,"comment_status":"closed","ping_status":"closed","template":"","meta":{"_acf_changed":false,"inline_featured_image":false,"footnotes":""},"categories":[],"class_list":["post-3107","page","type-page","status-publish","hentry"],"acf":[],"yoast_head":"<!-- This site is optimized with the Yoast SEO plugin v27.3 - https:\/\/yoast.com\/product\/yoast-seo-wordpress\/ -->\n<title>Li\u010benzjar u Konformit\u00e0 - Agenzija Sapport<\/title>\n<meta name=\"robots\" content=\"index, follow, max-snippet:-1, max-image-preview:large, max-video-preview:-1\" \/>\n<link rel=\"canonical\" href=\"https:\/\/sapport.gov.mt\/mt\/dwarna\/licenzjar\/\" \/>\n<meta property=\"og:locale\" content=\"mt_MT\" \/>\n<meta property=\"og:type\" content=\"article\" \/>\n<meta property=\"og:title\" content=\"Li\u010benzjar u Konformit\u00e0 - Agenzija Sapport\" \/>\n<meta property=\"og:url\" content=\"https:\/\/sapport.gov.mt\/mt\/dwarna\/licenzjar\/\" \/>\n<meta property=\"og:site_name\" content=\"Agenzija Sapport\" \/>\n<meta property=\"article:modified_time\" content=\"2024-10-16T16:16:22+00:00\" \/>\n<meta name=\"twitter:card\" content=\"summary_large_image\" \/>\n<meta name=\"twitter:label1\" content=\"Est. reading time\" \/>\n\t<meta name=\"twitter:data1\" content=\"2 minutes\" \/>\n<script type=\"application\/ld+json\" class=\"yoast-schema-graph\">{\"@context\":\"https:\\\/\\\/schema.org\",\"@graph\":[{\"@type\":\"WebPage\",\"@id\":\"https:\\\/\\\/sapport.gov.mt\\\/mt\\\/dwarna\\\/licenzjar\\\/\",\"url\":\"https:\\\/\\\/sapport.gov.mt\\\/mt\\\/dwarna\\\/licenzjar\\\/\",\"name\":\"Li\u010benzjar u Konformit\u00e0 - Agenzija Sapport\",\"isPartOf\":{\"@id\":\"https:\\\/\\\/sapport.gov.mt\\\/mt\\\/#website\"},\"datePublished\":\"2023-03-22T15:54:43+00:00\",\"dateModified\":\"2024-10-16T16:16:22+00:00\",\"breadcrumb\":{\"@id\":\"https:\\\/\\\/sapport.gov.mt\\\/mt\\\/dwarna\\\/licenzjar\\\/#breadcrumb\"},\"inLanguage\":\"mt-MT\",\"potentialAction\":[{\"@type\":\"ReadAction\",\"target\":[\"https:\\\/\\\/sapport.gov.mt\\\/mt\\\/dwarna\\\/licenzjar\\\/\"]}]},{\"@type\":\"BreadcrumbList\",\"@id\":\"https:\\\/\\\/sapport.gov.mt\\\/mt\\\/dwarna\\\/licenzjar\\\/#breadcrumb\",\"itemListElement\":[{\"@type\":\"ListItem\",\"position\":1,\"name\":\"Pa\u0121na\",\"item\":\"https:\\\/\\\/sapport.gov.mt\\\/mt\\\/\"},{\"@type\":\"ListItem\",\"position\":2,\"name\":\"Dwarna\",\"item\":\"https:\\\/\\\/sapport.gov.mt\\\/mt\\\/dwarna\\\/\"},{\"@type\":\"ListItem\",\"position\":3,\"name\":\"Li\u010benzjar u Konformit\u00e0\"}]},{\"@type\":\"WebSite\",\"@id\":\"https:\\\/\\\/sapport.gov.mt\\\/mt\\\/#website\",\"url\":\"https:\\\/\\\/sapport.gov.mt\\\/mt\\\/\",\"name\":\"Agenzija Sapport\",\"description\":\"Providing Professional And Innovative Services To Enhance The Quality Of Life Of Persons With Disabilities\",\"publisher\":{\"@id\":\"https:\\\/\\\/sapport.gov.mt\\\/mt\\\/#organization\"},\"potentialAction\":[{\"@type\":\"SearchAction\",\"target\":{\"@type\":\"EntryPoint\",\"urlTemplate\":\"https:\\\/\\\/sapport.gov.mt\\\/mt\\\/?s={search_term_string}\"},\"query-input\":{\"@type\":\"PropertyValueSpecification\",\"valueRequired\":true,\"valueName\":\"search_term_string\"}}],\"inLanguage\":\"mt-MT\"},{\"@type\":\"Organization\",\"@id\":\"https:\\\/\\\/sapport.gov.mt\\\/mt\\\/#organization\",\"name\":\"A\u0121enzija Sapport\",\"alternateName\":\"Sapport Agency\",\"url\":\"https:\\\/\\\/sapport.gov.mt\\\/mt\\\/\",\"logo\":{\"@type\":\"ImageObject\",\"inLanguage\":\"mt-MT\",\"@id\":\"https:\\\/\\\/sapport.gov.mt\\\/mt\\\/#\\\/schema\\\/logo\\\/image\\\/\",\"url\":\"https:\\\/\\\/sapport.ppdevplayground.com\\\/wp-content\\\/uploads\\\/2022\\\/11\\\/site-logo.png\",\"contentUrl\":\"https:\\\/\\\/sapport.ppdevplayground.com\\\/wp-content\\\/uploads\\\/2022\\\/11\\\/site-logo.png\",\"width\":320,\"height\":178,\"caption\":\"A\u0121enzija Sapport\"},\"image\":{\"@id\":\"https:\\\/\\\/sapport.gov.mt\\\/mt\\\/#\\\/schema\\\/logo\\\/image\\\/\"}}]}<\/script>\n<!-- \/ Yoast SEO plugin. -->","yoast_head_json":{"title":"Li\u010benzjar u Konformit\u00e0 - Agenzija Sapport","robots":{"index":"index","follow":"follow","max-snippet":"max-snippet:-1","max-image-preview":"max-image-preview:large","max-video-preview":"max-video-preview:-1"},"canonical":"https:\/\/sapport.gov.mt\/mt\/dwarna\/licenzjar\/","og_locale":"mt_MT","og_type":"article","og_title":"Li\u010benzjar u Konformit\u00e0 - Agenzija Sapport","og_url":"https:\/\/sapport.gov.mt\/mt\/dwarna\/licenzjar\/","og_site_name":"Agenzija Sapport","article_modified_time":"2024-10-16T16:16:22+00:00","twitter_card":"summary_large_image","twitter_misc":{"Est. reading time":"2 minutes"},"schema":{"@context":"https:\/\/schema.org","@graph":[{"@type":"WebPage","@id":"https:\/\/sapport.gov.mt\/mt\/dwarna\/licenzjar\/","url":"https:\/\/sapport.gov.mt\/mt\/dwarna\/licenzjar\/","name":"Li\u010benzjar u Konformit\u00e0 - Agenzija Sapport","isPartOf":{"@id":"https:\/\/sapport.gov.mt\/mt\/#website"},"datePublished":"2023-03-22T15:54:43+00:00","dateModified":"2024-10-16T16:16:22+00:00","breadcrumb":{"@id":"https:\/\/sapport.gov.mt\/mt\/dwarna\/licenzjar\/#breadcrumb"},"inLanguage":"mt-MT","potentialAction":[{"@type":"ReadAction","target":["https:\/\/sapport.gov.mt\/mt\/dwarna\/licenzjar\/"]}]},{"@type":"BreadcrumbList","@id":"https:\/\/sapport.gov.mt\/mt\/dwarna\/licenzjar\/#breadcrumb","itemListElement":[{"@type":"ListItem","position":1,"name":"Pa\u0121na","item":"https:\/\/sapport.gov.mt\/mt\/"},{"@type":"ListItem","position":2,"name":"Dwarna","item":"https:\/\/sapport.gov.mt\/mt\/dwarna\/"},{"@type":"ListItem","position":3,"name":"Li\u010benzjar u Konformit\u00e0"}]},{"@type":"WebSite","@id":"https:\/\/sapport.gov.mt\/mt\/#website","url":"https:\/\/sapport.gov.mt\/mt\/","name":"Agenzija Sapport","description":"Providing Professional And Innovative Services To Enhance The Quality Of Life Of Persons With Disabilities","publisher":{"@id":"https:\/\/sapport.gov.mt\/mt\/#organization"},"potentialAction":[{"@type":"SearchAction","target":{"@type":"EntryPoint","urlTemplate":"https:\/\/sapport.gov.mt\/mt\/?s={search_term_string}"},"query-input":{"@type":"PropertyValueSpecification","valueRequired":true,"valueName":"search_term_string"}}],"inLanguage":"mt-MT"},{"@type":"Organization","@id":"https:\/\/sapport.gov.mt\/mt\/#organization","name":"A\u0121enzija Sapport","alternateName":"Sapport Agency","url":"https:\/\/sapport.gov.mt\/mt\/","logo":{"@type":"ImageObject","inLanguage":"mt-MT","@id":"https:\/\/sapport.gov.mt\/mt\/#\/schema\/logo\/image\/","url":"https:\/\/sapport.ppdevplayground.com\/wp-content\/uploads\/2022\/11\/site-logo.png","contentUrl":"https:\/\/sapport.ppdevplayground.com\/wp-content\/uploads\/2022\/11\/site-logo.png","width":320,"height":178,"caption":"A\u0121enzija Sapport"},"image":{"@id":"https:\/\/sapport.gov.mt\/mt\/#\/schema\/logo\/image\/"}}]}},"_links":{"self":[{"href":"https:\/\/sapport.gov.mt\/mt\/wp-json\/wp\/v2\/pages\/3107","targetHints":{"allow":["GET"]}}],"collection":[{"href":"https:\/\/sapport.gov.mt\/mt\/wp-json\/wp\/v2\/pages"}],"about":[{"href":"https:\/\/sapport.gov.mt\/mt\/wp-json\/wp\/v2\/types\/page"}],"author":[{"embeddable":true,"href":"https:\/\/sapport.gov.mt\/mt\/wp-json\/wp\/v2\/users\/3"}],"replies":[{"embeddable":true,"href":"https:\/\/sapport.gov.mt\/mt\/wp-json\/wp\/v2\/comments?post=3107"}],"version-history":[{"count":0,"href":"https:\/\/sapport.gov.mt\/mt\/wp-json\/wp\/v2\/pages\/3107\/revisions"}],"up":[{"embeddable":true,"href":"https:\/\/sapport.gov.mt\/mt\/wp-json\/wp\/v2\/pages\/1465"}],"wp:attachment":[{"href":"https:\/\/sapport.gov.mt\/mt\/wp-json\/wp\/v2\/media?parent=3107"}],"wp:term":[{"taxonomy":"category","embeddable":true,"href":"https:\/\/sapport.gov.mt\/mt\/wp-json\/wp\/v2\/categories?post=3107"}],"curies":[{"name":"wp","href":"https:\/\/api.w.org\/{rel}","templated":true}]}}