{"id":3111,"date":"2023-03-23T11:54:40","date_gmt":"2023-03-23T10:54:40","guid":{"rendered":"https:\/\/sapport.ppdevplayground.com\/?page_id=3111"},"modified":"2025-06-30T14:56:41","modified_gmt":"2025-06-30T12:56:41","slug":"super-sibs-programm-interessanti-matul-is-sajf-ghat-tfal-li-ghandhom-ahwa-bdizabilita","status":"publish","type":"page","link":"https:\/\/sapport.gov.mt\/mt\/workshops-u-gruppi-ta-sostenn\/super-sibs-programm-interessanti-matul-is-sajf-ghat-tfal-li-ghandhom-ahwa-bdizabilita\/","title":{"rendered":"Super Sibs \u2013 Programm mimli divertiment g\u0127all-a\u0127wa \u017cg\u0127ar"},"content":{"rendered":"<div class=\"banner align\">\n    <div id=\"banner-block_5856c1889c43bf263a1eac741ef2541b\" class=\"block-banner\">\n\n\t    <div class=\"blend-mode multiply\">\n\t\t\n                        <div class=\"img inline-bg-image lazyload\" role=\"img\" aria-label=\"\" style=\"background-image:inherit;\" data-bg-image=\"url(https:\/\/sapport.gov.mt\/wp-content\/uploads\/2023\/01\/Top-banner-for-all-sections-scaled.jpeg)\"><\/div>\n\n            <div class=\"inner content\">\n\n                \n                <p class=\"breadcrumbs\"><span><span><a href=\"https:\/\/sapport.gov.mt\/mt\/\">Pa\u0121na<\/a><\/span><\/span><\/p>\n                <h1 class=\"h1 white\">Super Sibs \u2013 Programm mimli divertiment g\u0127all-a\u0127wa \u017cg\u0127ar<\/h1>\n                \n                                \n                                \n            <\/div>\n\n\t\t    <\/div>\n\t\n<\/div><\/div>\n\n<div class=\"title-text align\">\n    <div id=\"title-text-block_b72a14334e702db624d021f391d3f65f\" class=\"block-title-text \">\n    <div class=\"inner stbp\">\n\n                \n                            <div class=\"post-content\"><p>A\u0121enzija Sapport tiffa\u010bilita sessjonijiet fi grupp g\u0127al tfal li g\u0127andhom a\u0127wa b\u2019di\u017cabilit\u00e0.<\/p>\n<p>&nbsp;<\/p>\n<p>Permezz ta\u2019 log\u0127ob u attivitajiet skont l-et\u00e0, it-tfal u l-adolexxenti jkollhom l-opportunit\u00e0 jaqsmu l-esperjenza tag\u0127hom, ta\u2019 tfal b\u2019a\u0127wa b\u2019di\u017cabilit\u00e0 \u2013 kemm is-sitwazzjonijiet po\u017cittivi kif ukoll l-isfidi li jaffa\u010b\u010bjaw. Is-sessjonijiet joffrulhom opportunit\u00e0 biex i\u0127ossuhom mifhuma u apprezzati filwaqt li jie\u0127du gost fi grupp sigur.<\/p>\n<\/div>\n        \n                \n    <\/div>\n<\/div>\n\n<\/div>\n\n<div class=\"eligible-apply align\">\n    <div id=\"eligible-apply-block_2861a7896af64a431374d4a12beb3598\" class=\"block-eligible-apply\">\n    <div class=\"inner flex-columns stretch\">\n\n    \n\t    <div class=\"col-50 left-side\">\n\t\t\n\t\t\t<h2 class=\"h2 light-pink\">G\u0126ANIJIET<\/h2>\n            <div class=\"post-content custom-bullets white\"><p><strong>Permezz tal-grupp Super Sibs, it-tfal u l-adolexxenti:\u00a0<\/strong><\/p>\n<ul>\n<li>Jiltaqg\u0127u ma\u2019 a\u0127wa o\u0127rajn ta\u2019 persuni b\u2019di\u017cabilit\u00e0<\/li>\n<li>Jie\u0127du gost<\/li>\n<li>Jitkellmu ma\u2019 o\u0127rajn li jifhmuhom dwar aspetti po\u017cittivi (u xi drabi mhux daqshekk po\u017cittivi) li jkollok a\u0127wa b\u2019di\u017cabilit\u00e0<\/li>\n<li>Ji\u0121u appo\u0121\u0121jati fit-tiftix tal-assistenza meta jkollhom b\u017connha<\/li>\n<li>Jie\u0127du aktar gost!<\/li>\n<\/ul>\n<p>&nbsp;<\/p>\n<p>Dawn il-gruppi huma <strong>ming\u0127ajr \u0127las <\/strong>u jitmexxew minn professjonisti.<\/p>\n<p>&nbsp;<\/p>\n<p>&nbsp;<\/p>\n<p>&nbsp;<\/p>\n<p>&nbsp;<\/p>\n<p>&nbsp;<\/p>\n<\/div>\n\n\t\t    <\/div>\n\t\n    \n\t    <div class=\"col-50 right-side\">\n\t\t\n            <h2 class=\"h2 light-pink\">Kif g\u0127andek tapplika<\/h2>\n\n            <div class=\"content\">\n                <div class=\"post-content custom-bullets white\"><p>Super Sibs huma g\u0127al tfal bejn l-etajiet ta\u2019 7 u 12-il sena li g\u0127andhom a\u0127wa b\u2019di\u017cabilit\u00e0.<\/p>\n<p>&nbsp;<\/p>\n<p><strong>L-applikazzjonijiet g\u0127as-sessjonijiet tas-sajf 2025 issa huma mag\u0127luqa.<\/strong><\/p>\n<p>&nbsp;<\/p>\n<p>&nbsp;<\/p>\n<p>&nbsp;<\/p>\n<\/div>\n\n                                \n                <br>\n\n                                                    <a class=\"btn\" href=\"https:\/\/sapport.gov.mt\/wp-content\/uploads\/2022\/12\/6.-Applikazzjoni-ghal-sessjonijiet-ta-Super-Sibs.pdf\" target=\"_blank\">AG\u0126FAS HAWN G\u0126AL KOPJA TAL-APPLIKAZZJONI<\/a>\n                            <\/div>\n\n            <div class=\"blend-mode luminosity\">\n                                <div class=\"img inline-bg-image lazyload\" role=\"img\" aria-label=\"\" style=\"background-image:inherit;\" data-bg-image=\"url(https:\/\/sapport.gov.mt\/wp-content\/uploads\/2023\/01\/2.-SuperSibs-under-pink-block-1-scaled.jpg)\"><\/div>\n            <\/div>\n\n\t\t    <\/div>\n\t\n    <\/div>\n<\/div><\/div>\n\n<div class=\"title-text align\">\n    <div id=\"title-text-block_644ad1d741662e3750b4ad6ae2654ae0\" class=\"block-title-text \">\n    <div class=\"inner stbp\">\n\n                \n                            <div class=\"post-content\"><p style=\"text-align: center;\"><strong>L-applikazzjoni g\u0127andha tintbag\u0127at lil:<\/strong><\/p>\n<p style=\"text-align: center;\">A\u0121enzija Sapport, Family Support Unit, Triq Patri \u0120wann Azzopardi, Santa Venera SVR 1614<\/p>\n<p>&nbsp;<\/p>\n<p style=\"text-align: center;\">G\u0127al aktar informazzjoni dwar dan il-kors, wie\u0127ed g\u0127andu jibg\u0127at email fuq <a href=\"mailto:workshops.sapport@gov.mt\">workshops.sapport@gov.mt<\/a>, jew i\u010bempel fuq A\u0121enzija Sapport Helpline fuq Freephone Servizz.gov 153 (ext. 05) g\u0127al aktar informazzjoni.<\/p>\n<\/div>\n        \n                \n    <\/div>\n<\/div>\n\n<\/div>\n\n<div class=\"more-schemes align\">\n    <div id=\"more-schemes-block_3b18fba0451adf59987e10d25e2d83f7\" class=\"block-more-schemes\">\n        \n    <div class=\"top-section\">\n        <div class=\"inner ntbp\">\n            <h2 class=\"h2 white\">WORKSHOPS O\u0126RA DISPONIBBLI<\/h2>\n        <\/div>\n    <\/div>\n\n    <div class=\"inner ntp content\">\n\n                \n        \n        <div class=\"list\">\n\n                \n            <a class=\"item flex-columns\" href=\"https:\/\/sapport.gov.mt\/mt\/workshops-u-gruppi-ta-sostenn\/programmi-ta-trobbija-pozittiva\/\">\n                <div class=\"title col-70\">Programmi ta\u2019 Trobbija Po\u017cittiva<\/div>\n                <span class=\"link red col-30\">Aktar informazzjoni <span class=\"corner-arrow right\"><\/span><\/span>\n            <\/a>\n\n                \n            <a class=\"item flex-columns\" href=\"https:\/\/sapport.gov.mt\/mt\/workshops-u-gruppi-ta-sostenn\/gruppi-ta-sostenn-ghall-persuni-bacquired-disability\/\">\n                <div class=\"title col-70\">Gruppi ta\u2019 sostenn g\u0127all-persuni b\u2019acquired disability<\/div>\n                <span class=\"link red col-30\">Aktar informazzjoni <span class=\"corner-arrow right\"><\/span><\/span>\n            <\/a>\n\n                \n            <a class=\"item flex-columns\" href=\"https:\/\/sapport.gov.mt\/mt\/workshops-u-gruppi-ta-sostenn\/workshops-ghall-missirijiet\/\">\n                <div class=\"title col-70\">Workshops g\u0127all-Missirijiet<\/div>\n                <span class=\"link red col-30\">Aktar informazzjoni <span class=\"corner-arrow right\"><\/span><\/span>\n            <\/a>\n\n                \n            <a class=\"item flex-columns\" href=\"https:\/\/sapport.gov.mt\/mt\/workshops-u-gruppi-ta-sostenn\/gruppi-ta-sostenn-ghall-ahwa-ta-persuni-bdizabilita\/\">\n                <div class=\"title col-70\">Workshops g\u0127all-A\u0127wa Adulti ta\u2019 Persuni b\u2019Di\u017cabilit\u00e0<\/div>\n                <span class=\"link red col-30\">Aktar informazzjoni <span class=\"corner-arrow right\"><\/span><\/span>\n            <\/a>\n\n                \n            <a class=\"item flex-columns\" href=\"https:\/\/sapport.gov.mt\/mt\/workshops-u-gruppi-ta-sostenn\/workshops-u-gruppi-ta-sostenn-ghall-genituri\/\">\n                <div class=\"title col-70\">Workshops u Gruppi ta\u2019 Sostenn g\u0127all-\u0120enituri<\/div>\n                <span class=\"link red col-30\">Aktar informazzjoni <span class=\"corner-arrow right\"><\/span><\/span>\n            <\/a>\n\n                \n            <a class=\"item flex-columns\" href=\"https:\/\/sapport.gov.mt\/mt\/workshops-u-gruppi-ta-sostenn\/super-sibs-programm-interessanti-matul-is-sajf-ghat-tfal-li-ghandhom-ahwa-bdizabilita\/\">\n                <div class=\"title col-70\">Super Sibs \u2013 Programm mimli divertiment g\u0127all-a\u0127wa \u017cg\u0127ar<\/div>\n                <span class=\"link red col-30\">Aktar informazzjoni <span class=\"corner-arrow right\"><\/span><\/span>\n            <\/a>\n\n        \n        <\/div>\n\n    <\/div>\n    <\/div>\n<\/div>","protected":false},"excerpt":{"rendered":"","protected":false},"author":3,"featured_media":0,"parent":2811,"menu_order":5,"comment_status":"closed","ping_status":"closed","template":"","meta":{"_acf_changed":false,"inline_featured_image":false,"footnotes":""},"categories":[48],"class_list":["post-3111","page","type-page","status-publish","hentry","category-workshops-mt"],"acf":[],"yoast_head":"<!-- This site is optimized with the Yoast SEO plugin v27.3 - https:\/\/yoast.com\/product\/yoast-seo-wordpress\/ -->\n<title>Super Sibs \u2013 Programm mimli divertiment g\u0127all-a\u0127wa \u017cg\u0127ar - Agenzija Sapport<\/title>\n<meta name=\"robots\" content=\"index, follow, max-snippet:-1, max-image-preview:large, max-video-preview:-1\" \/>\n<link rel=\"canonical\" href=\"https:\/\/sapport.gov.mt\/mt\/workshops-u-gruppi-ta-sostenn\/super-sibs-programm-interessanti-matul-is-sajf-ghat-tfal-li-ghandhom-ahwa-bdizabilita\/\" \/>\n<meta property=\"og:locale\" content=\"mt_MT\" \/>\n<meta property=\"og:type\" content=\"article\" \/>\n<meta property=\"og:title\" content=\"Super Sibs \u2013 Programm mimli divertiment g\u0127all-a\u0127wa \u017cg\u0127ar - Agenzija Sapport\" \/>\n<meta property=\"og:url\" content=\"https:\/\/sapport.gov.mt\/mt\/workshops-u-gruppi-ta-sostenn\/super-sibs-programm-interessanti-matul-is-sajf-ghat-tfal-li-ghandhom-ahwa-bdizabilita\/\" \/>\n<meta property=\"og:site_name\" content=\"Agenzija Sapport\" \/>\n<meta property=\"article:modified_time\" content=\"2025-06-30T12:56:41+00:00\" \/>\n<meta name=\"twitter:card\" content=\"summary_large_image\" \/>\n<meta name=\"twitter:label1\" content=\"Est. reading time\" \/>\n\t<meta name=\"twitter:data1\" content=\"1 minute\" \/>\n<script type=\"application\/ld+json\" class=\"yoast-schema-graph\">{\"@context\":\"https:\\\/\\\/schema.org\",\"@graph\":[{\"@type\":\"WebPage\",\"@id\":\"https:\\\/\\\/sapport.gov.mt\\\/mt\\\/workshops-u-gruppi-ta-sostenn\\\/super-sibs-programm-interessanti-matul-is-sajf-ghat-tfal-li-ghandhom-ahwa-bdizabilita\\\/\",\"url\":\"https:\\\/\\\/sapport.gov.mt\\\/mt\\\/workshops-u-gruppi-ta-sostenn\\\/super-sibs-programm-interessanti-matul-is-sajf-ghat-tfal-li-ghandhom-ahwa-bdizabilita\\\/\",\"name\":\"Super Sibs \u2013 Programm mimli divertiment g\u0127all-a\u0127wa \u017cg\u0127ar - Agenzija Sapport\",\"isPartOf\":{\"@id\":\"https:\\\/\\\/sapport.gov.mt\\\/mt\\\/#website\"},\"datePublished\":\"2023-03-23T10:54:40+00:00\",\"dateModified\":\"2025-06-30T12:56:41+00:00\",\"breadcrumb\":{\"@id\":\"https:\\\/\\\/sapport.gov.mt\\\/mt\\\/workshops-u-gruppi-ta-sostenn\\\/super-sibs-programm-interessanti-matul-is-sajf-ghat-tfal-li-ghandhom-ahwa-bdizabilita\\\/#breadcrumb\"},\"inLanguage\":\"mt-MT\",\"potentialAction\":[{\"@type\":\"ReadAction\",\"target\":[\"https:\\\/\\\/sapport.gov.mt\\\/mt\\\/workshops-u-gruppi-ta-sostenn\\\/super-sibs-programm-interessanti-matul-is-sajf-ghat-tfal-li-ghandhom-ahwa-bdizabilita\\\/\"]}]},{\"@type\":\"BreadcrumbList\",\"@id\":\"https:\\\/\\\/sapport.gov.mt\\\/mt\\\/workshops-u-gruppi-ta-sostenn\\\/super-sibs-programm-interessanti-matul-is-sajf-ghat-tfal-li-ghandhom-ahwa-bdizabilita\\\/#breadcrumb\",\"itemListElement\":[{\"@type\":\"ListItem\",\"position\":1,\"name\":\"Pa\u0121na\",\"item\":\"https:\\\/\\\/sapport.gov.mt\\\/mt\\\/\"},{\"@type\":\"ListItem\",\"position\":2,\"name\":\"Workshops u Gruppi ta\u2019 Sostenn\",\"item\":\"https:\\\/\\\/sapport.gov.mt\\\/mt\\\/workshops-u-gruppi-ta-sostenn\\\/\"},{\"@type\":\"ListItem\",\"position\":3,\"name\":\"Super Sibs \u2013 Programm mimli divertiment g\u0127all-a\u0127wa \u017cg\u0127ar\"}]},{\"@type\":\"WebSite\",\"@id\":\"https:\\\/\\\/sapport.gov.mt\\\/mt\\\/#website\",\"url\":\"https:\\\/\\\/sapport.gov.mt\\\/mt\\\/\",\"name\":\"Agenzija Sapport\",\"description\":\"Providing Professional And Innovative Services To Enhance The Quality Of Life Of Persons With Disabilities\",\"publisher\":{\"@id\":\"https:\\\/\\\/sapport.gov.mt\\\/mt\\\/#organization\"},\"potentialAction\":[{\"@type\":\"SearchAction\",\"target\":{\"@type\":\"EntryPoint\",\"urlTemplate\":\"https:\\\/\\\/sapport.gov.mt\\\/mt\\\/?s={search_term_string}\"},\"query-input\":{\"@type\":\"PropertyValueSpecification\",\"valueRequired\":true,\"valueName\":\"search_term_string\"}}],\"inLanguage\":\"mt-MT\"},{\"@type\":\"Organization\",\"@id\":\"https:\\\/\\\/sapport.gov.mt\\\/mt\\\/#organization\",\"name\":\"A\u0121enzija Sapport\",\"alternateName\":\"Sapport Agency\",\"url\":\"https:\\\/\\\/sapport.gov.mt\\\/mt\\\/\",\"logo\":{\"@type\":\"ImageObject\",\"inLanguage\":\"mt-MT\",\"@id\":\"https:\\\/\\\/sapport.gov.mt\\\/mt\\\/#\\\/schema\\\/logo\\\/image\\\/\",\"url\":\"https:\\\/\\\/sapport.ppdevplayground.com\\\/wp-content\\\/uploads\\\/2022\\\/11\\\/site-logo.png\",\"contentUrl\":\"https:\\\/\\\/sapport.ppdevplayground.com\\\/wp-content\\\/uploads\\\/2022\\\/11\\\/site-logo.png\",\"width\":320,\"height\":178,\"caption\":\"A\u0121enzija Sapport\"},\"image\":{\"@id\":\"https:\\\/\\\/sapport.gov.mt\\\/mt\\\/#\\\/schema\\\/logo\\\/image\\\/\"}}]}<\/script>\n<!-- \/ Yoast SEO plugin. -->","yoast_head_json":{"title":"Super Sibs \u2013 Programm mimli divertiment g\u0127all-a\u0127wa \u017cg\u0127ar - Agenzija Sapport","robots":{"index":"index","follow":"follow","max-snippet":"max-snippet:-1","max-image-preview":"max-image-preview:large","max-video-preview":"max-video-preview:-1"},"canonical":"https:\/\/sapport.gov.mt\/mt\/workshops-u-gruppi-ta-sostenn\/super-sibs-programm-interessanti-matul-is-sajf-ghat-tfal-li-ghandhom-ahwa-bdizabilita\/","og_locale":"mt_MT","og_type":"article","og_title":"Super Sibs \u2013 Programm mimli divertiment g\u0127all-a\u0127wa \u017cg\u0127ar - Agenzija Sapport","og_url":"https:\/\/sapport.gov.mt\/mt\/workshops-u-gruppi-ta-sostenn\/super-sibs-programm-interessanti-matul-is-sajf-ghat-tfal-li-ghandhom-ahwa-bdizabilita\/","og_site_name":"Agenzija Sapport","article_modified_time":"2025-06-30T12:56:41+00:00","twitter_card":"summary_large_image","twitter_misc":{"Est. reading time":"1 minute"},"schema":{"@context":"https:\/\/schema.org","@graph":[{"@type":"WebPage","@id":"https:\/\/sapport.gov.mt\/mt\/workshops-u-gruppi-ta-sostenn\/super-sibs-programm-interessanti-matul-is-sajf-ghat-tfal-li-ghandhom-ahwa-bdizabilita\/","url":"https:\/\/sapport.gov.mt\/mt\/workshops-u-gruppi-ta-sostenn\/super-sibs-programm-interessanti-matul-is-sajf-ghat-tfal-li-ghandhom-ahwa-bdizabilita\/","name":"Super Sibs \u2013 Programm mimli divertiment g\u0127all-a\u0127wa \u017cg\u0127ar - Agenzija Sapport","isPartOf":{"@id":"https:\/\/sapport.gov.mt\/mt\/#website"},"datePublished":"2023-03-23T10:54:40+00:00","dateModified":"2025-06-30T12:56:41+00:00","breadcrumb":{"@id":"https:\/\/sapport.gov.mt\/mt\/workshops-u-gruppi-ta-sostenn\/super-sibs-programm-interessanti-matul-is-sajf-ghat-tfal-li-ghandhom-ahwa-bdizabilita\/#breadcrumb"},"inLanguage":"mt-MT","potentialAction":[{"@type":"ReadAction","target":["https:\/\/sapport.gov.mt\/mt\/workshops-u-gruppi-ta-sostenn\/super-sibs-programm-interessanti-matul-is-sajf-ghat-tfal-li-ghandhom-ahwa-bdizabilita\/"]}]},{"@type":"BreadcrumbList","@id":"https:\/\/sapport.gov.mt\/mt\/workshops-u-gruppi-ta-sostenn\/super-sibs-programm-interessanti-matul-is-sajf-ghat-tfal-li-ghandhom-ahwa-bdizabilita\/#breadcrumb","itemListElement":[{"@type":"ListItem","position":1,"name":"Pa\u0121na","item":"https:\/\/sapport.gov.mt\/mt\/"},{"@type":"ListItem","position":2,"name":"Workshops u Gruppi ta\u2019 Sostenn","item":"https:\/\/sapport.gov.mt\/mt\/workshops-u-gruppi-ta-sostenn\/"},{"@type":"ListItem","position":3,"name":"Super Sibs \u2013 Programm mimli divertiment g\u0127all-a\u0127wa \u017cg\u0127ar"}]},{"@type":"WebSite","@id":"https:\/\/sapport.gov.mt\/mt\/#website","url":"https:\/\/sapport.gov.mt\/mt\/","name":"Agenzija Sapport","description":"Providing Professional And Innovative Services To Enhance The Quality Of Life Of Persons With Disabilities","publisher":{"@id":"https:\/\/sapport.gov.mt\/mt\/#organization"},"potentialAction":[{"@type":"SearchAction","target":{"@type":"EntryPoint","urlTemplate":"https:\/\/sapport.gov.mt\/mt\/?s={search_term_string}"},"query-input":{"@type":"PropertyValueSpecification","valueRequired":true,"valueName":"search_term_string"}}],"inLanguage":"mt-MT"},{"@type":"Organization","@id":"https:\/\/sapport.gov.mt\/mt\/#organization","name":"A\u0121enzija Sapport","alternateName":"Sapport Agency","url":"https:\/\/sapport.gov.mt\/mt\/","logo":{"@type":"ImageObject","inLanguage":"mt-MT","@id":"https:\/\/sapport.gov.mt\/mt\/#\/schema\/logo\/image\/","url":"https:\/\/sapport.ppdevplayground.com\/wp-content\/uploads\/2022\/11\/site-logo.png","contentUrl":"https:\/\/sapport.ppdevplayground.com\/wp-content\/uploads\/2022\/11\/site-logo.png","width":320,"height":178,"caption":"A\u0121enzija Sapport"},"image":{"@id":"https:\/\/sapport.gov.mt\/mt\/#\/schema\/logo\/image\/"}}]}},"_links":{"self":[{"href":"https:\/\/sapport.gov.mt\/mt\/wp-json\/wp\/v2\/pages\/3111","targetHints":{"allow":["GET"]}}],"collection":[{"href":"https:\/\/sapport.gov.mt\/mt\/wp-json\/wp\/v2\/pages"}],"about":[{"href":"https:\/\/sapport.gov.mt\/mt\/wp-json\/wp\/v2\/types\/page"}],"author":[{"embeddable":true,"href":"https:\/\/sapport.gov.mt\/mt\/wp-json\/wp\/v2\/users\/3"}],"replies":[{"embeddable":true,"href":"https:\/\/sapport.gov.mt\/mt\/wp-json\/wp\/v2\/comments?post=3111"}],"version-history":[{"count":3,"href":"https:\/\/sapport.gov.mt\/mt\/wp-json\/wp\/v2\/pages\/3111\/revisions"}],"predecessor-version":[{"id":11509,"href":"https:\/\/sapport.gov.mt\/mt\/wp-json\/wp\/v2\/pages\/3111\/revisions\/11509"}],"up":[{"embeddable":true,"href":"https:\/\/sapport.gov.mt\/mt\/wp-json\/wp\/v2\/pages\/2811"}],"wp:attachment":[{"href":"https:\/\/sapport.gov.mt\/mt\/wp-json\/wp\/v2\/media?parent=3111"}],"wp:term":[{"taxonomy":"category","embeddable":true,"href":"https:\/\/sapport.gov.mt\/mt\/wp-json\/wp\/v2\/categories?post=3111"}],"curies":[{"name":"wp","href":"https:\/\/api.w.org\/{rel}","templated":true}]}}