{"id":3129,"date":"2023-04-03T09:38:39","date_gmt":"2023-04-03T07:38:39","guid":{"rendered":"https:\/\/sapport.ppdevplayground.com\/?page_id=3129"},"modified":"2024-12-30T13:07:10","modified_gmt":"2024-12-30T12:07:10","slug":"workshops-u-gruppi-ta-sostenn-ghall-genituri","status":"publish","type":"page","link":"https:\/\/sapport.gov.mt\/mt\/workshops-u-gruppi-ta-sostenn\/workshops-u-gruppi-ta-sostenn-ghall-genituri\/","title":{"rendered":"Workshops u Gruppi ta\u2019 Sostenn g\u0127all-\u0120enituri"},"content":{"rendered":"<div class=\"banner align\">\n    <div id=\"banner-block_77305777fc000a20017c1cf1cdd0f5f0\" class=\"block-banner\">\n\n\t    <div class=\"blend-mode multiply\">\n\t\t\n                        <div class=\"img inline-bg-image lazyload\" role=\"img\" aria-label=\"\" style=\"background-image:inherit;\" data-bg-image=\"url(https:\/\/sapport.gov.mt\/wp-content\/uploads\/2023\/01\/Top-banner-for-all-sections-scaled.jpeg)\"><\/div>\n\n            <div class=\"inner content\">\n\n                \n                <p class=\"breadcrumbs\"><span><span><a href=\"https:\/\/sapport.gov.mt\/mt\/\">Pa\u0121na<\/a><\/span><\/span><\/p>\n                <h1 class=\"h1 white\">Workshops u Gruppi ta\u2019 Sostenn g\u0127all-\u0120enituri<\/h1>\n                \n                                \n                                \n            <\/div>\n\n\t\t    <\/div>\n\t\n<\/div><\/div>\n\n<div class=\"title-text align\">\n    <div id=\"title-text-block_3bf928419f36d30e392114a855cf1b5c\" class=\"block-title-text \">\n    <div class=\"inner stbp\">\n\n                \n                            <div class=\"post-content\"><p>Meta ting\u0127ata dijanjosi ta’ di\u017cabilit\u00e0 fuq l-ulied, il-familja tg\u0127addi minn \u0127afna emozzjonijiet. Anke jekk il-b\u017connijiet ta\u2019 kull familja huma individwali, xi mistoqsijiet u emozzjonijiet huma komuni fost il-familji li g\u0127andhom tifel\/tifla b\u2019di\u017cabilit\u00e0. G\u0127alhekk, A\u0121enzija Sapport toffri workshops u gruppi ta\u2019 sostenn biex tappo\u0121\u0121ja lil dawn il-familji.<\/p>\n<\/div>\n        \n                \n    <\/div>\n<\/div>\n\n<\/div>\n\n<div class=\"eligible-apply align\">\n    <div id=\"eligible-apply-block_ba869560a8db84427b8dd6dadb55c1c3\" class=\"block-eligible-apply\">\n    <div class=\"inner flex-columns stretch\">\n\n    \n\t    <div class=\"col-50 left-side\">\n\t\t\n\t\t\t<h2 class=\"h2 light-pink\">G\u0126AN<\/h2>\n            <div class=\"post-content custom-bullets white\"><p>L-g\u0127an ta\u2019 dawn il-workshops hu li l-\u0126addiema So\u010bjali jiddiskutu su\u0121\u0121etti ppjanati minn qabel ta\u2019 interess g\u0127all-\u0121enituri, issu\u0121\u0121eriti mill-\u0121enituri stess, segwiti minn diskussjoni miftu\u0127a fi grupp ta\u2019 sostenn waqt it-tieni sieg\u0127a.<\/p>\n<p>&nbsp;<\/p>\n<p>Dawn il-gruppi huma <strong>ming\u0127ajr \u0127las <\/strong>u jitmexxew minn professjonisti.<\/p>\n<p>&nbsp;<\/p>\n<p><strong>Sessjonijiet li jmiss – se jit\u0127abbru dalwaqt!<\/strong><\/p>\n<p>&nbsp;<\/p>\n<p>&nbsp;<\/p>\n<p>&nbsp;<\/p>\n<p>&nbsp;<\/p>\n<\/div>\n\n\t\t    <\/div>\n\t\n    \n\t    <div class=\"col-50 right-side\">\n\t\t\n            <h2 class=\"h2 light-pink\">Kif g\u0127andek tapplika<\/h2>\n\n            <div class=\"content\">\n                <div class=\"post-content custom-bullets white\"><p>\u0120enituri, nanniet, carers jew kuraturi tat-tfal b\u2019di\u017cabilit\u00e0 li g\u0127andhom inqas minn 18-il sena. Dawk li huma interessati li jattendu mhux ne\u010bessarjament ikollhom b\u017conn li ji\u0121u segwiti minn \u0126addiem So\u010bjali minn Sapport.<\/p>\n<p>&nbsp;<\/p>\n<p>Dawk interessati li japplikaw g\u0127al dan il-kors jistg\u0127u jimlew il-formola tal-applikazzjoni b’mod elettroniku, ini\u017c\u017clu l-applikazzjoni u jibg\u0127atuha email, imorru biha personalment jew jibag\u0127tuha bil-posta fl-indirizz ta\u2019 hawn ta\u0127t.<\/p>\n<\/div>\n\n                                                    <a class=\"btn\" href=\"https:\/\/www.servizz.gov.mt\/mt\/Pages\/Inklu_joni_-Ugwaljanza-u-_arsien-So_jali\/Inklu_joni-So_jali\/Persuni-b_Di_abilit_\/WEB2082\/default.aspx\" target=\"_blank\">IMLA L-APPLIKAZZJONI ONLINE<\/a>\n                \n                <br>\n\n                                                    <a class=\"btn\" href=\"https:\/\/sapport.gov.mt\/wp-content\/uploads\/2022\/12\/2.-Workshops-u-Gruppi-ta-Sostenn-ghall-Genituri-ta-Tfal-bDizabilita.pdf\" target=\"_blank\">AG\u0126FAS HAWN G\u0126AL KOPJA TAL-APPLIKAZZJONI<\/a>\n                            <\/div>\n\n            <div class=\"blend-mode luminosity\">\n                                <div class=\"img inline-bg-image lazyload\" role=\"img\" aria-label=\"Workshop setting with presenter\" style=\"background-image:inherit;\" data-bg-image=\"url(https:\/\/sapport.gov.mt\/wp-content\/uploads\/2023\/03\/4.-Workshops-and-Support-groups-under-pink-block-scaled.jpg)\"><\/div>\n            <\/div>\n\n\t\t    <\/div>\n\t\n    <\/div>\n<\/div><\/div>\n\n<div class=\"title-text align\">\n    <div id=\"title-text-block_cf0411c92dca300f0c70fba47c7f79c9\" class=\"block-title-text \">\n    <div class=\"inner stbp\">\n\n                \n                            <div class=\"post-content\"><p style=\"text-align: center;\"><strong>L-applikazzjoni g\u0127andha tintbag\u0127at lil:<\/strong><\/p>\n<p style=\"text-align: center;\">A\u0121enzija Sapport, Family Support Unit, Triq Patri \u0120wann Azzopardi, Santa Venera SVR 1614<\/p>\n<p>&nbsp;<\/p>\n<p style=\"text-align: center;\">G\u0127al aktar informazzjoni dwar dan il-kors, wie\u0127ed g\u0127andu jibg\u0127at email fuq <a href=\"mailto:workshops.sapport@gov.mt\">workshops.sapport@gov.mt<\/a>, jew i\u010bempel fuq A\u0121enzija Sapport Helpline fuq Freephone Servizz.gov 153 (ext. 05) g\u0127al aktar informazzjoni.<\/p>\n<\/div>\n        \n                \n    <\/div>\n<\/div>\n\n<\/div>\n\n<div class=\"more-schemes align\">\n    <div id=\"more-schemes-block_fa6f3af0ff90960d649627faabf7b2a7\" class=\"block-more-schemes\">\n        \n    <div class=\"top-section\">\n        <div class=\"inner ntbp\">\n            <h2 class=\"h2 white\">WORKSHOPS O\u0126RA DISPONIBBLI<\/h2>\n        <\/div>\n    <\/div>\n\n    <div class=\"inner ntp content\">\n\n                \n        \n        <div class=\"list\">\n\n                \n            <a class=\"item flex-columns\" href=\"https:\/\/sapport.gov.mt\/mt\/workshops-u-gruppi-ta-sostenn\/programmi-ta-trobbija-pozittiva\/\">\n                <div class=\"title col-70\">Programmi ta\u2019 Trobbija Po\u017cittiva<\/div>\n                <span class=\"link red col-30\">Aktar informazzjoni <span class=\"corner-arrow right\"><\/span><\/span>\n            <\/a>\n\n                \n            <a class=\"item flex-columns\" href=\"https:\/\/sapport.gov.mt\/mt\/workshops-u-gruppi-ta-sostenn\/gruppi-ta-sostenn-ghall-persuni-bacquired-disability\/\">\n                <div class=\"title col-70\">Gruppi ta\u2019 sostenn g\u0127all-persuni b\u2019acquired disability<\/div>\n                <span class=\"link red col-30\">Aktar informazzjoni <span class=\"corner-arrow right\"><\/span><\/span>\n            <\/a>\n\n                \n            <a class=\"item flex-columns\" href=\"https:\/\/sapport.gov.mt\/mt\/workshops-u-gruppi-ta-sostenn\/workshops-ghall-missirijiet\/\">\n                <div class=\"title col-70\">Workshops g\u0127all-Missirijiet<\/div>\n                <span class=\"link red col-30\">Aktar informazzjoni <span class=\"corner-arrow right\"><\/span><\/span>\n            <\/a>\n\n                \n            <a class=\"item flex-columns\" href=\"https:\/\/sapport.gov.mt\/mt\/workshops-u-gruppi-ta-sostenn\/gruppi-ta-sostenn-ghall-ahwa-ta-persuni-bdizabilita\/\">\n                <div class=\"title col-70\">Workshops g\u0127all-A\u0127wa Adulti ta\u2019 Persuni b\u2019Di\u017cabilit\u00e0<\/div>\n                <span class=\"link red col-30\">Aktar informazzjoni <span class=\"corner-arrow right\"><\/span><\/span>\n            <\/a>\n\n                \n            <a class=\"item flex-columns\" href=\"https:\/\/sapport.gov.mt\/mt\/workshops-u-gruppi-ta-sostenn\/workshops-u-gruppi-ta-sostenn-ghall-genituri\/\">\n                <div class=\"title col-70\">Workshops u Gruppi ta\u2019 Sostenn g\u0127all-\u0120enituri<\/div>\n                <span class=\"link red col-30\">Aktar informazzjoni <span class=\"corner-arrow right\"><\/span><\/span>\n            <\/a>\n\n                \n            <a class=\"item flex-columns\" href=\"https:\/\/sapport.gov.mt\/mt\/workshops-u-gruppi-ta-sostenn\/super-sibs-programm-interessanti-matul-is-sajf-ghat-tfal-li-ghandhom-ahwa-bdizabilita\/\">\n                <div class=\"title col-70\">Super Sibs \u2013 Programm mimli divertiment g\u0127all-a\u0127wa \u017cg\u0127ar<\/div>\n                <span class=\"link red col-30\">Aktar informazzjoni <span class=\"corner-arrow right\"><\/span><\/span>\n            <\/a>\n\n        \n        <\/div>\n\n    <\/div>\n    <\/div>\n<\/div>","protected":false},"excerpt":{"rendered":"","protected":false},"author":3,"featured_media":0,"parent":2811,"menu_order":4,"comment_status":"closed","ping_status":"closed","template":"","meta":{"_acf_changed":false,"inline_featured_image":false,"footnotes":""},"categories":[48],"class_list":["post-3129","page","type-page","status-publish","hentry","category-workshops-mt"],"acf":[],"yoast_head":"<!-- This site is optimized with the Yoast SEO plugin v27.3 - https:\/\/yoast.com\/product\/yoast-seo-wordpress\/ -->\n<title>Workshops u Gruppi ta\u2019 Sostenn g\u0127all-\u0120enituri - Agenzija Sapport<\/title>\n<meta name=\"robots\" content=\"index, follow, max-snippet:-1, max-image-preview:large, max-video-preview:-1\" \/>\n<link rel=\"canonical\" href=\"https:\/\/sapport.gov.mt\/mt\/workshops-u-gruppi-ta-sostenn\/workshops-u-gruppi-ta-sostenn-ghall-genituri\/\" \/>\n<meta property=\"og:locale\" content=\"mt_MT\" \/>\n<meta property=\"og:type\" content=\"article\" \/>\n<meta property=\"og:title\" content=\"Workshops u Gruppi ta\u2019 Sostenn g\u0127all-\u0120enituri - Agenzija Sapport\" \/>\n<meta property=\"og:url\" content=\"https:\/\/sapport.gov.mt\/mt\/workshops-u-gruppi-ta-sostenn\/workshops-u-gruppi-ta-sostenn-ghall-genituri\/\" \/>\n<meta property=\"og:site_name\" content=\"Agenzija Sapport\" \/>\n<meta property=\"article:modified_time\" content=\"2024-12-30T12:07:10+00:00\" \/>\n<meta name=\"twitter:card\" content=\"summary_large_image\" \/>\n<meta name=\"twitter:label1\" content=\"Est. reading time\" \/>\n\t<meta name=\"twitter:data1\" content=\"1 minute\" \/>\n<script type=\"application\/ld+json\" class=\"yoast-schema-graph\">{\"@context\":\"https:\\\/\\\/schema.org\",\"@graph\":[{\"@type\":\"WebPage\",\"@id\":\"https:\\\/\\\/sapport.gov.mt\\\/mt\\\/workshops-u-gruppi-ta-sostenn\\\/workshops-u-gruppi-ta-sostenn-ghall-genituri\\\/\",\"url\":\"https:\\\/\\\/sapport.gov.mt\\\/mt\\\/workshops-u-gruppi-ta-sostenn\\\/workshops-u-gruppi-ta-sostenn-ghall-genituri\\\/\",\"name\":\"Workshops u Gruppi ta\u2019 Sostenn g\u0127all-\u0120enituri - Agenzija Sapport\",\"isPartOf\":{\"@id\":\"https:\\\/\\\/sapport.gov.mt\\\/mt\\\/#website\"},\"datePublished\":\"2023-04-03T07:38:39+00:00\",\"dateModified\":\"2024-12-30T12:07:10+00:00\",\"breadcrumb\":{\"@id\":\"https:\\\/\\\/sapport.gov.mt\\\/mt\\\/workshops-u-gruppi-ta-sostenn\\\/workshops-u-gruppi-ta-sostenn-ghall-genituri\\\/#breadcrumb\"},\"inLanguage\":\"mt-MT\",\"potentialAction\":[{\"@type\":\"ReadAction\",\"target\":[\"https:\\\/\\\/sapport.gov.mt\\\/mt\\\/workshops-u-gruppi-ta-sostenn\\\/workshops-u-gruppi-ta-sostenn-ghall-genituri\\\/\"]}]},{\"@type\":\"BreadcrumbList\",\"@id\":\"https:\\\/\\\/sapport.gov.mt\\\/mt\\\/workshops-u-gruppi-ta-sostenn\\\/workshops-u-gruppi-ta-sostenn-ghall-genituri\\\/#breadcrumb\",\"itemListElement\":[{\"@type\":\"ListItem\",\"position\":1,\"name\":\"Pa\u0121na\",\"item\":\"https:\\\/\\\/sapport.gov.mt\\\/mt\\\/\"},{\"@type\":\"ListItem\",\"position\":2,\"name\":\"Workshops u Gruppi ta\u2019 Sostenn\",\"item\":\"https:\\\/\\\/sapport.gov.mt\\\/mt\\\/workshops-u-gruppi-ta-sostenn\\\/\"},{\"@type\":\"ListItem\",\"position\":3,\"name\":\"Workshops u Gruppi ta\u2019 Sostenn g\u0127all-\u0120enituri\"}]},{\"@type\":\"WebSite\",\"@id\":\"https:\\\/\\\/sapport.gov.mt\\\/mt\\\/#website\",\"url\":\"https:\\\/\\\/sapport.gov.mt\\\/mt\\\/\",\"name\":\"Agenzija Sapport\",\"description\":\"Providing Professional And Innovative Services To Enhance The Quality Of Life Of Persons With Disabilities\",\"publisher\":{\"@id\":\"https:\\\/\\\/sapport.gov.mt\\\/mt\\\/#organization\"},\"potentialAction\":[{\"@type\":\"SearchAction\",\"target\":{\"@type\":\"EntryPoint\",\"urlTemplate\":\"https:\\\/\\\/sapport.gov.mt\\\/mt\\\/?s={search_term_string}\"},\"query-input\":{\"@type\":\"PropertyValueSpecification\",\"valueRequired\":true,\"valueName\":\"search_term_string\"}}],\"inLanguage\":\"mt-MT\"},{\"@type\":\"Organization\",\"@id\":\"https:\\\/\\\/sapport.gov.mt\\\/mt\\\/#organization\",\"name\":\"A\u0121enzija Sapport\",\"alternateName\":\"Sapport Agency\",\"url\":\"https:\\\/\\\/sapport.gov.mt\\\/mt\\\/\",\"logo\":{\"@type\":\"ImageObject\",\"inLanguage\":\"mt-MT\",\"@id\":\"https:\\\/\\\/sapport.gov.mt\\\/mt\\\/#\\\/schema\\\/logo\\\/image\\\/\",\"url\":\"https:\\\/\\\/sapport.ppdevplayground.com\\\/wp-content\\\/uploads\\\/2022\\\/11\\\/site-logo.png\",\"contentUrl\":\"https:\\\/\\\/sapport.ppdevplayground.com\\\/wp-content\\\/uploads\\\/2022\\\/11\\\/site-logo.png\",\"width\":320,\"height\":178,\"caption\":\"A\u0121enzija Sapport\"},\"image\":{\"@id\":\"https:\\\/\\\/sapport.gov.mt\\\/mt\\\/#\\\/schema\\\/logo\\\/image\\\/\"}}]}<\/script>\n<!-- \/ Yoast SEO plugin. -->","yoast_head_json":{"title":"Workshops u Gruppi ta\u2019 Sostenn g\u0127all-\u0120enituri - Agenzija Sapport","robots":{"index":"index","follow":"follow","max-snippet":"max-snippet:-1","max-image-preview":"max-image-preview:large","max-video-preview":"max-video-preview:-1"},"canonical":"https:\/\/sapport.gov.mt\/mt\/workshops-u-gruppi-ta-sostenn\/workshops-u-gruppi-ta-sostenn-ghall-genituri\/","og_locale":"mt_MT","og_type":"article","og_title":"Workshops u Gruppi ta\u2019 Sostenn g\u0127all-\u0120enituri - Agenzija Sapport","og_url":"https:\/\/sapport.gov.mt\/mt\/workshops-u-gruppi-ta-sostenn\/workshops-u-gruppi-ta-sostenn-ghall-genituri\/","og_site_name":"Agenzija Sapport","article_modified_time":"2024-12-30T12:07:10+00:00","twitter_card":"summary_large_image","twitter_misc":{"Est. reading time":"1 minute"},"schema":{"@context":"https:\/\/schema.org","@graph":[{"@type":"WebPage","@id":"https:\/\/sapport.gov.mt\/mt\/workshops-u-gruppi-ta-sostenn\/workshops-u-gruppi-ta-sostenn-ghall-genituri\/","url":"https:\/\/sapport.gov.mt\/mt\/workshops-u-gruppi-ta-sostenn\/workshops-u-gruppi-ta-sostenn-ghall-genituri\/","name":"Workshops u Gruppi ta\u2019 Sostenn g\u0127all-\u0120enituri - Agenzija Sapport","isPartOf":{"@id":"https:\/\/sapport.gov.mt\/mt\/#website"},"datePublished":"2023-04-03T07:38:39+00:00","dateModified":"2024-12-30T12:07:10+00:00","breadcrumb":{"@id":"https:\/\/sapport.gov.mt\/mt\/workshops-u-gruppi-ta-sostenn\/workshops-u-gruppi-ta-sostenn-ghall-genituri\/#breadcrumb"},"inLanguage":"mt-MT","potentialAction":[{"@type":"ReadAction","target":["https:\/\/sapport.gov.mt\/mt\/workshops-u-gruppi-ta-sostenn\/workshops-u-gruppi-ta-sostenn-ghall-genituri\/"]}]},{"@type":"BreadcrumbList","@id":"https:\/\/sapport.gov.mt\/mt\/workshops-u-gruppi-ta-sostenn\/workshops-u-gruppi-ta-sostenn-ghall-genituri\/#breadcrumb","itemListElement":[{"@type":"ListItem","position":1,"name":"Pa\u0121na","item":"https:\/\/sapport.gov.mt\/mt\/"},{"@type":"ListItem","position":2,"name":"Workshops u Gruppi ta\u2019 Sostenn","item":"https:\/\/sapport.gov.mt\/mt\/workshops-u-gruppi-ta-sostenn\/"},{"@type":"ListItem","position":3,"name":"Workshops u Gruppi ta\u2019 Sostenn g\u0127all-\u0120enituri"}]},{"@type":"WebSite","@id":"https:\/\/sapport.gov.mt\/mt\/#website","url":"https:\/\/sapport.gov.mt\/mt\/","name":"Agenzija Sapport","description":"Providing Professional And Innovative Services To Enhance The Quality Of Life Of Persons With Disabilities","publisher":{"@id":"https:\/\/sapport.gov.mt\/mt\/#organization"},"potentialAction":[{"@type":"SearchAction","target":{"@type":"EntryPoint","urlTemplate":"https:\/\/sapport.gov.mt\/mt\/?s={search_term_string}"},"query-input":{"@type":"PropertyValueSpecification","valueRequired":true,"valueName":"search_term_string"}}],"inLanguage":"mt-MT"},{"@type":"Organization","@id":"https:\/\/sapport.gov.mt\/mt\/#organization","name":"A\u0121enzija Sapport","alternateName":"Sapport Agency","url":"https:\/\/sapport.gov.mt\/mt\/","logo":{"@type":"ImageObject","inLanguage":"mt-MT","@id":"https:\/\/sapport.gov.mt\/mt\/#\/schema\/logo\/image\/","url":"https:\/\/sapport.ppdevplayground.com\/wp-content\/uploads\/2022\/11\/site-logo.png","contentUrl":"https:\/\/sapport.ppdevplayground.com\/wp-content\/uploads\/2022\/11\/site-logo.png","width":320,"height":178,"caption":"A\u0121enzija Sapport"},"image":{"@id":"https:\/\/sapport.gov.mt\/mt\/#\/schema\/logo\/image\/"}}]}},"_links":{"self":[{"href":"https:\/\/sapport.gov.mt\/mt\/wp-json\/wp\/v2\/pages\/3129","targetHints":{"allow":["GET"]}}],"collection":[{"href":"https:\/\/sapport.gov.mt\/mt\/wp-json\/wp\/v2\/pages"}],"about":[{"href":"https:\/\/sapport.gov.mt\/mt\/wp-json\/wp\/v2\/types\/page"}],"author":[{"embeddable":true,"href":"https:\/\/sapport.gov.mt\/mt\/wp-json\/wp\/v2\/users\/3"}],"replies":[{"embeddable":true,"href":"https:\/\/sapport.gov.mt\/mt\/wp-json\/wp\/v2\/comments?post=3129"}],"version-history":[{"count":0,"href":"https:\/\/sapport.gov.mt\/mt\/wp-json\/wp\/v2\/pages\/3129\/revisions"}],"up":[{"embeddable":true,"href":"https:\/\/sapport.gov.mt\/mt\/wp-json\/wp\/v2\/pages\/2811"}],"wp:attachment":[{"href":"https:\/\/sapport.gov.mt\/mt\/wp-json\/wp\/v2\/media?parent=3129"}],"wp:term":[{"taxonomy":"category","embeddable":true,"href":"https:\/\/sapport.gov.mt\/mt\/wp-json\/wp\/v2\/categories?post=3129"}],"curies":[{"name":"wp","href":"https:\/\/api.w.org\/{rel}","templated":true}]}}