{"id":3968,"date":"2023-05-04T16:48:14","date_gmt":"2023-05-04T14:48:14","guid":{"rendered":"https:\/\/sapport.ppdevplayground.com\/?page_id=3968"},"modified":"2024-04-16T17:37:31","modified_gmt":"2024-04-16T15:37:31","slug":"l-istorja-taghna","status":"publish","type":"page","link":"https:\/\/sapport.gov.mt\/mt\/dwarna\/l-istorja-taghna\/","title":{"rendered":"L-Istorja Tag\u0127na"},"content":{"rendered":"<div class=\"banner align\">\n    <div id=\"banner-block_d2a92c4ad3be86bd673222df3fa2d7f0\" class=\"block-banner\">\n\n\t    <div class=\"blend-mode multiply\">\n\t\t\n                        <div class=\"img inline-bg-image lazyload\" role=\"img\" aria-label=\"Colla\" style=\"background-image:inherit;\" data-bg-image=\"url(https:\/\/sapport.gov.mt\/wp-content\/uploads\/2023\/05\/new-website-banner-04-05-01-01-scaled.jpg)\"><\/div>\n\n            <div class=\"inner content\">\n\n                \n                <p class=\"breadcrumbs\"><span><span><a href=\"https:\/\/sapport.gov.mt\/mt\/\">Pa\u0121na<\/a><\/span><\/span><\/p>\n                <h1 class=\"h1 white\">Ni\u010b\u010belebraw 20 sena ta’ servizz<\/h1>\n                \n                                \n                                \n            <\/div>\n\n\t\t    <\/div>\n\t\n<\/div><\/div>\n\n<div class=\"how-to-apply timeline align\">\n    <div id=\"how-to-apply-block_c6477abc0152948222483b7e87760480\" class=\"block-how-to-apply timeline\">\n\n    <div class=\"inner flex-columns stretch\">\n\n    \n\t    <div class=\"col-45 left-side\">\n\t\t\n\t\t\t<h2 class=\"h2 blue\"><\/h2>\n\t\t\t<div class=\"post-content custom-bullets\"><\/div>\n\n\t\t\t\t\t\t\n\t\t\t\t\t\t\n\t\t    <\/div>\n\t\n    \n\t    <div class=\"col-55 right-side\">\n\t\t\n        <div class=\"content\">\n        \n            <h4 class=\"h4 nun red\">Stadji importanti ta’ A\u0121enzija Sapport<\/h4>\n            <div class=\"subtitle\"><\/div>\n\n                        <div class=\"steps-process\">\n                \n                <div class=\"step\">\n                    <div class=\"title\">2003<\/div>\n                    <div class=\"text post-content\"><ul>\n<li>A\u0121enzija Sapport \u0121iet stabbilita b\u0127ala a\u0121enzija<\/li>\n<li>Bdiet bis-Servizzi Residenzjali, Servizzi fil-Komunit\u00e0 u Servizzi ta\u2019 \u0126idma So\u010bjali<\/li>\n<li>\u0120ie stabbilit is-Service Allocation Committee<\/li>\n<li>Il-ftu\u0127 tar-residenzi f\u2019\u0126al Kirkop, l-Imtarfa u Wied il-G\u0127ajn<\/li>\n<li>115-il impjegat ma’ A\u0121enzija Sapport<\/li>\n<\/ul>\n<\/div>\n                <\/div>\n\n                \n                <div class=\"step\">\n                    <div class=\"title\">2004<\/div>\n                    <div class=\"text post-content\"><ul>\n<li>244 persuna b\u2019di\u017cabilit\u00e0 \u0121ew assistiti mit-tim tal-\u0126idma So\u010bjali<\/li>\n<\/ul>\n<\/div>\n                <\/div>\n\n                \n                <div class=\"step\">\n                    <div class=\"title\">2005<\/div>\n                    <div class=\"text post-content\"><ul>\n<li>It-tnedija tal-ewwel sit elettroniku ta\u2019 A\u0121enzija Sapport<\/li>\n<\/ul>\n<\/div>\n                <\/div>\n\n                \n                <div class=\"step\">\n                    <div class=\"title\">2006<\/div>\n                    <div class=\"text post-content\"><ul>\n<li>L-ewwel Ftehim Kollettiv g\u0127all-impjegati ta\u2019 A\u0121enzija Sapport<\/li>\n<\/ul>\n<\/div>\n                <\/div>\n\n                \n                <div class=\"step\">\n                    <div class=\"title\">2007<\/div>\n                    <div class=\"text post-content\"><ul>\n<li>Ing\u0127aqdu mal-A\u0121enzija s-Servizzi ta\u2019 Matul il-Jum (Fleur-de-Lys, \u0126al Far, Marsascala, Mtarfa, Mtarfa Resource, Santa Venera, Kottonera, Swatar u Ra\u0127al \u0120did)<\/li>\n<\/ul>\n<\/div>\n                <\/div>\n\n                \n                <div class=\"step\">\n                    <div class=\"title\">2009<\/div>\n                    <div class=\"text post-content\"><ul>\n<li>Il-ftu\u0127 ta\u2019 Dar Andrew (Bormla)<\/li>\n<\/ul>\n<\/div>\n                <\/div>\n\n                \n                <div class=\"step\">\n                    <div class=\"title\">2011<\/div>\n                    <div class=\"text post-content\"><ul>\n<li>2,910: l-g\u0127add ta\u2019 interventi mit-tim ta’ \u0126idma So\u010bjali mill-bidu tal-A\u0121enzija<\/li>\n<\/ul>\n<\/div>\n                <\/div>\n\n                \n                <div class=\"step\">\n                    <div class=\"title\">2013<\/div>\n                    <div class=\"text post-content\"><ul>\n<li>It-tnedija tal-Head Office \u0121did f\u2019Santa Venera<\/li>\n<li>Il-ftu\u0127 ta’ residenza f\u2019Bir\u017cebbu\u0121a<\/li>\n<\/ul>\n<\/div>\n                <\/div>\n\n                \n                <div class=\"step\">\n                    <div class=\"title\">2014<\/div>\n                    <div class=\"text post-content\"><ul>\n<li>Il-ftu\u0127 ta\u010b-\u010aentri ta\u2019 Matul il-Jum Gwardjola u Spero<\/li>\n<\/ul>\n<\/div>\n                <\/div>\n\n                \n                <div class=\"step\">\n                    <div class=\"title\">2015<\/div>\n                    <div class=\"text post-content\"><ul>\n<li>Il-ftu\u0127 ta\u2019 Dar Orkidea (Si\u0121\u0121iewi)<\/li>\n<li>Il-ftu\u0127 ta\u2019 G\u0127ajnsielem Learning Hub<\/li>\n<li>L-introduzzjoni ta\u2019 workshops u gruppi ta\u2019 sostenn g\u0127all-\u0121enituri<\/li>\n<\/ul>\n<\/div>\n                <\/div>\n\n                \n                <div class=\"step\">\n                    <div class=\"title\">2016<\/div>\n                    <div class=\"text post-content\"><ul>\n<li>L-1 ta\u2019 April – A\u0121enzija Sapport saret a\u0121enzija awtonoma<\/li>\n<li>Re-branding tal-A\u0121enzija<\/li>\n<li>It-tnedija tas-Servizz tal-Interpretazzjoni tal-Lingwa tas-Sinjali<\/li>\n<\/ul>\n<\/div>\n                <\/div>\n\n                \n                <div class=\"step\">\n                    <div class=\"title\">2017<\/div>\n                    <div class=\"text post-content\"><ul>\n<li>Il-ftu\u0127 ta\u2019 Sliema Skills Space<\/li>\n<li>Il-ftu\u0127 ta\u2019 Dar Ave Maria (Marsa), Dar Warda (Pembroke) u Dar il-Fjuri (Rabat, G\u0127awdex)<\/li>\n<li>Il-ftu\u0127 tal-uffi\u010b\u010bji tal-Professional Development Centre f\u2019Santa Venera<\/li>\n<li>It-tnedija tas-Servizz Sharing Lives<\/li>\n<li>S\u0127ubija mal-European Social Network (ESN) b\u0127ala membri<\/li>\n<li>It-tnedija ta\u2019 Jobs Enhancing Skills Scheme<\/li>\n<li>Il-bidu tal-Personal Assistant Scheme<\/li>\n<li>It-trasferiment tal-Empowerment Scheme u tal-Iskemi ta\u2019 E\u017cenzjoni mil-Li\u010benzja tat-Triq u mit-Taxxa tar-Re\u0121istrazzjoni g\u0127all-Vetturi minn CRPD g\u0127al A\u0121enzija Sapport<\/li>\n<li>L-introduzzjoni ta\u2019 workshops g\u0127all-a\u0127wa ta’ persuni b’di\u017cabilit\u00e0<\/li>\n<\/ul>\n<\/div>\n                <\/div>\n\n                \n                <div class=\"step\">\n                    <div class=\"title\">2018<\/div>\n                    <div class=\"text post-content\"><ul>\n<li>It-tnedija tal-Pro\u0121ett tal-UE, INK<\/li>\n<li>Il-ftu\u0127 ta\u2019 Dar Iris (\u017babbar)<\/li>\n<\/ul>\n<\/div>\n                <\/div>\n\n                \n                <div class=\"step\">\n                    <div class=\"title\">2019<\/div>\n                    <div class=\"text post-content\"><ul>\n<li>L-ewwel li\u010benzji g\u0127as-servizzi ta\u2019 Sapport mog\u0127tija mill-Awtorit\u00e0 ta\u2019 Standards ta\u2019 \u0126arsien So\u010bjali<\/li>\n<li>It-trasferiment tal-Access to Communication and Technology Unit (ACTU) mill-Ministeru tal-Edukazzjoni g\u0127al A\u0121enzija Sapport<\/li>\n<li>It-trasferiment tas-Sonia Tanti Independent Living Centre (STILC) minn CRPD g\u0127al A\u0121enzija Sapport<\/li>\n<li>S\u0127ubija mal-European Disability Forum &amp; the European Association of Service Providers for Persons with Disabilities (EASPD)<\/li>\n<li>Il-koordinazzjoni tal-konferenza internazzjonali Accessible Europe \u2013 ICT 4 ALL f\u2019kollaborazzjoni mal-Information Technology Unit (ITU)<\/li>\n<\/ul>\n<\/div>\n                <\/div>\n\n                \n                <div class=\"step\">\n                    <div class=\"title\">2020<\/div>\n                    <div class=\"text post-content\"><ul>\n<li>Il-ftu\u0127 ta\u010b-\u010aentru ta\u2019 Matul il-Jum f\u2019Ba\u0127ar i\u010b-\u010aag\u0127aq<\/li>\n<li>It-Tnedija tal-Helpline ta\u2019 A\u0121enzija Sapport<\/li>\n<\/ul>\n<\/div>\n                <\/div>\n\n                \n                <div class=\"step\">\n                    <div class=\"title\">2021<\/div>\n                    <div class=\"text post-content\"><ul>\n<li>It-tnedija tal-ewwel Kumitat Konsultattiv tal-A\u0121enzija g\u0127all-klijenti<\/li>\n<li>L-ewwel Programm ta\u2019 Trobbija Po\u017cittiva g\u0127all-\u0121enituri ta\u2019 tfal b\u2019di\u017cabilit\u00e0<\/li>\n<li>I\u017c-\u017cieda ta\u2019 Driver Test Station fi STILC<\/li>\n<li>Is-Servizzi fil-Komunit\u00e0 tal-A\u0121enzija ng\u0127ataw il-Premju g\u0127all-E\u010b\u010bellenza tas-Servizzi So\u010bjali Ewropej 2021 mill-ESN<\/li>\n<li>Il-Pro\u0121ett INK ing\u0127ata n-National Supporting Business Awards 2021 in Responsible &amp; Inclusive Entrepreneurship<\/li>\n<\/ul>\n<\/div>\n                <\/div>\n\n                \n                <div class=\"step\">\n                    <div class=\"title\">2022<\/div>\n                    <div class=\"text post-content\"><ul>\n<li>Ing\u0127atat il-Marka ta\u2019 Kwalit\u00e0 mill-European Solidarity Corps biex tkun tista’ tospita voluntiera internazzjonali fis-Servizz Sharing Lives<\/li>\n<li>L-introduzzjoni tal-Iskema tal-Blue Badge<\/li>\n<li>It-tnedija tal-Community Hub \u0120irasol (Rabat)<\/li>\n<li>It-tnedija tal-Way to Work Programme<\/li>\n<li>Il-ftu\u0127 ta\u2019 Dar \u0120i\u017cimina (\u017burrieq)<\/li>\n<li>L-introduzzjoni tal-workshops Super Sibs g\u0127at-tfal li jkollhom \u0127uthom b\u2019di\u017cabilit\u00e0<\/li>\n<li>Il-koordinazzjoni tal-konferenza internazzjonali Quality of Life &amp; Support Services \u2013 From Words to Action flimkien f\u2019kollaborazzjoni mal-EASPD<\/li>\n<li>614-il impjegat ma’ A\u0121enzija Sapport<\/li>\n<\/ul>\n<\/div>\n                <\/div>\n\n                \n                <div class=\"step\">\n                    <div class=\"title\">2023<\/div>\n                    <div class=\"text post-content\"><ul>\n<li>S\u0127ubija mal-Federation of European Social Employers<\/li>\n<li>\u017bieda ta’ vettura g\u0127as-sewqan mis-si\u0121\u0121u tar-roti<\/li>\n<li>Konferenza nazzjonali dwar is-servizzi \u010b\u010bentrati fuq il-famija u l-persuna g\u0127al tfal u \u017cg\u0127a\u017cag\u0127 b\u2019di\u017cabilit\u00e0, f\u2019kollaborazzjoni ma\u2019 Ronald McDonald House Charities Malta u d-Dipartiment g\u0127all-Istudji dwar id-Di\u017cabilit\u00e0<\/li>\n<li>It-tnedija ta\u2019 sit elettroniku \u0121did<\/li>\n<li>Introduzzjoni ta’ \u017cew\u0121 skemi ta’ sussijdu fuq xiri ta’ vetturi drive from wheelchair u vetturi modifikati u a\u010b\u010bessibbli g\u0127as-si\u0121\u0121u tar-roti<\/li>\n<li>\u017bieda tas-servizz tal-Karta Ewropea tad-Di\u017cabilit\u00e0<\/li>\n<li>Konsultazzjoni Pubblika dwar ir-Riforma tal-Assistenza Personali<\/li>\n<li>Iktar a\u010b\u010benn fuq id-deistituzzjonalizzazzjoni<\/li>\n<\/ul>\n<p>&nbsp;<\/p>\n<p>u aktar \u0121ejjin….<\/p>\n<p>&nbsp;<\/p>\n<p>&nbsp;<\/p>\n<p>&nbsp;<\/p>\n<p><iframe title=\"20th Anniversary of A\u0121enzija Sapport as an agency\" width=\"500\" height=\"281\" data-src=\"https:\/\/www.youtube.com\/embed\/BpXD5CSJ0Vo?feature=oembed\" frameborder=\"0\" allow=\"accelerometer; autoplay; clipboard-write; encrypted-media; gyroscope; picture-in-picture; web-share\" referrerpolicy=\"strict-origin-when-cross-origin\" allowfullscreen src=\"data:image\/svg+xml;base64,PHN2ZyB3aWR0aD0iMSIgaGVpZ2h0PSIxIiB4bWxucz0iaHR0cDovL3d3dy53My5vcmcvMjAwMC9zdmciPjwvc3ZnPg==\" class=\"lazyload\" data-load-mode=\"1\"><\/iframe><\/p>\n<\/div>\n                <\/div>\n\n                            <\/div>\n                    \n        <\/div>\n\n\t\t    <\/div>\n\t    \n    <\/div>\n\n<\/div><\/div>","protected":false},"excerpt":{"rendered":"","protected":false},"author":3,"featured_media":0,"parent":1465,"menu_order":0,"comment_status":"closed","ping_status":"closed","template":"","meta":{"_acf_changed":false,"inline_featured_image":false,"footnotes":""},"categories":[],"class_list":["post-3968","page","type-page","status-publish","hentry"],"acf":[],"yoast_head":"<!-- This site is optimized with the Yoast SEO plugin v27.4 - https:\/\/yoast.com\/product\/yoast-seo-wordpress\/ -->\n<title>L-Istorja Tag\u0127na - Agenzija Sapport<\/title>\n<meta name=\"robots\" content=\"index, follow, max-snippet:-1, max-image-preview:large, max-video-preview:-1\" \/>\n<link rel=\"canonical\" href=\"https:\/\/sapport.gov.mt\/mt\/dwarna\/l-istorja-taghna\/\" \/>\n<meta property=\"og:locale\" content=\"mt_MT\" \/>\n<meta property=\"og:type\" content=\"article\" \/>\n<meta property=\"og:title\" content=\"L-Istorja Tag\u0127na - Agenzija Sapport\" \/>\n<meta property=\"og:url\" content=\"https:\/\/sapport.gov.mt\/mt\/dwarna\/l-istorja-taghna\/\" \/>\n<meta property=\"og:site_name\" content=\"Agenzija Sapport\" \/>\n<meta property=\"article:modified_time\" content=\"2024-04-16T15:37:31+00:00\" \/>\n<meta name=\"twitter:card\" content=\"summary_large_image\" \/>\n<meta name=\"twitter:label1\" content=\"Est. reading time\" \/>\n\t<meta name=\"twitter:data1\" content=\"3 minutes\" \/>\n<script type=\"application\/ld+json\" class=\"yoast-schema-graph\">{\"@context\":\"https:\\\/\\\/schema.org\",\"@graph\":[{\"@type\":\"WebPage\",\"@id\":\"https:\\\/\\\/sapport.gov.mt\\\/mt\\\/dwarna\\\/l-istorja-taghna\\\/\",\"url\":\"https:\\\/\\\/sapport.gov.mt\\\/mt\\\/dwarna\\\/l-istorja-taghna\\\/\",\"name\":\"L-Istorja Tag\u0127na - Agenzija Sapport\",\"isPartOf\":{\"@id\":\"https:\\\/\\\/sapport.gov.mt\\\/mt\\\/#website\"},\"datePublished\":\"2023-05-04T14:48:14+00:00\",\"dateModified\":\"2024-04-16T15:37:31+00:00\",\"breadcrumb\":{\"@id\":\"https:\\\/\\\/sapport.gov.mt\\\/mt\\\/dwarna\\\/l-istorja-taghna\\\/#breadcrumb\"},\"inLanguage\":\"mt-MT\",\"potentialAction\":[{\"@type\":\"ReadAction\",\"target\":[\"https:\\\/\\\/sapport.gov.mt\\\/mt\\\/dwarna\\\/l-istorja-taghna\\\/\"]}]},{\"@type\":\"BreadcrumbList\",\"@id\":\"https:\\\/\\\/sapport.gov.mt\\\/mt\\\/dwarna\\\/l-istorja-taghna\\\/#breadcrumb\",\"itemListElement\":[{\"@type\":\"ListItem\",\"position\":1,\"name\":\"Pa\u0121na\",\"item\":\"https:\\\/\\\/sapport.gov.mt\\\/mt\\\/\"},{\"@type\":\"ListItem\",\"position\":2,\"name\":\"Dwarna\",\"item\":\"https:\\\/\\\/sapport.gov.mt\\\/mt\\\/dwarna\\\/\"},{\"@type\":\"ListItem\",\"position\":3,\"name\":\"L-Istorja Tag\u0127na\"}]},{\"@type\":\"WebSite\",\"@id\":\"https:\\\/\\\/sapport.gov.mt\\\/mt\\\/#website\",\"url\":\"https:\\\/\\\/sapport.gov.mt\\\/mt\\\/\",\"name\":\"Agenzija Sapport\",\"description\":\"Providing Professional And Innovative Services To Enhance The Quality Of Life Of Persons With Disabilities\",\"publisher\":{\"@id\":\"https:\\\/\\\/sapport.gov.mt\\\/mt\\\/#organization\"},\"potentialAction\":[{\"@type\":\"SearchAction\",\"target\":{\"@type\":\"EntryPoint\",\"urlTemplate\":\"https:\\\/\\\/sapport.gov.mt\\\/mt\\\/?s={search_term_string}\"},\"query-input\":{\"@type\":\"PropertyValueSpecification\",\"valueRequired\":true,\"valueName\":\"search_term_string\"}}],\"inLanguage\":\"mt-MT\"},{\"@type\":\"Organization\",\"@id\":\"https:\\\/\\\/sapport.gov.mt\\\/mt\\\/#organization\",\"name\":\"A\u0121enzija Sapport\",\"alternateName\":\"Sapport Agency\",\"url\":\"https:\\\/\\\/sapport.gov.mt\\\/mt\\\/\",\"logo\":{\"@type\":\"ImageObject\",\"inLanguage\":\"mt-MT\",\"@id\":\"https:\\\/\\\/sapport.gov.mt\\\/mt\\\/#\\\/schema\\\/logo\\\/image\\\/\",\"url\":\"https:\\\/\\\/sapport.ppdevplayground.com\\\/wp-content\\\/uploads\\\/2022\\\/11\\\/site-logo.png\",\"contentUrl\":\"https:\\\/\\\/sapport.ppdevplayground.com\\\/wp-content\\\/uploads\\\/2022\\\/11\\\/site-logo.png\",\"width\":320,\"height\":178,\"caption\":\"A\u0121enzija Sapport\"},\"image\":{\"@id\":\"https:\\\/\\\/sapport.gov.mt\\\/mt\\\/#\\\/schema\\\/logo\\\/image\\\/\"}}]}<\/script>\n<!-- \/ Yoast SEO plugin. -->","yoast_head_json":{"title":"L-Istorja Tag\u0127na - Agenzija Sapport","robots":{"index":"index","follow":"follow","max-snippet":"max-snippet:-1","max-image-preview":"max-image-preview:large","max-video-preview":"max-video-preview:-1"},"canonical":"https:\/\/sapport.gov.mt\/mt\/dwarna\/l-istorja-taghna\/","og_locale":"mt_MT","og_type":"article","og_title":"L-Istorja Tag\u0127na - Agenzija Sapport","og_url":"https:\/\/sapport.gov.mt\/mt\/dwarna\/l-istorja-taghna\/","og_site_name":"Agenzija Sapport","article_modified_time":"2024-04-16T15:37:31+00:00","twitter_card":"summary_large_image","twitter_misc":{"Est. reading time":"3 minutes"},"schema":{"@context":"https:\/\/schema.org","@graph":[{"@type":"WebPage","@id":"https:\/\/sapport.gov.mt\/mt\/dwarna\/l-istorja-taghna\/","url":"https:\/\/sapport.gov.mt\/mt\/dwarna\/l-istorja-taghna\/","name":"L-Istorja Tag\u0127na - Agenzija Sapport","isPartOf":{"@id":"https:\/\/sapport.gov.mt\/mt\/#website"},"datePublished":"2023-05-04T14:48:14+00:00","dateModified":"2024-04-16T15:37:31+00:00","breadcrumb":{"@id":"https:\/\/sapport.gov.mt\/mt\/dwarna\/l-istorja-taghna\/#breadcrumb"},"inLanguage":"mt-MT","potentialAction":[{"@type":"ReadAction","target":["https:\/\/sapport.gov.mt\/mt\/dwarna\/l-istorja-taghna\/"]}]},{"@type":"BreadcrumbList","@id":"https:\/\/sapport.gov.mt\/mt\/dwarna\/l-istorja-taghna\/#breadcrumb","itemListElement":[{"@type":"ListItem","position":1,"name":"Pa\u0121na","item":"https:\/\/sapport.gov.mt\/mt\/"},{"@type":"ListItem","position":2,"name":"Dwarna","item":"https:\/\/sapport.gov.mt\/mt\/dwarna\/"},{"@type":"ListItem","position":3,"name":"L-Istorja Tag\u0127na"}]},{"@type":"WebSite","@id":"https:\/\/sapport.gov.mt\/mt\/#website","url":"https:\/\/sapport.gov.mt\/mt\/","name":"Agenzija Sapport","description":"Providing Professional And Innovative Services To Enhance The Quality Of Life Of Persons With Disabilities","publisher":{"@id":"https:\/\/sapport.gov.mt\/mt\/#organization"},"potentialAction":[{"@type":"SearchAction","target":{"@type":"EntryPoint","urlTemplate":"https:\/\/sapport.gov.mt\/mt\/?s={search_term_string}"},"query-input":{"@type":"PropertyValueSpecification","valueRequired":true,"valueName":"search_term_string"}}],"inLanguage":"mt-MT"},{"@type":"Organization","@id":"https:\/\/sapport.gov.mt\/mt\/#organization","name":"A\u0121enzija Sapport","alternateName":"Sapport Agency","url":"https:\/\/sapport.gov.mt\/mt\/","logo":{"@type":"ImageObject","inLanguage":"mt-MT","@id":"https:\/\/sapport.gov.mt\/mt\/#\/schema\/logo\/image\/","url":"https:\/\/sapport.ppdevplayground.com\/wp-content\/uploads\/2022\/11\/site-logo.png","contentUrl":"https:\/\/sapport.ppdevplayground.com\/wp-content\/uploads\/2022\/11\/site-logo.png","width":320,"height":178,"caption":"A\u0121enzija Sapport"},"image":{"@id":"https:\/\/sapport.gov.mt\/mt\/#\/schema\/logo\/image\/"}}]}},"_links":{"self":[{"href":"https:\/\/sapport.gov.mt\/mt\/wp-json\/wp\/v2\/pages\/3968","targetHints":{"allow":["GET"]}}],"collection":[{"href":"https:\/\/sapport.gov.mt\/mt\/wp-json\/wp\/v2\/pages"}],"about":[{"href":"https:\/\/sapport.gov.mt\/mt\/wp-json\/wp\/v2\/types\/page"}],"author":[{"embeddable":true,"href":"https:\/\/sapport.gov.mt\/mt\/wp-json\/wp\/v2\/users\/3"}],"replies":[{"embeddable":true,"href":"https:\/\/sapport.gov.mt\/mt\/wp-json\/wp\/v2\/comments?post=3968"}],"version-history":[{"count":0,"href":"https:\/\/sapport.gov.mt\/mt\/wp-json\/wp\/v2\/pages\/3968\/revisions"}],"up":[{"embeddable":true,"href":"https:\/\/sapport.gov.mt\/mt\/wp-json\/wp\/v2\/pages\/1465"}],"wp:attachment":[{"href":"https:\/\/sapport.gov.mt\/mt\/wp-json\/wp\/v2\/media?parent=3968"}],"wp:term":[{"taxonomy":"category","embeddable":true,"href":"https:\/\/sapport.gov.mt\/mt\/wp-json\/wp\/v2\/categories?post=3968"}],"curies":[{"name":"wp","href":"https:\/\/api.w.org\/{rel}","templated":true}]}}