{"id":4355,"date":"2023-05-19T08:54:13","date_gmt":"2023-05-19T06:54:13","guid":{"rendered":"https:\/\/sapport.ppdevplayground.com\/?page_id=4355"},"modified":"2025-01-13T12:00:30","modified_gmt":"2025-01-13T11:00:30","slug":"sussidju-fuq-vettura-drive-from-wheelchair","status":"publish","type":"page","link":"https:\/\/sapport.gov.mt\/mt\/skemi\/sussidju-fuq-vettura-drive-from-wheelchair\/","title":{"rendered":"Sussidju fuq Vettura Drive from Wheelchair"},"content":{"rendered":"<div class=\"banner align\">\n    <div id=\"banner-block_b7cc0dfd73e6d1b282cd2eeab816a35f\" class=\"block-banner\">\n\n\t    <div class=\"blend-mode multiply\">\n\t\t\n                        <div class=\"img inline-bg-image lazyload\" role=\"img\" aria-label=\"apply-online-application-form-recruitment-concept-scaled\" style=\"background-image:inherit;\" data-bg-image=\"url(https:\/\/sapport.gov.mt\/wp-content\/uploads\/2022\/11\/apply-online-application-form-recruitment-concept-scaled.jpg)\"><\/div>\n\n            <div class=\"inner content\">\n\n                \n                <p class=\"breadcrumbs\"><span><span><a href=\"https:\/\/sapport.gov.mt\/mt\/\">Pa\u0121na<\/a><\/span><\/span><\/p>\n                <h1 class=\"h1 white\">Sussidju fuq Vettura Drive from Wheelchair<\/h1>\n                \n                                \n                                \n            <\/div>\n\n\t\t    <\/div>\n\t\n<\/div><\/div>\n\n<div class=\"two-col-text align\">\n    <div id=\"two-col-text-block_242635ccdac26a14131ae873f9dae8b4\" class=\"block-two-col-text\">\n<div class=\"inner stbp\">\n\n    <div class=\"post-content custom-bullets\"><p>L-g\u0127an ta\u2019 din l-iskema hu li tipprovdi sapport u g\u0127ajnuna finanzjarja lil persuni b\u2019di\u017cabilit\u00e0 u l-familjari tag\u0127hom sabiex jixtru vettura a\u010b\u010bessibbli g\u0127as-si\u0121\u0121u tar-roti skont il-b\u017connijiet tag\u0127hom.<\/p>\n<p>&nbsp;<\/p>\n<p>Din l-iskema tag\u0127ti g\u0127otja fuq vetturi li huma strettament g\u0127as-sewqan mis-si\u0121\u0121u tar-roti. Dan ifisser li l-vettura g\u0127andu jkollha rampa elettrika fuq wara fejn is-sewwieq tas-si\u0121\u0121u tar-roti jkun jista\u2019 ja\u010b\u010bessaha bis-si\u0121\u0121u tar-roti u jpo\u0121\u0121i lilu nnifsu quddiem ir-rota tal-isteering biex isuq il-vettura.<\/p>\n<p>&nbsp;<\/p>\n<p>L-g\u0127otja mg\u0127otija minn din l-iskema hi ta\u2019 20% fuq il-prezz tal-vettura mixtrija, li m\u2019g\u0127andux jaqbe\u017c \u20ac60,000 esklu\u017ci l-ispejje\u017c kollha tat-taxxi u r-re\u0121istrazzjoni. Dan huwa sussidju ta\u2019 darba. Dan ifisser li dawk il-vetturi li di\u0121\u00e0 bbenefikaw minn skemi b\u0127al dawn, mhux se jer\u0121g\u0127u jkunu eli\u0121ibbli.<\/p>\n<\/div>\n    \n<\/div>\n<\/div><\/div>\n\n<div class=\"eligible-apply align\">\n    <div id=\"eligible-apply-block_c75e7ecc49c93bfdf39523cdf9497590\" class=\"block-eligible-apply\">\n    <div class=\"inner flex-columns stretch\">\n\n    \n\t    <div class=\"col-50 left-side\">\n\t\t\n\t\t\t<h2 class=\"h2 light-pink\">Eli\u0121ibilit\u00e0<\/h2>\n            <div class=\"post-content custom-bullets white\"><ul>\n<li>L-emissjonijiet tas-CO2 g\u0127andhom ikunu inqas minn 180g\/km.<\/li>\n<li>Vetturi tal-elettriku jew hybrid se ji\u0121u kkunsidrati wkoll g\u0127al dawn l-iskemi.<\/li>\n<li>Il-vettura tista\u2019 tinxtara \u0121dida jew second-hand.<\/li>\n<li>Il-vettura tista\u2019 tkun jew ma tkunx re\u0121istrata f\u2019Malta.<\/li>\n<li>Il-vettura g\u0127andha tkun irre\u0121istrata biss f\u2019Malta f\u2019isem il-persuna b\u2019di\u017cabilit\u00e0 li qed issuq il-karozza.<\/li>\n<li>L-applikazzjonijiet g\u0127andhom ji\u0121u sottomessi fi \u017cmien tliet xhur mid-data tar-re\u0121istrazzjoni. <!--StartFragment --><span class=\"cf0\">Applikazzjonijiet li jaslu wara il-perjodu ta’ tliet xhur, jitqiesu b\u0127ala applikazzjonijiet invalidi.<\/span> <!--EndFragment --><\/li>\n<\/ul>\n<p>&nbsp;<\/p>\n<p>&nbsp;<\/p>\n<\/div>\n\n\t\t    <\/div>\n\t\n    \n\t    <div class=\"col-50 right-side\">\n\t\t\n            <h2 class=\"h2 light-pink\">Kif g\u0127andek tapplika<\/h2>\n\n            <div class=\"content\">\n                <div class=\"post-content custom-bullets white\"><p>Dokumenti me\u0127tie\u0121a:<\/p>\n<ul>\n<li>Kopja tal-applikazzjoni mimlija.<\/li>\n<li>Kopja tal-Karta Ewropea tad-Di\u017cabilit\u00e0.<\/li>\n<li>Kopja tal-Karta\/i tal-Identit\u00e0, flimkien mal-Karta tal-Identit\u00e0 tal-persuna b’di\u017cabilit\u00e0, fejn applikabbli.<\/li>\n<li>Kopja ta\u2019 logbook a\u0121\u0121ornat g\u0127andha ting\u0127ata malli l-karozza ti\u0121i rre\u0121istrata ma\u2019 Transport Malta.<\/li>\n<li>Dokumentazzjoni tat-trasferiment tal-vettura (kopja tal-VEH 50\/VEH 10 ta\u2019 Transport Malta u\/jew kopja tal-logbook f\u2019isem is-sid pre\u010bedenti), fejn applikabbli.<\/li>\n<li>Ri\u010bevuta\/i tal-pagament s\u0127i\u0127 u\/jew prova tal-pagament. Fil-ka\u017c ta\u2019 pagament bi flus kontanti bejn il-partijiet, wie\u0127ed g\u0127andu jag\u0127ti l-ftehim tal-pagament mimli u ffirmat minn nutar.<\/li>\n<\/ul>\n<p>&nbsp;<\/p>\n<p>Aktar informazzjoni fil-formola ta\u2019 applikazzjoni.<\/p>\n<p>Dawk interessati li japplikaw g\u0127al din l-iskema jistg\u0127u jni\u017c\u017clu l-applikazzjoni u jibg\u0127atuha email, imorru biha personalment jew jibag\u0127tuha bil-posta fl-indirizz ta’ hawn ta\u0127t.<\/p>\n<p>&nbsp;<\/p>\n<p><strong>Din l-iskema bdiet tit\u0127addem mill-1 ta\u2019 \u0120unju 2023.<\/strong><\/p>\n<\/div>\n\n                                \n                <br>\n\n                                                    <a class=\"btn\" href=\"https:\/\/sapport.gov.mt\/wp-content\/uploads\/2025\/01\/Skemi-Ghall-Vetturi-Accessibbli-Ghas-Siggu-Tar-Roti_MT.pdf\" target=\"_blank\">AG\u0126FAS HAWN G\u0126AL KOPJA TAL-APPLIKAZZJONI<\/a>\n                            <\/div>\n\n            <div class=\"blend-mode luminosity\">\n                                <div class=\"img inline-bg-image lazyload\" role=\"img\" aria-label=\"Wheelchair user entering Drive from Wheelchair vehicle\" style=\"background-image:inherit;\" data-bg-image=\"url(https:\/\/sapport.gov.mt\/wp-content\/uploads\/2023\/05\/Agenzija-Van-025-scaled.jpg)\"><\/div>\n            <\/div>\n\n\t\t    <\/div>\n\t\n    <\/div>\n<\/div><\/div>\n\n<div class=\"title-text align\">\n    <div id=\"title-text-block_98d33a0f4b7ea395442c878cc62b0788\" class=\"block-title-text \">\n    <div class=\"inner stbp\">\n\n                \n                            <div class=\"post-content\"><p style=\"text-align: center;\"><strong>\u0126inijiet tal-ftu\u0127<\/strong><\/p>\n<p>&nbsp;<\/p>\n<p style=\"text-align: center;\"><strong>Mit-Tnejn sal-\u0120img\u0127a: 08:00 – 16:00<\/strong><\/p>\n<p style=\"text-align: center;\">Is-Sibt, il-\u0126add u l-Festi Pubbli\u010bi: Mhux disponibbli<\/p>\n<p style=\"text-align: center;\">Indirizz: A\u0121enzija Sapport, Triq Patri \u0120wann Azzopardi, Santa Venera SVR 1614<\/p>\n<p style=\"text-align: center;\"><a href=\"https:\/\/goo.gl\/maps\/wCsfxSyYjTu4vQEh7\">G\u0127al direzzjonijiet ag\u0127fas fuq din il-\u0127olqa<\/a><\/p>\n<p style=\"text-align: center;\"><span style=\"font-weight: 400;\">\u00a0<\/span><\/p>\n<p style=\"text-align: center;\">G\u0127al aktar informazzjoni dwar din l-iskema, wie\u0127ed g\u0127andu jibg\u0127at email fuq <a href=\"mailto:schemes.sapport@gov.mt\"><span style=\"font-weight: 400;\">schemes.sapport@gov.mt<\/span><\/a><a href=\"mailto:stilc.sapport@gov.mt\"><span style=\"font-weight: 400;\">\u200b<\/span><\/a><span style=\"font-weight: 400;\">.<\/span><\/p>\n<p>&nbsp;<\/p>\n<\/div>\n        \n                \n    <\/div>\n<\/div>\n\n<\/div>\n\n<div class=\"more-schemes align\">\n    <div id=\"more-schemes-block_5aba645ac5165c3a015f04fa713dd8d6\" class=\"block-more-schemes\">\n        \n    <div class=\"top-section\">\n        <div class=\"inner ntbp\">\n            <h2 class=\"h2 white\">SKEMI O\u0126RA DISPONIBBLI<\/h2>\n        <\/div>\n    <\/div>\n\n    <div class=\"inner ntp content\">\n\n                \n        \n        <div class=\"list\">\n\n                \n            <a class=\"item flex-columns\" href=\"https:\/\/sapport.gov.mt\/mt\/skemi\/2787-2\/\">\n                <div class=\"title col-70\">Empowerment Scheme<\/div>\n                <span class=\"link red col-30\">Aktar Informazzjoni <span class=\"corner-arrow right\"><\/span><\/span>\n            <\/a>\n\n                \n            <a class=\"item flex-columns\" href=\"https:\/\/sapport.gov.mt\/mt\/skemi\/skema-ghall-ezenzjoni-mill-hlas-tal-licenzja-tat-triq-fuq-vettura\/\">\n                <div class=\"title col-70\">Skema g\u0127all-E\u017cenzjoni mill-\u0126las tal-Li\u010benzja tat-Triq fuq Vettura<\/div>\n                <span class=\"link red col-30\">Aktar Informazzjoni <span class=\"corner-arrow right\"><\/span><\/span>\n            <\/a>\n\n                \n            <a class=\"item flex-columns\" href=\"https:\/\/sapport.gov.mt\/mt\/skemi\/skema-ghall-ezenzjoni-mit-taxxa-tar-registrazzjoni-fuq-vettura\/\">\n                <div class=\"title col-70\">Skema g\u0127all-E\u017cenzjoni mit-Taxxa tar-Re\u0121istrazzjoni fuq Vettura<\/div>\n                <span class=\"link red col-30\">Aktar Informazzjoni <span class=\"corner-arrow right\"><\/span><\/span>\n            <\/a>\n\n                \n            <a class=\"item flex-columns\" href=\"https:\/\/sapport.gov.mt\/mt\/skemi\/sussidju-fuq-vettura-drive-from-wheelchair\/\">\n                <div class=\"title col-70\">Sussidju fuq Vettura Drive from Wheelchair<\/div>\n                <span class=\"link red col-30\">Aktar Informazzjoni <span class=\"corner-arrow right\"><\/span><\/span>\n            <\/a>\n\n                \n            <a class=\"item flex-columns\" href=\"https:\/\/sapport.gov.mt\/mt\/skemi\/sussidju-fuq-vettura-modifikata-u-accessibbli-ghas-siggu-tar-roti\/\">\n                <div class=\"title col-70\">Sussidju fuq Xiri ta\u2019 Vettura U\u017cata (Second-Hand), Modifikata u A\u010b\u010bessibbli g\u0127as-Si\u0121\u0121u tar-Roti<\/div>\n                <span class=\"link red col-30\">Aktar Informazzjoni <span class=\"corner-arrow right\"><\/span><\/span>\n            <\/a>\n\n        \n        <\/div>\n\n    <\/div>\n    <\/div>\n<\/div>","protected":false},"excerpt":{"rendered":"","protected":false},"author":3,"featured_media":0,"parent":2781,"menu_order":5,"comment_status":"closed","ping_status":"closed","template":"","meta":{"_acf_changed":false,"inline_featured_image":false,"footnotes":""},"categories":[46],"class_list":["post-4355","page","type-page","status-publish","hentry","category-schemes-mt"],"acf":[],"yoast_head":"<!-- This site is optimized with the Yoast SEO plugin v27.4 - https:\/\/yoast.com\/product\/yoast-seo-wordpress\/ -->\n<title>Sussidju fuq Vettura Drive from Wheelchair - Agenzija Sapport<\/title>\n<meta name=\"robots\" content=\"index, follow, max-snippet:-1, max-image-preview:large, max-video-preview:-1\" \/>\n<link rel=\"canonical\" href=\"https:\/\/sapport.gov.mt\/mt\/skemi\/sussidju-fuq-vettura-drive-from-wheelchair\/\" \/>\n<meta property=\"og:locale\" content=\"mt_MT\" \/>\n<meta property=\"og:type\" content=\"article\" \/>\n<meta property=\"og:title\" content=\"Sussidju fuq Vettura Drive from Wheelchair - Agenzija Sapport\" \/>\n<meta property=\"og:url\" content=\"https:\/\/sapport.gov.mt\/mt\/skemi\/sussidju-fuq-vettura-drive-from-wheelchair\/\" \/>\n<meta property=\"og:site_name\" content=\"Agenzija Sapport\" \/>\n<meta property=\"article:modified_time\" content=\"2025-01-13T11:00:30+00:00\" \/>\n<meta name=\"twitter:card\" content=\"summary_large_image\" \/>\n<meta name=\"twitter:label1\" content=\"Est. reading time\" \/>\n\t<meta name=\"twitter:data1\" content=\"2 minutes\" \/>\n<script type=\"application\/ld+json\" class=\"yoast-schema-graph\">{\"@context\":\"https:\\\/\\\/schema.org\",\"@graph\":[{\"@type\":\"WebPage\",\"@id\":\"https:\\\/\\\/sapport.gov.mt\\\/mt\\\/skemi\\\/sussidju-fuq-vettura-drive-from-wheelchair\\\/\",\"url\":\"https:\\\/\\\/sapport.gov.mt\\\/mt\\\/skemi\\\/sussidju-fuq-vettura-drive-from-wheelchair\\\/\",\"name\":\"Sussidju fuq Vettura Drive from Wheelchair - Agenzija Sapport\",\"isPartOf\":{\"@id\":\"https:\\\/\\\/sapport.gov.mt\\\/mt\\\/#website\"},\"datePublished\":\"2023-05-19T06:54:13+00:00\",\"dateModified\":\"2025-01-13T11:00:30+00:00\",\"breadcrumb\":{\"@id\":\"https:\\\/\\\/sapport.gov.mt\\\/mt\\\/skemi\\\/sussidju-fuq-vettura-drive-from-wheelchair\\\/#breadcrumb\"},\"inLanguage\":\"mt-MT\",\"potentialAction\":[{\"@type\":\"ReadAction\",\"target\":[\"https:\\\/\\\/sapport.gov.mt\\\/mt\\\/skemi\\\/sussidju-fuq-vettura-drive-from-wheelchair\\\/\"]}]},{\"@type\":\"BreadcrumbList\",\"@id\":\"https:\\\/\\\/sapport.gov.mt\\\/mt\\\/skemi\\\/sussidju-fuq-vettura-drive-from-wheelchair\\\/#breadcrumb\",\"itemListElement\":[{\"@type\":\"ListItem\",\"position\":1,\"name\":\"Pa\u0121na\",\"item\":\"https:\\\/\\\/sapport.gov.mt\\\/mt\\\/\"},{\"@type\":\"ListItem\",\"position\":2,\"name\":\"Skemi\",\"item\":\"https:\\\/\\\/sapport.gov.mt\\\/mt\\\/skemi\\\/\"},{\"@type\":\"ListItem\",\"position\":3,\"name\":\"Sussidju fuq Vettura Drive from Wheelchair\"}]},{\"@type\":\"WebSite\",\"@id\":\"https:\\\/\\\/sapport.gov.mt\\\/mt\\\/#website\",\"url\":\"https:\\\/\\\/sapport.gov.mt\\\/mt\\\/\",\"name\":\"Agenzija Sapport\",\"description\":\"Providing Professional And Innovative Services To Enhance The Quality Of Life Of Persons With Disabilities\",\"publisher\":{\"@id\":\"https:\\\/\\\/sapport.gov.mt\\\/mt\\\/#organization\"},\"potentialAction\":[{\"@type\":\"SearchAction\",\"target\":{\"@type\":\"EntryPoint\",\"urlTemplate\":\"https:\\\/\\\/sapport.gov.mt\\\/mt\\\/?s={search_term_string}\"},\"query-input\":{\"@type\":\"PropertyValueSpecification\",\"valueRequired\":true,\"valueName\":\"search_term_string\"}}],\"inLanguage\":\"mt-MT\"},{\"@type\":\"Organization\",\"@id\":\"https:\\\/\\\/sapport.gov.mt\\\/mt\\\/#organization\",\"name\":\"A\u0121enzija Sapport\",\"alternateName\":\"Sapport Agency\",\"url\":\"https:\\\/\\\/sapport.gov.mt\\\/mt\\\/\",\"logo\":{\"@type\":\"ImageObject\",\"inLanguage\":\"mt-MT\",\"@id\":\"https:\\\/\\\/sapport.gov.mt\\\/mt\\\/#\\\/schema\\\/logo\\\/image\\\/\",\"url\":\"https:\\\/\\\/sapport.ppdevplayground.com\\\/wp-content\\\/uploads\\\/2022\\\/11\\\/site-logo.png\",\"contentUrl\":\"https:\\\/\\\/sapport.ppdevplayground.com\\\/wp-content\\\/uploads\\\/2022\\\/11\\\/site-logo.png\",\"width\":320,\"height\":178,\"caption\":\"A\u0121enzija Sapport\"},\"image\":{\"@id\":\"https:\\\/\\\/sapport.gov.mt\\\/mt\\\/#\\\/schema\\\/logo\\\/image\\\/\"}}]}<\/script>\n<!-- \/ Yoast SEO plugin. -->","yoast_head_json":{"title":"Sussidju fuq Vettura Drive from Wheelchair - Agenzija Sapport","robots":{"index":"index","follow":"follow","max-snippet":"max-snippet:-1","max-image-preview":"max-image-preview:large","max-video-preview":"max-video-preview:-1"},"canonical":"https:\/\/sapport.gov.mt\/mt\/skemi\/sussidju-fuq-vettura-drive-from-wheelchair\/","og_locale":"mt_MT","og_type":"article","og_title":"Sussidju fuq Vettura Drive from Wheelchair - Agenzija Sapport","og_url":"https:\/\/sapport.gov.mt\/mt\/skemi\/sussidju-fuq-vettura-drive-from-wheelchair\/","og_site_name":"Agenzija Sapport","article_modified_time":"2025-01-13T11:00:30+00:00","twitter_card":"summary_large_image","twitter_misc":{"Est. reading time":"2 minutes"},"schema":{"@context":"https:\/\/schema.org","@graph":[{"@type":"WebPage","@id":"https:\/\/sapport.gov.mt\/mt\/skemi\/sussidju-fuq-vettura-drive-from-wheelchair\/","url":"https:\/\/sapport.gov.mt\/mt\/skemi\/sussidju-fuq-vettura-drive-from-wheelchair\/","name":"Sussidju fuq Vettura Drive from Wheelchair - Agenzija Sapport","isPartOf":{"@id":"https:\/\/sapport.gov.mt\/mt\/#website"},"datePublished":"2023-05-19T06:54:13+00:00","dateModified":"2025-01-13T11:00:30+00:00","breadcrumb":{"@id":"https:\/\/sapport.gov.mt\/mt\/skemi\/sussidju-fuq-vettura-drive-from-wheelchair\/#breadcrumb"},"inLanguage":"mt-MT","potentialAction":[{"@type":"ReadAction","target":["https:\/\/sapport.gov.mt\/mt\/skemi\/sussidju-fuq-vettura-drive-from-wheelchair\/"]}]},{"@type":"BreadcrumbList","@id":"https:\/\/sapport.gov.mt\/mt\/skemi\/sussidju-fuq-vettura-drive-from-wheelchair\/#breadcrumb","itemListElement":[{"@type":"ListItem","position":1,"name":"Pa\u0121na","item":"https:\/\/sapport.gov.mt\/mt\/"},{"@type":"ListItem","position":2,"name":"Skemi","item":"https:\/\/sapport.gov.mt\/mt\/skemi\/"},{"@type":"ListItem","position":3,"name":"Sussidju fuq Vettura Drive from Wheelchair"}]},{"@type":"WebSite","@id":"https:\/\/sapport.gov.mt\/mt\/#website","url":"https:\/\/sapport.gov.mt\/mt\/","name":"Agenzija Sapport","description":"Providing Professional And Innovative Services To Enhance The Quality Of Life Of Persons With Disabilities","publisher":{"@id":"https:\/\/sapport.gov.mt\/mt\/#organization"},"potentialAction":[{"@type":"SearchAction","target":{"@type":"EntryPoint","urlTemplate":"https:\/\/sapport.gov.mt\/mt\/?s={search_term_string}"},"query-input":{"@type":"PropertyValueSpecification","valueRequired":true,"valueName":"search_term_string"}}],"inLanguage":"mt-MT"},{"@type":"Organization","@id":"https:\/\/sapport.gov.mt\/mt\/#organization","name":"A\u0121enzija Sapport","alternateName":"Sapport Agency","url":"https:\/\/sapport.gov.mt\/mt\/","logo":{"@type":"ImageObject","inLanguage":"mt-MT","@id":"https:\/\/sapport.gov.mt\/mt\/#\/schema\/logo\/image\/","url":"https:\/\/sapport.ppdevplayground.com\/wp-content\/uploads\/2022\/11\/site-logo.png","contentUrl":"https:\/\/sapport.ppdevplayground.com\/wp-content\/uploads\/2022\/11\/site-logo.png","width":320,"height":178,"caption":"A\u0121enzija Sapport"},"image":{"@id":"https:\/\/sapport.gov.mt\/mt\/#\/schema\/logo\/image\/"}}]}},"_links":{"self":[{"href":"https:\/\/sapport.gov.mt\/mt\/wp-json\/wp\/v2\/pages\/4355","targetHints":{"allow":["GET"]}}],"collection":[{"href":"https:\/\/sapport.gov.mt\/mt\/wp-json\/wp\/v2\/pages"}],"about":[{"href":"https:\/\/sapport.gov.mt\/mt\/wp-json\/wp\/v2\/types\/page"}],"author":[{"embeddable":true,"href":"https:\/\/sapport.gov.mt\/mt\/wp-json\/wp\/v2\/users\/3"}],"replies":[{"embeddable":true,"href":"https:\/\/sapport.gov.mt\/mt\/wp-json\/wp\/v2\/comments?post=4355"}],"version-history":[{"count":0,"href":"https:\/\/sapport.gov.mt\/mt\/wp-json\/wp\/v2\/pages\/4355\/revisions"}],"up":[{"embeddable":true,"href":"https:\/\/sapport.gov.mt\/mt\/wp-json\/wp\/v2\/pages\/2781"}],"wp:attachment":[{"href":"https:\/\/sapport.gov.mt\/mt\/wp-json\/wp\/v2\/media?parent=4355"}],"wp:term":[{"taxonomy":"category","embeddable":true,"href":"https:\/\/sapport.gov.mt\/mt\/wp-json\/wp\/v2\/categories?post=4355"}],"curies":[{"name":"wp","href":"https:\/\/api.w.org\/{rel}","templated":true}]}}