{"id":5084,"date":"2023-07-21T17:04:10","date_gmt":"2023-07-21T15:04:10","guid":{"rendered":"https:\/\/sapport.ppdevplayground.com\/?page_id=5084"},"modified":"2026-02-06T15:57:51","modified_gmt":"2026-02-06T14:57:51","slug":"servizzi-tat-terapija-okkupazzjonali","status":"publish","type":"page","link":"https:\/\/sapport.gov.mt\/mt\/servizzi\/servizzi-tat-terapija-okkupazzjonali\/","title":{"rendered":"Servizzi tal-Occupational Therapy"},"content":{"rendered":"<div class=\"tabs-text align\">\n    <div id=\"tabs-text-block_210f007f146978a849318a68db5e6b7a\" class=\"block-tabs-text\">\n\n    <div class=\"blend-mode luminosity\">\n                <div class=\"img inline-bg-image lazyload\" role=\"img\" aria-label=\"OT with service user making lunch\" style=\"background-image:inherit;\" data-bg-image=\"url(https:\/\/sapport.gov.mt\/wp-content\/uploads\/2024\/04\/MAX_2094-scaled.jpg)\"><\/div>\n    <\/div>\n\n    <div class=\"inner np flex-columns stretch\">\n        <div class=\"col-35 left-side\">\n\n            \n            <p class=\"breadcrumbs\"><span><span><a href=\"https:\/\/sapport.gov.mt\/mt\/\">Pa\u0121na<\/a><\/span><\/span><\/p>\n            <h1 class=\"h1 white\">Servizzi tal-Occupational Therapy<\/h1>\n\n            \n                        <ul id=\"tabs-nav\" class=\"tabs-nav\">\n                \n                    <li class=\"tab-title\">\n                        <a id=\"arsa-enerali\" href=\"#tabs-content\" data-tab=\"#tab1\" class=\"tab-nav\">\u0126arsa \u0120enerali<\/a>\n                    <\/li>\n            \n                \n                    <li class=\"tab-title\">\n                        <a id=\"eliibilit\" href=\"#tabs-content\" data-tab=\"#tab2\" class=\"tab-nav\">Eli\u0121ibilit\u00e0<\/a>\n                    <\/li>\n            \n                \n                    <li class=\"tab-title\">\n                        <a id=\"riferimenti-u-assessjar\" href=\"#tabs-content\" data-tab=\"#tab3\" class=\"tab-nav\">Riferimenti u Assessjar<\/a>\n                    <\/li>\n            \n                            <\/ul>\n                    <\/div>\n\n        <div class=\"col-65 right-side\">\n            \n                        <div id=\"tabs-content\" class=\"tabs-content\">\n                                <div id=\"tab1\" class=\"tab-content\">\n                    <h2 class=\"h4\">\u0126arsa \u0120enerali<\/h2>\n                    <div class=\"post-content\"><p>Is-Servizzi tal-Occupational Therapy hija professjoni tas-sa\u0127\u0127a ffukata fuq il-klijent li tippromwovi s-sa\u0127\u0127a u l-benesseri permezz tal-okkupazzjoni. L-g\u0127an ewlieni tas-Servizzi tal-Occupational Therapy hu li tg\u0127in lill-persuni jipparte\u010bipaw fl-attivitajiet tal-\u0127ajja ta\u2019 kuljum. L-Occupational Therapists jiksbu dan ir-ri\u017cultat billi ja\u0127dmu man-nies u mal-komunitajiet biex isa\u0127\u0127u l-kapa\u010bit\u00e0 tag\u0127hom biex jinvolvu ru\u0127hom f\u2019okkupazzjonijiet li jridu, je\u0127tie\u0121u, jew li huma mistennija jag\u0127mlu, jew billi jimmodifikaw l-okkupazzjoni jew l-ambjent biex jappo\u0121\u0121jaw a\u0127jar l-involviment okkupazzjonali tag\u0127hom (Federazzjoni Dinjija tal-Occupational Therapists, 2012).<\/p>\n<p><strong>\u00a0<\/strong><\/p>\n<p><strong>X\u2019inhuma l-okkupazzjonijiet? <\/strong><\/p>\n<p>L-okkupazzjonijiet jirreferu g\u0127all-attivitajiet ta\u2019 kuljum li jag\u0127mlu n-nies b\u0127ala individwi, fil-familji u mal-komunitajiet biex jg\u0127addu l-\u0127in u jag\u0127tu tifsira u skop lill-\u0127ajja. L-okkupazzjonijiet jinkludu l-affarijiet li n-nies je\u0127tie\u0121u, iridu u li huma mistennija jag\u0127mlu (Federazzjoni Dinjija tal-Occupational Therapists, 2016).<\/p>\n<p>&nbsp;<\/p>\n<p>&nbsp;<\/p>\n<p><iframe title=\"A\u0121enzija Sapport - Occupational Therapy\" width=\"500\" height=\"281\" data-src=\"https:\/\/www.youtube.com\/embed\/hW6EAa-_bx0?start=1&#038;feature=oembed\" frameborder=\"0\" allow=\"accelerometer; autoplay; clipboard-write; encrypted-media; gyroscope; picture-in-picture; web-share\" referrerpolicy=\"strict-origin-when-cross-origin\" allowfullscreen src=\"data:image\/svg+xml;base64,PHN2ZyB3aWR0aD0iMSIgaGVpZ2h0PSIxIiB4bWxucz0iaHR0cDovL3d3dy53My5vcmcvMjAwMC9zdmciPjwvc3ZnPg==\" class=\"lazyload\" data-load-mode=\"1\"><\/iframe><\/p>\n<\/div>\n\n                                            <div id=\"sign-language-icon\">\n                        <img decoding=\"async\" class=\"icon lazyload\" data-src=\"https:\/\/sapport.gov.mt\/wp-content\/themes\/agenzija-sapport\/resources\/assets\/images\/sign-language-icon.png\" alt=\"\" src=\"data:image\/svg+xml;base64,PHN2ZyB3aWR0aD0iMSIgaGVpZ2h0PSIxIiB4bWxucz0iaHR0cDovL3d3dy53My5vcmcvMjAwMC9zdmciPjwvc3ZnPg==\" style=\"--smush-placeholder-width: 1024px; --smush-placeholder-aspect-ratio: 1024\/1024;\">\n                        <div id=\"tab1\" class=\"popup-box-container hidden\" style=\"left:0\">\n                            <div class=\"popup-box\">\n                            <div class=\"vid-link hidden\">https:\/\/www.youtube.com\/embed\/R5ITrvZmf1c?si=Uy-viuwRSw9q09pB<\/div>\n                            <iframe\n                            data-src=\"https:\/\/www.youtube.com\/embed\/R5ITrvZmf1c?si=Uy-viuwRSw9q09pB\" src=\"data:image\/svg+xml;base64,PHN2ZyB3aWR0aD0iMSIgaGVpZ2h0PSIxIiB4bWxucz0iaHR0cDovL3d3dy53My5vcmcvMjAwMC9zdmciPjwvc3ZnPg==\" class=\"lazyload\" data-load-mode=\"1\">\n                            <\/iframe>\n                            <div class=\"close\">\n                                <img decoding=\"async\" data-src=\"https:\/\/sapport.gov.mt\/wp-content\/themes\/agenzija-sapport\/resources\/assets\/images\/popup-close.png\" alt=\"\" src=\"data:image\/svg+xml;base64,PHN2ZyB3aWR0aD0iMSIgaGVpZ2h0PSIxIiB4bWxucz0iaHR0cDovL3d3dy53My5vcmcvMjAwMC9zdmciPjwvc3ZnPg==\" class=\"lazyload\" style=\"--smush-placeholder-width: 48px; --smush-placeholder-aspect-ratio: 48\/48;\">\n                            <\/div>\n                            <\/div>\n                        <\/div>\n                        <\/div>\n                                                \n                <\/div>\n                                <div id=\"tab2\" class=\"tab-content\">\n                    <h2 class=\"h4\">Eli\u0121ibilit\u00e0<\/h2>\n                    <div class=\"post-content\"><p>Is-servizz isegwi l-kriterji ta’ eli\u0121ibilit\u00e0 t\u2019hawn ta\u0127t:<\/p>\n<ul>\n<li>Individwi b\u2019di\u017cabilit\u00e0;<\/li>\n<li>Individwi li g\u0127andhom bejn is-16 u s-60 sena;<\/li>\n<li>Individwi li qed jir\u010bievu servizzi ta\u2019 terapija okkupazzjonali spe\u010bjalizzati, <strong>JISTG\u0126U<\/strong> jibbenefikaw mit-terapija okkupazzjonali mog\u0127tija minn A\u0121enzija Sapport. F\u2019sitwazzjonijiet b\u0127al dawn, se jkun hemm kollaborazzjoni mal-Occupational Therapist attiv biex ti\u0121i \u017cgurata l-kontinwazzjoni;<\/li>\n<li>L-individwi li g\u0127andhom kundizzjoni predominanti li te\u0127tie\u0121 intervent riabilitattiv, akut jew tas-sa\u0127\u0127a mentali MHUX se jkunu eli\u0121ibbli g\u0127at-terapija okkupazzjonali minn A\u0121enzija Sapport biex ji\u0121u evitati servizzi doppji;<\/li>\n<li>L-individwi u\/jew l-kuraturi ewlenin g\u0127andu jkollhom g\u0127arfien dwar ir-riferiment, ikunu motivati u jkunu kapa\u010bi jidentifikaw miri funzjonali fl-ambjenti tal-komunit\u00e0.<\/li>\n<li>Persuni li g\u0127andhom diffikultajiet biex jipparte\u010bipaw f’okkupazzjonijiet ta’ kuljum, li jixtiequ jew g\u0127andhom b\u017conn jag\u0127mlu, jistg\u0127u jibbenefikaw mis-Servizz ta’ l-Occupational Therapy. Dan jista\u2019 jinkludi kwalunkwe attivit\u00e0 li tkun sinifikanti g\u0127all-individwu, b\u0127al li tie\u0127u \u0127sieb lilek innifsek jew lil \u0127addie\u0127or, li tie\u0127u \u0127sieb id-dar tieg\u0127ek, li ta\u010b\u010bessa t-trasport, li tag\u0127mel attivit\u00e0 ta\u2019 divertiment jew li tisso\u010bjalizza.<\/li>\n<\/ul>\n<\/div>\n\n                                            \n                <\/div>\n                                <div id=\"tab3\" class=\"tab-content\">\n                    <h2 class=\"h4\">Riferimenti u Assessjar<\/h2>\n                    <div class=\"post-content\"><p>It-tim tal-Intake jir\u010bievi u jippro\u010bessa l-ka\u017cijiet kollha li jaslu minn servizzi prospettivi, il-familji u professjonisti o\u0127ra li je\u0127tie\u0121u kwalunkwe servizz fl-A\u0121enzija. Il-ka\u017cijiet kollha li jid\u0127lu ji\u0121u assessjati bir-reqqa mill-professjonisti tat-tim, li jidentifikaw liema servizz\/i l-individwu jista\u2019 jibbenifika minnu skont il-b\u017connijiet, interessi u x-xewqat tal-individwu.<\/p>\n<p>&nbsp;<\/p>\n<p>Klijenti li jkunu di\u0121\u00e0 qed jibbenefikaw minn servizzi o\u0127ra mog\u0127tija mill-A\u0121enzija, jistg\u0127u jikkuntattjaw lis-Servizzi tal-Occupational Therapy direttament permezz ta\u2019 email fuq <a href=\"mailto:alliedhealth.sapport@gov.mt\">alliedhealth.sapport@gov.mt<\/a> jew fuq il-Helpline tal-A\u0121enzija Freephone Servizz.gov 153 (ext. 05), jew fuq <a href=\"http:\/\/Tel:(+356) 2256 8000\">(+356) 2256 8000<\/a> waqt il-\u0127inijiet tal-ftu\u0127 u jsaqsu sabiex jitkellmu ma\u2019 Occupational Therapist. G\u0127al dawk li fil-pre\u017cent mhumiex jir\u010bievu servizzi okra, dawn g\u0127andhom jag\u0127mlu kuntatt mat-tim tal-Intake\u00a0 g\u0127al gwida dwar is-servizzi disponibbli g\u0127alihom.<\/p>\n<p>&nbsp;<\/p>\n<p>Il-\u0127inijiet tal-ftu\u0127:<\/p>\n<p><strong>It-Tnejn sal-\u0120img\u0127a: 08:00 \u2013 16:00<\/strong><\/p>\n<p>Is-Sibt, Il-\u0126add u l-Festi Pubbli\u010bi: Mhux disponibbli<\/p>\n<p>&nbsp;<\/p>\n<p><a href=\"https:\/\/sapport.gov.mt\/mt\/mistoqsijiet-frekwenti#servizzi-ta-occupational-therapy\">Ag\u0127fas fuq din il-\u0127olqa g\u0127all-Mistoqsijiet Frekwenti (FAQs) dwar dan is-servizz <\/a><\/p>\n<\/div>\n\n                                            \n                <\/div>\n                            <\/div>\n                    \n        <\/div>\n\n    <\/div>\n<\/div><\/div>","protected":false},"excerpt":{"rendered":"<p>L-g\u0127an ewlieni tat-terapija okkupazzjonali hu li tg\u0127in lill-persuni jipparte\u010bipaw fl-attivitajiet tal-\u0127ajja ta\u2019 kuljum.<\/p>\n","protected":false},"author":3,"featured_media":7990,"parent":2105,"menu_order":12,"comment_status":"closed","ping_status":"closed","template":"","meta":{"_acf_changed":false,"inline_featured_image":false,"footnotes":""},"categories":[45],"class_list":["post-5084","page","type-page","status-publish","has-post-thumbnail","hentry","category-services-mt"],"acf":[],"yoast_head":"<!-- This site is optimized with the Yoast SEO plugin v27.3 - https:\/\/yoast.com\/product\/yoast-seo-wordpress\/ -->\n<title>Servizzi tal-Occupational Therapy - Agenzija Sapport<\/title>\n<meta name=\"description\" content=\"It-terapija okkupazzjonali hija professjoni tas-sa\u0127\u0127a ffukata fuq il-klijent li tippromwovi s-sa\u0127\u0127a u l-benesseri permezz tal-okkupazzjoni.\" \/>\n<meta name=\"robots\" content=\"index, follow, max-snippet:-1, max-image-preview:large, max-video-preview:-1\" \/>\n<link rel=\"canonical\" href=\"https:\/\/sapport.gov.mt\/mt\/servizzi\/servizzi-tat-terapija-okkupazzjonali\/\" \/>\n<meta property=\"og:locale\" content=\"mt_MT\" \/>\n<meta property=\"og:type\" content=\"article\" \/>\n<meta property=\"og:title\" content=\"Servizzi tal-Occupational Therapy - Agenzija Sapport\" \/>\n<meta property=\"og:description\" content=\"It-terapija okkupazzjonali hija professjoni tas-sa\u0127\u0127a ffukata fuq il-klijent li tippromwovi s-sa\u0127\u0127a u l-benesseri permezz tal-okkupazzjoni.\" \/>\n<meta property=\"og:url\" content=\"https:\/\/sapport.gov.mt\/mt\/servizzi\/servizzi-tat-terapija-okkupazzjonali\/\" \/>\n<meta property=\"og:site_name\" content=\"Agenzija Sapport\" \/>\n<meta property=\"article:modified_time\" content=\"2026-02-06T14:57:51+00:00\" \/>\n<meta property=\"og:image\" content=\"https:\/\/sapport.gov.mt\/wp-content\/uploads\/2024\/04\/MAX_2094-scaled.jpg\" \/>\n\t<meta property=\"og:image:width\" content=\"2560\" \/>\n\t<meta property=\"og:image:height\" content=\"1707\" \/>\n\t<meta property=\"og:image:type\" content=\"image\/jpeg\" \/>\n<meta name=\"twitter:card\" content=\"summary_large_image\" \/>\n<meta name=\"twitter:label1\" content=\"Est. reading time\" \/>\n\t<meta name=\"twitter:data1\" content=\"3 minutes\" \/>\n<script type=\"application\/ld+json\" class=\"yoast-schema-graph\">{\"@context\":\"https:\\\/\\\/schema.org\",\"@graph\":[{\"@type\":\"WebPage\",\"@id\":\"https:\\\/\\\/sapport.gov.mt\\\/mt\\\/servizzi\\\/servizzi-tat-terapija-okkupazzjonali\\\/\",\"url\":\"https:\\\/\\\/sapport.gov.mt\\\/mt\\\/servizzi\\\/servizzi-tat-terapija-okkupazzjonali\\\/\",\"name\":\"Servizzi tal-Occupational Therapy - Agenzija Sapport\",\"isPartOf\":{\"@id\":\"https:\\\/\\\/sapport.gov.mt\\\/mt\\\/#website\"},\"primaryImageOfPage\":{\"@id\":\"https:\\\/\\\/sapport.gov.mt\\\/mt\\\/servizzi\\\/servizzi-tat-terapija-okkupazzjonali\\\/#primaryimage\"},\"image\":{\"@id\":\"https:\\\/\\\/sapport.gov.mt\\\/mt\\\/servizzi\\\/servizzi-tat-terapija-okkupazzjonali\\\/#primaryimage\"},\"thumbnailUrl\":\"https:\\\/\\\/sapport.gov.mt\\\/wp-content\\\/uploads\\\/2024\\\/04\\\/MAX_2094-scaled.jpg\",\"datePublished\":\"2023-07-21T15:04:10+00:00\",\"dateModified\":\"2026-02-06T14:57:51+00:00\",\"description\":\"It-terapija okkupazzjonali hija professjoni tas-sa\u0127\u0127a ffukata fuq il-klijent li tippromwovi s-sa\u0127\u0127a u l-benesseri permezz tal-okkupazzjoni.\",\"breadcrumb\":{\"@id\":\"https:\\\/\\\/sapport.gov.mt\\\/mt\\\/servizzi\\\/servizzi-tat-terapija-okkupazzjonali\\\/#breadcrumb\"},\"inLanguage\":\"mt-MT\",\"potentialAction\":[{\"@type\":\"ReadAction\",\"target\":[\"https:\\\/\\\/sapport.gov.mt\\\/mt\\\/servizzi\\\/servizzi-tat-terapija-okkupazzjonali\\\/\"]}]},{\"@type\":\"ImageObject\",\"inLanguage\":\"mt-MT\",\"@id\":\"https:\\\/\\\/sapport.gov.mt\\\/mt\\\/servizzi\\\/servizzi-tat-terapija-okkupazzjonali\\\/#primaryimage\",\"url\":\"https:\\\/\\\/sapport.gov.mt\\\/wp-content\\\/uploads\\\/2024\\\/04\\\/MAX_2094-scaled.jpg\",\"contentUrl\":\"https:\\\/\\\/sapport.gov.mt\\\/wp-content\\\/uploads\\\/2024\\\/04\\\/MAX_2094-scaled.jpg\",\"width\":2560,\"height\":1707,\"caption\":\"OT with service user making lunch\"},{\"@type\":\"BreadcrumbList\",\"@id\":\"https:\\\/\\\/sapport.gov.mt\\\/mt\\\/servizzi\\\/servizzi-tat-terapija-okkupazzjonali\\\/#breadcrumb\",\"itemListElement\":[{\"@type\":\"ListItem\",\"position\":1,\"name\":\"Pa\u0121na\",\"item\":\"https:\\\/\\\/sapport.gov.mt\\\/mt\\\/\"},{\"@type\":\"ListItem\",\"position\":2,\"name\":\"Servizzi\",\"item\":\"https:\\\/\\\/sapport.gov.mt\\\/mt\\\/servizzi\\\/\"},{\"@type\":\"ListItem\",\"position\":3,\"name\":\"Servizzi tal-Occupational Therapy\"}]},{\"@type\":\"WebSite\",\"@id\":\"https:\\\/\\\/sapport.gov.mt\\\/mt\\\/#website\",\"url\":\"https:\\\/\\\/sapport.gov.mt\\\/mt\\\/\",\"name\":\"Agenzija Sapport\",\"description\":\"Providing Professional And Innovative Services To Enhance The Quality Of Life Of Persons With Disabilities\",\"publisher\":{\"@id\":\"https:\\\/\\\/sapport.gov.mt\\\/mt\\\/#organization\"},\"potentialAction\":[{\"@type\":\"SearchAction\",\"target\":{\"@type\":\"EntryPoint\",\"urlTemplate\":\"https:\\\/\\\/sapport.gov.mt\\\/mt\\\/?s={search_term_string}\"},\"query-input\":{\"@type\":\"PropertyValueSpecification\",\"valueRequired\":true,\"valueName\":\"search_term_string\"}}],\"inLanguage\":\"mt-MT\"},{\"@type\":\"Organization\",\"@id\":\"https:\\\/\\\/sapport.gov.mt\\\/mt\\\/#organization\",\"name\":\"A\u0121enzija Sapport\",\"alternateName\":\"Sapport Agency\",\"url\":\"https:\\\/\\\/sapport.gov.mt\\\/mt\\\/\",\"logo\":{\"@type\":\"ImageObject\",\"inLanguage\":\"mt-MT\",\"@id\":\"https:\\\/\\\/sapport.gov.mt\\\/mt\\\/#\\\/schema\\\/logo\\\/image\\\/\",\"url\":\"https:\\\/\\\/sapport.ppdevplayground.com\\\/wp-content\\\/uploads\\\/2022\\\/11\\\/site-logo.png\",\"contentUrl\":\"https:\\\/\\\/sapport.ppdevplayground.com\\\/wp-content\\\/uploads\\\/2022\\\/11\\\/site-logo.png\",\"width\":320,\"height\":178,\"caption\":\"A\u0121enzija Sapport\"},\"image\":{\"@id\":\"https:\\\/\\\/sapport.gov.mt\\\/mt\\\/#\\\/schema\\\/logo\\\/image\\\/\"}}]}<\/script>\n<!-- \/ Yoast SEO plugin. -->","yoast_head_json":{"title":"Servizzi tal-Occupational Therapy - Agenzija Sapport","description":"It-terapija okkupazzjonali hija professjoni tas-sa\u0127\u0127a ffukata fuq il-klijent li tippromwovi s-sa\u0127\u0127a u l-benesseri permezz tal-okkupazzjoni.","robots":{"index":"index","follow":"follow","max-snippet":"max-snippet:-1","max-image-preview":"max-image-preview:large","max-video-preview":"max-video-preview:-1"},"canonical":"https:\/\/sapport.gov.mt\/mt\/servizzi\/servizzi-tat-terapija-okkupazzjonali\/","og_locale":"mt_MT","og_type":"article","og_title":"Servizzi tal-Occupational Therapy - Agenzija Sapport","og_description":"It-terapija okkupazzjonali hija professjoni tas-sa\u0127\u0127a ffukata fuq il-klijent li tippromwovi s-sa\u0127\u0127a u l-benesseri permezz tal-okkupazzjoni.","og_url":"https:\/\/sapport.gov.mt\/mt\/servizzi\/servizzi-tat-terapija-okkupazzjonali\/","og_site_name":"Agenzija Sapport","article_modified_time":"2026-02-06T14:57:51+00:00","og_image":[{"width":2560,"height":1707,"url":"https:\/\/sapport.gov.mt\/wp-content\/uploads\/2024\/04\/MAX_2094-scaled.jpg","type":"image\/jpeg"}],"twitter_card":"summary_large_image","twitter_misc":{"Est. reading time":"3 minutes"},"schema":{"@context":"https:\/\/schema.org","@graph":[{"@type":"WebPage","@id":"https:\/\/sapport.gov.mt\/mt\/servizzi\/servizzi-tat-terapija-okkupazzjonali\/","url":"https:\/\/sapport.gov.mt\/mt\/servizzi\/servizzi-tat-terapija-okkupazzjonali\/","name":"Servizzi tal-Occupational Therapy - Agenzija Sapport","isPartOf":{"@id":"https:\/\/sapport.gov.mt\/mt\/#website"},"primaryImageOfPage":{"@id":"https:\/\/sapport.gov.mt\/mt\/servizzi\/servizzi-tat-terapija-okkupazzjonali\/#primaryimage"},"image":{"@id":"https:\/\/sapport.gov.mt\/mt\/servizzi\/servizzi-tat-terapija-okkupazzjonali\/#primaryimage"},"thumbnailUrl":"https:\/\/sapport.gov.mt\/wp-content\/uploads\/2024\/04\/MAX_2094-scaled.jpg","datePublished":"2023-07-21T15:04:10+00:00","dateModified":"2026-02-06T14:57:51+00:00","description":"It-terapija okkupazzjonali hija professjoni tas-sa\u0127\u0127a ffukata fuq il-klijent li tippromwovi s-sa\u0127\u0127a u l-benesseri permezz tal-okkupazzjoni.","breadcrumb":{"@id":"https:\/\/sapport.gov.mt\/mt\/servizzi\/servizzi-tat-terapija-okkupazzjonali\/#breadcrumb"},"inLanguage":"mt-MT","potentialAction":[{"@type":"ReadAction","target":["https:\/\/sapport.gov.mt\/mt\/servizzi\/servizzi-tat-terapija-okkupazzjonali\/"]}]},{"@type":"ImageObject","inLanguage":"mt-MT","@id":"https:\/\/sapport.gov.mt\/mt\/servizzi\/servizzi-tat-terapija-okkupazzjonali\/#primaryimage","url":"https:\/\/sapport.gov.mt\/wp-content\/uploads\/2024\/04\/MAX_2094-scaled.jpg","contentUrl":"https:\/\/sapport.gov.mt\/wp-content\/uploads\/2024\/04\/MAX_2094-scaled.jpg","width":2560,"height":1707,"caption":"OT with service user making lunch"},{"@type":"BreadcrumbList","@id":"https:\/\/sapport.gov.mt\/mt\/servizzi\/servizzi-tat-terapija-okkupazzjonali\/#breadcrumb","itemListElement":[{"@type":"ListItem","position":1,"name":"Pa\u0121na","item":"https:\/\/sapport.gov.mt\/mt\/"},{"@type":"ListItem","position":2,"name":"Servizzi","item":"https:\/\/sapport.gov.mt\/mt\/servizzi\/"},{"@type":"ListItem","position":3,"name":"Servizzi tal-Occupational Therapy"}]},{"@type":"WebSite","@id":"https:\/\/sapport.gov.mt\/mt\/#website","url":"https:\/\/sapport.gov.mt\/mt\/","name":"Agenzija Sapport","description":"Providing Professional And Innovative Services To Enhance The Quality Of Life Of Persons With Disabilities","publisher":{"@id":"https:\/\/sapport.gov.mt\/mt\/#organization"},"potentialAction":[{"@type":"SearchAction","target":{"@type":"EntryPoint","urlTemplate":"https:\/\/sapport.gov.mt\/mt\/?s={search_term_string}"},"query-input":{"@type":"PropertyValueSpecification","valueRequired":true,"valueName":"search_term_string"}}],"inLanguage":"mt-MT"},{"@type":"Organization","@id":"https:\/\/sapport.gov.mt\/mt\/#organization","name":"A\u0121enzija Sapport","alternateName":"Sapport Agency","url":"https:\/\/sapport.gov.mt\/mt\/","logo":{"@type":"ImageObject","inLanguage":"mt-MT","@id":"https:\/\/sapport.gov.mt\/mt\/#\/schema\/logo\/image\/","url":"https:\/\/sapport.ppdevplayground.com\/wp-content\/uploads\/2022\/11\/site-logo.png","contentUrl":"https:\/\/sapport.ppdevplayground.com\/wp-content\/uploads\/2022\/11\/site-logo.png","width":320,"height":178,"caption":"A\u0121enzija Sapport"},"image":{"@id":"https:\/\/sapport.gov.mt\/mt\/#\/schema\/logo\/image\/"}}]}},"_links":{"self":[{"href":"https:\/\/sapport.gov.mt\/mt\/wp-json\/wp\/v2\/pages\/5084","targetHints":{"allow":["GET"]}}],"collection":[{"href":"https:\/\/sapport.gov.mt\/mt\/wp-json\/wp\/v2\/pages"}],"about":[{"href":"https:\/\/sapport.gov.mt\/mt\/wp-json\/wp\/v2\/types\/page"}],"author":[{"embeddable":true,"href":"https:\/\/sapport.gov.mt\/mt\/wp-json\/wp\/v2\/users\/3"}],"replies":[{"embeddable":true,"href":"https:\/\/sapport.gov.mt\/mt\/wp-json\/wp\/v2\/comments?post=5084"}],"version-history":[{"count":6,"href":"https:\/\/sapport.gov.mt\/mt\/wp-json\/wp\/v2\/pages\/5084\/revisions"}],"predecessor-version":[{"id":13337,"href":"https:\/\/sapport.gov.mt\/mt\/wp-json\/wp\/v2\/pages\/5084\/revisions\/13337"}],"up":[{"embeddable":true,"href":"https:\/\/sapport.gov.mt\/mt\/wp-json\/wp\/v2\/pages\/2105"}],"wp:featuredmedia":[{"embeddable":true,"href":"https:\/\/sapport.gov.mt\/mt\/wp-json\/wp\/v2\/media\/7990"}],"wp:attachment":[{"href":"https:\/\/sapport.gov.mt\/mt\/wp-json\/wp\/v2\/media?parent=5084"}],"wp:term":[{"taxonomy":"category","embeddable":true,"href":"https:\/\/sapport.gov.mt\/mt\/wp-json\/wp\/v2\/categories?post=5084"}],"curies":[{"name":"wp","href":"https:\/\/api.w.org\/{rel}","templated":true}]}}