{"id":5148,"date":"2023-08-04T11:56:39","date_gmt":"2023-08-04T09:56:39","guid":{"rendered":"https:\/\/sapport.ppdevplayground.com\/?page_id=5148"},"modified":"2025-10-24T09:20:26","modified_gmt":"2025-10-24T07:20:26","slug":"workshops-ghall-missirijiet","status":"publish","type":"page","link":"https:\/\/sapport.gov.mt\/mt\/workshops-u-gruppi-ta-sostenn\/workshops-ghall-missirijiet\/","title":{"rendered":"Workshops g\u0127all-Missirijiet"},"content":{"rendered":"<div class=\"banner align\">\n    <div id=\"banner-block_a97c63eea5c1858eee529c5a4f301adb\" class=\"block-banner\">\n\n\t    <div class=\"blend-mode multiply\">\n\t\t\n                        <div class=\"img inline-bg-image lazyload\" role=\"img\" aria-label=\"\" style=\"background-image:inherit;\" data-bg-image=\"url(https:\/\/sapport.gov.mt\/wp-content\/uploads\/2023\/01\/Top-banner-for-all-sections-scaled.jpeg)\"><\/div>\n\n            <div class=\"inner content\">\n\n                \n                <p class=\"breadcrumbs\"><span><span><a href=\"https:\/\/sapport.gov.mt\/mt\/\">Pa\u0121na<\/a><\/span><\/span><\/p>\n                <h1 class=\"h1 white\">Workshops g\u0127all-Missirijiet<\/h1>\n                \n                                \n                                \n            <\/div>\n\n\t\t    <\/div>\n\t\n<\/div><\/div>\n\n<div class=\"title-text align\">\n    <div id=\"title-text-block_53197692c7ed5cae76d5019d6bd7288c\" class=\"block-title-text \">\n    <div class=\"inner stbp\">\n\n                \n                            <div class=\"post-content\"><p>Il-missirijiet ta\u2019 tfal b\u2019di\u017cabilit\u00e0 jistg\u0127u jesperjenzaw firxa ta\u2019 sentimenti u emozzjonijiet, kollha b\u2019mod differenti.<\/p>\n<\/div>\n        \n                \n    <\/div>\n<\/div>\n\n<\/div>\n\n<div class=\"eligible-apply align\">\n    <div id=\"eligible-apply-block_8d1df9f922ee09d8114cd5efe1c3fc2d\" class=\"block-eligible-apply\">\n    <div class=\"inner flex-columns stretch\">\n\n    \n\t    <div class=\"col-50 left-side\">\n\t\t\n\t\t\t<h2 class=\"h2 light-pink\">G\u0126AN<\/h2>\n            <div class=\"post-content custom-bullets white\"><p>A\u0121enzija Sapport toffri sett ta\u2019 12-il workshop ma\u0127subin g\u0127all-missirijiet tat-tfal b\u2019di\u017cabilit\u00e0. Permezz ta\u2019 dawn il-workshops, il-missirijiet g\u0127andhom l-opportunit\u00e0 jiddiskutu flimkien kif ukoll jiksbu aktar g\u0127arfien dwar diversi su\u0121\u0121etti li jistg\u0127u jg\u0127inuhom biex jifhmu l-im\u0121iba u l-b\u017connijiet tat-tfal tag\u0127hom.<\/p>\n<p>&nbsp;<\/p>\n<p><strong>Is-su\u0121\u0121etti indirizzati matul dawn il-workshops jinkludu:<\/strong><\/p>\n<ul>\n<li>Ning\u0127aqdu ma’ missirijiet o\u0127ra<\/li>\n<li>\u0126idma b\u2019kollaborazzjoni mal-fornituri tas-servizzi<\/li>\n<li>Kif tibbilan\u010bja l-b\u017connijiet tal-familja, tax-xog\u0127ol u tieg\u0127ek stess<\/li>\n<li>Kif tibbilan\u010bja l-b\u017connijiet ta’ membri o\u0127ra tal-familja<\/li>\n<li>\u017bamma ta’ relazzjonijiet po\u017cittivi mal-adulti<\/li>\n<li>Ibni\/Binti u jien<\/li>\n<li>Immani\u0121\u0121jar tal-im\u0121iba<\/li>\n<li>Kif trawwem it-tkabbir emozzjonali ta’ ibnek\/bintek<\/li>\n<li>Nibnu relazzjonijiet permezz tal-log\u0127ob u l-\u0127biberiji<\/li>\n<li>Immani\u0121jar tal-istress<\/li>\n<li>Kif issib il-kapa\u010bitajiet u s-soluzzjonijiet tieg\u0127ek<\/li>\n<li>Iffoka fuq il-futur<\/li>\n<\/ul>\n<p>&nbsp;<\/p>\n<p>Dawn il-gruppi huma <strong>ming\u0127ajr \u0127las <\/strong>u jitmexxew minn professjonisti.<\/p>\n<\/div>\n\n\t\t    <\/div>\n\t\n    \n\t    <div class=\"col-50 right-side\">\n\t\t\n            <h2 class=\"h2 light-pink\">Kif g\u0127andek tapplika<\/h2>\n\n            <div class=\"content\">\n                <div class=\"post-content custom-bullets white\"><p>Il-workshops g\u0127all-missirijiet ser jibdew f’Jannar 2026.<\/p>\n<p>&nbsp;<\/p>\n<p>Dati:<\/p>\n<ul>\n<li>It-Tlieta 13 ta’ Jannar<\/li>\n<li>It-Tlieta 27 ta’ Jannar<\/li>\n<li>It-Tlieta 17 ta’ Frar<\/li>\n<li>It-Tlieta 3 ta’ Marzu<\/li>\n<li>It-Tlieta 17 ta’ Marzu<\/li>\n<li>It-Tlieta 7 ta’ April<\/li>\n<li>It-Tlieta 21 ta’ April<\/li>\n<li>It-Tlieta 5 ta’ Mejju<\/li>\n<li>It-Tlieta 19 ta’ Mejju<\/li>\n<li>It-Tlieta 2 ta’ \u0120unju<\/li>\n<li>It-Tlieta 16 ta’ \u0120unju<\/li>\n<li>It-Tlieta 30 ta’ \u0120unju<\/li>\n<\/ul>\n<p>&nbsp;<\/p>\n<p>Post: A\u0121enzija Sapport, Professional Development Centre, Triq il-\u0126arrub, Santa Venera<\/p>\n<p>\u0126in: 18:00 – 19:30<\/p>\n<p>&nbsp;<\/p>\n<p>Dawk interessati li japplikaw g\u0127al dawn il-workshops jistg\u0127u jni\u017c\u017clu l-applikazzjoni u jibg\u0127atuha email, imorru biha personalment jew jibag\u0127tuha bil-posta fl-indirizz ta\u2019 hawn ta\u0127t.<\/p>\n<\/div>\n\n                                \n                <br>\n\n                                                    <a class=\"btn\" href=\"https:\/\/sapport.gov.mt\/wp-content\/uploads\/2025\/10\/Application-for-Fathers-Workshops_MT.pdf\" target=\"_blank\">AG\u0126FAS HAWN G\u0126AL KOPJA TAL-APPLIKAZZJONI<\/a>\n                            <\/div>\n\n            <div class=\"blend-mode luminosity\">\n                                <div class=\"img inline-bg-image lazyload\" role=\"img\" aria-label=\"Group of people sitting in a circle for discussion\" style=\"background-image:inherit;\" data-bg-image=\"url(https:\/\/sapport.gov.mt\/wp-content\/uploads\/2023\/03\/3.-Support-Groups-for-siblings-under-pink-block-scaled.jpeg)\"><\/div>\n            <\/div>\n\n\t\t    <\/div>\n\t\n    <\/div>\n<\/div><\/div>\n\n<div class=\"title-text align\">\n    <div id=\"title-text-block_3afa501ce079080ec5a7bb03a8f0ffb5\" class=\"block-title-text \">\n    <div class=\"inner stbp\">\n\n                \n                            <div class=\"post-content\"><p style=\"text-align: center;\"><strong>L-applikazzjoni g\u0127andha tintbag\u0127at lil:<\/strong><\/p>\n<p style=\"text-align: center;\">A\u0121enzija Sapport, Family Support Unit, Triq Patri \u0120wann Azzopardi, Santa Venera SVR 1614<\/p>\n<p>&nbsp;<\/p>\n<p style=\"text-align: center;\">G\u0127al aktar informazzjoni dwar dan il-kors, wie\u0127ed g\u0127andu jibg\u0127at email fuq <a href=\"mailto:workshops.sapport@gov.mt\">workshops.sapport@gov.mt<\/a>, jew i\u010bempel fuq A\u0121enzija Sapport Helpline fuq Freephone Servizz.gov 153 (ext. 05) g\u0127al aktar informazzjoni.<\/p>\n<\/div>\n        \n                \n    <\/div>\n<\/div>\n\n<\/div>\n\n<div class=\"more-schemes align\">\n    <div id=\"more-schemes-block_b6dbebd0ae8f972deec26615139a9eee\" class=\"block-more-schemes\">\n        \n    <div class=\"top-section\">\n        <div class=\"inner ntbp\">\n            <h2 class=\"h2 white\">WORKSHOPS O\u0126RA DISPONIBBLI<\/h2>\n        <\/div>\n    <\/div>\n\n    <div class=\"inner ntp content\">\n\n                \n        \n        <div class=\"list\">\n\n                \n            <a class=\"item flex-columns\" href=\"https:\/\/sapport.gov.mt\/mt\/workshops-u-gruppi-ta-sostenn\/programmi-ta-trobbija-pozittiva\/\">\n                <div class=\"title col-70\">Programmi ta\u2019 Trobbija Po\u017cittiva<\/div>\n                <span class=\"link red col-30\">Aktar informazzjoni <span class=\"corner-arrow right\"><\/span><\/span>\n            <\/a>\n\n                \n            <a class=\"item flex-columns\" href=\"https:\/\/sapport.gov.mt\/mt\/workshops-u-gruppi-ta-sostenn\/gruppi-ta-sostenn-ghall-persuni-bacquired-disability\/\">\n                <div class=\"title col-70\">Gruppi ta\u2019 sostenn g\u0127all-persuni b\u2019acquired disability<\/div>\n                <span class=\"link red col-30\">Aktar informazzjoni <span class=\"corner-arrow right\"><\/span><\/span>\n            <\/a>\n\n                \n            <a class=\"item flex-columns\" href=\"https:\/\/sapport.gov.mt\/mt\/workshops-u-gruppi-ta-sostenn\/workshops-ghall-missirijiet\/\">\n                <div class=\"title col-70\">Workshops g\u0127all-Missirijiet<\/div>\n                <span class=\"link red col-30\">Aktar informazzjoni <span class=\"corner-arrow right\"><\/span><\/span>\n            <\/a>\n\n                \n            <a class=\"item flex-columns\" href=\"https:\/\/sapport.gov.mt\/mt\/workshops-u-gruppi-ta-sostenn\/gruppi-ta-sostenn-ghall-ahwa-ta-persuni-bdizabilita\/\">\n                <div class=\"title col-70\">Workshops g\u0127all-A\u0127wa Adulti ta\u2019 Persuni b\u2019Di\u017cabilit\u00e0<\/div>\n                <span class=\"link red col-30\">Aktar informazzjoni <span class=\"corner-arrow right\"><\/span><\/span>\n            <\/a>\n\n                \n            <a class=\"item flex-columns\" href=\"https:\/\/sapport.gov.mt\/mt\/workshops-u-gruppi-ta-sostenn\/workshops-u-gruppi-ta-sostenn-ghall-genituri\/\">\n                <div class=\"title col-70\">Workshops u Gruppi ta\u2019 Sostenn g\u0127all-\u0120enituri<\/div>\n                <span class=\"link red col-30\">Aktar informazzjoni <span class=\"corner-arrow right\"><\/span><\/span>\n            <\/a>\n\n                \n            <a class=\"item flex-columns\" href=\"https:\/\/sapport.gov.mt\/mt\/workshops-u-gruppi-ta-sostenn\/super-sibs-programm-interessanti-matul-is-sajf-ghat-tfal-li-ghandhom-ahwa-bdizabilita\/\">\n                <div class=\"title col-70\">Super Sibs \u2013 Programm mimli divertiment g\u0127all-a\u0127wa \u017cg\u0127ar<\/div>\n                <span class=\"link red col-30\">Aktar informazzjoni <span class=\"corner-arrow right\"><\/span><\/span>\n            <\/a>\n\n        \n        <\/div>\n\n    <\/div>\n    <\/div>\n<\/div>","protected":false},"excerpt":{"rendered":"","protected":false},"author":3,"featured_media":0,"parent":2811,"menu_order":2,"comment_status":"closed","ping_status":"closed","template":"","meta":{"_acf_changed":false,"inline_featured_image":false,"footnotes":""},"categories":[48],"class_list":["post-5148","page","type-page","status-publish","hentry","category-workshops-mt"],"acf":[],"yoast_head":"<!-- This site is optimized with the Yoast SEO plugin v27.3 - https:\/\/yoast.com\/product\/yoast-seo-wordpress\/ -->\n<title>Workshops g\u0127all-Missirijiet - Agenzija Sapport<\/title>\n<meta name=\"robots\" content=\"index, follow, max-snippet:-1, max-image-preview:large, max-video-preview:-1\" \/>\n<link rel=\"canonical\" href=\"https:\/\/sapport.gov.mt\/mt\/workshops-u-gruppi-ta-sostenn\/workshops-ghall-missirijiet\/\" \/>\n<meta property=\"og:locale\" content=\"mt_MT\" \/>\n<meta property=\"og:type\" content=\"article\" \/>\n<meta property=\"og:title\" content=\"Workshops g\u0127all-Missirijiet - Agenzija Sapport\" \/>\n<meta property=\"og:url\" content=\"https:\/\/sapport.gov.mt\/mt\/workshops-u-gruppi-ta-sostenn\/workshops-ghall-missirijiet\/\" \/>\n<meta property=\"og:site_name\" content=\"Agenzija Sapport\" \/>\n<meta property=\"article:modified_time\" content=\"2025-10-24T07:20:26+00:00\" \/>\n<meta name=\"twitter:card\" content=\"summary_large_image\" \/>\n<meta name=\"twitter:label1\" content=\"Est. reading time\" \/>\n\t<meta name=\"twitter:data1\" content=\"2 minutes\" \/>\n<script type=\"application\/ld+json\" class=\"yoast-schema-graph\">{\"@context\":\"https:\\\/\\\/schema.org\",\"@graph\":[{\"@type\":\"WebPage\",\"@id\":\"https:\\\/\\\/sapport.gov.mt\\\/mt\\\/workshops-u-gruppi-ta-sostenn\\\/workshops-ghall-missirijiet\\\/\",\"url\":\"https:\\\/\\\/sapport.gov.mt\\\/mt\\\/workshops-u-gruppi-ta-sostenn\\\/workshops-ghall-missirijiet\\\/\",\"name\":\"Workshops g\u0127all-Missirijiet - Agenzija Sapport\",\"isPartOf\":{\"@id\":\"https:\\\/\\\/sapport.gov.mt\\\/mt\\\/#website\"},\"datePublished\":\"2023-08-04T09:56:39+00:00\",\"dateModified\":\"2025-10-24T07:20:26+00:00\",\"breadcrumb\":{\"@id\":\"https:\\\/\\\/sapport.gov.mt\\\/mt\\\/workshops-u-gruppi-ta-sostenn\\\/workshops-ghall-missirijiet\\\/#breadcrumb\"},\"inLanguage\":\"mt-MT\",\"potentialAction\":[{\"@type\":\"ReadAction\",\"target\":[\"https:\\\/\\\/sapport.gov.mt\\\/mt\\\/workshops-u-gruppi-ta-sostenn\\\/workshops-ghall-missirijiet\\\/\"]}]},{\"@type\":\"BreadcrumbList\",\"@id\":\"https:\\\/\\\/sapport.gov.mt\\\/mt\\\/workshops-u-gruppi-ta-sostenn\\\/workshops-ghall-missirijiet\\\/#breadcrumb\",\"itemListElement\":[{\"@type\":\"ListItem\",\"position\":1,\"name\":\"Pa\u0121na\",\"item\":\"https:\\\/\\\/sapport.gov.mt\\\/mt\\\/\"},{\"@type\":\"ListItem\",\"position\":2,\"name\":\"Workshops u Gruppi ta\u2019 Sostenn\",\"item\":\"https:\\\/\\\/sapport.gov.mt\\\/mt\\\/workshops-u-gruppi-ta-sostenn\\\/\"},{\"@type\":\"ListItem\",\"position\":3,\"name\":\"Workshops g\u0127all-Missirijiet\"}]},{\"@type\":\"WebSite\",\"@id\":\"https:\\\/\\\/sapport.gov.mt\\\/mt\\\/#website\",\"url\":\"https:\\\/\\\/sapport.gov.mt\\\/mt\\\/\",\"name\":\"Agenzija Sapport\",\"description\":\"Providing Professional And Innovative Services To Enhance The Quality Of Life Of Persons With Disabilities\",\"publisher\":{\"@id\":\"https:\\\/\\\/sapport.gov.mt\\\/mt\\\/#organization\"},\"potentialAction\":[{\"@type\":\"SearchAction\",\"target\":{\"@type\":\"EntryPoint\",\"urlTemplate\":\"https:\\\/\\\/sapport.gov.mt\\\/mt\\\/?s={search_term_string}\"},\"query-input\":{\"@type\":\"PropertyValueSpecification\",\"valueRequired\":true,\"valueName\":\"search_term_string\"}}],\"inLanguage\":\"mt-MT\"},{\"@type\":\"Organization\",\"@id\":\"https:\\\/\\\/sapport.gov.mt\\\/mt\\\/#organization\",\"name\":\"A\u0121enzija Sapport\",\"alternateName\":\"Sapport Agency\",\"url\":\"https:\\\/\\\/sapport.gov.mt\\\/mt\\\/\",\"logo\":{\"@type\":\"ImageObject\",\"inLanguage\":\"mt-MT\",\"@id\":\"https:\\\/\\\/sapport.gov.mt\\\/mt\\\/#\\\/schema\\\/logo\\\/image\\\/\",\"url\":\"https:\\\/\\\/sapport.ppdevplayground.com\\\/wp-content\\\/uploads\\\/2022\\\/11\\\/site-logo.png\",\"contentUrl\":\"https:\\\/\\\/sapport.ppdevplayground.com\\\/wp-content\\\/uploads\\\/2022\\\/11\\\/site-logo.png\",\"width\":320,\"height\":178,\"caption\":\"A\u0121enzija Sapport\"},\"image\":{\"@id\":\"https:\\\/\\\/sapport.gov.mt\\\/mt\\\/#\\\/schema\\\/logo\\\/image\\\/\"}}]}<\/script>\n<!-- \/ Yoast SEO plugin. -->","yoast_head_json":{"title":"Workshops g\u0127all-Missirijiet - Agenzija Sapport","robots":{"index":"index","follow":"follow","max-snippet":"max-snippet:-1","max-image-preview":"max-image-preview:large","max-video-preview":"max-video-preview:-1"},"canonical":"https:\/\/sapport.gov.mt\/mt\/workshops-u-gruppi-ta-sostenn\/workshops-ghall-missirijiet\/","og_locale":"mt_MT","og_type":"article","og_title":"Workshops g\u0127all-Missirijiet - Agenzija Sapport","og_url":"https:\/\/sapport.gov.mt\/mt\/workshops-u-gruppi-ta-sostenn\/workshops-ghall-missirijiet\/","og_site_name":"Agenzija Sapport","article_modified_time":"2025-10-24T07:20:26+00:00","twitter_card":"summary_large_image","twitter_misc":{"Est. reading time":"2 minutes"},"schema":{"@context":"https:\/\/schema.org","@graph":[{"@type":"WebPage","@id":"https:\/\/sapport.gov.mt\/mt\/workshops-u-gruppi-ta-sostenn\/workshops-ghall-missirijiet\/","url":"https:\/\/sapport.gov.mt\/mt\/workshops-u-gruppi-ta-sostenn\/workshops-ghall-missirijiet\/","name":"Workshops g\u0127all-Missirijiet - Agenzija Sapport","isPartOf":{"@id":"https:\/\/sapport.gov.mt\/mt\/#website"},"datePublished":"2023-08-04T09:56:39+00:00","dateModified":"2025-10-24T07:20:26+00:00","breadcrumb":{"@id":"https:\/\/sapport.gov.mt\/mt\/workshops-u-gruppi-ta-sostenn\/workshops-ghall-missirijiet\/#breadcrumb"},"inLanguage":"mt-MT","potentialAction":[{"@type":"ReadAction","target":["https:\/\/sapport.gov.mt\/mt\/workshops-u-gruppi-ta-sostenn\/workshops-ghall-missirijiet\/"]}]},{"@type":"BreadcrumbList","@id":"https:\/\/sapport.gov.mt\/mt\/workshops-u-gruppi-ta-sostenn\/workshops-ghall-missirijiet\/#breadcrumb","itemListElement":[{"@type":"ListItem","position":1,"name":"Pa\u0121na","item":"https:\/\/sapport.gov.mt\/mt\/"},{"@type":"ListItem","position":2,"name":"Workshops u Gruppi ta\u2019 Sostenn","item":"https:\/\/sapport.gov.mt\/mt\/workshops-u-gruppi-ta-sostenn\/"},{"@type":"ListItem","position":3,"name":"Workshops g\u0127all-Missirijiet"}]},{"@type":"WebSite","@id":"https:\/\/sapport.gov.mt\/mt\/#website","url":"https:\/\/sapport.gov.mt\/mt\/","name":"Agenzija Sapport","description":"Providing Professional And Innovative Services To Enhance The Quality Of Life Of Persons With Disabilities","publisher":{"@id":"https:\/\/sapport.gov.mt\/mt\/#organization"},"potentialAction":[{"@type":"SearchAction","target":{"@type":"EntryPoint","urlTemplate":"https:\/\/sapport.gov.mt\/mt\/?s={search_term_string}"},"query-input":{"@type":"PropertyValueSpecification","valueRequired":true,"valueName":"search_term_string"}}],"inLanguage":"mt-MT"},{"@type":"Organization","@id":"https:\/\/sapport.gov.mt\/mt\/#organization","name":"A\u0121enzija Sapport","alternateName":"Sapport Agency","url":"https:\/\/sapport.gov.mt\/mt\/","logo":{"@type":"ImageObject","inLanguage":"mt-MT","@id":"https:\/\/sapport.gov.mt\/mt\/#\/schema\/logo\/image\/","url":"https:\/\/sapport.ppdevplayground.com\/wp-content\/uploads\/2022\/11\/site-logo.png","contentUrl":"https:\/\/sapport.ppdevplayground.com\/wp-content\/uploads\/2022\/11\/site-logo.png","width":320,"height":178,"caption":"A\u0121enzija Sapport"},"image":{"@id":"https:\/\/sapport.gov.mt\/mt\/#\/schema\/logo\/image\/"}}]}},"_links":{"self":[{"href":"https:\/\/sapport.gov.mt\/mt\/wp-json\/wp\/v2\/pages\/5148","targetHints":{"allow":["GET"]}}],"collection":[{"href":"https:\/\/sapport.gov.mt\/mt\/wp-json\/wp\/v2\/pages"}],"about":[{"href":"https:\/\/sapport.gov.mt\/mt\/wp-json\/wp\/v2\/types\/page"}],"author":[{"embeddable":true,"href":"https:\/\/sapport.gov.mt\/mt\/wp-json\/wp\/v2\/users\/3"}],"replies":[{"embeddable":true,"href":"https:\/\/sapport.gov.mt\/mt\/wp-json\/wp\/v2\/comments?post=5148"}],"version-history":[{"count":8,"href":"https:\/\/sapport.gov.mt\/mt\/wp-json\/wp\/v2\/pages\/5148\/revisions"}],"predecessor-version":[{"id":12399,"href":"https:\/\/sapport.gov.mt\/mt\/wp-json\/wp\/v2\/pages\/5148\/revisions\/12399"}],"up":[{"embeddable":true,"href":"https:\/\/sapport.gov.mt\/mt\/wp-json\/wp\/v2\/pages\/2811"}],"wp:attachment":[{"href":"https:\/\/sapport.gov.mt\/mt\/wp-json\/wp\/v2\/media?parent=5148"}],"wp:term":[{"taxonomy":"category","embeddable":true,"href":"https:\/\/sapport.gov.mt\/mt\/wp-json\/wp\/v2\/categories?post=5148"}],"curies":[{"name":"wp","href":"https:\/\/api.w.org\/{rel}","templated":true}]}}