{"id":5829,"date":"2023-10-02T13:50:38","date_gmt":"2023-10-02T11:50:38","guid":{"rendered":"https:\/\/sapport.ppdevplayground.com\/?page_id=5829"},"modified":"2026-02-23T09:13:52","modified_gmt":"2026-02-23T08:13:52","slug":"personal-assistance-reform","status":"publish","type":"page","link":"https:\/\/sapport.gov.mt\/mt\/personal-assistance-reform\/","title":{"rendered":"Personal Assistance Reform"},"content":{"rendered":"<div class=\"tabs-text align\">\n    <div id=\"tabs-text-block_9ec4ee5e1ed46798c00484436961d495\" class=\"block-tabs-text\">\n\n    <div class=\"blend-mode luminosity\">\n                <div class=\"img inline-bg-image lazyload\" role=\"img\" aria-label=\"\" style=\"background-image:inherit;\" data-bg-image=\"url(https:\/\/sapport.gov.mt\/wp-content\/uploads\/2024\/10\/Maleck-e1727275672285.png)\"><\/div>\n    <\/div>\n\n    <div class=\"inner np flex-columns stretch\">\n        <div class=\"col-35 left-side\">\n\n            \n            <p class=\"breadcrumbs\"><span><span><a href=\"https:\/\/sapport.gov.mt\/mt\/\">Pa\u0121na<\/a><\/span><\/span><\/p>\n            <h1 class=\"h1 white\">Personal Assistance Reform<\/h1>\n\n            \n                        <ul id=\"tabs-nav\" class=\"tabs-nav\">\n                \n                    <li class=\"tab-title\">\n                        <a id=\"personal-assistance-reform\" href=\"#tabs-content\" data-tab=\"#tab1\" class=\"tab-nav\">Personal Assistance Reform<\/a>\n                    <\/li>\n            \n                \n                    <li class=\"tab-title\">\n                        <a id=\"background\" href=\"#tabs-content\" data-tab=\"#tab2\" class=\"tab-nav\">Background<\/a>\n                    <\/li>\n            \n                \n                    <li class=\"tab-title\">\n                        <a id=\"riorsi\" href=\"#tabs-content\" data-tab=\"#tab3\" class=\"tab-nav\">Ri\u017corsi<\/a>\n                    <\/li>\n            \n                \n                    <li class=\"tab-title\">\n                        <a id=\"testimonjanzi\" href=\"#tabs-content\" data-tab=\"#tab4\" class=\"tab-nav\">Testimonjanzi<\/a>\n                    <\/li>\n            \n                            <\/ul>\n                    <\/div>\n\n        <div class=\"col-65 right-side\">\n            \n                        <div id=\"tabs-content\" class=\"tabs-content\">\n                                <div id=\"tab1\" class=\"tab-content\">\n                    <h2 class=\"h4\">Personal Assistance Reform: Laying the foundations for a personal budgets system for persons with disabilities<\/h2>\n                    <div class=\"post-content\"><p>As part of its 2021-2030 National Strategy on the Rights of Disabled Persons, Malta is taking steps to developing a Personal Assistance Reform that will establish the groundwork for personal budgets and will align services for persons with disabilities with the principles of independent living and self-directed support.<\/p>\n<p>&nbsp;<\/p>\n<p>This reform represents a significant step towards empowering persons with disabilities to exercise their rights to independent living in the community, with the rightful and respectful choice, control, and flexibility surrounding how they use, and manage, the support of personal assistance and the access to other services, tools and equipment that contribute towards their independent living throughout their lives.<\/p>\n<p>&nbsp;<\/p>\n<p>This is done by allowing them to utilise their allocated subsidies to engage personalised assistance services that best suit their needs. Their choices will be guided by their Individualised Support Plan, taking into account their unique lifestyle, preferences, and requirements.<\/p>\n<p>&nbsp;<\/p>\n<p>The personal assistance reform is being rolled out in stages, having finalised a series of consultative meetings, planning of the reform and drafting of pertinent policies, launching and concluding a public consultation, meeting stakeholders for the design and dissemination of a personal assistance user\u2019s charter and job description, serving as a guide for users, personal assistants and supporting networks. Other stages are being designed and developed with the intention that Malta will gradually begins introducing personal budgets in 2030.<\/p>\n<p>&nbsp;<\/p>\n<p><strong>The Personal Assistance Reform Project by A\u0121enzija Sapport was shortlisted for the ESN European Social Services Awards 2024 – Excellence in Communities<\/strong><\/p>\n<p>&nbsp;<\/p>\n<p>&nbsp;<\/p>\n<p><iframe title=\"Personal Assistance Reform - Maleck Haj Moussa\" width=\"500\" height=\"281\" data-src=\"https:\/\/www.youtube.com\/embed\/WC4TUroKZxM?feature=oembed\" frameborder=\"0\" allow=\"accelerometer; autoplay; clipboard-write; encrypted-media; gyroscope; picture-in-picture; web-share\" referrerpolicy=\"strict-origin-when-cross-origin\" allowfullscreen src=\"data:image\/svg+xml;base64,PHN2ZyB3aWR0aD0iMSIgaGVpZ2h0PSIxIiB4bWxucz0iaHR0cDovL3d3dy53My5vcmcvMjAwMC9zdmciPjwvc3ZnPg==\" class=\"lazyload\" data-load-mode=\"1\"><\/iframe><\/p>\n<\/div>\n\n                                            \n                <\/div>\n                                <div id=\"tab2\" class=\"tab-content\">\n                    <h2 class=\"h4\">Background<\/h2>\n                    <div class=\"post-content\"><p>In preparation for this reform, A\u0121enzija Sapport engaged in consultations with persons with disability using the services in Malta, the Directorate for Disability Issues (Malta), the Commission for the Rights of Persons with Disability (Malta), the Malta Federation of Organisations Persons with Disability (Malta), Agency staff members, the Independent Community Living Board (Malta), the European Network on Independent Living (ENIL, Brussels).<\/p>\n<p>&nbsp;<\/p>\n<p>This personal assistance reform and plans for establishing a personal budgets system will further contribute to aligning Malta\u2019s disability services landscape with the UNCRPD Article 19 and its General Comment No. 5 and with the Guidelines on deinstitutionalisation, including in emergencies (2022).<\/p>\n<p>&nbsp;<\/p>\n<p>The target group is youth and adults with disabilities. Various professionals will be involved in the delivery of this project, including personal assistants engaged by persons with disabilities, Social Workers and other professionals who work with personal assistance users.<\/p>\n<p><strong>\u00a0<\/strong><\/p>\n<p>A public consultation process was launched in October 2023 to gather the views of persons with disabilities and relevant stakeholders, upon which plans for the reform were based.<\/p>\n<\/div>\n\n                                            \n                <\/div>\n                                <div id=\"tab3\" class=\"tab-content\">\n                    <h2 class=\"h4\">Ri\u017corsi<\/h2>\n                    <div class=\"post-content\"><p><a href=\"https:\/\/sapport.gov.mt\/wp-content\/uploads\/2023\/09\/Reform_Strategy_FINAL-single-pages.pdf\" target=\"_blank\" rel=\"noopener\">Ag\u0127fas fuq din il-\u0127olqa biex tni\u017c\u017cel kopja tad-dokument ta’ Konsultazzjoni Pubblika<\/a><\/p>\n<p><a href=\"https:\/\/sapport.gov.mt\/wp-content\/uploads\/2024\/11\/Assistenza-Personali.pdf\" target=\"_blank\" rel=\"noopener\">Ag\u0127fas fuq din il-\u0127olqa biex tni\u017c\u017cel kopja tad-Deskrizzjoni \u0120enerika tal-Impjieg\u00a0u l-karta tad-Drittijiet u r-Responsabilitajiet tal-Utenti ta’ Assistenza Personali (PA)<\/a><\/p>\n<p><a href=\"https:\/\/sapport.gov.mt\/wp-content\/uploads\/2024\/11\/PA-Reform-ESSA-November-2024-1.pdf\" target=\"_blank\" rel=\"noopener\">Ag\u0127fas fuq din il-\u0127olqa biex tni\u017c\u017cel kopja tal-pre\u017centazzjoni Excellence in Communities presentation \u2013 ESSA 2024 (bl-Ingli\u017c)<\/a><\/p>\n<\/div>\n\n                                            \n                <\/div>\n                                <div id=\"tab4\" class=\"tab-content\">\n                    <h2 class=\"h4\">Testimonjanzi<\/h2>\n                    <div class=\"post-content\"><p><img decoding=\"async\" class=\"alignnone wp-image-9762 size-full lazyload\" data-src=\"https:\/\/sapport.gov.mt\/wp-content\/uploads\/2024\/11\/Personal-Assistance-1.png\" alt=\"\" width=\"2048\" height=\"2048\" data-srcset=\"https:\/\/sapport.gov.mt\/wp-content\/uploads\/2024\/11\/Personal-Assistance-1.png 2048w, https:\/\/sapport.gov.mt\/wp-content\/uploads\/2024\/11\/Personal-Assistance-1-300x300.png 300w, https:\/\/sapport.gov.mt\/wp-content\/uploads\/2024\/11\/Personal-Assistance-1-1024x1024.png 1024w, https:\/\/sapport.gov.mt\/wp-content\/uploads\/2024\/11\/Personal-Assistance-1-150x150.png 150w, https:\/\/sapport.gov.mt\/wp-content\/uploads\/2024\/11\/Personal-Assistance-1-768x768.png 768w, https:\/\/sapport.gov.mt\/wp-content\/uploads\/2024\/11\/Personal-Assistance-1-1536x1536.png 1536w, https:\/\/sapport.gov.mt\/wp-content\/uploads\/2024\/11\/Personal-Assistance-1-600x600.png 600w, https:\/\/sapport.gov.mt\/wp-content\/uploads\/2024\/11\/Personal-Assistance-1-100x100.png 100w\" data-sizes=\"(max-width: 2048px) 100vw, 2048px\" src=\"data:image\/svg+xml;base64,PHN2ZyB3aWR0aD0iMSIgaGVpZ2h0PSIxIiB4bWxucz0iaHR0cDovL3d3dy53My5vcmcvMjAwMC9zdmciPjwvc3ZnPg==\" style=\"--smush-placeholder-width: 2048px; --smush-placeholder-aspect-ratio: 2048\/2048;\" \/> <img decoding=\"async\" class=\"alignnone wp-image-9760 size-full lazyload\" data-src=\"https:\/\/sapport.gov.mt\/wp-content\/uploads\/2024\/11\/Personal-Assistance-2.png\" alt=\"\" width=\"2048\" height=\"2048\" data-srcset=\"https:\/\/sapport.gov.mt\/wp-content\/uploads\/2024\/11\/Personal-Assistance-2.png 2048w, https:\/\/sapport.gov.mt\/wp-content\/uploads\/2024\/11\/Personal-Assistance-2-300x300.png 300w, https:\/\/sapport.gov.mt\/wp-content\/uploads\/2024\/11\/Personal-Assistance-2-1024x1024.png 1024w, https:\/\/sapport.gov.mt\/wp-content\/uploads\/2024\/11\/Personal-Assistance-2-150x150.png 150w, https:\/\/sapport.gov.mt\/wp-content\/uploads\/2024\/11\/Personal-Assistance-2-768x768.png 768w, https:\/\/sapport.gov.mt\/wp-content\/uploads\/2024\/11\/Personal-Assistance-2-1536x1536.png 1536w, https:\/\/sapport.gov.mt\/wp-content\/uploads\/2024\/11\/Personal-Assistance-2-600x600.png 600w, https:\/\/sapport.gov.mt\/wp-content\/uploads\/2024\/11\/Personal-Assistance-2-100x100.png 100w\" data-sizes=\"(max-width: 2048px) 100vw, 2048px\" src=\"data:image\/svg+xml;base64,PHN2ZyB3aWR0aD0iMSIgaGVpZ2h0PSIxIiB4bWxucz0iaHR0cDovL3d3dy53My5vcmcvMjAwMC9zdmciPjwvc3ZnPg==\" style=\"--smush-placeholder-width: 2048px; --smush-placeholder-aspect-ratio: 2048\/2048;\" \/><\/p>\n<\/div>\n\n                                            \n                <\/div>\n                            <\/div>\n                    \n        <\/div>\n\n    <\/div>\n<\/div><\/div>","protected":false},"excerpt":{"rendered":"","protected":false},"author":3,"featured_media":0,"parent":0,"menu_order":0,"comment_status":"closed","ping_status":"closed","template":"","meta":{"_acf_changed":false,"inline_featured_image":false,"footnotes":""},"categories":[],"class_list":["post-5829","page","type-page","status-publish","hentry"],"acf":[],"yoast_head":"<!-- This site is optimized with the Yoast SEO plugin v27.3 - https:\/\/yoast.com\/product\/yoast-seo-wordpress\/ -->\n<title>Personal Assistance Reform - Agenzija Sapport<\/title>\n<meta name=\"description\" content=\"The PA Reform Project by A\u0121enzija Sapport has been shortlisted for the ESN European Social Services Awards 2024 - Excellence in Communities\" \/>\n<meta name=\"robots\" content=\"index, follow, max-snippet:-1, max-image-preview:large, max-video-preview:-1\" \/>\n<link rel=\"canonical\" href=\"https:\/\/sapport.gov.mt\/mt\/personal-assistance-reform\/\" \/>\n<meta property=\"og:locale\" content=\"mt_MT\" \/>\n<meta property=\"og:type\" content=\"article\" \/>\n<meta property=\"og:title\" content=\"Personal Assistance Reform - Agenzija Sapport\" \/>\n<meta property=\"og:description\" content=\"The PA Reform Project by A\u0121enzija Sapport has been shortlisted for the ESN European Social Services Awards 2024 - Excellence in Communities\" \/>\n<meta property=\"og:url\" content=\"https:\/\/sapport.gov.mt\/mt\/personal-assistance-reform\/\" \/>\n<meta property=\"og:site_name\" content=\"Agenzija Sapport\" \/>\n<meta property=\"article:modified_time\" content=\"2026-02-23T08:13:52+00:00\" \/>\n<meta name=\"twitter:card\" content=\"summary_large_image\" \/>\n<meta name=\"twitter:label1\" content=\"Est. reading time\" \/>\n\t<meta name=\"twitter:data1\" content=\"3 minutes\" \/>\n<script type=\"application\/ld+json\" class=\"yoast-schema-graph\">{\"@context\":\"https:\\\/\\\/schema.org\",\"@graph\":[{\"@type\":\"WebPage\",\"@id\":\"https:\\\/\\\/sapport.gov.mt\\\/mt\\\/personal-assistance-reform\\\/\",\"url\":\"https:\\\/\\\/sapport.gov.mt\\\/mt\\\/personal-assistance-reform\\\/\",\"name\":\"Personal Assistance Reform - Agenzija Sapport\",\"isPartOf\":{\"@id\":\"https:\\\/\\\/sapport.gov.mt\\\/mt\\\/#website\"},\"datePublished\":\"2023-10-02T11:50:38+00:00\",\"dateModified\":\"2026-02-23T08:13:52+00:00\",\"description\":\"The PA Reform Project by A\u0121enzija Sapport has been shortlisted for the ESN European Social Services Awards 2024 - Excellence in Communities\",\"breadcrumb\":{\"@id\":\"https:\\\/\\\/sapport.gov.mt\\\/mt\\\/personal-assistance-reform\\\/#breadcrumb\"},\"inLanguage\":\"mt-MT\",\"potentialAction\":[{\"@type\":\"ReadAction\",\"target\":[\"https:\\\/\\\/sapport.gov.mt\\\/mt\\\/personal-assistance-reform\\\/\"]}]},{\"@type\":\"BreadcrumbList\",\"@id\":\"https:\\\/\\\/sapport.gov.mt\\\/mt\\\/personal-assistance-reform\\\/#breadcrumb\",\"itemListElement\":[{\"@type\":\"ListItem\",\"position\":1,\"name\":\"Pa\u0121na\",\"item\":\"https:\\\/\\\/sapport.gov.mt\\\/mt\\\/\"},{\"@type\":\"ListItem\",\"position\":2,\"name\":\"Personal Assistance Reform\"}]},{\"@type\":\"WebSite\",\"@id\":\"https:\\\/\\\/sapport.gov.mt\\\/mt\\\/#website\",\"url\":\"https:\\\/\\\/sapport.gov.mt\\\/mt\\\/\",\"name\":\"Agenzija Sapport\",\"description\":\"Providing Professional And Innovative Services To Enhance The Quality Of Life Of Persons With Disabilities\",\"publisher\":{\"@id\":\"https:\\\/\\\/sapport.gov.mt\\\/mt\\\/#organization\"},\"potentialAction\":[{\"@type\":\"SearchAction\",\"target\":{\"@type\":\"EntryPoint\",\"urlTemplate\":\"https:\\\/\\\/sapport.gov.mt\\\/mt\\\/?s={search_term_string}\"},\"query-input\":{\"@type\":\"PropertyValueSpecification\",\"valueRequired\":true,\"valueName\":\"search_term_string\"}}],\"inLanguage\":\"mt-MT\"},{\"@type\":\"Organization\",\"@id\":\"https:\\\/\\\/sapport.gov.mt\\\/mt\\\/#organization\",\"name\":\"A\u0121enzija Sapport\",\"alternateName\":\"Sapport Agency\",\"url\":\"https:\\\/\\\/sapport.gov.mt\\\/mt\\\/\",\"logo\":{\"@type\":\"ImageObject\",\"inLanguage\":\"mt-MT\",\"@id\":\"https:\\\/\\\/sapport.gov.mt\\\/mt\\\/#\\\/schema\\\/logo\\\/image\\\/\",\"url\":\"https:\\\/\\\/sapport.ppdevplayground.com\\\/wp-content\\\/uploads\\\/2022\\\/11\\\/site-logo.png\",\"contentUrl\":\"https:\\\/\\\/sapport.ppdevplayground.com\\\/wp-content\\\/uploads\\\/2022\\\/11\\\/site-logo.png\",\"width\":320,\"height\":178,\"caption\":\"A\u0121enzija Sapport\"},\"image\":{\"@id\":\"https:\\\/\\\/sapport.gov.mt\\\/mt\\\/#\\\/schema\\\/logo\\\/image\\\/\"}}]}<\/script>\n<!-- \/ Yoast SEO plugin. -->","yoast_head_json":{"title":"Personal Assistance Reform - Agenzija Sapport","description":"The PA Reform Project by A\u0121enzija Sapport has been shortlisted for the ESN European Social Services Awards 2024 - Excellence in Communities","robots":{"index":"index","follow":"follow","max-snippet":"max-snippet:-1","max-image-preview":"max-image-preview:large","max-video-preview":"max-video-preview:-1"},"canonical":"https:\/\/sapport.gov.mt\/mt\/personal-assistance-reform\/","og_locale":"mt_MT","og_type":"article","og_title":"Personal Assistance Reform - Agenzija Sapport","og_description":"The PA Reform Project by A\u0121enzija Sapport has been shortlisted for the ESN European Social Services Awards 2024 - Excellence in Communities","og_url":"https:\/\/sapport.gov.mt\/mt\/personal-assistance-reform\/","og_site_name":"Agenzija Sapport","article_modified_time":"2026-02-23T08:13:52+00:00","twitter_card":"summary_large_image","twitter_misc":{"Est. reading time":"3 minutes"},"schema":{"@context":"https:\/\/schema.org","@graph":[{"@type":"WebPage","@id":"https:\/\/sapport.gov.mt\/mt\/personal-assistance-reform\/","url":"https:\/\/sapport.gov.mt\/mt\/personal-assistance-reform\/","name":"Personal Assistance Reform - Agenzija Sapport","isPartOf":{"@id":"https:\/\/sapport.gov.mt\/mt\/#website"},"datePublished":"2023-10-02T11:50:38+00:00","dateModified":"2026-02-23T08:13:52+00:00","description":"The PA Reform Project by A\u0121enzija Sapport has been shortlisted for the ESN European Social Services Awards 2024 - Excellence in Communities","breadcrumb":{"@id":"https:\/\/sapport.gov.mt\/mt\/personal-assistance-reform\/#breadcrumb"},"inLanguage":"mt-MT","potentialAction":[{"@type":"ReadAction","target":["https:\/\/sapport.gov.mt\/mt\/personal-assistance-reform\/"]}]},{"@type":"BreadcrumbList","@id":"https:\/\/sapport.gov.mt\/mt\/personal-assistance-reform\/#breadcrumb","itemListElement":[{"@type":"ListItem","position":1,"name":"Pa\u0121na","item":"https:\/\/sapport.gov.mt\/mt\/"},{"@type":"ListItem","position":2,"name":"Personal Assistance Reform"}]},{"@type":"WebSite","@id":"https:\/\/sapport.gov.mt\/mt\/#website","url":"https:\/\/sapport.gov.mt\/mt\/","name":"Agenzija Sapport","description":"Providing Professional And Innovative Services To Enhance The Quality Of Life Of Persons With Disabilities","publisher":{"@id":"https:\/\/sapport.gov.mt\/mt\/#organization"},"potentialAction":[{"@type":"SearchAction","target":{"@type":"EntryPoint","urlTemplate":"https:\/\/sapport.gov.mt\/mt\/?s={search_term_string}"},"query-input":{"@type":"PropertyValueSpecification","valueRequired":true,"valueName":"search_term_string"}}],"inLanguage":"mt-MT"},{"@type":"Organization","@id":"https:\/\/sapport.gov.mt\/mt\/#organization","name":"A\u0121enzija Sapport","alternateName":"Sapport Agency","url":"https:\/\/sapport.gov.mt\/mt\/","logo":{"@type":"ImageObject","inLanguage":"mt-MT","@id":"https:\/\/sapport.gov.mt\/mt\/#\/schema\/logo\/image\/","url":"https:\/\/sapport.ppdevplayground.com\/wp-content\/uploads\/2022\/11\/site-logo.png","contentUrl":"https:\/\/sapport.ppdevplayground.com\/wp-content\/uploads\/2022\/11\/site-logo.png","width":320,"height":178,"caption":"A\u0121enzija Sapport"},"image":{"@id":"https:\/\/sapport.gov.mt\/mt\/#\/schema\/logo\/image\/"}}]}},"_links":{"self":[{"href":"https:\/\/sapport.gov.mt\/mt\/wp-json\/wp\/v2\/pages\/5829","targetHints":{"allow":["GET"]}}],"collection":[{"href":"https:\/\/sapport.gov.mt\/mt\/wp-json\/wp\/v2\/pages"}],"about":[{"href":"https:\/\/sapport.gov.mt\/mt\/wp-json\/wp\/v2\/types\/page"}],"author":[{"embeddable":true,"href":"https:\/\/sapport.gov.mt\/mt\/wp-json\/wp\/v2\/users\/3"}],"replies":[{"embeddable":true,"href":"https:\/\/sapport.gov.mt\/mt\/wp-json\/wp\/v2\/comments?post=5829"}],"version-history":[{"count":4,"href":"https:\/\/sapport.gov.mt\/mt\/wp-json\/wp\/v2\/pages\/5829\/revisions"}],"predecessor-version":[{"id":13411,"href":"https:\/\/sapport.gov.mt\/mt\/wp-json\/wp\/v2\/pages\/5829\/revisions\/13411"}],"wp:attachment":[{"href":"https:\/\/sapport.gov.mt\/mt\/wp-json\/wp\/v2\/media?parent=5829"}],"wp:term":[{"taxonomy":"category","embeddable":true,"href":"https:\/\/sapport.gov.mt\/mt\/wp-json\/wp\/v2\/categories?post=5829"}],"curies":[{"name":"wp","href":"https:\/\/api.w.org\/{rel}","templated":true}]}}