{"id":9146,"date":"2024-08-29T17:30:46","date_gmt":"2024-08-29T15:30:46","guid":{"rendered":"https:\/\/sapport.ppdevplayground.com\/?page_id=9146"},"modified":"2024-08-30T12:46:34","modified_gmt":"2024-08-30T10:46:34","slug":"navigazzjoni","status":"publish","type":"page","link":"https:\/\/sapport.gov.mt\/mt\/navigazzjoni\/","title":{"rendered":"Navigazzjoni"},"content":{"rendered":"<div class=\"tabs-text align\">\n    <div id=\"tabs-text-block_b9d0c5d3e44f7a4b725795b9ed8814f8\" class=\"block-tabs-text\">\n\n    <div class=\"blend-mode luminosity\">\n                <div class=\"img inline-bg-image lazyload\" role=\"img\" aria-label=\"Magnifying glass icon\" style=\"background-image:inherit;\" data-bg-image=\"url(https:\/\/sapport.gov.mt\/wp-content\/uploads\/2024\/08\/Navigation.png)\"><\/div>\n    <\/div>\n\n    <div class=\"inner np flex-columns stretch\">\n        <div class=\"col-35 left-side\">\n\n            \n            <p class=\"breadcrumbs\"><span><span><a href=\"https:\/\/sapport.gov.mt\/mt\/\">Pa\u0121na<\/a><\/span><\/span><\/p>\n            <h1 class=\"h1 white\">Navigazzjoni<\/h1>\n\n            \n                        <ul id=\"tabs-nav\" class=\"tabs-nav\">\n                \n                    <li class=\"tab-title\">\n                        <a id=\"navigazzjoni-tas-sit\" href=\"#tabs-content\" data-tab=\"#tab1\" class=\"tab-nav\">Navigazzjoni tas-sit<\/a>\n                    <\/li>\n            \n                            <\/ul>\n                    <\/div>\n\n        <div class=\"col-65 right-side\">\n            \n                        <div id=\"tabs-content\" class=\"tabs-content\">\n                                <div id=\"tab1\" class=\"tab-content\">\n                    <h2 class=\"h4\">Navigazzjoni tas-sit<\/h2>\n                    <div class=\"post-content\"><p>&nbsp;<\/p>\n<p>Dawn il-filmati qosra huma intenzjonati b\u0127ala gwida biex jg\u0127inu fit-tfittxija ta’ informazzjoni fuq dan is-sit.<\/p>\n<p>&nbsp;<\/p>\n<p>&nbsp;<\/p>\n<h3><strong>Servizzi<\/strong><\/h3>\n<p><iframe title=\"SERVIZZI\" width=\"500\" height=\"281\" data-src=\"https:\/\/www.youtube.com\/embed\/4xGRSNSQMWU?list=PLXQYIeJHP-61aRZ3pDkBf28cVVlV08zT6\" frameborder=\"0\" allow=\"accelerometer; autoplay; clipboard-write; encrypted-media; gyroscope; picture-in-picture; web-share\" referrerpolicy=\"strict-origin-when-cross-origin\" allowfullscreen src=\"data:image\/svg+xml;base64,PHN2ZyB3aWR0aD0iMSIgaGVpZ2h0PSIxIiB4bWxucz0iaHR0cDovL3d3dy53My5vcmcvMjAwMC9zdmciPjwvc3ZnPg==\" class=\"lazyload\" data-load-mode=\"1\"><\/iframe><\/p>\n<p>&nbsp;<\/p>\n<p>&nbsp;<\/p>\n<h3><strong>Applikazzjonijiet<\/strong><\/h3>\n<p><iframe title=\"APPLIKAZZJONIJIET\" width=\"500\" height=\"281\" data-src=\"https:\/\/www.youtube.com\/embed\/7eReceYbbXI?list=PLXQYIeJHP-61aRZ3pDkBf28cVVlV08zT6\" frameborder=\"0\" allow=\"accelerometer; autoplay; clipboard-write; encrypted-media; gyroscope; picture-in-picture; web-share\" referrerpolicy=\"strict-origin-when-cross-origin\" allowfullscreen src=\"data:image\/svg+xml;base64,PHN2ZyB3aWR0aD0iMSIgaGVpZ2h0PSIxIiB4bWxucz0iaHR0cDovL3d3dy53My5vcmcvMjAwMC9zdmciPjwvc3ZnPg==\" class=\"lazyload\" data-load-mode=\"1\"><\/iframe><\/p>\n<p>&nbsp;<\/p>\n<p>&nbsp;<\/p>\n<h3><strong>Skemi<\/strong><\/h3>\n<p><iframe title=\"SKEMI\" width=\"500\" height=\"281\" data-src=\"https:\/\/www.youtube.com\/embed\/C5cbTzIaMes?list=PLXQYIeJHP-61aRZ3pDkBf28cVVlV08zT6\" frameborder=\"0\" allow=\"accelerometer; autoplay; clipboard-write; encrypted-media; gyroscope; picture-in-picture; web-share\" referrerpolicy=\"strict-origin-when-cross-origin\" allowfullscreen src=\"data:image\/svg+xml;base64,PHN2ZyB3aWR0aD0iMSIgaGVpZ2h0PSIxIiB4bWxucz0iaHR0cDovL3d3dy53My5vcmcvMjAwMC9zdmciPjwvc3ZnPg==\" class=\"lazyload\" data-load-mode=\"1\"><\/iframe><\/p>\n<p>&nbsp;<\/p>\n<p>&nbsp;<\/p>\n<h3><strong>Ri\u017corsi<\/strong><\/h3>\n<p><iframe title=\"RI\u017bORSI\" width=\"500\" height=\"281\" data-src=\"https:\/\/www.youtube.com\/embed\/pR_TwkEw4GE?list=PLXQYIeJHP-61aRZ3pDkBf28cVVlV08zT6\" frameborder=\"0\" allow=\"accelerometer; autoplay; clipboard-write; encrypted-media; gyroscope; picture-in-picture; web-share\" referrerpolicy=\"strict-origin-when-cross-origin\" allowfullscreen src=\"data:image\/svg+xml;base64,PHN2ZyB3aWR0aD0iMSIgaGVpZ2h0PSIxIiB4bWxucz0iaHR0cDovL3d3dy53My5vcmcvMjAwMC9zdmciPjwvc3ZnPg==\" class=\"lazyload\" data-load-mode=\"1\"><\/iframe><\/p>\n<p>&nbsp;<\/p>\n<p>&nbsp;<\/p>\n<h3><strong>Kuntatti<\/strong><\/h3>\n<p><iframe title=\"KUNTATTI\" width=\"500\" height=\"281\" data-src=\"https:\/\/www.youtube.com\/embed\/ETMp0nvPsvk?list=PLXQYIeJHP-61aRZ3pDkBf28cVVlV08zT6\" frameborder=\"0\" allow=\"accelerometer; autoplay; clipboard-write; encrypted-media; gyroscope; picture-in-picture; web-share\" referrerpolicy=\"strict-origin-when-cross-origin\" allowfullscreen src=\"data:image\/svg+xml;base64,PHN2ZyB3aWR0aD0iMSIgaGVpZ2h0PSIxIiB4bWxucz0iaHR0cDovL3d3dy53My5vcmcvMjAwMC9zdmciPjwvc3ZnPg==\" class=\"lazyload\" data-load-mode=\"1\"><\/iframe><\/p>\n<\/div>\n\n                                            \n                <\/div>\n                            <\/div>\n                    \n        <\/div>\n\n    <\/div>\n<\/div><\/div>","protected":false},"excerpt":{"rendered":"","protected":false},"author":3,"featured_media":0,"parent":0,"menu_order":0,"comment_status":"closed","ping_status":"closed","template":"","meta":{"_acf_changed":false,"inline_featured_image":false,"footnotes":""},"categories":[],"class_list":["post-9146","page","type-page","status-publish","hentry"],"acf":[],"yoast_head":"<!-- This site is optimized with the Yoast SEO plugin v27.4 - https:\/\/yoast.com\/product\/yoast-seo-wordpress\/ -->\n<title>Navigazzjoni - Agenzija Sapport<\/title>\n<meta name=\"description\" content=\"Filmati intenzjonati b\u0127ala gwida biex jg\u0127inu fit-tfittxija ta&#039; informazzjoni fuq is-sit ta&#039; A\u0121enzija Sapport.\" \/>\n<meta name=\"robots\" content=\"index, follow, max-snippet:-1, max-image-preview:large, max-video-preview:-1\" \/>\n<link rel=\"canonical\" href=\"https:\/\/sapport.gov.mt\/mt\/navigazzjoni\/\" \/>\n<meta property=\"og:locale\" content=\"mt_MT\" \/>\n<meta property=\"og:type\" content=\"article\" \/>\n<meta property=\"og:title\" content=\"Navigazzjoni - Agenzija Sapport\" \/>\n<meta property=\"og:description\" content=\"Filmati intenzjonati b\u0127ala gwida biex jg\u0127inu fit-tfittxija ta&#039; informazzjoni fuq is-sit ta&#039; A\u0121enzija Sapport.\" \/>\n<meta property=\"og:url\" content=\"https:\/\/sapport.gov.mt\/mt\/navigazzjoni\/\" \/>\n<meta property=\"og:site_name\" content=\"Agenzija Sapport\" \/>\n<meta property=\"article:modified_time\" content=\"2024-08-30T10:46:34+00:00\" \/>\n<meta name=\"twitter:card\" content=\"summary_large_image\" \/>\n<meta name=\"twitter:label1\" content=\"Est. reading time\" \/>\n\t<meta name=\"twitter:data1\" content=\"1 minute\" \/>\n<script type=\"application\/ld+json\" class=\"yoast-schema-graph\">{\"@context\":\"https:\\\/\\\/schema.org\",\"@graph\":[{\"@type\":\"WebPage\",\"@id\":\"https:\\\/\\\/sapport.gov.mt\\\/mt\\\/navigazzjoni\\\/\",\"url\":\"https:\\\/\\\/sapport.gov.mt\\\/mt\\\/navigazzjoni\\\/\",\"name\":\"Navigazzjoni - Agenzija Sapport\",\"isPartOf\":{\"@id\":\"https:\\\/\\\/sapport.gov.mt\\\/mt\\\/#website\"},\"datePublished\":\"2024-08-29T15:30:46+00:00\",\"dateModified\":\"2024-08-30T10:46:34+00:00\",\"description\":\"Filmati intenzjonati b\u0127ala gwida biex jg\u0127inu fit-tfittxija ta' informazzjoni fuq is-sit ta' A\u0121enzija Sapport.\",\"breadcrumb\":{\"@id\":\"https:\\\/\\\/sapport.gov.mt\\\/mt\\\/navigazzjoni\\\/#breadcrumb\"},\"inLanguage\":\"mt-MT\",\"potentialAction\":[{\"@type\":\"ReadAction\",\"target\":[\"https:\\\/\\\/sapport.gov.mt\\\/mt\\\/navigazzjoni\\\/\"]}]},{\"@type\":\"BreadcrumbList\",\"@id\":\"https:\\\/\\\/sapport.gov.mt\\\/mt\\\/navigazzjoni\\\/#breadcrumb\",\"itemListElement\":[{\"@type\":\"ListItem\",\"position\":1,\"name\":\"Pa\u0121na\",\"item\":\"https:\\\/\\\/sapport.gov.mt\\\/mt\\\/\"},{\"@type\":\"ListItem\",\"position\":2,\"name\":\"Navigazzjoni\"}]},{\"@type\":\"WebSite\",\"@id\":\"https:\\\/\\\/sapport.gov.mt\\\/mt\\\/#website\",\"url\":\"https:\\\/\\\/sapport.gov.mt\\\/mt\\\/\",\"name\":\"Agenzija Sapport\",\"description\":\"Providing Professional And Innovative Services To Enhance The Quality Of Life Of Persons With Disabilities\",\"publisher\":{\"@id\":\"https:\\\/\\\/sapport.gov.mt\\\/mt\\\/#organization\"},\"potentialAction\":[{\"@type\":\"SearchAction\",\"target\":{\"@type\":\"EntryPoint\",\"urlTemplate\":\"https:\\\/\\\/sapport.gov.mt\\\/mt\\\/?s={search_term_string}\"},\"query-input\":{\"@type\":\"PropertyValueSpecification\",\"valueRequired\":true,\"valueName\":\"search_term_string\"}}],\"inLanguage\":\"mt-MT\"},{\"@type\":\"Organization\",\"@id\":\"https:\\\/\\\/sapport.gov.mt\\\/mt\\\/#organization\",\"name\":\"A\u0121enzija Sapport\",\"alternateName\":\"Sapport Agency\",\"url\":\"https:\\\/\\\/sapport.gov.mt\\\/mt\\\/\",\"logo\":{\"@type\":\"ImageObject\",\"inLanguage\":\"mt-MT\",\"@id\":\"https:\\\/\\\/sapport.gov.mt\\\/mt\\\/#\\\/schema\\\/logo\\\/image\\\/\",\"url\":\"https:\\\/\\\/sapport.ppdevplayground.com\\\/wp-content\\\/uploads\\\/2022\\\/11\\\/site-logo.png\",\"contentUrl\":\"https:\\\/\\\/sapport.ppdevplayground.com\\\/wp-content\\\/uploads\\\/2022\\\/11\\\/site-logo.png\",\"width\":320,\"height\":178,\"caption\":\"A\u0121enzija Sapport\"},\"image\":{\"@id\":\"https:\\\/\\\/sapport.gov.mt\\\/mt\\\/#\\\/schema\\\/logo\\\/image\\\/\"}}]}<\/script>\n<!-- \/ Yoast SEO plugin. -->","yoast_head_json":{"title":"Navigazzjoni - Agenzija Sapport","description":"Filmati intenzjonati b\u0127ala gwida biex jg\u0127inu fit-tfittxija ta' informazzjoni fuq is-sit ta' A\u0121enzija Sapport.","robots":{"index":"index","follow":"follow","max-snippet":"max-snippet:-1","max-image-preview":"max-image-preview:large","max-video-preview":"max-video-preview:-1"},"canonical":"https:\/\/sapport.gov.mt\/mt\/navigazzjoni\/","og_locale":"mt_MT","og_type":"article","og_title":"Navigazzjoni - Agenzija Sapport","og_description":"Filmati intenzjonati b\u0127ala gwida biex jg\u0127inu fit-tfittxija ta' informazzjoni fuq is-sit ta' A\u0121enzija Sapport.","og_url":"https:\/\/sapport.gov.mt\/mt\/navigazzjoni\/","og_site_name":"Agenzija Sapport","article_modified_time":"2024-08-30T10:46:34+00:00","twitter_card":"summary_large_image","twitter_misc":{"Est. reading time":"1 minute"},"schema":{"@context":"https:\/\/schema.org","@graph":[{"@type":"WebPage","@id":"https:\/\/sapport.gov.mt\/mt\/navigazzjoni\/","url":"https:\/\/sapport.gov.mt\/mt\/navigazzjoni\/","name":"Navigazzjoni - Agenzija Sapport","isPartOf":{"@id":"https:\/\/sapport.gov.mt\/mt\/#website"},"datePublished":"2024-08-29T15:30:46+00:00","dateModified":"2024-08-30T10:46:34+00:00","description":"Filmati intenzjonati b\u0127ala gwida biex jg\u0127inu fit-tfittxija ta' informazzjoni fuq is-sit ta' A\u0121enzija Sapport.","breadcrumb":{"@id":"https:\/\/sapport.gov.mt\/mt\/navigazzjoni\/#breadcrumb"},"inLanguage":"mt-MT","potentialAction":[{"@type":"ReadAction","target":["https:\/\/sapport.gov.mt\/mt\/navigazzjoni\/"]}]},{"@type":"BreadcrumbList","@id":"https:\/\/sapport.gov.mt\/mt\/navigazzjoni\/#breadcrumb","itemListElement":[{"@type":"ListItem","position":1,"name":"Pa\u0121na","item":"https:\/\/sapport.gov.mt\/mt\/"},{"@type":"ListItem","position":2,"name":"Navigazzjoni"}]},{"@type":"WebSite","@id":"https:\/\/sapport.gov.mt\/mt\/#website","url":"https:\/\/sapport.gov.mt\/mt\/","name":"Agenzija Sapport","description":"Providing Professional And Innovative Services To Enhance The Quality Of Life Of Persons With Disabilities","publisher":{"@id":"https:\/\/sapport.gov.mt\/mt\/#organization"},"potentialAction":[{"@type":"SearchAction","target":{"@type":"EntryPoint","urlTemplate":"https:\/\/sapport.gov.mt\/mt\/?s={search_term_string}"},"query-input":{"@type":"PropertyValueSpecification","valueRequired":true,"valueName":"search_term_string"}}],"inLanguage":"mt-MT"},{"@type":"Organization","@id":"https:\/\/sapport.gov.mt\/mt\/#organization","name":"A\u0121enzija Sapport","alternateName":"Sapport Agency","url":"https:\/\/sapport.gov.mt\/mt\/","logo":{"@type":"ImageObject","inLanguage":"mt-MT","@id":"https:\/\/sapport.gov.mt\/mt\/#\/schema\/logo\/image\/","url":"https:\/\/sapport.ppdevplayground.com\/wp-content\/uploads\/2022\/11\/site-logo.png","contentUrl":"https:\/\/sapport.ppdevplayground.com\/wp-content\/uploads\/2022\/11\/site-logo.png","width":320,"height":178,"caption":"A\u0121enzija Sapport"},"image":{"@id":"https:\/\/sapport.gov.mt\/mt\/#\/schema\/logo\/image\/"}}]}},"_links":{"self":[{"href":"https:\/\/sapport.gov.mt\/mt\/wp-json\/wp\/v2\/pages\/9146","targetHints":{"allow":["GET"]}}],"collection":[{"href":"https:\/\/sapport.gov.mt\/mt\/wp-json\/wp\/v2\/pages"}],"about":[{"href":"https:\/\/sapport.gov.mt\/mt\/wp-json\/wp\/v2\/types\/page"}],"author":[{"embeddable":true,"href":"https:\/\/sapport.gov.mt\/mt\/wp-json\/wp\/v2\/users\/3"}],"replies":[{"embeddable":true,"href":"https:\/\/sapport.gov.mt\/mt\/wp-json\/wp\/v2\/comments?post=9146"}],"version-history":[{"count":0,"href":"https:\/\/sapport.gov.mt\/mt\/wp-json\/wp\/v2\/pages\/9146\/revisions"}],"wp:attachment":[{"href":"https:\/\/sapport.gov.mt\/mt\/wp-json\/wp\/v2\/media?parent=9146"}],"wp:term":[{"taxonomy":"category","embeddable":true,"href":"https:\/\/sapport.gov.mt\/mt\/wp-json\/wp\/v2\/categories?post=9146"}],"curies":[{"name":"wp","href":"https:\/\/api.w.org\/{rel}","templated":true}]}}